{"id":10130,"date":"2024-09-10T04:55:39","date_gmt":"2024-09-10T11:55:39","guid":{"rendered":"https:\/\/mothertobaby.org\/?page_id=10130"},"modified":"2024-09-10T10:03:59","modified_gmt":"2024-09-10T17:03:59","slug":"estudios-oportunidades-investigacion-adicionales","status":"publish","type":"page","link":"https:\/\/mothertobaby.org\/es\/estudios-oportunidades-investigacion-adicionales\/","title":{"rendered":"MotherToBaby fomenta la participaci\u00f3n en estudios de embarazos y la lactancia materna\u00a0\u00a0"},"content":{"rendered":"\n<h2 class=\"wp-block-heading\" id=\"h-proporcionando-mejor-informacion-sobre-la-seguridad-de-los-medicamentos-durante-el-embarazo-y-la-lactancia-nbsp\"><strong>Proporcionando mejor informaci\u00f3n sobre la seguridad de los medicamentos durante el embarazo y la lactancia&nbsp;<\/strong><\/h2>\n\n\n\n<p>Los estudios de embarazos, tambi\u00e9n conocidos como registros de exposiciones del embarazo, recopilan informaci\u00f3n valiosa sobre c\u00f3mo los medicamentos, las vacunas y las condiciones de salud pueden afectar un embarazo. Estos son estudios observacionales, lo que significa que no se les pide a los participantes que tomen medicamentos o hagan cambios en sus tratamientos m\u00e9dicos o elecciones de atenci\u00f3n m\u00e9dica. Algunos participantes pueden estar tomando medicamentos o recibir vacunas, mientras que otros no. De igual manera, algunos participantes pueden tener problemas de salud, mientras que otros no. Los estudios siguen a los participantes durante su embarazo\u2014y a veces, a los beb\u00e9s despu\u00e9s de nacer, recopilando informaci\u00f3n a lo largo del estudio. La informaci\u00f3n ayuda a los investigadores a saber si los medicamentos, las vacunas o las condiciones de salud podr\u00edan afectar los resultados del embarazo, como aumentar o disminuir las probabilidades de defectos de nacimiento, parto prematuro u otras complicaciones.&nbsp;<\/p>\n\n\n\n<p>Los estudios sobre la lactancia materna ayudan a proporcionar m\u00e1s informaci\u00f3n sobre c\u00f3mo los medicamentos, las vacunas u otras exposiciones podr\u00edan afectar la leche materna o el crecimiento y desarrollo de los ni\u00f1os amamantados. Estos estudios inscriben a personas que est\u00e1n amamantando o extray\u00e9ndose leche mientras toman ciertos medicamentos o vacunas, as\u00ed como a aquellas que no est\u00e1n tomando medicamentos o vacunas. No se les pide a los participantes que hagan cambios en sus tratamientos m\u00e9dicos o elecciones de atenci\u00f3n m\u00e9dica. Los participantes proporcionan muestras de leche e informaci\u00f3n sobre la salud de su hijo a los investigadores a medida que el ni\u00f1o crece. Los investigadores pueden usar esta informaci\u00f3n para saber si los medicamentos o las vacunas pueden ingresar a la leche, cambiar la leche o tener un efecto en el crecimiento y desarrollo de un ni\u00f1o.&nbsp;<\/p>\n\n\n\n<p>Con el fin de ayudar a proporcionar informaci\u00f3n a m\u00e1s personas y familias sobre los medicamentos y las vacunas durante el embarazo y la lactancia, MotherToBaby fomenta la participaci\u00f3n en los siguientes estudios de embarazos y la lactancia&nbsp;materna. Cont\u00e1cte a MotherToBaby en el enlace a continuaci\u00f3n para obtener m\u00e1s informaci\u00f3n sobre las oportunidades de participaci\u00f3n:&nbsp;<\/p>\n\n\n\n<div class=\"wp-block-buttons is-layout-flex wp-block-buttons-is-layout-flex\">\n<div class=\"wp-block-button\"><a class=\"wp-block-button__link wp-element-button\" href=\"https:\/\/mothertobaby.org\/es\/unirse-a-un-estudio\/\"><strong>OBTENER INFORMACI\u00d3N SOBRE LOS ESTUDIOS&nbsp;<\/strong><\/a><\/div>\n<\/div>\n\n\n\n<div style=\"height:52px\" aria-hidden=\"true\" class=\"wp-block-spacer\"><\/div>\n\n\n\n<div class=\"wp-block-genesis-blocks-gb-columns gb-layout-columns-3 gb-3-col-equal\"><div class=\"gb-layout-column-wrap gb-block-layout-column-gap-2 gb-is-responsive-column\">\n<div class=\"wp-block-genesis-blocks-gb-column gb-block-layout-column\"><div class=\"gb-block-layout-column-inner\">\n<div style=\"height:42px\" aria-hidden=\"true\" class=\"wp-block-spacer\"><\/div>\n\n\n\n<figure class=\"wp-block-image size-full\"><img loading=\"lazy\" decoding=\"async\" width=\"400\" height=\"126\" src=\"https:\/\/mothertobaby.org\/wp-content\/uploads\/2024\/05\/MGH-1.jpg\" alt=\"\" class=\"wp-image-10414\" srcset=\"https:\/\/mothertobaby.org\/wp-content\/uploads\/2024\/05\/MGH-1.jpg 400w, https:\/\/mothertobaby.org\/wp-content\/uploads\/2024\/05\/MGH-1-300x95.jpg 300w\" sizes=\"auto, (max-width: 400px) 100vw, 400px\" \/><\/figure>\n<\/div><\/div>\n\n\n\n<div class=\"wp-block-genesis-blocks-gb-column gb-block-layout-column\"><div class=\"gb-block-layout-column-inner\"><div class=\"wp-block-image\">\n<figure class=\"aligncenter size-full is-resized\"><img loading=\"lazy\" decoding=\"async\" width=\"556\" height=\"743\" src=\"https:\/\/mothertobaby.org\/wp-content\/uploads\/2024\/05\/NAAEDPRLogo.jpeg\" alt=\"\" class=\"wp-image-10435\" style=\"width:185px;height:auto\" srcset=\"https:\/\/mothertobaby.org\/wp-content\/uploads\/2024\/05\/NAAEDPRLogo.jpeg 556w, https:\/\/mothertobaby.org\/wp-content\/uploads\/2024\/05\/NAAEDPRLogo-224x300.jpeg 224w\" sizes=\"auto, (max-width: 556px) 100vw, 556px\" \/><\/figure>\n<\/div><\/div><\/div>\n\n\n\n<div class=\"wp-block-genesis-blocks-gb-column gb-block-layout-column\"><div class=\"gb-block-layout-column-inner\">\n<div style=\"height:48px\" aria-hidden=\"true\" class=\"wp-block-spacer\"><\/div>\n\n\n\n<figure class=\"wp-block-image size-large\"><img loading=\"lazy\" decoding=\"async\" width=\"1024\" height=\"234\" src=\"https:\/\/mothertobaby.org\/wp-content\/uploads\/2024\/05\/MommysMilkLogo-1024x234.png\" alt=\"\" class=\"wp-image-10428\" srcset=\"https:\/\/mothertobaby.org\/wp-content\/uploads\/2024\/05\/MommysMilkLogo-1024x234.png 1024w, https:\/\/mothertobaby.org\/wp-content\/uploads\/2024\/05\/MommysMilkLogo-300x69.png 300w, https:\/\/mothertobaby.org\/wp-content\/uploads\/2024\/05\/MommysMilkLogo-768x176.png 768w, https:\/\/mothertobaby.org\/wp-content\/uploads\/2024\/05\/MommysMilkLogo-720x165.png 720w, https:\/\/mothertobaby.org\/wp-content\/uploads\/2024\/05\/MommysMilkLogo.png 1080w\" sizes=\"auto, (max-width: 1024px) 100vw, 1024px\" \/><\/figure>\n<\/div><\/div>\n<\/div><\/div>\n\n\n\n<p><a id=\"_msocom_1\"><\/a><\/p>\n\n\n\n<div style=\"height:100px\" aria-hidden=\"true\" class=\"wp-block-spacer\"><\/div>\n\n\n\n<div class=\"wp-block-cover alignfull gb-block-cta mtb-bottom-cta mtb-single-cta\" style=\"padding-top:2%;min-height:13em;aspect-ratio:unset;\"><span aria-hidden=\"true\" class=\"wp-block-cover__background has-background-dim-100 has-background-dim\" style=\"background-color:#42256a\"><\/span><div class=\"wp-block-cover__inner-container is-layout-flow wp-block-cover-is-layout-flow\">\n<h2 class=\"wp-block-heading has-text-align-center has-text-color\" id=\"h-unirse-a-un-estudio\" style=\"color:#ffffff;font-size:30px;line-height:1\"><strong>Unirse a un Estudio<\/strong><\/h2>\n\n\n\n<p class=\"has-text-align-center has-text-color\" style=\"color:#ffffff;font-size:20px;line-height:1\">Las personas que est\u00e1n embarazadas y \/ o amamantando merecen mejor informaci\u00f3n sobre la seguridad de los medicamentos, y usted puede ayudar participando en un estudio.<\/p>\n\n\n\n<div class=\"wp-block-buttons is-content-justification-center is-layout-flex wp-container-core-buttons-is-layout-16018d1d wp-block-buttons-is-layout-flex\">\n<div class=\"wp-block-button has-custom-font-size gb-block-button\" style=\"font-size:20px;line-height:1.2\"><a class=\"wp-block-button__link has-text-color has-background wp-element-button\" href=\"https:\/\/mothertobaby.org\/es\/unirse-a-un-estudio\/\" style=\"border-radius:5px;color:#ffffff;background-color:#26a68b;padding-top:10px;padding-right:1em;padding-bottom:10px;padding-left:1em\">Marca la Diferencia<\/a><\/div>\n<\/div>\n<\/div><\/div>\n","protected":false},"excerpt":{"rendered":"<p>Proporcionando mejor informaci\u00f3n sobre la seguridad de los medicamentos durante el embarazo y la lactancia&nbsp; Los estudios de embarazos, tambi\u00e9n conocidos como registros de exposiciones del embarazo, recopilan informaci\u00f3n valiosa sobre c\u00f3mo los medicamentos, las vacunas y las condiciones de salud pueden afectar un embarazo. Estos son estudios observacionales, lo que significa que no se [&hellip;]<\/p>\n","protected":false},"author":208,"featured_media":10375,"parent":0,"menu_order":0,"comment_status":"closed","ping_status":"closed","template":"page-templates\/inner-page.php","meta":{"_searchwp_excluded":"","_genesis_hide_title":false,"_genesis_hide_breadcrumbs":false,"_genesis_hide_singular_image":false,"_genesis_hide_footer_widgets":false,"_genesis_custom_body_class":"","_genesis_custom_post_class":"","_genesis_layout":"full-width-content","footnotes":""},"medical-specialty":[],"related-content":[],"class_list":{"0":"post-10130","1":"page","2":"type-page","3":"status-publish","4":"has-post-thumbnail","6":"entry"},"yoast_head":"<!-- This site is optimized with the Yoast SEO Premium plugin v20.13 (Yoast SEO v20.13) - https:\/\/yoast.com\/wordpress\/plugins\/seo\/ -->\n<title>Other Pregnancy Registries and Breastfeeding Studies<\/title>\n<meta name=\"description\" content=\"MotherToBaby supports other observational pregnancy studies that provide much-needed information on medication and vaccine safety.\" \/>\n<meta name=\"robots\" content=\"index, follow, max-snippet:-1, max-image-preview:large, max-video-preview:-1\" \/>\n<link rel=\"canonical\" href=\"https:\/\/mothertobaby.org\/es\/estudios-oportunidades-investigacion-adicionales\/\" \/>\n<meta property=\"og:locale\" content=\"es_ES\" \/>\n<meta property=\"og:type\" content=\"article\" \/>\n<meta property=\"og:title\" content=\"MotherToBaby fomenta la participaci\u00f3n en estudios de embarazos y la lactancia materna\u00a0\u00a0\" \/>\n<meta property=\"og:description\" content=\"MotherToBaby supports other observational pregnancy studies that provide much-needed information on medication and vaccine safety.\" \/>\n<meta property=\"og:url\" content=\"https:\/\/mothertobaby.org\/es\/estudios-oportunidades-investigacion-adicionales\/\" \/>\n<meta property=\"og:site_name\" content=\"MotherToBaby\" \/>\n<meta property=\"article:modified_time\" content=\"2024-09-10T17:03:59+00:00\" \/>\n<meta property=\"og:image\" content=\"https:\/\/mothertobaby.org\/wp-content\/uploads\/2024\/05\/PregnancyStudiesSupport0624.jpeg\" \/>\n\t<meta property=\"og:image:width\" content=\"1903\" \/>\n\t<meta property=\"og:image:height\" content=\"603\" \/>\n\t<meta property=\"og:image:type\" content=\"image\/jpeg\" \/>\n<meta name=\"twitter:card\" content=\"summary_large_image\" \/>\n<meta name=\"twitter:label1\" content=\"Tiempo de lectura\" \/>\n\t<meta name=\"twitter:data1\" content=\"3 minutos\" \/>\n<script type=\"application\/ld+json\" class=\"yoast-schema-graph\">{\"@context\":\"https:\/\/schema.org\",\"@graph\":[{\"@type\":\"WebPage\",\"@id\":\"https:\/\/mothertobaby.org\/es\/estudios-oportunidades-investigacion-adicionales\/\",\"url\":\"https:\/\/mothertobaby.org\/es\/estudios-oportunidades-investigacion-adicionales\/\",\"name\":\"Other Pregnancy Registries and Breastfeeding Studies\",\"isPartOf\":{\"@id\":\"https:\/\/mothertobaby.org\/es\/#website\"},\"datePublished\":\"2024-09-10T11:55:39+00:00\",\"dateModified\":\"2024-09-10T17:03:59+00:00\",\"description\":\"MotherToBaby supports other observational pregnancy studies that provide much-needed information on medication and vaccine safety.\",\"breadcrumb\":{\"@id\":\"https:\/\/mothertobaby.org\/es\/estudios-oportunidades-investigacion-adicionales\/#breadcrumb\"},\"inLanguage\":\"es\",\"potentialAction\":[{\"@type\":\"ReadAction\",\"target\":[\"https:\/\/mothertobaby.org\/es\/estudios-oportunidades-investigacion-adicionales\/\"]}]},{\"@type\":\"BreadcrumbList\",\"@id\":\"https:\/\/mothertobaby.org\/es\/estudios-oportunidades-investigacion-adicionales\/#breadcrumb\",\"itemListElement\":[{\"@type\":\"ListItem\",\"position\":1,\"name\":\"Home\",\"item\":\"https:\/\/mothertobaby.org\/es\/\"},{\"@type\":\"ListItem\",\"position\":2,\"name\":\"MotherToBaby fomenta la participaci\u00f3n en estudios de embarazos y la lactancia materna\u00a0\u00a0\"}]},{\"@type\":\"WebSite\",\"@id\":\"https:\/\/mothertobaby.org\/es\/#website\",\"url\":\"https:\/\/mothertobaby.org\/es\/\",\"name\":\"MotherToBaby\",\"description\":\"Medications and More during pregnancy and breastfeeding\",\"publisher\":{\"@id\":\"https:\/\/mothertobaby.org\/es\/#organization\"},\"potentialAction\":[{\"@type\":\"SearchAction\",\"target\":{\"@type\":\"EntryPoint\",\"urlTemplate\":\"https:\/\/mothertobaby.org\/es\/?s={search_term_string}\"},\"query-input\":\"required name=search_term_string\"}],\"inLanguage\":\"es\"},{\"@type\":\"Organization\",\"@id\":\"https:\/\/mothertobaby.org\/es\/#organization\",\"name\":\"MotherToBaby\",\"url\":\"https:\/\/mothertobaby.org\/es\/\",\"logo\":{\"@type\":\"ImageObject\",\"inLanguage\":\"es\",\"@id\":\"https:\/\/mothertobaby.org\/es\/#\/schema\/logo\/image\/\",\"url\":\"https:\/\/mothertobaby.org\/wp-content\/uploads\/2023\/06\/MTB-horz-copyright-sm-1.png\",\"contentUrl\":\"https:\/\/mothertobaby.org\/wp-content\/uploads\/2023\/06\/MTB-horz-copyright-sm-1.png\",\"width\":284,\"height\":52,\"caption\":\"MotherToBaby\"},\"image\":{\"@id\":\"https:\/\/mothertobaby.org\/es\/#\/schema\/logo\/image\/\"}}]}<\/script>\n<!-- \/ Yoast SEO Premium plugin. -->","yoast_head_json":{"title":"Other Pregnancy Registries and Breastfeeding Studies","description":"MotherToBaby supports other observational pregnancy studies that provide much-needed information on medication and vaccine safety.","robots":{"index":"index","follow":"follow","max-snippet":"max-snippet:-1","max-image-preview":"max-image-preview:large","max-video-preview":"max-video-preview:-1"},"canonical":"https:\/\/mothertobaby.org\/es\/estudios-oportunidades-investigacion-adicionales\/","og_locale":"es_ES","og_type":"article","og_title":"MotherToBaby fomenta la participaci\u00f3n en estudios de embarazos y la lactancia materna\u00a0\u00a0","og_description":"MotherToBaby supports other observational pregnancy studies that provide much-needed information on medication and vaccine safety.","og_url":"https:\/\/mothertobaby.org\/es\/estudios-oportunidades-investigacion-adicionales\/","og_site_name":"MotherToBaby","article_modified_time":"2024-09-10T17:03:59+00:00","og_image":[{"width":1903,"height":603,"url":"https:\/\/mothertobaby.org\/wp-content\/uploads\/2024\/05\/PregnancyStudiesSupport0624.jpeg","type":"image\/jpeg"}],"twitter_card":"summary_large_image","twitter_misc":{"Tiempo de lectura":"3 minutos"},"schema":{"@context":"https:\/\/schema.org","@graph":[{"@type":"WebPage","@id":"https:\/\/mothertobaby.org\/es\/estudios-oportunidades-investigacion-adicionales\/","url":"https:\/\/mothertobaby.org\/es\/estudios-oportunidades-investigacion-adicionales\/","name":"Other Pregnancy Registries and Breastfeeding Studies","isPartOf":{"@id":"https:\/\/mothertobaby.org\/es\/#website"},"datePublished":"2024-09-10T11:55:39+00:00","dateModified":"2024-09-10T17:03:59+00:00","description":"MotherToBaby supports other observational pregnancy studies that provide much-needed information on medication and vaccine safety.","breadcrumb":{"@id":"https:\/\/mothertobaby.org\/es\/estudios-oportunidades-investigacion-adicionales\/#breadcrumb"},"inLanguage":"es","potentialAction":[{"@type":"ReadAction","target":["https:\/\/mothertobaby.org\/es\/estudios-oportunidades-investigacion-adicionales\/"]}]},{"@type":"BreadcrumbList","@id":"https:\/\/mothertobaby.org\/es\/estudios-oportunidades-investigacion-adicionales\/#breadcrumb","itemListElement":[{"@type":"ListItem","position":1,"name":"Home","item":"https:\/\/mothertobaby.org\/es\/"},{"@type":"ListItem","position":2,"name":"MotherToBaby fomenta la participaci\u00f3n en estudios de embarazos y la lactancia materna\u00a0\u00a0"}]},{"@type":"WebSite","@id":"https:\/\/mothertobaby.org\/es\/#website","url":"https:\/\/mothertobaby.org\/es\/","name":"MotherToBaby","description":"Medications and More during pregnancy and breastfeeding","publisher":{"@id":"https:\/\/mothertobaby.org\/es\/#organization"},"potentialAction":[{"@type":"SearchAction","target":{"@type":"EntryPoint","urlTemplate":"https:\/\/mothertobaby.org\/es\/?s={search_term_string}"},"query-input":"required name=search_term_string"}],"inLanguage":"es"},{"@type":"Organization","@id":"https:\/\/mothertobaby.org\/es\/#organization","name":"MotherToBaby","url":"https:\/\/mothertobaby.org\/es\/","logo":{"@type":"ImageObject","inLanguage":"es","@id":"https:\/\/mothertobaby.org\/es\/#\/schema\/logo\/image\/","url":"https:\/\/mothertobaby.org\/wp-content\/uploads\/2023\/06\/MTB-horz-copyright-sm-1.png","contentUrl":"https:\/\/mothertobaby.org\/wp-content\/uploads\/2023\/06\/MTB-horz-copyright-sm-1.png","width":284,"height":52,"caption":"MotherToBaby"},"image":{"@id":"https:\/\/mothertobaby.org\/es\/#\/schema\/logo\/image\/"}}]}},"featured_image_src":"https:\/\/mothertobaby.org\/wp-content\/uploads\/2024\/05\/PregnancyStudiesSupport0624-600x400.jpeg","featured_image_src_square":"https:\/\/mothertobaby.org\/wp-content\/uploads\/2024\/05\/PregnancyStudiesSupport0624-600x600.jpeg","_links":{"self":[{"href":"https:\/\/mothertobaby.org\/es\/wp-json\/wp\/v2\/pages\/10130","targetHints":{"allow":["GET"]}}],"collection":[{"href":"https:\/\/mothertobaby.org\/es\/wp-json\/wp\/v2\/pages"}],"about":[{"href":"https:\/\/mothertobaby.org\/es\/wp-json\/wp\/v2\/types\/page"}],"author":[{"embeddable":true,"href":"https:\/\/mothertobaby.org\/es\/wp-json\/wp\/v2\/users\/208"}],"replies":[{"embeddable":true,"href":"https:\/\/mothertobaby.org\/es\/wp-json\/wp\/v2\/comments?post=10130"}],"version-history":[{"count":0,"href":"https:\/\/mothertobaby.org\/es\/wp-json\/wp\/v2\/pages\/10130\/revisions"}],"wp:featuredmedia":[{"embeddable":true,"href":"https:\/\/mothertobaby.org\/es\/wp-json\/wp\/v2\/media\/10375"}],"wp:attachment":[{"href":"https:\/\/mothertobaby.org\/es\/wp-json\/wp\/v2\/media?parent=10130"}],"wp:term":[{"taxonomy":"medical-specialty","embeddable":true,"href":"https:\/\/mothertobaby.org\/es\/wp-json\/wp\/v2\/medical-specialty?post=10130"},{"taxonomy":"related-content","embeddable":true,"href":"https:\/\/mothertobaby.org\/es\/wp-json\/wp\/v2\/related-content?post=10130"}],"curies":[{"name":"wp","href":"https:\/\/api.w.org\/{rel}","templated":true}]}}