{"id":10341,"date":"2024-10-08T11:01:40","date_gmt":"2024-10-08T18:01:40","guid":{"rendered":"https:\/\/mothertobaby.org\/?page_id=10341"},"modified":"2024-11-11T17:01:39","modified_gmt":"2024-11-12T01:01:39","slug":"nauseas-matutinas","status":"publish","type":"page","link":"https:\/\/mothertobaby.org\/es\/exposiciones-durante-el-embarazo-y-la-lactancia\/nauseas-matutinas\/","title":{"rendered":"N\u00e1useas Matutinas &#8211; N\u00e1useas y V\u00f3mitos en el Embarazo"},"content":{"rendered":"\n<h2 class=\"wp-block-heading has-neutral-1-color has-text-color\" id=\"h-la-faceta-de-las-nauseas-de-la-espera-de-un-bebe\"><strong>La faceta de las n\u00e1useas de la espera de un beb\u00e9<\/strong><\/h2>\n\n\n\n<p class=\"has-primary-purple-color has-text-color\"><em><em><em><em>Descargo de responsabilidad: Esta p\u00e1gina contiene informaci\u00f3n y recursos importantes relacionados con las n\u00e1useas y los v\u00f3mitos durante el embarazo y la lactancia, e incluye enlaces a nuestras hojas informativas basadas en evidencia. Sin embargo, los recursos que aqu\u00ed se ofrecen no deben sustituir la atenci\u00f3n y el asesoramiento de un profesional m\u00e9dico.<\/em><\/em><\/em><\/em><p class=\"MsoNormal\" style=\"margin: 0in; font-size: 12pt; font-family: Calibri, sans-serif; color: rgb(0, 0, 0); white-space-collapse: collapse;\"><i><span lang=\"ES-US\" style=\"font-size: 10.5pt; font-family: Arial, sans-serif; color: rgb(32, 32, 32); background-image: initial; background-position: initial; background-size: initial; background-repeat: initial; background-attachment: initial; background-origin: initial; background-clip: initial;\"><\/span><\/i><\/p><\/p>\n\n\n\n<p>El embarazo conlleva muchos cambios en el cuerpo que pueden causar algunos s\u00edntomas agradables y otros desagradables. Quiz\u00e1s uno de los s\u00edntomas m\u00e1s temidos es el que puede provocarle n\u00e1useas durante semanas, si no meses. Las n\u00e1useas y los v\u00f3mitos del embarazo (NVP, por sus siglas en ingl\u00e9s) son extremadamente comunes; de hecho, hasta 4 de cada 5 embarazadas los experimentar\u00e1n. Aunque se conocen como \u201cn\u00e1useas matutinas\u201d, las NVP en realidad pueden ocurrir en cualquier momento del d\u00eda. Las NVP pueden trastornar la vida de las mujeres, interfiriendo en sus actividades habituales y su trabajo. Adem\u00e1s, debido a que son tan comunes, muchas personas, incluidos los m\u00e9dicos, pueden descartar las quejas de las mujeres embarazadas. Los expertos sugieren que tal vez el tratamiento temprano evitar\u00e1 que las NVP empeoren y se conviertan en una enfermedad llamada hiper\u00e9mesis grav\u00eddica (HG), que afecta aproximadamente a un 2&nbsp;% de las mujeres embarazadas. En el caso de HG, las n\u00e1useas y los v\u00f3mitos excesivos pueden provocar deshidrataci\u00f3n y desequilibrios electrol\u00edticos y nutricionales que pueden requerir hospitalizaci\u00f3n. La HG es mucho m\u00e1s dif\u00edcil de tratar, por lo que intentar controlarla temprano es la opci\u00f3n m\u00e1s saludable.<\/p>\n\n\n\n<blockquote class=\"wp-block-quote is-layout-flow wp-block-quote-is-layout-flow\">\n<p><em>Las n\u00e1useas y los v\u00f3mitos del embarazo no suelen da\u00f1ar al feto, pero pueden afectar la vida de usted, como su capacidad para trabajar o realizar sus actividades cotidianas habituales. Hay opciones de tratamiento seguras que pueden hacer que se sienta mejor y evitar que los s\u00edntomas empeoren.\u201d<\/em><\/p>\n<cite>&#8212; <a href=\"https:\/\/www.acog.org\/womens-health\/faqs\/morning-sickness-nausea-and-vomiting-of-pregnancy\" target=\"_blank\" rel=\"noreferrer noopener\">Colegio Estadounidense de Obstetras y Ginec\u00f3logos<\/a><\/cite><\/blockquote>\n\n\n\n<p>Entonces, \u00bfqu\u00e9 debe hacer una futura madre que tiene n\u00e1useas? Afortunadamente, hay cambios en la alimentaci\u00f3n y el estilo de vida (consulte nuestra infograf\u00eda), as\u00ed como medicamentos que pueden ayudar a disminuir los s\u00edntomas de las NVP. Solo tenga en cuenta que ninguna terapia por s\u00ed sola ayudar\u00e1 al 100&nbsp;% de las mujeres embarazadas con NVP, y algunas personas pueden necesitar una combinaci\u00f3n de cambios en el estilo de vida y medicamentos para experimentar el alivio de los s\u00edntomas. Lo importante es hablar con su proveedor de atenci\u00f3n m\u00e9dica sobre sus s\u00edntomas y qu\u00e9 efectos tienen en usted.<\/p>\n\n\n\n<div style=\"height:20px\" aria-hidden=\"true\" class=\"wp-block-spacer\"><\/div>\n\n\n\n<div style=\"height:23px\" aria-hidden=\"true\" class=\"wp-block-spacer\"><\/div>\n\n\n\n<figure class=\"wp-block-image size-full\"><img loading=\"lazy\" decoding=\"async\" width=\"1280\" height=\"576\" src=\"https:\/\/mothertobaby.org\/wp-content\/uploads\/2024\/10\/Morning-Sickness-SPA.png\" alt=\"\" class=\"wp-image-11849\" srcset=\"https:\/\/mothertobaby.org\/wp-content\/uploads\/2024\/10\/Morning-Sickness-SPA.png 1280w, https:\/\/mothertobaby.org\/wp-content\/uploads\/2024\/10\/Morning-Sickness-SPA-300x135.png 300w, https:\/\/mothertobaby.org\/wp-content\/uploads\/2024\/10\/Morning-Sickness-SPA-1024x461.png 1024w, https:\/\/mothertobaby.org\/wp-content\/uploads\/2024\/10\/Morning-Sickness-SPA-768x346.png 768w, https:\/\/mothertobaby.org\/wp-content\/uploads\/2024\/10\/Morning-Sickness-SPA-720x324.png 720w\" sizes=\"auto, (max-width: 1280px) 100vw, 1280px\" \/><\/figure>\n\n\n\n<p class=\"has-text-align-right\"><\/p>\n\n\n\n<div style=\"height:20px\" aria-hidden=\"true\" class=\"wp-block-spacer\"><\/div>\n\n\n\n<div style=\"height:23px\" aria-hidden=\"true\" class=\"wp-block-spacer\"><\/div>\n\n\n\n<div class=\"wp-block-genesis-blocks-gb-container gb-block-container\"><div class=\"gb-container-inside\"><div class=\"gb-container-content\">\n<p><em>Consulte nuestra biblioteca de recursos, que se encuentra a continuaci\u00f3n, sobre <\/em>las n\u00e1useas y los v\u00f3mitos<em> durante el embarazo.<\/em><\/p>\n<\/div><\/div><\/div>\n\n\n<div class=\"mtb-rel-cont-list mtb-rel-cont-block\" style=\"background-color: #F0ebf8;\"><h3>Hojas Informativas Relacionadas<\/h3><ul><li><a href='https:\/\/mothertobaby.org\/es\/hojas-informativas\/la-difenhidramina\/'>Difenhidramina<\/a><\/li><li><a href='https:\/\/mothertobaby.org\/es\/hojas-informativas\/jengibre\/'>Jengibre<\/a><\/li><li><a href='https:\/\/mothertobaby.org\/es\/hojas-informativas\/marihuana\/'>Marihuana (Cannabis)<\/a><\/li><li><a href='https:\/\/mothertobaby.org\/es\/hojas-informativas\/meclizina\/'>Meclizina<\/a><\/li><li><a href='https:\/\/mothertobaby.org\/es\/hojas-informativas\/metoclopramida\/'>Metoclopramida<\/a><\/li><li><a href='https:\/\/mothertobaby.org\/es\/hojas-informativas\/nauseas-del-embarazo\/'>N\u00e1useas y v\u00f3mitos en el embarazo<\/a><\/li><li><a href='https:\/\/mothertobaby.org\/es\/hojas-informativas\/ondansetron-zofran-el-embarazo\/'>Ondansetr\u00f3n (Zofran\u00ae)<\/a><\/li><li><a href='https:\/\/mothertobaby.org\/es\/hojas-informativas\/prometazina\/'>Prometazina (Phenergan\u00ae)<\/a><\/li><li><a href='https:\/\/mothertobaby.org\/es\/hojas-informativas\/succinato-de-doxilamina-hirdocloruro-de-piridoxina-diclegisdiclectin\/'>Succinato de doxylamina-clorhidrato de piridoxina (Diclegis\u00ae)<\/a><\/li><\/ul><\/div>\n\n\n<div class=\"mtb-rel-cont-list mtb-rel-cont-block\" style=\"background-color: #f9f9ff;\"><h3>Baby Blogs Relacionadas<\/h3><ul><li><a href='https:\/\/mothertobaby.org\/es\/baby-blog\/manejo-de-los-problemas-estomacales-durante-el-embarazo\/'>Manejo de los problemas estomacales durante el embarazo<\/a><\/li><li><a href='https:\/\/mothertobaby.org\/es\/baby-blog\/una-nota-en-el-dia-de-la-madre-emocionada-de-ser-mama-pero-me-disculpen-si-vomito\/'>Una nota en el D\u00eda de la Madre: 'Emocionada de ser mam\u00e1, pero me disculpen si vomito'<\/a><\/li><li><a href='https:\/\/mothertobaby.org\/es\/baby-blog\/una-luz-guia-para-las-nuevas-mamas-nurse-family-partnership\/'>Una luz gu\u00eda para las nuevas mam\u00e1s: Nurse Family Partnership<\/a><\/li><li><a href='https:\/\/mothertobaby.org\/es\/baby-blog\/estoy-embarazada\/'>\u00bfEstoy embarazada?<\/a><\/li><li><a href='https:\/\/mothertobaby.org\/es\/baby-blog\/el-dolor-del-embarazo-puede-el-masaje-o-la-acupuntura-ayudar-sin-peligro\/'>El dolor del embarazo: \u00bfPuede el masaje o la acupuntura ayudar sin peligro?<\/a><\/li><\/ul><\/div>\n\n\n\n\n\n\n<h3 class=\"wp-block-heading\" id=\"h-recursos-externos\">Recursos Externos<\/h3>\n\n\n\n<ul class=\"wp-block-list\">\n<li>March of Dimes\/Nacer Sano: <a href=\"https:\/\/nacersano.marchofdimes.org\/embarazo\/las-nauseas-y-los-vomitos.aspx\" target=\"_blank\" rel=\"noreferrer noopener\">Las n\u00e1useas y los v\u00f3mitos<\/a><\/li>\n\n\n\n<li>Healthychildren.org: <a href=\"https:\/\/www.healthychildren.org\/spanish\/ages-stages\/prenatal\/paginas\/marijuana-use-during-pregnancy-breastfeeding.aspx\" target=\"_blank\" rel=\"noreferrer noopener\">Preguntas frecuentes sobre el consumo de marihuana durante el embarazo y la lactancia<\/a><span style=\"color: rgb(0, 0, 0); font-size: medium; white-space-collapse: collapse;\"><\/span><\/li>\n<\/ul>\n\n\n\n<h3 class=\"wp-block-heading\" id=\"h-socios\">Socios<\/h3>\n\n\n\n<ul class=\"wp-block-list\">\n<li><a href=\"https:\/\/www.patienteducationgenius.com\/\" target=\"_blank\" rel=\"noreferrer noopener\">Patient Education Genius<\/a><\/li>\n\n\n\n<li><a href=\"https:\/\/rarediseases.org\/\">National Organization of Rare Disorders<\/a><\/li>\n\n\n\n<li><a href=\"https:\/\/www.smfm.org\/\" target=\"_blank\" rel=\"noreferrer noopener\">Society for Maternal-Fetal Medicine<\/a><\/li>\n\n\n\n<li><a href=\"https:\/\/birthdefectsresearch.org\/\" target=\"_blank\" rel=\"noreferrer noopener\">Society for Birth Defects Research &amp; Prevention<\/a><\/li>\n<\/ul>\n\n\n\n<div style=\"height:100px\" aria-hidden=\"true\" class=\"wp-block-spacer\"><\/div>\n\n\n\n<div style=\"background-color:#f9f9ff;padding-left:8%;padding-right:8%\" class=\"wp-block-genesis-blocks-gb-container alignfull mtb-hp-block mtb-3-col-cta-row gb-block-container\"><div class=\"gb-container-inside\"><div class=\"gb-container-content\" style=\"max-width:1120px\">\n<div class=\"wp-block-genesis-blocks-gb-columns light-text mtb-3-col-cta no-link-underline gb-layout-columns-3 gb-3-col-equal\"><div class=\"gb-layout-column-wrap gb-block-layout-column-gap-3 gb-is-responsive-column\">\n<div class=\"wp-block-genesis-blocks-gb-column mtb-cta-radius gb-block-layout-column\"><div class=\"gb-block-layout-column-inner gb-has-custom-background-color\" style=\"background-color:#522e83\">\n<h3 class=\"wp-block-heading has-text-align-left\" id=\"h-mantengamonos-en-contacto\">Manteng\u00e1monos en Contacto<\/h3>\n\n\n\n<p class=\"has-text-align-left\">Nuestro bolet\u00edn electr\u00f3nico le ofrece la \u00faltima informaci\u00f3n, noticias y recursos de los expertos de MotherToBaby.<\/p>\n\n\n\n<div class=\"wp-block-buttons is-layout-flex wp-block-buttons-is-layout-flex\">\n<div class=\"wp-block-button has-custom-font-size mtb-std-block-btn gb-block-button\" style=\"font-size:20px;line-height:1.2\"><a class=\"wp-block-button__link has-text-color has-background wp-element-button\" href=\"http:\/\/es\/inscribirse-para-boletin-electronico\/\" style=\"border-radius:5px;color:#ffffff;background-color:#3373dc;padding-top:10px;padding-right:1em;padding-bottom:10px;padding-left:1em\">inscribirse<\/a><\/div>\n<\/div>\n<\/div><\/div>\n\n\n\n<div class=\"wp-block-genesis-blocks-gb-column mtb-cta-radius gb-block-layout-column\"><div class=\"gb-block-layout-column-inner gb-has-custom-background-color\" style=\"background-color:#522e83\">\n<h3 class=\"wp-block-heading has-text-align-left\" id=\"h-unirse-a-un-estudio\"><strong>Unirse a un Estudio<\/strong><\/h3>\n\n\n\n<p class=\"has-text-align-left\">Las personas que est\u00e1n embarazadas y \/ o amamantando merecen mejor informaci\u00f3n sobre la seguridad de los medicamentos, y usted puede ayudar participando en un estudio.<\/p>\n\n\n\n<div class=\"wp-block-buttons is-layout-flex wp-block-buttons-is-layout-flex\">\n<div class=\"wp-block-button has-custom-font-size mtb-std-block-btn gb-block-button\" style=\"font-size:20px;line-height:1.2\"><a class=\"wp-block-button__link has-text-color has-background wp-element-button\" href=\"\/es\/unirse-a-un-estudio\/\" style=\"border-radius:5px;color:#ffffff;background-color:#3373dc;padding-top:10px;padding-right:1em;padding-bottom:10px;padding-left:1em\">marca la differencia<\/a><\/div>\n<\/div>\n<\/div><\/div>\n\n\n\n<div class=\"wp-block-genesis-blocks-gb-column mtb-cta-radius gb-block-layout-column\"><div class=\"gb-block-layout-column-inner has-orange-cta-background-color has-neutral-plus-2-color\">\n<h3 class=\"wp-block-heading has-text-align-left\" id=\"h-preguntele-a-nuestros-expertos\">Preg\u00fantele a Nuestros Expertos<\/h3>\n\n\n\n<p class=\"has-text-align-left\">Llame, env\u00ede un mensaje de texto, chatee o env\u00ede un correo electr\u00f3nico para obtener una evaluaci\u00f3n de riesgos personalizada y gratuita sobre las exposiciones durante el embarazo y la lactancia.<\/p>\n\n\n\n<div class=\"wp-block-buttons is-layout-flex wp-block-buttons-is-layout-flex\">\n<div class=\"wp-block-button has-custom-font-size mtb-std-block-btn gb-block-button\" style=\"font-size:20px;line-height:1.2\"><a class=\"wp-block-button__link has-text-color has-background wp-element-button\" href=\"\/es\/contactar\/\" style=\"border-radius:5px;color:#ffffff;background-color:#3373dc;padding-top:10px;padding-right:1em;padding-bottom:10px;padding-left:1em\">Contacte<\/a><\/div>\n<\/div>\n<\/div><\/div>\n<\/div><\/div>\n<\/div><\/div><\/div>\n","protected":false},"excerpt":{"rendered":"<p>La faceta de las n\u00e1useas de la espera de un beb\u00e9 Descargo de responsabilidad: Esta p\u00e1gina contiene informaci\u00f3n y recursos importantes relacionados con las n\u00e1useas y los v\u00f3mitos durante el embarazo y la lactancia, e incluye enlaces a nuestras hojas informativas basadas en evidencia. Sin embargo, los recursos que aqu\u00ed se ofrecen no deben sustituir [&hellip;]<\/p>\n","protected":false},"author":208,"featured_media":10347,"parent":6524,"menu_order":0,"comment_status":"closed","ping_status":"closed","template":"page-templates\/inner-page.php","meta":{"_searchwp_excluded":"","_genesis_hide_title":false,"_genesis_hide_breadcrumbs":false,"_genesis_hide_singular_image":false,"_genesis_hide_footer_widgets":false,"_genesis_custom_body_class":"","_genesis_custom_post_class":"","_genesis_layout":"full-width-content","footnotes":""},"medical-specialty":[],"related-content":[604],"class_list":{"0":"post-10341","1":"page","2":"type-page","3":"status-publish","4":"has-post-thumbnail","6":"related-content-nauseas-del-embarazo","7":"entry"},"yoast_head":"<!-- This site is optimized with the Yoast SEO Premium plugin v20.13 (Yoast SEO v20.13) - https:\/\/yoast.com\/wordpress\/plugins\/seo\/ -->\n<title>N\u00e1useas Matutinas - N\u00e1useas y V\u00f3mitos en el Embarazo - MotherToBaby<\/title>\n<meta name=\"description\" content=\"El embarazo conlleva muchos cambios en el cuerpo que pueden causar algunos s\u00edntomas agradables y otros desagradables. Quiz\u00e1s uno de los s\u00edntomas m\u00e1s temidos es el que puede provocarle n\u00e1useas durante semanas, si no meses.\" \/>\n<meta name=\"robots\" content=\"index, follow, max-snippet:-1, max-image-preview:large, max-video-preview:-1\" \/>\n<link rel=\"canonical\" href=\"https:\/\/mothertobaby.org\/es\/exposiciones-durante-el-embarazo-y-la-lactancia\/nauseas-matutinas\/\" \/>\n<meta property=\"og:locale\" content=\"es_ES\" \/>\n<meta property=\"og:type\" content=\"article\" \/>\n<meta property=\"og:title\" content=\"N\u00e1useas Matutinas - N\u00e1useas y V\u00f3mitos en el Embarazo\" \/>\n<meta property=\"og:description\" content=\"El embarazo conlleva muchos cambios en el cuerpo que pueden causar algunos s\u00edntomas agradables y otros desagradables. Quiz\u00e1s uno de los s\u00edntomas m\u00e1s temidos es el que puede provocarle n\u00e1useas durante semanas, si no meses.\" \/>\n<meta property=\"og:url\" content=\"https:\/\/mothertobaby.org\/es\/exposiciones-durante-el-embarazo-y-la-lactancia\/nauseas-matutinas\/\" \/>\n<meta property=\"og:site_name\" content=\"MotherToBaby\" \/>\n<meta property=\"article:modified_time\" content=\"2024-11-12T01:01:39+00:00\" \/>\n<meta property=\"og:image\" content=\"https:\/\/mothertobaby.org\/wp-content\/uploads\/2024\/05\/NauseaVomitingPregnancy0624.jpeg\" \/>\n\t<meta property=\"og:image:width\" content=\"1600\" \/>\n\t<meta property=\"og:image:height\" content=\"898\" \/>\n\t<meta property=\"og:image:type\" content=\"image\/jpeg\" \/>\n<meta name=\"twitter:card\" content=\"summary_large_image\" \/>\n<meta name=\"twitter:label1\" content=\"Tiempo de lectura\" \/>\n\t<meta name=\"twitter:data1\" content=\"3 minutos\" \/>\n<script type=\"application\/ld+json\" class=\"yoast-schema-graph\">{\"@context\":\"https:\/\/schema.org\",\"@graph\":[{\"@type\":\"WebPage\",\"@id\":\"https:\/\/mothertobaby.org\/es\/exposiciones-durante-el-embarazo-y-la-lactancia\/nauseas-matutinas\/\",\"url\":\"https:\/\/mothertobaby.org\/es\/exposiciones-durante-el-embarazo-y-la-lactancia\/nauseas-matutinas\/\",\"name\":\"N\u00e1useas Matutinas - N\u00e1useas y V\u00f3mitos en el Embarazo - MotherToBaby\",\"isPartOf\":{\"@id\":\"https:\/\/mothertobaby.org\/es\/#website\"},\"datePublished\":\"2024-10-08T18:01:40+00:00\",\"dateModified\":\"2024-11-12T01:01:39+00:00\",\"description\":\"El embarazo conlleva muchos cambios en el cuerpo que pueden causar algunos s\u00edntomas agradables y otros desagradables. Quiz\u00e1s uno de los s\u00edntomas m\u00e1s temidos es el que puede provocarle n\u00e1useas durante semanas, si no meses.\",\"breadcrumb\":{\"@id\":\"https:\/\/mothertobaby.org\/es\/exposiciones-durante-el-embarazo-y-la-lactancia\/nauseas-matutinas\/#breadcrumb\"},\"inLanguage\":\"es\",\"potentialAction\":[{\"@type\":\"ReadAction\",\"target\":[\"https:\/\/mothertobaby.org\/es\/exposiciones-durante-el-embarazo-y-la-lactancia\/nauseas-matutinas\/\"]}]},{\"@type\":\"BreadcrumbList\",\"@id\":\"https:\/\/mothertobaby.org\/es\/exposiciones-durante-el-embarazo-y-la-lactancia\/nauseas-matutinas\/#breadcrumb\",\"itemListElement\":[{\"@type\":\"ListItem\",\"position\":1,\"name\":\"Home\",\"item\":\"https:\/\/mothertobaby.org\/es\/\"},{\"@type\":\"ListItem\",\"position\":2,\"name\":\"Exposiciones Durante el Embarazo y la Lactancia\",\"item\":\"https:\/\/mothertobaby.org\/es\/exposiciones-durante-el-embarazo-y-la-lactancia\/\"},{\"@type\":\"ListItem\",\"position\":3,\"name\":\"N\u00e1useas Matutinas &#8211; N\u00e1useas y V\u00f3mitos en el Embarazo\"}]},{\"@type\":\"WebSite\",\"@id\":\"https:\/\/mothertobaby.org\/es\/#website\",\"url\":\"https:\/\/mothertobaby.org\/es\/\",\"name\":\"MotherToBaby\",\"description\":\"Medications and More during pregnancy and breastfeeding\",\"publisher\":{\"@id\":\"https:\/\/mothertobaby.org\/es\/#organization\"},\"potentialAction\":[{\"@type\":\"SearchAction\",\"target\":{\"@type\":\"EntryPoint\",\"urlTemplate\":\"https:\/\/mothertobaby.org\/es\/?s={search_term_string}\"},\"query-input\":\"required name=search_term_string\"}],\"inLanguage\":\"es\"},{\"@type\":\"Organization\",\"@id\":\"https:\/\/mothertobaby.org\/es\/#organization\",\"name\":\"MotherToBaby\",\"url\":\"https:\/\/mothertobaby.org\/es\/\",\"logo\":{\"@type\":\"ImageObject\",\"inLanguage\":\"es\",\"@id\":\"https:\/\/mothertobaby.org\/es\/#\/schema\/logo\/image\/\",\"url\":\"https:\/\/mothertobaby.org\/wp-content\/uploads\/2023\/06\/MTB-horz-copyright-sm-1.png\",\"contentUrl\":\"https:\/\/mothertobaby.org\/wp-content\/uploads\/2023\/06\/MTB-horz-copyright-sm-1.png\",\"width\":284,\"height\":52,\"caption\":\"MotherToBaby\"},\"image\":{\"@id\":\"https:\/\/mothertobaby.org\/es\/#\/schema\/logo\/image\/\"}}]}<\/script>\n<!-- \/ Yoast SEO Premium plugin. -->","yoast_head_json":{"title":"N\u00e1useas Matutinas - N\u00e1useas y V\u00f3mitos en el Embarazo - MotherToBaby","description":"El embarazo conlleva muchos cambios en el cuerpo que pueden causar algunos s\u00edntomas agradables y otros desagradables. Quiz\u00e1s uno de los s\u00edntomas m\u00e1s temidos es el que puede provocarle n\u00e1useas durante semanas, si no meses.","robots":{"index":"index","follow":"follow","max-snippet":"max-snippet:-1","max-image-preview":"max-image-preview:large","max-video-preview":"max-video-preview:-1"},"canonical":"https:\/\/mothertobaby.org\/es\/exposiciones-durante-el-embarazo-y-la-lactancia\/nauseas-matutinas\/","og_locale":"es_ES","og_type":"article","og_title":"N\u00e1useas Matutinas - N\u00e1useas y V\u00f3mitos en el Embarazo","og_description":"El embarazo conlleva muchos cambios en el cuerpo que pueden causar algunos s\u00edntomas agradables y otros desagradables. Quiz\u00e1s uno de los s\u00edntomas m\u00e1s temidos es el que puede provocarle n\u00e1useas durante semanas, si no meses.","og_url":"https:\/\/mothertobaby.org\/es\/exposiciones-durante-el-embarazo-y-la-lactancia\/nauseas-matutinas\/","og_site_name":"MotherToBaby","article_modified_time":"2024-11-12T01:01:39+00:00","og_image":[{"width":1600,"height":898,"url":"https:\/\/mothertobaby.org\/wp-content\/uploads\/2024\/05\/NauseaVomitingPregnancy0624.jpeg","type":"image\/jpeg"}],"twitter_card":"summary_large_image","twitter_misc":{"Tiempo de lectura":"3 minutos"},"schema":{"@context":"https:\/\/schema.org","@graph":[{"@type":"WebPage","@id":"https:\/\/mothertobaby.org\/es\/exposiciones-durante-el-embarazo-y-la-lactancia\/nauseas-matutinas\/","url":"https:\/\/mothertobaby.org\/es\/exposiciones-durante-el-embarazo-y-la-lactancia\/nauseas-matutinas\/","name":"N\u00e1useas Matutinas - N\u00e1useas y V\u00f3mitos en el Embarazo - MotherToBaby","isPartOf":{"@id":"https:\/\/mothertobaby.org\/es\/#website"},"datePublished":"2024-10-08T18:01:40+00:00","dateModified":"2024-11-12T01:01:39+00:00","description":"El embarazo conlleva muchos cambios en el cuerpo que pueden causar algunos s\u00edntomas agradables y otros desagradables. Quiz\u00e1s uno de los s\u00edntomas m\u00e1s temidos es el que puede provocarle n\u00e1useas durante semanas, si no meses.","breadcrumb":{"@id":"https:\/\/mothertobaby.org\/es\/exposiciones-durante-el-embarazo-y-la-lactancia\/nauseas-matutinas\/#breadcrumb"},"inLanguage":"es","potentialAction":[{"@type":"ReadAction","target":["https:\/\/mothertobaby.org\/es\/exposiciones-durante-el-embarazo-y-la-lactancia\/nauseas-matutinas\/"]}]},{"@type":"BreadcrumbList","@id":"https:\/\/mothertobaby.org\/es\/exposiciones-durante-el-embarazo-y-la-lactancia\/nauseas-matutinas\/#breadcrumb","itemListElement":[{"@type":"ListItem","position":1,"name":"Home","item":"https:\/\/mothertobaby.org\/es\/"},{"@type":"ListItem","position":2,"name":"Exposiciones Durante el Embarazo y la Lactancia","item":"https:\/\/mothertobaby.org\/es\/exposiciones-durante-el-embarazo-y-la-lactancia\/"},{"@type":"ListItem","position":3,"name":"N\u00e1useas Matutinas &#8211; N\u00e1useas y V\u00f3mitos en el Embarazo"}]},{"@type":"WebSite","@id":"https:\/\/mothertobaby.org\/es\/#website","url":"https:\/\/mothertobaby.org\/es\/","name":"MotherToBaby","description":"Medications and More during pregnancy and breastfeeding","publisher":{"@id":"https:\/\/mothertobaby.org\/es\/#organization"},"potentialAction":[{"@type":"SearchAction","target":{"@type":"EntryPoint","urlTemplate":"https:\/\/mothertobaby.org\/es\/?s={search_term_string}"},"query-input":"required name=search_term_string"}],"inLanguage":"es"},{"@type":"Organization","@id":"https:\/\/mothertobaby.org\/es\/#organization","name":"MotherToBaby","url":"https:\/\/mothertobaby.org\/es\/","logo":{"@type":"ImageObject","inLanguage":"es","@id":"https:\/\/mothertobaby.org\/es\/#\/schema\/logo\/image\/","url":"https:\/\/mothertobaby.org\/wp-content\/uploads\/2023\/06\/MTB-horz-copyright-sm-1.png","contentUrl":"https:\/\/mothertobaby.org\/wp-content\/uploads\/2023\/06\/MTB-horz-copyright-sm-1.png","width":284,"height":52,"caption":"MotherToBaby"},"image":{"@id":"https:\/\/mothertobaby.org\/es\/#\/schema\/logo\/image\/"}}]}},"featured_image_src":"https:\/\/mothertobaby.org\/wp-content\/uploads\/2024\/05\/NauseaVomitingPregnancy0624-600x400.jpeg","featured_image_src_square":"https:\/\/mothertobaby.org\/wp-content\/uploads\/2024\/05\/NauseaVomitingPregnancy0624-600x600.jpeg","_links":{"self":[{"href":"https:\/\/mothertobaby.org\/es\/wp-json\/wp\/v2\/pages\/10341","targetHints":{"allow":["GET"]}}],"collection":[{"href":"https:\/\/mothertobaby.org\/es\/wp-json\/wp\/v2\/pages"}],"about":[{"href":"https:\/\/mothertobaby.org\/es\/wp-json\/wp\/v2\/types\/page"}],"author":[{"embeddable":true,"href":"https:\/\/mothertobaby.org\/es\/wp-json\/wp\/v2\/users\/208"}],"replies":[{"embeddable":true,"href":"https:\/\/mothertobaby.org\/es\/wp-json\/wp\/v2\/comments?post=10341"}],"version-history":[{"count":0,"href":"https:\/\/mothertobaby.org\/es\/wp-json\/wp\/v2\/pages\/10341\/revisions"}],"up":[{"embeddable":true,"href":"https:\/\/mothertobaby.org\/es\/wp-json\/wp\/v2\/pages\/6524"}],"wp:featuredmedia":[{"embeddable":true,"href":"https:\/\/mothertobaby.org\/es\/wp-json\/wp\/v2\/media\/10347"}],"wp:attachment":[{"href":"https:\/\/mothertobaby.org\/es\/wp-json\/wp\/v2\/media?parent=10341"}],"wp:term":[{"taxonomy":"medical-specialty","embeddable":true,"href":"https:\/\/mothertobaby.org\/es\/wp-json\/wp\/v2\/medical-specialty?post=10341"},{"taxonomy":"related-content","embeddable":true,"href":"https:\/\/mothertobaby.org\/es\/wp-json\/wp\/v2\/related-content?post=10341"}],"curies":[{"name":"wp","href":"https:\/\/api.w.org\/{rel}","templated":true}]}}