{"id":10453,"date":"2024-10-08T09:49:19","date_gmt":"2024-10-08T16:49:19","guid":{"rendered":"https:\/\/mothertobaby.org\/?page_id=10453"},"modified":"2024-11-11T17:03:13","modified_gmt":"2024-11-12T01:03:13","slug":"exposicion-cosmeticos-embarazo-lactancia","status":"publish","type":"page","link":"https:\/\/mothertobaby.org\/es\/exposiciones-durante-el-embarazo-y-la-lactancia\/exposicion-cosmeticos-embarazo-lactancia\/","title":{"rendered":"Exposici\u00f3n a Cosm\u00e9ticos en el Embarazo y la Lactancia"},"content":{"rendered":"\n<h2 class=\"wp-block-heading has-neutral-1-color has-text-color\" id=\"h-lo-bonito-y-lo-no-tan-bonito-de-los-cosmeticos-y-los-tratamientos-cosmeticos\"><strong>Lo bonito y lo no tan bonito de los cosm\u00e9ticos y los tratamientos cosm\u00e9ticos<\/strong><\/h2>\n\n\n<p class=\"has-primary-purple-color has-text-color\"><span style=\"color: #993366;\"><em><em><em><em>Descargo de responsabilidad: Esta p\u00e1gina contiene informaci\u00f3n y recursos importantes relacionados con la exposici\u00f3n a cosm\u00e9ticos durante el embarazo y la lactancia, incluidos enlaces a nuestras Hojas Informativas basadas en evidencia. Sin embargo, los recursos que aqu\u00ed se ofrecen no deben sustituir la atenci\u00f3n y el asesoramiento de un profesional m\u00e9dico.<\/em><\/em><\/em><\/em><\/span><\/p>\n\n\n<p>Cosm\u00e9ticos es una palabra com\u00fanmente utilizada por el p\u00fablico para referirse a los productos de cuidado personal; sin embargo, la Administraci\u00f3n de Alimentos y Medicamentos (FDA) tiene una categor\u00eda espec\u00edfica para los productos que regula como cosm\u00e9ticos. Los cosm\u00e9ticos son una categor\u00eda bastante amplia; pueden incluir (pero solo a manera de ejemplo) lo siguiente:<\/p>\n\n\n\n<ul class=\"wp-block-list\">\n<li>Maquillaje, lociones y limpiadores faciales y corporales, y perfumes.<\/li>\n\n\n\n<li>Tratamientos capilares como tintes para el cabello, alisadores qu\u00edmicos o tratamientos de alisado con queratina o alisado brasile\u00f1o.<\/li>\n\n\n\n<li>Tratamientos dentales cosm\u00e9ticos como blanqueadores dentales.<\/li>\n\n\n\n<li>Tratamientos para las u\u00f1as como esmaltes y quitaesmalte de u\u00f1as, u\u00f1as acr\u00edlicas y de gel, y manicuras y pedicuras.<\/li>\n\n\n\n<li>Procedimientos de depilaci\u00f3n corporal, como depilaci\u00f3n con cera y cremas depilatorias.<\/li>\n\n\n\n<li>Tatuajes y maquillaje permanente.<\/li>\n<\/ul>\n\n\n\n<p>Algunos \u201cproductos de cuidado personal\u201d son a la vez cosm\u00e9ticos y medicamentos debido a sus ingredientes<s>.<\/s> Entre los tipos de productos de cuidado personal que incluyen tanto cosm\u00e9ticos como medicamentos se encuentran:<\/p>\n\n\n\n<ul class=\"wp-block-list\">\n<li>Protectores solares, desodorantes y antitranspirantes.<\/li>\n\n\n\n<li>Cremas antiestr\u00edas y ung\u00fcentos para tratar los pezones irritados y agrietados.<\/li>\n\n\n\n<li>Tratamiento para el acn\u00e9 y productos capilares para tratar la caspa.<\/li>\n<\/ul>\n\n\n\n<p>Teniendo en cuenta la cantidad de productos clasificados como cosm\u00e9ticos, la cantidad de productos cosm\u00e9ticos que se pueden encontrar en nuestros hogares y la cantidad de personas que visitan los salones de belleza para someterse a tratamientos cosm\u00e9ticos, es justo decir que es probable que todas las mujeres embarazadas est\u00e9n expuestas al menos a un cosm\u00e9tico.<\/p>\n\n\n\n<p>En los EE.&nbsp;UU., los productos cosm\u00e9ticos no tienen que ser aprobados por la Administraci\u00f3n de Alimentos y Medicamentos antes de que se vendan en el mercado. Esto significa que cuando est\u00e1 embarazada o en per\u00edodo de lactancia y busca informaci\u00f3n sobre la seguridad de los productos cosm\u00e9ticos que le gusta usar, es posible que desee consultar con expertos de confianza como su proveedor de atenci\u00f3n m\u00e9dica o nuestros especialistas en informaci\u00f3n de MotherToBaby. Si utiliza un producto de cuidado personal con un ingrediente clasificado como medicamento por la FDA, es posible que exista m\u00e1s informaci\u00f3n y tambi\u00e9n podemos ayudarla a buscarla.<\/p>\n\n\n\n<figure class=\"wp-block-pullquote\"><blockquote><p><strong><em>\u201c<\/em><\/strong><em>La gente usa cosm\u00e9ticos para mantener su higiene personal y realzar su belleza. Estos productos abarcan desde l\u00e1piz de labios y esmalte de u\u00f1as hasta desodorante, perfume, laca para el cabello, champ\u00fa, gel de ducha, tatuajes, adhesivos para el cabello, productos de depilaci\u00f3n, tintes para el cabello, la mayor\u00eda de los jabones, algunos blanqueadores dentales y algunas toallitas limpiadoras. Es importante utilizar los productos cosm\u00e9ticos de forma segura.\u201d<\/em><\/p><cite><a href=\"https:\/\/www.fda.gov\/cosmetics\/resources-consumers-cosmetics\/using-cosmetics-safely\" target=\"_blank\" rel=\"noreferrer noopener\">Administraci\u00f3n de Alimentos y Medicamentos de los EE.&nbsp;UU.<\/a><\/cite><\/blockquote><\/figure>\n\n\n\n<p>En virtud de las facultades previstas en la Ley de Empaquetado y Etiquetado Justo (FPLA), la FDA exige que los ingredientes figuren en los productos cosm\u00e9ticos que se venden al por menor a los consumidores. Los consumidores pueden conocer los ingredientes de los productos de cuidado personalleyendo los ingredientes que figuran en las etiquetas y utilizar esta lista para controlar las exposiciones. Los parabenos, los sulfatos y los ftalatos han llamado la atenci\u00f3n recientemente por encontrarse en art\u00edculos de uso cotidiano, como los cosm\u00e9ticos. En la actualidad, no se han identificado riesgos adversos para la salud de las mujeres embarazadas debido a la exposici\u00f3n a estas sustancias qu\u00edmicas; sin embargo, si un consumidor desea limitar la exposici\u00f3n a estas u otras sustancias qu\u00edmicas, puede hacerlo consultando la lista de ingredientes.<\/p>\n\n\n\n<div style=\"height:20px\" aria-hidden=\"true\" class=\"wp-block-spacer\"><\/div>\n\n\n\n<div style=\"height:23px\" aria-hidden=\"true\" class=\"wp-block-spacer\"><\/div>\n\n\n\n<figure class=\"wp-block-image size-full\"><img loading=\"lazy\" decoding=\"async\" width=\"1280\" height=\"576\" src=\"https:\/\/mothertobaby.org\/wp-content\/uploads\/2024\/10\/Cosmetics-SPA-graphic.png\" alt=\"\" class=\"wp-image-11833\" srcset=\"https:\/\/mothertobaby.org\/wp-content\/uploads\/2024\/10\/Cosmetics-SPA-graphic.png 1280w, https:\/\/mothertobaby.org\/wp-content\/uploads\/2024\/10\/Cosmetics-SPA-graphic-300x135.png 300w, https:\/\/mothertobaby.org\/wp-content\/uploads\/2024\/10\/Cosmetics-SPA-graphic-1024x461.png 1024w, https:\/\/mothertobaby.org\/wp-content\/uploads\/2024\/10\/Cosmetics-SPA-graphic-768x346.png 768w, https:\/\/mothertobaby.org\/wp-content\/uploads\/2024\/10\/Cosmetics-SPA-graphic-720x324.png 720w\" sizes=\"auto, (max-width: 1280px) 100vw, 1280px\" \/><\/figure>\n\n\n\n<p class=\"has-text-align-right\"><\/p>\n\n\n\n<p>Hable con su proveedor de atenci\u00f3n m\u00e9dica sobre sus inquietudes cosm\u00e9ticas, los productos que est\u00e1 usando o los tratamientos o procedimientos a los que piensa someterse.<em> Tambi\u00e9n puede visitar nuestra biblioteca de recursos que se encuentra a continuaci\u00f3n.<\/em><\/p>\n\n\n\n<div style=\"height:20px\" aria-hidden=\"true\" class=\"wp-block-spacer\"><\/div>\n\n\n\n<div style=\"height:23px\" aria-hidden=\"true\" class=\"wp-block-spacer\"><\/div>\n\n\n<div class=\"mtb-rel-cont-list mtb-rel-cont-block\" style=\"background-color: #F0ebf8;\"><h3>Hojas Informativas Relacionadas<\/h3><ul><li><a href='https:\/\/mothertobaby.org\/es\/hojas-informativas\/la-isotretinoina-accutane\/'>Isotretino\u00edna (Accutane\u00ae)<\/a><\/li><li><a href='https:\/\/mothertobaby.org\/es\/hojas-informativas\/onabotulinumtoxina\/'>OnabotulinumtoxinA (Botox\u00ae)<\/a><\/li><li><a href='https:\/\/mothertobaby.org\/es\/hojas-informativas\/trabajar-en-salon-de-unas\/'>Trabajar en un Sal\u00f3n de Manicura<\/a><\/li><li><a href='https:\/\/mothertobaby.org\/es\/hojas-informativas\/tratamientos-para-el-cabello\/'>Tratamientos Capilares<\/a><\/li><li><a href='https:\/\/mothertobaby.org\/es\/hojas-informativas\/tratamientos-topicos-para-el-acne\/'>Tratamientos t\u00f3picos para el acn\u00e9<\/a><\/li><li><a href='https:\/\/mothertobaby.org\/es\/hojas-informativas\/tretinoina-retin-a\/'>Tretinoina T\u00f3pica<\/a><\/li><\/ul><\/div>\n\n\n<div class=\"mtb-rel-cont-list mtb-rel-cont-block\" style=\"background-color: #f9f9ff;\"><h3>Baby Blogs Relacionadas<\/h3><ul><li><a href='https:\/\/mothertobaby.org\/es\/baby-blog\/microblading-en-el-embarazo-lo-que-se-debe-saber-antes-de-someterse-a-la-aguja\/'>Microblading en el embarazo: Lo que se debe saber antes de \u2018someterse a la aguja\u2019<\/a><\/li><li><a href='https:\/\/mothertobaby.org\/es\/baby-blog\/productos-para-unas-durante-el-embarazo\/'>Productos para u\u00f1as durante el embarazo<\/a><\/li><li><a href='https:\/\/mothertobaby.org\/es\/baby-blog\/mantener-su-brillo-navegar-por-procedimientos-cosmeticos-durante-el-embarazo-o-la-lactancia\/'>Mantener su Brillo: Navegar por Procedimientos Cosm\u00e9ticos Durante el Embarazo o la Lactancia<\/a><\/li><li><a href='https:\/\/mothertobaby.org\/es\/baby-blog\/cual-es-lo-ultimo-acerca-del-cuidado-de-la-piel\/'>\u00bfCu\u00e1l es lo \u00faltimo acerca del cuidado de la piel?<\/a><\/li><li><a href='https:\/\/mothertobaby.org\/es\/baby-blog\/el-botox-y-el-bebe-lo-que-sabemos-sobre-los-riesgos-durante-el-embarazo-y-la-lactancia\/'>El Botox y el beb\u00e9: lo que sabemos sobre los riesgos durante el embarazo y la lactancia<\/a><\/li><li><a href='https:\/\/mothertobaby.org\/es\/baby-blog\/escrudinando-el-bloqueador-solar-durante-el-embarazo\/'>Escrudi\u00f1ando el bloqueador solar durante el embarazo<\/a><\/li><li><a href='https:\/\/mothertobaby.org\/es\/baby-blog\/no-lo-pelees-con-unas-y-dientes-el-dentista-esta-contigo-durante-el-embarazo\/'>No lo pelees con u\u00f1as y dientes: \u00a1El dentista est\u00e1 contigo durante el embarazo!<\/a><\/li><li><a href='https:\/\/mothertobaby.org\/es\/baby-blog\/el-dolor-del-embarazo-puede-el-masaje-o-la-acupuntura-ayudar-sin-peligro\/'>El dolor del embarazo: \u00bfPuede el masaje o la acupuntura ayudar sin peligro?<\/a><\/li><li><a href='https:\/\/mothertobaby.org\/es\/baby-blog\/tema-resbaladizo-el-uso-de-aceites-esenciales-durante-el-embarazo\/'>Un Tema Resbaladizo: El Uso de Aceites Esenciales durante el Embarazo<\/a><\/li><\/ul><\/div>\n\n\n\n\n\n\n<h3 class=\"wp-block-heading\" id=\"h-recursos-externos\">Recursos Externos<\/h3>\n\n\n\n<ul class=\"wp-block-list\">\n<li>U.S. Food and Drug Administration: <a href=\"https:\/\/www.fda.gov\/fda-en-espanol\/articulos-para-el-consumidor\/cosmeticos\" target=\"_blank\" rel=\"noreferrer noopener\">Cosm\u00e9ticos<\/a><\/li>\n<\/ul>\n\n\n\n<h3 class=\"wp-block-heading\" id=\"h-socios\">Socios<\/h3>\n\n\n\n<ul class=\"wp-block-list\">\n<li><a href=\"https:\/\/www.patienteducationgenius.com\/home\" target=\"_blank\" rel=\"noreferrer noopener\">Patient Education Genius<\/a><\/li>\n\n\n\n<li><a href=\"https:\/\/www.smfm.org\/\" target=\"_blank\" rel=\"noreferrer noopener\">Society for Maternal-Fetal Medicine<\/a><\/li>\n\n\n\n<li><a href=\"https:\/\/birthdefectsresearch.org\/\" target=\"_blank\" rel=\"noreferrer noopener\">Society for Birth Defects Research &amp; Prevention<\/a><\/li>\n<\/ul>\n\n\n\n<div style=\"height:100px\" aria-hidden=\"true\" class=\"wp-block-spacer\"><\/div>\n\n\n\n<div style=\"background-color:#f9f9ff;padding-left:8%;padding-right:8%\" class=\"wp-block-genesis-blocks-gb-container alignfull mtb-hp-block mtb-3-col-cta-row gb-block-container\"><div class=\"gb-container-inside\"><div class=\"gb-container-content\" style=\"max-width:1120px\">\n<div class=\"wp-block-genesis-blocks-gb-columns light-text mtb-3-col-cta no-link-underline gb-layout-columns-3 gb-3-col-equal\"><div class=\"gb-layout-column-wrap gb-block-layout-column-gap-3 gb-is-responsive-column\">\n<div class=\"wp-block-genesis-blocks-gb-column mtb-cta-radius gb-block-layout-column\"><div class=\"gb-block-layout-column-inner gb-has-custom-background-color\" style=\"background-color:#522e83\">\n<h3 class=\"wp-block-heading has-text-align-left\" id=\"h-mantengamonos-en-contacto\">Manteng\u00e1monos en Contacto<\/h3>\n\n\n\n<p class=\"has-text-align-left\">Nuestro bolet\u00edn electr\u00f3nico le ofrece la \u00faltima informaci\u00f3n, noticias y recursos de los expertos de MotherToBaby.<\/p>\n\n\n\n<div class=\"wp-block-buttons is-layout-flex wp-block-buttons-is-layout-flex\">\n<div class=\"wp-block-button has-custom-font-size mtb-std-block-btn gb-block-button\" style=\"font-size:20px;line-height:1.2\"><a class=\"wp-block-button__link has-text-color has-background wp-element-button\" href=\"\/es\/inscribirse-para-boletin-electronico\/\" style=\"border-radius:5px;color:#ffffff;background-color:#3373dc;padding-top:10px;padding-right:1em;padding-bottom:10px;padding-left:1em\">inscribirse<\/a><\/div>\n<\/div>\n<\/div><\/div>\n\n\n\n<div class=\"wp-block-genesis-blocks-gb-column mtb-cta-radius gb-block-layout-column\"><div class=\"gb-block-layout-column-inner gb-has-custom-background-color\" style=\"background-color:#522e83\">\n<h3 class=\"wp-block-heading has-text-align-left\" id=\"h-unirse-a-un-estudio\"><strong>Unirse a un Estudio<\/strong><\/h3>\n\n\n\n<p class=\"has-text-align-left\">Las personas que est\u00e1n embarazadas y \/ o amamantando merecen mejor informaci\u00f3n sobre la seguridad de los medicamentos, y usted puede ayudar participando en un estudio.<\/p>\n\n\n\n<div class=\"wp-block-buttons is-layout-flex wp-block-buttons-is-layout-flex\">\n<div class=\"wp-block-button has-custom-font-size mtb-std-block-btn gb-block-button\" style=\"font-size:20px;line-height:1.2\"><a class=\"wp-block-button__link has-text-color has-background wp-element-button\" href=\"\/es\/unirse-a-un-estudio\/\" style=\"border-radius:5px;color:#ffffff;background-color:#3373dc;padding-top:10px;padding-right:1em;padding-bottom:10px;padding-left:1em\">marca la diffrencia<\/a><\/div>\n<\/div>\n<\/div><\/div>\n\n\n\n<div class=\"wp-block-genesis-blocks-gb-column mtb-cta-radius gb-block-layout-column\"><div class=\"gb-block-layout-column-inner has-orange-cta-background-color has-neutral-plus-2-color\">\n<h3 class=\"wp-block-heading has-text-align-left\" id=\"h-preguntele-a-nuestros-expertos\">Preg\u00fantele a Nuestros Expertos<\/h3>\n\n\n\n<p class=\"has-text-align-left\">Llame, env\u00ede un mensaje de texto, chatee o env\u00ede un correo electr\u00f3nico para obtener una evaluaci\u00f3n de riesgos personalizada y gratuita sobre las exposiciones durante el embarazo y la lactancia.<\/p>\n\n\n\n<div class=\"wp-block-buttons is-layout-flex wp-block-buttons-is-layout-flex\">\n<div class=\"wp-block-button has-custom-font-size mtb-std-block-btn gb-block-button\" style=\"font-size:20px;line-height:1.2\"><a class=\"wp-block-button__link has-text-color has-background wp-element-button\" href=\"\/es\/contactar\/\" style=\"border-radius:5px;color:#ffffff;background-color:#3373dc;padding-top:10px;padding-right:1em;padding-bottom:10px;padding-left:1em\">ContactE<\/a><\/div>\n<\/div>\n<\/div><\/div>\n<\/div><\/div>\n<\/div><\/div><\/div>\n","protected":false},"excerpt":{"rendered":"<p>Lo bonito y lo no tan bonito de los cosm\u00e9ticos y los tratamientos cosm\u00e9ticos Descargo de responsabilidad: Esta p\u00e1gina contiene informaci\u00f3n y recursos importantes relacionados con la exposici\u00f3n a cosm\u00e9ticos durante el embarazo y la lactancia, incluidos enlaces a nuestras Hojas Informativas basadas en evidencia. Sin embargo, los recursos que aqu\u00ed se ofrecen no deben [&hellip;]<\/p>\n","protected":false},"author":208,"featured_media":10465,"parent":6524,"menu_order":0,"comment_status":"closed","ping_status":"closed","template":"page-templates\/inner-page.php","meta":{"_searchwp_excluded":"","_genesis_hide_title":false,"_genesis_hide_breadcrumbs":false,"_genesis_hide_singular_image":false,"_genesis_hide_footer_widgets":false,"_genesis_custom_body_class":"","_genesis_custom_post_class":"","_genesis_layout":"full-width-content","footnotes":""},"medical-specialty":[],"related-content":[600],"class_list":{"0":"post-10453","1":"page","2":"type-page","3":"status-publish","4":"has-post-thumbnail","6":"related-content-tratamientos-cosmeticos","7":"entry"},"yoast_head":"<!-- This site is optimized with the Yoast SEO Premium plugin v20.13 (Yoast SEO v20.13) - https:\/\/yoast.com\/wordpress\/plugins\/seo\/ -->\n<title>Exposici\u00f3n a Cosm\u00e9ticos en el Embarazo y la Lactancia - MotherToBaby<\/title>\n<meta name=\"description\" content=\"Cosm\u00e9ticos es una palabra com\u00fanmente utilizada por el p\u00fablico para referirse a los productos de cuidado personal; sin embargo, la Administraci\u00f3n de Alimentos y Medicamentos (FDA) tiene una categor\u00eda espec\u00edfica para los productos que regula como cosm\u00e9ticos.\" \/>\n<meta name=\"robots\" content=\"index, follow, max-snippet:-1, max-image-preview:large, max-video-preview:-1\" \/>\n<link rel=\"canonical\" href=\"https:\/\/mothertobaby.org\/es\/exposiciones-durante-el-embarazo-y-la-lactancia\/exposicion-cosmeticos-embarazo-lactancia\/\" \/>\n<meta property=\"og:locale\" content=\"es_ES\" \/>\n<meta property=\"og:type\" content=\"article\" \/>\n<meta property=\"og:title\" content=\"Exposici\u00f3n a Cosm\u00e9ticos en el Embarazo y la Lactancia\" \/>\n<meta property=\"og:description\" content=\"Cosm\u00e9ticos es una palabra com\u00fanmente utilizada por el p\u00fablico para referirse a los productos de cuidado personal; sin embargo, la Administraci\u00f3n de Alimentos y Medicamentos (FDA) tiene una categor\u00eda espec\u00edfica para los productos que regula como cosm\u00e9ticos.\" \/>\n<meta property=\"og:url\" content=\"https:\/\/mothertobaby.org\/es\/exposiciones-durante-el-embarazo-y-la-lactancia\/exposicion-cosmeticos-embarazo-lactancia\/\" \/>\n<meta property=\"og:site_name\" content=\"MotherToBaby\" \/>\n<meta property=\"article:modified_time\" content=\"2024-11-12T01:03:13+00:00\" \/>\n<meta property=\"og:image\" content=\"https:\/\/mothertobaby.org\/wp-content\/uploads\/2024\/05\/CosmeticExposures0624.jpg\" \/>\n\t<meta property=\"og:image:width\" content=\"1901\" \/>\n\t<meta property=\"og:image:height\" content=\"600\" \/>\n\t<meta property=\"og:image:type\" content=\"image\/jpeg\" \/>\n<meta name=\"twitter:card\" content=\"summary_large_image\" \/>\n<meta name=\"twitter:label1\" content=\"Tiempo de lectura\" \/>\n\t<meta name=\"twitter:data1\" content=\"4 minutos\" \/>\n<script type=\"application\/ld+json\" class=\"yoast-schema-graph\">{\"@context\":\"https:\/\/schema.org\",\"@graph\":[{\"@type\":\"WebPage\",\"@id\":\"https:\/\/mothertobaby.org\/es\/exposiciones-durante-el-embarazo-y-la-lactancia\/exposicion-cosmeticos-embarazo-lactancia\/\",\"url\":\"https:\/\/mothertobaby.org\/es\/exposiciones-durante-el-embarazo-y-la-lactancia\/exposicion-cosmeticos-embarazo-lactancia\/\",\"name\":\"Exposici\u00f3n a Cosm\u00e9ticos en el Embarazo y la Lactancia - MotherToBaby\",\"isPartOf\":{\"@id\":\"https:\/\/mothertobaby.org\/es\/#website\"},\"datePublished\":\"2024-10-08T16:49:19+00:00\",\"dateModified\":\"2024-11-12T01:03:13+00:00\",\"description\":\"Cosm\u00e9ticos es una palabra com\u00fanmente utilizada por el p\u00fablico para referirse a los productos de cuidado personal; sin embargo, la Administraci\u00f3n de Alimentos y Medicamentos (FDA) tiene una categor\u00eda espec\u00edfica para los productos que regula como cosm\u00e9ticos.\",\"breadcrumb\":{\"@id\":\"https:\/\/mothertobaby.org\/es\/exposiciones-durante-el-embarazo-y-la-lactancia\/exposicion-cosmeticos-embarazo-lactancia\/#breadcrumb\"},\"inLanguage\":\"es\",\"potentialAction\":[{\"@type\":\"ReadAction\",\"target\":[\"https:\/\/mothertobaby.org\/es\/exposiciones-durante-el-embarazo-y-la-lactancia\/exposicion-cosmeticos-embarazo-lactancia\/\"]}]},{\"@type\":\"BreadcrumbList\",\"@id\":\"https:\/\/mothertobaby.org\/es\/exposiciones-durante-el-embarazo-y-la-lactancia\/exposicion-cosmeticos-embarazo-lactancia\/#breadcrumb\",\"itemListElement\":[{\"@type\":\"ListItem\",\"position\":1,\"name\":\"Home\",\"item\":\"https:\/\/mothertobaby.org\/es\/\"},{\"@type\":\"ListItem\",\"position\":2,\"name\":\"Exposiciones Durante el Embarazo y la Lactancia\",\"item\":\"https:\/\/mothertobaby.org\/es\/exposiciones-durante-el-embarazo-y-la-lactancia\/\"},{\"@type\":\"ListItem\",\"position\":3,\"name\":\"Exposici\u00f3n a Cosm\u00e9ticos en el Embarazo y la Lactancia\"}]},{\"@type\":\"WebSite\",\"@id\":\"https:\/\/mothertobaby.org\/es\/#website\",\"url\":\"https:\/\/mothertobaby.org\/es\/\",\"name\":\"MotherToBaby\",\"description\":\"Medications and More during pregnancy and breastfeeding\",\"publisher\":{\"@id\":\"https:\/\/mothertobaby.org\/es\/#organization\"},\"potentialAction\":[{\"@type\":\"SearchAction\",\"target\":{\"@type\":\"EntryPoint\",\"urlTemplate\":\"https:\/\/mothertobaby.org\/es\/?s={search_term_string}\"},\"query-input\":\"required name=search_term_string\"}],\"inLanguage\":\"es\"},{\"@type\":\"Organization\",\"@id\":\"https:\/\/mothertobaby.org\/es\/#organization\",\"name\":\"MotherToBaby\",\"url\":\"https:\/\/mothertobaby.org\/es\/\",\"logo\":{\"@type\":\"ImageObject\",\"inLanguage\":\"es\",\"@id\":\"https:\/\/mothertobaby.org\/es\/#\/schema\/logo\/image\/\",\"url\":\"https:\/\/mothertobaby.org\/wp-content\/uploads\/2023\/06\/MTB-horz-copyright-sm-1.png\",\"contentUrl\":\"https:\/\/mothertobaby.org\/wp-content\/uploads\/2023\/06\/MTB-horz-copyright-sm-1.png\",\"width\":284,\"height\":52,\"caption\":\"MotherToBaby\"},\"image\":{\"@id\":\"https:\/\/mothertobaby.org\/es\/#\/schema\/logo\/image\/\"}}]}<\/script>\n<!-- \/ Yoast SEO Premium plugin. -->","yoast_head_json":{"title":"Exposici\u00f3n a Cosm\u00e9ticos en el Embarazo y la Lactancia - MotherToBaby","description":"Cosm\u00e9ticos es una palabra com\u00fanmente utilizada por el p\u00fablico para referirse a los productos de cuidado personal; sin embargo, la Administraci\u00f3n de Alimentos y Medicamentos (FDA) tiene una categor\u00eda espec\u00edfica para los productos que regula como cosm\u00e9ticos.","robots":{"index":"index","follow":"follow","max-snippet":"max-snippet:-1","max-image-preview":"max-image-preview:large","max-video-preview":"max-video-preview:-1"},"canonical":"https:\/\/mothertobaby.org\/es\/exposiciones-durante-el-embarazo-y-la-lactancia\/exposicion-cosmeticos-embarazo-lactancia\/","og_locale":"es_ES","og_type":"article","og_title":"Exposici\u00f3n a Cosm\u00e9ticos en el Embarazo y la Lactancia","og_description":"Cosm\u00e9ticos es una palabra com\u00fanmente utilizada por el p\u00fablico para referirse a los productos de cuidado personal; sin embargo, la Administraci\u00f3n de Alimentos y Medicamentos (FDA) tiene una categor\u00eda espec\u00edfica para los productos que regula como cosm\u00e9ticos.","og_url":"https:\/\/mothertobaby.org\/es\/exposiciones-durante-el-embarazo-y-la-lactancia\/exposicion-cosmeticos-embarazo-lactancia\/","og_site_name":"MotherToBaby","article_modified_time":"2024-11-12T01:03:13+00:00","og_image":[{"width":1901,"height":600,"url":"https:\/\/mothertobaby.org\/wp-content\/uploads\/2024\/05\/CosmeticExposures0624.jpg","type":"image\/jpeg"}],"twitter_card":"summary_large_image","twitter_misc":{"Tiempo de lectura":"4 minutos"},"schema":{"@context":"https:\/\/schema.org","@graph":[{"@type":"WebPage","@id":"https:\/\/mothertobaby.org\/es\/exposiciones-durante-el-embarazo-y-la-lactancia\/exposicion-cosmeticos-embarazo-lactancia\/","url":"https:\/\/mothertobaby.org\/es\/exposiciones-durante-el-embarazo-y-la-lactancia\/exposicion-cosmeticos-embarazo-lactancia\/","name":"Exposici\u00f3n a Cosm\u00e9ticos en el Embarazo y la Lactancia - MotherToBaby","isPartOf":{"@id":"https:\/\/mothertobaby.org\/es\/#website"},"datePublished":"2024-10-08T16:49:19+00:00","dateModified":"2024-11-12T01:03:13+00:00","description":"Cosm\u00e9ticos es una palabra com\u00fanmente utilizada por el p\u00fablico para referirse a los productos de cuidado personal; sin embargo, la Administraci\u00f3n de Alimentos y Medicamentos (FDA) tiene una categor\u00eda espec\u00edfica para los productos que regula como cosm\u00e9ticos.","breadcrumb":{"@id":"https:\/\/mothertobaby.org\/es\/exposiciones-durante-el-embarazo-y-la-lactancia\/exposicion-cosmeticos-embarazo-lactancia\/#breadcrumb"},"inLanguage":"es","potentialAction":[{"@type":"ReadAction","target":["https:\/\/mothertobaby.org\/es\/exposiciones-durante-el-embarazo-y-la-lactancia\/exposicion-cosmeticos-embarazo-lactancia\/"]}]},{"@type":"BreadcrumbList","@id":"https:\/\/mothertobaby.org\/es\/exposiciones-durante-el-embarazo-y-la-lactancia\/exposicion-cosmeticos-embarazo-lactancia\/#breadcrumb","itemListElement":[{"@type":"ListItem","position":1,"name":"Home","item":"https:\/\/mothertobaby.org\/es\/"},{"@type":"ListItem","position":2,"name":"Exposiciones Durante el Embarazo y la Lactancia","item":"https:\/\/mothertobaby.org\/es\/exposiciones-durante-el-embarazo-y-la-lactancia\/"},{"@type":"ListItem","position":3,"name":"Exposici\u00f3n a Cosm\u00e9ticos en el Embarazo y la Lactancia"}]},{"@type":"WebSite","@id":"https:\/\/mothertobaby.org\/es\/#website","url":"https:\/\/mothertobaby.org\/es\/","name":"MotherToBaby","description":"Medications and More during pregnancy and breastfeeding","publisher":{"@id":"https:\/\/mothertobaby.org\/es\/#organization"},"potentialAction":[{"@type":"SearchAction","target":{"@type":"EntryPoint","urlTemplate":"https:\/\/mothertobaby.org\/es\/?s={search_term_string}"},"query-input":"required name=search_term_string"}],"inLanguage":"es"},{"@type":"Organization","@id":"https:\/\/mothertobaby.org\/es\/#organization","name":"MotherToBaby","url":"https:\/\/mothertobaby.org\/es\/","logo":{"@type":"ImageObject","inLanguage":"es","@id":"https:\/\/mothertobaby.org\/es\/#\/schema\/logo\/image\/","url":"https:\/\/mothertobaby.org\/wp-content\/uploads\/2023\/06\/MTB-horz-copyright-sm-1.png","contentUrl":"https:\/\/mothertobaby.org\/wp-content\/uploads\/2023\/06\/MTB-horz-copyright-sm-1.png","width":284,"height":52,"caption":"MotherToBaby"},"image":{"@id":"https:\/\/mothertobaby.org\/es\/#\/schema\/logo\/image\/"}}]}},"featured_image_src":"https:\/\/mothertobaby.org\/wp-content\/uploads\/2024\/05\/CosmeticExposures0624-600x400.jpg","featured_image_src_square":"https:\/\/mothertobaby.org\/wp-content\/uploads\/2024\/05\/CosmeticExposures0624-600x600.jpg","_links":{"self":[{"href":"https:\/\/mothertobaby.org\/es\/wp-json\/wp\/v2\/pages\/10453","targetHints":{"allow":["GET"]}}],"collection":[{"href":"https:\/\/mothertobaby.org\/es\/wp-json\/wp\/v2\/pages"}],"about":[{"href":"https:\/\/mothertobaby.org\/es\/wp-json\/wp\/v2\/types\/page"}],"author":[{"embeddable":true,"href":"https:\/\/mothertobaby.org\/es\/wp-json\/wp\/v2\/users\/208"}],"replies":[{"embeddable":true,"href":"https:\/\/mothertobaby.org\/es\/wp-json\/wp\/v2\/comments?post=10453"}],"version-history":[{"count":0,"href":"https:\/\/mothertobaby.org\/es\/wp-json\/wp\/v2\/pages\/10453\/revisions"}],"up":[{"embeddable":true,"href":"https:\/\/mothertobaby.org\/es\/wp-json\/wp\/v2\/pages\/6524"}],"wp:featuredmedia":[{"embeddable":true,"href":"https:\/\/mothertobaby.org\/es\/wp-json\/wp\/v2\/media\/10465"}],"wp:attachment":[{"href":"https:\/\/mothertobaby.org\/es\/wp-json\/wp\/v2\/media?parent=10453"}],"wp:term":[{"taxonomy":"medical-specialty","embeddable":true,"href":"https:\/\/mothertobaby.org\/es\/wp-json\/wp\/v2\/medical-specialty?post=10453"},{"taxonomy":"related-content","embeddable":true,"href":"https:\/\/mothertobaby.org\/es\/wp-json\/wp\/v2\/related-content?post=10453"}],"curies":[{"name":"wp","href":"https:\/\/api.w.org\/{rel}","templated":true}]}}