{"id":10469,"date":"2024-10-08T10:15:31","date_gmt":"2024-10-08T17:15:31","guid":{"rendered":"https:\/\/mothertobaby.org\/?page_id=10469"},"modified":"2025-01-07T09:33:06","modified_gmt":"2025-01-07T17:33:06","slug":"desastres-naturales","status":"publish","type":"page","link":"https:\/\/mothertobaby.org\/es\/exposiciones-durante-el-embarazo-y-la-lactancia\/desastres-naturales\/","title":{"rendered":"Desastres Naturales"},"content":{"rendered":"\n<h2 class=\"wp-block-heading has-neutral-1-color has-text-color\" id=\"h-cuando-la-furia-de-la-naturaleza-golpea\"><strong>Cuando la Furia de la Naturaleza Golpea<\/strong><\/h2>\n\n\n\n<p class=\"has-primary-purple-color has-text-color\"><em><em><em><em>Descargo de responsabilidad: Esta p\u00e1gina contiene informaci\u00f3n y recursos importantes relacionados con los desastres naturales durante el embarazo y la lactancia, e incluye enlaces a nuestras hojas informativas basadas en evidencia. Sin embargo, los recursos que aqu\u00ed se ofrecen no deben sustituir la atenci\u00f3n y el asesoramiento de un profesional m\u00e9dico.<\/em><\/em><\/em><\/em><\/p>\n\n\n\n<p>Estar embarazada o amamantar a un beb\u00e9 puede ser un desaf\u00edo en condiciones normales, pero hacerlo cuando su mundo est\u00e1 en desorden debido a un desastre natural puede ser abrumador. Independientemente de la forma de caos a la que se enfrenta, desde huracanes hasta incendios forestales, pasar por inundaciones o tornados, terremotos o explosiones volc\u00e1nicas, es muy probable que tenga preguntas sobre c\u00f3mo pueden afectar los desastres naturales a su embarazo o su beb\u00e9 lactante. \u00a1En eso la podemos ayudar!<\/p>\n\n\n\n<p>Las preocupaciones espec\u00edficas sobre la exposici\u00f3n pueden cambiar seg\u00fan el tipo de cat\u00e1strofe al que se enfrenta y pueden ser de naturaleza ambiental, como preocupaciones sobre la calidad del aire, la contaminaci\u00f3n del agua potable, el moho de las inundaciones y c\u00f3mo limpiar su casa de manera segura si a\u00fan est\u00e1 en pie. Tambi\u00e9n hay que tener en cuenta las repercusiones emocionales y f\u00edsicas que puede tener un desastre natural, desde la ansiedad y el estr\u00e9s hasta la falta de sue\u00f1o y la interrupci\u00f3n de la atenci\u00f3n m\u00e9dica.<\/p>\n\n\n\n<blockquote class=\"wp-block-quote is-layout-flow wp-block-quote-is-layout-flow\">\n<p><em>Si bien una emergencia puede ser devastadora para cualquier poblaci\u00f3n afectada, las mujeres que est\u00e1n embarazadas y en posparto requieren consideraciones adicionales dadas las necesidades f\u00edsicas y psicosociales \u00fanicas asociadas con el embarazo tanto en escenarios de emergencia como de no emergencia<\/em><\/p>\n<cite>&#8212; Kit de planificaci\u00f3n para emergencias en el \u00e1rea de salud maternoinfantil del Departamento de Salud y Servicios Humanos de EE.&nbsp;UU.<span lang=\"ES-US\" style=\"color: rgb(0, 0, 0); font-style: normal; white-space-collapse: collapse; font-size: 10.5pt; font-family: Arial, sans-serif;\"><\/span><span style=\"color: rgb(0, 0, 0); font-size: medium; font-style: normal; white-space-collapse: collapse;\"><\/span><\/cite><\/blockquote>\n\n\n\n<div style=\"height:20px\" aria-hidden=\"true\" class=\"wp-block-spacer\"><\/div>\n\n\n\n<div style=\"height:23px\" aria-hidden=\"true\" class=\"wp-block-spacer\"><\/div>\n\n\n\n<figure class=\"wp-block-image size-full\"><img loading=\"lazy\" decoding=\"async\" width=\"1280\" height=\"576\" src=\"https:\/\/mothertobaby.org\/wp-content\/uploads\/2024\/10\/Natual-Disasters-SPA.png\" alt=\"\" class=\"wp-image-11841\" srcset=\"https:\/\/mothertobaby.org\/wp-content\/uploads\/2024\/10\/Natual-Disasters-SPA.png 1280w, https:\/\/mothertobaby.org\/wp-content\/uploads\/2024\/10\/Natual-Disasters-SPA-300x135.png 300w, https:\/\/mothertobaby.org\/wp-content\/uploads\/2024\/10\/Natual-Disasters-SPA-1024x461.png 1024w, https:\/\/mothertobaby.org\/wp-content\/uploads\/2024\/10\/Natual-Disasters-SPA-768x346.png 768w, https:\/\/mothertobaby.org\/wp-content\/uploads\/2024\/10\/Natual-Disasters-SPA-720x324.png 720w\" sizes=\"auto, (max-width: 1280px) 100vw, 1280px\" \/><\/figure>\n\n\n\n<p class=\"has-text-align-right\"><\/p>\n\n\n\n<div style=\"height:20px\" aria-hidden=\"true\" class=\"wp-block-spacer\"><\/div>\n\n\n\n<div style=\"height:23px\" aria-hidden=\"true\" class=\"wp-block-spacer\"><\/div>\n\n\n\n<p>Si vive en un \u00e1rea propensa a los desastres naturales, independientemente de si est\u00e1 embarazada o en per\u00edodo de lactancia, siempre es mejor estar preparada para lo peor. Entre las medidas que puede tomar con anticipaci\u00f3n y que pueden ayudarla a reducir el estr\u00e9s cuando ocurre una cat\u00e1strofe se encuentran las siguientes:<\/p>\n\n\n\n<ul class=\"wp-block-list\">\n<li>Elaborar un plan de acci\u00f3n de emergencia para su familia.<\/li>\n\n\n\n<li>Preparar un botiqu\u00edn de emergencia que incluya al menos un suministro para 3 d\u00edas de alimentos, agua y art\u00edculos cr\u00edticos, como medicamentos, art\u00edculos necesarios para el beb\u00e9 (por ejemplo, pa\u00f1ales, ropa, f\u00f3rmula si se alimenta con biber\u00f3n), art\u00edculos necesarios para las mascotas, etc.<\/li>\n\n\n\n<li>Inscribirse en su agencia local de gesti\u00f3n de emergencias para cualquier aplicaci\u00f3n o sistema de alerta de emergencias que operen (por ejemplo, alertas de texto).<\/li>\n\n\n\n<li>Guardar copias de los documentos importantes en un paquete a prueba de agua con su botiqu\u00edn de emergencia (por ejemplo, licencia de conducir, tarjetas de seguro, actas de nacimiento, pasaportes, etc.).<\/li>\n<\/ul>\n\n\n\n<p>Visite <a href=\"https:\/\/www.ready.gov\/es\">Listo.gov<\/a> para obtener informaci\u00f3n sobre tipos espec\u00edficos de desastres y emergencias, as\u00ed como informaci\u00f3n sobre la elaboraci\u00f3n de un plan y la preparaci\u00f3n para desastres.<\/p>\n\n\n\n<div style=\"height:20px\" aria-hidden=\"true\" class=\"wp-block-spacer\"><\/div>\n\n\n\n<div style=\"height:23px\" aria-hidden=\"true\" class=\"wp-block-spacer\"><\/div>\n\n\n\n<div class=\"wp-block-genesis-blocks-gb-container gb-block-container\"><div class=\"gb-container-inside\"><div class=\"gb-container-content\">\n<p><em>Consulte nuestra biblioteca de recursos, que se encuentra a continuaci\u00f3n, sobre <\/em>desastres naturales<em> durante el embarazo y la lactancia.<\/em><\/p>\n<\/div><\/div><\/div>\n\n\n<div class=\"mtb-rel-cont-list mtb-rel-cont-block\" style=\"background-color: #F0ebf8;\"><h3>Hojas Informativas Relacionadas<\/h3><ul><li><a href='https:\/\/mothertobaby.org\/es\/hojas-informativas\/ansiedad\/'>Ansiedad<\/a><\/li><li><a href='https:\/\/mothertobaby.org\/es\/hojas-informativas\/deet-nn-ethyl-m-toluamide\/'>DEET (N,N-etil-m-toluamida)<\/a><\/li><li><a href='https:\/\/mothertobaby.org\/es\/hojas-informativas\/el-estres\/'>Estr\u00e9s<\/a><\/li><li><a href='https:\/\/mothertobaby.org\/es\/hojas-informativas\/la-infeccion-del-virus-del-nilo-occidetal\/'>Infecci\u00f3n por el virus del Nilo Occidental<\/a><\/li><li><a href='https:\/\/mothertobaby.org\/es\/hojas-informativas\/el-moho\/'>Moho<\/a><\/li><li><a href='https:\/\/mothertobaby.org\/es\/hojas-informativas\/monoxido-de-carbono\/'>Mon\u00f3xido de Carbono<\/a><\/li><li><a href='https:\/\/mothertobaby.org\/es\/hojas-informativas\/repelente-de-insectos\/'>Repelentes de insectos<\/a><\/li><li><a href='https:\/\/mothertobaby.org\/es\/hojas-informativas\/trauma-fisico\/'>Trauma f\u00edsico<\/a><\/li><li><a href='https:\/\/mothertobaby.org\/es\/hojas-informativas\/las-vacunas\/'>Vacunas<\/a><\/li><li><a href='https:\/\/mothertobaby.org\/es\/hojas-informativas\/virus-de-zika\/'>Virus de Zika<\/a><\/li><li><a href='https:\/\/mothertobaby.org\/es\/hojas-informativas\/desastres-naturales\/'>\u200b\u200bEmbarazo y desastres naturales\u200b<\/a><\/li><\/ul><\/div>\n\n\n<div class=\"mtb-rel-cont-list mtb-rel-cont-block\" style=\"background-color: #f9f9ff;\"><h3>Baby Blogs Relacionadas<\/h3><ul><li><a href='https:\/\/mothertobaby.org\/es\/baby-blog\/mantener-la-calma-durante-el-embarazo-cuando-la-temporada-de-incendios-se-calienta\/'>Mantener la calma durante el embarazo cuando la temporada de incendios se calienta<\/a><\/li><li><a href='https:\/\/mothertobaby.org\/es\/baby-blog\/sintiendo-el-ardor-calor-extremo-en-el-embarazo\/'>Sintiendo el ardor: calor extremo en el embarazo<\/a><\/li><li><a href='https:\/\/mothertobaby.org\/es\/baby-blog\/esta-usted-embarazada-o-amamantando-y-afectada-por-un-huracan\/'>\u00bfEst\u00e1 usted Embarazada (o Amamantando) y Afectada por un Hurac\u00e1n?<\/a><\/li><\/ul><\/div>\n\n\n\n\n\n\n<h3 class=\"wp-block-heading\" id=\"h-recursos-externos\">Recursos Externos<\/h3>\n\n\n\n<ul class=\"wp-block-list\">\n<li>Centros para el Control y la Prevenci\u00f3n de Enfermedades: <a href=\"https:\/\/www.cdc.gov\/es\/disasters\/index.html\" target=\"_blank\" rel=\"noreferrer noopener\">C\u00f3mo sobrellevar los desastres o eventos traum\u00e1ticos<\/a><\/li>\n\n\n\n<li>Apoyo a la Lactancia Materna de WIC: <a href=\"https:\/\/wicbreastfeeding.fns.usda.gov\/es\/la-lactancia-materna-durante-las-catastrofes?language=es?language=es}\" target=\"_blank\" rel=\"noreferrer noopener\">La lactancia materna durante los desastres<\/a><\/li>\n\n\n\n<li>Healthy Children.org: <a href=\"https:\/\/www.healthychildren.org\/spanish\/safety-prevention\/at-home\/paginas\/getting-your-family-disaster-ready.aspx\" target=\"_blank\" rel=\"noreferrer noopener\">C\u00f3mo preparar a su familia para un desastre natural<\/a><\/li>\n<\/ul>\n\n\n\n<h3 class=\"wp-block-heading\" id=\"h-socios\">Socios<\/h3>\n\n\n\n<ul class=\"wp-block-list\">\n<li><a href=\"https:\/\/www.patienteducationgenius.com\/\" target=\"_blank\" rel=\"noreferrer noopener\">Patient Education Genius<\/a><\/li>\n\n\n\n<li><a href=\"https:\/\/www.pehsu.net\/index.html\" target=\"_blank\" rel=\"noreferrer noopener\">Pediatric Environmental Health Specialty Units (PEHSUs)<\/a><\/li>\n\n\n\n<li><a href=\"https:\/\/www.postpartum.net\/\" target=\"_blank\" rel=\"noreferrer noopener\">Postpartum Support International<\/a><\/li>\n\n\n\n<li><a href=\"https:\/\/www.smfm.org\/\" target=\"_blank\" rel=\"noreferrer noopener\">Society for Maternal-Fetal Medicine<\/a><\/li>\n\n\n\n<li><a href=\"https:\/\/birthdefectsresearch.org\/\" target=\"_blank\" rel=\"noreferrer noopener\">Society for Birth Defects Research &amp; Prevention<\/a><\/li>\n<\/ul>\n\n\n\n<div style=\"height:100px\" aria-hidden=\"true\" class=\"wp-block-spacer\"><\/div>\n\n\n\n<div style=\"background-color:#f9f9ff;padding-left:8%;padding-right:8%\" class=\"wp-block-genesis-blocks-gb-container alignfull mtb-hp-block mtb-3-col-cta-row gb-block-container\"><div class=\"gb-container-inside\"><div class=\"gb-container-content\" style=\"max-width:1120px\">\n<div class=\"wp-block-genesis-blocks-gb-columns light-text mtb-3-col-cta no-link-underline gb-layout-columns-3 gb-3-col-equal\"><div class=\"gb-layout-column-wrap gb-block-layout-column-gap-3 gb-is-responsive-column\">\n<div class=\"wp-block-genesis-blocks-gb-column mtb-cta-radius gb-block-layout-column\"><div class=\"gb-block-layout-column-inner gb-has-custom-background-color\" style=\"background-color:#522e83\">\n<h3 class=\"wp-block-heading has-text-align-left\" id=\"h-stay-in-touch\">Stay in Touch<\/h3>\n\n\n\n<p class=\"has-text-align-left\">Nuestro bolet\u00edn electr\u00f3nico le ofrece la \u00faltima informaci\u00f3n, noticias y recursos de los expertos de MotherToBaby.<\/p>\n\n\n\n<div class=\"wp-block-buttons is-layout-flex wp-block-buttons-is-layout-flex\">\n<div class=\"wp-block-button has-custom-font-size mtb-std-block-btn gb-block-button\" style=\"font-size:20px;line-height:1.2\"><a class=\"wp-block-button__link has-text-color has-background wp-element-button\" href=\"\/es\/inscribirse-para-boletin-electronico\/\" style=\"border-radius:5px;color:#ffffff;background-color:#3373dc;padding-top:10px;padding-right:1em;padding-bottom:10px;padding-left:1em\">inscribirse<\/a><\/div>\n<\/div>\n<\/div><\/div>\n\n\n\n<div class=\"wp-block-genesis-blocks-gb-column mtb-cta-radius gb-block-layout-column\"><div class=\"gb-block-layout-column-inner gb-has-custom-background-color\" style=\"background-color:#522e83\">\n<h3 class=\"wp-block-heading has-text-align-left\" id=\"h-unirse-a-un-estudio\"><strong>Unirse a un Estudio<\/strong><\/h3>\n\n\n\n<p class=\"has-text-align-left\">Las personas que est\u00e1n embarazadas y \/ o amamantando merecen mejor informaci\u00f3n sobre la seguridad de los medicamentos, y usted puede ayudar participando en un estudio.<\/p>\n\n\n\n<div class=\"wp-block-buttons is-layout-flex wp-block-buttons-is-layout-flex\">\n<div class=\"wp-block-button has-custom-font-size mtb-std-block-btn gb-block-button\" style=\"font-size:20px;line-height:1.2\"><a class=\"wp-block-button__link has-text-color has-background wp-element-button\" href=\"\/es\/unirse-a-un-estudio\/\" style=\"border-radius:5px;color:#ffffff;background-color:#3373dc;padding-top:10px;padding-right:1em;padding-bottom:10px;padding-left:1em\">marca la diffrencia<\/a><\/div>\n<\/div>\n<\/div><\/div>\n\n\n\n<div class=\"wp-block-genesis-blocks-gb-column mtb-cta-radius gb-block-layout-column\"><div class=\"gb-block-layout-column-inner has-orange-cta-background-color has-neutral-plus-2-color\">\n<h3 class=\"wp-block-heading has-text-align-left\" id=\"h-preguntele-a-nuestros-expertos\">Preg\u00fantele a Nuestros Expertos<\/h3>\n\n\n\n<p class=\"has-text-align-left\">Llame, env\u00ede un mensaje de texto, chatee o env\u00ede un correo electr\u00f3nico para obtener una evaluaci\u00f3n de riesgos personalizada y gratuita sobre las exposiciones durante el embarazo y la lactancia.<\/p>\n\n\n\n<div class=\"wp-block-buttons is-layout-flex wp-block-buttons-is-layout-flex\">\n<div class=\"wp-block-button has-custom-font-size mtb-std-block-btn gb-block-button\" style=\"font-size:20px;line-height:1.2\"><a class=\"wp-block-button__link has-text-color has-background wp-element-button\" href=\"\/es\/contactar\/\" style=\"border-radius:5px;color:#ffffff;background-color:#3373dc;padding-top:10px;padding-right:1em;padding-bottom:10px;padding-left:1em\">ContactE<\/a><\/div>\n<\/div>\n<\/div><\/div>\n<\/div><\/div>\n<\/div><\/div><\/div>\n","protected":false},"excerpt":{"rendered":"<p>Cuando la Furia de la Naturaleza Golpea Descargo de responsabilidad: Esta p\u00e1gina contiene informaci\u00f3n y recursos importantes relacionados con los desastres naturales durante el embarazo y la lactancia, e incluye enlaces a nuestras hojas informativas basadas en evidencia. Sin embargo, los recursos que aqu\u00ed se ofrecen no deben sustituir la atenci\u00f3n y el asesoramiento de [&hellip;]<\/p>\n","protected":false},"author":208,"featured_media":10474,"parent":6524,"menu_order":0,"comment_status":"closed","ping_status":"closed","template":"page-templates\/inner-page.php","meta":{"_searchwp_excluded":"","_genesis_hide_title":false,"_genesis_hide_breadcrumbs":false,"_genesis_hide_singular_image":false,"_genesis_hide_footer_widgets":false,"_genesis_custom_body_class":"","_genesis_custom_post_class":"","_genesis_layout":"full-width-content","footnotes":""},"medical-specialty":[],"related-content":[605],"class_list":{"0":"post-10469","1":"page","2":"type-page","3":"status-publish","4":"has-post-thumbnail","6":"related-content-desastres-naturales","7":"entry"},"yoast_head":"<!-- This site is optimized with the Yoast SEO Premium plugin v20.13 (Yoast SEO v20.13) - https:\/\/yoast.com\/wordpress\/plugins\/seo\/ -->\n<title>Desastres Naturales - MotherToBaby<\/title>\n<meta name=\"description\" content=\"Estar embarazada o amamantar a un beb\u00e9 puede ser un desaf\u00edo en condiciones normales, pero hacerlo cuando su mundo est\u00e1 en desorden debido a un desastre natural puede ser abrumador.\" \/>\n<meta name=\"robots\" content=\"index, follow, max-snippet:-1, max-image-preview:large, max-video-preview:-1\" \/>\n<link rel=\"canonical\" href=\"https:\/\/mothertobaby.org\/es\/exposiciones-durante-el-embarazo-y-la-lactancia\/desastres-naturales\/\" \/>\n<meta property=\"og:locale\" content=\"es_ES\" \/>\n<meta property=\"og:type\" content=\"article\" \/>\n<meta property=\"og:title\" content=\"Desastres Naturales\" \/>\n<meta property=\"og:description\" content=\"Estar embarazada o amamantar a un beb\u00e9 puede ser un desaf\u00edo en condiciones normales, pero hacerlo cuando su mundo est\u00e1 en desorden debido a un desastre natural puede ser abrumador.\" \/>\n<meta property=\"og:url\" content=\"https:\/\/mothertobaby.org\/es\/exposiciones-durante-el-embarazo-y-la-lactancia\/desastres-naturales\/\" \/>\n<meta property=\"og:site_name\" content=\"MotherToBaby\" \/>\n<meta property=\"article:modified_time\" content=\"2025-01-07T17:33:06+00:00\" \/>\n<meta property=\"og:image\" content=\"https:\/\/mothertobaby.org\/wp-content\/uploads\/2024\/05\/NaturalDisasters0624.jpg\" \/>\n\t<meta property=\"og:image:width\" content=\"1898\" \/>\n\t<meta property=\"og:image:height\" content=\"603\" \/>\n\t<meta property=\"og:image:type\" content=\"image\/jpeg\" \/>\n<meta name=\"twitter:card\" content=\"summary_large_image\" \/>\n<meta name=\"twitter:label1\" content=\"Tiempo de lectura\" \/>\n\t<meta name=\"twitter:data1\" content=\"3 minutos\" \/>\n<script type=\"application\/ld+json\" class=\"yoast-schema-graph\">{\"@context\":\"https:\/\/schema.org\",\"@graph\":[{\"@type\":\"WebPage\",\"@id\":\"https:\/\/mothertobaby.org\/es\/exposiciones-durante-el-embarazo-y-la-lactancia\/desastres-naturales\/\",\"url\":\"https:\/\/mothertobaby.org\/es\/exposiciones-durante-el-embarazo-y-la-lactancia\/desastres-naturales\/\",\"name\":\"Desastres Naturales - MotherToBaby\",\"isPartOf\":{\"@id\":\"https:\/\/mothertobaby.org\/es\/#website\"},\"datePublished\":\"2024-10-08T17:15:31+00:00\",\"dateModified\":\"2025-01-07T17:33:06+00:00\",\"description\":\"Estar embarazada o amamantar a un beb\u00e9 puede ser un desaf\u00edo en condiciones normales, pero hacerlo cuando su mundo est\u00e1 en desorden debido a un desastre natural puede ser abrumador.\",\"breadcrumb\":{\"@id\":\"https:\/\/mothertobaby.org\/es\/exposiciones-durante-el-embarazo-y-la-lactancia\/desastres-naturales\/#breadcrumb\"},\"inLanguage\":\"es\",\"potentialAction\":[{\"@type\":\"ReadAction\",\"target\":[\"https:\/\/mothertobaby.org\/es\/exposiciones-durante-el-embarazo-y-la-lactancia\/desastres-naturales\/\"]}]},{\"@type\":\"BreadcrumbList\",\"@id\":\"https:\/\/mothertobaby.org\/es\/exposiciones-durante-el-embarazo-y-la-lactancia\/desastres-naturales\/#breadcrumb\",\"itemListElement\":[{\"@type\":\"ListItem\",\"position\":1,\"name\":\"Home\",\"item\":\"https:\/\/mothertobaby.org\/es\/\"},{\"@type\":\"ListItem\",\"position\":2,\"name\":\"Exposiciones Durante el Embarazo y la Lactancia\",\"item\":\"https:\/\/mothertobaby.org\/es\/exposiciones-durante-el-embarazo-y-la-lactancia\/\"},{\"@type\":\"ListItem\",\"position\":3,\"name\":\"Desastres Naturales\"}]},{\"@type\":\"WebSite\",\"@id\":\"https:\/\/mothertobaby.org\/es\/#website\",\"url\":\"https:\/\/mothertobaby.org\/es\/\",\"name\":\"MotherToBaby\",\"description\":\"Medications and More during pregnancy and breastfeeding\",\"publisher\":{\"@id\":\"https:\/\/mothertobaby.org\/es\/#organization\"},\"potentialAction\":[{\"@type\":\"SearchAction\",\"target\":{\"@type\":\"EntryPoint\",\"urlTemplate\":\"https:\/\/mothertobaby.org\/es\/?s={search_term_string}\"},\"query-input\":\"required name=search_term_string\"}],\"inLanguage\":\"es\"},{\"@type\":\"Organization\",\"@id\":\"https:\/\/mothertobaby.org\/es\/#organization\",\"name\":\"MotherToBaby\",\"url\":\"https:\/\/mothertobaby.org\/es\/\",\"logo\":{\"@type\":\"ImageObject\",\"inLanguage\":\"es\",\"@id\":\"https:\/\/mothertobaby.org\/es\/#\/schema\/logo\/image\/\",\"url\":\"https:\/\/mothertobaby.org\/wp-content\/uploads\/2023\/06\/MTB-horz-copyright-sm-1.png\",\"contentUrl\":\"https:\/\/mothertobaby.org\/wp-content\/uploads\/2023\/06\/MTB-horz-copyright-sm-1.png\",\"width\":284,\"height\":52,\"caption\":\"MotherToBaby\"},\"image\":{\"@id\":\"https:\/\/mothertobaby.org\/es\/#\/schema\/logo\/image\/\"}}]}<\/script>\n<!-- \/ Yoast SEO Premium plugin. -->","yoast_head_json":{"title":"Desastres Naturales - MotherToBaby","description":"Estar embarazada o amamantar a un beb\u00e9 puede ser un desaf\u00edo en condiciones normales, pero hacerlo cuando su mundo est\u00e1 en desorden debido a un desastre natural puede ser abrumador.","robots":{"index":"index","follow":"follow","max-snippet":"max-snippet:-1","max-image-preview":"max-image-preview:large","max-video-preview":"max-video-preview:-1"},"canonical":"https:\/\/mothertobaby.org\/es\/exposiciones-durante-el-embarazo-y-la-lactancia\/desastres-naturales\/","og_locale":"es_ES","og_type":"article","og_title":"Desastres Naturales","og_description":"Estar embarazada o amamantar a un beb\u00e9 puede ser un desaf\u00edo en condiciones normales, pero hacerlo cuando su mundo est\u00e1 en desorden debido a un desastre natural puede ser abrumador.","og_url":"https:\/\/mothertobaby.org\/es\/exposiciones-durante-el-embarazo-y-la-lactancia\/desastres-naturales\/","og_site_name":"MotherToBaby","article_modified_time":"2025-01-07T17:33:06+00:00","og_image":[{"width":1898,"height":603,"url":"https:\/\/mothertobaby.org\/wp-content\/uploads\/2024\/05\/NaturalDisasters0624.jpg","type":"image\/jpeg"}],"twitter_card":"summary_large_image","twitter_misc":{"Tiempo de lectura":"3 minutos"},"schema":{"@context":"https:\/\/schema.org","@graph":[{"@type":"WebPage","@id":"https:\/\/mothertobaby.org\/es\/exposiciones-durante-el-embarazo-y-la-lactancia\/desastres-naturales\/","url":"https:\/\/mothertobaby.org\/es\/exposiciones-durante-el-embarazo-y-la-lactancia\/desastres-naturales\/","name":"Desastres Naturales - MotherToBaby","isPartOf":{"@id":"https:\/\/mothertobaby.org\/es\/#website"},"datePublished":"2024-10-08T17:15:31+00:00","dateModified":"2025-01-07T17:33:06+00:00","description":"Estar embarazada o amamantar a un beb\u00e9 puede ser un desaf\u00edo en condiciones normales, pero hacerlo cuando su mundo est\u00e1 en desorden debido a un desastre natural puede ser abrumador.","breadcrumb":{"@id":"https:\/\/mothertobaby.org\/es\/exposiciones-durante-el-embarazo-y-la-lactancia\/desastres-naturales\/#breadcrumb"},"inLanguage":"es","potentialAction":[{"@type":"ReadAction","target":["https:\/\/mothertobaby.org\/es\/exposiciones-durante-el-embarazo-y-la-lactancia\/desastres-naturales\/"]}]},{"@type":"BreadcrumbList","@id":"https:\/\/mothertobaby.org\/es\/exposiciones-durante-el-embarazo-y-la-lactancia\/desastres-naturales\/#breadcrumb","itemListElement":[{"@type":"ListItem","position":1,"name":"Home","item":"https:\/\/mothertobaby.org\/es\/"},{"@type":"ListItem","position":2,"name":"Exposiciones Durante el Embarazo y la Lactancia","item":"https:\/\/mothertobaby.org\/es\/exposiciones-durante-el-embarazo-y-la-lactancia\/"},{"@type":"ListItem","position":3,"name":"Desastres Naturales"}]},{"@type":"WebSite","@id":"https:\/\/mothertobaby.org\/es\/#website","url":"https:\/\/mothertobaby.org\/es\/","name":"MotherToBaby","description":"Medications and More during pregnancy and breastfeeding","publisher":{"@id":"https:\/\/mothertobaby.org\/es\/#organization"},"potentialAction":[{"@type":"SearchAction","target":{"@type":"EntryPoint","urlTemplate":"https:\/\/mothertobaby.org\/es\/?s={search_term_string}"},"query-input":"required name=search_term_string"}],"inLanguage":"es"},{"@type":"Organization","@id":"https:\/\/mothertobaby.org\/es\/#organization","name":"MotherToBaby","url":"https:\/\/mothertobaby.org\/es\/","logo":{"@type":"ImageObject","inLanguage":"es","@id":"https:\/\/mothertobaby.org\/es\/#\/schema\/logo\/image\/","url":"https:\/\/mothertobaby.org\/wp-content\/uploads\/2023\/06\/MTB-horz-copyright-sm-1.png","contentUrl":"https:\/\/mothertobaby.org\/wp-content\/uploads\/2023\/06\/MTB-horz-copyright-sm-1.png","width":284,"height":52,"caption":"MotherToBaby"},"image":{"@id":"https:\/\/mothertobaby.org\/es\/#\/schema\/logo\/image\/"}}]}},"featured_image_src":"https:\/\/mothertobaby.org\/wp-content\/uploads\/2024\/05\/NaturalDisasters0624-600x400.jpg","featured_image_src_square":"https:\/\/mothertobaby.org\/wp-content\/uploads\/2024\/05\/NaturalDisasters0624-600x600.jpg","_links":{"self":[{"href":"https:\/\/mothertobaby.org\/es\/wp-json\/wp\/v2\/pages\/10469","targetHints":{"allow":["GET"]}}],"collection":[{"href":"https:\/\/mothertobaby.org\/es\/wp-json\/wp\/v2\/pages"}],"about":[{"href":"https:\/\/mothertobaby.org\/es\/wp-json\/wp\/v2\/types\/page"}],"author":[{"embeddable":true,"href":"https:\/\/mothertobaby.org\/es\/wp-json\/wp\/v2\/users\/208"}],"replies":[{"embeddable":true,"href":"https:\/\/mothertobaby.org\/es\/wp-json\/wp\/v2\/comments?post=10469"}],"version-history":[{"count":0,"href":"https:\/\/mothertobaby.org\/es\/wp-json\/wp\/v2\/pages\/10469\/revisions"}],"up":[{"embeddable":true,"href":"https:\/\/mothertobaby.org\/es\/wp-json\/wp\/v2\/pages\/6524"}],"wp:featuredmedia":[{"embeddable":true,"href":"https:\/\/mothertobaby.org\/es\/wp-json\/wp\/v2\/media\/10474"}],"wp:attachment":[{"href":"https:\/\/mothertobaby.org\/es\/wp-json\/wp\/v2\/media?parent=10469"}],"wp:term":[{"taxonomy":"medical-specialty","embeddable":true,"href":"https:\/\/mothertobaby.org\/es\/wp-json\/wp\/v2\/medical-specialty?post=10469"},{"taxonomy":"related-content","embeddable":true,"href":"https:\/\/mothertobaby.org\/es\/wp-json\/wp\/v2\/related-content?post=10469"}],"curies":[{"name":"wp","href":"https:\/\/api.w.org\/{rel}","templated":true}]}}