{"id":10964,"date":"2024-07-30T21:04:39","date_gmt":"2024-07-31T04:04:39","guid":{"rendered":"https:\/\/mothertobaby.org\/?page_id=10964"},"modified":"2024-10-03T10:57:23","modified_gmt":"2024-10-03T17:57:23","slug":"nuestro-informe-anual-impacto-informacion-financiera","status":"publish","type":"page","link":"https:\/\/mothertobaby.org\/es\/nuestro-informe-anual-impacto-informacion-financiera\/","title":{"rendered":"Nuestro Informe Anual de Impacto e Informaci\u00f3n Financiera"},"content":{"rendered":"\n<h2 class=\"wp-block-heading\" id=\"h-impacto-de-mothertobaby\">Impacto de MotherToBaby<\/h2>\n\n\n\n<p>Cada a\u00f1o, <a href=\"\/es\/nuestro-trabajo\/\">MotherToBaby<\/a> marca la diferencia en la salud materna e infantil al proporcionar informaci\u00f3n basada en la evidencia a las madres, las familias y el p\u00fablico sobre los beneficios y riesgos de las exposiciones.\u00a0 En 2023, MotherToBaby respondi\u00f3 a m\u00e1s de 36,000 preguntas de exposici\u00f3n por tel\u00e9fono, mensaje de texto, correo electr\u00f3nico o chat.\u00a0 Su generosidad garantiza que podamos seguir prestando nuestros servicios confidenciales de forma gratuita.<\/p>\n\n\n\n<p>Aprenda m\u00e1s sobre el impacto que tuvimos al educar al p\u00fablico sobre <a href=\"\/es\/exposiciones-durante-el-embarazo-y-la-lactancia\/\">los beneficios y riesgos de las exposiciones<\/a> durante el embarazo y la lactancia para mejorar la salud materna e infantil.<\/p>\n\n\n\n<div class=\"wp-block-buttons is-layout-flex wp-block-buttons-is-layout-flex\">\n<div class=\"wp-block-button\"><a class=\"wp-block-button__link wp-element-button\">Lea el Informe de impacto anual de 2023<\/a><\/div>\n<\/div>\n\n\n\n<h2 class=\"wp-block-heading\" id=\"h-proporcionandole-informacion-confiable-sobre-la-exposicion-durante-el-embarazo-y-la-lactancia\">Proporcion\u00e1ndole Informaci\u00f3n Confiable Sobre la Exposici\u00f3n Durante el Embarazo y la Lactancia<\/h2>\n\n\n\n<h3 class=\"wp-block-heading\" id=\"h-servicio-de-informacion-sobre-la-exposicion-de-mothertobaby\">Servicio de informaci\u00f3n sobre la exposici\u00f3n de MotherToBaby<\/h3>\n\n\n\n<p>Nuestros expertos de MotherToBaby respondieron a 36,568 preguntas sobre la exposici\u00f3n por tel\u00e9fono, mensaje de texto, correo electr\u00f3nico o chat. El servicio es confidencial y se proporciona sin costo alguno.<\/p>\n\n\n\n<figure class=\"wp-block-image size-large\"><img decoding=\"async\" src=\"https:\/\/mothertobaby.org\/wp-content\/uploads\/2024\/10\/MTB-Impact-Report-Graphic-Spanish-1024.png\" alt=\"\"\/><\/figure>\n\n\n\n<div class=\"wp-block-genesis-blocks-gb-columns gb-layout-columns-2 gb-2-col-wideleft\"><div class=\"gb-layout-column-wrap gb-block-layout-column-gap-2 gb-is-responsive-column\">\n<div class=\"wp-block-genesis-blocks-gb-column gb-block-layout-column\"><div class=\"gb-block-layout-column-inner\">\n<h3 class=\"wp-block-heading\" id=\"h-estudios-de-embarazo-de-mothertobaby\">Estudios de Embarazo de MotherToBaby<\/h3>\n\n\n\n<p>MotherToBaby Pregnancy Studies es un programa de investigaci\u00f3n que busca comprender c\u00f3mo ciertos medicamentos, vacunas o condiciones de salud pueden afectar el embarazo.\u00a0Estudios de Embarazo MotherToBaby han sido instrumentales en identificar exposiciones previamente no reconocidas que pueden ser da\u00f1inas a un embarazo, al igual que descartando riesgos significativos para otros medicamentos y vacunas.\u00a0\u00a0MotherToBaby Pregnancy Studies tiene m\u00e1s de 20 a\u00f1os de experiencia en la observaci\u00f3n de personas embarazadas y de los resultados del parto.\u00a0Nuestra meta es proporcionarles a los padres y sus proveedores de salud con la informaci\u00f3n basada en evidencias que necesitan para hacer decisiones de salud m\u00e9dicas m\u00e1s informadas durante embarazo para la salud de la persona embarazada y su embarazo.<\/p>\n<\/div><\/div>\n\n\n\n<div class=\"wp-block-genesis-blocks-gb-column gb-block-layout-column\"><div class=\"gb-block-layout-column-inner\">\n<div style=\"height:47px\" aria-hidden=\"true\" class=\"wp-block-spacer\"><\/div>\n\n\n\n<figure class=\"wp-block-image size-large is-resized\"><img loading=\"lazy\" decoding=\"async\" width=\"1024\" height=\"233\" src=\"https:\/\/mothertobaby.org\/wp-content\/uploads\/2024\/09\/MTB-spanish-logo-final-1024x233.png\" alt=\"\" class=\"wp-image-11586\" style=\"width:301px;height:auto\" srcset=\"https:\/\/mothertobaby.org\/wp-content\/uploads\/2024\/09\/MTB-spanish-logo-final-1024x233.png 1024w, https:\/\/mothertobaby.org\/wp-content\/uploads\/2024\/09\/MTB-spanish-logo-final-300x68.png 300w, https:\/\/mothertobaby.org\/wp-content\/uploads\/2024\/09\/MTB-spanish-logo-final-768x175.png 768w, https:\/\/mothertobaby.org\/wp-content\/uploads\/2024\/09\/MTB-spanish-logo-final-1536x349.png 1536w, https:\/\/mothertobaby.org\/wp-content\/uploads\/2024\/09\/MTB-spanish-logo-final-2048x466.png 2048w, https:\/\/mothertobaby.org\/wp-content\/uploads\/2024\/09\/MTB-spanish-logo-final-720x164.png 720w\" sizes=\"auto, (max-width: 1024px) 100vw, 1024px\" \/><\/figure>\n<\/div><\/div>\n<\/div><\/div>\n\n\n\n<div class=\"wp-block-genesis-blocks-gb-columns gb-layout-columns-2 gb-2-col-wideleft\"><div class=\"gb-layout-column-wrap gb-block-layout-column-gap-2 gb-is-responsive-column\">\n<div class=\"wp-block-genesis-blocks-gb-column gb-block-layout-column\"><div class=\"gb-block-layout-column-inner\">\n<h3 class=\"wp-block-heading\" id=\"h-biblioteca-nacional-de-medicina\">Biblioteca Nacional de Medicina<\/h3>\n\n\n\n<p>MotherToBaby es colaborador de la prestigiosa <a href=\"https:\/\/www.nlm.nih.gov\/\" target=\"_blank\" rel=\"noreferrer noopener\">Biblioteca Nacional de Medicina<\/a> (NLM, por sus siglas en ingl\u00e9s) con m\u00e1s de 250 hojas informativas biling\u00fces basadas en evidencia. Durante m\u00e1s de 200 a\u00f1os, la NLM ha sido un socio para el descubrimiento biol\u00f3gico, la toma de decisiones de atenci\u00f3n cl\u00ednica y las opciones de atenci\u00f3n m\u00e9dica para la vida cotidiana. <a href=\"\/es\/hojas-informativas\/\">Las hojas informativas<\/a> de MotherToBaby contienen preguntas frecuentes y sus respuestas sobre la exposici\u00f3n durante el embarazo y la lactancia, y son accesibles en todo Estados Unidos a trav\u00e9s de las bibliotecas gratuitas del gobierno, las instituciones p\u00fablicas y las bases de datos.<\/p>\n<\/div><\/div>\n\n\n\n<div class=\"wp-block-genesis-blocks-gb-column gb-block-layout-column\"><div class=\"gb-block-layout-column-inner\">\n<div style=\"height:47px\" aria-hidden=\"true\" class=\"wp-block-spacer\"><\/div>\n\n\n\n<figure class=\"wp-block-image size-full\"><img loading=\"lazy\" decoding=\"async\" width=\"300\" height=\"113\" src=\"https:\/\/mothertobaby.org\/wp-content\/uploads\/2024\/09\/logo_nnlm_2020.png\" alt=\"\" class=\"wp-image-11444\"\/><\/figure>\n<\/div><\/div>\n<\/div><\/div>\n\n\n\n<div class=\"wp-block-genesis-blocks-gb-columns gb-layout-columns-2 gb-2-col-wideleft\"><div class=\"gb-layout-column-wrap gb-block-layout-column-gap-2 gb-is-responsive-column\">\n<div class=\"wp-block-genesis-blocks-gb-column gb-block-layout-column\"><div class=\"gb-block-layout-column-inner\">\n<h3 class=\"wp-block-heading\" id=\"h-lact-rx\">Lact Rx<\/h3>\n\n\n\n<p>LactRx de MotherToBaby es una aplicaci\u00f3n gratuita que proporciona informaci\u00f3n actualizada sobre el uso de medicamentos, vacunas, agentes de diagn\u00f3stico y medicamentos de uso indebido durante la lactancia. La aplicaci\u00f3n se ha descargado m\u00e1s de 6,700 veces con 13,238 sesiones activas.<\/p>\n<\/div><\/div>\n\n\n\n<div class=\"wp-block-genesis-blocks-gb-column gb-block-layout-column\"><div class=\"gb-block-layout-column-inner\">\n<div style=\"height:44px\" aria-hidden=\"true\" class=\"wp-block-spacer\"><\/div>\n\n\n\n<figure class=\"wp-block-image size-full is-resized\"><img loading=\"lazy\" decoding=\"async\" width=\"500\" height=\"130\" src=\"https:\/\/mothertobaby.org\/wp-content\/uploads\/2024\/09\/LactRx-Logo-Copyright.png\" alt=\"\" class=\"wp-image-11452\" style=\"width:300px;height:auto\" srcset=\"https:\/\/mothertobaby.org\/wp-content\/uploads\/2024\/09\/LactRx-Logo-Copyright.png 500w, https:\/\/mothertobaby.org\/wp-content\/uploads\/2024\/09\/LactRx-Logo-Copyright-300x78.png 300w\" sizes=\"auto, (max-width: 500px) 100vw, 500px\" \/><\/figure>\n<\/div><\/div>\n<\/div><\/div>\n\n\n\n<h2 class=\"wp-block-heading\" id=\"h-informacion-financiera\">Informaci\u00f3n Financiera<\/h2>\n\n\n\n<p>De acuerdo con los directrices de la Junta de Normas de Contabilidad Financiera (FASB, por sus siglas en ingl\u00e9s) y directrices del Servicio de Impuestos Internos (IRS, por sus siglas en ingl\u00e9s), MotherToBaby asigna una parte de nuestros costos de recaudaci\u00f3n de fondos a los servicios del programa. Como organizaci\u00f3n sin fines de lucro que est\u00e1 exenta de impuestos federales, nos aseguramos de que el dinero de nuestros donantes se gaste de la manera m\u00e1s eficiente y efectiva posible. Para obtener m\u00e1s informaci\u00f3n o para denunciar cualquier irregularidad, llame a MotherToBaby al 615.649.3082.<\/p>\n\n\n\n<div class=\"wp-block-buttons is-layout-flex wp-block-buttons-is-layout-flex\">\n<div class=\"wp-block-button\"><a class=\"wp-block-button__link wp-element-button\" href=\"https:\/\/mothertobaby.org\/wp-content\/uploads\/2024\/07\/2022-PUBLIC-11.13.23.pdf\" target=\"_blank\" rel=\"noreferrer noopener\">Lea el Informe de impacto anual de 2023<\/a><\/div>\n<\/div>\n\n\n\n<div class=\"wp-block-buttons is-layout-flex wp-block-buttons-is-layout-flex\">\n<div class=\"wp-block-button\"><a class=\"wp-block-button__link wp-element-button\" href=\"https:\/\/mothertobaby.org\/wp-content\/uploads\/2024\/07\/2021-PUBLIC-11.10.22.pdf\" target=\"_blank\" rel=\"noreferrer noopener\">Ver el Informe de Impacto Anual de 2022<\/a><\/div>\n<\/div>\n\n\n\n<div class=\"wp-block-buttons is-layout-flex wp-block-buttons-is-layout-flex\">\n<div class=\"wp-block-button\"><a class=\"wp-block-button__link wp-element-button\" href=\"https:\/\/mothertobaby.org\/wp-content\/uploads\/2024\/07\/2020-OTIS-990-PUBLIC.pdf\" target=\"_blank\" rel=\"noreferrer noopener\">Ver el Informe de Impacto Anual de 2021<\/a><\/div>\n<\/div>\n\n\n\n<div style=\"height:100px\" aria-hidden=\"true\" class=\"wp-block-spacer\"><\/div>\n\n\n\n<div style=\"background-color:#f9f9ff;padding-left:8%;padding-right:8%\" class=\"wp-block-genesis-blocks-gb-container alignfull mtb-hp-block mtb-3-col-cta-row gb-block-container\"><div class=\"gb-container-inside\"><div class=\"gb-container-content\" style=\"max-width:1120px\">\n<div class=\"wp-block-genesis-blocks-gb-columns light-text mtb-3-col-cta no-link-underline gb-layout-columns-3 gb-3-col-equal\"><div class=\"gb-layout-column-wrap gb-block-layout-column-gap-3 gb-is-responsive-column\">\n<div class=\"wp-block-genesis-blocks-gb-column mtb-cta-radius gb-block-layout-column\"><div class=\"gb-block-layout-column-inner gb-has-custom-background-color\" style=\"background-color:#522e83\">\n<h3 class=\"wp-block-heading has-text-align-left\" id=\"h-nuestro-equipo\">Nuestro Equipo<\/h3>\n\n\n\n<p class=\"has-text-align-left\">Nuestros expertos responden preguntas sobre exposiciones durante el embarazo y la lactancia y realizan investigaciones en curso.<\/p>\n\n\n\n<div class=\"wp-block-buttons is-layout-flex wp-block-buttons-is-layout-flex\">\n<div class=\"wp-block-button has-custom-font-size mtb-std-block-btn gb-block-button\" style=\"font-size:20px;line-height:1.2\"><a class=\"wp-block-button__link has-text-color has-background wp-element-button\" href=\"\/es\/equipo\/\" style=\"border-radius:5px;color:#ffffff;background-color:#3373dc;padding-top:10px;padding-right:1em;padding-bottom:10px;padding-left:1em\">Conoza a<\/a><\/div>\n<\/div>\n<\/div><\/div>\n\n\n\n<div class=\"wp-block-genesis-blocks-gb-column mtb-cta-radius gb-block-layout-column\"><div class=\"gb-block-layout-column-inner gb-has-custom-background-color\" style=\"background-color:#522e83\">\n<h3 class=\"wp-block-heading has-text-align-left\" id=\"h-mantengamonos-en-contacto\">Manteng\u00e1monos en contacto<\/h3>\n\n\n\n<p class=\"has-text-align-left\">Nuestro bolet\u00edn electr\u00f3nico le ofrece la \u00faltima informaci\u00f3n, noticias y recursos de los expertos de MotherToBaby.<\/p>\n\n\n\n<div class=\"wp-block-buttons is-layout-flex wp-block-buttons-is-layout-flex\">\n<div class=\"wp-block-button has-custom-font-size mtb-std-block-btn gb-block-button\" style=\"font-size:20px;line-height:1.2\"><a class=\"wp-block-button__link has-text-color has-background wp-element-button\" href=\"\/es\/inscribirse-para-boletin-electronico\/\" style=\"border-radius:5px;color:#ffffff;background-color:#3373dc;padding-top:10px;padding-right:1em;padding-bottom:10px;padding-left:1em\">Inscribirse<\/a><\/div>\n<\/div>\n<\/div><\/div>\n\n\n\n<div class=\"wp-block-genesis-blocks-gb-column mtb-cta-radius gb-block-layout-column\"><div class=\"gb-block-layout-column-inner has-orange-cta-background-color\">\n<h3 class=\"wp-block-heading has-text-align-left\" id=\"h-pregunte-a-nuestros-expertos\">Pregunte a Nuestros Expertos<\/h3>\n\n\n\n<p class=\"has-text-align-left\">Llame, env\u00ede mensajes de texto, chatee, o env\u00ede un correo electr\u00f3nico para obtener una evaluaci\u00f3n de riesgos personalizada y gratuita sobre las exposiciones en el embarazo y la lactancia.<\/p>\n\n\n\n<div class=\"wp-block-buttons is-layout-flex wp-block-buttons-is-layout-flex\">\n<div class=\"wp-block-button has-custom-font-size mtb-std-block-btn gb-block-button\" style=\"font-size:20px;line-height:1.2\"><a class=\"wp-block-button__link has-text-color has-background wp-element-button\" href=\"\/es\/donar\/\" style=\"border-radius:5px;color:#ffffff;background-color:#3373dc;padding-top:10px;padding-right:1em;padding-bottom:10px;padding-left:1em\">Contactar<\/a><\/div>\n<\/div>\n<\/div><\/div>\n<\/div><\/div>\n<\/div><\/div><\/div>\n","protected":false},"excerpt":{"rendered":"<p>Impacto de MotherToBaby Cada a\u00f1o, MotherToBaby marca la diferencia en la salud materna e infantil al proporcionar informaci\u00f3n basada en la evidencia a las madres, las familias y el p\u00fablico sobre los beneficios y riesgos de las exposiciones.\u00a0 En 2023, MotherToBaby respondi\u00f3 a m\u00e1s de 36,000 preguntas de exposici\u00f3n por tel\u00e9fono, mensaje de texto, correo [&hellip;]<\/p>\n","protected":false},"author":208,"featured_media":11474,"parent":0,"menu_order":0,"comment_status":"closed","ping_status":"closed","template":"page-templates\/inner-page.php","meta":{"_searchwp_excluded":"","_genesis_hide_title":false,"_genesis_hide_breadcrumbs":false,"_genesis_hide_singular_image":false,"_genesis_hide_footer_widgets":false,"_genesis_custom_body_class":"","_genesis_custom_post_class":"","_genesis_layout":"full-width-content","footnotes":""},"medical-specialty":[],"related-content":[],"class_list":{"0":"post-10964","1":"page","2":"type-page","3":"status-publish","4":"has-post-thumbnail","6":"entry"},"yoast_head":"<!-- This site is optimized with the Yoast SEO Premium plugin v20.13 (Yoast SEO v20.13) - https:\/\/yoast.com\/wordpress\/plugins\/seo\/ -->\n<title>Informe Anual de Impacto e Informaci\u00f3n Financiera | MotherToBaby<\/title>\n<meta name=\"description\" content=\"MotherToBaby marca la diferencia en la salud materna e infantil al proporcionar informaci\u00f3n basada en la evidencia a las madres, las familias y el p\u00fablico sobre los beneficios y riesgos de las exposiciones.\" \/>\n<meta name=\"robots\" content=\"index, follow, max-snippet:-1, max-image-preview:large, max-video-preview:-1\" \/>\n<link rel=\"canonical\" href=\"https:\/\/mothertobaby.org\/es\/nuestro-informe-anual-impacto-informacion-financiera\/\" \/>\n<meta property=\"og:locale\" content=\"es_ES\" \/>\n<meta property=\"og:type\" content=\"article\" \/>\n<meta property=\"og:title\" content=\"Nuestro Informe Anual de Impacto e Informaci\u00f3n Financiera\" \/>\n<meta property=\"og:description\" content=\"MotherToBaby marca la diferencia en la salud materna e infantil al proporcionar informaci\u00f3n basada en la evidencia a las madres, las familias y el p\u00fablico sobre los beneficios y riesgos de las exposiciones.\" \/>\n<meta property=\"og:url\" content=\"https:\/\/mothertobaby.org\/es\/nuestro-informe-anual-impacto-informacion-financiera\/\" \/>\n<meta property=\"og:site_name\" content=\"MotherToBaby\" \/>\n<meta property=\"article:modified_time\" content=\"2024-10-03T17:57:23+00:00\" \/>\n<meta property=\"og:image\" content=\"https:\/\/mothertobaby.org\/wp-content\/uploads\/2024\/09\/MotherToBaby-Impact-Report-Header0924.jpg\" \/>\n\t<meta property=\"og:image:width\" content=\"1597\" \/>\n\t<meta property=\"og:image:height\" content=\"900\" \/>\n\t<meta property=\"og:image:type\" content=\"image\/jpeg\" \/>\n<meta name=\"twitter:card\" content=\"summary_large_image\" \/>\n<meta name=\"twitter:label1\" content=\"Tiempo de lectura\" \/>\n\t<meta name=\"twitter:data1\" content=\"4 minutos\" \/>\n<script type=\"application\/ld+json\" class=\"yoast-schema-graph\">{\"@context\":\"https:\/\/schema.org\",\"@graph\":[{\"@type\":\"WebPage\",\"@id\":\"https:\/\/mothertobaby.org\/es\/nuestro-informe-anual-impacto-informacion-financiera\/\",\"url\":\"https:\/\/mothertobaby.org\/es\/nuestro-informe-anual-impacto-informacion-financiera\/\",\"name\":\"Informe Anual de Impacto e Informaci\u00f3n Financiera | MotherToBaby\",\"isPartOf\":{\"@id\":\"https:\/\/mothertobaby.org\/es\/#website\"},\"datePublished\":\"2024-07-31T04:04:39+00:00\",\"dateModified\":\"2024-10-03T17:57:23+00:00\",\"description\":\"MotherToBaby marca la diferencia en la salud materna e infantil al proporcionar informaci\u00f3n basada en la evidencia a las madres, las familias y el p\u00fablico sobre los beneficios y riesgos de las exposiciones.\",\"breadcrumb\":{\"@id\":\"https:\/\/mothertobaby.org\/es\/nuestro-informe-anual-impacto-informacion-financiera\/#breadcrumb\"},\"inLanguage\":\"es\",\"potentialAction\":[{\"@type\":\"ReadAction\",\"target\":[\"https:\/\/mothertobaby.org\/es\/nuestro-informe-anual-impacto-informacion-financiera\/\"]}]},{\"@type\":\"BreadcrumbList\",\"@id\":\"https:\/\/mothertobaby.org\/es\/nuestro-informe-anual-impacto-informacion-financiera\/#breadcrumb\",\"itemListElement\":[{\"@type\":\"ListItem\",\"position\":1,\"name\":\"Home\",\"item\":\"https:\/\/mothertobaby.org\/es\/\"},{\"@type\":\"ListItem\",\"position\":2,\"name\":\"Nuestro Informe Anual de Impacto e Informaci\u00f3n Financiera\"}]},{\"@type\":\"WebSite\",\"@id\":\"https:\/\/mothertobaby.org\/es\/#website\",\"url\":\"https:\/\/mothertobaby.org\/es\/\",\"name\":\"MotherToBaby\",\"description\":\"Medications and More during pregnancy and breastfeeding\",\"publisher\":{\"@id\":\"https:\/\/mothertobaby.org\/es\/#organization\"},\"potentialAction\":[{\"@type\":\"SearchAction\",\"target\":{\"@type\":\"EntryPoint\",\"urlTemplate\":\"https:\/\/mothertobaby.org\/es\/?s={search_term_string}\"},\"query-input\":\"required name=search_term_string\"}],\"inLanguage\":\"es\"},{\"@type\":\"Organization\",\"@id\":\"https:\/\/mothertobaby.org\/es\/#organization\",\"name\":\"MotherToBaby\",\"url\":\"https:\/\/mothertobaby.org\/es\/\",\"logo\":{\"@type\":\"ImageObject\",\"inLanguage\":\"es\",\"@id\":\"https:\/\/mothertobaby.org\/es\/#\/schema\/logo\/image\/\",\"url\":\"https:\/\/mothertobaby.org\/wp-content\/uploads\/2023\/06\/MTB-horz-copyright-sm-1.png\",\"contentUrl\":\"https:\/\/mothertobaby.org\/wp-content\/uploads\/2023\/06\/MTB-horz-copyright-sm-1.png\",\"width\":284,\"height\":52,\"caption\":\"MotherToBaby\"},\"image\":{\"@id\":\"https:\/\/mothertobaby.org\/es\/#\/schema\/logo\/image\/\"}}]}<\/script>\n<!-- \/ Yoast SEO Premium plugin. -->","yoast_head_json":{"title":"Informe Anual de Impacto e Informaci\u00f3n Financiera | MotherToBaby","description":"MotherToBaby marca la diferencia en la salud materna e infantil al proporcionar informaci\u00f3n basada en la evidencia a las madres, las familias y el p\u00fablico sobre los beneficios y riesgos de las exposiciones.","robots":{"index":"index","follow":"follow","max-snippet":"max-snippet:-1","max-image-preview":"max-image-preview:large","max-video-preview":"max-video-preview:-1"},"canonical":"https:\/\/mothertobaby.org\/es\/nuestro-informe-anual-impacto-informacion-financiera\/","og_locale":"es_ES","og_type":"article","og_title":"Nuestro Informe Anual de Impacto e Informaci\u00f3n Financiera","og_description":"MotherToBaby marca la diferencia en la salud materna e infantil al proporcionar informaci\u00f3n basada en la evidencia a las madres, las familias y el p\u00fablico sobre los beneficios y riesgos de las exposiciones.","og_url":"https:\/\/mothertobaby.org\/es\/nuestro-informe-anual-impacto-informacion-financiera\/","og_site_name":"MotherToBaby","article_modified_time":"2024-10-03T17:57:23+00:00","og_image":[{"width":1597,"height":900,"url":"https:\/\/mothertobaby.org\/wp-content\/uploads\/2024\/09\/MotherToBaby-Impact-Report-Header0924.jpg","type":"image\/jpeg"}],"twitter_card":"summary_large_image","twitter_misc":{"Tiempo de lectura":"4 minutos"},"schema":{"@context":"https:\/\/schema.org","@graph":[{"@type":"WebPage","@id":"https:\/\/mothertobaby.org\/es\/nuestro-informe-anual-impacto-informacion-financiera\/","url":"https:\/\/mothertobaby.org\/es\/nuestro-informe-anual-impacto-informacion-financiera\/","name":"Informe Anual de Impacto e Informaci\u00f3n Financiera | MotherToBaby","isPartOf":{"@id":"https:\/\/mothertobaby.org\/es\/#website"},"datePublished":"2024-07-31T04:04:39+00:00","dateModified":"2024-10-03T17:57:23+00:00","description":"MotherToBaby marca la diferencia en la salud materna e infantil al proporcionar informaci\u00f3n basada en la evidencia a las madres, las familias y el p\u00fablico sobre los beneficios y riesgos de las exposiciones.","breadcrumb":{"@id":"https:\/\/mothertobaby.org\/es\/nuestro-informe-anual-impacto-informacion-financiera\/#breadcrumb"},"inLanguage":"es","potentialAction":[{"@type":"ReadAction","target":["https:\/\/mothertobaby.org\/es\/nuestro-informe-anual-impacto-informacion-financiera\/"]}]},{"@type":"BreadcrumbList","@id":"https:\/\/mothertobaby.org\/es\/nuestro-informe-anual-impacto-informacion-financiera\/#breadcrumb","itemListElement":[{"@type":"ListItem","position":1,"name":"Home","item":"https:\/\/mothertobaby.org\/es\/"},{"@type":"ListItem","position":2,"name":"Nuestro Informe Anual de Impacto e Informaci\u00f3n Financiera"}]},{"@type":"WebSite","@id":"https:\/\/mothertobaby.org\/es\/#website","url":"https:\/\/mothertobaby.org\/es\/","name":"MotherToBaby","description":"Medications and More during pregnancy and breastfeeding","publisher":{"@id":"https:\/\/mothertobaby.org\/es\/#organization"},"potentialAction":[{"@type":"SearchAction","target":{"@type":"EntryPoint","urlTemplate":"https:\/\/mothertobaby.org\/es\/?s={search_term_string}"},"query-input":"required name=search_term_string"}],"inLanguage":"es"},{"@type":"Organization","@id":"https:\/\/mothertobaby.org\/es\/#organization","name":"MotherToBaby","url":"https:\/\/mothertobaby.org\/es\/","logo":{"@type":"ImageObject","inLanguage":"es","@id":"https:\/\/mothertobaby.org\/es\/#\/schema\/logo\/image\/","url":"https:\/\/mothertobaby.org\/wp-content\/uploads\/2023\/06\/MTB-horz-copyright-sm-1.png","contentUrl":"https:\/\/mothertobaby.org\/wp-content\/uploads\/2023\/06\/MTB-horz-copyright-sm-1.png","width":284,"height":52,"caption":"MotherToBaby"},"image":{"@id":"https:\/\/mothertobaby.org\/es\/#\/schema\/logo\/image\/"}}]}},"featured_image_src":"https:\/\/mothertobaby.org\/wp-content\/uploads\/2024\/09\/MotherToBaby-Impact-Report-Header0924-600x400.jpg","featured_image_src_square":"https:\/\/mothertobaby.org\/wp-content\/uploads\/2024\/09\/MotherToBaby-Impact-Report-Header0924-600x600.jpg","_links":{"self":[{"href":"https:\/\/mothertobaby.org\/es\/wp-json\/wp\/v2\/pages\/10964","targetHints":{"allow":["GET"]}}],"collection":[{"href":"https:\/\/mothertobaby.org\/es\/wp-json\/wp\/v2\/pages"}],"about":[{"href":"https:\/\/mothertobaby.org\/es\/wp-json\/wp\/v2\/types\/page"}],"author":[{"embeddable":true,"href":"https:\/\/mothertobaby.org\/es\/wp-json\/wp\/v2\/users\/208"}],"replies":[{"embeddable":true,"href":"https:\/\/mothertobaby.org\/es\/wp-json\/wp\/v2\/comments?post=10964"}],"version-history":[{"count":0,"href":"https:\/\/mothertobaby.org\/es\/wp-json\/wp\/v2\/pages\/10964\/revisions"}],"wp:featuredmedia":[{"embeddable":true,"href":"https:\/\/mothertobaby.org\/es\/wp-json\/wp\/v2\/media\/11474"}],"wp:attachment":[{"href":"https:\/\/mothertobaby.org\/es\/wp-json\/wp\/v2\/media?parent=10964"}],"wp:term":[{"taxonomy":"medical-specialty","embeddable":true,"href":"https:\/\/mothertobaby.org\/es\/wp-json\/wp\/v2\/medical-specialty?post=10964"},{"taxonomy":"related-content","embeddable":true,"href":"https:\/\/mothertobaby.org\/es\/wp-json\/wp\/v2\/related-content?post=10964"}],"curies":[{"name":"wp","href":"https:\/\/api.w.org\/{rel}","templated":true}]}}