{"id":15820,"date":"2026-04-07T09:10:22","date_gmt":"2026-04-07T16:10:22","guid":{"rendered":"https:\/\/mothertobaby.org\/?page_id=15820"},"modified":"2026-04-07T09:10:29","modified_gmt":"2026-04-07T16:10:29","slug":"antibioticos","status":"publish","type":"page","link":"https:\/\/mothertobaby.org\/es\/exposiciones-durante-el-embarazo-y-la-lactancia\/antibioticos\/","title":{"rendered":"Antibi\u00f3ticos"},"content":{"rendered":"\n<h2 class=\"wp-block-heading has-neutral-color has-text-color\" id=\"h-tratando-las-infecciones-en-el-embarazo-y-la-lactancia\"><strong>Tratando las infecciones en el embarazo y la lactancia<\/strong><\/h2>\n\n\n\n<p class=\"has-primary-purple-color has-text-color\"><em>Descargo de responsabilidad: Esta p\u00e1gina contiene informaci\u00f3n y recursos importantes sobre el uso de los antibi\u00f3ticos durante el embarazo y la lactancia, e incluye enlaces a nuestras Hojas Informativas basadas en evidencia. Sin embargo, los recursos que aqu\u00ed se ofrecen no deben sustituir la atenci\u00f3n y el asesoramiento de un profesional m\u00e9dico.<\/em><\/p>\n\n\n\n<p>Desde la faringitis estreptoc\u00f3cica hasta la neumon\u00eda, una infecci\u00f3n urinaria o una infecci\u00f3n de los senos nasales, un corte infectado o ciertas infecciones de transmisi\u00f3n sexual, hay muchas razones por las que podr\u00eda necesitar tomar un antibi\u00f3tico a lo largo de su vida. Pero si ocurre durante el embarazo o en la lactancia materna, podr\u00eda tener dudas sobre si un medicamento antibi\u00f3tico que necesita tomar podr\u00eda afectar a su beb\u00e9.<\/p>\n\n\n\n<blockquote class=\"wp-block-quote is-layout-flow wp-block-quote-is-layout-flow\">\n<p><em>\u201cAproximadamente una de cada cuatro mujeres recibir\u00e1 un antibi\u00f3tico durante el embarazo, lo que representa casi el 80% de los medicamentos recetados en mujeres embarazadas.\u201d<\/em><\/p>\n<cite>&#8212; <a href=\"https:\/\/accpjournals.onlinelibrary.wiley.com\/doi\/10.1002\/phar.1649\" target=\"_blank\" rel=\"noreferrer noopener\">Bookstaver et al. Pharmacotherapy. 2015 Nov;35(11): 1052-62<\/a><\/cite><\/blockquote>\n\n\n\n<p>Los antibi\u00f3ticos solo se utilizan para tratar infecciones bacterianas, como las descritas anteriormente; No se utilizan para tratar infecciones virales (como la gripe o el resfriado com\u00fan) ni infecciones f\u00fangicas (como una infecci\u00f3n por hongos). El antibi\u00f3tico que le recete su profesional de atenci\u00f3n de salud depender\u00e1 del tipo de infecci\u00f3n bacteriana que tenga.<\/p>\n\n\n\n<p>La mayor\u00eda de los antibi\u00f3ticos no se ha encontrado que afecten negativamente al embarazo o a un beb\u00e9 en desarrollo, aunque algunos generalmente se evitan durante el embarazo. Es importante destacar que, si est\u00e1 tomando un antibi\u00f3tico cuando descubre que est\u00e1 embarazada, NO deje de tomar el antibi\u00f3tico sin consultarlo antes con su profesional de atenci\u00f3n de salud. Muchas infecciones no tratadas est\u00e1n asociadas a complicaciones significativas del embarazo tales como el parto prematuro y aborto espont\u00e1neo. Por lo tanto, tratar adecuadamente su infecci\u00f3n es importante tanto para su salud como para la de su beb\u00e9. Adem\u00e1s, suspender un tratamiento a mitad del tratamiento aumenta la probabilidad de que la bacteria desarrolle <a href=\"https:\/\/www.cdc.gov\/antibiotic-use\/es\/data-research\/facts-stats\/index.html\" target=\"_blank\" rel=\"noreferrer noopener\">resistencia a los medicamentos antibi\u00f3ticos<\/a>. Hable <strong>siempre<\/strong> con su profesional de atenci\u00f3n de salud antes de dejar de tomar cualquier medicamento recetado.<\/p>\n\n\n\n<div style=\"height:20px\" aria-hidden=\"true\" class=\"wp-block-spacer\"><\/div>\n\n\n\n<div style=\"height:23px\" aria-hidden=\"true\" class=\"wp-block-spacer\"><\/div>\n\n\n\n<figure class=\"wp-block-image size-full\"><img loading=\"lazy\" decoding=\"async\" width=\"2560\" height=\"1152\" src=\"https:\/\/mothertobaby.org\/wp-content\/uploads\/2026\/02\/El-ABC-de-los-antibioticos-infographic-1-scaled.png\" alt=\"\" class=\"wp-image-16664\" srcset=\"https:\/\/mothertobaby.org\/wp-content\/uploads\/2026\/02\/El-ABC-de-los-antibioticos-infographic-1-scaled.png 2560w, https:\/\/mothertobaby.org\/wp-content\/uploads\/2026\/02\/El-ABC-de-los-antibioticos-infographic-1-300x135.png 300w, https:\/\/mothertobaby.org\/wp-content\/uploads\/2026\/02\/El-ABC-de-los-antibioticos-infographic-1-1024x461.png 1024w, https:\/\/mothertobaby.org\/wp-content\/uploads\/2026\/02\/El-ABC-de-los-antibioticos-infographic-1-768x346.png 768w, https:\/\/mothertobaby.org\/wp-content\/uploads\/2026\/02\/El-ABC-de-los-antibioticos-infographic-1-1536x691.png 1536w, https:\/\/mothertobaby.org\/wp-content\/uploads\/2026\/02\/El-ABC-de-los-antibioticos-infographic-1-2048x922.png 2048w, https:\/\/mothertobaby.org\/wp-content\/uploads\/2026\/02\/El-ABC-de-los-antibioticos-infographic-1-720x324.png 720w\" sizes=\"auto, (max-width: 2560px) 100vw, 2560px\" \/><\/figure>\n\n\n<p class=\"has-text-align-right\"><em>Referencia: <a href=\"https:\/\/infectionpreventionandyou.org\/wp-content\/uploads\/2013\/09\/AntibioticInfographic14_Spanish_FINAL.pdf\" target=\"_blank\" rel=\"noopener\">Infection Prevention and You<\/a><\/em><\/p>\n\n\n<div style=\"height:20px\" aria-hidden=\"true\" class=\"wp-block-spacer\"><\/div>\n\n\n\n<div style=\"height:23px\" aria-hidden=\"true\" class=\"wp-block-spacer\"><\/div>\n\n\n\n<div class=\"wp-block-genesis-blocks-gb-container gb-block-container\"><div class=\"gb-container-inside\"><div class=\"gb-container-content\">\n<p>Muchos antibi\u00f3ticos que se recetan com\u00fanmente \u2014aunque no todos\u2014 son compatibles con la lactancia materna. Estudios realizados con mujeres lactantes que toman antibi\u00f3ticos han encontrado peque\u00f1as cantidades del medicamento en la leche materna. Sin embargo, estas cantidades son mucho menores que la dosis que toma la madre y generalmente no se consideran perjudiciales para la salud del beb\u00e9. Los beb\u00e9s amamantados de madres que toman antibi\u00f3ticos deben ser monitorizados para detectar s\u00edntomas como diarrea, candidiasis (una infecci\u00f3n por hongos en la boca) y sarpullido en el pa\u00f1al. Si es una madre que est\u00e1 amamantando y tiene una infecci\u00f3n que requiere tratamiento antibi\u00f3tico, aseg\u00farese de que su profesional de atenci\u00f3n de salud sepa que est\u00e1 amamantando para que pueda elegir un medicamento que trate su infecci\u00f3n y maximice el bienestar de su beb\u00e9.<\/p>\n\n\n\n<p>Hable con su profesional de atenci\u00f3n de salud si tiene alguna pregunta o preocupaci\u00f3n sobre tomar antibi\u00f3ticos durante el embarazo o durante la lactancia. Nuestros expertos tambi\u00e9n est\u00e1n disponibles por <a href=\"https:\/\/mothertobaby.org\/es\/contactar\/\">tel\u00e9fono, mensaje de texto, correo electr\u00f3nico y chat<\/a> para responder a cualquier pregunta que tenga. <em>Tambi\u00e9n puede visitar nuestra colecci\u00f3n de recursos que aparece a continuaci\u00f3n.<\/em><\/p>\n<\/div><\/div><\/div>\n\n\n<div class=\"mtb-rel-cont-list mtb-rel-cont-block\" style=\"background-color: #F0ebf8;\"><h3>Hojas Informativas Relacionadas<\/h3><ul><li><a href='https:\/\/mothertobaby.org\/es\/hojas-informativas\/amoxicilina-clavulanato\/'>Amoxicilina y \u00e1cido clavul\u00e1nico<\/a><\/li><li><a href='https:\/\/mothertobaby.org\/es\/hojas-informativas\/cefalexina-keflex-keftab\/'>Cefalexina (Keflex\u00ae, Keftab\u00ae)<\/a><\/li><li><a href='https:\/\/mothertobaby.org\/es\/hojas-informativas\/la-ciprofloxacina\/'>Ciprofloxacina (Cipro\u00ae)<\/a><\/li><li><a href='https:\/\/mothertobaby.org\/es\/hojas-informativas\/clindamicina-el-embarazo\/'>Clindamicina<\/a><\/li><li><a href='https:\/\/mothertobaby.org\/es\/hojas-informativas\/dermatitis-atopica\/'>Dermatitis At\u00f3pica<\/a><\/li><li><a href='https:\/\/mothertobaby.org\/es\/hojas-informativas\/eritromicina\/'>Eritromicina<\/a><\/li><li><a href='https:\/\/mothertobaby.org\/es\/hojas-informativas\/listeriosis\/'>Infecci\u00f3n por Listeria (listeriosis)<\/a><\/li><li><a href='https:\/\/mothertobaby.org\/es\/hojas-informativas\/la-lactancia-despues-de-desastre-natural\/'>Lactancia despu\u00e9s de un desastre natural<\/a><\/li><li><a href='https:\/\/mothertobaby.org\/es\/hojas-informativas\/metronidazol-flagyl\/'>Metronidazol (Flagyl\u00ae)<\/a><\/li><li><a href='https:\/\/mothertobaby.org\/es\/hojas-informativas\/nitrofurantoina\/'>Nitrofuranto\u00edna<\/a><\/li><li><a href='https:\/\/mothertobaby.org\/es\/hojas-informativas\/penicilina-g\/'>Penicilina G<\/a><\/li><li><a href='https:\/\/mothertobaby.org\/es\/hojas-informativas\/estafilococo-aureus\/'>Staphylococcus aureus (infecci\u00f3n por estafilococo)<\/a><\/li><li><a href='https:\/\/mothertobaby.org\/es\/hojas-informativas\/sulfamethoxazoletrimethoprim-bactrim-septra\/'>Sulfametoxazol\/Trimetoprima (Bactrim\u00ae o Septra\u00ae)<\/a><\/li><li><a href='https:\/\/mothertobaby.org\/es\/hojas-informativas\/la-tetraciclina\/'>Tetraciclina<\/a><\/li><li><a href='https:\/\/mothertobaby.org\/es\/hojas-informativas\/ofloxacina\/'>\u200b\u200bOfloxacina\u200b<\/a><\/li><\/ul><\/div>\n\n\n\n\n\n\n\n\n\n<h3 class=\"wp-block-heading\" id=\"h-recursos-externos\">Recursos Externos<\/h3>\n\n\n\n<ul class=\"wp-block-list\">\n<li>Biblioteca Nacional de Medicina: <a href=\"https:\/\/medlineplus.gov\/spanish\/antibiotics.html\" target=\"_blank\" rel=\"noreferrer noopener\">Antibi\u00f3ticos<\/a><\/li>\n\n\n\n<li>Centros para el Control y la Prevenci\u00f3n de Enfermedades: <a href=\"https:\/\/www.cdc.gov\/antibiotic-use\/es\/data-research\/facts-stats\/index.html\" target=\"_blank\" rel=\"noreferrer noopener\">Datos sobre el uso de antibi\u00f3ticos y la resistencia a los antimicrobianos<\/a><\/li>\n\n\n\n<li>Centros para el Control y la Prevenci\u00f3n de Enfermedades: H\u00e1bitos Saludables:<a href=\"https:\/\/www.cdc.gov\/antibiotic-use\/es\/about\/index.html\" target=\"_blank\" rel=\"noreferrer noopener\">Qu\u00e9 Hacer y Qu\u00e9 No Hacer Con los Antibi\u00f3ticos <\/a><\/li>\n\n\n\n<li>Organizaci\u00f3n Mundial de la Salud: <a href=\"https:\/\/www.who.int\/es\/news-room\/fact-sheets\/detail\/antimicrobial-resistance\" target=\"_blank\" rel=\"noreferrer noopener\">Resistencia a los antimicrobianos<\/a><\/li>\n<\/ul>\n\n\n\n<h3 class=\"wp-block-heading\" id=\"h-socios\">Socios<\/h3>\n\n\n\n<ul class=\"wp-block-list\">\n<li><a href=\"https:\/\/www.patienteducationgenius.com\/\" target=\"_blank\" rel=\"noreferrer noopener\">Genius de Educaci\u00f3n para el Paciente<\/a><\/li>\n\n\n\n<li><a href=\"https:\/\/birthdefectsresearch.org\/\" target=\"_blank\" rel=\"noreferrer noopener\">Sociedad para la Investigaci\u00f3n y Prevenci\u00f3n de Defectos de Nacimiento<\/a><\/li>\n\n\n\n<li><a href=\"https:\/\/www.smfm.org\/\" target=\"_blank\" rel=\"noreferrer noopener\">Sociedad de Medicina Materno-Fetal<\/a><\/li>\n<\/ul>\n\n\n\n<div style=\"height:100px\" aria-hidden=\"true\" class=\"wp-block-spacer\"><\/div>\n\n\n\n<div style=\"background-color:#f9f9ff;padding-left:8%;padding-right:8%\" class=\"wp-block-genesis-blocks-gb-container alignfull mtb-hp-block mtb-3-col-cta-row gb-block-container\"><div class=\"gb-container-inside\"><div class=\"gb-container-content\" style=\"max-width:1120px\">\n<div class=\"wp-block-genesis-blocks-gb-columns light-text mtb-3-col-cta no-link-underline gb-layout-columns-3 gb-3-col-equal\"><div class=\"gb-layout-column-wrap gb-block-layout-column-gap-3 gb-is-responsive-column\">\n<div class=\"wp-block-genesis-blocks-gb-column mtb-cta-radius gb-block-layout-column\"><div class=\"gb-block-layout-column-inner gb-has-custom-background-color\" style=\"background-color:#522e83\">\n<h3 class=\"wp-block-heading has-text-align-left\" id=\"h-mant-ngase-en-contacto\">Mant\u00e9ngase en contacto<\/h3>\n\n\n\n<p class=\"has-text-align-left\">Nuestro bolet\u00edn electr\u00f3nico le brinda la informaci\u00f3n, las noticias, y los recursos m\u00e1s recientes de los expertos de MotherToBaby.<\/p>\n\n\n\n<div class=\"wp-block-buttons is-layout-flex wp-block-buttons-is-layout-flex\">\n<div class=\"wp-block-button has-custom-font-size mtb-std-block-btn gb-block-button\" style=\"font-size:20px;line-height:1.2\"><a class=\"wp-block-button__link has-text-color has-background wp-element-button\" href=\"https:\/\/mothertobaby.org\/es\/inscribirse-para-boletin-electronico\/\" style=\"border-radius:5px;color:#ffffff;background-color:#3373dc;padding-top:10px;padding-right:1em;padding-bottom:10px;padding-left:1em\">Inscribirse<\/a><\/div>\n<\/div>\n<\/div><\/div>\n\n\n\n<div class=\"wp-block-genesis-blocks-gb-column mtb-cta-radius gb-block-layout-column\"><div class=\"gb-block-layout-column-inner gb-has-custom-background-color\" style=\"background-color:#522e83\">\n<h3 class=\"wp-block-heading has-text-align-left\" id=\"h-unirse-a-un-estudio\">Unirse a un Estudio<\/h3>\n\n\n\n<p class=\"has-text-align-left\">Los futuros padres merecen mejor informaci\u00f3n sobre la seguridad de los medicamentos, y usted puede ayudar participando en un estudio.<\/p>\n\n\n\n<div class=\"wp-block-buttons is-layout-flex wp-block-buttons-is-layout-flex\">\n<div class=\"wp-block-button has-custom-font-size mtb-std-block-btn gb-block-button\" style=\"font-size:20px;line-height:1.2\"><a class=\"wp-block-button__link has-text-color has-background wp-element-button\" href=\"https:\/\/mothertobaby.org\/es\/exposiciones-durante-el-embarazo-y-la-lactancia\/\" style=\"border-radius:5px;color:#ffffff;background-color:#3373dc;padding-top:10px;padding-right:1em;padding-bottom:10px;padding-left:1em\">Unirse<\/a><\/div>\n<\/div>\n<\/div><\/div>\n\n\n\n<div class=\"wp-block-genesis-blocks-gb-column mtb-cta-radius gb-block-layout-column\"><div class=\"gb-block-layout-column-inner has-orange-cta-background-color has-neutral-plus-2-color\">\n<h3 class=\"wp-block-heading has-text-align-left\" id=\"h-pregunte-a-nuestros-expertos\">Pregunte a Nuestros Expertos<\/h3>\n\n\n\n<p class=\"has-text-align-left\">Llame, env\u00ede mensajes de texto, chatee, o env\u00ede un correo electr\u00f3nico para obtener una evaluaci\u00f3n de riesgos personalizada y gratuita sobre las exposiciones en el embarazo y la lactancia.<\/p>\n\n\n\n<div class=\"wp-block-buttons is-layout-flex wp-block-buttons-is-layout-flex\">\n<div class=\"wp-block-button has-custom-font-size mtb-std-block-btn gb-block-button\" style=\"font-size:20px;line-height:1.2\"><a class=\"wp-block-button__link has-text-color has-background wp-element-button\" href=\"https:\/\/mothertobaby.org\/es\/contactar\/\" style=\"border-radius:5px;color:#ffffff;background-color:#3373dc;padding-top:10px;padding-right:1em;padding-bottom:10px;padding-left:1em\">Contactar<\/a><\/div>\n<\/div>\n<\/div><\/div>\n<\/div><\/div>\n<\/div><\/div><\/div>\n","protected":false},"excerpt":{"rendered":"<p>Tratando las infecciones en el embarazo y la lactancia Descargo de responsabilidad: Esta p\u00e1gina contiene informaci\u00f3n y recursos importantes sobre el uso de los antibi\u00f3ticos durante el embarazo y la lactancia, e incluye enlaces a nuestras Hojas Informativas basadas en evidencia. Sin embargo, los recursos que aqu\u00ed se ofrecen no deben sustituir la atenci\u00f3n y [&hellip;]<\/p>\n","protected":false},"author":240,"featured_media":15919,"parent":6524,"menu_order":0,"comment_status":"closed","ping_status":"closed","template":"page-templates\/inner-page.php","meta":{"_searchwp_excluded":"","_genesis_hide_title":false,"_genesis_hide_breadcrumbs":false,"_genesis_hide_singular_image":false,"_genesis_hide_footer_widgets":false,"_genesis_custom_body_class":"","_genesis_custom_post_class":"","_genesis_layout":"full-width-content","footnotes":""},"medical-specialty":[],"related-content":[595],"class_list":{"0":"post-15820","1":"page","2":"type-page","3":"status-publish","4":"has-post-thumbnail","6":"related-content-antibioticos","7":"entry"},"yoast_head":"<!-- This site is optimized with the Yoast SEO Premium plugin v20.13 (Yoast SEO v20.13) - https:\/\/yoast.com\/wordpress\/plugins\/seo\/ -->\n<title>Antibi\u00f3ticos - MotherToBaby<\/title>\n<meta name=\"robots\" content=\"index, follow, max-snippet:-1, max-image-preview:large, max-video-preview:-1\" \/>\n<link rel=\"canonical\" href=\"https:\/\/mothertobaby.org\/es\/exposiciones-durante-el-embarazo-y-la-lactancia\/antibioticos\/\" \/>\n<meta property=\"og:locale\" content=\"es_ES\" \/>\n<meta property=\"og:type\" content=\"article\" \/>\n<meta property=\"og:title\" content=\"Antibi\u00f3ticos\" \/>\n<meta property=\"og:description\" content=\"Tratando las infecciones en el embarazo y la lactancia Descargo de responsabilidad: Esta p\u00e1gina contiene informaci\u00f3n y recursos importantes sobre el uso de los antibi\u00f3ticos durante el embarazo y la lactancia, e incluye enlaces a nuestras Hojas Informativas basadas en evidencia. Sin embargo, los recursos que aqu\u00ed se ofrecen no deben sustituir la atenci\u00f3n y [&hellip;]\" \/>\n<meta property=\"og:url\" content=\"https:\/\/mothertobaby.org\/es\/exposiciones-durante-el-embarazo-y-la-lactancia\/antibioticos\/\" \/>\n<meta property=\"og:site_name\" content=\"MotherToBaby\" \/>\n<meta property=\"article:modified_time\" content=\"2026-04-07T16:10:29+00:00\" \/>\n<meta property=\"og:image\" content=\"https:\/\/mothertobaby.org\/wp-content\/uploads\/2025\/12\/Antibiotics-banner-image-4.png\" \/>\n\t<meta property=\"og:image:width\" content=\"1600\" \/>\n\t<meta property=\"og:image:height\" content=\"900\" \/>\n\t<meta property=\"og:image:type\" content=\"image\/png\" \/>\n<meta name=\"twitter:card\" content=\"summary_large_image\" \/>\n<meta name=\"twitter:label1\" content=\"Tiempo de lectura\" \/>\n\t<meta name=\"twitter:data1\" content=\"3 minutos\" \/>\n<script type=\"application\/ld+json\" class=\"yoast-schema-graph\">{\"@context\":\"https:\/\/schema.org\",\"@graph\":[{\"@type\":\"WebPage\",\"@id\":\"https:\/\/mothertobaby.org\/es\/exposiciones-durante-el-embarazo-y-la-lactancia\/antibioticos\/\",\"url\":\"https:\/\/mothertobaby.org\/es\/exposiciones-durante-el-embarazo-y-la-lactancia\/antibioticos\/\",\"name\":\"Antibi\u00f3ticos - MotherToBaby\",\"isPartOf\":{\"@id\":\"https:\/\/mothertobaby.org\/es\/#website\"},\"datePublished\":\"2026-04-07T16:10:22+00:00\",\"dateModified\":\"2026-04-07T16:10:29+00:00\",\"breadcrumb\":{\"@id\":\"https:\/\/mothertobaby.org\/es\/exposiciones-durante-el-embarazo-y-la-lactancia\/antibioticos\/#breadcrumb\"},\"inLanguage\":\"es\",\"potentialAction\":[{\"@type\":\"ReadAction\",\"target\":[\"https:\/\/mothertobaby.org\/es\/exposiciones-durante-el-embarazo-y-la-lactancia\/antibioticos\/\"]}]},{\"@type\":\"BreadcrumbList\",\"@id\":\"https:\/\/mothertobaby.org\/es\/exposiciones-durante-el-embarazo-y-la-lactancia\/antibioticos\/#breadcrumb\",\"itemListElement\":[{\"@type\":\"ListItem\",\"position\":1,\"name\":\"Home\",\"item\":\"https:\/\/mothertobaby.org\/es\/\"},{\"@type\":\"ListItem\",\"position\":2,\"name\":\"Exposiciones Durante el Embarazo y la Lactancia\",\"item\":\"https:\/\/mothertobaby.org\/es\/exposiciones-durante-el-embarazo-y-la-lactancia\/\"},{\"@type\":\"ListItem\",\"position\":3,\"name\":\"Antibi\u00f3ticos\"}]},{\"@type\":\"WebSite\",\"@id\":\"https:\/\/mothertobaby.org\/es\/#website\",\"url\":\"https:\/\/mothertobaby.org\/es\/\",\"name\":\"MotherToBaby\",\"description\":\"Medications and More during pregnancy and breastfeeding\",\"publisher\":{\"@id\":\"https:\/\/mothertobaby.org\/es\/#organization\"},\"potentialAction\":[{\"@type\":\"SearchAction\",\"target\":{\"@type\":\"EntryPoint\",\"urlTemplate\":\"https:\/\/mothertobaby.org\/es\/?s={search_term_string}\"},\"query-input\":\"required name=search_term_string\"}],\"inLanguage\":\"es\"},{\"@type\":\"Organization\",\"@id\":\"https:\/\/mothertobaby.org\/es\/#organization\",\"name\":\"MotherToBaby\",\"url\":\"https:\/\/mothertobaby.org\/es\/\",\"logo\":{\"@type\":\"ImageObject\",\"inLanguage\":\"es\",\"@id\":\"https:\/\/mothertobaby.org\/es\/#\/schema\/logo\/image\/\",\"url\":\"https:\/\/mothertobaby.org\/wp-content\/uploads\/2023\/06\/MTB-horz-copyright-sm-1.png\",\"contentUrl\":\"https:\/\/mothertobaby.org\/wp-content\/uploads\/2023\/06\/MTB-horz-copyright-sm-1.png\",\"width\":284,\"height\":52,\"caption\":\"MotherToBaby\"},\"image\":{\"@id\":\"https:\/\/mothertobaby.org\/es\/#\/schema\/logo\/image\/\"}}]}<\/script>\n<!-- \/ Yoast SEO Premium plugin. -->","yoast_head_json":{"title":"Antibi\u00f3ticos - MotherToBaby","robots":{"index":"index","follow":"follow","max-snippet":"max-snippet:-1","max-image-preview":"max-image-preview:large","max-video-preview":"max-video-preview:-1"},"canonical":"https:\/\/mothertobaby.org\/es\/exposiciones-durante-el-embarazo-y-la-lactancia\/antibioticos\/","og_locale":"es_ES","og_type":"article","og_title":"Antibi\u00f3ticos","og_description":"Tratando las infecciones en el embarazo y la lactancia Descargo de responsabilidad: Esta p\u00e1gina contiene informaci\u00f3n y recursos importantes sobre el uso de los antibi\u00f3ticos durante el embarazo y la lactancia, e incluye enlaces a nuestras Hojas Informativas basadas en evidencia. Sin embargo, los recursos que aqu\u00ed se ofrecen no deben sustituir la atenci\u00f3n y [&hellip;]","og_url":"https:\/\/mothertobaby.org\/es\/exposiciones-durante-el-embarazo-y-la-lactancia\/antibioticos\/","og_site_name":"MotherToBaby","article_modified_time":"2026-04-07T16:10:29+00:00","og_image":[{"width":1600,"height":900,"url":"https:\/\/mothertobaby.org\/wp-content\/uploads\/2025\/12\/Antibiotics-banner-image-4.png","type":"image\/png"}],"twitter_card":"summary_large_image","twitter_misc":{"Tiempo de lectura":"3 minutos"},"schema":{"@context":"https:\/\/schema.org","@graph":[{"@type":"WebPage","@id":"https:\/\/mothertobaby.org\/es\/exposiciones-durante-el-embarazo-y-la-lactancia\/antibioticos\/","url":"https:\/\/mothertobaby.org\/es\/exposiciones-durante-el-embarazo-y-la-lactancia\/antibioticos\/","name":"Antibi\u00f3ticos - MotherToBaby","isPartOf":{"@id":"https:\/\/mothertobaby.org\/es\/#website"},"datePublished":"2026-04-07T16:10:22+00:00","dateModified":"2026-04-07T16:10:29+00:00","breadcrumb":{"@id":"https:\/\/mothertobaby.org\/es\/exposiciones-durante-el-embarazo-y-la-lactancia\/antibioticos\/#breadcrumb"},"inLanguage":"es","potentialAction":[{"@type":"ReadAction","target":["https:\/\/mothertobaby.org\/es\/exposiciones-durante-el-embarazo-y-la-lactancia\/antibioticos\/"]}]},{"@type":"BreadcrumbList","@id":"https:\/\/mothertobaby.org\/es\/exposiciones-durante-el-embarazo-y-la-lactancia\/antibioticos\/#breadcrumb","itemListElement":[{"@type":"ListItem","position":1,"name":"Home","item":"https:\/\/mothertobaby.org\/es\/"},{"@type":"ListItem","position":2,"name":"Exposiciones Durante el Embarazo y la Lactancia","item":"https:\/\/mothertobaby.org\/es\/exposiciones-durante-el-embarazo-y-la-lactancia\/"},{"@type":"ListItem","position":3,"name":"Antibi\u00f3ticos"}]},{"@type":"WebSite","@id":"https:\/\/mothertobaby.org\/es\/#website","url":"https:\/\/mothertobaby.org\/es\/","name":"MotherToBaby","description":"Medications and More during pregnancy and breastfeeding","publisher":{"@id":"https:\/\/mothertobaby.org\/es\/#organization"},"potentialAction":[{"@type":"SearchAction","target":{"@type":"EntryPoint","urlTemplate":"https:\/\/mothertobaby.org\/es\/?s={search_term_string}"},"query-input":"required name=search_term_string"}],"inLanguage":"es"},{"@type":"Organization","@id":"https:\/\/mothertobaby.org\/es\/#organization","name":"MotherToBaby","url":"https:\/\/mothertobaby.org\/es\/","logo":{"@type":"ImageObject","inLanguage":"es","@id":"https:\/\/mothertobaby.org\/es\/#\/schema\/logo\/image\/","url":"https:\/\/mothertobaby.org\/wp-content\/uploads\/2023\/06\/MTB-horz-copyright-sm-1.png","contentUrl":"https:\/\/mothertobaby.org\/wp-content\/uploads\/2023\/06\/MTB-horz-copyright-sm-1.png","width":284,"height":52,"caption":"MotherToBaby"},"image":{"@id":"https:\/\/mothertobaby.org\/es\/#\/schema\/logo\/image\/"}}]}},"featured_image_src":"https:\/\/mothertobaby.org\/wp-content\/uploads\/2025\/12\/Antibiotics-banner-image-4-600x400.png","featured_image_src_square":"https:\/\/mothertobaby.org\/wp-content\/uploads\/2025\/12\/Antibiotics-banner-image-4-600x600.png","_links":{"self":[{"href":"https:\/\/mothertobaby.org\/es\/wp-json\/wp\/v2\/pages\/15820","targetHints":{"allow":["GET"]}}],"collection":[{"href":"https:\/\/mothertobaby.org\/es\/wp-json\/wp\/v2\/pages"}],"about":[{"href":"https:\/\/mothertobaby.org\/es\/wp-json\/wp\/v2\/types\/page"}],"author":[{"embeddable":true,"href":"https:\/\/mothertobaby.org\/es\/wp-json\/wp\/v2\/users\/240"}],"replies":[{"embeddable":true,"href":"https:\/\/mothertobaby.org\/es\/wp-json\/wp\/v2\/comments?post=15820"}],"version-history":[{"count":0,"href":"https:\/\/mothertobaby.org\/es\/wp-json\/wp\/v2\/pages\/15820\/revisions"}],"up":[{"embeddable":true,"href":"https:\/\/mothertobaby.org\/es\/wp-json\/wp\/v2\/pages\/6524"}],"wp:featuredmedia":[{"embeddable":true,"href":"https:\/\/mothertobaby.org\/es\/wp-json\/wp\/v2\/media\/15919"}],"wp:attachment":[{"href":"https:\/\/mothertobaby.org\/es\/wp-json\/wp\/v2\/media?parent=15820"}],"wp:term":[{"taxonomy":"medical-specialty","embeddable":true,"href":"https:\/\/mothertobaby.org\/es\/wp-json\/wp\/v2\/medical-specialty?post=15820"},{"taxonomy":"related-content","embeddable":true,"href":"https:\/\/mothertobaby.org\/es\/wp-json\/wp\/v2\/related-content?post=15820"}],"curies":[{"name":"wp","href":"https:\/\/api.w.org\/{rel}","templated":true}]}}