{"id":15873,"date":"2026-04-07T08:42:58","date_gmt":"2026-04-07T15:42:58","guid":{"rendered":"https:\/\/mothertobaby.org\/?page_id=15873"},"modified":"2026-04-07T08:43:05","modified_gmt":"2026-04-07T15:43:05","slug":"especialistas-en-adicciones","status":"publish","type":"page","link":"https:\/\/mothertobaby.org\/es\/profesionales-de-salud\/especialistas-en-adicciones\/","title":{"rendered":"Especialistas en adicciones"},"content":{"rendered":"\n<h2 class=\"wp-block-heading\" id=\"h-consideraciones-para-clientes-con-trastornos-por-consumo-de-sustancias-durante-el-embarazo-y-la-lactancia\"><strong><strong>Consideraciones para clientes con trastornos por consumo de sustancias durante el embarazo y la lactancia<\/strong><\/strong><\/h2>\n\n\n\n<p>Los clientes que luchan contra trastornos por consumo de sustancias suelen enfrentarse a muchos desaf\u00edos en alcanzar la sobriedad. Estos desaf\u00edos a menudo pueden agravarse cuando la clienta est\u00e1 embarazada o amamantando. MotherToBaby apoya a especialistas en adicciones que trabajan con clientes embarazadas y lactantes. Nuestros recursos le ayudar\u00e1n a conocer los riesgos del consumo de sustancias por parte de la madre durante el embarazo y durante la lactancia, para que pueda asesorar a sus pacientes en consecuencia. Tambi\u00e9n agradecemos la oportunidad de trabajar directamente con usted y\/o con sus clientes respondiendo preguntas sobre el embarazo y la lactancia materna. Nuestro servicio de informaci\u00f3n gratuito y basado en la evidencia est\u00e1 disponible por tel\u00e9fono, mensaje de texto, correo electr\u00f3nico y chat en vivo.<\/p>\n\n\n\n<blockquote class=\"wp-block-quote is-layout-flow wp-block-quote-is-layout-flow\">\n<p>Los primeros 1000 d\u00edas de vida, a partir de la concepci\u00f3n, se han establecido como una ventana cr\u00edtica para la salud y el desarrollo a largo plazo. Por ello, es fundamental comprender el impacto que el consumo de sustancias tiene en el embarazo, la lactancia, el v\u00ednculo materno-infantil y los resultados infantiles.<\/p>\n<cite>&#8212; <a href=\"https:\/\/pmc.ncbi.nlm.nih.gov\/articles\/PMC6038015\/\" target=\"_blank\" rel=\"noreferrer noopener\">Louw, 2018<\/a><\/cite><\/blockquote>\n\n\n\n<p>Descubra c\u00f3mo podemos ayudarle a usted y a sus clientes embarazadas y lactantes proporcionando evaluaciones de riesgo de exposici\u00f3n gratuitas, materiales educativos para pacientes y mucho m\u00e1s.<\/p>\n\n\n\n\n\n\n<div class=\"wp-block-genesis-blocks-gb-columns light-text mtb-two-col-bkg gb-layout-columns-2 gb-2-col-equal\"><div class=\"gb-layout-column-wrap gb-block-layout-column-gap-2 gb-is-responsive-column\">\n<div class=\"wp-block-genesis-blocks-gb-column gb-block-layout-column\"><div class=\"gb-block-layout-column-inner has-purple-1-background-color gb-has-background-dim gb-has-background-dim-30 gb-background-cover gb-background-no-repeat\" style=\"background-image:url(https:\/\/mothertobaby.org\/wp-content\/uploads\/2020\/09\/MotherToBaby-HCP-Exposure-Block-625x320-1.jpg)\">\n<h2 class=\"wp-block-heading has-text-align-left\" id=\"h-informaci-n-sobre-exposiciones\">Informaci\u00f3n Sobre Exposiciones<\/h2>\n\n\n\n<p class=\"has-text-align-left\">Brindamos informaci\u00f3n sin costo y basada en evidencia sobre exposiciones durante el embarazo o la lactancia por tel\u00e9fono, mensaje de texto, correo electr\u00f3nico y chat.<\/p>\n\n\n\n<div class=\"wp-block-buttons is-layout-flex wp-block-buttons-is-layout-flex\">\n<div class=\"wp-block-button has-custom-font-size mtb-std-block-btn gb-block-button\" style=\"font-size:20px;line-height:1.2\"><a class=\"wp-block-button__link has-text-color has-background wp-element-button\" href=\"\/es\/contactar\/\" style=\"border-radius:5px;color:#ffffff;background-color:#3373dc;padding-top:10px;padding-right:1em;padding-bottom:10px;padding-left:1em\">Contacto<\/a><\/div>\n<\/div>\n<\/div><\/div>\n\n\n\n<div class=\"wp-block-genesis-blocks-gb-column gb-block-layout-column\"><div class=\"gb-block-layout-column-inner has-purple-1-background-color gb-has-background-dim gb-has-background-dim-30 gb-background-cover gb-background-no-repeat\" style=\"background-image:url(https:\/\/mothertobaby.org\/wp-content\/uploads\/2020\/09\/MotherToBaby-HCP-Request-Materials-Block-625x320-1.jpg)\">\n<h2 class=\"wp-block-heading has-text-align-left\" id=\"h-solicitar-materiales\">Solicitar Materiales<\/h2>\n\n\n\n<p class=\"has-text-align-left\">Ofrecemos materiales gratuitos de educaci\u00f3n para pacientes y recursos para proveedores para nuestro servicio de informaci\u00f3n y estudios de embarazo.<\/p>\n\n\n\n<div class=\"wp-block-buttons is-layout-flex wp-block-buttons-is-layout-flex\">\n<div class=\"wp-block-button has-custom-font-size mtb-std-block-btn gb-block-button\" style=\"font-size:20px;line-height:1.2\"><a class=\"wp-block-button__link has-text-color has-background wp-element-button\" href=\"\/es\/ordena-materiales\/\" style=\"border-radius:5px;color:#ffffff;background-color:#3373dc;padding-top:10px;padding-right:1em;padding-bottom:10px;padding-left:1em\">SOLICITE<\/a><\/div>\n<\/div>\n<\/div><\/div>\n<\/div><\/div>\n\n\n\n<h3 class=\"wp-block-heading\" id=\"h-aplicacion-lactrx\">Aplicaci\u00f3n LactRX<\/h3>\n\n\n\n<p><a href=\"https:\/\/mothertobaby.org\/es\/app-lactrx-por-mothertobaby\/\">Descarga<\/a> nuestra aplicaci\u00f3n LactRx para acceder en cualquier momento a la base de datos LactMed de la Biblioteca de Medicina, que ofrece informaci\u00f3n actualizada sobre medicamentos para trastornos por consumo de sustancias, as\u00ed como otros f\u00e1rmacos y vacunas a los que pueden estar expuestas las madres lactantes.<\/p>\n\n\n\n<h3 class=\"wp-block-heading\" id=\"h-socios\">Socios<\/h3>\n\n\n\n<ul class=\"wp-block-list\">\n<li><a href=\"https:\/\/www.myhealthteam.com\/\" target=\"_blank\" rel=\"noreferrer noopener\">MisEquiposDeSalud<\/a><\/li>\n\n\n\n<li><a href=\"https:\/\/mchb.hrsa.gov\/es\/programas-impacto\/linea-nacional-asistencia-salud-mental-materna\" target=\"_blank\" rel=\"noreferrer noopener\">L\u00ednea Nacional de Salud Mental Materna<\/a><\/li>\n\n\n\n<li><a href=\"http:\/\/patienteducationgenius.com\/\" target=\"_blank\" rel=\"noreferrer noopener\">Genius de Educaci\u00f3n para Pacientes<\/a><\/li>\n\n\n\n<li><a href=\"http:\/\/patientslikeme.com\/\" target=\"_blank\" rel=\"noreferrer noopener\">PacientesComoYo<\/a><\/li>\n\n\n\n<li><a href=\"http:\/\/smfm.org\/\" target=\"_blank\" rel=\"noreferrer noopener\">Sociedad de Medicina Materno-Fetal<\/a><\/li>\n\n\n\n<li><a href=\"https:\/\/birthdefectsresearch.org\/\" target=\"_blank\" rel=\"noreferrer noopener\">Sociedad para la Investigaci\u00f3n y Prevenci\u00f3n de Defectos de Nacimiento<\/a><\/li>\n\n\n\n<li><a href=\"http:\/\/themighty.com\/\" target=\"_blank\" rel=\"noreferrer noopener\">Los Poderosos<\/a><\/li>\n<\/ul>\n\n\n\n<div style=\"height:100px\" aria-hidden=\"true\" class=\"wp-block-spacer\"><\/div>\n\n\n\n<div style=\"background-color:#f9f9ff;padding-left:8%;padding-right:8%\" class=\"wp-block-genesis-blocks-gb-container alignfull mtb-hp-block mtb-3-col-cta-row gb-block-container\"><div class=\"gb-container-inside\"><div class=\"gb-container-content\" style=\"max-width:1120px\">\n<div class=\"wp-block-genesis-blocks-gb-columns light-text mtb-3-col-cta no-link-underline gb-layout-columns-3 gb-3-col-equal\"><div class=\"gb-layout-column-wrap gb-block-layout-column-gap-3 gb-is-responsive-column\">\n<div class=\"wp-block-genesis-blocks-gb-column mtb-cta-radius gb-block-layout-column\"><div class=\"gb-block-layout-column-inner gb-has-custom-background-color\" style=\"background-color:#522e83\">\n<h3 class=\"wp-block-heading has-text-align-left\" id=\"h-preguntas-frecuentes\">Preguntas Frecuentes<\/h3>\n\n\n\n<p class=\"has-text-align-left\">Obtenga respuestas a las preguntas m\u00e1s frecuentes sobre nuestro servicio de informaci\u00f3n y estudios de embarazo.<\/p>\n\n\n\n<div class=\"wp-block-buttons is-layout-flex wp-block-buttons-is-layout-flex\">\n<div class=\"wp-block-button has-custom-font-size mtb-std-block-btn gb-block-button\" style=\"font-size:20px;line-height:1.2\"><a class=\"wp-block-button__link has-text-color has-background wp-element-button\" href=\"\/healthcare-professionals-faqs\/\" style=\"border-radius:5px;color:#ffffff;background-color:#3373dc;padding-top:10px;padding-right:1em;padding-bottom:10px;padding-left:1em\">Leer<\/a><\/div>\n<\/div>\n<\/div><\/div>\n\n\n\n<div class=\"wp-block-genesis-blocks-gb-column mtb-cta-radius gb-block-layout-column\"><div class=\"gb-block-layout-column-inner gb-has-custom-background-color\" style=\"background-color:#522e83\">\n<h3 class=\"wp-block-heading has-text-align-left\" id=\"h-mant-ngase-en-contacto\">Mant\u00e9ngase en contacto<\/h3>\n\n\n\n<p class=\"has-text-align-left\">Nuestro bolet\u00edn electr\u00f3nico le brinda la informaci\u00f3n, las noticias, y los recursos m\u00e1s recientes de los expertos de MotherToBaby.<\/p>\n\n\n\n<div class=\"wp-block-buttons is-layout-flex wp-block-buttons-is-layout-flex\">\n<div class=\"wp-block-button has-custom-font-size mtb-std-block-btn gb-block-button\" style=\"font-size:20px;line-height:1.2\"><a class=\"wp-block-button__link has-text-color has-background wp-element-button\" href=\"\/enews-sign-up-form\/\" style=\"border-radius:5px;color:#ffffff;background-color:#3373dc;padding-top:10px;padding-right:1em;padding-bottom:10px;padding-left:1em\">Inscribirse<\/a><\/div>\n<\/div>\n<\/div><\/div>\n\n\n\n<div class=\"wp-block-genesis-blocks-gb-column mtb-cta-radius gb-block-layout-column\"><div class=\"gb-block-layout-column-inner gb-has-custom-background-color\" style=\"background-color:#26a68b\">\n<h3 class=\"wp-block-heading has-text-align-left\" id=\"h-remitir-paciente\">Remitir Paciente<\/h3>\n\n\n\n<p class=\"has-text-align-left\">\u00bfNecesita darle a su paciente una evaluaci\u00f3n personalizada sobre un riesgo de exposici\u00f3n o conectarlo con nuestros estudios de embarazo?<\/p>\n\n\n\n<div class=\"wp-block-buttons is-layout-flex wp-block-buttons-is-layout-flex\">\n<div class=\"wp-block-button has-custom-font-size mtb-std-block-btn gb-block-button\" style=\"font-size:20px;line-height:1.2\"><a class=\"wp-block-button__link has-text-color has-background wp-element-button\" href=\"\/refer-patient-form\/\" style=\"border-radius:5px;color:#ffffff;background-color:#3373dc;padding-top:10px;padding-right:1em;padding-bottom:10px;padding-left:1em\">Remitir<\/a><\/div>\n<\/div>\n<\/div><\/div>\n<\/div><\/div>\n<\/div><\/div><\/div>\n","protected":false},"excerpt":{"rendered":"<p>Consideraciones para clientes con trastornos por consumo de sustancias durante el embarazo y la lactancia Los clientes que luchan contra trastornos por consumo de sustancias suelen enfrentarse a muchos desaf\u00edos en alcanzar la sobriedad. Estos desaf\u00edos a menudo pueden agravarse cuando la clienta est\u00e1 embarazada o amamantando. MotherToBaby apoya a especialistas en adicciones que trabajan [&hellip;]<\/p>\n","protected":false},"author":240,"featured_media":15959,"parent":6741,"menu_order":0,"comment_status":"closed","ping_status":"closed","template":"page-templates\/inner-page.php","meta":{"_searchwp_excluded":"","_genesis_hide_title":false,"_genesis_hide_breadcrumbs":false,"_genesis_hide_singular_image":false,"_genesis_hide_footer_widgets":false,"_genesis_custom_body_class":"","_genesis_custom_post_class":"","_genesis_layout":"full-width-content","footnotes":""},"medical-specialty":[],"related-content":[575,578,1430,588,607],"class_list":{"0":"post-15873","1":"page","2":"type-page","3":"status-publish","4":"has-post-thumbnail","6":"related-content-alcohol-3","7":"related-content-cannabis-2","8":"related-content-cocaina","9":"related-content-opioides","10":"related-content-tabaco","11":"entry"},"yoast_head":"<!-- This site is optimized with the Yoast SEO Premium plugin v20.13 (Yoast SEO v20.13) - https:\/\/yoast.com\/wordpress\/plugins\/seo\/ -->\n<title>Especialistas en adicciones - MotherToBaby<\/title>\n<meta name=\"robots\" content=\"index, follow, max-snippet:-1, max-image-preview:large, max-video-preview:-1\" \/>\n<link rel=\"canonical\" href=\"https:\/\/mothertobaby.org\/es\/profesionales-de-salud\/especialistas-en-adicciones\/\" \/>\n<meta property=\"og:locale\" content=\"es_ES\" \/>\n<meta property=\"og:type\" content=\"article\" \/>\n<meta property=\"og:title\" content=\"Especialistas en adicciones\" \/>\n<meta property=\"og:description\" content=\"Consideraciones para clientes con trastornos por consumo de sustancias durante el embarazo y la lactancia Los clientes que luchan contra trastornos por consumo de sustancias suelen enfrentarse a muchos desaf\u00edos en alcanzar la sobriedad. Estos desaf\u00edos a menudo pueden agravarse cuando la clienta est\u00e1 embarazada o amamantando. MotherToBaby apoya a especialistas en adicciones que trabajan [&hellip;]\" \/>\n<meta property=\"og:url\" content=\"https:\/\/mothertobaby.org\/es\/profesionales-de-salud\/especialistas-en-adicciones\/\" \/>\n<meta property=\"og:site_name\" content=\"MotherToBaby\" \/>\n<meta property=\"article:modified_time\" content=\"2026-04-07T15:43:05+00:00\" \/>\n<meta property=\"og:image\" content=\"https:\/\/mothertobaby.org\/wp-content\/uploads\/2025\/12\/Addiction-Banner-image-1024x576.png\" \/>\n\t<meta property=\"og:image:width\" content=\"1024\" \/>\n\t<meta property=\"og:image:height\" content=\"576\" \/>\n\t<meta property=\"og:image:type\" content=\"image\/png\" \/>\n<meta name=\"twitter:card\" content=\"summary_large_image\" \/>\n<meta name=\"twitter:label1\" content=\"Tiempo de lectura\" \/>\n\t<meta name=\"twitter:data1\" content=\"2 minutos\" \/>\n<script type=\"application\/ld+json\" class=\"yoast-schema-graph\">{\"@context\":\"https:\/\/schema.org\",\"@graph\":[{\"@type\":\"WebPage\",\"@id\":\"https:\/\/mothertobaby.org\/es\/profesionales-de-salud\/especialistas-en-adicciones\/\",\"url\":\"https:\/\/mothertobaby.org\/es\/profesionales-de-salud\/especialistas-en-adicciones\/\",\"name\":\"Especialistas en adicciones - MotherToBaby\",\"isPartOf\":{\"@id\":\"https:\/\/mothertobaby.org\/es\/#website\"},\"datePublished\":\"2026-04-07T15:42:58+00:00\",\"dateModified\":\"2026-04-07T15:43:05+00:00\",\"breadcrumb\":{\"@id\":\"https:\/\/mothertobaby.org\/es\/profesionales-de-salud\/especialistas-en-adicciones\/#breadcrumb\"},\"inLanguage\":\"es\",\"potentialAction\":[{\"@type\":\"ReadAction\",\"target\":[\"https:\/\/mothertobaby.org\/es\/profesionales-de-salud\/especialistas-en-adicciones\/\"]}]},{\"@type\":\"BreadcrumbList\",\"@id\":\"https:\/\/mothertobaby.org\/es\/profesionales-de-salud\/especialistas-en-adicciones\/#breadcrumb\",\"itemListElement\":[{\"@type\":\"ListItem\",\"position\":1,\"name\":\"Home\",\"item\":\"https:\/\/mothertobaby.org\/es\/\"},{\"@type\":\"ListItem\",\"position\":2,\"name\":\"Profesionales de Salud\",\"item\":\"https:\/\/mothertobaby.org\/es\/profesionales-de-salud\/\"},{\"@type\":\"ListItem\",\"position\":3,\"name\":\"Especialistas en adicciones\"}]},{\"@type\":\"WebSite\",\"@id\":\"https:\/\/mothertobaby.org\/es\/#website\",\"url\":\"https:\/\/mothertobaby.org\/es\/\",\"name\":\"MotherToBaby\",\"description\":\"Medications and More during pregnancy and breastfeeding\",\"publisher\":{\"@id\":\"https:\/\/mothertobaby.org\/es\/#organization\"},\"potentialAction\":[{\"@type\":\"SearchAction\",\"target\":{\"@type\":\"EntryPoint\",\"urlTemplate\":\"https:\/\/mothertobaby.org\/es\/?s={search_term_string}\"},\"query-input\":\"required name=search_term_string\"}],\"inLanguage\":\"es\"},{\"@type\":\"Organization\",\"@id\":\"https:\/\/mothertobaby.org\/es\/#organization\",\"name\":\"MotherToBaby\",\"url\":\"https:\/\/mothertobaby.org\/es\/\",\"logo\":{\"@type\":\"ImageObject\",\"inLanguage\":\"es\",\"@id\":\"https:\/\/mothertobaby.org\/es\/#\/schema\/logo\/image\/\",\"url\":\"https:\/\/mothertobaby.org\/wp-content\/uploads\/2023\/06\/MTB-horz-copyright-sm-1.png\",\"contentUrl\":\"https:\/\/mothertobaby.org\/wp-content\/uploads\/2023\/06\/MTB-horz-copyright-sm-1.png\",\"width\":284,\"height\":52,\"caption\":\"MotherToBaby\"},\"image\":{\"@id\":\"https:\/\/mothertobaby.org\/es\/#\/schema\/logo\/image\/\"}}]}<\/script>\n<!-- \/ Yoast SEO Premium plugin. -->","yoast_head_json":{"title":"Especialistas en adicciones - MotherToBaby","robots":{"index":"index","follow":"follow","max-snippet":"max-snippet:-1","max-image-preview":"max-image-preview:large","max-video-preview":"max-video-preview:-1"},"canonical":"https:\/\/mothertobaby.org\/es\/profesionales-de-salud\/especialistas-en-adicciones\/","og_locale":"es_ES","og_type":"article","og_title":"Especialistas en adicciones","og_description":"Consideraciones para clientes con trastornos por consumo de sustancias durante el embarazo y la lactancia Los clientes que luchan contra trastornos por consumo de sustancias suelen enfrentarse a muchos desaf\u00edos en alcanzar la sobriedad. Estos desaf\u00edos a menudo pueden agravarse cuando la clienta est\u00e1 embarazada o amamantando. MotherToBaby apoya a especialistas en adicciones que trabajan [&hellip;]","og_url":"https:\/\/mothertobaby.org\/es\/profesionales-de-salud\/especialistas-en-adicciones\/","og_site_name":"MotherToBaby","article_modified_time":"2026-04-07T15:43:05+00:00","og_image":[{"width":1024,"height":576,"url":"https:\/\/mothertobaby.org\/wp-content\/uploads\/2025\/12\/Addiction-Banner-image-1024x576.png","type":"image\/png"}],"twitter_card":"summary_large_image","twitter_misc":{"Tiempo de lectura":"2 minutos"},"schema":{"@context":"https:\/\/schema.org","@graph":[{"@type":"WebPage","@id":"https:\/\/mothertobaby.org\/es\/profesionales-de-salud\/especialistas-en-adicciones\/","url":"https:\/\/mothertobaby.org\/es\/profesionales-de-salud\/especialistas-en-adicciones\/","name":"Especialistas en adicciones - MotherToBaby","isPartOf":{"@id":"https:\/\/mothertobaby.org\/es\/#website"},"datePublished":"2026-04-07T15:42:58+00:00","dateModified":"2026-04-07T15:43:05+00:00","breadcrumb":{"@id":"https:\/\/mothertobaby.org\/es\/profesionales-de-salud\/especialistas-en-adicciones\/#breadcrumb"},"inLanguage":"es","potentialAction":[{"@type":"ReadAction","target":["https:\/\/mothertobaby.org\/es\/profesionales-de-salud\/especialistas-en-adicciones\/"]}]},{"@type":"BreadcrumbList","@id":"https:\/\/mothertobaby.org\/es\/profesionales-de-salud\/especialistas-en-adicciones\/#breadcrumb","itemListElement":[{"@type":"ListItem","position":1,"name":"Home","item":"https:\/\/mothertobaby.org\/es\/"},{"@type":"ListItem","position":2,"name":"Profesionales de Salud","item":"https:\/\/mothertobaby.org\/es\/profesionales-de-salud\/"},{"@type":"ListItem","position":3,"name":"Especialistas en adicciones"}]},{"@type":"WebSite","@id":"https:\/\/mothertobaby.org\/es\/#website","url":"https:\/\/mothertobaby.org\/es\/","name":"MotherToBaby","description":"Medications and More during pregnancy and breastfeeding","publisher":{"@id":"https:\/\/mothertobaby.org\/es\/#organization"},"potentialAction":[{"@type":"SearchAction","target":{"@type":"EntryPoint","urlTemplate":"https:\/\/mothertobaby.org\/es\/?s={search_term_string}"},"query-input":"required name=search_term_string"}],"inLanguage":"es"},{"@type":"Organization","@id":"https:\/\/mothertobaby.org\/es\/#organization","name":"MotherToBaby","url":"https:\/\/mothertobaby.org\/es\/","logo":{"@type":"ImageObject","inLanguage":"es","@id":"https:\/\/mothertobaby.org\/es\/#\/schema\/logo\/image\/","url":"https:\/\/mothertobaby.org\/wp-content\/uploads\/2023\/06\/MTB-horz-copyright-sm-1.png","contentUrl":"https:\/\/mothertobaby.org\/wp-content\/uploads\/2023\/06\/MTB-horz-copyright-sm-1.png","width":284,"height":52,"caption":"MotherToBaby"},"image":{"@id":"https:\/\/mothertobaby.org\/es\/#\/schema\/logo\/image\/"}}]}},"featured_image_src":"https:\/\/mothertobaby.org\/wp-content\/uploads\/2025\/12\/Addiction-Banner-image-600x400.png","featured_image_src_square":"https:\/\/mothertobaby.org\/wp-content\/uploads\/2025\/12\/Addiction-Banner-image-600x600.png","_links":{"self":[{"href":"https:\/\/mothertobaby.org\/es\/wp-json\/wp\/v2\/pages\/15873","targetHints":{"allow":["GET"]}}],"collection":[{"href":"https:\/\/mothertobaby.org\/es\/wp-json\/wp\/v2\/pages"}],"about":[{"href":"https:\/\/mothertobaby.org\/es\/wp-json\/wp\/v2\/types\/page"}],"author":[{"embeddable":true,"href":"https:\/\/mothertobaby.org\/es\/wp-json\/wp\/v2\/users\/240"}],"replies":[{"embeddable":true,"href":"https:\/\/mothertobaby.org\/es\/wp-json\/wp\/v2\/comments?post=15873"}],"version-history":[{"count":0,"href":"https:\/\/mothertobaby.org\/es\/wp-json\/wp\/v2\/pages\/15873\/revisions"}],"up":[{"embeddable":true,"href":"https:\/\/mothertobaby.org\/es\/wp-json\/wp\/v2\/pages\/6741"}],"wp:featuredmedia":[{"embeddable":true,"href":"https:\/\/mothertobaby.org\/es\/wp-json\/wp\/v2\/media\/15959"}],"wp:attachment":[{"href":"https:\/\/mothertobaby.org\/es\/wp-json\/wp\/v2\/media?parent=15873"}],"wp:term":[{"taxonomy":"medical-specialty","embeddable":true,"href":"https:\/\/mothertobaby.org\/es\/wp-json\/wp\/v2\/medical-specialty?post=15873"},{"taxonomy":"related-content","embeddable":true,"href":"https:\/\/mothertobaby.org\/es\/wp-json\/wp\/v2\/related-content?post=15873"}],"curies":[{"name":"wp","href":"https:\/\/api.w.org\/{rel}","templated":true}]}}