{"id":16361,"date":"2026-04-07T09:00:50","date_gmt":"2026-04-07T16:00:50","guid":{"rendered":"https:\/\/mothertobaby.org\/?page_id=16361"},"modified":"2026-04-07T09:00:56","modified_gmt":"2026-04-07T16:00:56","slug":"doulas","status":"publish","type":"page","link":"https:\/\/mothertobaby.org\/es\/profesionales-de-salud\/doulas\/","title":{"rendered":"Doulas"},"content":{"rendered":"\n<h2 class=\"wp-block-heading\" id=\"h-ayudar-a-sus-clientes-embarazadas-y-lactantes-a-tomar-decisiones-informadas\"><strong>Ayudar a sus clientes embarazadas y lactantes a tomar decisiones informadas<\/strong><\/h2>\n\n\n\n<p>Para muchas mujeres, las doulas desempe\u00f1an un papel importante en el embarazo y el viaje posparto. Mientras apoya a sus clientes en esta \u00e9poca de enormes cambios en sus vidas, probablemente est\u00e9 recibiendo muchas preguntas de su parte. Cuando esas preguntas tratan sobre c\u00f3mo podr\u00edan verse afectados el embarazo y\/o la lactancia por exposiciones en el entorno de su cliente \u2014como los medicamentos que puede necesitar tomar, enfermedades que puede contraer, vacunas que se le puede recomendar, alimentos o bebidas que consume, sustancias que consume o exposiciones en su lugar de trabajo\u2014 es entonces cuando usted y sus clientes podr\u00e1n recurrir a MotherToBaby.<\/p>\n\n\n\n<p>Somos la principal autoridad nacional y la fuente m\u00e1s fiable de informaci\u00f3n basada en la evidencia sobre exposiciones durante el embarazo y la lactancia. Nuestros expertos ofrecen este recurso de forma gratuita y sin juicios, y nuestros servicios son confidenciales y centrados en el paciente. Nuestro objetivo es ayudar a las madres embarazadas y lactantes a comprender los beneficios y riesgo de ciertas exposiciones para ellas y para sus beb\u00e9s, para que puedan tomar decisiones informadas.<\/p>\n\n\n\n<p>Podemos ayudarle mediante:<\/p>\n\n\n\n<ul class=\"wp-block-list\">\n<li>Animar a sus clientes a hablar con sus profesionales de atenci\u00f3n de salud sobre las vacunas que puedan recomendarse durante este periodo espec\u00edfico de su vida, como la gripe estacional, el VRS, la COVID-19 y la Tdap (t\u00e9tanos, difteria y tos ferina).<\/li>\n\n\n\n<li>No solo ayudar a sus clientes a comprender sus exposiciones, sino tambi\u00e9n apoyar las conversaciones que puedan querer mantener con su profesional de atenci\u00f3n de salud sobre estas exposiciones.<\/li>\n\n\n\n<li>Ayudar a sus clientes que viven con enfermedades cr\u00f3nicas a planificar para las maneras en que sus condiciones y tratamientos pueden afectar al parto y al periodo posparto, asegurando que sus dudas sobre seguridad se abordan.<\/li>\n<\/ul>\n\n\n\n<p>Sea cual sea la exposici\u00f3n ambiental sobre la que su cliente tenga dudas, estamos aqu\u00ed para proporcionar informaci\u00f3n basada en la evidencia que le ayude a entender c\u00f3mo esa exposici\u00f3n podr\u00eda afectar a su embarazo o a su beb\u00e9 amamantado.<\/p>\n\n\n\n<blockquote class=\"wp-block-quote is-layout-flow wp-block-quote-is-layout-flow\">\n<p>Se ha demostrado que el apoyo de doula durante el embarazo, el parto y el periodo posparto es una pr\u00e1ctica eficaz que puede mejorar la experiencia del parto, reducir complicaciones y mejorar los resultados para mujeres y beb\u00e9s.<\/p>\n<cite>&#8212; <a href=\"https:\/\/aspe.hhs.gov\/sites\/default\/files\/documents\/dfcd768f1caf6fabf3d281f762e8d068\/ASPE-Doula-Issue-Brief-12-13-22.pdf\" target=\"_blank\" rel=\"noreferrer noopener\">Knocke et al., 2022<\/a><\/cite><\/blockquote>\n\n\n\n<h3 class=\"wp-block-heading\" id=\"h-app-lactrx\">App LactRX<\/h3>\n\n\n\n<p>Si trabaja con una paciente que est\u00e1 amamantando o planea hacerlo, <a href=\"https:\/\/mothertobaby.org\/es\/app-lactrx-por-mothertobaby\/\">descargue<\/a> nuestra app LactRx para acceder a informaci\u00f3n sobre la marcha acerca de las exposiciones de inter\u00e9s a madres lactantes.<\/p>\n\n\n\n<h3 class=\"wp-block-heading\" id=\"h-nuestros-recursos\">Nuestros recursos<\/h3>\n\n\n\n<p>Descubra c\u00f3mo podemos ayudarle a usted y a sus clientes embarazadas y lactantes, proporcionando evaluaciones de riesgo de exposici\u00f3n gratuitas, materiales educativos para pacientes, estudios observacionales para monitorizar los resultados del embarazo y mucho m\u00e1s.<\/p>\n\n\n\n\n\n\n\n\n\n<div style=\"height:100px\" aria-hidden=\"true\" class=\"wp-block-spacer\"><\/div>\n\n\n\n<div style=\"background-color:#f9f9ff;padding-left:8%;padding-right:8%\" class=\"wp-block-genesis-blocks-gb-container alignfull mtb-hp-block mtb-3-col-cta-row gb-block-container\"><div class=\"gb-container-inside\"><div class=\"gb-container-content\" style=\"max-width:1120px\">\n<div class=\"wp-block-genesis-blocks-gb-columns light-text mtb-3-col-cta no-link-underline gb-layout-columns-3 gb-3-col-equal\"><div class=\"gb-layout-column-wrap gb-block-layout-column-gap-3 gb-is-responsive-column\">\n<div class=\"wp-block-genesis-blocks-gb-column mtb-cta-radius gb-block-layout-column\"><div class=\"gb-block-layout-column-inner gb-has-custom-background-color\" style=\"background-color:#522e83\">\n<h3 class=\"wp-block-heading has-text-align-left\" id=\"h-preguntas-frecuentes\">Preguntas Frecuentes<\/h3>\n\n\n\n<p class=\"has-text-align-left\">Obtenga respuestas a las preguntas m\u00e1s frecuentes sobre nuestro servicio de informaci\u00f3n y estudios de embarazo.<\/p>\n\n\n\n<div class=\"wp-block-buttons is-layout-flex wp-block-buttons-is-layout-flex\">\n<div class=\"wp-block-button has-custom-font-size mtb-std-block-btn gb-block-button\" style=\"font-size:20px;line-height:1.2\"><a class=\"wp-block-button__link has-text-color has-background wp-element-button\" href=\"\/healthcare-professionals-faqs\/\" style=\"border-radius:5px;color:#ffffff;background-color:#3373dc;padding-top:10px;padding-right:1em;padding-bottom:10px;padding-left:1em\">Leer<\/a><\/div>\n<\/div>\n<\/div><\/div>\n\n\n\n<div class=\"wp-block-genesis-blocks-gb-column mtb-cta-radius gb-block-layout-column\"><div class=\"gb-block-layout-column-inner gb-has-custom-background-color\" style=\"background-color:#522e83\">\n<h3 class=\"wp-block-heading has-text-align-left\" id=\"h-mant-ngase-en-contacto\">Mant\u00e9ngase en contacto<\/h3>\n\n\n\n<p class=\"has-text-align-left\">Nuestro bolet\u00edn electr\u00f3nico le brinda la informaci\u00f3n, las noticias, y los recursos m\u00e1s recientes de los expertos de MotherToBaby.<\/p>\n\n\n\n<div class=\"wp-block-buttons is-layout-flex wp-block-buttons-is-layout-flex\">\n<div class=\"wp-block-button has-custom-font-size mtb-std-block-btn gb-block-button\" style=\"font-size:20px;line-height:1.2\"><a class=\"wp-block-button__link has-text-color has-background wp-element-button\" href=\"\/enews-sign-up-form\/\" style=\"border-radius:5px;color:#ffffff;background-color:#3373dc;padding-top:10px;padding-right:1em;padding-bottom:10px;padding-left:1em\">Inscribirse<\/a><\/div>\n<\/div>\n<\/div><\/div>\n\n\n\n<div class=\"wp-block-genesis-blocks-gb-column mtb-cta-radius gb-block-layout-column\"><div class=\"gb-block-layout-column-inner gb-has-custom-background-color\" style=\"background-color:#26a68b\">\n<h3 class=\"wp-block-heading has-text-align-left\" id=\"h-remitir-paciente\">Remitir Paciente<\/h3>\n\n\n\n<p class=\"has-text-align-left\">\u00bfNecesita darle a su paciente una evaluaci\u00f3n personalizada sobre un riesgo de exposici\u00f3n o conectarlo con nuestros estudios de embarazo?<\/p>\n\n\n\n<div class=\"wp-block-buttons is-layout-flex wp-block-buttons-is-layout-flex\">\n<div class=\"wp-block-button has-custom-font-size mtb-std-block-btn gb-block-button\" style=\"font-size:20px;line-height:1.2\"><a class=\"wp-block-button__link has-text-color has-background wp-element-button\" href=\"\/refer-patient-form\/\" style=\"border-radius:5px;color:#ffffff;background-color:#3373dc;padding-top:10px;padding-right:1em;padding-bottom:10px;padding-left:1em\">Remitir<\/a><\/div>\n<\/div>\n<\/div><\/div>\n<\/div><\/div>\n<\/div><\/div><\/div>\n","protected":false},"excerpt":{"rendered":"<p>Ayudar a sus clientes embarazadas y lactantes a tomar decisiones informadas Para muchas mujeres, las doulas desempe\u00f1an un papel importante en el embarazo y el viaje posparto. Mientras apoya a sus clientes en esta \u00e9poca de enormes cambios en sus vidas, probablemente est\u00e9 recibiendo muchas preguntas de su parte. Cuando esas preguntas tratan sobre c\u00f3mo [&hellip;]<\/p>\n","protected":false},"author":240,"featured_media":16413,"parent":6741,"menu_order":0,"comment_status":"closed","ping_status":"closed","template":"page-templates\/inner-page.php","meta":{"_searchwp_excluded":"","_genesis_hide_title":false,"_genesis_hide_breadcrumbs":false,"_genesis_hide_singular_image":false,"_genesis_hide_footer_widgets":false,"_genesis_custom_body_class":"","_genesis_custom_post_class":"","_genesis_layout":"full-width-content","footnotes":""},"medical-specialty":[],"related-content":[],"class_list":{"0":"post-16361","1":"page","2":"type-page","3":"status-publish","4":"has-post-thumbnail","6":"entry"},"yoast_head":"<!-- This site is optimized with the Yoast SEO Premium plugin v20.13 (Yoast SEO v20.13) - https:\/\/yoast.com\/wordpress\/plugins\/seo\/ -->\n<title>Doulas - MotherToBaby<\/title>\n<meta name=\"robots\" content=\"index, follow, max-snippet:-1, max-image-preview:large, max-video-preview:-1\" \/>\n<link rel=\"canonical\" href=\"https:\/\/mothertobaby.org\/es\/profesionales-de-salud\/doulas\/\" \/>\n<meta property=\"og:locale\" content=\"es_ES\" \/>\n<meta property=\"og:type\" content=\"article\" \/>\n<meta property=\"og:title\" content=\"Doulas\" \/>\n<meta property=\"og:description\" content=\"Ayudar a sus clientes embarazadas y lactantes a tomar decisiones informadas Para muchas mujeres, las doulas desempe\u00f1an un papel importante en el embarazo y el viaje posparto. Mientras apoya a sus clientes en esta \u00e9poca de enormes cambios en sus vidas, probablemente est\u00e9 recibiendo muchas preguntas de su parte. Cuando esas preguntas tratan sobre c\u00f3mo [&hellip;]\" \/>\n<meta property=\"og:url\" content=\"https:\/\/mothertobaby.org\/es\/profesionales-de-salud\/doulas\/\" \/>\n<meta property=\"og:site_name\" content=\"MotherToBaby\" \/>\n<meta property=\"article:modified_time\" content=\"2026-04-07T16:00:56+00:00\" \/>\n<meta property=\"og:image\" content=\"https:\/\/mothertobaby.org\/wp-content\/uploads\/2026\/01\/Doula-Banner-image-2-1024x576.png\" \/>\n\t<meta property=\"og:image:width\" content=\"1024\" \/>\n\t<meta property=\"og:image:height\" content=\"576\" \/>\n\t<meta property=\"og:image:type\" content=\"image\/png\" \/>\n<meta name=\"twitter:card\" content=\"summary_large_image\" \/>\n<meta name=\"twitter:label1\" content=\"Tiempo de lectura\" \/>\n\t<meta name=\"twitter:data1\" content=\"2 minutos\" \/>\n<script type=\"application\/ld+json\" class=\"yoast-schema-graph\">{\"@context\":\"https:\/\/schema.org\",\"@graph\":[{\"@type\":\"WebPage\",\"@id\":\"https:\/\/mothertobaby.org\/es\/profesionales-de-salud\/doulas\/\",\"url\":\"https:\/\/mothertobaby.org\/es\/profesionales-de-salud\/doulas\/\",\"name\":\"Doulas - MotherToBaby\",\"isPartOf\":{\"@id\":\"https:\/\/mothertobaby.org\/es\/#website\"},\"datePublished\":\"2026-04-07T16:00:50+00:00\",\"dateModified\":\"2026-04-07T16:00:56+00:00\",\"breadcrumb\":{\"@id\":\"https:\/\/mothertobaby.org\/es\/profesionales-de-salud\/doulas\/#breadcrumb\"},\"inLanguage\":\"es\",\"potentialAction\":[{\"@type\":\"ReadAction\",\"target\":[\"https:\/\/mothertobaby.org\/es\/profesionales-de-salud\/doulas\/\"]}]},{\"@type\":\"BreadcrumbList\",\"@id\":\"https:\/\/mothertobaby.org\/es\/profesionales-de-salud\/doulas\/#breadcrumb\",\"itemListElement\":[{\"@type\":\"ListItem\",\"position\":1,\"name\":\"Home\",\"item\":\"https:\/\/mothertobaby.org\/es\/\"},{\"@type\":\"ListItem\",\"position\":2,\"name\":\"Profesionales de Salud\",\"item\":\"https:\/\/mothertobaby.org\/es\/profesionales-de-salud\/\"},{\"@type\":\"ListItem\",\"position\":3,\"name\":\"Doulas\"}]},{\"@type\":\"WebSite\",\"@id\":\"https:\/\/mothertobaby.org\/es\/#website\",\"url\":\"https:\/\/mothertobaby.org\/es\/\",\"name\":\"MotherToBaby\",\"description\":\"Medications and More during pregnancy and breastfeeding\",\"publisher\":{\"@id\":\"https:\/\/mothertobaby.org\/es\/#organization\"},\"potentialAction\":[{\"@type\":\"SearchAction\",\"target\":{\"@type\":\"EntryPoint\",\"urlTemplate\":\"https:\/\/mothertobaby.org\/es\/?s={search_term_string}\"},\"query-input\":\"required name=search_term_string\"}],\"inLanguage\":\"es\"},{\"@type\":\"Organization\",\"@id\":\"https:\/\/mothertobaby.org\/es\/#organization\",\"name\":\"MotherToBaby\",\"url\":\"https:\/\/mothertobaby.org\/es\/\",\"logo\":{\"@type\":\"ImageObject\",\"inLanguage\":\"es\",\"@id\":\"https:\/\/mothertobaby.org\/es\/#\/schema\/logo\/image\/\",\"url\":\"https:\/\/mothertobaby.org\/wp-content\/uploads\/2023\/06\/MTB-horz-copyright-sm-1.png\",\"contentUrl\":\"https:\/\/mothertobaby.org\/wp-content\/uploads\/2023\/06\/MTB-horz-copyright-sm-1.png\",\"width\":284,\"height\":52,\"caption\":\"MotherToBaby\"},\"image\":{\"@id\":\"https:\/\/mothertobaby.org\/es\/#\/schema\/logo\/image\/\"}}]}<\/script>\n<!-- \/ Yoast SEO Premium plugin. -->","yoast_head_json":{"title":"Doulas - MotherToBaby","robots":{"index":"index","follow":"follow","max-snippet":"max-snippet:-1","max-image-preview":"max-image-preview:large","max-video-preview":"max-video-preview:-1"},"canonical":"https:\/\/mothertobaby.org\/es\/profesionales-de-salud\/doulas\/","og_locale":"es_ES","og_type":"article","og_title":"Doulas","og_description":"Ayudar a sus clientes embarazadas y lactantes a tomar decisiones informadas Para muchas mujeres, las doulas desempe\u00f1an un papel importante en el embarazo y el viaje posparto. Mientras apoya a sus clientes en esta \u00e9poca de enormes cambios en sus vidas, probablemente est\u00e9 recibiendo muchas preguntas de su parte. Cuando esas preguntas tratan sobre c\u00f3mo [&hellip;]","og_url":"https:\/\/mothertobaby.org\/es\/profesionales-de-salud\/doulas\/","og_site_name":"MotherToBaby","article_modified_time":"2026-04-07T16:00:56+00:00","og_image":[{"width":1024,"height":576,"url":"https:\/\/mothertobaby.org\/wp-content\/uploads\/2026\/01\/Doula-Banner-image-2-1024x576.png","type":"image\/png"}],"twitter_card":"summary_large_image","twitter_misc":{"Tiempo de lectura":"2 minutos"},"schema":{"@context":"https:\/\/schema.org","@graph":[{"@type":"WebPage","@id":"https:\/\/mothertobaby.org\/es\/profesionales-de-salud\/doulas\/","url":"https:\/\/mothertobaby.org\/es\/profesionales-de-salud\/doulas\/","name":"Doulas - MotherToBaby","isPartOf":{"@id":"https:\/\/mothertobaby.org\/es\/#website"},"datePublished":"2026-04-07T16:00:50+00:00","dateModified":"2026-04-07T16:00:56+00:00","breadcrumb":{"@id":"https:\/\/mothertobaby.org\/es\/profesionales-de-salud\/doulas\/#breadcrumb"},"inLanguage":"es","potentialAction":[{"@type":"ReadAction","target":["https:\/\/mothertobaby.org\/es\/profesionales-de-salud\/doulas\/"]}]},{"@type":"BreadcrumbList","@id":"https:\/\/mothertobaby.org\/es\/profesionales-de-salud\/doulas\/#breadcrumb","itemListElement":[{"@type":"ListItem","position":1,"name":"Home","item":"https:\/\/mothertobaby.org\/es\/"},{"@type":"ListItem","position":2,"name":"Profesionales de Salud","item":"https:\/\/mothertobaby.org\/es\/profesionales-de-salud\/"},{"@type":"ListItem","position":3,"name":"Doulas"}]},{"@type":"WebSite","@id":"https:\/\/mothertobaby.org\/es\/#website","url":"https:\/\/mothertobaby.org\/es\/","name":"MotherToBaby","description":"Medications and More during pregnancy and breastfeeding","publisher":{"@id":"https:\/\/mothertobaby.org\/es\/#organization"},"potentialAction":[{"@type":"SearchAction","target":{"@type":"EntryPoint","urlTemplate":"https:\/\/mothertobaby.org\/es\/?s={search_term_string}"},"query-input":"required name=search_term_string"}],"inLanguage":"es"},{"@type":"Organization","@id":"https:\/\/mothertobaby.org\/es\/#organization","name":"MotherToBaby","url":"https:\/\/mothertobaby.org\/es\/","logo":{"@type":"ImageObject","inLanguage":"es","@id":"https:\/\/mothertobaby.org\/es\/#\/schema\/logo\/image\/","url":"https:\/\/mothertobaby.org\/wp-content\/uploads\/2023\/06\/MTB-horz-copyright-sm-1.png","contentUrl":"https:\/\/mothertobaby.org\/wp-content\/uploads\/2023\/06\/MTB-horz-copyright-sm-1.png","width":284,"height":52,"caption":"MotherToBaby"},"image":{"@id":"https:\/\/mothertobaby.org\/es\/#\/schema\/logo\/image\/"}}]}},"featured_image_src":"https:\/\/mothertobaby.org\/wp-content\/uploads\/2026\/01\/Doula-Banner-image-2-600x400.png","featured_image_src_square":"https:\/\/mothertobaby.org\/wp-content\/uploads\/2026\/01\/Doula-Banner-image-2-600x600.png","_links":{"self":[{"href":"https:\/\/mothertobaby.org\/es\/wp-json\/wp\/v2\/pages\/16361","targetHints":{"allow":["GET"]}}],"collection":[{"href":"https:\/\/mothertobaby.org\/es\/wp-json\/wp\/v2\/pages"}],"about":[{"href":"https:\/\/mothertobaby.org\/es\/wp-json\/wp\/v2\/types\/page"}],"author":[{"embeddable":true,"href":"https:\/\/mothertobaby.org\/es\/wp-json\/wp\/v2\/users\/240"}],"replies":[{"embeddable":true,"href":"https:\/\/mothertobaby.org\/es\/wp-json\/wp\/v2\/comments?post=16361"}],"version-history":[{"count":0,"href":"https:\/\/mothertobaby.org\/es\/wp-json\/wp\/v2\/pages\/16361\/revisions"}],"up":[{"embeddable":true,"href":"https:\/\/mothertobaby.org\/es\/wp-json\/wp\/v2\/pages\/6741"}],"wp:featuredmedia":[{"embeddable":true,"href":"https:\/\/mothertobaby.org\/es\/wp-json\/wp\/v2\/media\/16413"}],"wp:attachment":[{"href":"https:\/\/mothertobaby.org\/es\/wp-json\/wp\/v2\/media?parent=16361"}],"wp:term":[{"taxonomy":"medical-specialty","embeddable":true,"href":"https:\/\/mothertobaby.org\/es\/wp-json\/wp\/v2\/medical-specialty?post=16361"},{"taxonomy":"related-content","embeddable":true,"href":"https:\/\/mothertobaby.org\/es\/wp-json\/wp\/v2\/related-content?post=16361"}],"curies":[{"name":"wp","href":"https:\/\/api.w.org\/{rel}","templated":true}]}}