{"id":17071,"date":"2026-03-17T11:21:38","date_gmt":"2026-03-17T18:21:38","guid":{"rendered":"https:\/\/mothertobaby.org\/?page_id=17071"},"modified":"2026-03-17T13:53:42","modified_gmt":"2026-03-17T20:53:42","slug":"infografias","status":"publish","type":"page","link":"https:\/\/mothertobaby.org\/es\/infografias\/","title":{"rendered":"Infograf\u00edas"},"content":{"rendered":"\n<h2 class=\"wp-block-heading\" id=\"h-descargue-recursos-importantes\"><strong><strong>Descargue recursos importantes<\/strong><\/strong><\/h2>\n\n\n\n<p>Las herramientas educativas a continuaci\u00f3n ofrecen m\u00e1s informaci\u00f3n sobre temas importantes de exposici\u00f3n durante el embarazo y la lactancia. Desarrollados en colaboraci\u00f3n con socios expertos en el tema, estos recursos gratuitos est\u00e1n disponibles para descargar y compartir. Para obtener detalles adicionales sobre exposiciones espec\u00edficas, explore nuestros&nbsp;<a href=\"https:\/\/mothertobaby.org\/es\/exposiciones-durante-el-embarazo-y-la-lactancia\/\">centros de recursos<\/a>,&nbsp;<a href=\"https:\/\/mothertobaby.org\/es\/hojas-informativas\/\">hojas informativas<\/a>&nbsp;y&nbsp;<a href=\"https:\/\/mothertobaby.org\/es\/blog-del-bebe\/\">Baby Blogs<\/a>.<\/p>\n\n\n<div class=\"woocommerce columns-3 \"><ul class=\"products columns-3\">\n<li class=\"entry product type-product post-16976 status-publish first instock product_cat-educational-materials-es has-post-thumbnail shipping-taxable purchasable product-type-simple\">\n\t<div class=\"mtb-woo-shop-loop-item\"><a href=\"https:\/\/mothertobaby.org\/es\/product\/arbol-de-decision-de-sarampion\/\" class=\"woocommerce-LoopProduct-link woocommerce-loop-product__link\"><img loading=\"lazy\" decoding=\"async\" width=\"530\" height=\"530\" src=\"https:\/\/mothertobaby.org\/wp-content\/uploads\/2026\/03\/measles-decision-product-eng-530x530.jpg\" class=\"attachment-woocommerce_thumbnail size-woocommerce_thumbnail\" alt=\"\u00c1rbol de decisi\u00f3n de sarampi\u00f3n\" srcset=\"https:\/\/mothertobaby.org\/wp-content\/uploads\/2026\/03\/measles-decision-product-eng-530x530.jpg 530w, https:\/\/mothertobaby.org\/wp-content\/uploads\/2026\/03\/measles-decision-product-eng-300x300.jpg 300w, https:\/\/mothertobaby.org\/wp-content\/uploads\/2026\/03\/measles-decision-product-eng-150x150.jpg 150w, https:\/\/mothertobaby.org\/wp-content\/uploads\/2026\/03\/measles-decision-product-eng-80x80.jpg 80w, https:\/\/mothertobaby.org\/wp-content\/uploads\/2026\/03\/measles-decision-product-eng-600x600.jpg 600w, https:\/\/mothertobaby.org\/wp-content\/uploads\/2026\/03\/measles-decision-product-eng-180x180.jpg 180w, https:\/\/mothertobaby.org\/wp-content\/uploads\/2026\/03\/measles-decision-product-eng.jpg 720w\" sizes=\"auto, (max-width: 530px) 100vw, 530px\" \/><h2 class=\"woocommerce-loop-product__title\">\u00c1rbol de decisi\u00f3n de sarampi\u00f3n<\/h2><\/a><div class=\"woocommerce-product-details__short-description\">\n\t<p>Vea el \u00c1rbol de decisiones de protecci\u00f3n contra el sarampi\u00f3n de MotherToBaby y la Sociedad de Medicina Materno-Fetal para conocer su protecci\u00f3n contra el sarampi\u00f3n y cu\u00e1ndo vacunarse si es necesario.<\/p>\n<div class=\"wp-block-button\"><a class=\"wp-block-button__link wp-element-button\" href=\"\/wp-content\/uploads\/2025\/08\/1525_Measles_FactSheet_Digital.pdf\"> DESCARGAR VERSI\u00d3N EN INGL\u00c9S<\/a><\/div>\n<div class=\"wp-block-button\"><a class=\"wp-block-button__link wp-element-button\" href=\"\/wp-content\/uploads\/2025\/08\/1525_Measles_FactSheet_Spanish_Digital.pdf\"> DESCARGAR VERSI\u00d3N EN ESPA\u00d1OL<\/a><\/div>\n<\/div>\n<\/div><\/li>\n<li class=\"entry product type-product post-17068 status-publish instock product_cat-educational-materials-es has-post-thumbnail shipping-taxable purchasable product-type-simple\">\n\t<div class=\"mtb-woo-shop-loop-item\"><a href=\"https:\/\/mothertobaby.org\/es\/product\/consejos-de-medicamentos\/\" class=\"woocommerce-LoopProduct-link woocommerce-loop-product__link\"><img loading=\"lazy\" decoding=\"async\" width=\"530\" height=\"530\" src=\"https:\/\/mothertobaby.org\/wp-content\/uploads\/2026\/03\/medication-safety-tips-en-530x530.jpg\" class=\"attachment-woocommerce_thumbnail size-woocommerce_thumbnail\" alt=\"Consejos de medicamentos\" srcset=\"https:\/\/mothertobaby.org\/wp-content\/uploads\/2026\/03\/medication-safety-tips-en-530x530.jpg 530w, https:\/\/mothertobaby.org\/wp-content\/uploads\/2026\/03\/medication-safety-tips-en-300x300.jpg 300w, https:\/\/mothertobaby.org\/wp-content\/uploads\/2026\/03\/medication-safety-tips-en-150x150.jpg 150w, https:\/\/mothertobaby.org\/wp-content\/uploads\/2026\/03\/medication-safety-tips-en-80x80.jpg 80w, https:\/\/mothertobaby.org\/wp-content\/uploads\/2026\/03\/medication-safety-tips-en-600x600.jpg 600w, https:\/\/mothertobaby.org\/wp-content\/uploads\/2026\/03\/medication-safety-tips-en-180x180.jpg 180w, https:\/\/mothertobaby.org\/wp-content\/uploads\/2026\/03\/medication-safety-tips-en.jpg 720w\" sizes=\"auto, (max-width: 530px) 100vw, 530px\" \/><h2 class=\"woocommerce-loop-product__title\">Consejos de medicamentos<\/h2><\/a><div class=\"woocommerce-product-details__short-description\">\n\t<p>La hoja Consejos de seguridad de medicamentos, desarrollada con Arizona Poison and Drug Information Center, ayuda a prevenir errores y destaca los riesgos de suplementos en embarazo y lactancia.<\/p>\n<div class=\"wp-block-button\"><a class=\"wp-block-button__link wp-element-button\" href=\"\/wp-content\/uploads\/2025\/02\/MTB-Branded-2_3_Full-Page-Medication-Safety-Tips-Infographic.pdf\" target=\"_blank\" rel=\"noreferrer noopener\">Descargar versi\u00f3n en ingl\u00e9s<\/a><\/div>\n<div class=\"wp-block-button\"><a class=\"wp-block-button__link wp-element-button\" href=\"\/wp-content\/uploads\/2025\/06\/2_3_Spanish_Full-Page-Medication-Safety-Tips-Infographic.png\" target=\"_blank\" rel=\"noreferrer noopener\">Descargar versi\u00f3n en espa\u00f1ol<\/a><\/div>\n<\/div>\n<\/div><\/li>\n<li class=\"entry product type-product post-17069 status-publish last instock product_cat-educational-materials-es has-post-thumbnail shipping-taxable purchasable product-type-simple\">\n\t<div class=\"mtb-woo-shop-loop-item\"><a href=\"https:\/\/mothertobaby.org\/es\/product\/consejos-de-seguridad-para-uso-de-pesticidas\/\" class=\"woocommerce-LoopProduct-link woocommerce-loop-product__link\"><img loading=\"lazy\" decoding=\"async\" width=\"530\" height=\"530\" src=\"https:\/\/mothertobaby.org\/wp-content\/uploads\/2026\/03\/pesticide-safety-tips-en-530x530.jpg\" class=\"attachment-woocommerce_thumbnail size-woocommerce_thumbnail\" alt=\"Consejos de seguridad para uso de pesticidas\" srcset=\"https:\/\/mothertobaby.org\/wp-content\/uploads\/2026\/03\/pesticide-safety-tips-en-530x530.jpg 530w, https:\/\/mothertobaby.org\/wp-content\/uploads\/2026\/03\/pesticide-safety-tips-en-300x300.jpg 300w, https:\/\/mothertobaby.org\/wp-content\/uploads\/2026\/03\/pesticide-safety-tips-en-150x150.jpg 150w, https:\/\/mothertobaby.org\/wp-content\/uploads\/2026\/03\/pesticide-safety-tips-en-80x80.jpg 80w, https:\/\/mothertobaby.org\/wp-content\/uploads\/2026\/03\/pesticide-safety-tips-en-600x600.jpg 600w, https:\/\/mothertobaby.org\/wp-content\/uploads\/2026\/03\/pesticide-safety-tips-en-180x180.jpg 180w, https:\/\/mothertobaby.org\/wp-content\/uploads\/2026\/03\/pesticide-safety-tips-en.jpg 720w\" sizes=\"auto, (max-width: 530px) 100vw, 530px\" \/><h2 class=\"woocommerce-loop-product__title\">Consejos de seguridad para uso de pesticidas<\/h2><\/a><div class=\"woocommerce-product-details__short-description\">\n\t<p>La hoja Consejos de seguridad para uso de pesticidas, desarrollada con Arizona Poison and Drug Information Center, ayuda a reducir exposici\u00f3n a pesticidas y a usar repelentes de forma adecuada.<\/p>\n<div class=\"wp-block-button\"><a class=\"wp-block-button__link wp-element-button\" href=\"\/wp-content\/uploads\/2025\/03\/AZPDIC-MTB-Pesticide-Safety-Tips_English.pdf\">Descargar versi\u00f3n en ingl\u00e9s<\/a><\/div>\n<div class=\"wp-block-button\"><a class=\"wp-block-button__link wp-element-button\" href=\"\/wp-content\/uploads\/2025\/03\/AZPDIC-MTB-Pesticide-Safety-Tips_Spanish.pdf\">Descargar versi\u00f3n en espa\u00f1ol<\/a><\/div>\n<\/div>\n<\/div><\/li>\n<li class=\"entry product type-product post-17067 status-publish first instock product_cat-educational-materials-es has-post-thumbnail shipping-taxable purchasable product-type-simple\">\n\t<div class=\"mtb-woo-shop-loop-item\"><a href=\"https:\/\/mothertobaby.org\/es\/product\/grafico-sobre-las-vacunas-en-el-embarazo\/\" class=\"woocommerce-LoopProduct-link woocommerce-loop-product__link\"><img loading=\"lazy\" decoding=\"async\" width=\"530\" height=\"530\" src=\"https:\/\/mothertobaby.org\/wp-content\/uploads\/2026\/03\/vaccines-recommended-en-530x530.jpg\" class=\"attachment-woocommerce_thumbnail size-woocommerce_thumbnail\" alt=\"Gr\u00e1fico sobre las vacunas en el embarazo\" srcset=\"https:\/\/mothertobaby.org\/wp-content\/uploads\/2026\/03\/vaccines-recommended-en-530x530.jpg 530w, https:\/\/mothertobaby.org\/wp-content\/uploads\/2026\/03\/vaccines-recommended-en-300x300.jpg 300w, https:\/\/mothertobaby.org\/wp-content\/uploads\/2026\/03\/vaccines-recommended-en-150x150.jpg 150w, https:\/\/mothertobaby.org\/wp-content\/uploads\/2026\/03\/vaccines-recommended-en-80x80.jpg 80w, https:\/\/mothertobaby.org\/wp-content\/uploads\/2026\/03\/vaccines-recommended-en-600x600.jpg 600w, https:\/\/mothertobaby.org\/wp-content\/uploads\/2026\/03\/vaccines-recommended-en-180x180.jpg 180w, https:\/\/mothertobaby.org\/wp-content\/uploads\/2026\/03\/vaccines-recommended-en.jpg 720w\" sizes=\"auto, (max-width: 530px) 100vw, 530px\" \/><h2 class=\"woocommerce-loop-product__title\">Gr\u00e1fico sobre las vacunas en el embarazo<\/h2><\/a><div class=\"woocommerce-product-details__short-description\">\n\t<p>El gr\u00e1fico de vacunas describe beneficios y momentos recomendados para recibir vacunas contra la gripe, la COVID-19, el VRS y la vacuna Tdap en embarazo, para reducir riesgos de virus respiratorios.<\/p>\n<div class=\"wp-block-button\"><a class=\"wp-block-button__link wp-element-button\" href=\"\/wp-content\/uploads\/2025\/08\/FINAL_8_26_25_VaxInfographic_ENG.pdf\" target=\"_blank\" rel=\"noreferrer noopener\">Descargar versi\u00f3n en ingl\u00e9s<\/a><\/div>\n<div class=\"wp-block-button\"><a class=\"wp-block-button__link wp-element-button\" href=\"\/wp-content\/uploads\/2025\/08\/FINAL_SPANISH_8_27_25_VaxInfographic.pdf\" target=\"_blank\" rel=\"noreferrer noopener\">Descargar versi\u00f3n en espa\u00f1ol<\/a><\/div>\n<\/div>\n<\/div><\/li>\n<li class=\"entry product type-product post-17066 status-publish instock product_cat-educational-materials-es has-post-thumbnail shipping-taxable purchasable product-type-simple\">\n\t<div class=\"mtb-woo-shop-loop-item\"><a href=\"https:\/\/mothertobaby.org\/es\/product\/grafico-radiacion-durante-la-lactancia\/\" class=\"woocommerce-LoopProduct-link woocommerce-loop-product__link\"><img loading=\"lazy\" decoding=\"async\" width=\"530\" height=\"530\" src=\"https:\/\/mothertobaby.org\/wp-content\/uploads\/2026\/03\/radiation-in-breastfeeding-en-530x530.jpg\" class=\"attachment-woocommerce_thumbnail size-woocommerce_thumbnail\" alt=\"Gr\u00e1fico: Radiaci\u00f3n durante la lactancia\" srcset=\"https:\/\/mothertobaby.org\/wp-content\/uploads\/2026\/03\/radiation-in-breastfeeding-en-530x530.jpg 530w, https:\/\/mothertobaby.org\/wp-content\/uploads\/2026\/03\/radiation-in-breastfeeding-en-300x300.jpg 300w, https:\/\/mothertobaby.org\/wp-content\/uploads\/2026\/03\/radiation-in-breastfeeding-en-150x150.jpg 150w, https:\/\/mothertobaby.org\/wp-content\/uploads\/2026\/03\/radiation-in-breastfeeding-en-80x80.jpg 80w, https:\/\/mothertobaby.org\/wp-content\/uploads\/2026\/03\/radiation-in-breastfeeding-en-600x600.jpg 600w, https:\/\/mothertobaby.org\/wp-content\/uploads\/2026\/03\/radiation-in-breastfeeding-en-180x180.jpg 180w, https:\/\/mothertobaby.org\/wp-content\/uploads\/2026\/03\/radiation-in-breastfeeding-en.jpg 720w\" sizes=\"auto, (max-width: 530px) 100vw, 530px\" \/><h2 class=\"woocommerce-loop-product__title\">Gr\u00e1fico: Radiaci\u00f3n durante la lactancia<\/h2><\/a><div class=\"woocommerce-product-details__short-description\">\n\t<p>Esta infograf\u00eda sobre radiaci\u00f3n, desarrollada en colaboraci\u00f3n con la Health Physics Society, ilustra fuentes comunes de radiaci\u00f3n e indica si pueden ser motivo de preocupaci\u00f3n en lactancia.<\/p>\n<div class=\"wp-block-button\"><a class=\"wp-block-button__link wp-element-button\" href=\"\/wp-content\/uploads\/2025\/08\/7_24_breastfeeding_radiation-one-pager.pdf\" target=\"_blank\" rel=\"noreferrer noopener\">Descargar versi\u00f3n en ingl\u00e9s<\/a><\/div>\n<div class=\"wp-block-button\"><a class=\"wp-block-button__link wp-element-button\" href=\"\/wp-content\/uploads\/2025\/08\/7_28_SPANISH_breastfeeding_radiation-one-pager.pdf\" target=\"_blank\" rel=\"noreferrer noopener\">Descargar versi\u00f3n en espa\u00f1ol<\/a><\/div>\n<\/div>\n<\/div><\/li>\n<li class=\"entry product type-product post-17065 status-publish last instock product_cat-educational-materials-es has-post-thumbnail shipping-taxable purchasable product-type-simple\">\n\t<div class=\"mtb-woo-shop-loop-item\"><a href=\"https:\/\/mothertobaby.org\/es\/product\/grafico-radiacion-en-el-embarazo\/\" class=\"woocommerce-LoopProduct-link woocommerce-loop-product__link\"><img loading=\"lazy\" decoding=\"async\" width=\"530\" height=\"530\" src=\"https:\/\/mothertobaby.org\/wp-content\/uploads\/2026\/03\/radiation-in-pregnancy-en-530x530.jpg\" class=\"attachment-woocommerce_thumbnail size-woocommerce_thumbnail\" alt=\"Gr\u00e1fico: Radiaci\u00f3n en el embarazo\" srcset=\"https:\/\/mothertobaby.org\/wp-content\/uploads\/2026\/03\/radiation-in-pregnancy-en-530x530.jpg 530w, https:\/\/mothertobaby.org\/wp-content\/uploads\/2026\/03\/radiation-in-pregnancy-en-300x300.jpg 300w, https:\/\/mothertobaby.org\/wp-content\/uploads\/2026\/03\/radiation-in-pregnancy-en-150x150.jpg 150w, https:\/\/mothertobaby.org\/wp-content\/uploads\/2026\/03\/radiation-in-pregnancy-en-80x80.jpg 80w, https:\/\/mothertobaby.org\/wp-content\/uploads\/2026\/03\/radiation-in-pregnancy-en-600x600.jpg 600w, https:\/\/mothertobaby.org\/wp-content\/uploads\/2026\/03\/radiation-in-pregnancy-en-180x180.jpg 180w, https:\/\/mothertobaby.org\/wp-content\/uploads\/2026\/03\/radiation-in-pregnancy-en.jpg 720w\" sizes=\"auto, (max-width: 530px) 100vw, 530px\" \/><h2 class=\"woocommerce-loop-product__title\">Gr\u00e1fico: Radiaci\u00f3n en el embarazo<\/h2><\/a><div class=\"woocommerce-product-details__short-description\">\n\t<p>Esta infograf\u00eda sobre radiaci\u00f3n, desarrollada en colaboraci\u00f3n con la Health Physics Society, ilustra fuentes comunes de radiaci\u00f3n e indica si pueden ser motivo de preocupaci\u00f3n en el embarazo.<\/p>\n<div class=\"wp-block-button\"><a class=\"wp-block-button__link wp-element-button\" href=\"\/wp-content\/uploads\/2024\/09\/FINAL_PNGradiation-one-pager.png\" target=\"_blank\" rel=\"noreferrer noopener\">Descargar versi\u00f3n en ingl\u00e9s<\/a><\/div>\n<div class=\"wp-block-button\"><a class=\"wp-block-button__link wp-element-button\" href=\"\/wp-content\/uploads\/2024\/09\/Spanish_radiation-one-pager.png\" target=\"_blank\" rel=\"noreferrer noopener\">Descargar versi\u00f3n en espa\u00f1ol<\/a><\/div>\n<\/div>\n<\/div><\/li>\n<li class=\"entry product type-product post-11687 status-publish first instock product_cat-educational-materials-es has-post-thumbnail shipping-taxable product-type-simple\">\n\t<div class=\"mtb-woo-shop-loop-item\"><a href=\"https:\/\/mothertobaby.org\/es\/product\/tarjeta-exposicion-al-plomo\/\" class=\"woocommerce-LoopProduct-link woocommerce-loop-product__link\"><img loading=\"lazy\" decoding=\"async\" width=\"530\" height=\"530\" src=\"https:\/\/mothertobaby.org\/wp-content\/uploads\/2024\/09\/lead-families-530x530.jpg\" class=\"attachment-woocommerce_thumbnail size-woocommerce_thumbnail\" alt=\"Infograf\u00eda de exposici\u00f3n al plomo\" srcset=\"https:\/\/mothertobaby.org\/wp-content\/uploads\/2024\/09\/lead-families-530x530.jpg 530w, https:\/\/mothertobaby.org\/wp-content\/uploads\/2024\/09\/lead-families-300x300.jpg 300w, https:\/\/mothertobaby.org\/wp-content\/uploads\/2024\/09\/lead-families-150x150.jpg 150w, https:\/\/mothertobaby.org\/wp-content\/uploads\/2024\/09\/lead-families-80x80.jpg 80w, https:\/\/mothertobaby.org\/wp-content\/uploads\/2024\/09\/lead-families-600x600.jpg 600w, https:\/\/mothertobaby.org\/wp-content\/uploads\/2024\/09\/lead-families-180x180.jpg 180w, https:\/\/mothertobaby.org\/wp-content\/uploads\/2024\/09\/lead-families.jpg 720w\" sizes=\"auto, (max-width: 530px) 100vw, 530px\" \/><h2 class=\"woocommerce-loop-product__title\">Infograf\u00eda de exposici\u00f3n al plomo<\/h2><\/a><div class=\"woocommerce-product-details__short-description\">\n\t<p>Consulte y comparta esta infograf\u00eda informativa de doble cara sobre la exposici\u00f3n al plomo en el embarazo y la lactancia, que incluye tanto \u00abDatos para Familias\u00bb como \u00abDatos para Profesionales\u00bb.<\/p>\n<div class=\"wp-block-button\"><a class=\"wp-block-button__link wp-element-button\" href=\"\/wp-content\/uploads\/woocommerce_uploads\/2024\/09\/24_MBN_004_FactSheet_LEAD_English-052424wHRSA-jeaosn.pdf\" target=\"_blank\" rel=\"noreferrer noopener\">Descargar versi\u00f3n en ingl\u00e9s<\/a><\/div>\n<div class=\"wp-block-button\"><a class=\"wp-block-button__link wp-element-button\" href=\"\/wp-content\/uploads\/woocommerce_uploads\/2024\/09\/24_MBN_004_FactSheet_LEAD_SPANISH_052424-HRSA-0pvsgy.pdf\" target=\"_blank\" rel=\"noreferrer noopener\">Descargar versi\u00f3n en espa\u00f1ol<\/a><\/div>\n<\/div>\n<\/div><\/li>\n<\/ul>\n<\/div>\n","protected":false},"excerpt":{"rendered":"<p>Descargue recursos importantes Las herramientas educativas a continuaci\u00f3n ofrecen m\u00e1s informaci\u00f3n sobre temas importantes de exposici\u00f3n durante el embarazo y la lactancia. Desarrollados en colaboraci\u00f3n con socios expertos en el tema, estos recursos gratuitos est\u00e1n disponibles para descargar y compartir. Para obtener detalles adicionales sobre exposiciones espec\u00edficas, explore nuestros&nbsp;centros de recursos,&nbsp;hojas informativas&nbsp;y&nbsp;Baby Blogs.<\/p>\n","protected":false},"author":208,"featured_media":11900,"parent":0,"menu_order":0,"comment_status":"closed","ping_status":"closed","template":"page-templates\/inner-page.php","meta":{"_searchwp_excluded":"","_genesis_hide_title":false,"_genesis_hide_breadcrumbs":false,"_genesis_hide_singular_image":false,"_genesis_hide_footer_widgets":false,"_genesis_custom_body_class":"","_genesis_custom_post_class":"","_genesis_layout":"","footnotes":""},"medical-specialty":[],"related-content":[],"class_list":{"0":"post-17071","1":"page","2":"type-page","3":"status-publish","4":"has-post-thumbnail","6":"entry"},"yoast_head":"<!-- This site is optimized with the Yoast SEO Premium plugin v20.13 (Yoast SEO v20.13) - https:\/\/yoast.com\/wordpress\/plugins\/seo\/ -->\n<title>Infograf\u00edas - MotherToBaby<\/title>\n<meta name=\"robots\" content=\"index, follow, max-snippet:-1, max-image-preview:large, max-video-preview:-1\" \/>\n<link rel=\"canonical\" href=\"https:\/\/mothertobaby.org\/es\/infografias\/\" \/>\n<meta property=\"og:locale\" content=\"es_ES\" \/>\n<meta property=\"og:type\" content=\"article\" \/>\n<meta property=\"og:title\" content=\"Infograf\u00edas\" \/>\n<meta property=\"og:description\" content=\"Descargue recursos importantes Las herramientas educativas a continuaci\u00f3n ofrecen m\u00e1s informaci\u00f3n sobre temas importantes de exposici\u00f3n durante el embarazo y la lactancia. Desarrollados en colaboraci\u00f3n con socios expertos en el tema, estos recursos gratuitos est\u00e1n disponibles para descargar y compartir. Para obtener detalles adicionales sobre exposiciones espec\u00edficas, explore nuestros&nbsp;centros de recursos,&nbsp;hojas informativas&nbsp;y&nbsp;Baby Blogs.\" \/>\n<meta property=\"og:url\" content=\"https:\/\/mothertobaby.org\/es\/infografias\/\" \/>\n<meta property=\"og:site_name\" content=\"MotherToBaby\" \/>\n<meta property=\"article:modified_time\" content=\"2026-03-17T20:53:42+00:00\" \/>\n<meta property=\"og:image\" content=\"https:\/\/mothertobaby.org\/wp-content\/uploads\/2024\/10\/Website-Banner-Learn-More-Diversity-1.png\" \/>\n\t<meta property=\"og:image:width\" content=\"1600\" \/>\n\t<meta property=\"og:image:height\" content=\"900\" \/>\n\t<meta property=\"og:image:type\" content=\"image\/png\" \/>\n<meta name=\"twitter:card\" content=\"summary_large_image\" \/>\n<meta name=\"twitter:label1\" content=\"Tiempo de lectura\" \/>\n\t<meta name=\"twitter:data1\" content=\"1 minuto\" \/>\n<script type=\"application\/ld+json\" class=\"yoast-schema-graph\">{\"@context\":\"https:\/\/schema.org\",\"@graph\":[{\"@type\":\"WebPage\",\"@id\":\"https:\/\/mothertobaby.org\/es\/infografias\/\",\"url\":\"https:\/\/mothertobaby.org\/es\/infografias\/\",\"name\":\"Infograf\u00edas - MotherToBaby\",\"isPartOf\":{\"@id\":\"https:\/\/mothertobaby.org\/es\/#website\"},\"datePublished\":\"2026-03-17T18:21:38+00:00\",\"dateModified\":\"2026-03-17T20:53:42+00:00\",\"breadcrumb\":{\"@id\":\"https:\/\/mothertobaby.org\/es\/infografias\/#breadcrumb\"},\"inLanguage\":\"es\",\"potentialAction\":[{\"@type\":\"ReadAction\",\"target\":[\"https:\/\/mothertobaby.org\/es\/infografias\/\"]}]},{\"@type\":\"BreadcrumbList\",\"@id\":\"https:\/\/mothertobaby.org\/es\/infografias\/#breadcrumb\",\"itemListElement\":[{\"@type\":\"ListItem\",\"position\":1,\"name\":\"Home\",\"item\":\"https:\/\/mothertobaby.org\/es\/\"},{\"@type\":\"ListItem\",\"position\":2,\"name\":\"Infograf\u00edas\"}]},{\"@type\":\"WebSite\",\"@id\":\"https:\/\/mothertobaby.org\/es\/#website\",\"url\":\"https:\/\/mothertobaby.org\/es\/\",\"name\":\"MotherToBaby\",\"description\":\"Medications and More during pregnancy and breastfeeding\",\"publisher\":{\"@id\":\"https:\/\/mothertobaby.org\/es\/#organization\"},\"potentialAction\":[{\"@type\":\"SearchAction\",\"target\":{\"@type\":\"EntryPoint\",\"urlTemplate\":\"https:\/\/mothertobaby.org\/es\/?s={search_term_string}\"},\"query-input\":\"required name=search_term_string\"}],\"inLanguage\":\"es\"},{\"@type\":\"Organization\",\"@id\":\"https:\/\/mothertobaby.org\/es\/#organization\",\"name\":\"MotherToBaby\",\"url\":\"https:\/\/mothertobaby.org\/es\/\",\"logo\":{\"@type\":\"ImageObject\",\"inLanguage\":\"es\",\"@id\":\"https:\/\/mothertobaby.org\/es\/#\/schema\/logo\/image\/\",\"url\":\"https:\/\/mothertobaby.org\/wp-content\/uploads\/2023\/06\/MTB-horz-copyright-sm-1.png\",\"contentUrl\":\"https:\/\/mothertobaby.org\/wp-content\/uploads\/2023\/06\/MTB-horz-copyright-sm-1.png\",\"width\":284,\"height\":52,\"caption\":\"MotherToBaby\"},\"image\":{\"@id\":\"https:\/\/mothertobaby.org\/es\/#\/schema\/logo\/image\/\"}}]}<\/script>\n<!-- \/ Yoast SEO Premium plugin. -->","yoast_head_json":{"title":"Infograf\u00edas - MotherToBaby","robots":{"index":"index","follow":"follow","max-snippet":"max-snippet:-1","max-image-preview":"max-image-preview:large","max-video-preview":"max-video-preview:-1"},"canonical":"https:\/\/mothertobaby.org\/es\/infografias\/","og_locale":"es_ES","og_type":"article","og_title":"Infograf\u00edas","og_description":"Descargue recursos importantes Las herramientas educativas a continuaci\u00f3n ofrecen m\u00e1s informaci\u00f3n sobre temas importantes de exposici\u00f3n durante el embarazo y la lactancia. Desarrollados en colaboraci\u00f3n con socios expertos en el tema, estos recursos gratuitos est\u00e1n disponibles para descargar y compartir. Para obtener detalles adicionales sobre exposiciones espec\u00edficas, explore nuestros&nbsp;centros de recursos,&nbsp;hojas informativas&nbsp;y&nbsp;Baby Blogs.","og_url":"https:\/\/mothertobaby.org\/es\/infografias\/","og_site_name":"MotherToBaby","article_modified_time":"2026-03-17T20:53:42+00:00","og_image":[{"width":1600,"height":900,"url":"https:\/\/mothertobaby.org\/wp-content\/uploads\/2024\/10\/Website-Banner-Learn-More-Diversity-1.png","type":"image\/png"}],"twitter_card":"summary_large_image","twitter_misc":{"Tiempo de lectura":"1 minuto"},"schema":{"@context":"https:\/\/schema.org","@graph":[{"@type":"WebPage","@id":"https:\/\/mothertobaby.org\/es\/infografias\/","url":"https:\/\/mothertobaby.org\/es\/infografias\/","name":"Infograf\u00edas - MotherToBaby","isPartOf":{"@id":"https:\/\/mothertobaby.org\/es\/#website"},"datePublished":"2026-03-17T18:21:38+00:00","dateModified":"2026-03-17T20:53:42+00:00","breadcrumb":{"@id":"https:\/\/mothertobaby.org\/es\/infografias\/#breadcrumb"},"inLanguage":"es","potentialAction":[{"@type":"ReadAction","target":["https:\/\/mothertobaby.org\/es\/infografias\/"]}]},{"@type":"BreadcrumbList","@id":"https:\/\/mothertobaby.org\/es\/infografias\/#breadcrumb","itemListElement":[{"@type":"ListItem","position":1,"name":"Home","item":"https:\/\/mothertobaby.org\/es\/"},{"@type":"ListItem","position":2,"name":"Infograf\u00edas"}]},{"@type":"WebSite","@id":"https:\/\/mothertobaby.org\/es\/#website","url":"https:\/\/mothertobaby.org\/es\/","name":"MotherToBaby","description":"Medications and More during pregnancy and breastfeeding","publisher":{"@id":"https:\/\/mothertobaby.org\/es\/#organization"},"potentialAction":[{"@type":"SearchAction","target":{"@type":"EntryPoint","urlTemplate":"https:\/\/mothertobaby.org\/es\/?s={search_term_string}"},"query-input":"required name=search_term_string"}],"inLanguage":"es"},{"@type":"Organization","@id":"https:\/\/mothertobaby.org\/es\/#organization","name":"MotherToBaby","url":"https:\/\/mothertobaby.org\/es\/","logo":{"@type":"ImageObject","inLanguage":"es","@id":"https:\/\/mothertobaby.org\/es\/#\/schema\/logo\/image\/","url":"https:\/\/mothertobaby.org\/wp-content\/uploads\/2023\/06\/MTB-horz-copyright-sm-1.png","contentUrl":"https:\/\/mothertobaby.org\/wp-content\/uploads\/2023\/06\/MTB-horz-copyright-sm-1.png","width":284,"height":52,"caption":"MotherToBaby"},"image":{"@id":"https:\/\/mothertobaby.org\/es\/#\/schema\/logo\/image\/"}}]}},"featured_image_src":"https:\/\/mothertobaby.org\/wp-content\/uploads\/2024\/10\/Website-Banner-Learn-More-Diversity-1-600x400.png","featured_image_src_square":"https:\/\/mothertobaby.org\/wp-content\/uploads\/2024\/10\/Website-Banner-Learn-More-Diversity-1-600x600.png","_links":{"self":[{"href":"https:\/\/mothertobaby.org\/es\/wp-json\/wp\/v2\/pages\/17071","targetHints":{"allow":["GET"]}}],"collection":[{"href":"https:\/\/mothertobaby.org\/es\/wp-json\/wp\/v2\/pages"}],"about":[{"href":"https:\/\/mothertobaby.org\/es\/wp-json\/wp\/v2\/types\/page"}],"author":[{"embeddable":true,"href":"https:\/\/mothertobaby.org\/es\/wp-json\/wp\/v2\/users\/208"}],"replies":[{"embeddable":true,"href":"https:\/\/mothertobaby.org\/es\/wp-json\/wp\/v2\/comments?post=17071"}],"version-history":[{"count":0,"href":"https:\/\/mothertobaby.org\/es\/wp-json\/wp\/v2\/pages\/17071\/revisions"}],"wp:featuredmedia":[{"embeddable":true,"href":"https:\/\/mothertobaby.org\/es\/wp-json\/wp\/v2\/media\/11900"}],"wp:attachment":[{"href":"https:\/\/mothertobaby.org\/es\/wp-json\/wp\/v2\/media?parent=17071"}],"wp:term":[{"taxonomy":"medical-specialty","embeddable":true,"href":"https:\/\/mothertobaby.org\/es\/wp-json\/wp\/v2\/medical-specialty?post=17071"},{"taxonomy":"related-content","embeddable":true,"href":"https:\/\/mothertobaby.org\/es\/wp-json\/wp\/v2\/related-content?post=17071"}],"curies":[{"name":"wp","href":"https:\/\/api.w.org\/{rel}","templated":true}]}}