{"id":6055,"date":"2022-06-01T14:45:56","date_gmt":"2022-06-01T21:45:56","guid":{"rendered":"https:\/\/mothertobaby.org\/?page_id=6055"},"modified":"2024-10-03T12:14:25","modified_gmt":"2024-10-03T19:14:25","slug":"nuestro-trabajo","status":"publish","type":"page","link":"https:\/\/mothertobaby.org\/es\/nuestro-trabajo\/","title":{"rendered":"Nuestro Trabajo"},"content":{"rendered":"\n<h2 class=\"wp-block-heading\" id=\"h-acerca-de-mothertobaby\"><strong>Acerca de MotherToBaby<\/strong><\/h2>\n\n\n\n<p>MotherToBaby, un servicio de la <a href=\"https:\/\/mothertobaby.org\/es\/acerca-de-otis\/\">Organizaci\u00f3n de Especialistas en Informaci\u00f3n de Teratolog\u00eda (OTIS<\/a>), sin fines de lucro, es la principal autoridad del pa\u00eds y la fuente m\u00e1s confiable de informaci\u00f3n basada en evidencia sobre los beneficios y riesgos de los medicamentos y otras exposiciones durante el embarazo y la lactancia. Nos especializamos en responder preguntas sobre lel beneficio\/riesgo de exposiciones a elementos como medicamentos, vacunas, sustancias qu\u00edmicas, productos herbales, sustancias de abuso, afecciones maternas y mucho m\u00e1s, durante el embarazo o la lactancia. Nuestro servicio de informaci\u00f3n sin costo est\u00e1 disponible para las personas que est\u00e1n embarazadas o en periodo de lactancia, sus familiares, profesionales de la salud y el p\u00fablico en general a trav\u00e9s de chat, mensajes de texto, tel\u00e9fono y correo electr\u00f3nico en ingl\u00e9s y espa\u00f1ol.<\/p>\n\n\n\n<p>MotherToBaby es un recurso sugerido por muchos organismos, incluidos los <a href=\"https:\/\/www.cdc.gov\/spanish\/\" target=\"_blank\" rel=\"noreferrer noopener\">Centros para el Control y la Prevenci\u00f3n de Enfermedades<\/a> (CDC) y la <a href=\"https:\/\/www.fda.gov\/about-fda\/office-commissioner\/office-womens-health\" target=\"_blank\" rel=\"noreferrer noopener\">Oficina de Salud de la Mujer de la Administraci\u00f3n de Alimentos y Medicamentos<\/a>. M\u00e1s de 100,000 personas y sus proveedores de salud buscan informaci\u00f3n sobre la prevenci\u00f3n de defectos de nacimiento en OTIS y MotherToBaby cada a\u00f1o.<\/p>\n\n\n\n<p>Tambi\u00e9n llevamos a cabo investigaciones de observaci\u00f3n de \u00faltima generaci\u00f3n sobre la seguridad de los medicamentos y las vacunas durante el embarazo. Nueve de cada diez personas que est\u00e1n embarazadas en los Estados Unidos toman medicamentos, pero a menudo falta evidencia sobre la seguridad de muchos medicamentos durante el embarazo. Nuestros <a href=\"https:\/\/mothertobaby.org\/es\/estudios-de-embarazo-mothertobaby\/\">estudios observacionales sobre el embarazo en MotherToBaby<\/a> tienen como objetivo proporcionar esta informaci\u00f3n tan necesaria para que las personas que est\u00e1n embarazadas o en periodo de lactancia y sus proveedores de atenci\u00f3n m\u00e9dica puedan tomar decisiones de tratamiento m\u00e1s informadas.<\/p>\n\n\n\n<p>MotherToBaby da la bienvenida a todas las personas y las familias en todas las etapas de su viaje durante el embarazo y la lactancia y reconoce que no todas las personas se identifican como \u201chombres\u201d o \u201cmujeres\u201d. Nos esforzamos por utilizar un lenguaje neutro en cuanto al g\u00e9nero cuando hablamos de embarazo y lactancia.&nbsp;Mediante el uso de una terminolog\u00eda inclusiva y sin g\u00e9nero, nos esforzamos por permitir que todas las familias est\u00e9n capacitadas para alcanzar sus objetivos personales y familiares de embarazo y lactancia.&nbsp;Si bien nuestro nombre todav\u00eda contiene una referencia a \u201cmadres\u201d, hemos actualizado nuestro sitio web y los recursos para usar t\u00e9rminos m\u00e1s inclusivos cuando sea posible y cuando ello permita que el mensaje general siga siendo claro para la poblaci\u00f3n en general. Agradecemos los comentarios sobre cualquiera de los t\u00e9rminos utilizados y reconocemos que nuestra comprensi\u00f3n de estos t\u00e9rminos evolucionar\u00e1 con el tiempo y siempre estar\u00e1 mejor informada por el di\u00e1logo abierto.<a href=\"https:\/\/mothertobaby.org\/about-otis\/\">Lea m\u00e1s<\/a> sobre la historia, visi\u00f3n, misi\u00f3n, metas, liderazgo y financiaci\u00f3n de nuestra organizaci\u00f3n matriz, OTIS.<\/p>\n\n\n\n<h2 class=\"wp-block-heading\" id=\"nuestras-filiales\"><strong>Nuestras filiales<\/strong><\/h2>\n\n\n\n<p>La red MotherToBaby consta de catorce filiales ubicadas en aclamadas universidades y hospitales de Estados Unidos y Canad\u00e1. Estas filiales brindan el servicio MotherToBaby a personas que viven en los 50 estados de EE. UU., los territorios de EE. UU. y la provincia de Quebec en Canad\u00e1. Le animamos a que <a href=\"https:\/\/mothertobaby.org\/es\/en-su-area\/\">encuentre su filial <\/a>y se ponga en contacto con el equipo que est\u00e1 trabajando para reducir la posibilidad de defectos de nacimiento prevenibles en su comunidad.<\/p>\n\n\n\n<h2 class=\"wp-block-heading\" id=\"h-informe-anual\"><strong>Informe anual<\/strong><\/h2>\n\n\n\n<p>Obtenga m\u00e1s informaci\u00f3n sobre <a href=\"https:\/\/mothertobaby.org\/es\/nuestro-informe-anual-impacto-informacion-financiera\/\">el impacto<\/a> que tuvimos al educar al p\u00fablico sobre los beneficios y riesgos de las exposiciones durante el embarazo y la lactancia para mejorar la salud materno-infantil (PDF en espa\u00f1ol pr\u00f3ximamente).<\/p>\n\n\n\n<div style=\"height:100px\" aria-hidden=\"true\" class=\"wp-block-spacer\"><\/div>\n\n\n\n<div style=\"background-color:#f9f9ff;padding-left:8%;padding-right:8%\" class=\"wp-block-genesis-blocks-gb-container alignfull mtb-hp-block mtb-3-col-cta-row gb-block-container\"><div class=\"gb-container-inside\"><div class=\"gb-container-content\" style=\"max-width:1120px\">\n<div class=\"wp-block-genesis-blocks-gb-columns light-text mtb-3-col-cta no-link-underline gb-layout-columns-3 gb-3-col-equal\"><div class=\"gb-layout-column-wrap gb-block-layout-column-gap-3 gb-is-responsive-column\">\n<div class=\"wp-block-genesis-blocks-gb-column mtb-cta-radius gb-block-layout-column\"><div class=\"gb-block-layout-column-inner gb-has-custom-background-color\" style=\"background-color:#522e83\">\n<h3 class=\"wp-block-heading has-text-align-left\" id=\"h-nuestro-equipo\">Nuestro Equipo<\/h3>\n\n\n\n<p class=\"has-text-align-left\">Nuestros expertos responden preguntas sobre exposiciones durante el embarazo y la lactancia y realizan investigaciones en curso.<\/p>\n\n\n\n<div class=\"wp-block-buttons is-layout-flex wp-block-buttons-is-layout-flex\">\n<div class=\"wp-block-button has-custom-font-size mtb-std-block-btn gb-block-button\" style=\"font-size:20px;line-height:1.2\"><a class=\"wp-block-button__link has-text-color has-background wp-element-button\" href=\"\/es\/equipo\/\" style=\"border-radius:5px;color:#ffffff;background-color:#3373dc;padding-top:10px;padding-right:1em;padding-bottom:10px;padding-left:1em\">CONOZCA A<\/a><\/div>\n<\/div>\n<\/div><\/div>\n\n\n\n<div class=\"wp-block-genesis-blocks-gb-column mtb-cta-radius gb-block-layout-column\"><div class=\"gb-block-layout-column-inner gb-has-custom-background-color\" style=\"background-color:#522e83\">\n<h3 class=\"wp-block-heading has-text-align-left\" id=\"h-nuestros-socios\">Nuestros Socios<\/h3>\n\n\n\n<p class=\"has-text-align-left\">Nos asociamos con varias organizaciones que comparten nuestro inter\u00e9s por mejorar la salud de los padres y los beb\u00e9s.<\/p>\n\n\n\n<div class=\"wp-block-buttons is-layout-flex wp-block-buttons-is-layout-flex\">\n<div class=\"wp-block-button has-custom-font-size mtb-std-block-btn gb-block-button\" style=\"font-size:20px;line-height:1.2\"><a class=\"wp-block-button__link has-text-color has-background wp-element-button\" href=\"\/es\/nuestros-colaboradores\/\" style=\"border-radius:5px;color:#ffffff;background-color:#3373dc;padding-top:10px;padding-right:1em;padding-bottom:10px;padding-left:1em\">DESCUBRA<\/a><\/div>\n<\/div>\n<\/div><\/div>\n\n\n\n<div class=\"wp-block-genesis-blocks-gb-column mtb-cta-radius gb-block-layout-column\"><div class=\"gb-block-layout-column-inner has-orange-cta-background-color has-neutral-plus-2-color\">\n<h3 class=\"wp-block-heading has-text-align-left\" id=\"h-unase-a-otis\">\u00danase a OTIS<\/h3>\n\n\n\n<p class=\"has-text-align-left\">Convi\u00e9rtase en un l\u00edder en la prevenci\u00f3n de defectos cong\u00e9nitos uni\u00e9ndose a OTIS, nuestra sociedad cient\u00edfica profesional de teratolog\u00eda.<\/p>\n\n\n\n<div class=\"wp-block-buttons is-layout-flex wp-block-buttons-is-layout-flex\">\n<div class=\"wp-block-button has-custom-font-size mtb-std-block-btn gb-block-button\" style=\"font-size:20px;line-height:1.2\"><a class=\"wp-block-button__link has-text-color has-background wp-element-button\" href=\"https:\/\/mothertobaby.org\/es\/membresia-de-otis\/\" style=\"border-radius:5px;color:#ffffff;background-color:#3373dc;padding-top:10px;padding-right:1em;padding-bottom:10px;padding-left:1em\">\u00daNASE<\/a><\/div>\n<\/div>\n<\/div><\/div>\n<\/div><\/div>\n<\/div><\/div><\/div>\n","protected":false},"excerpt":{"rendered":"<p>Acerca de MotherToBaby MotherToBaby, un servicio de la Organizaci\u00f3n de Especialistas en Informaci\u00f3n de Teratolog\u00eda (OTIS), sin fines de lucro, es la principal autoridad del pa\u00eds y la fuente m\u00e1s confiable de informaci\u00f3n basada en evidencia sobre los beneficios y riesgos de los medicamentos y otras exposiciones durante el embarazo y la lactancia. Nos especializamos [&hellip;]<\/p>\n","protected":false},"author":208,"featured_media":3414,"parent":0,"menu_order":0,"comment_status":"closed","ping_status":"closed","template":"page-templates\/inner-page.php","meta":{"_searchwp_excluded":"","_genesis_hide_title":false,"_genesis_hide_breadcrumbs":false,"_genesis_hide_singular_image":false,"_genesis_hide_footer_widgets":false,"_genesis_custom_body_class":"","_genesis_custom_post_class":"","_genesis_layout":"full-width-content","footnotes":""},"medical-specialty":[],"related-content":[],"class_list":{"0":"post-6055","1":"page","2":"type-page","3":"status-publish","4":"has-post-thumbnail","6":"entry"},"yoast_head":"<!-- This site is optimized with the Yoast SEO Premium plugin v20.13 (Yoast SEO v20.13) - https:\/\/yoast.com\/wordpress\/plugins\/seo\/ -->\n<title>Nuestro Trabajo - MotherToBaby<\/title>\n<meta name=\"robots\" content=\"index, follow, max-snippet:-1, max-image-preview:large, max-video-preview:-1\" \/>\n<link rel=\"canonical\" href=\"https:\/\/mothertobaby.org\/es\/nuestro-trabajo\/\" \/>\n<meta property=\"og:locale\" content=\"es_ES\" \/>\n<meta property=\"og:type\" content=\"article\" \/>\n<meta property=\"og:title\" content=\"Nuestro Trabajo\" \/>\n<meta property=\"og:description\" content=\"Acerca de MotherToBaby MotherToBaby, un servicio de la Organizaci\u00f3n de Especialistas en Informaci\u00f3n de Teratolog\u00eda (OTIS), sin fines de lucro, es la principal autoridad del pa\u00eds y la fuente m\u00e1s confiable de informaci\u00f3n basada en evidencia sobre los beneficios y riesgos de los medicamentos y otras exposiciones durante el embarazo y la lactancia. Nos especializamos [&hellip;]\" \/>\n<meta property=\"og:url\" content=\"https:\/\/mothertobaby.org\/es\/nuestro-trabajo\/\" \/>\n<meta property=\"og:site_name\" content=\"MotherToBaby\" \/>\n<meta property=\"article:modified_time\" content=\"2024-10-03T19:14:25+00:00\" \/>\n<meta property=\"og:image\" content=\"https:\/\/mothertobaby.org\/wp-content\/uploads\/2020\/09\/Love.jpg\" \/>\n\t<meta property=\"og:image:width\" content=\"1600\" \/>\n\t<meta property=\"og:image:height\" content=\"900\" \/>\n\t<meta property=\"og:image:type\" content=\"image\/jpeg\" \/>\n<meta name=\"twitter:card\" content=\"summary_large_image\" \/>\n<meta name=\"twitter:label1\" content=\"Tiempo de lectura\" \/>\n\t<meta name=\"twitter:data1\" content=\"3 minutos\" \/>\n<script type=\"application\/ld+json\" class=\"yoast-schema-graph\">{\"@context\":\"https:\/\/schema.org\",\"@graph\":[{\"@type\":\"WebPage\",\"@id\":\"https:\/\/mothertobaby.org\/es\/nuestro-trabajo\/\",\"url\":\"https:\/\/mothertobaby.org\/es\/nuestro-trabajo\/\",\"name\":\"Nuestro Trabajo - MotherToBaby\",\"isPartOf\":{\"@id\":\"https:\/\/mothertobaby.org\/es\/#website\"},\"datePublished\":\"2022-06-01T21:45:56+00:00\",\"dateModified\":\"2024-10-03T19:14:25+00:00\",\"breadcrumb\":{\"@id\":\"https:\/\/mothertobaby.org\/es\/nuestro-trabajo\/#breadcrumb\"},\"inLanguage\":\"es\",\"potentialAction\":[{\"@type\":\"ReadAction\",\"target\":[\"https:\/\/mothertobaby.org\/es\/nuestro-trabajo\/\"]}]},{\"@type\":\"BreadcrumbList\",\"@id\":\"https:\/\/mothertobaby.org\/es\/nuestro-trabajo\/#breadcrumb\",\"itemListElement\":[{\"@type\":\"ListItem\",\"position\":1,\"name\":\"Home\",\"item\":\"https:\/\/mothertobaby.org\/es\/\"},{\"@type\":\"ListItem\",\"position\":2,\"name\":\"Nuestro Trabajo\"}]},{\"@type\":\"WebSite\",\"@id\":\"https:\/\/mothertobaby.org\/es\/#website\",\"url\":\"https:\/\/mothertobaby.org\/es\/\",\"name\":\"MotherToBaby\",\"description\":\"Medications and More during pregnancy and breastfeeding\",\"publisher\":{\"@id\":\"https:\/\/mothertobaby.org\/es\/#organization\"},\"potentialAction\":[{\"@type\":\"SearchAction\",\"target\":{\"@type\":\"EntryPoint\",\"urlTemplate\":\"https:\/\/mothertobaby.org\/es\/?s={search_term_string}\"},\"query-input\":\"required name=search_term_string\"}],\"inLanguage\":\"es\"},{\"@type\":\"Organization\",\"@id\":\"https:\/\/mothertobaby.org\/es\/#organization\",\"name\":\"MotherToBaby\",\"url\":\"https:\/\/mothertobaby.org\/es\/\",\"logo\":{\"@type\":\"ImageObject\",\"inLanguage\":\"es\",\"@id\":\"https:\/\/mothertobaby.org\/es\/#\/schema\/logo\/image\/\",\"url\":\"https:\/\/mothertobaby.org\/wp-content\/uploads\/2023\/06\/MTB-horz-copyright-sm-1.png\",\"contentUrl\":\"https:\/\/mothertobaby.org\/wp-content\/uploads\/2023\/06\/MTB-horz-copyright-sm-1.png\",\"width\":284,\"height\":52,\"caption\":\"MotherToBaby\"},\"image\":{\"@id\":\"https:\/\/mothertobaby.org\/es\/#\/schema\/logo\/image\/\"}}]}<\/script>\n<!-- \/ Yoast SEO Premium plugin. -->","yoast_head_json":{"title":"Nuestro Trabajo - MotherToBaby","robots":{"index":"index","follow":"follow","max-snippet":"max-snippet:-1","max-image-preview":"max-image-preview:large","max-video-preview":"max-video-preview:-1"},"canonical":"https:\/\/mothertobaby.org\/es\/nuestro-trabajo\/","og_locale":"es_ES","og_type":"article","og_title":"Nuestro Trabajo","og_description":"Acerca de MotherToBaby MotherToBaby, un servicio de la Organizaci\u00f3n de Especialistas en Informaci\u00f3n de Teratolog\u00eda (OTIS), sin fines de lucro, es la principal autoridad del pa\u00eds y la fuente m\u00e1s confiable de informaci\u00f3n basada en evidencia sobre los beneficios y riesgos de los medicamentos y otras exposiciones durante el embarazo y la lactancia. Nos especializamos [&hellip;]","og_url":"https:\/\/mothertobaby.org\/es\/nuestro-trabajo\/","og_site_name":"MotherToBaby","article_modified_time":"2024-10-03T19:14:25+00:00","og_image":[{"width":1600,"height":900,"url":"https:\/\/mothertobaby.org\/wp-content\/uploads\/2020\/09\/Love.jpg","type":"image\/jpeg"}],"twitter_card":"summary_large_image","twitter_misc":{"Tiempo de lectura":"3 minutos"},"schema":{"@context":"https:\/\/schema.org","@graph":[{"@type":"WebPage","@id":"https:\/\/mothertobaby.org\/es\/nuestro-trabajo\/","url":"https:\/\/mothertobaby.org\/es\/nuestro-trabajo\/","name":"Nuestro Trabajo - MotherToBaby","isPartOf":{"@id":"https:\/\/mothertobaby.org\/es\/#website"},"datePublished":"2022-06-01T21:45:56+00:00","dateModified":"2024-10-03T19:14:25+00:00","breadcrumb":{"@id":"https:\/\/mothertobaby.org\/es\/nuestro-trabajo\/#breadcrumb"},"inLanguage":"es","potentialAction":[{"@type":"ReadAction","target":["https:\/\/mothertobaby.org\/es\/nuestro-trabajo\/"]}]},{"@type":"BreadcrumbList","@id":"https:\/\/mothertobaby.org\/es\/nuestro-trabajo\/#breadcrumb","itemListElement":[{"@type":"ListItem","position":1,"name":"Home","item":"https:\/\/mothertobaby.org\/es\/"},{"@type":"ListItem","position":2,"name":"Nuestro Trabajo"}]},{"@type":"WebSite","@id":"https:\/\/mothertobaby.org\/es\/#website","url":"https:\/\/mothertobaby.org\/es\/","name":"MotherToBaby","description":"Medications and More during pregnancy and breastfeeding","publisher":{"@id":"https:\/\/mothertobaby.org\/es\/#organization"},"potentialAction":[{"@type":"SearchAction","target":{"@type":"EntryPoint","urlTemplate":"https:\/\/mothertobaby.org\/es\/?s={search_term_string}"},"query-input":"required name=search_term_string"}],"inLanguage":"es"},{"@type":"Organization","@id":"https:\/\/mothertobaby.org\/es\/#organization","name":"MotherToBaby","url":"https:\/\/mothertobaby.org\/es\/","logo":{"@type":"ImageObject","inLanguage":"es","@id":"https:\/\/mothertobaby.org\/es\/#\/schema\/logo\/image\/","url":"https:\/\/mothertobaby.org\/wp-content\/uploads\/2023\/06\/MTB-horz-copyright-sm-1.png","contentUrl":"https:\/\/mothertobaby.org\/wp-content\/uploads\/2023\/06\/MTB-horz-copyright-sm-1.png","width":284,"height":52,"caption":"MotherToBaby"},"image":{"@id":"https:\/\/mothertobaby.org\/es\/#\/schema\/logo\/image\/"}}]}},"featured_image_src":"https:\/\/mothertobaby.org\/wp-content\/uploads\/2020\/09\/Love.jpg","featured_image_src_square":"https:\/\/mothertobaby.org\/wp-content\/uploads\/2020\/09\/Love.jpg","_links":{"self":[{"href":"https:\/\/mothertobaby.org\/es\/wp-json\/wp\/v2\/pages\/6055","targetHints":{"allow":["GET"]}}],"collection":[{"href":"https:\/\/mothertobaby.org\/es\/wp-json\/wp\/v2\/pages"}],"about":[{"href":"https:\/\/mothertobaby.org\/es\/wp-json\/wp\/v2\/types\/page"}],"author":[{"embeddable":true,"href":"https:\/\/mothertobaby.org\/es\/wp-json\/wp\/v2\/users\/208"}],"replies":[{"embeddable":true,"href":"https:\/\/mothertobaby.org\/es\/wp-json\/wp\/v2\/comments?post=6055"}],"version-history":[{"count":0,"href":"https:\/\/mothertobaby.org\/es\/wp-json\/wp\/v2\/pages\/6055\/revisions"}],"wp:featuredmedia":[{"embeddable":true,"href":"https:\/\/mothertobaby.org\/es\/wp-json\/wp\/v2\/media\/3414"}],"wp:attachment":[{"href":"https:\/\/mothertobaby.org\/es\/wp-json\/wp\/v2\/media?parent=6055"}],"wp:term":[{"taxonomy":"medical-specialty","embeddable":true,"href":"https:\/\/mothertobaby.org\/es\/wp-json\/wp\/v2\/medical-specialty?post=6055"},{"taxonomy":"related-content","embeddable":true,"href":"https:\/\/mothertobaby.org\/es\/wp-json\/wp\/v2\/related-content?post=6055"}],"curies":[{"name":"wp","href":"https:\/\/api.w.org\/{rel}","templated":true}]}}