{"id":6446,"date":"2022-08-15T10:45:45","date_gmt":"2022-08-15T17:45:45","guid":{"rendered":"https:\/\/mothertobaby.org\/?page_id=6446"},"modified":"2025-04-22T16:45:42","modified_gmt":"2025-04-22T23:45:42","slug":"contactar","status":"publish","type":"page","link":"https:\/\/mothertobaby.org\/es\/contactar\/","title":{"rendered":"Contactar"},"content":{"rendered":"\n<h2 class=\"wp-block-heading\" id=\"h-servicio-de-informacion-sobre-la-exposicion-preguntele-a-nuestros-expertos\">Servicio de Informaci\u00f3n Sobre la Exposici\u00f3n: Preg\u00fantele a Nuestros Expertos<\/h2>\n\n\n\n<div class=\"wp-block-genesis-blocks-gb-container gb-block-container\"><div class=\"gb-container-inside\"><div class=\"gb-container-content\">\n<div class=\"wp-block-genesis-blocks-gb-columns gb-layout-columns-2 gb-2-col-wideleft\"><div class=\"gb-layout-column-wrap gb-block-layout-column-gap-2 gb-is-responsive-column\">\n<div class=\"wp-block-genesis-blocks-gb-column gb-block-layout-column\"><div class=\"gb-block-layout-column-inner\">\n<p>Comun\u00edquese con nosotros si tiene alguna pregunta o inquietud sobre una exposici\u00f3n durante el embarazo o la lactancia. Nuestros especialistas en informaci\u00f3n est\u00e1n disponibles para consultas por tel\u00e9fono, mensaje de texto, correo electr\u00f3nico y chat en vivo de lunes a viernes de 8:00 a.m. a 5:00 p.m. (hora local). Nuestros servicios son gratuitos para el p\u00fablico y pueden ayudar a las personas que est\u00e1n embarazadas o en periodo de lactancia, a las familias y a los profesionales de la salud al proporcionar evaluaciones de riesgo y seguridad individualizadas basadas en evidencia. \u00a1Hablamos espa\u00f1ol!<\/p>\n\n\n\n<p><strong>Tel\u00e9fono gratuito<\/strong> | 866.626.6847<br><strong>Mensaje de texto<\/strong> | 855.999.3525 (se pueden aplicar tarifas de mensajer\u00eda est\u00e1ndar)<br><strong>Chat<\/strong> | Haga clic en la ventana de chat en vivo en la esquina inferior de su pantalla<\/p>\n\n\n\n<div class=\"wp-block-buttons is-layout-flex wp-block-buttons-is-layout-flex\">\n<div class=\"wp-block-button\"><a class=\"wp-block-button__link wp-element-button\" href=\"https:\/\/mothertobaby.org\/es\/preguntele-a-un-experto\/\">ENV\u00cdE UN CORREO ELECTR\u00d3NICO A UN EXPERTO<\/a><\/div>\n<\/div>\n\n\n\n<p><\/p>\n<\/div><\/div>\n\n\n\n<div class=\"wp-block-genesis-blocks-gb-column gb-block-layout-column\"><div class=\"gb-block-layout-column-inner\"><div class=\"wp-block-image\">\n<figure class=\"aligncenter size-full is-resized\"><img loading=\"lazy\" decoding=\"async\" width=\"374\" height=\"307\" src=\"https:\/\/mothertobaby.org\/wp-content\/uploads\/2023\/07\/customerserviceaward-2023.png\" alt=\"\" class=\"wp-image-8309\" style=\"width:283px;height:233px\" srcset=\"https:\/\/mothertobaby.org\/wp-content\/uploads\/2023\/07\/customerserviceaward-2023.png 374w, https:\/\/mothertobaby.org\/wp-content\/uploads\/2023\/07\/customerserviceaward-2023-300x246.png 300w\" sizes=\"auto, (max-width: 374px) 100vw, 374px\" \/><\/figure>\n<\/div><\/div><\/div>\n<\/div><\/div>\n\n\n\n<p><\/p>\n<\/div><\/div><\/div>\n\n\n\n<hr class=\"wp-block-separator has-css-opacity\"\/>\n\n\n\n<div class=\"wp-block-genesis-blocks-gb-columns gb-layout-columns-2 gb-2-col-wideleft\"><div class=\"gb-layout-column-wrap gb-block-layout-column-gap-2 gb-is-responsive-column\">\n<div class=\"wp-block-genesis-blocks-gb-column gb-block-layout-column\"><div class=\"gb-block-layout-column-inner\">\n<h3 class=\"wp-block-heading\" id=\"h-estudios-de-embarazo-marca-la-diferencia\">Estudios de Embarazo: Marca la Diferencia<\/h3>\n\n\n\n<p>Nuestro equipo de Estudios de Embarazo de MotherToBaby est\u00e1 realizando activamente investigaciones de observaci\u00f3n para comprender mejor los efectos de los medicamentos y las vacunas cuando se toman durante el embarazo. Para ponerse en contacto con un miembro de nuestro equipo de investigaci\u00f3n, p\u00f3ngase en contacto con nosotros en nuestra sede de investigaci\u00f3n situada en la Universidad de California en San Diego, en el Center for Better Beginnings.<\/p>\n\n\n\n<p><strong>Tel\u00e9fono<\/strong> | 877.311.8972<br><strong>Correo electr\u00f3nico<\/strong>&nbsp;|&nbsp;<a href=\"mailto:MotherToBaby@health.ucsd.edu\">MotherToBaby@health.ucsd.edu<\/a><\/p>\n<\/div><\/div>\n\n\n\n<div class=\"wp-block-genesis-blocks-gb-column gb-block-layout-column\"><div class=\"gb-block-layout-column-inner\">\n<div style=\"height:30px\" aria-hidden=\"true\" class=\"wp-block-spacer\"><\/div>\n\n\n<div class=\"wp-block-image\">\n<figure class=\"aligncenter size-large\"><img loading=\"lazy\" decoding=\"async\" width=\"671\" height=\"170\" src=\"https:\/\/mothertobaby.org\/wp-content\/uploads\/2020\/09\/MTB_PS-Logo_Horizontal_2020-Update.png\" alt=\"MotherToBaby Logo\" class=\"wp-image-3434\" srcset=\"https:\/\/mothertobaby.org\/wp-content\/uploads\/2020\/09\/MTB_PS-Logo_Horizontal_2020-Update.png 671w, https:\/\/mothertobaby.org\/wp-content\/uploads\/2020\/09\/MTB_PS-Logo_Horizontal_2020-Update-300x76.png 300w\" sizes=\"auto, (max-width: 671px) 100vw, 671px\" \/><\/figure>\n<\/div><\/div><\/div>\n<\/div><\/div>\n\n\n\n<hr class=\"wp-block-separator has-css-opacity\"\/>\n\n\n\n<h3 class=\"wp-block-heading\" id=\"h-encuentre-una-filial\">Encuentre una Filial<\/h3>\n\n\n\n<p>La red MotherToBaby consta de quince filiales ubicadas en aclamadas universidades y hospitales de Estados Unidos y Canad\u00e1. Estas filiales brindan el servicio MotherToBaby a personas que viven en los 50 estados de EE. UU., los territorios de EE. UU. y la provincia de Quebec en Canad\u00e1. Le animamos a que encuentre su filial y se ponga en contacto con el equipo que est\u00e1 trabajando para reducir la posibilidad de defectos de nacimiento prevenibles en su comunidad.<\/p>\n\n\n\n<div class=\"wp-block-buttons is-layout-flex wp-block-buttons-is-layout-flex\">\n<div class=\"wp-block-button\"><a class=\"wp-block-button__link wp-element-button\" href=\"https:\/\/mothertobaby.org\/es\/en-su-area\/\">ENCUENTRE UNA FILIAL<\/a><\/div>\n<\/div>\n\n\n\n<hr class=\"wp-block-separator has-css-opacity\"\/>\n\n\n\n<h3 class=\"wp-block-heading\" id=\"h-tiene-comentarios-para-nosotros\">\u00bfTiene comentarios para nosotros?<\/h3>\n\n\n\n<p>\u00bfLe gustar\u00eda sugerir un nuevo tema para una hoja informativa, blog, podcast o centro de exposici\u00f3n? \u00bfTiene comentarios generales que le gustar\u00eda compartir con nosotros? \u00a1Utilice el buz\u00f3n de sugerencias en l\u00ednea para hacer una recomendaci\u00f3n!<\/p>\n\n\n\n<div class=\"wp-block-buttons is-layout-flex wp-block-buttons-is-layout-flex\">\n<div class=\"wp-block-button\"><a class=\"wp-block-button__link wp-element-button\" href=\"https:\/\/mothertobaby.org\/es\/buzon-de-sugerencias\/\">Buz\u00f3n de Sugerencias<\/a><\/div>\n<\/div>\n\n\n\n<hr class=\"wp-block-separator has-css-opacity\"\/>\n\n\n\n<h3 class=\"wp-block-heading\" id=\"h-consultas-administrativas-de-medios-de-comunicacion-de-socios-y-de-membresia\"><strong><strong>Consultas Administrativas, de Medios de Comunicaci\u00f3n, de Socios y de Membres\u00eda<\/strong><\/strong><\/h3>\n\n\n\n<div class=\"wp-block-genesis-blocks-gb-columns gb-layout-columns-2 gb-2-col-wideleft\"><div class=\"gb-layout-column-wrap gb-block-layout-column-gap-2 gb-is-responsive-column\">\n<div class=\"wp-block-genesis-blocks-gb-column gb-block-layout-column\"><div class=\"gb-block-layout-column-inner\">\n<p>MotherToBaby es un servicio de la Organizaci\u00f3n de Especialistas en Informaci\u00f3n de Teratolog\u00eda (OTIS), la sociedad profesional sin fines de lucro de expertos en defectos de nacimiento y exposiciones ambientales que pueden causar defectos de nacimiento.<\/p>\n\n\n\n<p>Para consultas administrativas y sobre membres\u00eda, comun\u00edquese con la Oficina Nacional de OTIS.<\/p>\n\n\n\n<p><\/p>\n\n\n\n<p><strong><strong>Tel\u00e9fono<\/strong> | <\/strong>615.649.3082<strong><br><strong>Correo electr\u00f3nico<\/strong>&nbsp;|&nbsp;<\/strong><a href=\"mailto:ContactUs@mothertobaby.org\">ContactUs@mothertobaby.org<\/a><\/p>\n<\/div><\/div>\n\n\n\n<div class=\"wp-block-genesis-blocks-gb-column gb-block-layout-column\"><div class=\"gb-block-layout-column-inner\"><div class=\"wp-block-image\">\n<figure class=\"aligncenter size-large\"><img loading=\"lazy\" decoding=\"async\" width=\"327\" height=\"143\" src=\"https:\/\/mothertobaby.org\/wp-content\/uploads\/2020\/09\/OTISLogo_RGB_2017_NewColors_150medium.png\" alt=\"Organization of Teratology Information Specialists Logo\" class=\"wp-image-3282\" srcset=\"https:\/\/mothertobaby.org\/wp-content\/uploads\/2020\/09\/OTISLogo_RGB_2017_NewColors_150medium.png 327w, https:\/\/mothertobaby.org\/wp-content\/uploads\/2020\/09\/OTISLogo_RGB_2017_NewColors_150medium-300x131.png 300w\" sizes=\"auto, (max-width: 327px) 100vw, 327px\" \/><\/figure>\n<\/div>\n\n\n<p><\/p>\n<\/div><\/div>\n<\/div><\/div>\n\n\n\n<p>Para consultas sobre medios de comunicaci\u00f3n y asociaciones, comun\u00edquese con Nicole Chavez:<\/p>\n\n\n\n<p><strong>Tel\u00e9fono<\/strong> | 619.368.3259<br><strong>Correo electr\u00f3nico<\/strong> | <a href=\"mailto:ContactUs@mothertobaby.org\">nchavez@mothertobaby.org<\/a><\/p>\n\n\n\n<p>Para consultas sobre patrocinio de investigaciones o exhibici\u00f3n de ferias comerciales, comun\u00edquese con MotherToBaby Pregnancy Studies:<\/p>\n\n\n\n<p><strong>Tel\u00e9fono<\/strong> | 877.311.8972<br><strong>Correo electr\u00f3nico<\/strong>&nbsp;|&nbsp;<a href=\"mailto:ContactUs@mothertobaby.org\">MotherToBaby@health.ucsd.edu<\/a><\/p>\n\n\n\n<div style=\"height:20px\" aria-hidden=\"true\" class=\"wp-block-spacer\"><\/div>\n\n\n\n<div class=\"wp-block-cover alignfull gb-block-cta mtb-bottom-cta mtb-single-cta\" style=\"padding-top:2%;min-height:13em;aspect-ratio:unset;\"><span aria-hidden=\"true\" class=\"wp-block-cover__background has-background-dim-100 has-background-dim\" style=\"background-color:#42256a\"><\/span><div class=\"wp-block-cover__inner-container is-layout-flow wp-block-cover-is-layout-flow\">\n<h2 class=\"wp-block-heading has-text-align-center has-text-color\" id=\"h-mantengamonos-en-contacto\" style=\"color:#ffffff;font-size:30px;line-height:1\"><strong><strong>Manteng\u00e1monos en contacto<\/strong><\/strong><\/h2>\n\n\n\n<p class=\"has-text-align-center has-text-color\" style=\"color:#ffffff;font-size:20px;line-height:1\">Nuestro bolet\u00edn electr\u00f3nico le ofrece la \u00faltima informaci\u00f3n, noticias y recursos de los expertos de MotherToBaby.<\/p>\n\n\n\n<div class=\"wp-block-buttons is-content-justification-center is-layout-flex wp-container-core-buttons-is-layout-16018d1d wp-block-buttons-is-layout-flex\">\n<div class=\"wp-block-button has-custom-font-size gb-block-button\" style=\"font-size:20px;line-height:1.2\"><a class=\"wp-block-button__link has-text-color has-background wp-element-button\" href=\"\/es\/inscribirse-para-boletin-electronico\/\" style=\"border-radius:5px;color:#ffffff;background-color:#26a68b;padding-top:10px;padding-right:1em;padding-bottom:10px;padding-left:1em\"><strong>INSCRIBIRSE AHORA<\/strong><\/a><\/div>\n<\/div>\n<\/div><\/div>\n","protected":false},"excerpt":{"rendered":"<p>Servicio de Informaci\u00f3n Sobre la Exposici\u00f3n: Preg\u00fantele a Nuestros Expertos Encuentre una Filial La red MotherToBaby consta de quince filiales ubicadas en aclamadas universidades y hospitales de Estados Unidos y Canad\u00e1. Estas filiales brindan el servicio MotherToBaby a personas que viven en los 50 estados de EE. UU., los territorios de EE. UU. y la [&hellip;]<\/p>\n","protected":false},"author":214,"featured_media":3436,"parent":0,"menu_order":0,"comment_status":"closed","ping_status":"closed","template":"page-templates\/inner-page.php","meta":{"_searchwp_excluded":"","_genesis_hide_title":false,"_genesis_hide_breadcrumbs":false,"_genesis_hide_singular_image":false,"_genesis_hide_footer_widgets":false,"_genesis_custom_body_class":"","_genesis_custom_post_class":"","_genesis_layout":"full-width-content","footnotes":""},"medical-specialty":[],"related-content":[],"class_list":{"0":"post-6446","1":"page","2":"type-page","3":"status-publish","4":"has-post-thumbnail","6":"entry"},"yoast_head":"<!-- This site is optimized with the Yoast SEO Premium plugin v20.13 (Yoast SEO v20.13) - https:\/\/yoast.com\/wordpress\/plugins\/seo\/ -->\n<title>Contactar - MotherToBaby<\/title>\n<meta name=\"robots\" content=\"index, follow, max-snippet:-1, max-image-preview:large, max-video-preview:-1\" \/>\n<link rel=\"canonical\" href=\"https:\/\/mothertobaby.org\/es\/contactar\/\" \/>\n<meta property=\"og:locale\" content=\"es_ES\" \/>\n<meta property=\"og:type\" content=\"article\" \/>\n<meta property=\"og:title\" content=\"Contactar\" \/>\n<meta property=\"og:description\" content=\"Servicio de Informaci\u00f3n Sobre la Exposici\u00f3n: Preg\u00fantele a Nuestros Expertos Encuentre una Filial La red MotherToBaby consta de quince filiales ubicadas en aclamadas universidades y hospitales de Estados Unidos y Canad\u00e1. Estas filiales brindan el servicio MotherToBaby a personas que viven en los 50 estados de EE. UU., los territorios de EE. UU. y la [&hellip;]\" \/>\n<meta property=\"og:url\" content=\"https:\/\/mothertobaby.org\/es\/contactar\/\" \/>\n<meta property=\"og:site_name\" content=\"MotherToBaby\" \/>\n<meta property=\"article:modified_time\" content=\"2025-04-22T23:45:42+00:00\" \/>\n<meta property=\"og:image\" content=\"https:\/\/mothertobaby.org\/wp-content\/uploads\/2020\/09\/MotherToBaby-Contact-Page-Header-1600x900-1.jpg\" \/>\n\t<meta property=\"og:image:width\" content=\"1600\" \/>\n\t<meta property=\"og:image:height\" content=\"900\" \/>\n\t<meta property=\"og:image:type\" content=\"image\/jpeg\" \/>\n<meta name=\"twitter:card\" content=\"summary_large_image\" \/>\n<meta name=\"twitter:label1\" content=\"Tiempo de lectura\" \/>\n\t<meta name=\"twitter:data1\" content=\"3 minutos\" \/>\n<script type=\"application\/ld+json\" class=\"yoast-schema-graph\">{\"@context\":\"https:\/\/schema.org\",\"@graph\":[{\"@type\":\"WebPage\",\"@id\":\"https:\/\/mothertobaby.org\/es\/contactar\/\",\"url\":\"https:\/\/mothertobaby.org\/es\/contactar\/\",\"name\":\"Contactar - MotherToBaby\",\"isPartOf\":{\"@id\":\"https:\/\/mothertobaby.org\/es\/#website\"},\"datePublished\":\"2022-08-15T17:45:45+00:00\",\"dateModified\":\"2025-04-22T23:45:42+00:00\",\"breadcrumb\":{\"@id\":\"https:\/\/mothertobaby.org\/es\/contactar\/#breadcrumb\"},\"inLanguage\":\"es\",\"potentialAction\":[{\"@type\":\"ReadAction\",\"target\":[\"https:\/\/mothertobaby.org\/es\/contactar\/\"]}]},{\"@type\":\"BreadcrumbList\",\"@id\":\"https:\/\/mothertobaby.org\/es\/contactar\/#breadcrumb\",\"itemListElement\":[{\"@type\":\"ListItem\",\"position\":1,\"name\":\"Home\",\"item\":\"https:\/\/mothertobaby.org\/es\/\"},{\"@type\":\"ListItem\",\"position\":2,\"name\":\"Contactar\"}]},{\"@type\":\"WebSite\",\"@id\":\"https:\/\/mothertobaby.org\/es\/#website\",\"url\":\"https:\/\/mothertobaby.org\/es\/\",\"name\":\"MotherToBaby\",\"description\":\"Medications and More during pregnancy and breastfeeding\",\"publisher\":{\"@id\":\"https:\/\/mothertobaby.org\/es\/#organization\"},\"potentialAction\":[{\"@type\":\"SearchAction\",\"target\":{\"@type\":\"EntryPoint\",\"urlTemplate\":\"https:\/\/mothertobaby.org\/es\/?s={search_term_string}\"},\"query-input\":\"required name=search_term_string\"}],\"inLanguage\":\"es\"},{\"@type\":\"Organization\",\"@id\":\"https:\/\/mothertobaby.org\/es\/#organization\",\"name\":\"MotherToBaby\",\"url\":\"https:\/\/mothertobaby.org\/es\/\",\"logo\":{\"@type\":\"ImageObject\",\"inLanguage\":\"es\",\"@id\":\"https:\/\/mothertobaby.org\/es\/#\/schema\/logo\/image\/\",\"url\":\"https:\/\/mothertobaby.org\/wp-content\/uploads\/2023\/06\/MTB-horz-copyright-sm-1.png\",\"contentUrl\":\"https:\/\/mothertobaby.org\/wp-content\/uploads\/2023\/06\/MTB-horz-copyright-sm-1.png\",\"width\":284,\"height\":52,\"caption\":\"MotherToBaby\"},\"image\":{\"@id\":\"https:\/\/mothertobaby.org\/es\/#\/schema\/logo\/image\/\"}}]}<\/script>\n<!-- \/ Yoast SEO Premium plugin. -->","yoast_head_json":{"title":"Contactar - MotherToBaby","robots":{"index":"index","follow":"follow","max-snippet":"max-snippet:-1","max-image-preview":"max-image-preview:large","max-video-preview":"max-video-preview:-1"},"canonical":"https:\/\/mothertobaby.org\/es\/contactar\/","og_locale":"es_ES","og_type":"article","og_title":"Contactar","og_description":"Servicio de Informaci\u00f3n Sobre la Exposici\u00f3n: Preg\u00fantele a Nuestros Expertos Encuentre una Filial La red MotherToBaby consta de quince filiales ubicadas en aclamadas universidades y hospitales de Estados Unidos y Canad\u00e1. Estas filiales brindan el servicio MotherToBaby a personas que viven en los 50 estados de EE. UU., los territorios de EE. UU. y la [&hellip;]","og_url":"https:\/\/mothertobaby.org\/es\/contactar\/","og_site_name":"MotherToBaby","article_modified_time":"2025-04-22T23:45:42+00:00","og_image":[{"width":1600,"height":900,"url":"https:\/\/mothertobaby.org\/wp-content\/uploads\/2020\/09\/MotherToBaby-Contact-Page-Header-1600x900-1.jpg","type":"image\/jpeg"}],"twitter_card":"summary_large_image","twitter_misc":{"Tiempo de lectura":"3 minutos"},"schema":{"@context":"https:\/\/schema.org","@graph":[{"@type":"WebPage","@id":"https:\/\/mothertobaby.org\/es\/contactar\/","url":"https:\/\/mothertobaby.org\/es\/contactar\/","name":"Contactar - MotherToBaby","isPartOf":{"@id":"https:\/\/mothertobaby.org\/es\/#website"},"datePublished":"2022-08-15T17:45:45+00:00","dateModified":"2025-04-22T23:45:42+00:00","breadcrumb":{"@id":"https:\/\/mothertobaby.org\/es\/contactar\/#breadcrumb"},"inLanguage":"es","potentialAction":[{"@type":"ReadAction","target":["https:\/\/mothertobaby.org\/es\/contactar\/"]}]},{"@type":"BreadcrumbList","@id":"https:\/\/mothertobaby.org\/es\/contactar\/#breadcrumb","itemListElement":[{"@type":"ListItem","position":1,"name":"Home","item":"https:\/\/mothertobaby.org\/es\/"},{"@type":"ListItem","position":2,"name":"Contactar"}]},{"@type":"WebSite","@id":"https:\/\/mothertobaby.org\/es\/#website","url":"https:\/\/mothertobaby.org\/es\/","name":"MotherToBaby","description":"Medications and More during pregnancy and breastfeeding","publisher":{"@id":"https:\/\/mothertobaby.org\/es\/#organization"},"potentialAction":[{"@type":"SearchAction","target":{"@type":"EntryPoint","urlTemplate":"https:\/\/mothertobaby.org\/es\/?s={search_term_string}"},"query-input":"required name=search_term_string"}],"inLanguage":"es"},{"@type":"Organization","@id":"https:\/\/mothertobaby.org\/es\/#organization","name":"MotherToBaby","url":"https:\/\/mothertobaby.org\/es\/","logo":{"@type":"ImageObject","inLanguage":"es","@id":"https:\/\/mothertobaby.org\/es\/#\/schema\/logo\/image\/","url":"https:\/\/mothertobaby.org\/wp-content\/uploads\/2023\/06\/MTB-horz-copyright-sm-1.png","contentUrl":"https:\/\/mothertobaby.org\/wp-content\/uploads\/2023\/06\/MTB-horz-copyright-sm-1.png","width":284,"height":52,"caption":"MotherToBaby"},"image":{"@id":"https:\/\/mothertobaby.org\/es\/#\/schema\/logo\/image\/"}}]}},"featured_image_src":"https:\/\/mothertobaby.org\/wp-content\/uploads\/2020\/09\/MotherToBaby-Contact-Page-Header-1600x900-1.jpg","featured_image_src_square":"https:\/\/mothertobaby.org\/wp-content\/uploads\/2020\/09\/MotherToBaby-Contact-Page-Header-1600x900-1.jpg","_links":{"self":[{"href":"https:\/\/mothertobaby.org\/es\/wp-json\/wp\/v2\/pages\/6446","targetHints":{"allow":["GET"]}}],"collection":[{"href":"https:\/\/mothertobaby.org\/es\/wp-json\/wp\/v2\/pages"}],"about":[{"href":"https:\/\/mothertobaby.org\/es\/wp-json\/wp\/v2\/types\/page"}],"author":[{"embeddable":true,"href":"https:\/\/mothertobaby.org\/es\/wp-json\/wp\/v2\/users\/214"}],"replies":[{"embeddable":true,"href":"https:\/\/mothertobaby.org\/es\/wp-json\/wp\/v2\/comments?post=6446"}],"version-history":[{"count":0,"href":"https:\/\/mothertobaby.org\/es\/wp-json\/wp\/v2\/pages\/6446\/revisions"}],"wp:featuredmedia":[{"embeddable":true,"href":"https:\/\/mothertobaby.org\/es\/wp-json\/wp\/v2\/media\/3436"}],"wp:attachment":[{"href":"https:\/\/mothertobaby.org\/es\/wp-json\/wp\/v2\/media?parent=6446"}],"wp:term":[{"taxonomy":"medical-specialty","embeddable":true,"href":"https:\/\/mothertobaby.org\/es\/wp-json\/wp\/v2\/medical-specialty?post=6446"},{"taxonomy":"related-content","embeddable":true,"href":"https:\/\/mothertobaby.org\/es\/wp-json\/wp\/v2\/related-content?post=6446"}],"curies":[{"name":"wp","href":"https:\/\/api.w.org\/{rel}","templated":true}]}}