{"id":6744,"date":"2022-10-05T12:08:13","date_gmt":"2022-10-05T19:08:13","guid":{"rendered":"https:\/\/mothertobaby.org\/?page_id=6744"},"modified":"2022-10-05T12:08:16","modified_gmt":"2022-10-05T19:08:16","slug":"solicitudes-por-los-medios","status":"publish","type":"page","link":"https:\/\/mothertobaby.org\/es\/solicitudes-por-los-medios\/","title":{"rendered":"Solicitudes por los Medios"},"content":{"rendered":"\n<h2 class=\"wp-block-heading\" id=\"h-periodistas-contacten-con-una-experto-de-mothertobaby-para-su-pr-xima-noticia\">Periodistas, Contacten con una Experto de MotherToBaby para Su Pr\u00f3xima Noticia<\/h2>\n\n\n\n<p>Los especialistas de MotherToBaby est\u00e1n disponibles para las solicitudes de los medios de comunicaci\u00f3n. Nuestros expertos brindar\u00e1n su experiencia a los miembros de los medios de comunicaci\u00f3n que escriben art\u00edculos sobre <a href=\"https:\/\/mothertobaby.org\/es\/exposiciones-durante-el-embarazo-y-la-lactancia\/\">exposiciones durante el embarazo y la lactancia<\/a>. Si es un periodista que desea contactarse con un experto de MotherToBaby para una historia que est\u00e1 escribiendo, comun\u00edquese con nuestro Enlace de Medios, Nicole Chavez, al 619.368.3259 o <a href=\"mailto:nchavez@mothertobaby.org\" target=\"_blank\" rel=\"noreferrer noopener\">nchavez@mothertobaby.org<\/a>.<\/p>\n\n\n\n<hr class=\"wp-block-separator has-css-opacity\"\/>\n\n\n\n<h3 class=\"wp-block-heading\" id=\"h-organizadores-de-eventos-p-nganse-en-contacto-con-un-experto-de-mothertobaby-para-que-hable-en-su-pr-ximo-evento\">Organizadores de Eventos, P\u00f3nganse en Contacto con un Experto de MotherToBaby para que Hable en su Pr\u00f3ximo Evento<\/h3>\n\n\n\n<p>Nuestros expertos se presentan con frecuencia en seminarios web, reuniones y conferencias educativas y de desarrollo profesional. Si est\u00e1 organizando un evento en el que desea que hable un experto de MotherToBaby, comun\u00edquese con nuestra Oficina Administrativa al <a href=\"mailto:contactus@mothertobaby.org\">615.649.3082<\/a> o <a href=\"mailto:ContactUs@mothertobaby.org\" target=\"_blank\" rel=\"noreferrer noopener\">ContactUs@mothertobaby.org<\/a>.<\/p>\n\n\n\n<hr class=\"wp-block-separator has-css-opacity\"\/>\n\n\n\n<h3 class=\"wp-block-heading\" id=\"h-la-experiencia-de-nuestros-oradores\">La Experiencia de Nuestros Oradores<\/h3>\n\n\n\n<div style=\"height:20px\" aria-hidden=\"true\" class=\"wp-block-spacer\"><\/div>\n\n\n\n<div style=\"height:23px\" aria-hidden=\"true\" class=\"wp-block-spacer\"><\/div>\n\n\n\n<div class=\"wp-block-genesis-blocks-gb-container mtb-q-n-a-block gb-block-container\"><div class=\"gb-container-inside\"><div class=\"gb-container-content\">\n<p class=\"mtb-question-es\"><strong>\u00bfQu\u00e9 tan comunes son los defectos de nacimiento?<\/strong><\/p>\n\n\n\n<p class=\"mtb-answer-es\">Cada a\u00f1o en los Estados Unidos, los defectos de nacimiento afectan a 1 de cada 33 beb\u00e9s que nacen; esto significa que casi 120,000 beb\u00e9s se ven afectados por defectos de nacimiento cada a\u00f1o. Cada embarazo comienza con un 3% a un 5% de probabilidad de tener un defecto de nacimiento. Esto se conoce como riesgo de fondo. Nuestra experiencia se enfoca en educar a las personas y a los proveedores de atenci\u00f3n m\u00e9dica sobre las exposiciones o los agentes ambientales que pueden (o no) aumentar a\u00fan m\u00e1s el riesgo de defectos de nacimiento por encima del riesgo de fondo.<\/p>\n<\/div><\/div><\/div>\n\n\n\n<div class=\"wp-block-genesis-blocks-gb-container mtb-q-n-a-block gb-block-container\"><div class=\"gb-container-inside\"><div class=\"gb-container-content\">\n<p class=\"mtb-question-es\"><strong>\u00bfQu\u00e9 puede causar defectos de nacimiento?<\/strong><\/p>\n\n\n\n<p>Algunos defectos de nacimiento son causados por defectos en genes espec\u00edficos (la informaci\u00f3n que heredamos de nuestros padres biol\u00f3gicos cuando fuimos concebidos). Otros, como el s\u00edndrome de Down, son causados por anomal\u00edas en los cromosomas que ocurren cuando se forman el \u00f3vulo o el espermatozoide o durante el desarrollo temprano del feto despu\u00e9s de la concepci\u00f3n.<\/p>\n\n\n\n<p>Las exposiciones de una persona que est\u00e1 embarazada o en periodo de lactancia, incluso su salud, su dieta y el nivel de exposici\u00f3n a toxinas y contaminantes ambientales, son otra posible causa de defectos de nacimiento. Educar a las personas sobre estas exposiciones es nuestro enfoque en MotherToBaby. Los ejemplos de exposiciones que se sabe que causan defectos de nacimiento incluyen los siguientes:<\/p>\n\n\n\n<ul class=\"wp-block-list\"><li>Deficiencia nutricional de folato (\u00e1cido f\u00f3lico o vitamina B9)<\/li><li>Consumo de alcohol<\/li><li>Fumar<\/li><li>Ciertas infecciones, como el virus Zika, la rub\u00e9ola y el citomegalovirus\/CMV<\/li><li>Ciertas condiciones de salud, como la obesidad y la diabetes mal controlada<\/li><li>Ciertos medicamentos, como la isotretino\u00edna (un medicamento que se usa para tratar el acn\u00e9 grave), el micofenolato (un medicamento que se usa para tratar ciertas enfermedades autoinmunes como la artritis reumatoide y el lupus, y tambi\u00e9n se usa despu\u00e9s de un trasplante de \u00f3rganos para evitar que el cuerpo rechace el \u00f3rgano) y el \u00e1cido valproico (un medicamento que se usa para tratar la epilepsia, el trastorno bipolar y las migra\u00f1as).<\/li><\/ul>\n\n\n\n<p>Finalmente, algunos defectos de nacimiento son causados por una combinaci\u00f3n compleja de genes y exposiciones ambientales. Lamentablemente, todav\u00eda no conocemos la causa de aproximadamente el 50% de los defectos de nacimiento. Es por esto que la investigaci\u00f3n sobre este tema es tan importante.<\/p>\n<\/div><\/div><\/div>\n\n\n\n<div class=\"wp-block-genesis-blocks-gb-container mtb-q-n-a-block gb-block-container\"><div class=\"gb-container-inside\"><div class=\"gb-container-content\">\n<p class=\"mtb-question-es\"><strong>\u00bfPueden proporcionar informaci\u00f3n e implicaciones de la vida real de una exposici\u00f3n que aumenta la posibilidad de defectos de nacimiento u otros efectos adversos del embarazo?<\/strong><\/p>\n\n\n\n<p class=\"mtb-answer-es\">S\u00ed, podemos. MotherToBaby cuenta con un equipo internacional de <a href=\"https:\/\/mothertobaby.org\/es\/equipo\/\">especialistas en informaci\u00f3n<\/a> que se dedican al campo de la teratolog\u00eda, que es el estudio de los agentes que pueden causar defectos de nacimiento cuando un beb\u00e9 est\u00e1 expuesto durante el embarazo. Nuestros expertos provienen de una variedad de antecedentes profesionales, que incluyen obstetricia y ginecolog\u00eda, medicina materno-fetal, gen\u00e9tica y asesoramiento gen\u00e9tico, pediatr\u00eda, salud p\u00fablica, farmacia y m\u00e1s. Nuestro enfoque es brindar informaci\u00f3n actualizada y basada en evidencia a las personas, los proveedores de salud y el p\u00fablico en general acerca de las exposiciones (medicamentos, infecciones, sustancias qu\u00edmicas, riesgos en el lugar de trabajo, etc.) durante el embarazo o la lactancia que pueden afectar un embarazo o el crecimiento o el desarrollo de un beb\u00e9.<\/p>\n<\/div><\/div><\/div>\n\n\n\n<div style=\"height:20px\" aria-hidden=\"true\" class=\"wp-block-spacer\"><\/div>\n\n\n\n<div style=\"height:23px\" aria-hidden=\"true\" class=\"wp-block-spacer\"><\/div>\n\n\n\n<div class=\"wp-block-genesis-blocks-gb-columns gb-layout-columns-2 gb-2-col-equal\" style=\"padding-top:30px;padding-right:25px;padding-bottom:30px;padding-left:25px\"><div class=\"gb-layout-column-wrap gb-block-layout-column-gap-2 gb-is-responsive-column\">\n<div class=\"wp-block-genesis-blocks-gb-column gb-block-layout-column\"><div class=\"gb-block-layout-column-inner\">\n<p class=\"has-purple-1-color has-text-color\"><em><em>\u201cEn una \u00e9poca en la que es dif\u00edcil encontrar informaci\u00f3n confiable sobre los riesgos de los medicamentos, el alcohol, las sustancias qu\u00edmicas, los productos de belleza y otras exposiciones durante el embarazo o la lactancia, especialmente en l\u00ednea, nos dimos cuenta de lo importante que es asegurarse de que el p\u00fablico tenga acceso a informaci\u00f3n precisa. Los expertos de MotherToBaby son los l\u00edderes en el campo de la teratolog\u00eda y est\u00e1n al d\u00eda con las investigaciones m\u00e1s avanzadas sobre las exposiciones que pueden afectar a los beb\u00e9s en desarrollo\u201d.<\/em><\/em><\/p>\n\n\n\n<p><em>\u2013 Dr. Kenneth Lyons Jones, Director M\u00e9dico, MotherToBaby, California<br>Especialista en Dismorfolog\u00eda Pedi\u00e1trica y Jefe de Divisi\u00f3n, <\/em><a href=\"https:\/\/medschool.ucsd.edu\/som\/pediatrics\/Pages\/default.aspx\" target=\"_blank\" rel=\"noreferrer noopener\"><em>Departamento de Pediatr\u00eda de la Universidad de California en San Diego<\/em><\/a><\/p>\n<\/div><\/div>\n\n\n\n<div class=\"wp-block-genesis-blocks-gb-column gb-block-layout-column\"><div class=\"gb-block-layout-column-inner\"><div class=\"wp-block-image\">\n<figure class=\"aligncenter size-large\"><img loading=\"lazy\" decoding=\"async\" width=\"400\" height=\"350\" src=\"https:\/\/mothertobaby.org\/wp-content\/uploads\/2020\/07\/MotherToBaby-Ken-Jones-400x350-07.20.jpg\" alt=\"Kenneth Lyons Media Request Expert\" class=\"wp-image-2421\" srcset=\"https:\/\/mothertobaby.org\/wp-content\/uploads\/2020\/07\/MotherToBaby-Ken-Jones-400x350-07.20.jpg 400w, https:\/\/mothertobaby.org\/wp-content\/uploads\/2020\/07\/MotherToBaby-Ken-Jones-400x350-07.20-300x263.jpg 300w\" sizes=\"auto, (max-width: 400px) 100vw, 400px\" \/><\/figure>\n<\/div><\/div><\/div>\n<\/div><\/div>\n\n\n\n<div style=\"height:100px\" aria-hidden=\"true\" class=\"wp-block-spacer\"><\/div>\n\n\n\n<div style=\"background-color:#f9f9ff;padding-left:8%;padding-right:8%\" class=\"wp-block-genesis-blocks-gb-container alignfull mtb-hp-block mtb-3-col-cta-row gb-block-container\"><div class=\"gb-container-inside\"><div class=\"gb-container-content\" style=\"max-width:1120px\">\n<div class=\"wp-block-genesis-blocks-gb-columns light-text mtb-3-col-cta no-link-underline gb-layout-columns-3 gb-3-col-equal\"><div class=\"gb-layout-column-wrap gb-block-layout-column-gap-3 gb-is-responsive-column\">\n<div class=\"wp-block-genesis-blocks-gb-column mtb-cta-radius gb-block-layout-column\"><div class=\"gb-block-layout-column-inner gb-has-custom-background-color\" style=\"background-color:#522e83\">\n<h3 class=\"has-text-align-left wp-block-heading\" id=\"h-mant-ngase-en-contacto\">Mant\u00e9ngase en contacto<\/h3>\n\n\n\n<p class=\"has-text-align-left\">Nuestro bolet\u00edn electr\u00f3nico le brinda la informaci\u00f3n, las noticias, y los recursos m\u00e1s recientes de los expertos de MotherToBaby.<\/p>\n\n\n\n<div class=\"wp-block-genesis-blocks-gb-button mtb-std-block-btn gb-block-button\"><a href=\"\/enews-sign-up-form\" class=\"gb-button gb-button-shape-rounded gb-button-size-medium\" style=\"color:#ffffff;background-color:#3373dc\">Inscribirse<\/a><\/div>\n<\/div><\/div>\n\n\n\n<div class=\"wp-block-genesis-blocks-gb-column mtb-cta-radius gb-block-layout-column\"><div class=\"gb-block-layout-column-inner gb-has-custom-background-color\" style=\"background-color:#522e83\">\n<h3 class=\"has-text-align-left wp-block-heading\" id=\"h-unirse-a-un-estudio\">Unirse a un Estudio<\/h3>\n\n\n\n<p class=\"has-text-align-left\">Los futuros padres merecen mejor informaci\u00f3n sobre la seguridad de los medicamentos, y usted puede ayudar participando en un estudio.<\/p>\n\n\n\n<div class=\"wp-block-genesis-blocks-gb-button mtb-std-block-btn gb-block-button\"><a href=\"\/pregnancy-studies\/pregnant-women\/\" class=\"gb-button gb-button-shape-rounded gb-button-size-medium\" style=\"color:#ffffff;background-color:#3373dc\">Unirse<\/a><\/div>\n<\/div><\/div>\n\n\n\n<div class=\"wp-block-genesis-blocks-gb-column mtb-cta-radius gb-block-layout-column\"><div class=\"gb-block-layout-column-inner has-orange-cta-background-color has-neutral-plus-2-color\">\n<h3 class=\"has-text-align-left wp-block-heading\" id=\"h-pregunte-a-nuestros-expertos\">Pregunte a Nuestros Expertos<\/h3>\n\n\n\n<p class=\"has-text-align-left\">Llame, env\u00ede mensajes de texto, chatee, o env\u00ede un correo electr\u00f3nico para obtener una evaluaci\u00f3n de riesgos personalizada y gratuita sobre las exposiciones en el embarazo y la lactancia.<\/p>\n\n\n\n<div class=\"wp-block-genesis-blocks-gb-button mtb-std-block-btn gb-block-button\"><a href=\"\/contact\" class=\"gb-button gb-button-shape-rounded gb-button-size-medium\" style=\"color:#ffffff;background-color:#3373dc\">Contactar<\/a><\/div>\n<\/div><\/div>\n<\/div><\/div>\n<\/div><\/div><\/div>\n","protected":false},"excerpt":{"rendered":"<p>Periodistas, Contacten con una Experto de MotherToBaby para Su Pr\u00f3xima Noticia Los especialistas de MotherToBaby est\u00e1n disponibles para las solicitudes de los medios de comunicaci\u00f3n. Nuestros expertos brindar\u00e1n su experiencia a los miembros de los medios de comunicaci\u00f3n que escriben art\u00edculos sobre exposiciones durante el embarazo y la lactancia. Si es un periodista que desea [&hellip;]<\/p>\n","protected":false},"author":214,"featured_media":2238,"parent":0,"menu_order":0,"comment_status":"closed","ping_status":"closed","template":"page-templates\/inner-page.php","meta":{"_searchwp_excluded":"","_genesis_hide_title":false,"_genesis_hide_breadcrumbs":false,"_genesis_hide_singular_image":false,"_genesis_hide_footer_widgets":false,"_genesis_custom_body_class":"","_genesis_custom_post_class":"","_genesis_layout":"full-width-content","footnotes":""},"medical-specialty":[],"related-content":[],"class_list":{"0":"post-6744","1":"page","2":"type-page","3":"status-publish","4":"has-post-thumbnail","6":"entry"},"yoast_head":"<!-- This site is optimized with the Yoast SEO Premium plugin v20.13 (Yoast SEO v20.13) - https:\/\/yoast.com\/wordpress\/plugins\/seo\/ -->\n<title>Solicitudes por los Medios - MotherToBaby<\/title>\n<meta name=\"robots\" content=\"index, follow, max-snippet:-1, max-image-preview:large, max-video-preview:-1\" \/>\n<link rel=\"canonical\" href=\"https:\/\/mothertobaby.org\/es\/solicitudes-por-los-medios\/\" \/>\n<meta property=\"og:locale\" content=\"es_ES\" \/>\n<meta property=\"og:type\" content=\"article\" \/>\n<meta property=\"og:title\" content=\"Solicitudes por los Medios\" \/>\n<meta property=\"og:description\" content=\"Periodistas, Contacten con una Experto de MotherToBaby para Su Pr\u00f3xima Noticia Los especialistas de MotherToBaby est\u00e1n disponibles para las solicitudes de los medios de comunicaci\u00f3n. Nuestros expertos brindar\u00e1n su experiencia a los miembros de los medios de comunicaci\u00f3n que escriben art\u00edculos sobre exposiciones durante el embarazo y la lactancia. Si es un periodista que desea [&hellip;]\" \/>\n<meta property=\"og:url\" content=\"https:\/\/mothertobaby.org\/es\/solicitudes-por-los-medios\/\" \/>\n<meta property=\"og:site_name\" content=\"MotherToBaby\" \/>\n<meta property=\"article:modified_time\" content=\"2022-10-05T19:08:16+00:00\" \/>\n<meta property=\"og:image\" content=\"https:\/\/mothertobaby.org\/wp-content\/uploads\/2020\/06\/MotherToBaby-Media-Requests-Header-1600x900-1.jpg\" \/>\n\t<meta property=\"og:image:width\" content=\"1600\" \/>\n\t<meta property=\"og:image:height\" content=\"900\" \/>\n\t<meta property=\"og:image:type\" content=\"image\/jpeg\" \/>\n<meta name=\"twitter:card\" content=\"summary_large_image\" \/>\n<meta name=\"twitter:label1\" content=\"Tiempo de lectura\" \/>\n\t<meta name=\"twitter:data1\" content=\"5 minutos\" \/>\n<script type=\"application\/ld+json\" class=\"yoast-schema-graph\">{\"@context\":\"https:\/\/schema.org\",\"@graph\":[{\"@type\":\"WebPage\",\"@id\":\"https:\/\/mothertobaby.org\/es\/solicitudes-por-los-medios\/\",\"url\":\"https:\/\/mothertobaby.org\/es\/solicitudes-por-los-medios\/\",\"name\":\"Solicitudes por los Medios - MotherToBaby\",\"isPartOf\":{\"@id\":\"https:\/\/mothertobaby.org\/es\/#website\"},\"datePublished\":\"2022-10-05T19:08:13+00:00\",\"dateModified\":\"2022-10-05T19:08:16+00:00\",\"breadcrumb\":{\"@id\":\"https:\/\/mothertobaby.org\/es\/solicitudes-por-los-medios\/#breadcrumb\"},\"inLanguage\":\"es\",\"potentialAction\":[{\"@type\":\"ReadAction\",\"target\":[\"https:\/\/mothertobaby.org\/es\/solicitudes-por-los-medios\/\"]}]},{\"@type\":\"BreadcrumbList\",\"@id\":\"https:\/\/mothertobaby.org\/es\/solicitudes-por-los-medios\/#breadcrumb\",\"itemListElement\":[{\"@type\":\"ListItem\",\"position\":1,\"name\":\"Home\",\"item\":\"https:\/\/mothertobaby.org\/es\/\"},{\"@type\":\"ListItem\",\"position\":2,\"name\":\"Solicitudes por los Medios\"}]},{\"@type\":\"WebSite\",\"@id\":\"https:\/\/mothertobaby.org\/es\/#website\",\"url\":\"https:\/\/mothertobaby.org\/es\/\",\"name\":\"MotherToBaby\",\"description\":\"Medications and More during pregnancy and breastfeeding\",\"publisher\":{\"@id\":\"https:\/\/mothertobaby.org\/es\/#organization\"},\"potentialAction\":[{\"@type\":\"SearchAction\",\"target\":{\"@type\":\"EntryPoint\",\"urlTemplate\":\"https:\/\/mothertobaby.org\/es\/?s={search_term_string}\"},\"query-input\":\"required name=search_term_string\"}],\"inLanguage\":\"es\"},{\"@type\":\"Organization\",\"@id\":\"https:\/\/mothertobaby.org\/es\/#organization\",\"name\":\"MotherToBaby\",\"url\":\"https:\/\/mothertobaby.org\/es\/\",\"logo\":{\"@type\":\"ImageObject\",\"inLanguage\":\"es\",\"@id\":\"https:\/\/mothertobaby.org\/es\/#\/schema\/logo\/image\/\",\"url\":\"https:\/\/mothertobaby.org\/wp-content\/uploads\/2023\/06\/MTB-horz-copyright-sm-1.png\",\"contentUrl\":\"https:\/\/mothertobaby.org\/wp-content\/uploads\/2023\/06\/MTB-horz-copyright-sm-1.png\",\"width\":284,\"height\":52,\"caption\":\"MotherToBaby\"},\"image\":{\"@id\":\"https:\/\/mothertobaby.org\/es\/#\/schema\/logo\/image\/\"}}]}<\/script>\n<!-- \/ Yoast SEO Premium plugin. -->","yoast_head_json":{"title":"Solicitudes por los Medios - MotherToBaby","robots":{"index":"index","follow":"follow","max-snippet":"max-snippet:-1","max-image-preview":"max-image-preview:large","max-video-preview":"max-video-preview:-1"},"canonical":"https:\/\/mothertobaby.org\/es\/solicitudes-por-los-medios\/","og_locale":"es_ES","og_type":"article","og_title":"Solicitudes por los Medios","og_description":"Periodistas, Contacten con una Experto de MotherToBaby para Su Pr\u00f3xima Noticia Los especialistas de MotherToBaby est\u00e1n disponibles para las solicitudes de los medios de comunicaci\u00f3n. Nuestros expertos brindar\u00e1n su experiencia a los miembros de los medios de comunicaci\u00f3n que escriben art\u00edculos sobre exposiciones durante el embarazo y la lactancia. Si es un periodista que desea [&hellip;]","og_url":"https:\/\/mothertobaby.org\/es\/solicitudes-por-los-medios\/","og_site_name":"MotherToBaby","article_modified_time":"2022-10-05T19:08:16+00:00","og_image":[{"width":1600,"height":900,"url":"https:\/\/mothertobaby.org\/wp-content\/uploads\/2020\/06\/MotherToBaby-Media-Requests-Header-1600x900-1.jpg","type":"image\/jpeg"}],"twitter_card":"summary_large_image","twitter_misc":{"Tiempo de lectura":"5 minutos"},"schema":{"@context":"https:\/\/schema.org","@graph":[{"@type":"WebPage","@id":"https:\/\/mothertobaby.org\/es\/solicitudes-por-los-medios\/","url":"https:\/\/mothertobaby.org\/es\/solicitudes-por-los-medios\/","name":"Solicitudes por los Medios - MotherToBaby","isPartOf":{"@id":"https:\/\/mothertobaby.org\/es\/#website"},"datePublished":"2022-10-05T19:08:13+00:00","dateModified":"2022-10-05T19:08:16+00:00","breadcrumb":{"@id":"https:\/\/mothertobaby.org\/es\/solicitudes-por-los-medios\/#breadcrumb"},"inLanguage":"es","potentialAction":[{"@type":"ReadAction","target":["https:\/\/mothertobaby.org\/es\/solicitudes-por-los-medios\/"]}]},{"@type":"BreadcrumbList","@id":"https:\/\/mothertobaby.org\/es\/solicitudes-por-los-medios\/#breadcrumb","itemListElement":[{"@type":"ListItem","position":1,"name":"Home","item":"https:\/\/mothertobaby.org\/es\/"},{"@type":"ListItem","position":2,"name":"Solicitudes por los Medios"}]},{"@type":"WebSite","@id":"https:\/\/mothertobaby.org\/es\/#website","url":"https:\/\/mothertobaby.org\/es\/","name":"MotherToBaby","description":"Medications and More during pregnancy and breastfeeding","publisher":{"@id":"https:\/\/mothertobaby.org\/es\/#organization"},"potentialAction":[{"@type":"SearchAction","target":{"@type":"EntryPoint","urlTemplate":"https:\/\/mothertobaby.org\/es\/?s={search_term_string}"},"query-input":"required name=search_term_string"}],"inLanguage":"es"},{"@type":"Organization","@id":"https:\/\/mothertobaby.org\/es\/#organization","name":"MotherToBaby","url":"https:\/\/mothertobaby.org\/es\/","logo":{"@type":"ImageObject","inLanguage":"es","@id":"https:\/\/mothertobaby.org\/es\/#\/schema\/logo\/image\/","url":"https:\/\/mothertobaby.org\/wp-content\/uploads\/2023\/06\/MTB-horz-copyright-sm-1.png","contentUrl":"https:\/\/mothertobaby.org\/wp-content\/uploads\/2023\/06\/MTB-horz-copyright-sm-1.png","width":284,"height":52,"caption":"MotherToBaby"},"image":{"@id":"https:\/\/mothertobaby.org\/es\/#\/schema\/logo\/image\/"}}]}},"featured_image_src":"https:\/\/mothertobaby.org\/wp-content\/uploads\/2020\/06\/MotherToBaby-Media-Requests-Header-1600x900-1.jpg","featured_image_src_square":"https:\/\/mothertobaby.org\/wp-content\/uploads\/2020\/06\/MotherToBaby-Media-Requests-Header-1600x900-1.jpg","_links":{"self":[{"href":"https:\/\/mothertobaby.org\/es\/wp-json\/wp\/v2\/pages\/6744","targetHints":{"allow":["GET"]}}],"collection":[{"href":"https:\/\/mothertobaby.org\/es\/wp-json\/wp\/v2\/pages"}],"about":[{"href":"https:\/\/mothertobaby.org\/es\/wp-json\/wp\/v2\/types\/page"}],"author":[{"embeddable":true,"href":"https:\/\/mothertobaby.org\/es\/wp-json\/wp\/v2\/users\/214"}],"replies":[{"embeddable":true,"href":"https:\/\/mothertobaby.org\/es\/wp-json\/wp\/v2\/comments?post=6744"}],"version-history":[{"count":0,"href":"https:\/\/mothertobaby.org\/es\/wp-json\/wp\/v2\/pages\/6744\/revisions"}],"wp:featuredmedia":[{"embeddable":true,"href":"https:\/\/mothertobaby.org\/es\/wp-json\/wp\/v2\/media\/2238"}],"wp:attachment":[{"href":"https:\/\/mothertobaby.org\/es\/wp-json\/wp\/v2\/media?parent=6744"}],"wp:term":[{"taxonomy":"medical-specialty","embeddable":true,"href":"https:\/\/mothertobaby.org\/es\/wp-json\/wp\/v2\/medical-specialty?post=6744"},{"taxonomy":"related-content","embeddable":true,"href":"https:\/\/mothertobaby.org\/es\/wp-json\/wp\/v2\/related-content?post=6744"}],"curies":[{"name":"wp","href":"https:\/\/api.w.org\/{rel}","templated":true}]}}