{"id":6900,"date":"2022-11-01T11:33:30","date_gmt":"2022-11-01T18:33:30","guid":{"rendered":"https:\/\/mothertobaby.org\/?page_id=6900"},"modified":"2025-09-03T09:52:18","modified_gmt":"2025-09-03T16:52:18","slug":"covid-19","status":"publish","type":"page","link":"https:\/\/mothertobaby.org\/es\/exposiciones-durante-el-embarazo-y-la-lactancia\/covid-19\/","title":{"rendered":"COVID-19"},"content":{"rendered":"\n<h2 class=\"wp-block-heading has-neutral-color has-text-color\" id=\"h-lo-que-debe-saber-sobre-la-covid-19-y-las-vacunas-contra-la-covid-19\">Lo que Debe Saber sobre la Covid-19 y las Vacunas Contra la Covid-19<\/h2>\n\n\n\n<p class=\"has-primary-purple-color has-text-color\"><em><em><em>Descargo de responsabilidad: Esta p\u00e1gina contiene informaci\u00f3n importante sobre la COVID-19. Los recursos se relacionan con la COVID-19 y las vacunas contra la COVID-19 durante el embarazo y la lactancia, e incluye enlaces a nuestras Hojas Informativas basadas en evidencia. Sin embargo, los recursos que aqu\u00ed se ofrecen no deben sustituir la atenci\u00f3n y el asesoramiento de un profesional m\u00e9dico.<\/em><\/em><\/em><\/p>\n\n\n\n<p>La pandemia de COVID-19 ha sido una situaci\u00f3n en r\u00e1pida evoluci\u00f3n y, con el tiempo, hemos podido aprender m\u00e1s sobre c\u00f3mo este virus afecta el embarazo. Los estudios muestran que las personas que est\u00e1n embarazadas y tienen COVID-19 tienen una mayor probabilidad de enfermarse gravemente que las personas que no est\u00e1n embarazadas. Tener una infecci\u00f3n por COVID-19 durante el embarazo tambi\u00e9n aumenta las posibilidades de ciertas complicaciones del embarazo.<\/p>\n\n\n\n<p>Se recomienda mantenerse al d\u00eda con las vacunas contra la COVID-19 para todas las personas que est\u00e9n planeando un embarazo, est\u00e9n embarazadas actualmente, se hayan embarazado recientemente o est\u00e9n amamantando. Los estudios que han incluido a miles de personas vacunadas han descubierto que recibir la vacuna antes o durante el embarazo o durante la lactancia no causa problemas de fertilidad; no aumenta las posibilidades de aborto espont\u00e1neo, parto prematuro, muerte fetal u otras complicaciones del embarazo; y no causa problemas a los ni\u00f1os. Mantenerse al d\u00eda con las vacunas (incluidas todas las dosis de refuerzo recomendadas) es la mejor manera de protegerse contra la COVID-19.&nbsp;<\/p>\n\n\n\n<p>Desde el comienzo de la pandemia, MotherToBaby ha estado involucrado en la investigaci\u00f3n sobre la infecci\u00f3n por COVID-19 y las vacunas contra la COVID-19 en el embarazo y la lactancia. Hemos reunido recursos actualizados basados en evidencia sobre ambos temas. Tambi\u00e9n hemos establecido uno de los primeros estudios sobre la infecci\u00f3n por COVID-19 y las vacunas contra la COVID-19 en el embarazo. Esperamos que las personas que est\u00e1n embarazadas o amamantando y sus proveedores vean la importancia de ayudar al mundo a comprender mejor este virus y las vacunas que se usan para prevenirlo, y se <a href=\"https:\/\/mothertobaby.org\/es\/unirse-a-un-estudio\/\">unan a nuestro estudio<\/a> o <a href=\"https:\/\/mothertobaby.org\/es\/refiere-un-paciente-estudios\/\">remitan a sus pacientes a nuestro estudio<\/a>.<\/p>\n\n\n\n<div class=\"wp-block-genesis-blocks-gb-container gb-block-container\"><div class=\"gb-container-inside\"><div class=\"gb-container-content\"><\/div><\/div><\/div>\n\n\n\n<div style=\"height:20px\" aria-hidden=\"true\" class=\"wp-block-spacer\"><\/div>\n\n\n\n<div style=\"height:23px\" aria-hidden=\"true\" class=\"wp-block-spacer\"><\/div>\n\n\n\n<h3 class=\"wp-block-heading\" id=\"h-unase-a-nuestro-estudio-sobre-la-covid-19\">\u00danase a nuestro estudio sobre la COVID-19<\/h3>\n\n\n\n<p>Si est\u00e1 embarazada y tiene o tuvo una infecci\u00f3n conocida por COVID-19 durante el embarazo, o si recibi\u00f3 alguna dosis de una vacuna contra la COVID-19 durante el embarazo, considere inscribirse en nuestro estudio observacional para brindar mejores respuestas a los futuros padres sobre la COVID-19 durante el embarazo. No se le pedir\u00e1 que tome o cambie ning\u00fan medicamento y puede participar desde la comodidad de su hogar. Para obtener m\u00e1s informaci\u00f3n, descargue nuestro folleto de estudio para participantes (<a href=\"https:\/\/mothertobaby.org\/wp-content\/uploads\/2021\/01\/Participant_RF_GENERAL-COVID-Study-Flyer-Dec-2020.pdf\" target=\"_blank\" rel=\"noreferrer noopener\">ingl\u00e9s<\/a> y <a href=\"https:\/\/mothertobaby.org\/wp-content\/uploads\/2021\/01\/RF_-SP-GENERAL-COVID-Study-Flyer-SPAN-Dec-2020.pdf\" target=\"_blank\" rel=\"noreferrer noopener\">espa\u00f1ol<\/a>) o para <a href=\"https:\/\/mothertobaby.org\/wp-content\/uploads\/2021\/01\/Provider_RF_GENERAL-COVID-Study-Flyer-Dec-2020.pdf\" target=\"_blank\" rel=\"noreferrer noopener\">proveedores de atenci\u00f3n de salud<\/a>.<\/p>\n\n\n\n<div class=\"wp-block-buttons is-layout-flex wp-block-buttons-is-layout-flex\">\n<div class=\"wp-block-button\"><a class=\"wp-block-button__link wp-element-button\" href=\"https:\/\/mothertobaby.org\/es\/ongoing-study\/coronavirus-covid-19\/\">OBTENER M\u00c1S INFORMACI\u00d3N<\/a><\/div>\n<\/div>\n\n\n\n<div style=\"height:20px\" aria-hidden=\"true\" class=\"wp-block-spacer\"><\/div>\n\n\n\n<div style=\"height:23px\" aria-hidden=\"true\" class=\"wp-block-spacer\"><\/div>\n\n\n\n<p>Consulte nuestra biblioteca de recursos de informaci\u00f3n de COVID-19 a continuaci\u00f3n sobre exposiciones y vacunas durante el embarazo y la lactancia.<\/p>\n\n\n<div class=\"mtb-rel-cont-list mtb-rel-cont-block\" style=\"background-color: #F0ebf8;\"><h3>Hojas Informativas Relacionadas<\/h3><ul><li><a href='https:\/\/mothertobaby.org\/es\/hojas-informativas\/covid-19\/'>COVID-19<\/a><\/li><li><a href='https:\/\/mothertobaby.org\/es\/hojas-informativas\/la-hipertermia\/'>Fiebre \/ Hipertermia<\/a><\/li><li><a href='https:\/\/mothertobaby.org\/es\/hojas-informativas\/molnupiravir\/'>Molnupiravir<\/a><\/li><li><a href='https:\/\/mothertobaby.org\/es\/hojas-informativas\/nirmatrelvir-ritonavir-paxlovid\/'>Nirmatrelvir\/ritonavir (Paxlovid\u00ae)<\/a><\/li><li><a href='https:\/\/mothertobaby.org\/es\/hojas-informativas\/remdesivir\/'>Remdesivir (Veklury\u00ae)<\/a><\/li><li><a href='https:\/\/mothertobaby.org\/es\/hojas-informativas\/tocilizumab-actemra\/'>Tocilizumab (Actemra\u00ae)<\/a><\/li><li><a href='https:\/\/mothertobaby.org\/es\/hojas-informativas\/las-vacunas\/'>Vacunas<\/a><\/li><li><a href='https:\/\/mothertobaby.org\/es\/hojas-informativas\/vacuna-con-subunidades-de-proteinas-contra-covid-19-novavax\/'>\u200b\u200bVacuna contra la COVID-19 de subunidades proteicas (Novavax)\u200b<\/a><\/li><li><a href='https:\/\/mothertobaby.org\/es\/hojas-informativas\/vacuna-de-arnm-contra-covid-19\/'>\u200b\u200bVacunas contra la COVID-19 de ARNm (Moderna y Pfizer-BioNTech)\u200b<\/a><\/li><\/ul><\/div>\n\n\n<div class=\"mtb-rel-cont-list mtb-rel-cont-block\" style=\"background-color: #f9f9ff;\"><h3>Baby Blogs Relacionadas<\/h3><ul><li><a href='https:\/\/mothertobaby.org\/es\/baby-blog\/educacion-sobre-la-vacunacion-todo-lo-que-necesita-saber-sobre-las-vacunas-antes-y-durante-el-embarazo\/'>Educaci\u00f3n sobre la vacunaci\u00f3n: todo lo que necesita saber sobre las vacunas antes y durante el embarazo<\/a><\/li><li><a href='https:\/\/mothertobaby.org\/es\/baby-blog\/educacion-fortalecedora-y-apoyo-para-las-personas-lactantes-en-comunidades-rurales\/'>Educaci\u00f3n Fortalecedora y Apoyo para las Personas lactantes en Comunidades Rurales<\/a><\/li><li><a href='https:\/\/mothertobaby.org\/es\/baby-blog\/es-un-resfriado-la-gripe-es-simplemente-miserable\/'>\u00bfEs un resfriado? \u00bfLa gripe? Es simplemente miserable.<\/a><\/li><\/ul><\/div>\n\n\n\n\n\n\n<h3 class=\"wp-block-heading\" id=\"h-recursos-externos\">Recursos Externos<\/h3>\n\n\n\n<ul class=\"wp-block-list\">\n<li>Colegio Estadounidense de Obstetras y Ginec\u00f3logos:<a href=\"https:\/\/www.acog.org\/patient-resources\/faqs\/pregnancy\/coronavirus-pregnancy-and-breastfeeding\" target=\"_blank\" rel=\"noreferrer noopener\">&nbsp;Coronavirus (COVID-19), embarazo y lactancia: Un mensaje para los pacientes<\/a><\/li>\n\n\n\n<li>Centros para el Control y la Prevenci\u00f3n de Enfermedades:<a href=\"https:\/\/www.cdc.gov\/coronavirus\/2019-ncov\/need-extra-precautions\/pregnancy-breastfeeding.html\" target=\"_blank\" rel=\"noreferrer noopener\">&nbsp;<\/a><a href=\"https:\/\/espanol.cdc.gov\/coronavirus\/2019-ncov\/need-extra-precautions\/pregnant-people.html\" target=\"_blank\" rel=\"noreferrer noopener\">Enfermedad por coronavirus 2019 (COVID-19) \u2013 Personas embarazadas<\/a><\/li>\n\n\n\n<li>Centros para el Control y la Prevenci\u00f3n de Enfermedades:<a href=\"https:\/\/espanol.cdc.gov\/coronavirus\/2019-ncov\/need-extra-precautions\/pregnant-people.html\" target=\"_blank\" rel=\"noreferrer noopener\">&nbsp;Enfermedad por coronavirus 2019 (COVID-19): Lactancia y cuidado de los reci\u00e9n nacidos<\/a><\/li>\n\n\n\n<li>Centros para el Control y la Prevenci\u00f3n de Enfermedades:&nbsp;<a href=\"https:\/\/espanol.cdc.gov\/coronavirus\/2019-ncov\/vaccines\/recommendations\/pregnancy.html\" target=\"_blank\" rel=\"noreferrer noopener\">Informaci\u00f3n sobre las vacunas contra el COVID-19 para personas que est\u00e1n embarazadas o en periodo de lactancia<\/a><\/li>\n\n\n\n<li>Society for Maternal-Fetal Medicine:<a href=\"https:\/\/www.who.int\/emergencies\/diseases\/novel-coronavirus-2019\/advice-for-public\" target=\"_blank\" rel=\"noreferrer noopener\">&nbsp;<\/a><a href=\"https:\/\/www.highriskpregnancyinfo.org\/espanol\" target=\"_blank\" rel=\"noreferrer noopener\">Vacunas contra la COVID-19 y el embarazo<\/a><\/li>\n<\/ul>\n\n\n\n<h3 class=\"wp-block-heading\" id=\"h-recursos-externos-para-proveedores-de-atencion-de-salud\">Recursos Externos <strong>para Proveedores de Atenci\u00f3n de Salud<\/strong><\/h3>\n\n\n\n<ul class=\"wp-block-list\">\n<li>Colegio Estadounidense de Obstetras y Ginec\u00f3logos:&nbsp;<a href=\"https:\/\/www.acog.org\/clinical\/clinical-guidance\/practice-advisory\/articles\/2020\/12\/covid-19-vaccination-considerations-for-obstetric-gynecologic-care\" target=\"_blank\" rel=\"noreferrer noopener\">Consideraciones sobre la vacunaci\u00f3n contra la COVID-19 para la atenci\u00f3n obst\u00e9trica y ginecol\u00f3gica<\/a><\/li>\n\n\n\n<li>Colegio Estadounidense de Obstetras y Ginec\u00f3logos:&nbsp;<a href=\"https:\/\/www.acog.org\/news\/news-releases\/2021\/08\/statement-of-strong-medical-consensus-for-vaccination-of-pregnant-individuals-against-covid-19\" target=\"_blank\" rel=\"noreferrer noopener\">Declaraci\u00f3n de fuerte consenso m\u00e9dico para la vacunaci\u00f3n de personas embarazadas contra la COVID-19<\/a><\/li>\n\n\n\n<li>Colegio Estadounidense de Obstetras y Ginec\u00f3logos:&nbsp;<a href=\"https:\/\/www.acog.org\/covid-19\/covid-19-vaccines-tools-for-your-practice-and-your-patients\">Vacunas contra la COVID-19: Herramientas para el consultorio y sus pacientes<\/a><\/li>\n\n\n\n<li>Centros para el Control y la Prevenci\u00f3n de Enfermedades:<a href=\"https:\/\/www.cdc.gov\/vaccines\/covid-19\/clinical-considerations\/covid-19-vaccines-us.html\" target=\"_blank\" rel=\"noreferrer noopener\">&nbsp;Consideraciones cl\u00ednicas provisionales para el uso de vacunas contra la COVID-19 actualmente autorizadas en los Estados Unidos<\/a><\/li>\n\n\n\n<li>Centros para el Control y la Prevenci\u00f3n de Enfermedades:&nbsp;<a href=\"https:\/\/www.cdc.gov\/vaccines\/covid-19\/hcp\/index.html\" target=\"_blank\" rel=\"noreferrer noopener\">Educaci\u00f3n del receptor de la vacuna<\/a><\/li>\n<\/ul>\n\n\n\n<h3 class=\"wp-block-heading\" id=\"h-socios\">Socios<\/h3>\n\n\n\n<ul class=\"wp-block-list\">\n<li><a rel=\"noreferrer noopener\" href=\"https:\/\/www.smfm.org\/\" target=\"_blank\">Society for Maternal Fetal Medicine<\/a><\/li>\n\n\n\n<li><a href=\"https:\/\/themighty.com\/\" target=\"_blank\" rel=\"noreferrer noopener\">The Mighty<\/a><\/li>\n\n\n\n<li><a href=\"https:\/\/www.patientslikeme.com\/\" target=\"_blank\" rel=\"noreferrer noopener\">PatientsLikeMe<\/a><\/li>\n<\/ul>\n\n\n\n<div style=\"height:100px\" aria-hidden=\"true\" class=\"wp-block-spacer\"><\/div>\n\n\n\n<div style=\"background-color:#f9f9ff;padding-left:8%;padding-right:8%\" class=\"wp-block-genesis-blocks-gb-container alignfull mtb-hp-block mtb-3-col-cta-row gb-block-container\"><div class=\"gb-container-inside\"><div class=\"gb-container-content\" style=\"max-width:1120px\">\n<div class=\"wp-block-genesis-blocks-gb-columns light-text mtb-3-col-cta no-link-underline gb-layout-columns-3 gb-3-col-equal\"><div class=\"gb-layout-column-wrap gb-block-layout-column-gap-3 gb-is-responsive-column\">\n<div class=\"wp-block-genesis-blocks-gb-column mtb-cta-radius gb-block-layout-column\"><div class=\"gb-block-layout-column-inner gb-has-custom-background-color\" style=\"background-color:#522e83\">\n<h3 class=\"wp-block-heading has-text-align-left\" id=\"h-mant-ngase-en-contacto\">Mant\u00e9ngase en contacto<\/h3>\n\n\n\n<p class=\"has-text-align-left\">Nuestro bolet\u00edn electr\u00f3nico le brinda la informaci\u00f3n, las noticias, y los recursos m\u00e1s recientes de los expertos de MotherToBaby.<\/p>\n\n\n\n<div class=\"wp-block-buttons is-layout-flex wp-block-buttons-is-layout-flex\">\n<div class=\"wp-block-button has-custom-font-size mtb-std-block-btn gb-block-button\" style=\"font-size:20px;line-height:1.2\"><a class=\"wp-block-button__link has-text-color has-background wp-element-button\" href=\"https:\/\/mothertobaby.org\/es\/inscribirse-para-boletin-electronico\/\" style=\"border-radius:5px;color:#ffffff;background-color:#3373dc;padding-top:10px;padding-right:1em;padding-bottom:10px;padding-left:1em\">Inscribirse<\/a><\/div>\n<\/div>\n<\/div><\/div>\n\n\n\n<div class=\"wp-block-genesis-blocks-gb-column mtb-cta-radius gb-block-layout-column\"><div class=\"gb-block-layout-column-inner gb-has-custom-background-color\" style=\"background-color:#522e83\">\n<h3 class=\"wp-block-heading has-text-align-left\" id=\"h-unirse-a-un-estudio\">Unirse a un Estudio<\/h3>\n\n\n\n<p class=\"has-text-align-left\">Los futuros padres merecen mejor informaci\u00f3n sobre la seguridad de los medicamentos, y usted puede ayudar participando en un estudio.<\/p>\n\n\n\n<div class=\"wp-block-buttons is-layout-flex wp-block-buttons-is-layout-flex\">\n<div class=\"wp-block-button has-custom-font-size mtb-std-block-btn gb-block-button\" style=\"font-size:20px;line-height:1.2\"><a class=\"wp-block-button__link has-text-color has-background wp-element-button\" href=\"https:\/\/mothertobaby.org\/es\/exposiciones-durante-el-embarazo-y-la-lactancia\/\" style=\"border-radius:5px;color:#ffffff;background-color:#3373dc;padding-top:10px;padding-right:1em;padding-bottom:10px;padding-left:1em\">Unirse<\/a><\/div>\n<\/div>\n<\/div><\/div>\n\n\n\n<div class=\"wp-block-genesis-blocks-gb-column mtb-cta-radius gb-block-layout-column\"><div class=\"gb-block-layout-column-inner has-orange-cta-background-color has-neutral-plus-2-color\">\n<h3 class=\"wp-block-heading has-text-align-left\" id=\"h-pregunte-a-nuestros-expertos\">Pregunte a Nuestros Expertos<\/h3>\n\n\n\n<p class=\"has-text-align-left\">Llame, env\u00ede mensajes de texto, chatee, o env\u00ede un correo electr\u00f3nico para obtener una evaluaci\u00f3n de riesgos personalizada y gratuita sobre las exposiciones en el embarazo y la lactancia.<\/p>\n\n\n\n<div class=\"wp-block-buttons is-layout-flex wp-block-buttons-is-layout-flex\">\n<div class=\"wp-block-button has-custom-font-size mtb-std-block-btn gb-block-button\" style=\"font-size:20px;line-height:1.2\"><a class=\"wp-block-button__link has-text-color has-background wp-element-button\" href=\"https:\/\/mothertobaby.org\/es\/contactar\/\" style=\"border-radius:5px;color:#ffffff;background-color:#3373dc;padding-top:10px;padding-right:1em;padding-bottom:10px;padding-left:1em\">Contactar<\/a><\/div>\n<\/div>\n<\/div><\/div>\n<\/div><\/div>\n<\/div><\/div><\/div>\n","protected":false},"excerpt":{"rendered":"<p>Lo que Debe Saber sobre la Covid-19 y las Vacunas Contra la Covid-19 Descargo de responsabilidad: Esta p\u00e1gina contiene informaci\u00f3n importante sobre la COVID-19. Los recursos se relacionan con la COVID-19 y las vacunas contra la COVID-19 durante el embarazo y la lactancia, e incluye enlaces a nuestras Hojas Informativas basadas en evidencia. Sin embargo, [&hellip;]<\/p>\n","protected":false},"author":214,"featured_media":2226,"parent":6524,"menu_order":0,"comment_status":"closed","ping_status":"closed","template":"page-templates\/inner-page.php","meta":{"_searchwp_excluded":"","_genesis_hide_title":false,"_genesis_hide_breadcrumbs":false,"_genesis_hide_singular_image":false,"_genesis_hide_footer_widgets":false,"_genesis_custom_body_class":"","_genesis_custom_post_class":"","_genesis_layout":"full-width-content","footnotes":""},"medical-specialty":[],"related-content":[579],"class_list":{"0":"post-6900","1":"page","2":"type-page","3":"status-publish","4":"has-post-thumbnail","6":"related-content-covid-19-3","7":"entry"},"yoast_head":"<!-- This site is optimized with the Yoast SEO Premium plugin v20.13 (Yoast SEO v20.13) - https:\/\/yoast.com\/wordpress\/plugins\/seo\/ -->\n<title>COVID-19 - MotherToBaby<\/title>\n<meta name=\"robots\" content=\"index, follow, max-snippet:-1, max-image-preview:large, max-video-preview:-1\" \/>\n<link rel=\"canonical\" href=\"https:\/\/mothertobaby.org\/es\/exposiciones-durante-el-embarazo-y-la-lactancia\/covid-19\/\" \/>\n<meta property=\"og:locale\" content=\"es_ES\" \/>\n<meta property=\"og:type\" content=\"article\" \/>\n<meta property=\"og:title\" content=\"COVID-19\" \/>\n<meta property=\"og:description\" content=\"Lo que Debe Saber sobre la Covid-19 y las Vacunas Contra la Covid-19 Descargo de responsabilidad: Esta p\u00e1gina contiene informaci\u00f3n importante sobre la COVID-19. Los recursos se relacionan con la COVID-19 y las vacunas contra la COVID-19 durante el embarazo y la lactancia, e incluye enlaces a nuestras Hojas Informativas basadas en evidencia. Sin embargo, [&hellip;]\" \/>\n<meta property=\"og:url\" content=\"https:\/\/mothertobaby.org\/es\/exposiciones-durante-el-embarazo-y-la-lactancia\/covid-19\/\" \/>\n<meta property=\"og:site_name\" content=\"MotherToBaby\" \/>\n<meta property=\"article:modified_time\" content=\"2025-09-03T16:52:18+00:00\" \/>\n<meta property=\"og:image\" content=\"https:\/\/mothertobaby.org\/wp-content\/uploads\/2020\/06\/MotherToBaby-COVID-19-Exposures-Header-1600x900-1.jpg\" \/>\n\t<meta property=\"og:image:width\" content=\"1600\" \/>\n\t<meta property=\"og:image:height\" content=\"900\" \/>\n\t<meta property=\"og:image:type\" content=\"image\/jpeg\" \/>\n<meta name=\"twitter:card\" content=\"summary_large_image\" \/>\n<meta name=\"twitter:label1\" content=\"Tiempo de lectura\" \/>\n\t<meta name=\"twitter:data1\" content=\"3 minutos\" \/>\n<script type=\"application\/ld+json\" class=\"yoast-schema-graph\">{\"@context\":\"https:\/\/schema.org\",\"@graph\":[{\"@type\":\"WebPage\",\"@id\":\"https:\/\/mothertobaby.org\/es\/exposiciones-durante-el-embarazo-y-la-lactancia\/covid-19\/\",\"url\":\"https:\/\/mothertobaby.org\/es\/exposiciones-durante-el-embarazo-y-la-lactancia\/covid-19\/\",\"name\":\"COVID-19 - MotherToBaby\",\"isPartOf\":{\"@id\":\"https:\/\/mothertobaby.org\/es\/#website\"},\"datePublished\":\"2022-11-01T18:33:30+00:00\",\"dateModified\":\"2025-09-03T16:52:18+00:00\",\"breadcrumb\":{\"@id\":\"https:\/\/mothertobaby.org\/es\/exposiciones-durante-el-embarazo-y-la-lactancia\/covid-19\/#breadcrumb\"},\"inLanguage\":\"es\",\"potentialAction\":[{\"@type\":\"ReadAction\",\"target\":[\"https:\/\/mothertobaby.org\/es\/exposiciones-durante-el-embarazo-y-la-lactancia\/covid-19\/\"]}]},{\"@type\":\"BreadcrumbList\",\"@id\":\"https:\/\/mothertobaby.org\/es\/exposiciones-durante-el-embarazo-y-la-lactancia\/covid-19\/#breadcrumb\",\"itemListElement\":[{\"@type\":\"ListItem\",\"position\":1,\"name\":\"Home\",\"item\":\"https:\/\/mothertobaby.org\/es\/\"},{\"@type\":\"ListItem\",\"position\":2,\"name\":\"Exposiciones Durante el Embarazo y la Lactancia\",\"item\":\"https:\/\/mothertobaby.org\/es\/exposiciones-durante-el-embarazo-y-la-lactancia\/\"},{\"@type\":\"ListItem\",\"position\":3,\"name\":\"COVID-19\"}]},{\"@type\":\"WebSite\",\"@id\":\"https:\/\/mothertobaby.org\/es\/#website\",\"url\":\"https:\/\/mothertobaby.org\/es\/\",\"name\":\"MotherToBaby\",\"description\":\"Medications and More during pregnancy and breastfeeding\",\"publisher\":{\"@id\":\"https:\/\/mothertobaby.org\/es\/#organization\"},\"potentialAction\":[{\"@type\":\"SearchAction\",\"target\":{\"@type\":\"EntryPoint\",\"urlTemplate\":\"https:\/\/mothertobaby.org\/es\/?s={search_term_string}\"},\"query-input\":\"required name=search_term_string\"}],\"inLanguage\":\"es\"},{\"@type\":\"Organization\",\"@id\":\"https:\/\/mothertobaby.org\/es\/#organization\",\"name\":\"MotherToBaby\",\"url\":\"https:\/\/mothertobaby.org\/es\/\",\"logo\":{\"@type\":\"ImageObject\",\"inLanguage\":\"es\",\"@id\":\"https:\/\/mothertobaby.org\/es\/#\/schema\/logo\/image\/\",\"url\":\"https:\/\/mothertobaby.org\/wp-content\/uploads\/2023\/06\/MTB-horz-copyright-sm-1.png\",\"contentUrl\":\"https:\/\/mothertobaby.org\/wp-content\/uploads\/2023\/06\/MTB-horz-copyright-sm-1.png\",\"width\":284,\"height\":52,\"caption\":\"MotherToBaby\"},\"image\":{\"@id\":\"https:\/\/mothertobaby.org\/es\/#\/schema\/logo\/image\/\"}}]}<\/script>\n<!-- \/ Yoast SEO Premium plugin. -->","yoast_head_json":{"title":"COVID-19 - MotherToBaby","robots":{"index":"index","follow":"follow","max-snippet":"max-snippet:-1","max-image-preview":"max-image-preview:large","max-video-preview":"max-video-preview:-1"},"canonical":"https:\/\/mothertobaby.org\/es\/exposiciones-durante-el-embarazo-y-la-lactancia\/covid-19\/","og_locale":"es_ES","og_type":"article","og_title":"COVID-19","og_description":"Lo que Debe Saber sobre la Covid-19 y las Vacunas Contra la Covid-19 Descargo de responsabilidad: Esta p\u00e1gina contiene informaci\u00f3n importante sobre la COVID-19. Los recursos se relacionan con la COVID-19 y las vacunas contra la COVID-19 durante el embarazo y la lactancia, e incluye enlaces a nuestras Hojas Informativas basadas en evidencia. Sin embargo, [&hellip;]","og_url":"https:\/\/mothertobaby.org\/es\/exposiciones-durante-el-embarazo-y-la-lactancia\/covid-19\/","og_site_name":"MotherToBaby","article_modified_time":"2025-09-03T16:52:18+00:00","og_image":[{"width":1600,"height":900,"url":"https:\/\/mothertobaby.org\/wp-content\/uploads\/2020\/06\/MotherToBaby-COVID-19-Exposures-Header-1600x900-1.jpg","type":"image\/jpeg"}],"twitter_card":"summary_large_image","twitter_misc":{"Tiempo de lectura":"3 minutos"},"schema":{"@context":"https:\/\/schema.org","@graph":[{"@type":"WebPage","@id":"https:\/\/mothertobaby.org\/es\/exposiciones-durante-el-embarazo-y-la-lactancia\/covid-19\/","url":"https:\/\/mothertobaby.org\/es\/exposiciones-durante-el-embarazo-y-la-lactancia\/covid-19\/","name":"COVID-19 - MotherToBaby","isPartOf":{"@id":"https:\/\/mothertobaby.org\/es\/#website"},"datePublished":"2022-11-01T18:33:30+00:00","dateModified":"2025-09-03T16:52:18+00:00","breadcrumb":{"@id":"https:\/\/mothertobaby.org\/es\/exposiciones-durante-el-embarazo-y-la-lactancia\/covid-19\/#breadcrumb"},"inLanguage":"es","potentialAction":[{"@type":"ReadAction","target":["https:\/\/mothertobaby.org\/es\/exposiciones-durante-el-embarazo-y-la-lactancia\/covid-19\/"]}]},{"@type":"BreadcrumbList","@id":"https:\/\/mothertobaby.org\/es\/exposiciones-durante-el-embarazo-y-la-lactancia\/covid-19\/#breadcrumb","itemListElement":[{"@type":"ListItem","position":1,"name":"Home","item":"https:\/\/mothertobaby.org\/es\/"},{"@type":"ListItem","position":2,"name":"Exposiciones Durante el Embarazo y la Lactancia","item":"https:\/\/mothertobaby.org\/es\/exposiciones-durante-el-embarazo-y-la-lactancia\/"},{"@type":"ListItem","position":3,"name":"COVID-19"}]},{"@type":"WebSite","@id":"https:\/\/mothertobaby.org\/es\/#website","url":"https:\/\/mothertobaby.org\/es\/","name":"MotherToBaby","description":"Medications and More during pregnancy and breastfeeding","publisher":{"@id":"https:\/\/mothertobaby.org\/es\/#organization"},"potentialAction":[{"@type":"SearchAction","target":{"@type":"EntryPoint","urlTemplate":"https:\/\/mothertobaby.org\/es\/?s={search_term_string}"},"query-input":"required name=search_term_string"}],"inLanguage":"es"},{"@type":"Organization","@id":"https:\/\/mothertobaby.org\/es\/#organization","name":"MotherToBaby","url":"https:\/\/mothertobaby.org\/es\/","logo":{"@type":"ImageObject","inLanguage":"es","@id":"https:\/\/mothertobaby.org\/es\/#\/schema\/logo\/image\/","url":"https:\/\/mothertobaby.org\/wp-content\/uploads\/2023\/06\/MTB-horz-copyright-sm-1.png","contentUrl":"https:\/\/mothertobaby.org\/wp-content\/uploads\/2023\/06\/MTB-horz-copyright-sm-1.png","width":284,"height":52,"caption":"MotherToBaby"},"image":{"@id":"https:\/\/mothertobaby.org\/es\/#\/schema\/logo\/image\/"}}]}},"featured_image_src":"https:\/\/mothertobaby.org\/wp-content\/uploads\/2020\/06\/MotherToBaby-COVID-19-Exposures-Header-1600x900-1.jpg","featured_image_src_square":"https:\/\/mothertobaby.org\/wp-content\/uploads\/2020\/06\/MotherToBaby-COVID-19-Exposures-Header-1600x900-1.jpg","_links":{"self":[{"href":"https:\/\/mothertobaby.org\/es\/wp-json\/wp\/v2\/pages\/6900","targetHints":{"allow":["GET"]}}],"collection":[{"href":"https:\/\/mothertobaby.org\/es\/wp-json\/wp\/v2\/pages"}],"about":[{"href":"https:\/\/mothertobaby.org\/es\/wp-json\/wp\/v2\/types\/page"}],"author":[{"embeddable":true,"href":"https:\/\/mothertobaby.org\/es\/wp-json\/wp\/v2\/users\/214"}],"replies":[{"embeddable":true,"href":"https:\/\/mothertobaby.org\/es\/wp-json\/wp\/v2\/comments?post=6900"}],"version-history":[{"count":0,"href":"https:\/\/mothertobaby.org\/es\/wp-json\/wp\/v2\/pages\/6900\/revisions"}],"up":[{"embeddable":true,"href":"https:\/\/mothertobaby.org\/es\/wp-json\/wp\/v2\/pages\/6524"}],"wp:featuredmedia":[{"embeddable":true,"href":"https:\/\/mothertobaby.org\/es\/wp-json\/wp\/v2\/media\/2226"}],"wp:attachment":[{"href":"https:\/\/mothertobaby.org\/es\/wp-json\/wp\/v2\/media?parent=6900"}],"wp:term":[{"taxonomy":"medical-specialty","embeddable":true,"href":"https:\/\/mothertobaby.org\/es\/wp-json\/wp\/v2\/medical-specialty?post=6900"},{"taxonomy":"related-content","embeddable":true,"href":"https:\/\/mothertobaby.org\/es\/wp-json\/wp\/v2\/related-content?post=6900"}],"curies":[{"name":"wp","href":"https:\/\/api.w.org\/{rel}","templated":true}]}}