{"id":6959,"date":"2022-11-14T16:46:25","date_gmt":"2022-11-15T00:46:25","guid":{"rendered":"https:\/\/mothertobaby.org\/?page_id=6959"},"modified":"2023-10-02T10:43:40","modified_gmt":"2023-10-02T17:43:40","slug":"add-tdah","status":"publish","type":"page","link":"https:\/\/mothertobaby.org\/es\/exposiciones-durante-el-embarazo-y-la-lactancia\/add-tdah\/","title":{"rendered":"ADD\/TDAH"},"content":{"rendered":"\n<h2 class=\"wp-block-heading has-neutral-color has-text-color\" id=\"h-centrarse-en-el-trastorno-por-deficit-de-atencion-con-o-sin-hiperactividad-durante-el-embarazo-y-la-lactancia\"><strong>Centrarse en el Trastorno por D\u00e9ficit de Atenci\u00f3n con o sin Hiperactividad Durante el Embarazo y la Lactancia<\/strong><\/h2>\n\n\n\n<p class=\"has-primary-purple-color has-text-color\"><em>Descargo de responsabilidad:&nbsp;Esta p\u00e1gina contiene informaci\u00f3n y recursos importantes relacionados con el trastorno por d\u00e9ficit de atenci\u00f3n con o sin hiperactividad (ADD\/TDAH) durante el embarazo y la lactancia, e incluye enlaces a nuestras Hojas Informativas basadas en evidencia. Sin embargo, los recursos que aqu\u00ed se ofrecen no deben sustituir la atenci\u00f3n y el asesoramiento de un profesional m\u00e9dico.<\/em><\/p>\n\n\n\n<p>El trastorno por d\u00e9ficit de atenci\u00f3n con o sin hiperactividad es una afecci\u00f3n mental en la que las personas pueden tener problemas para prestar atenci\u00f3n y concentrarse o controlar los comportamientos impulsivos (actuar sin pensar en cu\u00e1l ser\u00e1 el resultado), o pueden ser hiperactivas (demasiado activas e inquietas). Aunque el trastorno por d\u00e9ficit de atenci\u00f3n con o sin hiperactividad se diagnostica con m\u00e1s frecuencia en la ni\u00f1ez, no es solo un trastorno infantil y puede continuar hasta la edad adulta. Las personas con trastorno por d\u00e9ficit de atenci\u00f3n con o sin hiperactividad tambi\u00e9n pueden tener otras afecciones mentales, como depresi\u00f3n o ansiedad.<\/p>\n\n\n\n<blockquote class=\"wp-block-quote is-layout-flow wp-block-quote-is-layout-flow\">\n<p>\u201c<strong><em>El tratamiento eficaz para el trastorno por d\u00e9ficit de atenci\u00f3n con hiperactividad en mujeres adultas puede implicar un enfoque multimodal que incluya medicaci\u00f3n, psicoterapia, control del estr\u00e9s, as\u00ed como orientaci\u00f3n o una organizaci\u00f3n profesional sobre el trastorno por d\u00e9ficit de atenci\u00f3n con hiperactividad<\/em><\/strong>\u201d.<\/p>\n<cite>&#8212; <a href=\"https:\/\/chadd.org\/for-adults\/women-and-girls\/\" target=\"_blank\" rel=\"noreferrer noopener\">Children and Adults with Attention-Deficit\/Hyperactivity Disorder (CHADD)<\/a><\/cite><\/blockquote>\n\n\n\n<p>Para muchos de los medicamentos que se usan para tratar el trastorno por d\u00e9ficit de atenci\u00f3n con o sin hiperactividad, la informaci\u00f3n acerca de su uso en el embarazo y la lactancia es limitada. Algunas personas con s\u00edntomas leves a moderados de trastorno por d\u00e9ficit de atenci\u00f3n con o sin hiperactividad pueden dejar de tomar los medicamentos cuando est\u00e1n embarazadas o amamantando, pero otras personas pueden necesitar continuar el tratamiento con un estimulante para funcionar todos los d\u00edas. Es importante hablar con su proveedor de atenci\u00f3n de salud sobre las opciones para controlar el trastorno por d\u00e9ficit de atenci\u00f3n con o sin hiperactividad cuando planifique quedar embarazada o durante el embarazo y la lactancia.&nbsp;<\/p>\n\n\n\n<div style=\"height:20px\" aria-hidden=\"true\" class=\"wp-block-spacer\"><\/div>\n\n\n\n<div style=\"height:23px\" aria-hidden=\"true\" class=\"wp-block-spacer\"><\/div>\n\n\n\n<figure class=\"wp-block-image size-full\"><img loading=\"lazy\" decoding=\"async\" width=\"1280\" height=\"576\" src=\"https:\/\/mothertobaby.org\/wp-content\/uploads\/2021\/11\/add-adhd.png\" alt=\"\" class=\"wp-image-5364\" srcset=\"https:\/\/mothertobaby.org\/wp-content\/uploads\/2021\/11\/add-adhd.png 1280w, https:\/\/mothertobaby.org\/wp-content\/uploads\/2021\/11\/add-adhd-720x324.png 720w, https:\/\/mothertobaby.org\/wp-content\/uploads\/2021\/11\/add-adhd-300x135.png 300w, https:\/\/mothertobaby.org\/wp-content\/uploads\/2021\/11\/add-adhd-1024x461.png 1024w, https:\/\/mothertobaby.org\/wp-content\/uploads\/2021\/11\/add-adhd-768x346.png 768w\" sizes=\"auto, (max-width: 1280px) 100vw, 1280px\" \/><\/figure>\n\n\n<p class=\"has-text-align-right\"><em>Reference: <a href=\"https:\/\/pubmed.ncbi.nlm.nih.gov\/16420712\">Faraone et al. Psychol Med.&nbsp;2006 Feb;36(2):159-65.<\/a><\/em><\/p>\n\n\n<div style=\"height:20px\" aria-hidden=\"true\" class=\"wp-block-spacer\"><\/div>\n\n\n\n<div style=\"height:23px\" aria-hidden=\"true\" class=\"wp-block-spacer\"><\/div>\n\n\n\n<div class=\"wp-block-genesis-blocks-gb-container gb-block-container\"><div class=\"gb-container-inside\"><div class=\"gb-container-content\">\n<p>Consulte nuestra biblioteca de recursos a continuaci\u00f3n sobre la exposici\u00f3n al trastorno por d\u00e9ficit de atenci\u00f3n con o sin hiperactividad durante el embarazo y la lactancia.<\/p>\n<\/div><\/div><\/div>\n\n\n<div class=\"mtb-rel-cont-list mtb-rel-cont-block\" style=\"background-color: #F0ebf8;\"><h3>Hojas Informativas Relacionadas<\/h3><ul><li><a href='https:\/\/mothertobaby.org\/es\/hojas-informativas\/atomoxetine-strattera\/'>Atomoxetine (Strattera\u00ae)<\/a><\/li><li><a href='https:\/\/mothertobaby.org\/es\/hojas-informativas\/clonidine\/'>Clonidina<\/a><\/li><li><a href='https:\/\/mothertobaby.org\/es\/hojas-informativas\/desipramine-norpramin-pertofrane\/'>Desipramina (Norpramin\u00ae, Pertofrane\u00ae)<\/a><\/li><li><a href='https:\/\/mothertobaby.org\/es\/hojas-informativas\/dextroamphetamine-amphetamine-adderall-2\/'>Dextroamphetamina-Amphetamina (Adderall\u00ae)<\/a><\/li><li><a href='https:\/\/mothertobaby.org\/es\/hojas-informativas\/dextroanfetamina\/'>Dextroanfetamina<\/a><\/li><li><a href='https:\/\/mothertobaby.org\/es\/hojas-informativas\/guanfacine-intuniv-tenex\/'>Guanfacina (Intuniv\u00ae, Tenex\u00ae)<\/a><\/li><li><a href='https:\/\/mothertobaby.org\/es\/hojas-informativas\/methylphenidate\/'>Metilfenidato<\/a><\/li><li><a href='https:\/\/mothertobaby.org\/es\/hojas-informativas\/nortriptyline\/'>Nortriptilina (Aventyl\u00ae)<\/a><\/li><li><a href='https:\/\/mothertobaby.org\/es\/hojas-informativas\/venlafaxina-effexor\/'>Venlafaxina (Effexor\u00ae)<\/a><\/li><\/ul><\/div>\n\n\n<div class=\"mtb-rel-cont-list mtb-rel-cont-block\" style=\"background-color: #f9f9ff;\"><h3>Baby Blogs Relacionadas<\/h3><ul><li><a href='https:\/\/mothertobaby.org\/es\/baby-blog\/tdatdah-centrandose-en-lo-que-es-mejor-para-mama-y-bebe-durante-el-embarazo\/'>TDA\/TDAH: Centr\u00e1ndose en lo que es mejor para mam\u00e1 y beb\u00e9 durante el embarazo<\/a><\/li><\/ul><\/div>\n\n\n\n\n\n\n<h3 class=\"wp-block-heading\" id=\"h-recursos-externos\">Recursos Externos<\/h3>\n\n\n\n<ul class=\"wp-block-list\">\n<li>Centro de Control de Enfermedades:\u00a0<a href=\"https:\/\/www.cdc.gov\/ncbddd\/spanish\/adhd\/index.html\">Trastorno por D\u00e9ficit de Atenci\u00f3n e Hiperactividad (TDAH)<\/a><\/li>\n\n\n\n<li>Ni\u00f1os y Adultos con Trastorno por D\u00e9ficit de Atenci\u00f3n con Hiperactividad (CHADD):&nbsp;<a href=\"https:\/\/chadd.org\/for-adults\/adhd-medication-and-pregnancy\/\">Medicamentos para el TDAH y el embarazo<\/a><\/li>\n\n\n\n<li>Instituto Nacional de Salud Mental:\u00a0<a href=\"https:\/\/www.nimh.nih.gov\/health\/publications\/espanol\/trastorno-de-deficit-de-atencion-con-hiperactividad-en-adultos-lo-que-usted-necesita-saber\" target=\"_blank\" rel=\"noreferrer noopener\">Trastorno de d\u00e9ficit de atenci\u00f3n con hiperactividad en adultos: Lo que usted necesita saber<\/a><\/li>\n<\/ul>\n\n\n\n<h3 class=\"wp-block-heading\" id=\"h-socios\">Socios<\/h3>\n\n\n\n<ul class=\"wp-block-list\">\n<li><a rel=\"noreferrer noopener\" href=\"https:\/\/www.patienteducationgenius.com\/\" target=\"_blank\">Patient Education Genius<\/a><\/li>\n\n\n\n<li><a rel=\"noreferrer noopener\" href=\"https:\/\/www.patientslikeme.com\/\" target=\"_blank\">PatientsLikeMe<\/a><\/li>\n\n\n\n<li><a rel=\"noreferrer noopener\" href=\"https:\/\/www.smfm.org\/\" target=\"_blank\">Society for Maternal-Fetal Medicine<\/a><\/li>\n\n\n\n<li><a rel=\"noreferrer noopener\" href=\"https:\/\/birthdefectsresearch.org\/\" target=\"_blank\">Society for Birth Defects Research &amp; Prevention<\/a><\/li>\n\n\n\n<li><a rel=\"noreferrer noopener\" href=\"https:\/\/themighty.com\/\" target=\"_blank\">The Mighty<\/a><\/li>\n<\/ul>\n\n\n\n<div style=\"height:100px\" aria-hidden=\"true\" class=\"wp-block-spacer\"><\/div>\n\n\n\n<div style=\"background-color:#f9f9ff;padding-left:8%;padding-right:8%\" class=\"wp-block-genesis-blocks-gb-container alignfull mtb-hp-block mtb-3-col-cta-row gb-block-container\"><div class=\"gb-container-inside\"><div class=\"gb-container-content\" style=\"max-width:1120px\">\n<div class=\"wp-block-genesis-blocks-gb-columns light-text mtb-3-col-cta no-link-underline gb-layout-columns-3 gb-3-col-equal\"><div class=\"gb-layout-column-wrap gb-block-layout-column-gap-3 gb-is-responsive-column\">\n<div class=\"wp-block-genesis-blocks-gb-column mtb-cta-radius gb-block-layout-column\"><div class=\"gb-block-layout-column-inner gb-has-custom-background-color\" style=\"background-color:#522e83\">\n<h3 class=\"wp-block-heading has-text-align-left\" id=\"h-mant-ngase-en-contacto\">Mant\u00e9ngase en contacto<\/h3>\n\n\n\n<p class=\"has-text-align-left\">Nuestro bolet\u00edn electr\u00f3nico le brinda la informaci\u00f3n, las noticias, y los recursos m\u00e1s recientes de los expertos de MotherToBaby.<\/p>\n\n\n\n<div class=\"wp-block-buttons is-layout-flex wp-block-buttons-is-layout-flex\">\n<div class=\"wp-block-button has-custom-font-size mtb-std-block-btn gb-block-button\" style=\"font-size:20px;line-height:1.2\"><a class=\"wp-block-button__link has-text-color has-background wp-element-button\" href=\"https:\/\/mothertobaby.org\/es\/inscribirse-para-boletin-electronico\/\" style=\"border-radius:5px;color:#ffffff;background-color:#3373dc;padding-top:10px;padding-right:1em;padding-bottom:10px;padding-left:1em\">Inscribirse<\/a><\/div>\n<\/div>\n<\/div><\/div>\n\n\n\n<div class=\"wp-block-genesis-blocks-gb-column mtb-cta-radius gb-block-layout-column\"><div class=\"gb-block-layout-column-inner gb-has-custom-background-color\" style=\"background-color:#522e83\">\n<h3 class=\"wp-block-heading has-text-align-left\" id=\"h-unirse-a-un-estudio\">Unirse a un Estudio<\/h3>\n\n\n\n<p class=\"has-text-align-left\">Los futuros padres merecen mejor informaci\u00f3n sobre la seguridad de los medicamentos, y usted puede ayudar participando en un estudio.<\/p>\n\n\n\n<div class=\"wp-block-buttons is-layout-flex wp-block-buttons-is-layout-flex\">\n<div class=\"wp-block-button has-custom-font-size mtb-std-block-btn gb-block-button\" style=\"font-size:20px;line-height:1.2\"><a class=\"wp-block-button__link has-text-color has-background wp-element-button\" href=\"https:\/\/mothertobaby.org\/es\/exposiciones-durante-el-embarazo-y-la-lactancia\/\" style=\"border-radius:5px;color:#ffffff;background-color:#3373dc;padding-top:10px;padding-right:1em;padding-bottom:10px;padding-left:1em\">Unirse<\/a><\/div>\n<\/div>\n<\/div><\/div>\n\n\n\n<div class=\"wp-block-genesis-blocks-gb-column mtb-cta-radius gb-block-layout-column\"><div class=\"gb-block-layout-column-inner has-orange-cta-background-color has-neutral-plus-2-color\">\n<h3 class=\"wp-block-heading has-text-align-left\" id=\"h-pregunte-a-nuestros-expertos\">Pregunte a Nuestros Expertos<\/h3>\n\n\n\n<p class=\"has-text-align-left\">Llame, env\u00ede mensajes de texto, chatee, o env\u00ede un correo electr\u00f3nico para obtener una evaluaci\u00f3n de riesgos personalizada y gratuita sobre las exposiciones en el embarazo y la lactancia.<\/p>\n\n\n\n<div class=\"wp-block-buttons is-layout-flex wp-block-buttons-is-layout-flex\">\n<div class=\"wp-block-button has-custom-font-size mtb-std-block-btn gb-block-button\" style=\"font-size:20px;line-height:1.2\"><a class=\"wp-block-button__link has-text-color has-background wp-element-button\" href=\"https:\/\/mothertobaby.org\/es\/contactar\/\" style=\"border-radius:5px;color:#ffffff;background-color:#3373dc;padding-top:10px;padding-right:1em;padding-bottom:10px;padding-left:1em\">Contactar<\/a><\/div>\n<\/div>\n<\/div><\/div>\n<\/div><\/div>\n<\/div><\/div><\/div>\n","protected":false},"excerpt":{"rendered":"<p>Centrarse en el Trastorno por D\u00e9ficit de Atenci\u00f3n con o sin Hiperactividad Durante el Embarazo y la Lactancia Descargo de responsabilidad:&nbsp;Esta p\u00e1gina contiene informaci\u00f3n y recursos importantes relacionados con el trastorno por d\u00e9ficit de atenci\u00f3n con o sin hiperactividad (ADD\/TDAH) durante el embarazo y la lactancia, e incluye enlaces a nuestras Hojas Informativas basadas en [&hellip;]<\/p>\n","protected":false},"author":214,"featured_media":3929,"parent":6524,"menu_order":0,"comment_status":"closed","ping_status":"closed","template":"page-templates\/inner-page.php","meta":{"_searchwp_excluded":"","_genesis_hide_title":false,"_genesis_hide_breadcrumbs":false,"_genesis_hide_singular_image":false,"_genesis_hide_footer_widgets":false,"_genesis_custom_body_class":"","_genesis_custom_post_class":"","_genesis_layout":"full-width-content","footnotes":""},"medical-specialty":[],"related-content":[593],"class_list":{"0":"post-6959","1":"page","2":"type-page","3":"status-publish","4":"has-post-thumbnail","6":"related-content-tda-tdah","7":"entry"},"yoast_head":"<!-- This site is optimized with the Yoast SEO Premium plugin v20.13 (Yoast SEO v20.13) - https:\/\/yoast.com\/wordpress\/plugins\/seo\/ -->\n<title>ADD\/TDAH - MotherToBaby<\/title>\n<meta name=\"robots\" content=\"index, follow, max-snippet:-1, max-image-preview:large, max-video-preview:-1\" \/>\n<link rel=\"canonical\" href=\"https:\/\/mothertobaby.org\/es\/exposiciones-durante-el-embarazo-y-la-lactancia\/add-tdah\/\" \/>\n<meta property=\"og:locale\" content=\"es_ES\" \/>\n<meta property=\"og:type\" content=\"article\" \/>\n<meta property=\"og:title\" content=\"ADD\/TDAH\" \/>\n<meta property=\"og:description\" content=\"Centrarse en el Trastorno por D\u00e9ficit de Atenci\u00f3n con o sin Hiperactividad Durante el Embarazo y la Lactancia Descargo de responsabilidad:&nbsp;Esta p\u00e1gina contiene informaci\u00f3n y recursos importantes relacionados con el trastorno por d\u00e9ficit de atenci\u00f3n con o sin hiperactividad (ADD\/TDAH) durante el embarazo y la lactancia, e incluye enlaces a nuestras Hojas Informativas basadas en [&hellip;]\" \/>\n<meta property=\"og:url\" content=\"https:\/\/mothertobaby.org\/es\/exposiciones-durante-el-embarazo-y-la-lactancia\/add-tdah\/\" \/>\n<meta property=\"og:site_name\" content=\"MotherToBaby\" \/>\n<meta property=\"article:modified_time\" content=\"2023-10-02T17:43:40+00:00\" \/>\n<meta property=\"og:image\" content=\"https:\/\/mothertobaby.org\/wp-content\/uploads\/2021\/01\/MotherToBaby-Exposure-Page-Colds-Flu-1-1024x576.png\" \/>\n\t<meta property=\"og:image:width\" content=\"1024\" \/>\n\t<meta property=\"og:image:height\" content=\"576\" \/>\n\t<meta property=\"og:image:type\" content=\"image\/png\" \/>\n<meta name=\"twitter:card\" content=\"summary_large_image\" \/>\n<meta name=\"twitter:label1\" content=\"Tiempo de lectura\" \/>\n\t<meta name=\"twitter:data1\" content=\"2 minutos\" \/>\n<script type=\"application\/ld+json\" class=\"yoast-schema-graph\">{\"@context\":\"https:\/\/schema.org\",\"@graph\":[{\"@type\":\"WebPage\",\"@id\":\"https:\/\/mothertobaby.org\/es\/exposiciones-durante-el-embarazo-y-la-lactancia\/add-tdah\/\",\"url\":\"https:\/\/mothertobaby.org\/es\/exposiciones-durante-el-embarazo-y-la-lactancia\/add-tdah\/\",\"name\":\"ADD\/TDAH - MotherToBaby\",\"isPartOf\":{\"@id\":\"https:\/\/mothertobaby.org\/es\/#website\"},\"datePublished\":\"2022-11-15T00:46:25+00:00\",\"dateModified\":\"2023-10-02T17:43:40+00:00\",\"breadcrumb\":{\"@id\":\"https:\/\/mothertobaby.org\/es\/exposiciones-durante-el-embarazo-y-la-lactancia\/add-tdah\/#breadcrumb\"},\"inLanguage\":\"es\",\"potentialAction\":[{\"@type\":\"ReadAction\",\"target\":[\"https:\/\/mothertobaby.org\/es\/exposiciones-durante-el-embarazo-y-la-lactancia\/add-tdah\/\"]}]},{\"@type\":\"BreadcrumbList\",\"@id\":\"https:\/\/mothertobaby.org\/es\/exposiciones-durante-el-embarazo-y-la-lactancia\/add-tdah\/#breadcrumb\",\"itemListElement\":[{\"@type\":\"ListItem\",\"position\":1,\"name\":\"Home\",\"item\":\"https:\/\/mothertobaby.org\/es\/\"},{\"@type\":\"ListItem\",\"position\":2,\"name\":\"Exposiciones Durante el Embarazo y la Lactancia\",\"item\":\"https:\/\/mothertobaby.org\/es\/exposiciones-durante-el-embarazo-y-la-lactancia\/\"},{\"@type\":\"ListItem\",\"position\":3,\"name\":\"ADD\/TDAH\"}]},{\"@type\":\"WebSite\",\"@id\":\"https:\/\/mothertobaby.org\/es\/#website\",\"url\":\"https:\/\/mothertobaby.org\/es\/\",\"name\":\"MotherToBaby\",\"description\":\"Medications and More during pregnancy and breastfeeding\",\"publisher\":{\"@id\":\"https:\/\/mothertobaby.org\/es\/#organization\"},\"potentialAction\":[{\"@type\":\"SearchAction\",\"target\":{\"@type\":\"EntryPoint\",\"urlTemplate\":\"https:\/\/mothertobaby.org\/es\/?s={search_term_string}\"},\"query-input\":\"required name=search_term_string\"}],\"inLanguage\":\"es\"},{\"@type\":\"Organization\",\"@id\":\"https:\/\/mothertobaby.org\/es\/#organization\",\"name\":\"MotherToBaby\",\"url\":\"https:\/\/mothertobaby.org\/es\/\",\"logo\":{\"@type\":\"ImageObject\",\"inLanguage\":\"es\",\"@id\":\"https:\/\/mothertobaby.org\/es\/#\/schema\/logo\/image\/\",\"url\":\"https:\/\/mothertobaby.org\/wp-content\/uploads\/2023\/06\/MTB-horz-copyright-sm-1.png\",\"contentUrl\":\"https:\/\/mothertobaby.org\/wp-content\/uploads\/2023\/06\/MTB-horz-copyright-sm-1.png\",\"width\":284,\"height\":52,\"caption\":\"MotherToBaby\"},\"image\":{\"@id\":\"https:\/\/mothertobaby.org\/es\/#\/schema\/logo\/image\/\"}}]}<\/script>\n<!-- \/ Yoast SEO Premium plugin. -->","yoast_head_json":{"title":"ADD\/TDAH - MotherToBaby","robots":{"index":"index","follow":"follow","max-snippet":"max-snippet:-1","max-image-preview":"max-image-preview:large","max-video-preview":"max-video-preview:-1"},"canonical":"https:\/\/mothertobaby.org\/es\/exposiciones-durante-el-embarazo-y-la-lactancia\/add-tdah\/","og_locale":"es_ES","og_type":"article","og_title":"ADD\/TDAH","og_description":"Centrarse en el Trastorno por D\u00e9ficit de Atenci\u00f3n con o sin Hiperactividad Durante el Embarazo y la Lactancia Descargo de responsabilidad:&nbsp;Esta p\u00e1gina contiene informaci\u00f3n y recursos importantes relacionados con el trastorno por d\u00e9ficit de atenci\u00f3n con o sin hiperactividad (ADD\/TDAH) durante el embarazo y la lactancia, e incluye enlaces a nuestras Hojas Informativas basadas en [&hellip;]","og_url":"https:\/\/mothertobaby.org\/es\/exposiciones-durante-el-embarazo-y-la-lactancia\/add-tdah\/","og_site_name":"MotherToBaby","article_modified_time":"2023-10-02T17:43:40+00:00","og_image":[{"width":1024,"height":576,"url":"https:\/\/mothertobaby.org\/wp-content\/uploads\/2021\/01\/MotherToBaby-Exposure-Page-Colds-Flu-1-1024x576.png","type":"image\/png"}],"twitter_card":"summary_large_image","twitter_misc":{"Tiempo de lectura":"2 minutos"},"schema":{"@context":"https:\/\/schema.org","@graph":[{"@type":"WebPage","@id":"https:\/\/mothertobaby.org\/es\/exposiciones-durante-el-embarazo-y-la-lactancia\/add-tdah\/","url":"https:\/\/mothertobaby.org\/es\/exposiciones-durante-el-embarazo-y-la-lactancia\/add-tdah\/","name":"ADD\/TDAH - MotherToBaby","isPartOf":{"@id":"https:\/\/mothertobaby.org\/es\/#website"},"datePublished":"2022-11-15T00:46:25+00:00","dateModified":"2023-10-02T17:43:40+00:00","breadcrumb":{"@id":"https:\/\/mothertobaby.org\/es\/exposiciones-durante-el-embarazo-y-la-lactancia\/add-tdah\/#breadcrumb"},"inLanguage":"es","potentialAction":[{"@type":"ReadAction","target":["https:\/\/mothertobaby.org\/es\/exposiciones-durante-el-embarazo-y-la-lactancia\/add-tdah\/"]}]},{"@type":"BreadcrumbList","@id":"https:\/\/mothertobaby.org\/es\/exposiciones-durante-el-embarazo-y-la-lactancia\/add-tdah\/#breadcrumb","itemListElement":[{"@type":"ListItem","position":1,"name":"Home","item":"https:\/\/mothertobaby.org\/es\/"},{"@type":"ListItem","position":2,"name":"Exposiciones Durante el Embarazo y la Lactancia","item":"https:\/\/mothertobaby.org\/es\/exposiciones-durante-el-embarazo-y-la-lactancia\/"},{"@type":"ListItem","position":3,"name":"ADD\/TDAH"}]},{"@type":"WebSite","@id":"https:\/\/mothertobaby.org\/es\/#website","url":"https:\/\/mothertobaby.org\/es\/","name":"MotherToBaby","description":"Medications and More during pregnancy and breastfeeding","publisher":{"@id":"https:\/\/mothertobaby.org\/es\/#organization"},"potentialAction":[{"@type":"SearchAction","target":{"@type":"EntryPoint","urlTemplate":"https:\/\/mothertobaby.org\/es\/?s={search_term_string}"},"query-input":"required name=search_term_string"}],"inLanguage":"es"},{"@type":"Organization","@id":"https:\/\/mothertobaby.org\/es\/#organization","name":"MotherToBaby","url":"https:\/\/mothertobaby.org\/es\/","logo":{"@type":"ImageObject","inLanguage":"es","@id":"https:\/\/mothertobaby.org\/es\/#\/schema\/logo\/image\/","url":"https:\/\/mothertobaby.org\/wp-content\/uploads\/2023\/06\/MTB-horz-copyright-sm-1.png","contentUrl":"https:\/\/mothertobaby.org\/wp-content\/uploads\/2023\/06\/MTB-horz-copyright-sm-1.png","width":284,"height":52,"caption":"MotherToBaby"},"image":{"@id":"https:\/\/mothertobaby.org\/es\/#\/schema\/logo\/image\/"}}]}},"featured_image_src":"https:\/\/mothertobaby.org\/wp-content\/uploads\/2021\/01\/MotherToBaby-Exposure-Page-Colds-Flu-1.png","featured_image_src_square":"https:\/\/mothertobaby.org\/wp-content\/uploads\/2021\/01\/MotherToBaby-Exposure-Page-Colds-Flu-1.png","_links":{"self":[{"href":"https:\/\/mothertobaby.org\/es\/wp-json\/wp\/v2\/pages\/6959","targetHints":{"allow":["GET"]}}],"collection":[{"href":"https:\/\/mothertobaby.org\/es\/wp-json\/wp\/v2\/pages"}],"about":[{"href":"https:\/\/mothertobaby.org\/es\/wp-json\/wp\/v2\/types\/page"}],"author":[{"embeddable":true,"href":"https:\/\/mothertobaby.org\/es\/wp-json\/wp\/v2\/users\/214"}],"replies":[{"embeddable":true,"href":"https:\/\/mothertobaby.org\/es\/wp-json\/wp\/v2\/comments?post=6959"}],"version-history":[{"count":0,"href":"https:\/\/mothertobaby.org\/es\/wp-json\/wp\/v2\/pages\/6959\/revisions"}],"up":[{"embeddable":true,"href":"https:\/\/mothertobaby.org\/es\/wp-json\/wp\/v2\/pages\/6524"}],"wp:featuredmedia":[{"embeddable":true,"href":"https:\/\/mothertobaby.org\/es\/wp-json\/wp\/v2\/media\/3929"}],"wp:attachment":[{"href":"https:\/\/mothertobaby.org\/es\/wp-json\/wp\/v2\/media?parent=6959"}],"wp:term":[{"taxonomy":"medical-specialty","embeddable":true,"href":"https:\/\/mothertobaby.org\/es\/wp-json\/wp\/v2\/medical-specialty?post=6959"},{"taxonomy":"related-content","embeddable":true,"href":"https:\/\/mothertobaby.org\/es\/wp-json\/wp\/v2\/related-content?post=6959"}],"curies":[{"name":"wp","href":"https:\/\/api.w.org\/{rel}","templated":true}]}}