{"id":6968,"date":"2022-11-16T15:26:20","date_gmt":"2022-11-16T23:26:20","guid":{"rendered":"https:\/\/mothertobaby.org\/?page_id=6968"},"modified":"2023-10-02T11:13:59","modified_gmt":"2023-10-02T18:13:59","slug":"alergias","status":"publish","type":"page","link":"https:\/\/mothertobaby.org\/es\/exposiciones-durante-el-embarazo-y-la-lactancia\/alergias\/","title":{"rendered":"Alergias"},"content":{"rendered":"\n<h2 class=\"wp-block-heading has-neutral-color has-text-color\" id=\"h-cuando-las-molestas-alergias-del-polen-o-la-caspa-de-las-mascotas-causan-problemas\"><strong><strong><strong><strong><strong>Cuando las Molestas Alergias del Polen o la Caspa de las Mascotas Causan Problemas<\/strong><\/strong><\/strong><\/strong><\/strong><\/h2>\n\n\n\n<p class=\"has-primary-purple-color has-text-color\"><em><em><em><em><em>Descargo de responsabilidad:&nbsp;Esta p\u00e1gina contiene informaci\u00f3n y recursos importantes relacionados con las alergias durante el embarazo y la lactancia, incluyendo enlaces a nuestras hojas informativas basadas en evidencia. Sin embargo, los recursos que aqu\u00ed se ofrecen no deben sustituir la atenci\u00f3n y el asesoramiento de un profesional m\u00e9dico.<\/em><\/em><\/em><\/em><\/em><\/p>\n\n\n\n<p>La primavera, el verano y el oto\u00f1o son estaciones hermosas que se disfrutan en gran parte del mundo, pero tambi\u00e9n pueden ser desagradables para las personas al\u00e9rgicas. Desafortunadamente, el polen, las esporas del moho e incluso la caspa de nuestros beb\u00e9s peludos pueden provocar s\u00edntomas molestos como estornudos, secreci\u00f3n nasal y ojos rojos y con picaz\u00f3n. Por suerte, existe una gran cantidad de opciones de medicamentos con y sin receta para tratar los s\u00edntomas de la alergia. Pero, \u00bfqu\u00e9 debe hacer si est\u00e1 embarazada o en periodo de lactancia?<\/p>\n\n\n\n<blockquote class=\"wp-block-quote is-layout-flow wp-block-quote-is-layout-flow\">\n<p>\u201c<em>Un alerg\u00f3logo\/inmun\u00f3logo puede indicarle qu\u00e9 medicamentos para el asma y la alergia son los m\u00e1s seguros y eficaces para tomar durante el embarazo. Programe una cita con un alerg\u00f3logo poco despu\u00e9s de descubrir que est\u00e1 embarazada para elaborar o revisar su plan de tratamiento personal y para brindarle tranquilidad<\/em>\u201d.<\/p>\n<cite>&#8212; <a href=\"https:\/\/www.aaaai.org\/Tools-for-the-Public\/Conditions-Library\/Asthma\/Asthma,-Allergies-and-Pregnancy-TTR\" target=\"_blank\" rel=\"noreferrer noopener\">American Academy of Allergy, Asthma, and Immunology.<\/a><\/cite><\/blockquote>\n\n\n\n<p>Existen opciones que no requieren medicaci\u00f3n y que pueden aliviar el sufrimiento de la alergia, como evitar estar al aire libre durante ciertas horas del d\u00eda, usar una mascarilla para evitar la inhalaci\u00f3n de al\u00e9rgenos, utilizar filtros de aire de alta calidad en su casa, enjuagar los senos nasales con un aerosol nasal salino o ba\u00f1ar a Bobby semanalmente para reducir la caspa que causa alergias. Pero cuando sus s\u00edntomas no responden a estos esfuerzos, hable con su proveedor de atenci\u00f3n de salud sobre las mejores opciones de tratamiento y consulte nuestros recursos si busca informaci\u00f3n sobre un ingrediente activo espec\u00edfico.<\/p>\n\n\n\n<p>Por \u00faltimo, las personas con asma deben tener especial cuidado, ya que los mismos al\u00e9rgenos que provocan s\u00edntomas de alergia pueden causar tambi\u00e9n s\u00edntomas de asma, y el asma no controlada se ha relacionado con peores resultados en el embarazo, como parto prematuro (parto antes de las 37 semanas), p\u00e9rdida del embarazo y bajo peso al nacer. Consulte nuestra p\u00e1gina sobre el <a href=\"https:\/\/mothertobaby.org\/pregnancy-breastfeeding-exposures\/asthma\/\">Asma<\/a> para obtener m\u00e1s informaci\u00f3n y recursos.<\/p>\n\n\n\n<div style=\"height:20px\" aria-hidden=\"true\" class=\"wp-block-spacer\"><\/div>\n\n\n\n<div style=\"height:23px\" aria-hidden=\"true\" class=\"wp-block-spacer\"><\/div>\n\n\n\n<figure class=\"wp-block-image size-full\"><img loading=\"lazy\" decoding=\"async\" width=\"4000\" height=\"1800\" src=\"https:\/\/mothertobaby.org\/wp-content\/uploads\/2021\/11\/allergies.png\" alt=\"\" class=\"wp-image-5370\" srcset=\"https:\/\/mothertobaby.org\/wp-content\/uploads\/2021\/11\/allergies.png 4000w, https:\/\/mothertobaby.org\/wp-content\/uploads\/2021\/11\/allergies-720x324.png 720w, https:\/\/mothertobaby.org\/wp-content\/uploads\/2021\/11\/allergies-300x135.png 300w, https:\/\/mothertobaby.org\/wp-content\/uploads\/2021\/11\/allergies-1024x461.png 1024w, https:\/\/mothertobaby.org\/wp-content\/uploads\/2021\/11\/allergies-768x346.png 768w, https:\/\/mothertobaby.org\/wp-content\/uploads\/2021\/11\/allergies-1536x691.png 1536w, https:\/\/mothertobaby.org\/wp-content\/uploads\/2021\/11\/allergies-2048x922.png 2048w\" sizes=\"auto, (max-width: 4000px) 100vw, 4000px\" \/><\/figure>\n\n\n\n<p class=\"has-text-align-right\"><em>Reference: <a href=\"https:\/\/pubmed.ncbi.nlm.nih.gov\/16048356\/\" target=\"_blank\" rel=\"noreferrer noopener\">Gilbert et al. Drug Saf.&nbsp;2005;28(8):707-19.<\/a><\/em><\/p>\n\n\n\n<div style=\"height:20px\" aria-hidden=\"true\" class=\"wp-block-spacer\"><\/div>\n\n\n\n<div style=\"height:23px\" aria-hidden=\"true\" class=\"wp-block-spacer\"><\/div>\n\n\n\n<div class=\"wp-block-genesis-blocks-gb-container gb-block-container\"><div class=\"gb-container-inside\"><div class=\"gb-container-content\">\n<p>Consulte nuestra biblioteca de recursos a continuaci\u00f3n sobre las alergias durante el embarazo y la lactancia.<\/p>\n<\/div><\/div><\/div>\n\n\n<div class=\"mtb-rel-cont-list mtb-rel-cont-block\" style=\"background-color: #F0ebf8;\"><h3>Hojas Informativas Relacionadas<\/h3><ul><li><a href='https:\/\/mothertobaby.org\/es\/hojas-informativas\/asma-embarazo\/'>Asma<\/a><\/li><li><a href='https:\/\/mothertobaby.org\/es\/hojas-informativas\/azelastine\/'>Azelastina (Astelin\u00ae, Optivar\u00ae)<\/a><\/li><li><a href='https:\/\/mothertobaby.org\/es\/hojas-informativas\/clorfeniramina-el-embarazo\/'>Clorfeniramina<\/a><\/li><li><a href='https:\/\/mothertobaby.org\/es\/hojas-informativas\/dermatitis-atopica\/'>Dermatitis At\u00f3pica<\/a><\/li><li><a href='https:\/\/mothertobaby.org\/es\/hojas-informativas\/la-difenhidramina\/'>Difenhidramina<\/a><\/li><li><a href='https:\/\/mothertobaby.org\/es\/hojas-informativas\/pheniramine\/'>Feniramina<\/a><\/li><li><a href='https:\/\/mothertobaby.org\/es\/hojas-informativas\/fexofenadina-el-embarazo\/'>Fexofenadina (Allegra\u00ae)<\/a><\/li><li><a href='https:\/\/mothertobaby.org\/es\/hojas-informativas\/la-lactancia-despues-de-desastre-natural\/'>Lactancia despu\u00e9s de un desastre natural<\/a><\/li><li><a href='https:\/\/mothertobaby.org\/es\/hojas-informativas\/la-loratadina\/'>Loratadina (Claritin\u00ae)<\/a><\/li><li><a href='https:\/\/mothertobaby.org\/es\/hojas-informativas\/montelukast\/'>Montelukast (Singulair\u00ae)<\/a><\/li><li><a href='https:\/\/mothertobaby.org\/es\/hojas-informativas\/oxymetazoline\/'>Oximetazolina<\/a><\/li><li><a href='https:\/\/mothertobaby.org\/es\/hojas-informativas\/prometazina\/'>Prometazina (Phenergan\u00ae)<\/a><\/li><li><a href='https:\/\/mothertobaby.org\/es\/hojas-informativas\/pseudoefedrina-fenilefrina\/'>Pseudoefedrina<\/a><\/li><li><a href='https:\/\/mothertobaby.org\/es\/hojas-informativas\/cetirizina\/'>\u200b\u200bCetirizina (Zyrtec\u00ae)\u200b<\/a><\/li><li><a href='https:\/\/mothertobaby.org\/es\/hojas-informativas\/hydroxyzine-vistaril-atarax\/'>\u200b\u200bHidroxicina (Vistaril\u00ae, Atarax\u00ae)\u200b<\/a><\/li><li><a href='https:\/\/mothertobaby.org\/es\/hojas-informativas\/veterinario-tecnico-veterinario\/'>\u200b\u200bTrabajar como veterinario o t\u00e9cnico veterinario\u200b<\/a><\/li><\/ul><\/div>\n\n\n<div class=\"mtb-rel-cont-list mtb-rel-cont-block\" style=\"background-color: #f9f9ff;\"><h3>Baby Blogs Relacionadas<\/h3><ul><li><a href='https:\/\/mothertobaby.org\/es\/baby-blog\/achis-como-reprimir-las-alergias-estacionales-durante-el-embarazo\/'>\u00a1Ach\u00eds! C\u00f3mo reprimir las alergias estacionales durante el embarazo<\/a><\/li><li><a href='https:\/\/mothertobaby.org\/es\/baby-blog\/la-lactancia-materna-tratamiento-de-la-tos-y-los-sintomas-del-resfrio\/'>La lactancia materna: tratamiento de la tos y los s\u00edntomas del resfr\u00edo<\/a><\/li><li><a href='https:\/\/mothertobaby.org\/es\/baby-blog\/la-contaminacion-del-aire-las-alergias-y-el-asma-cuando-es-dificil-respirar-durante-el-embarazo\/'>La contaminaci\u00f3n del aire, las alergias y el asma: cuando es dif\u00edcil respirar durante el embarazo<\/a><\/li><\/ul><\/div>\n\n\n\n\n\n\n<h3 class=\"wp-block-heading\" id=\"h-recursos-externos\">Recursos Externos<\/h3>\n\n\n\n<ul class=\"wp-block-list\">\n<li>American Academy of Allergy, Asthma, and Immunology: <a href=\"https:\/\/www.aaaai.org\/Tools-for-the-Public\/Conditions-Library\/Asthma\/Asthma,-Allergies-and-Pregnancy-TTR\" target=\"_blank\" rel=\"noreferrer noopener\">Asthma, Allergies, and Pregnancy<\/a><\/li>\n\n\n\n<li>American Academy of Allergy, Asthma and Immunology: <a href=\"https:\/\/www.aaaai.org\/Tools-for-the-Public\/Conditions-Library\/Asthma\/Asthma-and-Pregnancy\" target=\"_blank\" rel=\"noreferrer noopener\">Asthma and Pregnancy<\/a><\/li>\n\n\n\n<li>American Academy of Allergy, Asthma and Immunology: <a href=\"https:\/\/education.aaaai.org\/resources-for-a-i-clinicians\/pregnantpts_covid-19\" target=\"_blank\" rel=\"noreferrer noopener\">Caring for Pregnant Patients with Asthma During the Covid-19 Pandemic<\/a><\/li>\n\n\n\n<li>American College of Allergy, Asthma, and Immunology: <a href=\"https:\/\/acaai.org\/allergies\/who-has-allergies-and-why\/pregnancy-and-allergies\" target=\"_blank\" rel=\"noreferrer noopener\">Pregnancy and Allergies<\/a><\/li>\n\n\n\n<li>Centers for Disease Control and Prevention: <a href=\"https:\/\/www.cdc.gov\/pregnancy\/meds\/treatingfortwo\/features\/antihistamines-and-bd.html\" target=\"_blank\" rel=\"noreferrer noopener\">Key Findings: Antihistamines and Birth Defects<\/a><\/li>\n<\/ul>\n\n\n\n<h3 class=\"wp-block-heading\" id=\"h-socios\">Socios<\/h3>\n\n\n\n<ul class=\"wp-block-list\">\n<li><a href=\"https:\/\/redalergiayasma.org\/\" target=\"_blank\" rel=\"noreferrer noopener\">Red Alergia y Asma<\/a><\/li>\n\n\n\n<li><a href=\"https:\/\/www.aaaai.org\/\" target=\"_blank\" rel=\"noreferrer noopener\">American Academy of Allergy, Asthma, and Immunology<\/a><\/li>\n\n\n\n<li><a rel=\"noreferrer noopener\" href=\"https:\/\/www.patienteducationgenius.com\/\" target=\"_blank\">Patient Education Genius<\/a><\/li>\n\n\n\n<li><a rel=\"noreferrer noopener\" href=\"https:\/\/www.patientslikeme.com\/\" target=\"_blank\">PatientsLikeMe<\/a><\/li>\n\n\n\n<li><a rel=\"noreferrer noopener\" href=\"https:\/\/www.smfm.org\/\" target=\"_blank\">Society for Maternal-Fetal Medicine<\/a><\/li>\n\n\n\n<li><a rel=\"noreferrer noopener\" href=\"https:\/\/birthdefectsresearch.org\/\" target=\"_blank\">Society for Birth Defects Research &amp; Prevention<\/a><\/li>\n<\/ul>\n\n\n\n<div style=\"height:100px\" aria-hidden=\"true\" class=\"wp-block-spacer\"><\/div>\n\n\n\n<div style=\"background-color:#f9f9ff;padding-left:8%;padding-right:8%\" class=\"wp-block-genesis-blocks-gb-container alignfull mtb-hp-block mtb-3-col-cta-row gb-block-container\"><div class=\"gb-container-inside\"><div class=\"gb-container-content\" style=\"max-width:1120px\">\n<div class=\"wp-block-genesis-blocks-gb-columns light-text mtb-3-col-cta no-link-underline gb-layout-columns-3 gb-3-col-equal\"><div class=\"gb-layout-column-wrap gb-block-layout-column-gap-3 gb-is-responsive-column\">\n<div class=\"wp-block-genesis-blocks-gb-column mtb-cta-radius gb-block-layout-column\"><div class=\"gb-block-layout-column-inner gb-has-custom-background-color\" style=\"background-color:#522e83\">\n<h3 class=\"wp-block-heading has-text-align-left\" id=\"h-mant-ngase-en-contacto\">Mant\u00e9ngase en contacto<\/h3>\n\n\n\n<p class=\"has-text-align-left\">Nuestro bolet\u00edn electr\u00f3nico le brinda la informaci\u00f3n, las noticias, y los recursos m\u00e1s recientes de los expertos de MotherToBaby.<\/p>\n\n\n\n<div class=\"wp-block-buttons is-layout-flex wp-block-buttons-is-layout-flex\">\n<div class=\"wp-block-button has-custom-font-size mtb-std-block-btn gb-block-button\" style=\"font-size:20px;line-height:1.2\"><a class=\"wp-block-button__link has-text-color has-background wp-element-button\" href=\"https:\/\/mothertobaby.org\/es\/inscribirse-para-boletin-electronico\/\" style=\"border-radius:5px;color:#ffffff;background-color:#3373dc;padding-top:10px;padding-right:1em;padding-bottom:10px;padding-left:1em\">Inscribirse<\/a><\/div>\n<\/div>\n<\/div><\/div>\n\n\n\n<div class=\"wp-block-genesis-blocks-gb-column mtb-cta-radius gb-block-layout-column\"><div class=\"gb-block-layout-column-inner gb-has-custom-background-color\" style=\"background-color:#522e83\">\n<h3 class=\"wp-block-heading has-text-align-left\" id=\"h-unirse-a-un-estudio\">Unirse a un Estudio<\/h3>\n\n\n\n<p class=\"has-text-align-left\">Los futuros padres merecen mejor informaci\u00f3n sobre la seguridad de los medicamentos, y usted puede ayudar participando en un estudio.<\/p>\n\n\n\n<div class=\"wp-block-buttons is-layout-flex wp-block-buttons-is-layout-flex\">\n<div class=\"wp-block-button has-custom-font-size mtb-std-block-btn gb-block-button\" style=\"font-size:20px;line-height:1.2\"><a class=\"wp-block-button__link has-text-color has-background wp-element-button\" href=\"https:\/\/mothertobaby.org\/es\/exposiciones-durante-el-embarazo-y-la-lactancia\/\" style=\"border-radius:5px;color:#ffffff;background-color:#3373dc;padding-top:10px;padding-right:1em;padding-bottom:10px;padding-left:1em\">Unirse<\/a><\/div>\n<\/div>\n<\/div><\/div>\n\n\n\n<div class=\"wp-block-genesis-blocks-gb-column mtb-cta-radius gb-block-layout-column\"><div class=\"gb-block-layout-column-inner has-orange-cta-background-color has-neutral-plus-2-color\">\n<h3 class=\"wp-block-heading has-text-align-left\" id=\"h-pregunte-a-nuestros-expertos\">Pregunte a Nuestros Expertos<\/h3>\n\n\n\n<p class=\"has-text-align-left\">Llame, env\u00ede mensajes de texto, chatee, o env\u00ede un correo electr\u00f3nico para obtener una evaluaci\u00f3n de riesgos personalizada y gratuita sobre las exposiciones en el embarazo y la lactancia.<\/p>\n\n\n\n<div class=\"wp-block-buttons is-layout-flex wp-block-buttons-is-layout-flex\">\n<div class=\"wp-block-button has-custom-font-size mtb-std-block-btn gb-block-button\" style=\"font-size:20px;line-height:1.2\"><a class=\"wp-block-button__link has-text-color has-background wp-element-button\" href=\"https:\/\/mothertobaby.org\/es\/contactar\/\" style=\"border-radius:5px;color:#ffffff;background-color:#3373dc;padding-top:10px;padding-right:1em;padding-bottom:10px;padding-left:1em\">Contactar<\/a><\/div>\n<\/div>\n<\/div><\/div>\n<\/div><\/div>\n<\/div><\/div><\/div>\n","protected":false},"excerpt":{"rendered":"<p>Cuando las Molestas Alergias del Polen o la Caspa de las Mascotas Causan Problemas Descargo de responsabilidad:&nbsp;Esta p\u00e1gina contiene informaci\u00f3n y recursos importantes relacionados con las alergias durante el embarazo y la lactancia, incluyendo enlaces a nuestras hojas informativas basadas en evidencia. Sin embargo, los recursos que aqu\u00ed se ofrecen no deben sustituir la atenci\u00f3n [&hellip;]<\/p>\n","protected":false},"author":214,"featured_media":4269,"parent":6524,"menu_order":0,"comment_status":"closed","ping_status":"closed","template":"page-templates\/inner-page.php","meta":{"_searchwp_excluded":"","_genesis_hide_title":false,"_genesis_hide_breadcrumbs":false,"_genesis_hide_singular_image":false,"_genesis_hide_footer_widgets":false,"_genesis_custom_body_class":"","_genesis_custom_post_class":"","_genesis_layout":"full-width-content","footnotes":""},"medical-specialty":[],"related-content":[594],"class_list":{"0":"post-6968","1":"page","2":"type-page","3":"status-publish","4":"has-post-thumbnail","6":"related-content-alergias","7":"entry"},"yoast_head":"<!-- This site is optimized with the Yoast SEO Premium plugin v20.13 (Yoast SEO v20.13) - https:\/\/yoast.com\/wordpress\/plugins\/seo\/ -->\n<title>Alergias - MotherToBaby<\/title>\n<meta name=\"robots\" content=\"index, follow, max-snippet:-1, max-image-preview:large, max-video-preview:-1\" \/>\n<link rel=\"canonical\" href=\"https:\/\/mothertobaby.org\/es\/exposiciones-durante-el-embarazo-y-la-lactancia\/alergias\/\" \/>\n<meta property=\"og:locale\" content=\"es_ES\" \/>\n<meta property=\"og:type\" content=\"article\" \/>\n<meta property=\"og:title\" content=\"Alergias\" \/>\n<meta property=\"og:description\" content=\"Cuando las Molestas Alergias del Polen o la Caspa de las Mascotas Causan Problemas Descargo de responsabilidad:&nbsp;Esta p\u00e1gina contiene informaci\u00f3n y recursos importantes relacionados con las alergias durante el embarazo y la lactancia, incluyendo enlaces a nuestras hojas informativas basadas en evidencia. Sin embargo, los recursos que aqu\u00ed se ofrecen no deben sustituir la atenci\u00f3n [&hellip;]\" \/>\n<meta property=\"og:url\" content=\"https:\/\/mothertobaby.org\/es\/exposiciones-durante-el-embarazo-y-la-lactancia\/alergias\/\" \/>\n<meta property=\"og:site_name\" content=\"MotherToBaby\" \/>\n<meta property=\"article:modified_time\" content=\"2023-10-02T18:13:59+00:00\" \/>\n<meta property=\"og:image\" content=\"https:\/\/mothertobaby.org\/wp-content\/uploads\/2021\/05\/Allergies_MotherToBaby-Exposure-Pages-Website.png\" \/>\n\t<meta property=\"og:image:width\" content=\"1600\" \/>\n\t<meta property=\"og:image:height\" content=\"900\" \/>\n\t<meta property=\"og:image:type\" content=\"image\/png\" \/>\n<meta name=\"twitter:card\" content=\"summary_large_image\" \/>\n<meta name=\"twitter:label1\" content=\"Tiempo de lectura\" \/>\n\t<meta name=\"twitter:data1\" content=\"3 minutos\" \/>\n<script type=\"application\/ld+json\" class=\"yoast-schema-graph\">{\"@context\":\"https:\/\/schema.org\",\"@graph\":[{\"@type\":\"WebPage\",\"@id\":\"https:\/\/mothertobaby.org\/es\/exposiciones-durante-el-embarazo-y-la-lactancia\/alergias\/\",\"url\":\"https:\/\/mothertobaby.org\/es\/exposiciones-durante-el-embarazo-y-la-lactancia\/alergias\/\",\"name\":\"Alergias - MotherToBaby\",\"isPartOf\":{\"@id\":\"https:\/\/mothertobaby.org\/es\/#website\"},\"datePublished\":\"2022-11-16T23:26:20+00:00\",\"dateModified\":\"2023-10-02T18:13:59+00:00\",\"breadcrumb\":{\"@id\":\"https:\/\/mothertobaby.org\/es\/exposiciones-durante-el-embarazo-y-la-lactancia\/alergias\/#breadcrumb\"},\"inLanguage\":\"es\",\"potentialAction\":[{\"@type\":\"ReadAction\",\"target\":[\"https:\/\/mothertobaby.org\/es\/exposiciones-durante-el-embarazo-y-la-lactancia\/alergias\/\"]}]},{\"@type\":\"BreadcrumbList\",\"@id\":\"https:\/\/mothertobaby.org\/es\/exposiciones-durante-el-embarazo-y-la-lactancia\/alergias\/#breadcrumb\",\"itemListElement\":[{\"@type\":\"ListItem\",\"position\":1,\"name\":\"Home\",\"item\":\"https:\/\/mothertobaby.org\/es\/\"},{\"@type\":\"ListItem\",\"position\":2,\"name\":\"Exposiciones Durante el Embarazo y la Lactancia\",\"item\":\"https:\/\/mothertobaby.org\/es\/exposiciones-durante-el-embarazo-y-la-lactancia\/\"},{\"@type\":\"ListItem\",\"position\":3,\"name\":\"Alergias\"}]},{\"@type\":\"WebSite\",\"@id\":\"https:\/\/mothertobaby.org\/es\/#website\",\"url\":\"https:\/\/mothertobaby.org\/es\/\",\"name\":\"MotherToBaby\",\"description\":\"Medications and More during pregnancy and breastfeeding\",\"publisher\":{\"@id\":\"https:\/\/mothertobaby.org\/es\/#organization\"},\"potentialAction\":[{\"@type\":\"SearchAction\",\"target\":{\"@type\":\"EntryPoint\",\"urlTemplate\":\"https:\/\/mothertobaby.org\/es\/?s={search_term_string}\"},\"query-input\":\"required name=search_term_string\"}],\"inLanguage\":\"es\"},{\"@type\":\"Organization\",\"@id\":\"https:\/\/mothertobaby.org\/es\/#organization\",\"name\":\"MotherToBaby\",\"url\":\"https:\/\/mothertobaby.org\/es\/\",\"logo\":{\"@type\":\"ImageObject\",\"inLanguage\":\"es\",\"@id\":\"https:\/\/mothertobaby.org\/es\/#\/schema\/logo\/image\/\",\"url\":\"https:\/\/mothertobaby.org\/wp-content\/uploads\/2023\/06\/MTB-horz-copyright-sm-1.png\",\"contentUrl\":\"https:\/\/mothertobaby.org\/wp-content\/uploads\/2023\/06\/MTB-horz-copyright-sm-1.png\",\"width\":284,\"height\":52,\"caption\":\"MotherToBaby\"},\"image\":{\"@id\":\"https:\/\/mothertobaby.org\/es\/#\/schema\/logo\/image\/\"}}]}<\/script>\n<!-- \/ Yoast SEO Premium plugin. -->","yoast_head_json":{"title":"Alergias - MotherToBaby","robots":{"index":"index","follow":"follow","max-snippet":"max-snippet:-1","max-image-preview":"max-image-preview:large","max-video-preview":"max-video-preview:-1"},"canonical":"https:\/\/mothertobaby.org\/es\/exposiciones-durante-el-embarazo-y-la-lactancia\/alergias\/","og_locale":"es_ES","og_type":"article","og_title":"Alergias","og_description":"Cuando las Molestas Alergias del Polen o la Caspa de las Mascotas Causan Problemas Descargo de responsabilidad:&nbsp;Esta p\u00e1gina contiene informaci\u00f3n y recursos importantes relacionados con las alergias durante el embarazo y la lactancia, incluyendo enlaces a nuestras hojas informativas basadas en evidencia. Sin embargo, los recursos que aqu\u00ed se ofrecen no deben sustituir la atenci\u00f3n [&hellip;]","og_url":"https:\/\/mothertobaby.org\/es\/exposiciones-durante-el-embarazo-y-la-lactancia\/alergias\/","og_site_name":"MotherToBaby","article_modified_time":"2023-10-02T18:13:59+00:00","og_image":[{"width":1600,"height":900,"url":"https:\/\/mothertobaby.org\/wp-content\/uploads\/2021\/05\/Allergies_MotherToBaby-Exposure-Pages-Website.png","type":"image\/png"}],"twitter_card":"summary_large_image","twitter_misc":{"Tiempo de lectura":"3 minutos"},"schema":{"@context":"https:\/\/schema.org","@graph":[{"@type":"WebPage","@id":"https:\/\/mothertobaby.org\/es\/exposiciones-durante-el-embarazo-y-la-lactancia\/alergias\/","url":"https:\/\/mothertobaby.org\/es\/exposiciones-durante-el-embarazo-y-la-lactancia\/alergias\/","name":"Alergias - MotherToBaby","isPartOf":{"@id":"https:\/\/mothertobaby.org\/es\/#website"},"datePublished":"2022-11-16T23:26:20+00:00","dateModified":"2023-10-02T18:13:59+00:00","breadcrumb":{"@id":"https:\/\/mothertobaby.org\/es\/exposiciones-durante-el-embarazo-y-la-lactancia\/alergias\/#breadcrumb"},"inLanguage":"es","potentialAction":[{"@type":"ReadAction","target":["https:\/\/mothertobaby.org\/es\/exposiciones-durante-el-embarazo-y-la-lactancia\/alergias\/"]}]},{"@type":"BreadcrumbList","@id":"https:\/\/mothertobaby.org\/es\/exposiciones-durante-el-embarazo-y-la-lactancia\/alergias\/#breadcrumb","itemListElement":[{"@type":"ListItem","position":1,"name":"Home","item":"https:\/\/mothertobaby.org\/es\/"},{"@type":"ListItem","position":2,"name":"Exposiciones Durante el Embarazo y la Lactancia","item":"https:\/\/mothertobaby.org\/es\/exposiciones-durante-el-embarazo-y-la-lactancia\/"},{"@type":"ListItem","position":3,"name":"Alergias"}]},{"@type":"WebSite","@id":"https:\/\/mothertobaby.org\/es\/#website","url":"https:\/\/mothertobaby.org\/es\/","name":"MotherToBaby","description":"Medications and More during pregnancy and breastfeeding","publisher":{"@id":"https:\/\/mothertobaby.org\/es\/#organization"},"potentialAction":[{"@type":"SearchAction","target":{"@type":"EntryPoint","urlTemplate":"https:\/\/mothertobaby.org\/es\/?s={search_term_string}"},"query-input":"required name=search_term_string"}],"inLanguage":"es"},{"@type":"Organization","@id":"https:\/\/mothertobaby.org\/es\/#organization","name":"MotherToBaby","url":"https:\/\/mothertobaby.org\/es\/","logo":{"@type":"ImageObject","inLanguage":"es","@id":"https:\/\/mothertobaby.org\/es\/#\/schema\/logo\/image\/","url":"https:\/\/mothertobaby.org\/wp-content\/uploads\/2023\/06\/MTB-horz-copyright-sm-1.png","contentUrl":"https:\/\/mothertobaby.org\/wp-content\/uploads\/2023\/06\/MTB-horz-copyright-sm-1.png","width":284,"height":52,"caption":"MotherToBaby"},"image":{"@id":"https:\/\/mothertobaby.org\/es\/#\/schema\/logo\/image\/"}}]}},"featured_image_src":"https:\/\/mothertobaby.org\/wp-content\/uploads\/2021\/05\/Allergies_MotherToBaby-Exposure-Pages-Website-600x400.png","featured_image_src_square":"https:\/\/mothertobaby.org\/wp-content\/uploads\/2021\/05\/Allergies_MotherToBaby-Exposure-Pages-Website-600x600.png","_links":{"self":[{"href":"https:\/\/mothertobaby.org\/es\/wp-json\/wp\/v2\/pages\/6968","targetHints":{"allow":["GET"]}}],"collection":[{"href":"https:\/\/mothertobaby.org\/es\/wp-json\/wp\/v2\/pages"}],"about":[{"href":"https:\/\/mothertobaby.org\/es\/wp-json\/wp\/v2\/types\/page"}],"author":[{"embeddable":true,"href":"https:\/\/mothertobaby.org\/es\/wp-json\/wp\/v2\/users\/214"}],"replies":[{"embeddable":true,"href":"https:\/\/mothertobaby.org\/es\/wp-json\/wp\/v2\/comments?post=6968"}],"version-history":[{"count":0,"href":"https:\/\/mothertobaby.org\/es\/wp-json\/wp\/v2\/pages\/6968\/revisions"}],"up":[{"embeddable":true,"href":"https:\/\/mothertobaby.org\/es\/wp-json\/wp\/v2\/pages\/6524"}],"wp:featuredmedia":[{"embeddable":true,"href":"https:\/\/mothertobaby.org\/es\/wp-json\/wp\/v2\/media\/4269"}],"wp:attachment":[{"href":"https:\/\/mothertobaby.org\/es\/wp-json\/wp\/v2\/media?parent=6968"}],"wp:term":[{"taxonomy":"medical-specialty","embeddable":true,"href":"https:\/\/mothertobaby.org\/es\/wp-json\/wp\/v2\/medical-specialty?post=6968"},{"taxonomy":"related-content","embeddable":true,"href":"https:\/\/mothertobaby.org\/es\/wp-json\/wp\/v2\/related-content?post=6968"}],"curies":[{"name":"wp","href":"https:\/\/api.w.org\/{rel}","templated":true}]}}