{"id":6969,"date":"2022-11-16T15:33:58","date_gmt":"2022-11-16T23:33:58","guid":{"rendered":"https:\/\/mothertobaby.org\/?page_id=6969"},"modified":"2023-08-25T12:35:58","modified_gmt":"2023-08-25T19:35:58","slug":"espondilitis-anquilosante","status":"publish","type":"page","link":"https:\/\/mothertobaby.org\/es\/exposiciones-durante-el-embarazo-y-la-lactancia\/espondilitis-anquilosante\/","title":{"rendered":"Espondilitis Anquilosante"},"content":{"rendered":"\n<h2 class=\"wp-block-heading has-neutral-1-color has-text-color\" id=\"h-c-mo-la-espondilitis-anquilosante-y-su-tratamiento-pueden-afectar-el-embarazo-y-la-lactancia\">C\u00f3mo la Espondilitis Anquilosante y su Tratamiento Pueden Afectar el Embarazo y la Lactancia<\/h2>\n\n\n\n<p class=\"has-primary-purple-color has-text-color\"><em><em><em><em><em>Descargo de responsabilidad: Esta p\u00e1gina contiene informaci\u00f3n y recursos importantes relacionados con la espondilitis anquilosante durante el embarazo y la lactancia, incluyendo enlaces a nuestras hojas informativas basadas en evidencia. Sin embargo, los recursos que aqu\u00ed se ofrecen no deben sustituir la atenci\u00f3n y el asesoramiento de un profesional m\u00e9dico.<\/em><\/em><\/em><\/em><\/em><\/p>\n\n\n\n<p>La espondilitis anquilosante (EA) es un tipo de artritis que afecta principalmente a la columna vertebral. Las articulaciones de la columna (o v\u00e9rtebras) se inflaman, lo que puede provocar un dolor intenso y cr\u00f3nico. En casos graves, tambi\u00e9n puede provocar la formaci\u00f3n de nuevos huesos en la columna vertebral, lo que hace que algunas secciones de la columna se fusionen o se queden en una posici\u00f3n. La espondilitis anquilosante tambi\u00e9n puede afectar otras articulaciones, incluidos los hombros, las caderas, las costillas y las articulaciones peque\u00f1as ubicadas en las manos y los pies. Los s\u00edntomas de la espondilitis anquilosante pueden incluir hinchaz\u00f3n, rigidez y dolor. Se sabe que algunos medicamentos que se usan para tratar la espondilitis anquilosante causan defectos de nacimiento o problemas con la lactancia; sin embargo, otros no se han asociado a este problema.<\/p>\n\n\n\n<div style=\"height:20px\" aria-hidden=\"true\" class=\"wp-block-spacer\"><\/div>\n\n\n\n<div style=\"height:23px\" aria-hidden=\"true\" class=\"wp-block-spacer\"><\/div>\n\n\n\n<figure class=\"wp-block-image size-full\"><img loading=\"lazy\" decoding=\"async\" width=\"4000\" height=\"1640\" src=\"https:\/\/mothertobaby.org\/wp-content\/uploads\/2021\/11\/ankylosing-spondylitis.png\" alt=\"\" class=\"wp-image-5372\" srcset=\"https:\/\/mothertobaby.org\/wp-content\/uploads\/2021\/11\/ankylosing-spondylitis.png 4000w, https:\/\/mothertobaby.org\/wp-content\/uploads\/2021\/11\/ankylosing-spondylitis-720x295.png 720w, https:\/\/mothertobaby.org\/wp-content\/uploads\/2021\/11\/ankylosing-spondylitis-300x123.png 300w, https:\/\/mothertobaby.org\/wp-content\/uploads\/2021\/11\/ankylosing-spondylitis-1024x420.png 1024w, https:\/\/mothertobaby.org\/wp-content\/uploads\/2021\/11\/ankylosing-spondylitis-768x315.png 768w, https:\/\/mothertobaby.org\/wp-content\/uploads\/2021\/11\/ankylosing-spondylitis-1536x630.png 1536w, https:\/\/mothertobaby.org\/wp-content\/uploads\/2021\/11\/ankylosing-spondylitis-2048x840.png 2048w\" sizes=\"auto, (max-width: 4000px) 100vw, 4000px\" \/><\/figure>\n\n\n\n<p class=\"has-text-align-right\"><em>Reference: <a href=\"https:\/\/spondylitis.org\/about-spondylitis\/types-of-spondylitis\/ankylosing-spondylitis\/\" target=\"_blank\" rel=\"noreferrer noopener\">Spondylitis Association of America<\/a><\/em><\/p>\n\n\n\n<div style=\"height:20px\" aria-hidden=\"true\" class=\"wp-block-spacer\"><\/div>\n\n\n\n<div style=\"height:23px\" aria-hidden=\"true\" class=\"wp-block-spacer\"><\/div>\n\n\n\n<blockquote class=\"wp-block-quote is-layout-flow wp-block-quote-is-layout-flow\">\n<p>Los pacientes con espondiloartritis axial frecuentemente tienen enfermedad activa en alguna etapa del embarazo. Por lo tanto, a muchas personas les resulta m\u00e1s \u00fatil planificar con anticipaci\u00f3n y hablar con su m\u00e9dico sobre estos problemas antes de quedar embarazadas. Recomendamos trabajar en estrecha colaboraci\u00f3n con sus m\u00e9dicos para determinar el mejor curso de tratamiento durante el embarazo.<\/p>\n<cite>&#8212; <a href=\"https:\/\/spondylitis.org\/wp-content\/uploads\/2020\/01\/Womens_Brochure_2019.pdf\" target=\"_blank\" rel=\"noreferrer noopener\">Spondylitis Association of America<\/a><\/cite><\/blockquote>\n\n\n\n<div class=\"wp-block-genesis-blocks-gb-container gb-block-container\"><div class=\"gb-container-inside\"><div class=\"gb-container-content\"><\/div><\/div><\/div>\n\n\n\n<div style=\"height:20px\" aria-hidden=\"true\" class=\"wp-block-spacer\"><\/div>\n\n\n\n<div style=\"height:23px\" aria-hidden=\"true\" class=\"wp-block-spacer\"><\/div>\n\n\n\n<h3 class=\"wp-block-heading\" id=\"h-nase-a-nuestro-estudio-sobre-la-espondilitis-anquilosante\">\u00danase a nuestro estudio sobre la espondilitis anquilosante<\/h3>\n\n\n\n<p>Si est\u00e1 embarazada y tiene espondilitis anquilosante, considere inscribirse en nuestro estudio observacional para brindarles a las personas embarazadas mejores respuestas sobre c\u00f3mo la espondilitis anquilosante y su control pueden afectar un embarazo y un beb\u00e9 en desarrollo. No se le pedir\u00e1 que tome o cambie ning\u00fan medicamento y puede participar desde la comodidad de su hogar.&nbsp;<\/p>\n\n\n\n<div class=\"wp-block-buttons is-layout-flex wp-block-buttons-is-layout-flex\">\n<div class=\"wp-block-button\"><a class=\"wp-block-button__link wp-element-button\" href=\"https:\/\/mothertobaby.org\/es\/ongoing-study\/espondilitis-anquilosante\/\">OBTENER M\u00c1S INFORMACI\u00d3N<\/a><\/div>\n<\/div>\n\n\n\n<div style=\"height:20px\" aria-hidden=\"true\" class=\"wp-block-spacer\"><\/div>\n\n\n\n<div style=\"height:23px\" aria-hidden=\"true\" class=\"wp-block-spacer\"><\/div>\n\n\n\n<p>Consulte nuestra biblioteca de recursos a continuaci\u00f3n sobre la espondilitis anquilosante durante el embarazo y la lactancia.<\/p>\n\n\n<div class=\"mtb-rel-cont-list mtb-rel-cont-block\" style=\"background-color: #F0ebf8;\"><h3>Hojas Informativas Relacionadas<\/h3><ul><li><a href='https:\/\/mothertobaby.org\/es\/hojas-informativas\/adalimumab-humira\/'>Adalimumab (Humira\u00ae)<\/a><\/li><li><a href='https:\/\/mothertobaby.org\/es\/hojas-informativas\/bimekizumab-bimzelx\/'>Bimekizumab (Bimzelx\u00ae)<\/a><\/li><li><a href='https:\/\/mothertobaby.org\/es\/hojas-informativas\/certolizumab-pegol-cimzia\/'>Certolizumab Pegol (Cimzia\u00ae)<\/a><\/li><li><a href='https:\/\/mothertobaby.org\/es\/hojas-informativas\/espondilitis-anquilosante\/'>Espondilitis anquilosante<\/a><\/li><li><a href='https:\/\/mothertobaby.org\/es\/hojas-informativas\/etanercept-enbrel\/'>Etanercept (Enbrel\u00ae)<\/a><\/li><li><a href='https:\/\/mothertobaby.org\/es\/hojas-informativas\/el-infliximab-remicade\/'>Infliximab<\/a><\/li><\/ul><\/div>\n\n\n\n\n\n\n\n\n\n<h3 class=\"wp-block-heading\" id=\"h-recursos-externos\">Recursos Externos<\/h3>\n\n\n\n<ul class=\"wp-block-list\">\n<li>American College of Rheumatology:<a rel=\"noreferrer noopener\" href=\"https:\/\/www.rheumatology.org\/I-Am-A\/Patient-Caregiver\/Diseases-Conditions\/Living-Well-with-Rheumatic-Disease\/Pregnancy-Rheumatic-Disease\" target=\"_blank\"> Pregnancy and Rheumatic Disease<\/a> <\/li>\n\n\n\n<li>Arthritis Foundation:<a href=\"https:\/\/espanol.arthritis.org\/health-wellness\/healthy-living\/family-relationships\/family-planning\/ankylosing-spondylitis-and-pregnancy\" target=\"_blank\" rel=\"noreferrer noopener\"> Ankylosing Spondylitis and Pregnancy<\/a><\/li>\n\n\n\n<li>Creaky Joints: <a href=\"https:\/\/creakyjoints.org.es\/?_gl=1%2A6qosw8%2A_ga%2AMTMzNzg5NjEyNi4xNjkyOTkxNzE5%2A_ga_HMXHSEJTJ3%2AMTY5Mjk5MTcxOS4xLjAuMTY5Mjk5MTcxOS4wLjAuMA..%2A_ga_YNDSCXDP2Z%2AMTY5Mjk5MTcxOS4xLjAuMTY5Mjk5MTcxOS42MC4wLjA.&amp;_ga=2.149223862.1232355434.1692991719-1337896126.1692991719\" target=\"_blank\" rel=\"noreferrer noopener\">Ankylosing Spondylitis and Pregnancy<\/a> <\/li>\n\n\n\n<li>Spondylitis Association of America:<a rel=\"noreferrer noopener\" href=\"https:\/\/spondylitis.org\/resources-support\/educational-materials-resources\/spa-in-women\/}\" target=\"_blank\"> Spondyloarthritis in Women <\/a><\/li>\n<\/ul>\n\n\n\n<h3 class=\"wp-block-heading\" id=\"h-socios\">Socios<\/h3>\n\n\n\n<ul class=\"wp-block-list\">\n<li><a href=\"https:\/\/creakyjoints.org.es\/?_ga=2.19241272.1232355434.1692991719-1337896126.1692991719&amp;_gl=1%2A1wvkbo2%2A_ga%2AMTMzNzg5NjEyNi4xNjkyOTkxNzE5%2A_ga_YNDSCXDP2Z%2AMTY5Mjk5MTcxOS4xLjEuMTY5Mjk5MTk1NC42MC4wLjA.%2A_ga_HMXHSEJTJ3%2AMTY5Mjk5MTcxOS4xLjEuMTY5Mjk5MTk1NC4wLjAuMA..\" target=\"_blank\" rel=\"noreferrer noopener\">Creaky Joints<\/a><\/li>\n\n\n\n<li><a rel=\"noreferrer noopener\" href=\"http:\/\/arthritispatient.ca\/\" target=\"_blank\">Canadian Arthritis Patient Alliance <\/a><\/li>\n\n\n\n<li><a rel=\"noreferrer noopener\" href=\"https:\/\/www.myhealthteams.com\/\" target=\"_blank\">MyHealthTeams<\/a><\/li>\n\n\n\n<li><a rel=\"noreferrer noopener\" href=\"https:\/\/spondylitis.org\/\" target=\"_blank\">Spondylitis Association of America<\/a><\/li>\n\n\n\n<li><a rel=\"noreferrer noopener\" href=\"https:\/\/themighty.com\/\" target=\"_blank\">The Mighty<\/a><\/li>\n<\/ul>\n\n\n\n<div style=\"height:100px\" aria-hidden=\"true\" class=\"wp-block-spacer\"><\/div>\n\n\n\n<div style=\"background-color:#f9f9ff;padding-left:8%;padding-right:8%\" class=\"wp-block-genesis-blocks-gb-container alignfull mtb-hp-block mtb-3-col-cta-row gb-block-container\"><div class=\"gb-container-inside\"><div class=\"gb-container-content\" style=\"max-width:1120px\">\n<div class=\"wp-block-genesis-blocks-gb-columns light-text mtb-3-col-cta no-link-underline gb-layout-columns-3 gb-3-col-equal\"><div class=\"gb-layout-column-wrap gb-block-layout-column-gap-3 gb-is-responsive-column\">\n<div class=\"wp-block-genesis-blocks-gb-column mtb-cta-radius gb-block-layout-column\"><div class=\"gb-block-layout-column-inner gb-has-custom-background-color\" style=\"background-color:#522e83\">\n<h3 class=\"wp-block-heading has-text-align-left\" id=\"h-mant-ngase-en-contacto\">Mant\u00e9ngase en contacto<\/h3>\n\n\n\n<p class=\"has-text-align-left\">Nuestro bolet\u00edn electr\u00f3nico le brinda la informaci\u00f3n, las noticias, y los recursos m\u00e1s recientes de los expertos de MotherToBaby.<\/p>\n\n\n\n<div class=\"wp-block-buttons is-layout-flex wp-block-buttons-is-layout-flex\">\n<div class=\"wp-block-button has-custom-font-size mtb-std-block-btn gb-block-button\" style=\"font-size:20px;line-height:1.2\"><a class=\"wp-block-button__link has-text-color has-background wp-element-button\" href=\"https:\/\/mothertobaby.org\/es\/inscribirse-para-boletin-electronico\/\" style=\"border-radius:5px;color:#ffffff;background-color:#3373dc;padding-top:10px;padding-right:1em;padding-bottom:10px;padding-left:1em\">Inscribirse<\/a><\/div>\n<\/div>\n<\/div><\/div>\n\n\n\n<div class=\"wp-block-genesis-blocks-gb-column mtb-cta-radius gb-block-layout-column\"><div class=\"gb-block-layout-column-inner gb-has-custom-background-color\" style=\"background-color:#522e83\">\n<h3 class=\"wp-block-heading has-text-align-left\" id=\"h-unirse-a-un-estudio\">Unirse a un Estudio<\/h3>\n\n\n\n<p class=\"has-text-align-left\">Los futuros padres merecen mejor informaci\u00f3n sobre la seguridad de los medicamentos, y usted puede ayudar participando en un estudio.<\/p>\n\n\n\n<div class=\"wp-block-buttons is-layout-flex wp-block-buttons-is-layout-flex\">\n<div class=\"wp-block-button has-custom-font-size mtb-std-block-btn gb-block-button\" style=\"font-size:20px;line-height:1.2\"><a class=\"wp-block-button__link has-text-color has-background wp-element-button\" href=\"https:\/\/mothertobaby.org\/es\/exposiciones-durante-el-embarazo-y-la-lactancia\/\" style=\"border-radius:5px;color:#ffffff;background-color:#3373dc;padding-top:10px;padding-right:1em;padding-bottom:10px;padding-left:1em\">Unirse<\/a><\/div>\n<\/div>\n<\/div><\/div>\n\n\n\n<div class=\"wp-block-genesis-blocks-gb-column mtb-cta-radius gb-block-layout-column\"><div class=\"gb-block-layout-column-inner has-orange-cta-background-color has-neutral-plus-2-color\">\n<h3 class=\"wp-block-heading has-text-align-left\" id=\"h-pregunte-a-nuestros-expertos\">Pregunte a Nuestros Expertos<\/h3>\n\n\n\n<p class=\"has-text-align-left\">Llame, env\u00ede mensajes de texto, chatee, o env\u00ede un correo electr\u00f3nico para obtener una evaluaci\u00f3n de riesgos personalizada y gratuita sobre las exposiciones en el embarazo y la lactancia.<\/p>\n\n\n\n<div class=\"wp-block-buttons is-layout-flex wp-block-buttons-is-layout-flex\">\n<div class=\"wp-block-button has-custom-font-size mtb-std-block-btn gb-block-button\" style=\"font-size:20px;line-height:1.2\"><a class=\"wp-block-button__link has-text-color has-background wp-element-button\" href=\"https:\/\/mothertobaby.org\/es\/contactar\/\" style=\"border-radius:5px;color:#ffffff;background-color:#3373dc;padding-top:10px;padding-right:1em;padding-bottom:10px;padding-left:1em\">Contactar<\/a><\/div>\n<\/div>\n<\/div><\/div>\n<\/div><\/div>\n<\/div><\/div><\/div>\n","protected":false},"excerpt":{"rendered":"<p>C\u00f3mo la Espondilitis Anquilosante y su Tratamiento Pueden Afectar el Embarazo y la Lactancia Descargo de responsabilidad: Esta p\u00e1gina contiene informaci\u00f3n y recursos importantes relacionados con la espondilitis anquilosante durante el embarazo y la lactancia, incluyendo enlaces a nuestras hojas informativas basadas en evidencia. Sin embargo, los recursos que aqu\u00ed se ofrecen no deben sustituir [&hellip;]<\/p>\n","protected":false},"author":214,"featured_media":2832,"parent":6524,"menu_order":0,"comment_status":"closed","ping_status":"closed","template":"page-templates\/inner-page.php","meta":{"_searchwp_excluded":"","_genesis_hide_title":false,"_genesis_hide_breadcrumbs":false,"_genesis_hide_singular_image":false,"_genesis_hide_footer_widgets":false,"_genesis_custom_body_class":"","_genesis_custom_post_class":"","_genesis_layout":"full-width-content","footnotes":""},"medical-specialty":[],"related-content":[576],"class_list":{"0":"post-6969","1":"page","2":"type-page","3":"status-publish","4":"has-post-thumbnail","6":"related-content-espondilitis-anquilosante","7":"entry"},"yoast_head":"<!-- This site is optimized with the Yoast SEO Premium plugin v20.13 (Yoast SEO v20.13) - https:\/\/yoast.com\/wordpress\/plugins\/seo\/ -->\n<title>Espondilitis Anquilosante - MotherToBaby<\/title>\n<meta name=\"robots\" content=\"index, follow, max-snippet:-1, max-image-preview:large, max-video-preview:-1\" \/>\n<link rel=\"canonical\" href=\"https:\/\/mothertobaby.org\/es\/exposiciones-durante-el-embarazo-y-la-lactancia\/espondilitis-anquilosante\/\" \/>\n<meta property=\"og:locale\" content=\"es_ES\" \/>\n<meta property=\"og:type\" content=\"article\" \/>\n<meta property=\"og:title\" content=\"Espondilitis Anquilosante\" \/>\n<meta property=\"og:description\" content=\"C\u00f3mo la Espondilitis Anquilosante y su Tratamiento Pueden Afectar el Embarazo y la Lactancia Descargo de responsabilidad: Esta p\u00e1gina contiene informaci\u00f3n y recursos importantes relacionados con la espondilitis anquilosante durante el embarazo y la lactancia, incluyendo enlaces a nuestras hojas informativas basadas en evidencia. Sin embargo, los recursos que aqu\u00ed se ofrecen no deben sustituir [&hellip;]\" \/>\n<meta property=\"og:url\" content=\"https:\/\/mothertobaby.org\/es\/exposiciones-durante-el-embarazo-y-la-lactancia\/espondilitis-anquilosante\/\" \/>\n<meta property=\"og:site_name\" content=\"MotherToBaby\" \/>\n<meta property=\"article:modified_time\" content=\"2023-08-25T19:35:58+00:00\" \/>\n<meta property=\"og:image\" content=\"https:\/\/mothertobaby.org\/wp-content\/uploads\/2020\/09\/MotherToBaby-Ankylosing-Spondylitis-Exposures-Page-Header-1600x900-09.20.jpg\" \/>\n\t<meta property=\"og:image:width\" content=\"1600\" \/>\n\t<meta property=\"og:image:height\" content=\"900\" \/>\n\t<meta property=\"og:image:type\" content=\"image\/jpeg\" \/>\n<meta name=\"twitter:card\" content=\"summary_large_image\" \/>\n<meta name=\"twitter:label1\" content=\"Tiempo de lectura\" \/>\n\t<meta name=\"twitter:data1\" content=\"2 minutos\" \/>\n<script type=\"application\/ld+json\" class=\"yoast-schema-graph\">{\"@context\":\"https:\/\/schema.org\",\"@graph\":[{\"@type\":\"WebPage\",\"@id\":\"https:\/\/mothertobaby.org\/es\/exposiciones-durante-el-embarazo-y-la-lactancia\/espondilitis-anquilosante\/\",\"url\":\"https:\/\/mothertobaby.org\/es\/exposiciones-durante-el-embarazo-y-la-lactancia\/espondilitis-anquilosante\/\",\"name\":\"Espondilitis Anquilosante - MotherToBaby\",\"isPartOf\":{\"@id\":\"https:\/\/mothertobaby.org\/es\/#website\"},\"datePublished\":\"2022-11-16T23:33:58+00:00\",\"dateModified\":\"2023-08-25T19:35:58+00:00\",\"breadcrumb\":{\"@id\":\"https:\/\/mothertobaby.org\/es\/exposiciones-durante-el-embarazo-y-la-lactancia\/espondilitis-anquilosante\/#breadcrumb\"},\"inLanguage\":\"es\",\"potentialAction\":[{\"@type\":\"ReadAction\",\"target\":[\"https:\/\/mothertobaby.org\/es\/exposiciones-durante-el-embarazo-y-la-lactancia\/espondilitis-anquilosante\/\"]}]},{\"@type\":\"BreadcrumbList\",\"@id\":\"https:\/\/mothertobaby.org\/es\/exposiciones-durante-el-embarazo-y-la-lactancia\/espondilitis-anquilosante\/#breadcrumb\",\"itemListElement\":[{\"@type\":\"ListItem\",\"position\":1,\"name\":\"Home\",\"item\":\"https:\/\/mothertobaby.org\/es\/\"},{\"@type\":\"ListItem\",\"position\":2,\"name\":\"Exposiciones Durante el Embarazo y la Lactancia\",\"item\":\"https:\/\/mothertobaby.org\/es\/exposiciones-durante-el-embarazo-y-la-lactancia\/\"},{\"@type\":\"ListItem\",\"position\":3,\"name\":\"Espondilitis Anquilosante\"}]},{\"@type\":\"WebSite\",\"@id\":\"https:\/\/mothertobaby.org\/es\/#website\",\"url\":\"https:\/\/mothertobaby.org\/es\/\",\"name\":\"MotherToBaby\",\"description\":\"Medications and More during pregnancy and breastfeeding\",\"publisher\":{\"@id\":\"https:\/\/mothertobaby.org\/es\/#organization\"},\"potentialAction\":[{\"@type\":\"SearchAction\",\"target\":{\"@type\":\"EntryPoint\",\"urlTemplate\":\"https:\/\/mothertobaby.org\/es\/?s={search_term_string}\"},\"query-input\":\"required name=search_term_string\"}],\"inLanguage\":\"es\"},{\"@type\":\"Organization\",\"@id\":\"https:\/\/mothertobaby.org\/es\/#organization\",\"name\":\"MotherToBaby\",\"url\":\"https:\/\/mothertobaby.org\/es\/\",\"logo\":{\"@type\":\"ImageObject\",\"inLanguage\":\"es\",\"@id\":\"https:\/\/mothertobaby.org\/es\/#\/schema\/logo\/image\/\",\"url\":\"https:\/\/mothertobaby.org\/wp-content\/uploads\/2023\/06\/MTB-horz-copyright-sm-1.png\",\"contentUrl\":\"https:\/\/mothertobaby.org\/wp-content\/uploads\/2023\/06\/MTB-horz-copyright-sm-1.png\",\"width\":284,\"height\":52,\"caption\":\"MotherToBaby\"},\"image\":{\"@id\":\"https:\/\/mothertobaby.org\/es\/#\/schema\/logo\/image\/\"}}]}<\/script>\n<!-- \/ Yoast SEO Premium plugin. -->","yoast_head_json":{"title":"Espondilitis Anquilosante - MotherToBaby","robots":{"index":"index","follow":"follow","max-snippet":"max-snippet:-1","max-image-preview":"max-image-preview:large","max-video-preview":"max-video-preview:-1"},"canonical":"https:\/\/mothertobaby.org\/es\/exposiciones-durante-el-embarazo-y-la-lactancia\/espondilitis-anquilosante\/","og_locale":"es_ES","og_type":"article","og_title":"Espondilitis Anquilosante","og_description":"C\u00f3mo la Espondilitis Anquilosante y su Tratamiento Pueden Afectar el Embarazo y la Lactancia Descargo de responsabilidad: Esta p\u00e1gina contiene informaci\u00f3n y recursos importantes relacionados con la espondilitis anquilosante durante el embarazo y la lactancia, incluyendo enlaces a nuestras hojas informativas basadas en evidencia. Sin embargo, los recursos que aqu\u00ed se ofrecen no deben sustituir [&hellip;]","og_url":"https:\/\/mothertobaby.org\/es\/exposiciones-durante-el-embarazo-y-la-lactancia\/espondilitis-anquilosante\/","og_site_name":"MotherToBaby","article_modified_time":"2023-08-25T19:35:58+00:00","og_image":[{"width":1600,"height":900,"url":"https:\/\/mothertobaby.org\/wp-content\/uploads\/2020\/09\/MotherToBaby-Ankylosing-Spondylitis-Exposures-Page-Header-1600x900-09.20.jpg","type":"image\/jpeg"}],"twitter_card":"summary_large_image","twitter_misc":{"Tiempo de lectura":"2 minutos"},"schema":{"@context":"https:\/\/schema.org","@graph":[{"@type":"WebPage","@id":"https:\/\/mothertobaby.org\/es\/exposiciones-durante-el-embarazo-y-la-lactancia\/espondilitis-anquilosante\/","url":"https:\/\/mothertobaby.org\/es\/exposiciones-durante-el-embarazo-y-la-lactancia\/espondilitis-anquilosante\/","name":"Espondilitis Anquilosante - MotherToBaby","isPartOf":{"@id":"https:\/\/mothertobaby.org\/es\/#website"},"datePublished":"2022-11-16T23:33:58+00:00","dateModified":"2023-08-25T19:35:58+00:00","breadcrumb":{"@id":"https:\/\/mothertobaby.org\/es\/exposiciones-durante-el-embarazo-y-la-lactancia\/espondilitis-anquilosante\/#breadcrumb"},"inLanguage":"es","potentialAction":[{"@type":"ReadAction","target":["https:\/\/mothertobaby.org\/es\/exposiciones-durante-el-embarazo-y-la-lactancia\/espondilitis-anquilosante\/"]}]},{"@type":"BreadcrumbList","@id":"https:\/\/mothertobaby.org\/es\/exposiciones-durante-el-embarazo-y-la-lactancia\/espondilitis-anquilosante\/#breadcrumb","itemListElement":[{"@type":"ListItem","position":1,"name":"Home","item":"https:\/\/mothertobaby.org\/es\/"},{"@type":"ListItem","position":2,"name":"Exposiciones Durante el Embarazo y la Lactancia","item":"https:\/\/mothertobaby.org\/es\/exposiciones-durante-el-embarazo-y-la-lactancia\/"},{"@type":"ListItem","position":3,"name":"Espondilitis Anquilosante"}]},{"@type":"WebSite","@id":"https:\/\/mothertobaby.org\/es\/#website","url":"https:\/\/mothertobaby.org\/es\/","name":"MotherToBaby","description":"Medications and More during pregnancy and breastfeeding","publisher":{"@id":"https:\/\/mothertobaby.org\/es\/#organization"},"potentialAction":[{"@type":"SearchAction","target":{"@type":"EntryPoint","urlTemplate":"https:\/\/mothertobaby.org\/es\/?s={search_term_string}"},"query-input":"required name=search_term_string"}],"inLanguage":"es"},{"@type":"Organization","@id":"https:\/\/mothertobaby.org\/es\/#organization","name":"MotherToBaby","url":"https:\/\/mothertobaby.org\/es\/","logo":{"@type":"ImageObject","inLanguage":"es","@id":"https:\/\/mothertobaby.org\/es\/#\/schema\/logo\/image\/","url":"https:\/\/mothertobaby.org\/wp-content\/uploads\/2023\/06\/MTB-horz-copyright-sm-1.png","contentUrl":"https:\/\/mothertobaby.org\/wp-content\/uploads\/2023\/06\/MTB-horz-copyright-sm-1.png","width":284,"height":52,"caption":"MotherToBaby"},"image":{"@id":"https:\/\/mothertobaby.org\/es\/#\/schema\/logo\/image\/"}}]}},"featured_image_src":"https:\/\/mothertobaby.org\/wp-content\/uploads\/2020\/09\/MotherToBaby-Ankylosing-Spondylitis-Exposures-Page-Header-1600x900-09.20.jpg","featured_image_src_square":"https:\/\/mothertobaby.org\/wp-content\/uploads\/2020\/09\/MotherToBaby-Ankylosing-Spondylitis-Exposures-Page-Header-1600x900-09.20.jpg","_links":{"self":[{"href":"https:\/\/mothertobaby.org\/es\/wp-json\/wp\/v2\/pages\/6969","targetHints":{"allow":["GET"]}}],"collection":[{"href":"https:\/\/mothertobaby.org\/es\/wp-json\/wp\/v2\/pages"}],"about":[{"href":"https:\/\/mothertobaby.org\/es\/wp-json\/wp\/v2\/types\/page"}],"author":[{"embeddable":true,"href":"https:\/\/mothertobaby.org\/es\/wp-json\/wp\/v2\/users\/214"}],"replies":[{"embeddable":true,"href":"https:\/\/mothertobaby.org\/es\/wp-json\/wp\/v2\/comments?post=6969"}],"version-history":[{"count":0,"href":"https:\/\/mothertobaby.org\/es\/wp-json\/wp\/v2\/pages\/6969\/revisions"}],"up":[{"embeddable":true,"href":"https:\/\/mothertobaby.org\/es\/wp-json\/wp\/v2\/pages\/6524"}],"wp:featuredmedia":[{"embeddable":true,"href":"https:\/\/mothertobaby.org\/es\/wp-json\/wp\/v2\/media\/2832"}],"wp:attachment":[{"href":"https:\/\/mothertobaby.org\/es\/wp-json\/wp\/v2\/media?parent=6969"}],"wp:term":[{"taxonomy":"medical-specialty","embeddable":true,"href":"https:\/\/mothertobaby.org\/es\/wp-json\/wp\/v2\/medical-specialty?post=6969"},{"taxonomy":"related-content","embeddable":true,"href":"https:\/\/mothertobaby.org\/es\/wp-json\/wp\/v2\/related-content?post=6969"}],"curies":[{"name":"wp","href":"https:\/\/api.w.org\/{rel}","templated":true}]}}