{"id":6989,"date":"2022-11-21T15:15:48","date_gmt":"2022-11-21T23:15:48","guid":{"rendered":"https:\/\/mothertobaby.org\/?page_id=6989"},"modified":"2024-10-07T13:08:55","modified_gmt":"2024-10-07T20:08:55","slug":"asma","status":"publish","type":"page","link":"https:\/\/mothertobaby.org\/es\/exposiciones-durante-el-embarazo-y-la-lactancia\/asma\/","title":{"rendered":"Asma"},"content":{"rendered":"\n<h2 class=\"wp-block-heading has-neutral-1-color has-text-color\" id=\"h-manejo-del-asma-durante-el-embarazo-y-la-lactancia\">Manejo del Asma Durante el Embarazo y la Lactancia<\/h2>\n\n\n\n<p class=\"has-primary-purple-color has-text-color\"><em><em><em><em><em>Descargo de responsabilidad: Esta p\u00e1gina contiene informaci\u00f3n y recursos importantes relacionados con el asma durante el embarazo y la lactancia, incluyendo enlaces a nuestras hojas informativas basadas en evidencia. Sin embargo, los recursos que aqu\u00ed se ofrecen no deben sustituir la atenci\u00f3n y el asesoramiento de un profesional m\u00e9dico.<\/em><\/em><\/em><\/em><\/em><\/p>\n\n\n\n<p>El asma es una de las enfermedades cr\u00f3nicas m\u00e1s comunes entre las personas en edad reproductiva. Es una enfermedad pulmonar que causa episodios de sibilancias, tos, dificultad para respirar y opresi\u00f3n en el pecho. Si bien el asma es una afecci\u00f3n cr\u00f3nica que no se puede curar, se puede controlar, y un buen control del asma es de vital importancia para un embarazo saludable. El asma materna, especialmente el asma mal controlada, se asocia con tasas m\u00e1s altas de complicaciones del embarazo, como abortos espont\u00e1neos, preeclampsia (una afecci\u00f3n grave que implica hipertensi\u00f3n), problemas de placenta, parto prematuro y bajo peso al nacer.<\/p>\n\n\n\n<blockquote class=\"wp-block-quote is-layout-flow wp-block-quote-is-layout-flow\">\n<p>Si est\u00e1 embarazada o est\u00e1 pensando en quedar embarazada, es m\u00e1s importante que nunca mantener el asma controlada. Evitar los factores desencadenantes y tomar los medicamentos para el asma seg\u00fan lo prescrito puede ayudar a garantizar un embarazo saludable para usted y su futuro beb\u00e9.<\/p>\n<cite>&#8212; <a href=\"https:\/\/www.aaaai.org\/conditions-and-treatments\/library\/asthma-library\/asthma-and-pregnancy\" target=\"_blank\" rel=\"noreferrer noopener\">American Academy of Allergy, Asthma, &amp; Immunology<\/a><\/cite><\/blockquote>\n\n\n\n<p>El manejo del asma durante el embarazo debe continuar incluyendo los tratamientos que controlen mejor los s\u00edntomas de asma. No se ha demostrado que la mayor\u00eda de los medicamentos para el asma tengan efectos da\u00f1inos en un beb\u00e9 en desarrollo; sin embargo, es importante que hable con su proveedor de atenci\u00f3n de salud sobre c\u00f3mo controlar mejor el asma durante el embarazo y la lactancia.&nbsp;<\/p>\n\n\n\n<div style=\"height:20px\" aria-hidden=\"true\" class=\"wp-block-spacer\"><\/div>\n\n\n\n<div style=\"height:23px\" aria-hidden=\"true\" class=\"wp-block-spacer\"><\/div>\n\n\n\n<figure class=\"wp-block-image size-full\"><img loading=\"lazy\" decoding=\"async\" width=\"4000\" height=\"1640\" src=\"https:\/\/mothertobaby.org\/wp-content\/uploads\/2021\/11\/asthma.png\" alt=\"\" class=\"wp-image-5377\" srcset=\"https:\/\/mothertobaby.org\/wp-content\/uploads\/2021\/11\/asthma.png 4000w, https:\/\/mothertobaby.org\/wp-content\/uploads\/2021\/11\/asthma-720x295.png 720w, https:\/\/mothertobaby.org\/wp-content\/uploads\/2021\/11\/asthma-300x123.png 300w, https:\/\/mothertobaby.org\/wp-content\/uploads\/2021\/11\/asthma-1024x420.png 1024w, https:\/\/mothertobaby.org\/wp-content\/uploads\/2021\/11\/asthma-768x315.png 768w, https:\/\/mothertobaby.org\/wp-content\/uploads\/2021\/11\/asthma-1536x630.png 1536w, https:\/\/mothertobaby.org\/wp-content\/uploads\/2021\/11\/asthma-2048x840.png 2048w\" sizes=\"auto, (max-width: 4000px) 100vw, 4000px\" \/><\/figure>\n\n\n\n<p class=\"has-text-align-right\"><em><em>Referencia<\/em>: March of Dimes: <a href=\"https:\/\/www.marchofdimes.org\/complications\/asthma-during-pregnancy.aspx#\" target=\"_blank\" rel=\"noreferrer noopener\">Asthma During Pregnancy<\/a><\/em><\/p>\n\n\n\n<div style=\"height:20px\" aria-hidden=\"true\" class=\"wp-block-spacer\"><\/div>\n\n\n\n<div style=\"height:23px\" aria-hidden=\"true\" class=\"wp-block-spacer\"><\/div>\n\n\n\n<div class=\"wp-block-genesis-blocks-gb-container gb-block-container\"><div class=\"gb-container-inside\"><div class=\"gb-container-content\">\n<p>Consulte nuestra biblioteca de recursos a continuaci\u00f3n sobre el asma durante el embarazo y la lactancia.<\/p>\n<\/div><\/div><\/div>\n\n\n<div class=\"mtb-rel-cont-list mtb-rel-cont-block\" style=\"background-color: #F0ebf8;\"><h3>Hojas Informativas Relacionadas<\/h3><ul><li><a href='https:\/\/mothertobaby.org\/es\/hojas-informativas\/el-albuterol\/'>Albuterol<\/a><\/li><li><a href='https:\/\/mothertobaby.org\/es\/hojas-informativas\/asma-embarazo\/'>Asma<\/a><\/li><li><a href='https:\/\/mothertobaby.org\/es\/hojas-informativas\/benralizumab-fasenra\/'>Benralizumab (Fasenra\u00ae)<\/a><\/li><li><a href='https:\/\/mothertobaby.org\/es\/hojas-informativas\/los-corticosteroides-inhalados-icss\/'>Corticosteroides Inhalados (CSIs)<\/a><\/li><li><a href='https:\/\/mothertobaby.org\/es\/hojas-informativas\/dermatitis-atopica\/'>Dermatitis At\u00f3pica<\/a><\/li><li><a href='https:\/\/mothertobaby.org\/es\/hojas-informativas\/dupilumab-dupixent\/'>Dupilumab (Dupixent\u00ae)<\/a><\/li><li><a href='https:\/\/mothertobaby.org\/es\/hojas-informativas\/formoterol\/'>Formoterol (Foradil\u00ae)<\/a><\/li><li><a href='https:\/\/mothertobaby.org\/es\/hojas-informativas\/ketamine-ketalar\/'>Ketamina (Ketalar\u00ae)<\/a><\/li><li><a href='https:\/\/mothertobaby.org\/es\/hojas-informativas\/el-moho\/'>Moho<\/a><\/li><li><a href='https:\/\/mothertobaby.org\/es\/hojas-informativas\/montelukast\/'>Montelukast (Singulair\u00ae)<\/a><\/li><li><a href='https:\/\/mothertobaby.org\/es\/hojas-informativas\/pregnancy-study-participation\/'>Participaci\u00f3n en Estudios de Embarazo<\/a><\/li><li><a href='https:\/\/mothertobaby.org\/es\/hojas-informativas\/la-prednisonaprednisolona\/'>Prednisona\/Prednisolona<\/a><\/li><li><a href='https:\/\/mothertobaby.org\/es\/hojas-informativas\/prometazina\/'>Prometazina (Phenergan\u00ae)<\/a><\/li><li><a href='https:\/\/mothertobaby.org\/es\/hojas-informativas\/pseudoefedrina-fenilefrina\/'>Pseudoefedrina<\/a><\/li><li><a href='https:\/\/mothertobaby.org\/es\/hojas-informativas\/el-salmeterol\/'>Salmeterol (Serevent Diskus\u00ae)<\/a><\/li><\/ul><\/div>\n\n\n<div class=\"mtb-rel-cont-list mtb-rel-cont-block\" style=\"background-color: #f9f9ff;\"><h3>Baby Blogs Relacionadas<\/h3><ul><li><a href='https:\/\/mothertobaby.org\/es\/baby-blog\/mantener-la-calma-durante-el-embarazo-cuando-la-temporada-de-incendios-se-calienta\/'>Mantener la calma durante el embarazo cuando la temporada de incendios se calienta<\/a><\/li><li><a href='https:\/\/mothertobaby.org\/es\/baby-blog\/la-contaminacion-del-aire-las-alergias-y-el-asma-cuando-es-dificil-respirar-durante-el-embarazo\/'>La contaminaci\u00f3n del aire, las alergias y el asma: cuando es dif\u00edcil respirar durante el embarazo<\/a><\/li><li><a href='https:\/\/mothertobaby.org\/es\/baby-blog\/empoderar-a-las-madres-en-el-dia-de-la-madre-y-todos-los-dias-aprovechar-al-maximo-las-citas-prenatales\/'>Empoderar a las Madres en el D\u00eda de la Madre y Todos los D\u00edas: Aprovechar al M\u00e1ximo las Citas Prenatales<\/a><\/li><\/ul><\/div>\n\n\n\n\n\n\n<h3 class=\"wp-block-heading\" id=\"h-recursos-externos\">Recursos Externos<\/h3>\n\n\n\n<ul class=\"wp-block-list\">\n<li>Allergy &amp; Asthma Network: <a href=\"https:\/\/redalergiayasma.org\/\" target=\"_blank\" rel=\"noreferrer noopener\">Asthma and Pregnancy<\/a><\/li>\n\n\n\n<li>American Academy of Allergy, Asthma &amp; Immunology: <a rel=\"noreferrer noopener\" href=\"https:\/\/www.aaaai.org\/conditions-and-treatments\/library\/asthma-library\/asthma-and-pregnancy\" target=\"_blank\">Asthma and Pregnancy <\/a><\/li>\n\n\n\n<li>American College of Allergy, Asthma &amp; Immunology: <a rel=\"noreferrer noopener\" href=\"https:\/\/www.aaaai.org\/conditions-and-treatments\/library\/asthma-library\/asthma-and-pregnancy\" target=\"_blank\">Pregnancy and Asthma<\/a><\/li>\n\n\n\n<li>American Lung Association: <a href=\"https:\/\/www.lung.org\/espanol\" target=\"_blank\" rel=\"noreferrer noopener\">Asthma and Pregnancy<\/a><\/li>\n\n\n\n<li>Asthma and Allergy Foundation of America: <a rel=\"noreferrer noopener\" href=\"https:\/\/www.aafa.org\/asthma-during-pregnancy\/\" target=\"_blank\">Asthma during Pregnancy<\/a> <\/li>\n\n\n\n<li>March of Dimes: <a rel=\"noreferrer noopener\" href=\"https:\/\/www.marchofdimes.org\/complications\/asthma-during-pregnancy.aspx#\" target=\"_blank\">Asthma during Pregnancy<\/a> <\/li>\n<\/ul>\n\n\n\n<h3 class=\"wp-block-heading\" id=\"h-socios\">Socios<\/h3>\n\n\n\n<ul class=\"wp-block-list\">\n<li><a rel=\"noreferrer noopener\" href=\"https:\/\/allergyasthmanetwork.org\/\" target=\"_blank\">Allergy &amp; Asthma Network<\/a><\/li>\n\n\n\n<li><a rel=\"noreferrer noopener\" href=\"https:\/\/www.aaaai.org\/\" target=\"_blank\">American Academy of Allergy, Asthma &amp; Immunology<\/a><\/li>\n\n\n\n<li><a rel=\"noreferrer noopener\" href=\"https:\/\/www.patientslikeme.com\/\" target=\"_blank\">PatientsLikeMe<\/a><\/li>\n\n\n\n<li><a rel=\"noreferrer noopener\" href=\"https:\/\/www.smfm.org\/\" target=\"_blank\">Society for Maternal-Fetal Medicine<\/a><\/li>\n\n\n\n<li><a rel=\"noreferrer noopener\" href=\"https:\/\/themighty.com\/\" target=\"_blank\">The Mighty<\/a><\/li>\n<\/ul>\n\n\n\n<div style=\"height:100px\" aria-hidden=\"true\" class=\"wp-block-spacer\"><\/div>\n\n\n\n<div style=\"background-color:#f9f9ff;padding-left:8%;padding-right:8%\" class=\"wp-block-genesis-blocks-gb-container alignfull mtb-hp-block mtb-3-col-cta-row gb-block-container\"><div class=\"gb-container-inside\"><div class=\"gb-container-content\" style=\"max-width:1120px\">\n<div class=\"wp-block-genesis-blocks-gb-columns light-text mtb-3-col-cta no-link-underline gb-layout-columns-3 gb-3-col-equal\"><div class=\"gb-layout-column-wrap gb-block-layout-column-gap-3 gb-is-responsive-column\">\n<div class=\"wp-block-genesis-blocks-gb-column mtb-cta-radius gb-block-layout-column\"><div class=\"gb-block-layout-column-inner gb-has-custom-background-color\" style=\"background-color:#522e83\">\n<h3 class=\"wp-block-heading has-text-align-left\" id=\"h-mant-ngase-en-contacto\">Mant\u00e9ngase en contacto<\/h3>\n\n\n\n<p class=\"has-text-align-left\">Nuestro bolet\u00edn electr\u00f3nico le brinda la informaci\u00f3n, las noticias, y los recursos m\u00e1s recientes de los expertos de MotherToBaby.<\/p>\n\n\n\n<div class=\"wp-block-buttons is-layout-flex wp-block-buttons-is-layout-flex\">\n<div class=\"wp-block-button has-custom-font-size mtb-std-block-btn gb-block-button\" style=\"font-size:20px;line-height:1.2\"><a class=\"wp-block-button__link has-text-color has-background wp-element-button\" href=\"https:\/\/mothertobaby.org\/es\/inscribirse-para-boletin-electronico\/\" style=\"border-radius:5px;color:#ffffff;background-color:#3373dc;padding-top:10px;padding-right:1em;padding-bottom:10px;padding-left:1em\">Inscribirse<\/a><\/div>\n<\/div>\n<\/div><\/div>\n\n\n\n<div class=\"wp-block-genesis-blocks-gb-column mtb-cta-radius gb-block-layout-column\"><div class=\"gb-block-layout-column-inner gb-has-custom-background-color\" style=\"background-color:#522e83\">\n<h3 class=\"wp-block-heading has-text-align-left\" id=\"h-unirse-a-un-estudio\">Unirse a un Estudio<\/h3>\n\n\n\n<p class=\"has-text-align-left\">Los futuros padres merecen mejor informaci\u00f3n sobre la seguridad de los medicamentos, y usted puede ayudar participando en un estudio.<\/p>\n\n\n\n<div class=\"wp-block-buttons is-layout-flex wp-block-buttons-is-layout-flex\">\n<div class=\"wp-block-button has-custom-font-size mtb-std-block-btn gb-block-button\" style=\"font-size:20px;line-height:1.2\"><a class=\"wp-block-button__link has-text-color has-background wp-element-button\" href=\"https:\/\/mothertobaby.org\/es\/exposiciones-durante-el-embarazo-y-la-lactancia\/\" style=\"border-radius:5px;color:#ffffff;background-color:#3373dc;padding-top:10px;padding-right:1em;padding-bottom:10px;padding-left:1em\">Unirse<\/a><\/div>\n<\/div>\n<\/div><\/div>\n\n\n\n<div class=\"wp-block-genesis-blocks-gb-column mtb-cta-radius gb-block-layout-column\"><div class=\"gb-block-layout-column-inner has-orange-cta-background-color has-neutral-plus-2-color\">\n<h3 class=\"wp-block-heading has-text-align-left\" id=\"h-pregunte-a-nuestros-expertos\">Pregunte a Nuestros Expertos<\/h3>\n\n\n\n<p class=\"has-text-align-left\">Llame, env\u00ede mensajes de texto, chatee, o env\u00ede un correo electr\u00f3nico para obtener una evaluaci\u00f3n de riesgos personalizada y gratuita sobre las exposiciones en el embarazo y la lactancia.<\/p>\n\n\n\n<div class=\"wp-block-buttons is-layout-flex wp-block-buttons-is-layout-flex\">\n<div class=\"wp-block-button has-custom-font-size mtb-std-block-btn gb-block-button\" style=\"font-size:20px;line-height:1.2\"><a class=\"wp-block-button__link has-text-color has-background wp-element-button\" href=\"https:\/\/mothertobaby.org\/es\/contactar\/\" style=\"border-radius:5px;color:#ffffff;background-color:#3373dc;padding-top:10px;padding-right:1em;padding-bottom:10px;padding-left:1em\">Contactar<\/a><\/div>\n<\/div>\n<\/div><\/div>\n<\/div><\/div>\n<\/div><\/div><\/div>\n","protected":false},"excerpt":{"rendered":"<p>Manejo del Asma Durante el Embarazo y la Lactancia Descargo de responsabilidad: Esta p\u00e1gina contiene informaci\u00f3n y recursos importantes relacionados con el asma durante el embarazo y la lactancia, incluyendo enlaces a nuestras hojas informativas basadas en evidencia. Sin embargo, los recursos que aqu\u00ed se ofrecen no deben sustituir la atenci\u00f3n y el asesoramiento de [&hellip;]<\/p>\n","protected":false},"author":214,"featured_media":2332,"parent":6524,"menu_order":0,"comment_status":"closed","ping_status":"closed","template":"page-templates\/inner-page.php","meta":{"_searchwp_excluded":"","_genesis_hide_title":false,"_genesis_hide_breadcrumbs":false,"_genesis_hide_singular_image":false,"_genesis_hide_footer_widgets":false,"_genesis_custom_body_class":"","_genesis_custom_post_class":"","_genesis_layout":"full-width-content","footnotes":""},"medical-specialty":[],"related-content":[577],"class_list":{"0":"post-6989","1":"page","2":"type-page","3":"status-publish","4":"has-post-thumbnail","6":"related-content-asma","7":"entry"},"yoast_head":"<!-- This site is optimized with the Yoast SEO Premium plugin v20.13 (Yoast SEO v20.13) - https:\/\/yoast.com\/wordpress\/plugins\/seo\/ -->\n<title>Asma - MotherToBaby<\/title>\n<meta name=\"robots\" content=\"index, follow, max-snippet:-1, max-image-preview:large, max-video-preview:-1\" \/>\n<link rel=\"canonical\" href=\"https:\/\/mothertobaby.org\/es\/exposiciones-durante-el-embarazo-y-la-lactancia\/asma\/\" \/>\n<meta property=\"og:locale\" content=\"es_ES\" \/>\n<meta property=\"og:type\" content=\"article\" \/>\n<meta property=\"og:title\" content=\"Asma\" \/>\n<meta property=\"og:description\" content=\"Manejo del Asma Durante el Embarazo y la Lactancia Descargo de responsabilidad: Esta p\u00e1gina contiene informaci\u00f3n y recursos importantes relacionados con el asma durante el embarazo y la lactancia, incluyendo enlaces a nuestras hojas informativas basadas en evidencia. Sin embargo, los recursos que aqu\u00ed se ofrecen no deben sustituir la atenci\u00f3n y el asesoramiento de [&hellip;]\" \/>\n<meta property=\"og:url\" content=\"https:\/\/mothertobaby.org\/es\/exposiciones-durante-el-embarazo-y-la-lactancia\/asma\/\" \/>\n<meta property=\"og:site_name\" content=\"MotherToBaby\" \/>\n<meta property=\"article:modified_time\" content=\"2024-10-07T20:08:55+00:00\" \/>\n<meta property=\"og:image\" content=\"https:\/\/mothertobaby.org\/wp-content\/uploads\/2020\/07\/MotherToBaby-Asthma-Exposures-Header-1600x900-1.jpg\" \/>\n\t<meta property=\"og:image:width\" content=\"1600\" \/>\n\t<meta property=\"og:image:height\" content=\"900\" \/>\n\t<meta property=\"og:image:type\" content=\"image\/jpeg\" \/>\n<meta name=\"twitter:card\" content=\"summary_large_image\" \/>\n<meta name=\"twitter:label1\" content=\"Tiempo de lectura\" \/>\n\t<meta name=\"twitter:data1\" content=\"2 minutos\" \/>\n<script type=\"application\/ld+json\" class=\"yoast-schema-graph\">{\"@context\":\"https:\/\/schema.org\",\"@graph\":[{\"@type\":\"WebPage\",\"@id\":\"https:\/\/mothertobaby.org\/es\/exposiciones-durante-el-embarazo-y-la-lactancia\/asma\/\",\"url\":\"https:\/\/mothertobaby.org\/es\/exposiciones-durante-el-embarazo-y-la-lactancia\/asma\/\",\"name\":\"Asma - MotherToBaby\",\"isPartOf\":{\"@id\":\"https:\/\/mothertobaby.org\/es\/#website\"},\"datePublished\":\"2022-11-21T23:15:48+00:00\",\"dateModified\":\"2024-10-07T20:08:55+00:00\",\"breadcrumb\":{\"@id\":\"https:\/\/mothertobaby.org\/es\/exposiciones-durante-el-embarazo-y-la-lactancia\/asma\/#breadcrumb\"},\"inLanguage\":\"es\",\"potentialAction\":[{\"@type\":\"ReadAction\",\"target\":[\"https:\/\/mothertobaby.org\/es\/exposiciones-durante-el-embarazo-y-la-lactancia\/asma\/\"]}]},{\"@type\":\"BreadcrumbList\",\"@id\":\"https:\/\/mothertobaby.org\/es\/exposiciones-durante-el-embarazo-y-la-lactancia\/asma\/#breadcrumb\",\"itemListElement\":[{\"@type\":\"ListItem\",\"position\":1,\"name\":\"Home\",\"item\":\"https:\/\/mothertobaby.org\/es\/\"},{\"@type\":\"ListItem\",\"position\":2,\"name\":\"Exposiciones Durante el Embarazo y la Lactancia\",\"item\":\"https:\/\/mothertobaby.org\/es\/exposiciones-durante-el-embarazo-y-la-lactancia\/\"},{\"@type\":\"ListItem\",\"position\":3,\"name\":\"Asma\"}]},{\"@type\":\"WebSite\",\"@id\":\"https:\/\/mothertobaby.org\/es\/#website\",\"url\":\"https:\/\/mothertobaby.org\/es\/\",\"name\":\"MotherToBaby\",\"description\":\"Medications and More during pregnancy and breastfeeding\",\"publisher\":{\"@id\":\"https:\/\/mothertobaby.org\/es\/#organization\"},\"potentialAction\":[{\"@type\":\"SearchAction\",\"target\":{\"@type\":\"EntryPoint\",\"urlTemplate\":\"https:\/\/mothertobaby.org\/es\/?s={search_term_string}\"},\"query-input\":\"required name=search_term_string\"}],\"inLanguage\":\"es\"},{\"@type\":\"Organization\",\"@id\":\"https:\/\/mothertobaby.org\/es\/#organization\",\"name\":\"MotherToBaby\",\"url\":\"https:\/\/mothertobaby.org\/es\/\",\"logo\":{\"@type\":\"ImageObject\",\"inLanguage\":\"es\",\"@id\":\"https:\/\/mothertobaby.org\/es\/#\/schema\/logo\/image\/\",\"url\":\"https:\/\/mothertobaby.org\/wp-content\/uploads\/2023\/06\/MTB-horz-copyright-sm-1.png\",\"contentUrl\":\"https:\/\/mothertobaby.org\/wp-content\/uploads\/2023\/06\/MTB-horz-copyright-sm-1.png\",\"width\":284,\"height\":52,\"caption\":\"MotherToBaby\"},\"image\":{\"@id\":\"https:\/\/mothertobaby.org\/es\/#\/schema\/logo\/image\/\"}}]}<\/script>\n<!-- \/ Yoast SEO Premium plugin. -->","yoast_head_json":{"title":"Asma - MotherToBaby","robots":{"index":"index","follow":"follow","max-snippet":"max-snippet:-1","max-image-preview":"max-image-preview:large","max-video-preview":"max-video-preview:-1"},"canonical":"https:\/\/mothertobaby.org\/es\/exposiciones-durante-el-embarazo-y-la-lactancia\/asma\/","og_locale":"es_ES","og_type":"article","og_title":"Asma","og_description":"Manejo del Asma Durante el Embarazo y la Lactancia Descargo de responsabilidad: Esta p\u00e1gina contiene informaci\u00f3n y recursos importantes relacionados con el asma durante el embarazo y la lactancia, incluyendo enlaces a nuestras hojas informativas basadas en evidencia. Sin embargo, los recursos que aqu\u00ed se ofrecen no deben sustituir la atenci\u00f3n y el asesoramiento de [&hellip;]","og_url":"https:\/\/mothertobaby.org\/es\/exposiciones-durante-el-embarazo-y-la-lactancia\/asma\/","og_site_name":"MotherToBaby","article_modified_time":"2024-10-07T20:08:55+00:00","og_image":[{"width":1600,"height":900,"url":"https:\/\/mothertobaby.org\/wp-content\/uploads\/2020\/07\/MotherToBaby-Asthma-Exposures-Header-1600x900-1.jpg","type":"image\/jpeg"}],"twitter_card":"summary_large_image","twitter_misc":{"Tiempo de lectura":"2 minutos"},"schema":{"@context":"https:\/\/schema.org","@graph":[{"@type":"WebPage","@id":"https:\/\/mothertobaby.org\/es\/exposiciones-durante-el-embarazo-y-la-lactancia\/asma\/","url":"https:\/\/mothertobaby.org\/es\/exposiciones-durante-el-embarazo-y-la-lactancia\/asma\/","name":"Asma - MotherToBaby","isPartOf":{"@id":"https:\/\/mothertobaby.org\/es\/#website"},"datePublished":"2022-11-21T23:15:48+00:00","dateModified":"2024-10-07T20:08:55+00:00","breadcrumb":{"@id":"https:\/\/mothertobaby.org\/es\/exposiciones-durante-el-embarazo-y-la-lactancia\/asma\/#breadcrumb"},"inLanguage":"es","potentialAction":[{"@type":"ReadAction","target":["https:\/\/mothertobaby.org\/es\/exposiciones-durante-el-embarazo-y-la-lactancia\/asma\/"]}]},{"@type":"BreadcrumbList","@id":"https:\/\/mothertobaby.org\/es\/exposiciones-durante-el-embarazo-y-la-lactancia\/asma\/#breadcrumb","itemListElement":[{"@type":"ListItem","position":1,"name":"Home","item":"https:\/\/mothertobaby.org\/es\/"},{"@type":"ListItem","position":2,"name":"Exposiciones Durante el Embarazo y la Lactancia","item":"https:\/\/mothertobaby.org\/es\/exposiciones-durante-el-embarazo-y-la-lactancia\/"},{"@type":"ListItem","position":3,"name":"Asma"}]},{"@type":"WebSite","@id":"https:\/\/mothertobaby.org\/es\/#website","url":"https:\/\/mothertobaby.org\/es\/","name":"MotherToBaby","description":"Medications and More during pregnancy and breastfeeding","publisher":{"@id":"https:\/\/mothertobaby.org\/es\/#organization"},"potentialAction":[{"@type":"SearchAction","target":{"@type":"EntryPoint","urlTemplate":"https:\/\/mothertobaby.org\/es\/?s={search_term_string}"},"query-input":"required name=search_term_string"}],"inLanguage":"es"},{"@type":"Organization","@id":"https:\/\/mothertobaby.org\/es\/#organization","name":"MotherToBaby","url":"https:\/\/mothertobaby.org\/es\/","logo":{"@type":"ImageObject","inLanguage":"es","@id":"https:\/\/mothertobaby.org\/es\/#\/schema\/logo\/image\/","url":"https:\/\/mothertobaby.org\/wp-content\/uploads\/2023\/06\/MTB-horz-copyright-sm-1.png","contentUrl":"https:\/\/mothertobaby.org\/wp-content\/uploads\/2023\/06\/MTB-horz-copyright-sm-1.png","width":284,"height":52,"caption":"MotherToBaby"},"image":{"@id":"https:\/\/mothertobaby.org\/es\/#\/schema\/logo\/image\/"}}]}},"featured_image_src":"https:\/\/mothertobaby.org\/wp-content\/uploads\/2020\/07\/MotherToBaby-Asthma-Exposures-Header-1600x900-1.jpg","featured_image_src_square":"https:\/\/mothertobaby.org\/wp-content\/uploads\/2020\/07\/MotherToBaby-Asthma-Exposures-Header-1600x900-1.jpg","_links":{"self":[{"href":"https:\/\/mothertobaby.org\/es\/wp-json\/wp\/v2\/pages\/6989","targetHints":{"allow":["GET"]}}],"collection":[{"href":"https:\/\/mothertobaby.org\/es\/wp-json\/wp\/v2\/pages"}],"about":[{"href":"https:\/\/mothertobaby.org\/es\/wp-json\/wp\/v2\/types\/page"}],"author":[{"embeddable":true,"href":"https:\/\/mothertobaby.org\/es\/wp-json\/wp\/v2\/users\/214"}],"replies":[{"embeddable":true,"href":"https:\/\/mothertobaby.org\/es\/wp-json\/wp\/v2\/comments?post=6989"}],"version-history":[{"count":0,"href":"https:\/\/mothertobaby.org\/es\/wp-json\/wp\/v2\/pages\/6989\/revisions"}],"up":[{"embeddable":true,"href":"https:\/\/mothertobaby.org\/es\/wp-json\/wp\/v2\/pages\/6524"}],"wp:featuredmedia":[{"embeddable":true,"href":"https:\/\/mothertobaby.org\/es\/wp-json\/wp\/v2\/media\/2332"}],"wp:attachment":[{"href":"https:\/\/mothertobaby.org\/es\/wp-json\/wp\/v2\/media?parent=6989"}],"wp:term":[{"taxonomy":"medical-specialty","embeddable":true,"href":"https:\/\/mothertobaby.org\/es\/wp-json\/wp\/v2\/medical-specialty?post=6989"},{"taxonomy":"related-content","embeddable":true,"href":"https:\/\/mothertobaby.org\/es\/wp-json\/wp\/v2\/related-content?post=6989"}],"curies":[{"name":"wp","href":"https:\/\/api.w.org\/{rel}","templated":true}]}}