{"id":6990,"date":"2022-11-21T15:20:42","date_gmt":"2022-11-21T23:20:42","guid":{"rendered":"https:\/\/mothertobaby.org\/?page_id=6990"},"modified":"2023-09-26T09:10:19","modified_gmt":"2023-09-26T16:10:19","slug":"cannabis","status":"publish","type":"page","link":"https:\/\/mothertobaby.org\/es\/exposiciones-durante-el-embarazo-y-la-lactancia\/cannabis\/","title":{"rendered":"Cannabis"},"content":{"rendered":"\n<h2 class=\"wp-block-heading has-neutral-color has-text-color\" id=\"h-por-qu-la-euforia-no-vale-la-pena-si-est-embarazada-o-en-periodo-de-lactancia\">Por Qu\u00e9 la Euforia No Vale la Pena si Est\u00e1 <strong>Embarazada o en Periodo de Lactancia<\/strong><\/h2>\n\n\n\n<p class=\"has-primary-purple-color has-text-color\"><em><em><em><em><em>Descargo de responsabilidad: Esta p\u00e1gina contiene informaci\u00f3n y recursos importantes relacionados con el cannabis durante el embarazo y la lactancia, incluyendo enlaces a nuestras hojas informativas basadas en evidencia. Sin embargo, los recursos que aqu\u00ed se ofrecen no deben sustituir la atenci\u00f3n y el asesoramiento de un profesional m\u00e9dico.<\/em><\/em><\/em><\/em><\/em><\/p>\n\n\n\n<p>Es posible que muchas madres no quieran o\u00edr esto, pero los expertos m\u00e9dicos est\u00e1n de acuerdo en que el cannabis (com\u00fanmente conocido como marihuana, hierba o mar\u00eda, entre otros muchos t\u00e9rminos) debe evitarse si se est\u00e1 embarazada o en per\u00edodo de lactancia. El consumo de cannabis durante el embarazo se ha relacionado con un mayor riesgo de sufrir algunas complicaciones en el embarazo, como parto prematuro y tener un beb\u00e9 con bajo peso al nacer. Los beb\u00e9s que nacen prematuramente o con bajo peso pueden tener mayores tasas de problemas de aprendizaje u otras discapacidades. Adem\u00e1s, las sustancias qu\u00edmicas del cannabis (en particular, el tetrahidrocannabinol o THC, que es el principal componente de la marihuana que produce la \u201ceuforia\u201d) atraviesan la placenta y llegan al beb\u00e9, y existe cierta preocupaci\u00f3n de que esta exposici\u00f3n pueda causar problemas de aprendizaje o comportamiento a largo plazo.<\/p>\n\n\n\n<blockquote class=\"wp-block-quote is-layout-flow wp-block-quote-is-layout-flow\">\n<p>\u201cCuando se fuma o se ingiere cannabis (marihuana), las sustancias qu\u00edmicas llegan al feto atravesando la placenta. Las investigaciones sobre los da\u00f1os del consumo de marihuana durante el embarazo son limitadas. Pero existen posibles riesgos del consumo de marihuana, que incluyen casos de beb\u00e9s m\u00e1s peque\u00f1os al nacer y mortinatos. El Colegio Estadounidense de Obstetras y Ginec\u00f3logos recomienda que las mujeres embarazadas no consuman marihuana.\u201d<\/p>\n<cite>&#8212; <a href=\"https:\/\/www.acog.org\/patient-resources\/faqs\/pregnancy\/marijuana-and-pregnancy\" target=\"_blank\" rel=\"noreferrer noopener\">American College of Obstetricians and Gynecologists <em>Committee Opinion No. 72<\/em>2<\/a><\/cite><\/blockquote>\n\n\n\n<p>El THC tambi\u00e9n puede pasar al beb\u00e9 a trav\u00e9s de la leche materna, ya que se almacena en la grasa y se libera lentamente con el tiempo, lo que significa que un beb\u00e9 podr\u00eda seguir expuesto incluso despu\u00e9s de que la madre deje de consumir cannabis. Un <a href=\"https:\/\/pediatrics.aappublications.org\/content\/142\/3\/e20181076\" target=\"_blank\" rel=\"noreferrer noopener\">estudio<\/a> dirigido por nuestra propia Dra. Christina Chambers descubri\u00f3 que el THC puede estar presente en la leche materna de una madre hasta seis d\u00edas despu\u00e9s del \u00faltimo consumo. Dado que el cerebro de un beb\u00e9 sigue desarroll\u00e1ndose durante el tiempo que es amamantado, los expertos se preocupan por los posibles efectos que esta exposici\u00f3n puede tener en un beb\u00e9 lactante cuando una madre consume cannabis durante la lactancia.<\/p>\n\n\n\n<div style=\"height:20px\" aria-hidden=\"true\" class=\"wp-block-spacer\"><\/div>\n\n\n\n<div style=\"height:23px\" aria-hidden=\"true\" class=\"wp-block-spacer\"><\/div>\n\n\n\n<figure class=\"wp-block-image size-full\"><img loading=\"lazy\" decoding=\"async\" width=\"4000\" height=\"1800\" src=\"https:\/\/mothertobaby.org\/wp-content\/uploads\/2021\/11\/cannabis-2.png\" alt=\"\" class=\"wp-image-5386\" srcset=\"https:\/\/mothertobaby.org\/wp-content\/uploads\/2021\/11\/cannabis-2.png 4000w, https:\/\/mothertobaby.org\/wp-content\/uploads\/2021\/11\/cannabis-2-720x324.png 720w, https:\/\/mothertobaby.org\/wp-content\/uploads\/2021\/11\/cannabis-2-300x135.png 300w, https:\/\/mothertobaby.org\/wp-content\/uploads\/2021\/11\/cannabis-2-1024x461.png 1024w, https:\/\/mothertobaby.org\/wp-content\/uploads\/2021\/11\/cannabis-2-768x346.png 768w, https:\/\/mothertobaby.org\/wp-content\/uploads\/2021\/11\/cannabis-2-1536x691.png 1536w, https:\/\/mothertobaby.org\/wp-content\/uploads\/2021\/11\/cannabis-2-2048x922.png 2048w\" sizes=\"auto, (max-width: 4000px) 100vw, 4000px\" \/><\/figure>\n\n\n\n<p class=\"has-text-align-right\"><em>Referencia: <a href=\"https:\/\/www.acog.org\/clinical\/clinical-guidance\/committee-opinion\/articles\/2017\/10\/marijuana-use-during-pregnancy-and-lactation\" target=\"_blank\" rel=\"noreferrer noopener\">American College of Obstetricians and Gynecologists<\/a> (ACOG) y <a href=\"https:\/\/www.businessinsider.com\/legal-marijuana-states-2018-1\" target=\"_blank\" rel=\"noreferrer noopener\">Business Insider<\/a><\/em><\/p>\n\n\n\n<div style=\"height:20px\" aria-hidden=\"true\" class=\"wp-block-spacer\"><\/div>\n\n\n\n<div style=\"height:23px\" aria-hidden=\"true\" class=\"wp-block-spacer\"><\/div>\n\n\n\n<div class=\"wp-block-genesis-blocks-gb-container gb-block-container\"><div class=\"gb-container-inside\"><div class=\"gb-container-content\">\n<p>Consulte nuestra biblioteca de recursos a continuaci\u00f3n sobre la exposici\u00f3n al cannabis durante el embarazo y la lactancia.<\/p>\n<\/div><\/div><\/div>\n\n\n<div class=\"mtb-rel-cont-list mtb-rel-cont-block\" style=\"background-color: #F0ebf8;\"><h3>Hojas Informativas Relacionadas<\/h3><ul><li><a href='https:\/\/mothertobaby.org\/es\/hojas-informativas\/el-alcohol\/'>Alcohol<\/a><\/li><li><a href='https:\/\/mothertobaby.org\/es\/hojas-informativas\/ansiedad\/'>Ansiedad<\/a><\/li><li><a href='https:\/\/mothertobaby.org\/es\/hojas-informativas\/cigarrillos-electronicos\/'>Cigarrillos electr\u00f3nicos (vapeo)<\/a><\/li><li><a href='https:\/\/mothertobaby.org\/es\/hojas-informativas\/la-cocaina\/'>Coca\u00edna<\/a><\/li><li><a href='https:\/\/mothertobaby.org\/es\/hojas-informativas\/la-depresion\/'>Depresi\u00f3n<\/a><\/li><li><a href='https:\/\/mothertobaby.org\/es\/hojas-informativas\/heroina\/'>Hero\u00edna<\/a><\/li><li><a href='https:\/\/mothertobaby.org\/es\/hojas-informativas\/el-fumar-cigarro-el-embarazo\/'>Humo del cigarrillo<\/a><\/li><li><a href='https:\/\/mothertobaby.org\/es\/hojas-informativas\/mdma\/'>MDMA (Molly, \u00e9xtasis)<\/a><\/li><li><a href='https:\/\/mothertobaby.org\/es\/hojas-informativas\/marihuana\/'>Marihuana (Cannabis)<\/a><\/li><li><a href='https:\/\/mothertobaby.org\/es\/hojas-informativas\/la-metanfetamina\/'>Metanfetamina<\/a><\/li><li><a href='https:\/\/mothertobaby.org\/es\/hojas-informativas\/monoxido-de-carbono\/'>Mon\u00f3xido de Carbono<\/a><\/li><li><a href='https:\/\/mothertobaby.org\/es\/hojas-informativas\/ondansetron-zofran-el-embarazo\/'>Ondansetr\u00f3n (Zofran\u00ae)<\/a><\/li><\/ul><\/div>\n\n\n<div class=\"mtb-rel-cont-list mtb-rel-cont-block\" style=\"background-color: #f9f9ff;\"><h3>Baby Blogs Relacionadas<\/h3><ul><li><a href='https:\/\/mothertobaby.org\/es\/baby-blog\/haciendo-las-preguntas-que-cuentan-cuando-se-considera-la-adopcion\/'>Haciendo las preguntas que cuentan cuando se considera la adopci\u00f3n<\/a><\/li><li><a href='https:\/\/mothertobaby.org\/es\/baby-blog\/alcohol-fumar-y-otras-drogas-por-que-contar-los-deditos-de-su-bebe-no-es-suficiente-para-asegurar-que-esta-sano\/'>Alcohol, Fumar y otras Drogas: Por qu\u00e9 contar los deditos de su beb\u00e9 no es suficiente para asegurar que est\u00e1 sano<\/a><\/li><li><a href='https:\/\/mothertobaby.org\/es\/baby-blog\/la-marihuana-el-embarazo-y-la-leche-materna-acercandonos-a-las-respuestas\/'>La marihuana, el embarazo y la leche materna:  acerc\u00e1ndonos a las respuestas<\/a><\/li><\/ul><\/div>\n\n\n\n\n\n\n<h3 class=\"wp-block-heading\" id=\"h-recursos-externos\">Recursos Externos<\/h3>\n\n\n\n<ul class=\"wp-block-list\">\n<li>March of Dimes: <a href=\"https:\/\/nacersano.marchofdimes.org\/embarazo\/la-marihuana-y-el-embarazo.aspx\" target=\"_blank\" rel=\"noreferrer noopener\">Pregnancy and Marijuana Use<\/a><\/li>\n\n\n\n<li>Substance Abuse and Mental Health Services Administration (SAMHSA): <a rel=\"noreferrer noopener\" href=\"https:\/\/www.samhsa.gov\/marijuana\/marijuana-pregnancy\" target=\"_blank\">Marijuana and Pregnancy<\/a><\/li>\n\n\n\n<li>U.S. Centers for Disease Control and Prevention (CDC): <a href=\"https:\/\/www.cdc.gov\/breastfeeding\/breastfeeding-special-circumstances\/vaccinations-medications-drugs\/marijuana.html\" target=\"_blank\" rel=\"noreferrer noopener\">Breastfeeding and Marijuana<\/a><\/li>\n\n\n\n<li>U.S. Centers for Disease Control and Prevention (CDC): <a href=\"https:\/\/www.cdc.gov\/marijuana\/health-effects\/es\/pregnancy.html#print\" target=\"_blank\" rel=\"noreferrer noopener\">What You Need To Know About Marijuana Use and Pregnancy<\/a><\/li>\n\n\n\n<li>U.S. Food and Drug Administration (FDA): <a href=\"https:\/\/www.fda.gov\/consumers\/consumer-updates\/what-you-should-know-about-using-cannabis-including-cbd-when-pregnant-or-breastfeeding\" target=\"_blank\" rel=\"noreferrer noopener\">What You Should Know About Using Cannabis, Including CBD, When Pregnancy or Breastfeeding<\/a><\/li>\n<\/ul>\n\n\n\n<h3 class=\"wp-block-heading\" id=\"h-socios\">Socios<\/h3>\n\n\n\n<ul class=\"wp-block-list\">\n<li><a rel=\"noreferrer noopener\" href=\"https:\/\/www.pehsu.net\/\" target=\"_blank\"><\/a><a href=\"https:\/\/www.pehsu.net\/\" target=\"_blank\" rel=\"noreferrer noopener\">Pediatric Environmental Health Specialty Units<\/a><\/li>\n\n\n\n<li><a rel=\"noreferrer noopener\" href=\"https:\/\/www.smfm.org\/\" target=\"_blank\">Society for Maternal Fetal Medicine<\/a><\/li>\n<\/ul>\n\n\n\n<div style=\"height:100px\" aria-hidden=\"true\" class=\"wp-block-spacer\"><\/div>\n\n\n\n<div style=\"background-color:#f9f9ff;padding-left:8%;padding-right:8%\" class=\"wp-block-genesis-blocks-gb-container alignfull mtb-hp-block mtb-3-col-cta-row gb-block-container\"><div class=\"gb-container-inside\"><div class=\"gb-container-content\" style=\"max-width:1120px\">\n<div class=\"wp-block-genesis-blocks-gb-columns light-text mtb-3-col-cta no-link-underline gb-layout-columns-3 gb-3-col-equal\"><div class=\"gb-layout-column-wrap gb-block-layout-column-gap-3 gb-is-responsive-column\">\n<div class=\"wp-block-genesis-blocks-gb-column mtb-cta-radius gb-block-layout-column\"><div class=\"gb-block-layout-column-inner gb-has-custom-background-color\" style=\"background-color:#522e83\">\n<h3 class=\"wp-block-heading has-text-align-left\" id=\"h-mant-ngase-en-contacto\">Mant\u00e9ngase en contacto<\/h3>\n\n\n\n<p class=\"has-text-align-left\">Nuestro bolet\u00edn electr\u00f3nico le brinda la informaci\u00f3n, las noticias, y los recursos m\u00e1s recientes de los expertos de MotherToBaby.<\/p>\n\n\n\n<div class=\"wp-block-buttons is-layout-flex wp-block-buttons-is-layout-flex\">\n<div class=\"wp-block-button has-custom-font-size mtb-std-block-btn gb-block-button\" style=\"font-size:20px;line-height:1.2\"><a class=\"wp-block-button__link has-text-color has-background wp-element-button\" href=\"https:\/\/mothertobaby.org\/es\/inscribirse-para-boletin-electronico\/\" style=\"border-radius:5px;color:#ffffff;background-color:#3373dc;padding-top:10px;padding-right:1em;padding-bottom:10px;padding-left:1em\">Inscribirse<\/a><\/div>\n<\/div>\n<\/div><\/div>\n\n\n\n<div class=\"wp-block-genesis-blocks-gb-column mtb-cta-radius gb-block-layout-column\"><div class=\"gb-block-layout-column-inner gb-has-custom-background-color\" style=\"background-color:#522e83\">\n<h3 class=\"wp-block-heading has-text-align-left\" id=\"h-unirse-a-un-estudio\">Unirse a un Estudio<\/h3>\n\n\n\n<p class=\"has-text-align-left\">Los futuros padres merecen mejor informaci\u00f3n sobre la seguridad de los medicamentos, y usted puede ayudar participando en un estudio.<\/p>\n\n\n\n<div class=\"wp-block-buttons is-layout-flex wp-block-buttons-is-layout-flex\">\n<div class=\"wp-block-button has-custom-font-size mtb-std-block-btn gb-block-button\" style=\"font-size:20px;line-height:1.2\"><a class=\"wp-block-button__link has-text-color has-background wp-element-button\" href=\"https:\/\/mothertobaby.org\/es\/exposiciones-durante-el-embarazo-y-la-lactancia\/\" style=\"border-radius:5px;color:#ffffff;background-color:#3373dc;padding-top:10px;padding-right:1em;padding-bottom:10px;padding-left:1em\">Unirse<\/a><\/div>\n<\/div>\n<\/div><\/div>\n\n\n\n<div class=\"wp-block-genesis-blocks-gb-column mtb-cta-radius gb-block-layout-column\"><div class=\"gb-block-layout-column-inner has-orange-cta-background-color has-neutral-plus-2-color\">\n<h3 class=\"wp-block-heading has-text-align-left\" id=\"h-pregunte-a-nuestros-expertos\">Pregunte a Nuestros Expertos<\/h3>\n\n\n\n<p class=\"has-text-align-left\">Llame, env\u00ede mensajes de texto, chatee, o env\u00ede un correo electr\u00f3nico para obtener una evaluaci\u00f3n de riesgos personalizada y gratuita sobre las exposiciones en el embarazo y la lactancia.<\/p>\n\n\n\n<div class=\"wp-block-buttons is-layout-flex wp-block-buttons-is-layout-flex\">\n<div class=\"wp-block-button has-custom-font-size mtb-std-block-btn gb-block-button\" style=\"font-size:20px;line-height:1.2\"><a class=\"wp-block-button__link has-text-color has-background wp-element-button\" href=\"https:\/\/mothertobaby.org\/es\/contactar\/\" style=\"border-radius:5px;color:#ffffff;background-color:#3373dc;padding-top:10px;padding-right:1em;padding-bottom:10px;padding-left:1em\">Contactar<\/a><\/div>\n<\/div>\n<\/div><\/div>\n<\/div><\/div>\n<\/div><\/div><\/div>\n","protected":false},"excerpt":{"rendered":"<p>Por Qu\u00e9 la Euforia No Vale la Pena si Est\u00e1 Embarazada o en Periodo de Lactancia Descargo de responsabilidad: Esta p\u00e1gina contiene informaci\u00f3n y recursos importantes relacionados con el cannabis durante el embarazo y la lactancia, incluyendo enlaces a nuestras hojas informativas basadas en evidencia. Sin embargo, los recursos que aqu\u00ed se ofrecen no deben [&hellip;]<\/p>\n","protected":false},"author":214,"featured_media":2836,"parent":6524,"menu_order":0,"comment_status":"closed","ping_status":"closed","template":"page-templates\/inner-page.php","meta":{"_searchwp_excluded":"","_genesis_hide_title":false,"_genesis_hide_breadcrumbs":false,"_genesis_hide_singular_image":false,"_genesis_hide_footer_widgets":false,"_genesis_custom_body_class":"","_genesis_custom_post_class":"","_genesis_layout":"full-width-content","footnotes":""},"medical-specialty":[],"related-content":[578],"class_list":{"0":"post-6990","1":"page","2":"type-page","3":"status-publish","4":"has-post-thumbnail","6":"related-content-cannabis-2","7":"entry"},"yoast_head":"<!-- This site is optimized with the Yoast SEO Premium plugin v20.13 (Yoast SEO v20.13) - https:\/\/yoast.com\/wordpress\/plugins\/seo\/ -->\n<title>Cannabis - MotherToBaby<\/title>\n<meta name=\"robots\" content=\"index, follow, max-snippet:-1, max-image-preview:large, max-video-preview:-1\" \/>\n<link rel=\"canonical\" href=\"https:\/\/mothertobaby.org\/es\/exposiciones-durante-el-embarazo-y-la-lactancia\/cannabis\/\" \/>\n<meta property=\"og:locale\" content=\"es_ES\" \/>\n<meta property=\"og:type\" content=\"article\" \/>\n<meta property=\"og:title\" content=\"Cannabis\" \/>\n<meta property=\"og:description\" content=\"Por Qu\u00e9 la Euforia No Vale la Pena si Est\u00e1 Embarazada o en Periodo de Lactancia Descargo de responsabilidad: Esta p\u00e1gina contiene informaci\u00f3n y recursos importantes relacionados con el cannabis durante el embarazo y la lactancia, incluyendo enlaces a nuestras hojas informativas basadas en evidencia. Sin embargo, los recursos que aqu\u00ed se ofrecen no deben [&hellip;]\" \/>\n<meta property=\"og:url\" content=\"https:\/\/mothertobaby.org\/es\/exposiciones-durante-el-embarazo-y-la-lactancia\/cannabis\/\" \/>\n<meta property=\"og:site_name\" content=\"MotherToBaby\" \/>\n<meta property=\"article:modified_time\" content=\"2023-09-26T16:10:19+00:00\" \/>\n<meta property=\"og:image\" content=\"https:\/\/mothertobaby.org\/wp-content\/uploads\/2020\/09\/MotherToBaby-Cannabis-Exposures-Header-1600x900-09.20.jpg\" \/>\n\t<meta property=\"og:image:width\" content=\"1600\" \/>\n\t<meta property=\"og:image:height\" content=\"900\" \/>\n\t<meta property=\"og:image:type\" content=\"image\/jpeg\" \/>\n<meta name=\"twitter:card\" content=\"summary_large_image\" \/>\n<meta name=\"twitter:label1\" content=\"Tiempo de lectura\" \/>\n\t<meta name=\"twitter:data1\" content=\"3 minutos\" \/>\n<script type=\"application\/ld+json\" class=\"yoast-schema-graph\">{\"@context\":\"https:\/\/schema.org\",\"@graph\":[{\"@type\":\"WebPage\",\"@id\":\"https:\/\/mothertobaby.org\/es\/exposiciones-durante-el-embarazo-y-la-lactancia\/cannabis\/\",\"url\":\"https:\/\/mothertobaby.org\/es\/exposiciones-durante-el-embarazo-y-la-lactancia\/cannabis\/\",\"name\":\"Cannabis - MotherToBaby\",\"isPartOf\":{\"@id\":\"https:\/\/mothertobaby.org\/es\/#website\"},\"datePublished\":\"2022-11-21T23:20:42+00:00\",\"dateModified\":\"2023-09-26T16:10:19+00:00\",\"breadcrumb\":{\"@id\":\"https:\/\/mothertobaby.org\/es\/exposiciones-durante-el-embarazo-y-la-lactancia\/cannabis\/#breadcrumb\"},\"inLanguage\":\"es\",\"potentialAction\":[{\"@type\":\"ReadAction\",\"target\":[\"https:\/\/mothertobaby.org\/es\/exposiciones-durante-el-embarazo-y-la-lactancia\/cannabis\/\"]}]},{\"@type\":\"BreadcrumbList\",\"@id\":\"https:\/\/mothertobaby.org\/es\/exposiciones-durante-el-embarazo-y-la-lactancia\/cannabis\/#breadcrumb\",\"itemListElement\":[{\"@type\":\"ListItem\",\"position\":1,\"name\":\"Home\",\"item\":\"https:\/\/mothertobaby.org\/es\/\"},{\"@type\":\"ListItem\",\"position\":2,\"name\":\"Exposiciones Durante el Embarazo y la Lactancia\",\"item\":\"https:\/\/mothertobaby.org\/es\/exposiciones-durante-el-embarazo-y-la-lactancia\/\"},{\"@type\":\"ListItem\",\"position\":3,\"name\":\"Cannabis\"}]},{\"@type\":\"WebSite\",\"@id\":\"https:\/\/mothertobaby.org\/es\/#website\",\"url\":\"https:\/\/mothertobaby.org\/es\/\",\"name\":\"MotherToBaby\",\"description\":\"Medications and More during pregnancy and breastfeeding\",\"publisher\":{\"@id\":\"https:\/\/mothertobaby.org\/es\/#organization\"},\"potentialAction\":[{\"@type\":\"SearchAction\",\"target\":{\"@type\":\"EntryPoint\",\"urlTemplate\":\"https:\/\/mothertobaby.org\/es\/?s={search_term_string}\"},\"query-input\":\"required name=search_term_string\"}],\"inLanguage\":\"es\"},{\"@type\":\"Organization\",\"@id\":\"https:\/\/mothertobaby.org\/es\/#organization\",\"name\":\"MotherToBaby\",\"url\":\"https:\/\/mothertobaby.org\/es\/\",\"logo\":{\"@type\":\"ImageObject\",\"inLanguage\":\"es\",\"@id\":\"https:\/\/mothertobaby.org\/es\/#\/schema\/logo\/image\/\",\"url\":\"https:\/\/mothertobaby.org\/wp-content\/uploads\/2023\/06\/MTB-horz-copyright-sm-1.png\",\"contentUrl\":\"https:\/\/mothertobaby.org\/wp-content\/uploads\/2023\/06\/MTB-horz-copyright-sm-1.png\",\"width\":284,\"height\":52,\"caption\":\"MotherToBaby\"},\"image\":{\"@id\":\"https:\/\/mothertobaby.org\/es\/#\/schema\/logo\/image\/\"}}]}<\/script>\n<!-- \/ Yoast SEO Premium plugin. -->","yoast_head_json":{"title":"Cannabis - MotherToBaby","robots":{"index":"index","follow":"follow","max-snippet":"max-snippet:-1","max-image-preview":"max-image-preview:large","max-video-preview":"max-video-preview:-1"},"canonical":"https:\/\/mothertobaby.org\/es\/exposiciones-durante-el-embarazo-y-la-lactancia\/cannabis\/","og_locale":"es_ES","og_type":"article","og_title":"Cannabis","og_description":"Por Qu\u00e9 la Euforia No Vale la Pena si Est\u00e1 Embarazada o en Periodo de Lactancia Descargo de responsabilidad: Esta p\u00e1gina contiene informaci\u00f3n y recursos importantes relacionados con el cannabis durante el embarazo y la lactancia, incluyendo enlaces a nuestras hojas informativas basadas en evidencia. Sin embargo, los recursos que aqu\u00ed se ofrecen no deben [&hellip;]","og_url":"https:\/\/mothertobaby.org\/es\/exposiciones-durante-el-embarazo-y-la-lactancia\/cannabis\/","og_site_name":"MotherToBaby","article_modified_time":"2023-09-26T16:10:19+00:00","og_image":[{"width":1600,"height":900,"url":"https:\/\/mothertobaby.org\/wp-content\/uploads\/2020\/09\/MotherToBaby-Cannabis-Exposures-Header-1600x900-09.20.jpg","type":"image\/jpeg"}],"twitter_card":"summary_large_image","twitter_misc":{"Tiempo de lectura":"3 minutos"},"schema":{"@context":"https:\/\/schema.org","@graph":[{"@type":"WebPage","@id":"https:\/\/mothertobaby.org\/es\/exposiciones-durante-el-embarazo-y-la-lactancia\/cannabis\/","url":"https:\/\/mothertobaby.org\/es\/exposiciones-durante-el-embarazo-y-la-lactancia\/cannabis\/","name":"Cannabis - MotherToBaby","isPartOf":{"@id":"https:\/\/mothertobaby.org\/es\/#website"},"datePublished":"2022-11-21T23:20:42+00:00","dateModified":"2023-09-26T16:10:19+00:00","breadcrumb":{"@id":"https:\/\/mothertobaby.org\/es\/exposiciones-durante-el-embarazo-y-la-lactancia\/cannabis\/#breadcrumb"},"inLanguage":"es","potentialAction":[{"@type":"ReadAction","target":["https:\/\/mothertobaby.org\/es\/exposiciones-durante-el-embarazo-y-la-lactancia\/cannabis\/"]}]},{"@type":"BreadcrumbList","@id":"https:\/\/mothertobaby.org\/es\/exposiciones-durante-el-embarazo-y-la-lactancia\/cannabis\/#breadcrumb","itemListElement":[{"@type":"ListItem","position":1,"name":"Home","item":"https:\/\/mothertobaby.org\/es\/"},{"@type":"ListItem","position":2,"name":"Exposiciones Durante el Embarazo y la Lactancia","item":"https:\/\/mothertobaby.org\/es\/exposiciones-durante-el-embarazo-y-la-lactancia\/"},{"@type":"ListItem","position":3,"name":"Cannabis"}]},{"@type":"WebSite","@id":"https:\/\/mothertobaby.org\/es\/#website","url":"https:\/\/mothertobaby.org\/es\/","name":"MotherToBaby","description":"Medications and More during pregnancy and breastfeeding","publisher":{"@id":"https:\/\/mothertobaby.org\/es\/#organization"},"potentialAction":[{"@type":"SearchAction","target":{"@type":"EntryPoint","urlTemplate":"https:\/\/mothertobaby.org\/es\/?s={search_term_string}"},"query-input":"required name=search_term_string"}],"inLanguage":"es"},{"@type":"Organization","@id":"https:\/\/mothertobaby.org\/es\/#organization","name":"MotherToBaby","url":"https:\/\/mothertobaby.org\/es\/","logo":{"@type":"ImageObject","inLanguage":"es","@id":"https:\/\/mothertobaby.org\/es\/#\/schema\/logo\/image\/","url":"https:\/\/mothertobaby.org\/wp-content\/uploads\/2023\/06\/MTB-horz-copyright-sm-1.png","contentUrl":"https:\/\/mothertobaby.org\/wp-content\/uploads\/2023\/06\/MTB-horz-copyright-sm-1.png","width":284,"height":52,"caption":"MotherToBaby"},"image":{"@id":"https:\/\/mothertobaby.org\/es\/#\/schema\/logo\/image\/"}}]}},"featured_image_src":"https:\/\/mothertobaby.org\/wp-content\/uploads\/2020\/09\/MotherToBaby-Cannabis-Exposures-Header-1600x900-09.20.jpg","featured_image_src_square":"https:\/\/mothertobaby.org\/wp-content\/uploads\/2020\/09\/MotherToBaby-Cannabis-Exposures-Header-1600x900-09.20.jpg","_links":{"self":[{"href":"https:\/\/mothertobaby.org\/es\/wp-json\/wp\/v2\/pages\/6990","targetHints":{"allow":["GET"]}}],"collection":[{"href":"https:\/\/mothertobaby.org\/es\/wp-json\/wp\/v2\/pages"}],"about":[{"href":"https:\/\/mothertobaby.org\/es\/wp-json\/wp\/v2\/types\/page"}],"author":[{"embeddable":true,"href":"https:\/\/mothertobaby.org\/es\/wp-json\/wp\/v2\/users\/214"}],"replies":[{"embeddable":true,"href":"https:\/\/mothertobaby.org\/es\/wp-json\/wp\/v2\/comments?post=6990"}],"version-history":[{"count":0,"href":"https:\/\/mothertobaby.org\/es\/wp-json\/wp\/v2\/pages\/6990\/revisions"}],"up":[{"embeddable":true,"href":"https:\/\/mothertobaby.org\/es\/wp-json\/wp\/v2\/pages\/6524"}],"wp:featuredmedia":[{"embeddable":true,"href":"https:\/\/mothertobaby.org\/es\/wp-json\/wp\/v2\/media\/2836"}],"wp:attachment":[{"href":"https:\/\/mothertobaby.org\/es\/wp-json\/wp\/v2\/media?parent=6990"}],"wp:term":[{"taxonomy":"medical-specialty","embeddable":true,"href":"https:\/\/mothertobaby.org\/es\/wp-json\/wp\/v2\/medical-specialty?post=6990"},{"taxonomy":"related-content","embeddable":true,"href":"https:\/\/mothertobaby.org\/es\/wp-json\/wp\/v2\/related-content?post=6990"}],"curies":[{"name":"wp","href":"https:\/\/api.w.org\/{rel}","templated":true}]}}