{"id":6991,"date":"2022-11-21T15:24:40","date_gmt":"2022-11-21T23:24:40","guid":{"rendered":"https:\/\/mothertobaby.org\/?page_id=6991"},"modified":"2023-10-02T10:35:29","modified_gmt":"2023-10-02T17:35:29","slug":"resfriados-y-gripe","status":"publish","type":"page","link":"https:\/\/mothertobaby.org\/es\/exposiciones-durante-el-embarazo-y-la-lactancia\/resfriados-y-gripe\/","title":{"rendered":"Resfriados y Gripe"},"content":{"rendered":"\n<h2 class=\"wp-block-heading has-neutral-color has-text-color\" id=\"h-silbidos-y-estornudos-como-superar-los-resfriados-y-la-gripe-durante-el-embarazo-o-la-lactancia\"><strong><strong>Silbidos y Estornudos: C\u00f3mo Superar los Resfriados y la Gripe Durante el Embarazo o la Lactancia<\/strong><\/strong><\/h2>\n\n\n\n<p class=\"has-primary-purple-color has-text-color\"><em><em><em><em><em>Descargo de responsabilidad: Esta p\u00e1gina contiene informaci\u00f3n y recursos importantes relacionados con los resfriados y la gripe durante el embarazo y la lactancia, e incluye enlaces a nuestras Hojas Informativas basadas en evidencia. Sin embargo, los recursos que aqu\u00ed se ofrecen no deben sustituir la atenci\u00f3n y el asesoramiento de un profesional m\u00e9dico.<\/em><\/em><\/em><\/em><\/em><\/p>\n\n\n\n<p>El resfriado com\u00fan puede hacer que busque medicamentos que pueda usar para tratar s\u00edntomas como la tos, el dolor de garganta, la congesti\u00f3n, los estornudos y la fiebre. Los productos de venta libre que normalmente busca sin pensarlo dos veces ahora pueden hacer que se detenga cuando est\u00e1 embarazada o en periodo de lactancia. Aunque no se espera que muchos medicamentos para el resfriado aumenten los riesgos del embarazo o la lactancia con el uso a corto plazo, algunos medicamentos pueden ser preferibles a otros. Siempre hable con su proveedor de atenci\u00f3n de salud antes de tomar alg\u00fan medicamento y consulte nuestros recursos si est\u00e1 buscando informaci\u00f3n sobre un ingrediente activo espec\u00edfico.<\/p>\n\n\n\n<blockquote class=\"wp-block-quote is-layout-flow wp-block-quote-is-layout-flow\">\n<p>\u201c<em><em>Los cambios normales en el sistema inmunitario que ocurren durante el embarazo pueden aumentar el riesgo de complicaciones por la gripe. Tambi\u00e9n tiene un mayor riesgo de sufrir complicaciones en el embarazo, como parto prematuro y nacimiento prematuro, si contrae la gripe. Es m\u00e1s probable que sea hospitalizada si contrae la gripe mientras est\u00e1 embarazada que cuando no lo est\u00e1. El riesgo de morir a causa de la gripe tambi\u00e9n aumenta<\/em><\/em>.\u201d<\/p>\n<cite>&#8212; <a rel=\"noreferrer noopener\" href=\"\/\/www.acog.org\/womens-health\/faqs\/the-flu-vaccine-and-pregnancy\" target=\"_blank\">American College of Obstetricians and Gynecologists<\/a><\/cite><\/blockquote>\n\n\n\n<p>Enfermarse de gripe en cualquier trimestre del embarazo puede ser bastante grave. Estar embarazada aumenta la posibilidad de tener un caso m\u00e1s grave de gripe, lo que podr\u00eda provocar complicaciones en el embarazo. Si cree que tiene gripe, hable con su proveedor de atenci\u00f3n de salud de inmediato sobre las formas recomendadas para tratar los s\u00edntomas. Tambi\u00e9n tenga en cuenta que cuando se trata de la gripe, \u00a1una onza de prevenci\u00f3n definitivamente vale una libra de cura! La vacuna contra la gripe se recomienda en mujeres embarazadas y lactantes para proteger tanto a la madre como al beb\u00e9. Los estudios de miles de embarazos de todo el mundo no han encontrado mayores posibilidades de defectos de nacimiento u otras complicaciones del embarazo a causa de la vacuna contra la gripe.<\/p>\n\n\n\n<div style=\"height:20px\" aria-hidden=\"true\" class=\"wp-block-spacer\"><\/div>\n\n\n\n<div style=\"height:23px\" aria-hidden=\"true\" class=\"wp-block-spacer\"><\/div>\n\n\n\n<figure class=\"wp-block-image size-full\"><img loading=\"lazy\" decoding=\"async\" width=\"4000\" height=\"1875\" src=\"https:\/\/mothertobaby.org\/wp-content\/uploads\/2021\/11\/colds-flu.png\" alt=\"\" class=\"wp-image-5381\" srcset=\"https:\/\/mothertobaby.org\/wp-content\/uploads\/2021\/11\/colds-flu.png 4000w, https:\/\/mothertobaby.org\/wp-content\/uploads\/2021\/11\/colds-flu-720x338.png 720w, https:\/\/mothertobaby.org\/wp-content\/uploads\/2021\/11\/colds-flu-300x141.png 300w, https:\/\/mothertobaby.org\/wp-content\/uploads\/2021\/11\/colds-flu-1024x480.png 1024w, https:\/\/mothertobaby.org\/wp-content\/uploads\/2021\/11\/colds-flu-768x360.png 768w, https:\/\/mothertobaby.org\/wp-content\/uploads\/2021\/11\/colds-flu-1536x720.png 1536w, https:\/\/mothertobaby.org\/wp-content\/uploads\/2021\/11\/colds-flu-2048x960.png 2048w\" sizes=\"auto, (max-width: 4000px) 100vw, 4000px\" \/><\/figure>\n\n\n\n<p class=\"has-text-align-right\"><em>Referencia: <a href=\"https:\/\/www.fda.gov\/consumers\/consumer-updates\/it-cold-or-flu-prevention-symptoms-treatments\" target=\"_blank\" rel=\"noreferrer noopener\">Food &amp; Drug Administration<\/a><\/em><\/p>\n\n\n\n<div style=\"height:20px\" aria-hidden=\"true\" class=\"wp-block-spacer\"><\/div>\n\n\n\n<div style=\"height:23px\" aria-hidden=\"true\" class=\"wp-block-spacer\"><\/div>\n\n\n\n<div class=\"wp-block-genesis-blocks-gb-container gb-block-container\"><div class=\"gb-container-inside\"><div class=\"gb-container-content\">\n<p>Consulte nuestra biblioteca de recursos a continuaci\u00f3n sobre la exposici\u00f3n a los resfriados y la gripe durante el embarazo y la lactancia.<\/p>\n<\/div><\/div><\/div>\n\n\n<div class=\"mtb-rel-cont-list mtb-rel-cont-block\" style=\"background-color: #F0ebf8;\"><h3>Hojas Informativas Relacionadas<\/h3><ul><li><a href='https:\/\/mothertobaby.org\/es\/hojas-informativas\/el-acetaminofen\/'>Acetaminof\u00e9n (Paracetamol)<\/a><\/li><li><a href='https:\/\/mothertobaby.org\/es\/hojas-informativas\/la-codeina\/'>Code\u00edna<\/a><\/li><li><a href='https:\/\/mothertobaby.org\/es\/hojas-informativas\/dextromethorphan\/'>Dextrometorfano<\/a><\/li><li><a href='https:\/\/mothertobaby.org\/es\/hojas-informativas\/phenylephrine\/'>Fenilefrina<\/a><\/li><li><a href='https:\/\/mothertobaby.org\/es\/hojas-informativas\/la-hipertermia\/'>Fiebre \/ Hipertermia<\/a><\/li><li><a href='https:\/\/mothertobaby.org\/es\/hojas-informativas\/ibuprofeno\/'>Ibuprofeno<\/a><\/li><li><a href='https:\/\/mothertobaby.org\/es\/hojas-informativas\/medicamentos-antivirales-para-tratarprevenir-la-influenza-gripa\/'>Medicamentos Antivirales para Prevenir o Tratar la Influenza (Gripe)<\/a><\/li><li><a href='https:\/\/mothertobaby.org\/es\/hojas-informativas\/naproxeno\/'>Naproxeno<\/a><\/li><li><a href='https:\/\/mothertobaby.org\/es\/hojas-informativas\/oxymetazoline\/'>Oximetazolina<\/a><\/li><li><a href='https:\/\/mothertobaby.org\/es\/hojas-informativas\/vacuna-contra-el-virus-sincitial-respiratorio-vsr-abrysvo\/'>Vacuna contra el Virus Sincitial Respiratorio (VSR) (Abrysvo\u00ae)<\/a><\/li><li><a href='https:\/\/mothertobaby.org\/es\/hojas-informativas\/virus-sincitial-respiratorio-vsr\/'>Virus Sincitial Respiratorio (VSR)<\/a><\/li><li><a href='https:\/\/mothertobaby.org\/es\/hojas-informativas\/la-vacuna-contra-influenza-estacional-flu-shot-durante-el-embarazo\/'>\u200b\u200bVacuna antigripal (Flu Shot)\u200b<\/a><\/li><\/ul><\/div>\n\n\n<div class=\"mtb-rel-cont-list mtb-rel-cont-block\" style=\"background-color: #f9f9ff;\"><h3>Baby Blogs Relacionadas<\/h3><ul><li><a href='https:\/\/mothertobaby.org\/es\/baby-blog\/manejo-de-los-problemas-estomacales-durante-el-embarazo\/'>Manejo de los problemas estomacales durante el embarazo<\/a><\/li><li><a href='https:\/\/mothertobaby.org\/es\/baby-blog\/es-un-resfriado-la-gripe-es-simplemente-miserable\/'>\u00bfEs un resfriado? \u00bfLa gripe? Es simplemente miserable.<\/a><\/li><li><a href='https:\/\/mothertobaby.org\/es\/baby-blog\/la-lactancia-materna-tratamiento-de-la-tos-y-los-sintomas-del-resfrio\/'>La lactancia materna: tratamiento de la tos y los s\u00edntomas del resfr\u00edo<\/a><\/li><\/ul><\/div>\n\n\n\n\n\n\n<h3 class=\"wp-block-heading\" id=\"h-recursos-externos\">Recursos Externos<\/h3>\n\n\n\n<ul class=\"wp-block-list\">\n<li>American College of Obstetricians and Gynecologists: <a href=\"https:\/\/www.acog.org\/womens-health\/faqs\/the-flu-vaccine-and-pregnancy\" target=\"_blank\" rel=\"noreferrer noopener\">The Flu Vaccine and Pregnancy<\/a><\/li>\n\n\n\n<li>Centers for Disease Control and Prevention: <a href=\"https:\/\/www.cdc.gov\/breastfeeding\/breastfeeding-special-circumstances\/maternal-or-infant-illnesses\/influenza.html\" target=\"_blank\" rel=\"noreferrer noopener\">Breastfeeding &amp; Influenza (Flu)<\/a> &nbsp;<\/li>\n\n\n\n<li>Centers for Disease Control and Prevention: <a href=\"https:\/\/espanol.cdc.gov\/flu\/symptoms\/coldflu.htm\">Resfr\u00edo versus influenza<\/a><\/li>\n\n\n\n<li>Centers for Disease Control and Prevention: <a href=\"https:\/\/espanol.cdc.gov\/flu\/highrisk\/pregnant.htm\" target=\"_blank\" rel=\"noreferrer noopener\">Influenza y embarazo<\/a><\/li>\n\n\n\n<li>Centers for Disease Control and Prevention: <a href=\"https:\/\/espanol.cdc.gov\/flu\/highrisk\/qa_vacpregnant.htm\" target=\"_blank\" rel=\"noreferrer noopener\">La seguridad de la vacuna contra la influenza durante el embarazo<\/a><\/li>\n\n\n\n<li>March of Dimes: <a href=\"https:\/\/www.marchofdimes.org\/complications\/influenza-and-pregnancy.aspx\" target=\"_blank\" rel=\"noreferrer noopener\">Influenza (Flu) and Pregnancy<\/a><\/li>\n\n\n\n<li>What To Expect: <a href=\"https:\/\/www.whattoexpect.com\/first-year\/breastfeeding\/breastfeeding-while-sick\/\" target=\"_blank\" rel=\"noreferrer noopener\">Breastfeeding When You\u2019re Sick<\/a><\/li>\n\n\n\n<li>What To Expect: <a href=\"https:\/\/www.whattoexpect.com\/pregnancy\/pregnancy-health\/colds-during-pregnancy\/\" target=\"_blank\" rel=\"noreferrer noopener\">Colds during Pregnancy<\/a><\/li>\n\n\n\n<li>What To Expect: <a href=\"https:\/\/www.whattoexpect.com\/pregnancy\/pregnancy-health\/flu-during-pregnancy\/\" target=\"_blank\" rel=\"noreferrer noopener\">Flu during Pregnancy: What You Need to Know to Stay Safe<\/a><\/li>\n<\/ul>\n\n\n\n<h3 class=\"wp-block-heading\" id=\"h-socios\">Socios<\/h3>\n\n\n\n<ul class=\"wp-block-list\">\n<li><a rel=\"noreferrer noopener\" href=\"https:\/\/www.pehsu.net\/\" target=\"_blank\"><\/a><a rel=\"noreferrer noopener\" href=\"https:\/\/www.patienteducationgenius.com\/\" target=\"_blank\">Patient Education Genius<\/a><\/li>\n\n\n\n<li><a rel=\"noreferrer noopener\" href=\"https:\/\/www.smfm.org\/\" target=\"_blank\">Society for Maternal Fetal Medicine<\/a><\/li>\n\n\n\n<li><a href=\"https:\/\/birthdefectsresearch.org\/\" target=\"_blank\" rel=\"noreferrer noopener\">Society for Birth Defects Research &amp; Prevention<\/a><\/li>\n<\/ul>\n\n\n\n<div style=\"height:100px\" aria-hidden=\"true\" class=\"wp-block-spacer\"><\/div>\n\n\n\n<div style=\"background-color:#f9f9ff;padding-left:8%;padding-right:8%\" class=\"wp-block-genesis-blocks-gb-container alignfull mtb-hp-block mtb-3-col-cta-row gb-block-container\"><div class=\"gb-container-inside\"><div class=\"gb-container-content\" style=\"max-width:1120px\">\n<div class=\"wp-block-genesis-blocks-gb-columns light-text mtb-3-col-cta no-link-underline gb-layout-columns-3 gb-3-col-equal\"><div class=\"gb-layout-column-wrap gb-block-layout-column-gap-3 gb-is-responsive-column\">\n<div class=\"wp-block-genesis-blocks-gb-column mtb-cta-radius gb-block-layout-column\"><div class=\"gb-block-layout-column-inner gb-has-custom-background-color\" style=\"background-color:#522e83\">\n<h3 class=\"wp-block-heading has-text-align-left\" id=\"h-mant-ngase-en-contacto\">Mant\u00e9ngase en contacto<\/h3>\n\n\n\n<p class=\"has-text-align-left\">Nuestro bolet\u00edn electr\u00f3nico le brinda la informaci\u00f3n, las noticias, y los recursos m\u00e1s recientes de los expertos de MotherToBaby.<\/p>\n\n\n\n<div class=\"wp-block-buttons is-layout-flex wp-block-buttons-is-layout-flex\">\n<div class=\"wp-block-button has-custom-font-size mtb-std-block-btn gb-block-button\" style=\"font-size:20px;line-height:1.2\"><a class=\"wp-block-button__link has-text-color has-background wp-element-button\" href=\"https:\/\/mothertobaby.org\/es\/inscribirse-para-boletin-electronico\/\" style=\"border-radius:5px;color:#ffffff;background-color:#3373dc;padding-top:10px;padding-right:1em;padding-bottom:10px;padding-left:1em\">Inscribirse<\/a><\/div>\n<\/div>\n<\/div><\/div>\n\n\n\n<div class=\"wp-block-genesis-blocks-gb-column mtb-cta-radius gb-block-layout-column\"><div class=\"gb-block-layout-column-inner gb-has-custom-background-color\" style=\"background-color:#522e83\">\n<h3 class=\"wp-block-heading has-text-align-left\" id=\"h-unirse-a-un-estudio\">Unirse a un Estudio<\/h3>\n\n\n\n<p class=\"has-text-align-left\">Los futuros padres merecen mejor informaci\u00f3n sobre la seguridad de los medicamentos, y usted puede ayudar participando en un estudio.<\/p>\n\n\n\n<div class=\"wp-block-buttons is-layout-flex wp-block-buttons-is-layout-flex\">\n<div class=\"wp-block-button has-custom-font-size mtb-std-block-btn gb-block-button\" style=\"font-size:20px;line-height:1.2\"><a class=\"wp-block-button__link has-text-color has-background wp-element-button\" href=\"https:\/\/mothertobaby.org\/es\/exposiciones-durante-el-embarazo-y-la-lactancia\/\" style=\"border-radius:5px;color:#ffffff;background-color:#3373dc;padding-top:10px;padding-right:1em;padding-bottom:10px;padding-left:1em\">Unirse<\/a><\/div>\n<\/div>\n<\/div><\/div>\n\n\n\n<div class=\"wp-block-genesis-blocks-gb-column mtb-cta-radius gb-block-layout-column\"><div class=\"gb-block-layout-column-inner has-orange-cta-background-color has-neutral-plus-2-color\">\n<h3 class=\"wp-block-heading has-text-align-left\" id=\"h-pregunte-a-nuestros-expertos\">Pregunte a Nuestros Expertos<\/h3>\n\n\n\n<p class=\"has-text-align-left\">Llame, env\u00ede mensajes de texto, chatee, o env\u00ede un correo electr\u00f3nico para obtener una evaluaci\u00f3n de riesgos personalizada y gratuita sobre las exposiciones en el embarazo y la lactancia.<\/p>\n\n\n\n<div class=\"wp-block-buttons is-layout-flex wp-block-buttons-is-layout-flex\">\n<div class=\"wp-block-button has-custom-font-size mtb-std-block-btn gb-block-button\" style=\"font-size:20px;line-height:1.2\"><a class=\"wp-block-button__link has-text-color has-background wp-element-button\" href=\"https:\/\/mothertobaby.org\/es\/contactar\/\" style=\"border-radius:5px;color:#ffffff;background-color:#3373dc;padding-top:10px;padding-right:1em;padding-bottom:10px;padding-left:1em\">Contactar<\/a><\/div>\n<\/div>\n<\/div><\/div>\n<\/div><\/div>\n<\/div><\/div><\/div>\n","protected":false},"excerpt":{"rendered":"<p>Silbidos y Estornudos: C\u00f3mo Superar los Resfriados y la Gripe Durante el Embarazo o la Lactancia Descargo de responsabilidad: Esta p\u00e1gina contiene informaci\u00f3n y recursos importantes relacionados con los resfriados y la gripe durante el embarazo y la lactancia, e incluye enlaces a nuestras Hojas Informativas basadas en evidencia. Sin embargo, los recursos que aqu\u00ed [&hellip;]<\/p>\n","protected":false},"author":214,"featured_media":3890,"parent":6524,"menu_order":0,"comment_status":"closed","ping_status":"closed","template":"page-templates\/inner-page.php","meta":{"_searchwp_excluded":"","_genesis_hide_title":false,"_genesis_hide_breadcrumbs":false,"_genesis_hide_singular_image":false,"_genesis_hide_footer_widgets":false,"_genesis_custom_body_class":"","_genesis_custom_post_class":"","_genesis_layout":"full-width-content","footnotes":""},"medical-specialty":[],"related-content":[598],"class_list":{"0":"post-6991","1":"page","2":"type-page","3":"status-publish","4":"has-post-thumbnail","6":"related-content-resfriado-y-gripe","7":"entry"},"yoast_head":"<!-- This site is optimized with the Yoast SEO Premium plugin v20.13 (Yoast SEO v20.13) - https:\/\/yoast.com\/wordpress\/plugins\/seo\/ -->\n<title>Resfriados y Gripe - MotherToBaby<\/title>\n<meta name=\"robots\" content=\"index, follow, max-snippet:-1, max-image-preview:large, max-video-preview:-1\" \/>\n<link rel=\"canonical\" href=\"https:\/\/mothertobaby.org\/es\/exposiciones-durante-el-embarazo-y-la-lactancia\/resfriados-y-gripe\/\" \/>\n<meta property=\"og:locale\" content=\"es_ES\" \/>\n<meta property=\"og:type\" content=\"article\" \/>\n<meta property=\"og:title\" content=\"Resfriados y Gripe\" \/>\n<meta property=\"og:description\" content=\"Silbidos y Estornudos: C\u00f3mo Superar los Resfriados y la Gripe Durante el Embarazo o la Lactancia Descargo de responsabilidad: Esta p\u00e1gina contiene informaci\u00f3n y recursos importantes relacionados con los resfriados y la gripe durante el embarazo y la lactancia, e incluye enlaces a nuestras Hojas Informativas basadas en evidencia. Sin embargo, los recursos que aqu\u00ed [&hellip;]\" \/>\n<meta property=\"og:url\" content=\"https:\/\/mothertobaby.org\/es\/exposiciones-durante-el-embarazo-y-la-lactancia\/resfriados-y-gripe\/\" \/>\n<meta property=\"og:site_name\" content=\"MotherToBaby\" \/>\n<meta property=\"article:modified_time\" content=\"2023-10-02T17:35:29+00:00\" \/>\n<meta property=\"og:image\" content=\"https:\/\/mothertobaby.org\/wp-content\/uploads\/2020\/12\/MotherToBaby-Colds-Flu.png\" \/>\n\t<meta property=\"og:image:width\" content=\"1600\" \/>\n\t<meta property=\"og:image:height\" content=\"900\" \/>\n\t<meta property=\"og:image:type\" content=\"image\/png\" \/>\n<meta name=\"twitter:card\" content=\"summary_large_image\" \/>\n<meta name=\"twitter:label1\" content=\"Tiempo de lectura\" \/>\n\t<meta name=\"twitter:data1\" content=\"3 minutos\" \/>\n<script type=\"application\/ld+json\" class=\"yoast-schema-graph\">{\"@context\":\"https:\/\/schema.org\",\"@graph\":[{\"@type\":\"WebPage\",\"@id\":\"https:\/\/mothertobaby.org\/es\/exposiciones-durante-el-embarazo-y-la-lactancia\/resfriados-y-gripe\/\",\"url\":\"https:\/\/mothertobaby.org\/es\/exposiciones-durante-el-embarazo-y-la-lactancia\/resfriados-y-gripe\/\",\"name\":\"Resfriados y Gripe - MotherToBaby\",\"isPartOf\":{\"@id\":\"https:\/\/mothertobaby.org\/es\/#website\"},\"datePublished\":\"2022-11-21T23:24:40+00:00\",\"dateModified\":\"2023-10-02T17:35:29+00:00\",\"breadcrumb\":{\"@id\":\"https:\/\/mothertobaby.org\/es\/exposiciones-durante-el-embarazo-y-la-lactancia\/resfriados-y-gripe\/#breadcrumb\"},\"inLanguage\":\"es\",\"potentialAction\":[{\"@type\":\"ReadAction\",\"target\":[\"https:\/\/mothertobaby.org\/es\/exposiciones-durante-el-embarazo-y-la-lactancia\/resfriados-y-gripe\/\"]}]},{\"@type\":\"BreadcrumbList\",\"@id\":\"https:\/\/mothertobaby.org\/es\/exposiciones-durante-el-embarazo-y-la-lactancia\/resfriados-y-gripe\/#breadcrumb\",\"itemListElement\":[{\"@type\":\"ListItem\",\"position\":1,\"name\":\"Home\",\"item\":\"https:\/\/mothertobaby.org\/es\/\"},{\"@type\":\"ListItem\",\"position\":2,\"name\":\"Exposiciones Durante el Embarazo y la Lactancia\",\"item\":\"https:\/\/mothertobaby.org\/es\/exposiciones-durante-el-embarazo-y-la-lactancia\/\"},{\"@type\":\"ListItem\",\"position\":3,\"name\":\"Resfriados y Gripe\"}]},{\"@type\":\"WebSite\",\"@id\":\"https:\/\/mothertobaby.org\/es\/#website\",\"url\":\"https:\/\/mothertobaby.org\/es\/\",\"name\":\"MotherToBaby\",\"description\":\"Medications and More during pregnancy and breastfeeding\",\"publisher\":{\"@id\":\"https:\/\/mothertobaby.org\/es\/#organization\"},\"potentialAction\":[{\"@type\":\"SearchAction\",\"target\":{\"@type\":\"EntryPoint\",\"urlTemplate\":\"https:\/\/mothertobaby.org\/es\/?s={search_term_string}\"},\"query-input\":\"required name=search_term_string\"}],\"inLanguage\":\"es\"},{\"@type\":\"Organization\",\"@id\":\"https:\/\/mothertobaby.org\/es\/#organization\",\"name\":\"MotherToBaby\",\"url\":\"https:\/\/mothertobaby.org\/es\/\",\"logo\":{\"@type\":\"ImageObject\",\"inLanguage\":\"es\",\"@id\":\"https:\/\/mothertobaby.org\/es\/#\/schema\/logo\/image\/\",\"url\":\"https:\/\/mothertobaby.org\/wp-content\/uploads\/2023\/06\/MTB-horz-copyright-sm-1.png\",\"contentUrl\":\"https:\/\/mothertobaby.org\/wp-content\/uploads\/2023\/06\/MTB-horz-copyright-sm-1.png\",\"width\":284,\"height\":52,\"caption\":\"MotherToBaby\"},\"image\":{\"@id\":\"https:\/\/mothertobaby.org\/es\/#\/schema\/logo\/image\/\"}}]}<\/script>\n<!-- \/ Yoast SEO Premium plugin. -->","yoast_head_json":{"title":"Resfriados y Gripe - MotherToBaby","robots":{"index":"index","follow":"follow","max-snippet":"max-snippet:-1","max-image-preview":"max-image-preview:large","max-video-preview":"max-video-preview:-1"},"canonical":"https:\/\/mothertobaby.org\/es\/exposiciones-durante-el-embarazo-y-la-lactancia\/resfriados-y-gripe\/","og_locale":"es_ES","og_type":"article","og_title":"Resfriados y Gripe","og_description":"Silbidos y Estornudos: C\u00f3mo Superar los Resfriados y la Gripe Durante el Embarazo o la Lactancia Descargo de responsabilidad: Esta p\u00e1gina contiene informaci\u00f3n y recursos importantes relacionados con los resfriados y la gripe durante el embarazo y la lactancia, e incluye enlaces a nuestras Hojas Informativas basadas en evidencia. Sin embargo, los recursos que aqu\u00ed [&hellip;]","og_url":"https:\/\/mothertobaby.org\/es\/exposiciones-durante-el-embarazo-y-la-lactancia\/resfriados-y-gripe\/","og_site_name":"MotherToBaby","article_modified_time":"2023-10-02T17:35:29+00:00","og_image":[{"width":1600,"height":900,"url":"https:\/\/mothertobaby.org\/wp-content\/uploads\/2020\/12\/MotherToBaby-Colds-Flu.png","type":"image\/png"}],"twitter_card":"summary_large_image","twitter_misc":{"Tiempo de lectura":"3 minutos"},"schema":{"@context":"https:\/\/schema.org","@graph":[{"@type":"WebPage","@id":"https:\/\/mothertobaby.org\/es\/exposiciones-durante-el-embarazo-y-la-lactancia\/resfriados-y-gripe\/","url":"https:\/\/mothertobaby.org\/es\/exposiciones-durante-el-embarazo-y-la-lactancia\/resfriados-y-gripe\/","name":"Resfriados y Gripe - MotherToBaby","isPartOf":{"@id":"https:\/\/mothertobaby.org\/es\/#website"},"datePublished":"2022-11-21T23:24:40+00:00","dateModified":"2023-10-02T17:35:29+00:00","breadcrumb":{"@id":"https:\/\/mothertobaby.org\/es\/exposiciones-durante-el-embarazo-y-la-lactancia\/resfriados-y-gripe\/#breadcrumb"},"inLanguage":"es","potentialAction":[{"@type":"ReadAction","target":["https:\/\/mothertobaby.org\/es\/exposiciones-durante-el-embarazo-y-la-lactancia\/resfriados-y-gripe\/"]}]},{"@type":"BreadcrumbList","@id":"https:\/\/mothertobaby.org\/es\/exposiciones-durante-el-embarazo-y-la-lactancia\/resfriados-y-gripe\/#breadcrumb","itemListElement":[{"@type":"ListItem","position":1,"name":"Home","item":"https:\/\/mothertobaby.org\/es\/"},{"@type":"ListItem","position":2,"name":"Exposiciones Durante el Embarazo y la Lactancia","item":"https:\/\/mothertobaby.org\/es\/exposiciones-durante-el-embarazo-y-la-lactancia\/"},{"@type":"ListItem","position":3,"name":"Resfriados y Gripe"}]},{"@type":"WebSite","@id":"https:\/\/mothertobaby.org\/es\/#website","url":"https:\/\/mothertobaby.org\/es\/","name":"MotherToBaby","description":"Medications and More during pregnancy and breastfeeding","publisher":{"@id":"https:\/\/mothertobaby.org\/es\/#organization"},"potentialAction":[{"@type":"SearchAction","target":{"@type":"EntryPoint","urlTemplate":"https:\/\/mothertobaby.org\/es\/?s={search_term_string}"},"query-input":"required name=search_term_string"}],"inLanguage":"es"},{"@type":"Organization","@id":"https:\/\/mothertobaby.org\/es\/#organization","name":"MotherToBaby","url":"https:\/\/mothertobaby.org\/es\/","logo":{"@type":"ImageObject","inLanguage":"es","@id":"https:\/\/mothertobaby.org\/es\/#\/schema\/logo\/image\/","url":"https:\/\/mothertobaby.org\/wp-content\/uploads\/2023\/06\/MTB-horz-copyright-sm-1.png","contentUrl":"https:\/\/mothertobaby.org\/wp-content\/uploads\/2023\/06\/MTB-horz-copyright-sm-1.png","width":284,"height":52,"caption":"MotherToBaby"},"image":{"@id":"https:\/\/mothertobaby.org\/es\/#\/schema\/logo\/image\/"}}]}},"featured_image_src":"https:\/\/mothertobaby.org\/wp-content\/uploads\/2020\/12\/MotherToBaby-Colds-Flu.png","featured_image_src_square":"https:\/\/mothertobaby.org\/wp-content\/uploads\/2020\/12\/MotherToBaby-Colds-Flu.png","_links":{"self":[{"href":"https:\/\/mothertobaby.org\/es\/wp-json\/wp\/v2\/pages\/6991","targetHints":{"allow":["GET"]}}],"collection":[{"href":"https:\/\/mothertobaby.org\/es\/wp-json\/wp\/v2\/pages"}],"about":[{"href":"https:\/\/mothertobaby.org\/es\/wp-json\/wp\/v2\/types\/page"}],"author":[{"embeddable":true,"href":"https:\/\/mothertobaby.org\/es\/wp-json\/wp\/v2\/users\/214"}],"replies":[{"embeddable":true,"href":"https:\/\/mothertobaby.org\/es\/wp-json\/wp\/v2\/comments?post=6991"}],"version-history":[{"count":0,"href":"https:\/\/mothertobaby.org\/es\/wp-json\/wp\/v2\/pages\/6991\/revisions"}],"up":[{"embeddable":true,"href":"https:\/\/mothertobaby.org\/es\/wp-json\/wp\/v2\/pages\/6524"}],"wp:featuredmedia":[{"embeddable":true,"href":"https:\/\/mothertobaby.org\/es\/wp-json\/wp\/v2\/media\/3890"}],"wp:attachment":[{"href":"https:\/\/mothertobaby.org\/es\/wp-json\/wp\/v2\/media?parent=6991"}],"wp:term":[{"taxonomy":"medical-specialty","embeddable":true,"href":"https:\/\/mothertobaby.org\/es\/wp-json\/wp\/v2\/medical-specialty?post=6991"},{"taxonomy":"related-content","embeddable":true,"href":"https:\/\/mothertobaby.org\/es\/wp-json\/wp\/v2\/related-content?post=6991"}],"curies":[{"name":"wp","href":"https:\/\/api.w.org\/{rel}","templated":true}]}}