{"id":6992,"date":"2022-11-21T15:28:38","date_gmt":"2022-11-21T23:28:38","guid":{"rendered":"https:\/\/mothertobaby.org\/?page_id=6992"},"modified":"2023-10-02T10:37:50","modified_gmt":"2023-10-02T17:37:50","slug":"estrenimiento","status":"publish","type":"page","link":"https:\/\/mothertobaby.org\/es\/exposiciones-durante-el-embarazo-y-la-lactancia\/estrenimiento\/","title":{"rendered":"Estre\u00f1imiento"},"content":{"rendered":"\n<h2 class=\"wp-block-heading has-neutral-color has-text-color\" id=\"h-aliviar-el-esfuerzo-durante-el-embarazo-y-la-lactancia\"><strong><strong><strong>Aliviar el Esfuerzo Durante el Embarazo y la Lactancia<\/strong><\/strong><\/strong><\/h2>\n\n\n\n<p class=\"has-primary-purple-color has-text-color\"><em><em><em><em><em>Descargo de responsabilidad:&nbsp;Esta p\u00e1gina contiene informaci\u00f3n y recursos importantes relacionados con el estre\u00f1imiento durante el embarazo y la lactancia, e incluye enlaces a nuestras Hojas Informativas basadas en evidencia. Sin embargo, los recursos que aqu\u00ed se ofrecen no deben sustituir la atenci\u00f3n y el asesoramiento de un profesional m\u00e9dico.<\/em><\/em><\/em><\/em><\/em><\/p>\n\n\n\n<p>Es com\u00fan, pero inc\u00f3modo, experimentar estre\u00f1imiento durante el embarazo; de hecho, \u00a1es la 2.<sup>a<\/sup> queja gastrointestinal m\u00e1s com\u00fan sobre el embarazo! El estre\u00f1imiento puede comenzar en el primer trimestre y empeorar durante el embarazo a medida que aumentan los niveles de progesterona. Otros culpables incluyen las vitaminas prenatales que contienen hierro, la disminuci\u00f3n de los niveles de actividad a medida que avanza el embarazo, la baja ingesta de fibra y la ingesta inadecuada de agua. Si bien el estre\u00f1imiento a menudo mejora despu\u00e9s del parto, puede continuar siendo un problema si toma ciertos medicamentos para el dolor posparto o prenatales mientras amamanta. Algunas mujeres pueden tener un historial preexistente de estre\u00f1imiento cr\u00f3nico, en el que experimentan ciertos s\u00edntomas durante m\u00e1s de tres meses seguidos. Para estas mujeres, el estre\u00f1imiento y su tratamiento deben abordarse antes, durante y despu\u00e9s del embarazo. Comprender el estre\u00f1imiento y su tratamiento es esencial para las mujeres y sus beb\u00e9s en desarrollo, sin importar si se trata de un problema ocasional o cr\u00f3nico.<\/p>\n\n\n\n<blockquote class=\"wp-block-quote is-layout-flow wp-block-quote-is-layout-flow\">\n<p>\u201c<em><strong><strong><em>El estre\u00f1imiento es un s\u00edntoma com\u00fan durante el embarazo. En la mayor\u00eda de los casos se trata de estre\u00f1imiento simple que ocurre debido a una combinaci\u00f3n de factores hormonales y mec\u00e1nicos que afectan la funci\u00f3n gastrointestinal normal. Sin embargo, varias mujeres sufren de estre\u00f1imiento antes de la concepci\u00f3n y sus s\u00edntomas empeoran durante el embarazo<\/em><\/strong><\/strong>.<\/em>\u201d<\/p>\n<cite>&#8212; <a href=\"https:\/\/pubmed.ncbi.nlm.nih.gov\/17889809\/\" target=\"_blank\" rel=\"noreferrer noopener\">Cullen &amp; O\u2019Donoghue. Best Pract Res Clin Gastroenterol.&nbsp;2007;21(5):807-18.<\/a><\/cite><\/blockquote>\n\n\n\n<p>Para algunas mujeres, los cambios en la dieta, como aumentar los l\u00edquidos y comer alimentos ricos en fibra, pueden ayudar a prevenir el estre\u00f1imiento, al igual que el ejercicio regular. Aunque el estre\u00f1imiento ocasional es com\u00fan, hable con su proveedor de atenci\u00f3n salud si ha sido o se convierte en un problema continuo. Nuestros recursos los ayudar\u00e1n a usted y a su proveedor a explorar los tratamientos del estre\u00f1imiento para que pueda tomar decisiones m\u00e1s informadas para un embarazo m\u00e1s saludable y m\u00e1s c\u00f3modo.<\/p>\n\n\n\n<div style=\"height:20px\" aria-hidden=\"true\" class=\"wp-block-spacer\"><\/div>\n\n\n\n<div style=\"height:23px\" aria-hidden=\"true\" class=\"wp-block-spacer\"><\/div>\n\n\n\n<figure class=\"wp-block-image size-full\"><img loading=\"lazy\" decoding=\"async\" width=\"4000\" height=\"1800\" src=\"https:\/\/mothertobaby.org\/wp-content\/uploads\/2021\/11\/constipation.png\" alt=\"\" class=\"wp-image-5388\" srcset=\"https:\/\/mothertobaby.org\/wp-content\/uploads\/2021\/11\/constipation.png 4000w, https:\/\/mothertobaby.org\/wp-content\/uploads\/2021\/11\/constipation-720x324.png 720w, https:\/\/mothertobaby.org\/wp-content\/uploads\/2021\/11\/constipation-300x135.png 300w, https:\/\/mothertobaby.org\/wp-content\/uploads\/2021\/11\/constipation-1024x461.png 1024w, https:\/\/mothertobaby.org\/wp-content\/uploads\/2021\/11\/constipation-768x346.png 768w, https:\/\/mothertobaby.org\/wp-content\/uploads\/2021\/11\/constipation-1536x691.png 1536w, https:\/\/mothertobaby.org\/wp-content\/uploads\/2021\/11\/constipation-2048x922.png 2048w\" sizes=\"auto, (max-width: 4000px) 100vw, 4000px\" \/><\/figure>\n\n\n\n<p class=\"has-text-align-right\"><em>Reference: <a href=\"https:\/\/www.ncbi.nlm.nih.gov\/pmc\/articles\/PMC3418980\/\" target=\"_blank\" rel=\"noreferrer noopener\">Trottier et al., 2012<\/a><\/em><\/p>\n\n\n\n<div style=\"height:20px\" aria-hidden=\"true\" class=\"wp-block-spacer\"><\/div>\n\n\n\n<div style=\"height:23px\" aria-hidden=\"true\" class=\"wp-block-spacer\"><\/div>\n\n\n\n<h3 class=\"wp-block-heading\" id=\"h-unase-a-nuestro-estudio-sobre-el-estrenimiento-funcional\"><strong><strong>\u00danase a nuestro estudio sobre el estre\u00f1imiento funcional<\/strong><\/strong><\/h3>\n\n\n\n<p>Si est\u00e1 embarazada y tiene estre\u00f1imiento idiop\u00e1tico cr\u00f3nico (CIC) o s\u00edndrome de colon irritable con estre\u00f1imiento (IBS-C), considere inscribirse en nuestro estudio observacional para brindarles a las futuras mam\u00e1s mejores respuestas sobre c\u00f3mo el estre\u00f1imiento funcional y su manejo pueden afectar un embarazo y un beb\u00e9 en desarrollo. No se le pedir\u00e1 que tome o cambie ning\u00fan medicamento y puede participar desde la comodidad de su hogar.<\/p>\n\n\n\n<div class=\"wp-block-buttons is-layout-flex wp-block-buttons-is-layout-flex\">\n<div class=\"wp-block-button\"><a class=\"wp-block-button__link wp-element-button\" href=\"\/ongoing-study\/constipation\">OBTENER M\u00c1S INFORMACI\u00d3N<\/a><\/div>\n<\/div>\n\n\n\n<div style=\"height:20px\" aria-hidden=\"true\" class=\"wp-block-spacer\"><\/div>\n\n\n\n<div style=\"height:23px\" aria-hidden=\"true\" class=\"wp-block-spacer\"><\/div>\n\n\n\n<div style=\"height:20px\" aria-hidden=\"true\" class=\"wp-block-spacer\"><\/div>\n\n\n\n<div style=\"height:23px\" aria-hidden=\"true\" class=\"wp-block-spacer\"><\/div>\n\n\n\n<div class=\"wp-block-genesis-blocks-gb-container gb-block-container\"><div class=\"gb-container-inside\"><div class=\"gb-container-content\">\n<p>Consulte nuestra biblioteca de recursos a continuaci\u00f3n sobre el estre\u00f1imiento durante el embarazo y la lactancia.<\/p>\n<\/div><\/div><\/div>\n\n\n<div class=\"mtb-rel-cont-list mtb-rel-cont-block\" style=\"background-color: #F0ebf8;\"><h3>Hojas Informativas Relacionadas<\/h3><ul><li><a href='https:\/\/mothertobaby.org\/es\/hojas-informativas\/docusato-sodio\/'>Docusato de sodio<\/a><\/li><li><a href='https:\/\/mothertobaby.org\/es\/hojas-informativas\/el-ejercicio\/'>Ejercicio<\/a><\/li><li><a href='https:\/\/mothertobaby.org\/es\/hojas-informativas\/functional-constipation\/'>Estre\u00f1imiento funcional<\/a><\/li><li><a href='https:\/\/mothertobaby.org\/es\/hojas-informativas\/laxantes\/'>Laxantes<\/a><\/li><li><a href='https:\/\/mothertobaby.org\/es\/hojas-informativas\/misoprostol-cytotec\/'>Misoprostol (Cytotec\u00ae)<\/a><\/li><li><a href='https:\/\/mothertobaby.org\/es\/hojas-informativas\/prucalopride-motegrity\/'>Prucaloprida (Motegrity\u00ae)<\/a><\/li><\/ul><\/div>\n\n\n<div class=\"mtb-rel-cont-list mtb-rel-cont-block\" style=\"background-color: #f9f9ff;\"><h3>Baby Blogs Relacionadas<\/h3><ul><li><a href='https:\/\/mothertobaby.org\/es\/baby-blog\/como-afrontar-el-estrenimiento-durante-el-embarazo-una-guia-completa\/'>C\u00f3mo afrontar el estre\u00f1imiento durante el embarazo: una gu\u00eda completa<\/a><\/li><\/ul><\/div>\n\n\n\n\n\n\n<h3 class=\"wp-block-heading\" id=\"h-recursos-externos\">Recursos Externos<\/h3>\n\n\n\n<ul class=\"wp-block-list\">\n<li>American College of Gastroenterology: <a href=\"https:\/\/gi.org\/topics\/constipation-and-defection-problems\/#tabs2\">Constipation and Defecation Problems<\/a><\/li>\n\n\n\n<li>Babycenter: <a href=\"https:\/\/espanol.babycenter.com\/v25015293\/estre%C3%B1imiento-durante-el-embarazo-video\" target=\"_blank\" rel=\"noreferrer noopener\">Estre\u00f1imiento durante el embarazo (video)<\/a><\/li>\n\n\n\n<li>What To Expect: <a href=\"https:\/\/www.whattoexpect.com\/pregnancy\/symptoms-and-solutions\/constipation.aspx\">Constipation during Pregnancy<\/a><\/li>\n<\/ul>\n\n\n\n<h3 class=\"wp-block-heading\" id=\"h-socios\">Socios<\/h3>\n\n\n\n<ul class=\"wp-block-list\">\n<li><a rel=\"noreferrer noopener\" href=\"https:\/\/www.patienteducationgenius.com\/\" target=\"_blank\">Patient Education Genius<\/a><\/li>\n\n\n\n<li><a rel=\"noreferrer noopener\" href=\"https:\/\/www.patientslikeme.com\/\" target=\"_blank\">PatientsLikeMe<\/a><\/li>\n\n\n\n<li><a rel=\"noreferrer noopener\" href=\"https:\/\/www.smfm.org\/\" target=\"_blank\">Society for Maternal-Fetal Medicine<\/a><\/li>\n\n\n\n<li><a rel=\"noreferrer noopener\" href=\"https:\/\/birthdefectsresearch.org\/\" target=\"_blank\">Society for Birth Defects Research &amp; Prevention<\/a><\/li>\n\n\n\n<li><a rel=\"noreferrer noopener\" href=\"https:\/\/themighty.com\/\" target=\"_blank\">The Mighty<\/a><\/li>\n<\/ul>\n\n\n\n<div style=\"height:100px\" aria-hidden=\"true\" class=\"wp-block-spacer\"><\/div>\n\n\n\n<div style=\"background-color:#f9f9ff;padding-left:8%;padding-right:8%\" class=\"wp-block-genesis-blocks-gb-container alignfull mtb-hp-block mtb-3-col-cta-row gb-block-container\"><div class=\"gb-container-inside\"><div class=\"gb-container-content\" style=\"max-width:1120px\">\n<div class=\"wp-block-genesis-blocks-gb-columns light-text mtb-3-col-cta no-link-underline gb-layout-columns-3 gb-3-col-equal\"><div class=\"gb-layout-column-wrap gb-block-layout-column-gap-3 gb-is-responsive-column\">\n<div class=\"wp-block-genesis-blocks-gb-column mtb-cta-radius gb-block-layout-column\"><div class=\"gb-block-layout-column-inner gb-has-custom-background-color\" style=\"background-color:#522e83\">\n<h3 class=\"wp-block-heading has-text-align-left\" id=\"h-mant-ngase-en-contacto\">Mant\u00e9ngase en contacto<\/h3>\n\n\n\n<p class=\"has-text-align-left\">Nuestro bolet\u00edn electr\u00f3nico le brinda la informaci\u00f3n, las noticias, y los recursos m\u00e1s recientes de los expertos de MotherToBaby.<\/p>\n\n\n\n<div class=\"wp-block-buttons is-layout-flex wp-block-buttons-is-layout-flex\">\n<div class=\"wp-block-button has-custom-font-size mtb-std-block-btn gb-block-button\" style=\"font-size:20px;line-height:1.2\"><a class=\"wp-block-button__link has-text-color has-background wp-element-button\" href=\"https:\/\/mothertobaby.org\/es\/inscribirse-para-boletin-electronico\/\" style=\"border-radius:5px;color:#ffffff;background-color:#3373dc;padding-top:10px;padding-right:1em;padding-bottom:10px;padding-left:1em\">Inscribirse<\/a><\/div>\n<\/div>\n<\/div><\/div>\n\n\n\n<div class=\"wp-block-genesis-blocks-gb-column mtb-cta-radius gb-block-layout-column\"><div class=\"gb-block-layout-column-inner gb-has-custom-background-color\" style=\"background-color:#522e83\">\n<h3 class=\"wp-block-heading has-text-align-left\" id=\"h-unirse-a-un-estudio\">Unirse a un Estudio<\/h3>\n\n\n\n<p class=\"has-text-align-left\">Los futuros padres merecen mejor informaci\u00f3n sobre la seguridad de los medicamentos, y usted puede ayudar participando en un estudio.<\/p>\n\n\n\n<div class=\"wp-block-buttons is-layout-flex wp-block-buttons-is-layout-flex\">\n<div class=\"wp-block-button has-custom-font-size mtb-std-block-btn gb-block-button\" style=\"font-size:20px;line-height:1.2\"><a class=\"wp-block-button__link has-text-color has-background wp-element-button\" href=\"https:\/\/mothertobaby.org\/es\/exposiciones-durante-el-embarazo-y-la-lactancia\/\" style=\"border-radius:5px;color:#ffffff;background-color:#3373dc;padding-top:10px;padding-right:1em;padding-bottom:10px;padding-left:1em\">Unirse<\/a><\/div>\n<\/div>\n<\/div><\/div>\n\n\n\n<div class=\"wp-block-genesis-blocks-gb-column mtb-cta-radius gb-block-layout-column\"><div class=\"gb-block-layout-column-inner has-orange-cta-background-color has-neutral-plus-2-color\">\n<h3 class=\"wp-block-heading has-text-align-left\" id=\"h-pregunte-a-nuestros-expertos\">Pregunte a Nuestros Expertos<\/h3>\n\n\n\n<p class=\"has-text-align-left\">Llame, env\u00ede mensajes de texto, chatee, o env\u00ede un correo electr\u00f3nico para obtener una evaluaci\u00f3n de riesgos personalizada y gratuita sobre las exposiciones en el embarazo y la lactancia.<\/p>\n\n\n\n<div class=\"wp-block-buttons is-layout-flex wp-block-buttons-is-layout-flex\">\n<div class=\"wp-block-button has-custom-font-size mtb-std-block-btn gb-block-button\" style=\"font-size:20px;line-height:1.2\"><a class=\"wp-block-button__link has-text-color has-background wp-element-button\" href=\"https:\/\/mothertobaby.org\/es\/contactar\/\" style=\"border-radius:5px;color:#ffffff;background-color:#3373dc;padding-top:10px;padding-right:1em;padding-bottom:10px;padding-left:1em\">Contactar<\/a><\/div>\n<\/div>\n<\/div><\/div>\n<\/div><\/div>\n<\/div><\/div><\/div>\n","protected":false},"excerpt":{"rendered":"<p>Aliviar el Esfuerzo Durante el Embarazo y la Lactancia Descargo de responsabilidad:&nbsp;Esta p\u00e1gina contiene informaci\u00f3n y recursos importantes relacionados con el estre\u00f1imiento durante el embarazo y la lactancia, e incluye enlaces a nuestras Hojas Informativas basadas en evidencia. Sin embargo, los recursos que aqu\u00ed se ofrecen no deben sustituir la atenci\u00f3n y el asesoramiento de [&hellip;]<\/p>\n","protected":false},"author":214,"featured_media":3903,"parent":6524,"menu_order":0,"comment_status":"closed","ping_status":"closed","template":"page-templates\/inner-page.php","meta":{"_searchwp_excluded":"","_genesis_hide_title":false,"_genesis_hide_breadcrumbs":false,"_genesis_hide_singular_image":false,"_genesis_hide_footer_widgets":false,"_genesis_custom_body_class":"","_genesis_custom_post_class":"","_genesis_layout":"full-width-content","footnotes":""},"medical-specialty":[],"related-content":[599],"class_list":{"0":"post-6992","1":"page","2":"type-page","3":"status-publish","4":"has-post-thumbnail","6":"related-content-estrenimiento","7":"entry"},"yoast_head":"<!-- This site is optimized with the Yoast SEO Premium plugin v20.13 (Yoast SEO v20.13) - https:\/\/yoast.com\/wordpress\/plugins\/seo\/ -->\n<title>Estre\u00f1imiento - MotherToBaby<\/title>\n<meta name=\"robots\" content=\"index, follow, max-snippet:-1, max-image-preview:large, max-video-preview:-1\" \/>\n<link rel=\"canonical\" href=\"https:\/\/mothertobaby.org\/es\/exposiciones-durante-el-embarazo-y-la-lactancia\/estrenimiento\/\" \/>\n<meta property=\"og:locale\" content=\"es_ES\" \/>\n<meta property=\"og:type\" content=\"article\" \/>\n<meta property=\"og:title\" content=\"Estre\u00f1imiento\" \/>\n<meta property=\"og:description\" content=\"Aliviar el Esfuerzo Durante el Embarazo y la Lactancia Descargo de responsabilidad:&nbsp;Esta p\u00e1gina contiene informaci\u00f3n y recursos importantes relacionados con el estre\u00f1imiento durante el embarazo y la lactancia, e incluye enlaces a nuestras Hojas Informativas basadas en evidencia. Sin embargo, los recursos que aqu\u00ed se ofrecen no deben sustituir la atenci\u00f3n y el asesoramiento de [&hellip;]\" \/>\n<meta property=\"og:url\" content=\"https:\/\/mothertobaby.org\/es\/exposiciones-durante-el-embarazo-y-la-lactancia\/estrenimiento\/\" \/>\n<meta property=\"og:site_name\" content=\"MotherToBaby\" \/>\n<meta property=\"article:modified_time\" content=\"2023-10-02T17:37:50+00:00\" \/>\n<meta property=\"og:image\" content=\"https:\/\/mothertobaby.org\/wp-content\/uploads\/2020\/12\/Constipation_MotherToBaby.png\" \/>\n\t<meta property=\"og:image:width\" content=\"1600\" \/>\n\t<meta property=\"og:image:height\" content=\"900\" \/>\n\t<meta property=\"og:image:type\" content=\"image\/png\" \/>\n<meta name=\"twitter:card\" content=\"summary_large_image\" \/>\n<meta name=\"twitter:label1\" content=\"Tiempo de lectura\" \/>\n\t<meta name=\"twitter:data1\" content=\"3 minutos\" \/>\n<script type=\"application\/ld+json\" class=\"yoast-schema-graph\">{\"@context\":\"https:\/\/schema.org\",\"@graph\":[{\"@type\":\"WebPage\",\"@id\":\"https:\/\/mothertobaby.org\/es\/exposiciones-durante-el-embarazo-y-la-lactancia\/estrenimiento\/\",\"url\":\"https:\/\/mothertobaby.org\/es\/exposiciones-durante-el-embarazo-y-la-lactancia\/estrenimiento\/\",\"name\":\"Estre\u00f1imiento - MotherToBaby\",\"isPartOf\":{\"@id\":\"https:\/\/mothertobaby.org\/es\/#website\"},\"datePublished\":\"2022-11-21T23:28:38+00:00\",\"dateModified\":\"2023-10-02T17:37:50+00:00\",\"breadcrumb\":{\"@id\":\"https:\/\/mothertobaby.org\/es\/exposiciones-durante-el-embarazo-y-la-lactancia\/estrenimiento\/#breadcrumb\"},\"inLanguage\":\"es\",\"potentialAction\":[{\"@type\":\"ReadAction\",\"target\":[\"https:\/\/mothertobaby.org\/es\/exposiciones-durante-el-embarazo-y-la-lactancia\/estrenimiento\/\"]}]},{\"@type\":\"BreadcrumbList\",\"@id\":\"https:\/\/mothertobaby.org\/es\/exposiciones-durante-el-embarazo-y-la-lactancia\/estrenimiento\/#breadcrumb\",\"itemListElement\":[{\"@type\":\"ListItem\",\"position\":1,\"name\":\"Home\",\"item\":\"https:\/\/mothertobaby.org\/es\/\"},{\"@type\":\"ListItem\",\"position\":2,\"name\":\"Exposiciones Durante el Embarazo y la Lactancia\",\"item\":\"https:\/\/mothertobaby.org\/es\/exposiciones-durante-el-embarazo-y-la-lactancia\/\"},{\"@type\":\"ListItem\",\"position\":3,\"name\":\"Estre\u00f1imiento\"}]},{\"@type\":\"WebSite\",\"@id\":\"https:\/\/mothertobaby.org\/es\/#website\",\"url\":\"https:\/\/mothertobaby.org\/es\/\",\"name\":\"MotherToBaby\",\"description\":\"Medications and More during pregnancy and breastfeeding\",\"publisher\":{\"@id\":\"https:\/\/mothertobaby.org\/es\/#organization\"},\"potentialAction\":[{\"@type\":\"SearchAction\",\"target\":{\"@type\":\"EntryPoint\",\"urlTemplate\":\"https:\/\/mothertobaby.org\/es\/?s={search_term_string}\"},\"query-input\":\"required name=search_term_string\"}],\"inLanguage\":\"es\"},{\"@type\":\"Organization\",\"@id\":\"https:\/\/mothertobaby.org\/es\/#organization\",\"name\":\"MotherToBaby\",\"url\":\"https:\/\/mothertobaby.org\/es\/\",\"logo\":{\"@type\":\"ImageObject\",\"inLanguage\":\"es\",\"@id\":\"https:\/\/mothertobaby.org\/es\/#\/schema\/logo\/image\/\",\"url\":\"https:\/\/mothertobaby.org\/wp-content\/uploads\/2023\/06\/MTB-horz-copyright-sm-1.png\",\"contentUrl\":\"https:\/\/mothertobaby.org\/wp-content\/uploads\/2023\/06\/MTB-horz-copyright-sm-1.png\",\"width\":284,\"height\":52,\"caption\":\"MotherToBaby\"},\"image\":{\"@id\":\"https:\/\/mothertobaby.org\/es\/#\/schema\/logo\/image\/\"}}]}<\/script>\n<!-- \/ Yoast SEO Premium plugin. -->","yoast_head_json":{"title":"Estre\u00f1imiento - MotherToBaby","robots":{"index":"index","follow":"follow","max-snippet":"max-snippet:-1","max-image-preview":"max-image-preview:large","max-video-preview":"max-video-preview:-1"},"canonical":"https:\/\/mothertobaby.org\/es\/exposiciones-durante-el-embarazo-y-la-lactancia\/estrenimiento\/","og_locale":"es_ES","og_type":"article","og_title":"Estre\u00f1imiento","og_description":"Aliviar el Esfuerzo Durante el Embarazo y la Lactancia Descargo de responsabilidad:&nbsp;Esta p\u00e1gina contiene informaci\u00f3n y recursos importantes relacionados con el estre\u00f1imiento durante el embarazo y la lactancia, e incluye enlaces a nuestras Hojas Informativas basadas en evidencia. Sin embargo, los recursos que aqu\u00ed se ofrecen no deben sustituir la atenci\u00f3n y el asesoramiento de [&hellip;]","og_url":"https:\/\/mothertobaby.org\/es\/exposiciones-durante-el-embarazo-y-la-lactancia\/estrenimiento\/","og_site_name":"MotherToBaby","article_modified_time":"2023-10-02T17:37:50+00:00","og_image":[{"width":1600,"height":900,"url":"https:\/\/mothertobaby.org\/wp-content\/uploads\/2020\/12\/Constipation_MotherToBaby.png","type":"image\/png"}],"twitter_card":"summary_large_image","twitter_misc":{"Tiempo de lectura":"3 minutos"},"schema":{"@context":"https:\/\/schema.org","@graph":[{"@type":"WebPage","@id":"https:\/\/mothertobaby.org\/es\/exposiciones-durante-el-embarazo-y-la-lactancia\/estrenimiento\/","url":"https:\/\/mothertobaby.org\/es\/exposiciones-durante-el-embarazo-y-la-lactancia\/estrenimiento\/","name":"Estre\u00f1imiento - MotherToBaby","isPartOf":{"@id":"https:\/\/mothertobaby.org\/es\/#website"},"datePublished":"2022-11-21T23:28:38+00:00","dateModified":"2023-10-02T17:37:50+00:00","breadcrumb":{"@id":"https:\/\/mothertobaby.org\/es\/exposiciones-durante-el-embarazo-y-la-lactancia\/estrenimiento\/#breadcrumb"},"inLanguage":"es","potentialAction":[{"@type":"ReadAction","target":["https:\/\/mothertobaby.org\/es\/exposiciones-durante-el-embarazo-y-la-lactancia\/estrenimiento\/"]}]},{"@type":"BreadcrumbList","@id":"https:\/\/mothertobaby.org\/es\/exposiciones-durante-el-embarazo-y-la-lactancia\/estrenimiento\/#breadcrumb","itemListElement":[{"@type":"ListItem","position":1,"name":"Home","item":"https:\/\/mothertobaby.org\/es\/"},{"@type":"ListItem","position":2,"name":"Exposiciones Durante el Embarazo y la Lactancia","item":"https:\/\/mothertobaby.org\/es\/exposiciones-durante-el-embarazo-y-la-lactancia\/"},{"@type":"ListItem","position":3,"name":"Estre\u00f1imiento"}]},{"@type":"WebSite","@id":"https:\/\/mothertobaby.org\/es\/#website","url":"https:\/\/mothertobaby.org\/es\/","name":"MotherToBaby","description":"Medications and More during pregnancy and breastfeeding","publisher":{"@id":"https:\/\/mothertobaby.org\/es\/#organization"},"potentialAction":[{"@type":"SearchAction","target":{"@type":"EntryPoint","urlTemplate":"https:\/\/mothertobaby.org\/es\/?s={search_term_string}"},"query-input":"required name=search_term_string"}],"inLanguage":"es"},{"@type":"Organization","@id":"https:\/\/mothertobaby.org\/es\/#organization","name":"MotherToBaby","url":"https:\/\/mothertobaby.org\/es\/","logo":{"@type":"ImageObject","inLanguage":"es","@id":"https:\/\/mothertobaby.org\/es\/#\/schema\/logo\/image\/","url":"https:\/\/mothertobaby.org\/wp-content\/uploads\/2023\/06\/MTB-horz-copyright-sm-1.png","contentUrl":"https:\/\/mothertobaby.org\/wp-content\/uploads\/2023\/06\/MTB-horz-copyright-sm-1.png","width":284,"height":52,"caption":"MotherToBaby"},"image":{"@id":"https:\/\/mothertobaby.org\/es\/#\/schema\/logo\/image\/"}}]}},"featured_image_src":"https:\/\/mothertobaby.org\/wp-content\/uploads\/2020\/12\/Constipation_MotherToBaby.png","featured_image_src_square":"https:\/\/mothertobaby.org\/wp-content\/uploads\/2020\/12\/Constipation_MotherToBaby.png","_links":{"self":[{"href":"https:\/\/mothertobaby.org\/es\/wp-json\/wp\/v2\/pages\/6992","targetHints":{"allow":["GET"]}}],"collection":[{"href":"https:\/\/mothertobaby.org\/es\/wp-json\/wp\/v2\/pages"}],"about":[{"href":"https:\/\/mothertobaby.org\/es\/wp-json\/wp\/v2\/types\/page"}],"author":[{"embeddable":true,"href":"https:\/\/mothertobaby.org\/es\/wp-json\/wp\/v2\/users\/214"}],"replies":[{"embeddable":true,"href":"https:\/\/mothertobaby.org\/es\/wp-json\/wp\/v2\/comments?post=6992"}],"version-history":[{"count":0,"href":"https:\/\/mothertobaby.org\/es\/wp-json\/wp\/v2\/pages\/6992\/revisions"}],"up":[{"embeddable":true,"href":"https:\/\/mothertobaby.org\/es\/wp-json\/wp\/v2\/pages\/6524"}],"wp:featuredmedia":[{"embeddable":true,"href":"https:\/\/mothertobaby.org\/es\/wp-json\/wp\/v2\/media\/3903"}],"wp:attachment":[{"href":"https:\/\/mothertobaby.org\/es\/wp-json\/wp\/v2\/media?parent=6992"}],"wp:term":[{"taxonomy":"medical-specialty","embeddable":true,"href":"https:\/\/mothertobaby.org\/es\/wp-json\/wp\/v2\/medical-specialty?post=6992"},{"taxonomy":"related-content","embeddable":true,"href":"https:\/\/mothertobaby.org\/es\/wp-json\/wp\/v2\/related-content?post=6992"}],"curies":[{"name":"wp","href":"https:\/\/api.w.org\/{rel}","templated":true}]}}