{"id":6994,"date":"2022-11-21T15:38:42","date_gmt":"2022-11-21T23:38:42","guid":{"rendered":"https:\/\/mothertobaby.org\/?page_id=6994"},"modified":"2023-08-30T09:41:43","modified_gmt":"2023-08-30T16:41:43","slug":"eccema","status":"publish","type":"page","link":"https:\/\/mothertobaby.org\/es\/exposiciones-durante-el-embarazo-y-la-lactancia\/eccema\/","title":{"rendered":"Eccema"},"content":{"rendered":"\n<h2 class=\"wp-block-heading\" id=\"h-cuando-la-picaz-n-no-se-detiene-durante-el-embarazo-o-la-lactancia\"><strong><strong><strong>Cuando la Picaz\u00f3n No se Detiene Durante el Embarazo o la Lactancia<\/strong><\/strong><\/strong><\/h2>\n\n\n\n<p class=\"has-primary-purple-color has-text-color\"><em><em><em><em><em><em>Descargo de responsabilidad: Esta p\u00e1gina contiene informaci\u00f3n y recursos importantes relacionados con el eccema durante el embarazo y la lactancia, incluyendo enlaces a nuestras hojas informativas basadas en evidencia. Sin embargo, los recursos que aqu\u00ed se ofrecen no deben sustituir la atenci\u00f3n y el asesoramiento de un profesional m\u00e9dico.<\/em><\/em><\/em><\/em><\/em><\/em><\/p>\n\n\n\n<div style=\"height:20px\" aria-hidden=\"true\" class=\"wp-block-spacer\"><\/div>\n\n\n\n<div style=\"height:23px\" aria-hidden=\"true\" class=\"wp-block-spacer\"><\/div>\n\n\n\n<figure class=\"wp-block-image size-full\"><img loading=\"lazy\" decoding=\"async\" width=\"1280\" height=\"576\" src=\"https:\/\/mothertobaby.org\/wp-content\/uploads\/2021\/11\/eczema-2-1.png\" alt=\"\" class=\"wp-image-5397\" srcset=\"https:\/\/mothertobaby.org\/wp-content\/uploads\/2021\/11\/eczema-2-1.png 1280w, https:\/\/mothertobaby.org\/wp-content\/uploads\/2021\/11\/eczema-2-1-720x324.png 720w, https:\/\/mothertobaby.org\/wp-content\/uploads\/2021\/11\/eczema-2-1-300x135.png 300w, https:\/\/mothertobaby.org\/wp-content\/uploads\/2021\/11\/eczema-2-1-1024x461.png 1024w, https:\/\/mothertobaby.org\/wp-content\/uploads\/2021\/11\/eczema-2-1-768x346.png 768w\" sizes=\"auto, (max-width: 1280px) 100vw, 1280px\" \/><\/figure>\n\n\n\n<p class=\"has-text-align-right\"><em>Referencia: <a href=\"https:\/\/pubmed.ncbi.nlm.nih.gov\/17498413\/\">Hanifin et al., 2007<\/a><\/em><\/p>\n\n\n\n<div style=\"height:20px\" aria-hidden=\"true\" class=\"wp-block-spacer\"><\/div>\n\n\n\n<div style=\"height:23px\" aria-hidden=\"true\" class=\"wp-block-spacer\"><\/div>\n\n\n\n<p>El eccema es un grupo de afecciones que provocan picaz\u00f3n o inflamaci\u00f3n en la piel y pueden causar manchas rojas o de color m\u00e1s oscuro durante un brote. La forma m\u00e1s com\u00fan de eccema es la dermatitis at\u00f3pica, que es una forma de eccema m\u00e1s grave y duradera. Los desencadenantes comunes de un brote de eccema incluyen piel seca, irritantes y al\u00e9rgenos ambientales, estr\u00e9s y hormonas. Este \u00faltimo es particularmente relevante para las personas que est\u00e1n embarazadas o en periodo de lactancia, ya que los cambios en los niveles hormonales (espec\u00edficamente los estr\u00f3genos) pueden causar un empeoramiento de los s\u00edntomas durante el embarazo.<\/p>\n\n\n\n<blockquote class=\"wp-block-quote is-layout-flow wp-block-quote-is-layout-flow\">\n<p>\u201cTener un embarazo saludable est\u00e1 al alcance, incluso cuando el eccema declara la guerra. Durante el embarazo y despu\u00e9s del parto, una [persona] necesita estar bien alimentada, bien descansada y lo m\u00e1s libre de estr\u00e9s posible. El cuidado personal excelente es el regalo m\u00e1s grande que una [persona] puede darse [a s\u00ed misma] y a [el] reci\u00e9n nacido\u201d<\/p>\n<cite>&#8212; <a rel=\"noreferrer noopener\" href=\"https:\/\/nationaleczema.org\/oh-baby-eczema\/\" target=\"_blank\">National Eczema Association<\/a><\/cite><\/blockquote>\n\n\n\n<h3 class=\"wp-block-heading\" id=\"h-nase-a-nuestro-estudio-sobre-el-eccema\">\u00danase a Nuestro Estudio Sobre el Eccema<\/h3>\n\n\n\n<p>Si est\u00e1 embarazada y tiene eccema (dermatitis at\u00f3pica) de moderado a grave, considere inscribirse en nuestro estudio observacional para obtener mejores respuestas sobre c\u00f3mo el eccema y su control pueden afectar el embarazo y el desarrollo del beb\u00e9. No se le pedir\u00e1 que tome o cambie ning\u00fan medicamento y puede participar desde la comodidad de su hogar.<\/p>\n\n\n\n<div class=\"wp-block-buttons is-layout-flex wp-block-buttons-is-layout-flex\">\n<div class=\"wp-block-button\"><a class=\"wp-block-button__link wp-element-button\" href=\"\/es\/ongoing-study\/eccema-moderado-a-severo-dermatitis-atopica\/\">OBTENER M\u00c1S INFORMACI\u00d3N<\/a><\/div>\n<\/div>\n\n\n\n<div style=\"height:20px\" aria-hidden=\"true\" class=\"wp-block-spacer\"><\/div>\n\n\n\n<div style=\"height:23px\" aria-hidden=\"true\" class=\"wp-block-spacer\"><\/div>\n\n\n\n<p>Consulte nuestra biblioteca de recursos a continuaci\u00f3n sobre la exposici\u00f3n al eccema durante el embarazo y la lactancia.<\/p>\n\n\n<div class=\"mtb-rel-cont-list mtb-rel-cont-block\" style=\"background-color: #F0ebf8;\"><h3>Hojas Informativas Relacionadas<\/h3><ul><li><a href='https:\/\/mothertobaby.org\/es\/hojas-informativas\/dermatitis-atopica\/'>Dermatitis At\u00f3pica<\/a><\/li><li><a href='https:\/\/mothertobaby.org\/es\/hojas-informativas\/dupilumab-dupixent\/'>Dupilumab (Dupixent\u00ae)<\/a><\/li><li><a href='https:\/\/mothertobaby.org\/es\/hojas-informativas\/pregnancy-study-participation\/'>Participaci\u00f3n en Estudios de Embarazo<\/a><\/li><li><a href='https:\/\/mothertobaby.org\/es\/hojas-informativas\/la-prednisonaprednisolona\/'>Prednisona\/Prednisolona<\/a><\/li><li><a href='https:\/\/mothertobaby.org\/es\/hojas-informativas\/tralokinumab-adbry\/'>Tralokinumab (Adbry\u00ae)<\/a><\/li><\/ul><\/div>\n\n\n<div class=\"mtb-rel-cont-list mtb-rel-cont-block\" style=\"background-color: #f9f9ff;\"><h3>Baby Blogs Relacionadas<\/h3><ul><li><a href='https:\/\/mothertobaby.org\/es\/baby-blog\/pueden-las-madres-que-se-han-sometido-a-un-trasplante-amamantar-mientras-toman-tacrolimus\/'>\u00bfPueden las madres que se han sometido a un trasplante amamantar mientras toman tacrolimus?<\/a><\/li><li><a href='https:\/\/mothertobaby.org\/es\/baby-blog\/iluminando-la-dermatitis-atopica-y-el-embarazo-entendiendo-la-terapia-de-luz\/'>Iluminando la dermatitis at\u00f3pica y el embarazo: Entendiendo la terapia de luz<\/a><\/li><li><a href='https:\/\/mothertobaby.org\/es\/baby-blog\/cual-es-lo-ultimo-acerca-del-cuidado-de-la-piel\/'>\u00bfCu\u00e1l es lo \u00faltimo acerca del cuidado de la piel?<\/a><\/li><li><a href='https:\/\/mothertobaby.org\/es\/baby-blog\/beneficiando-a-otras-madres-como-yo-por-que-una-madre-prefirio-los-estudios-que-seguir-con-miedo\/'>\u2018Beneficiando a otras madres como yo:\u2019 Por qu\u00e9 una madre prefiri\u00f3 los estudios que seguir con miedo<\/a><\/li><\/ul><\/div>\n\n\n\n\n\n\n<h3 class=\"wp-block-heading\" id=\"h-recursos-externos\">Recursos Externos<\/h3>\n\n\n\n<ul class=\"wp-block-list\">\n<li>National Eczema Association: <a rel=\"noreferrer noopener\" href=\"https:\/\/nationaleczema.org\/oh-baby-eczema\/\" target=\"_blank\">Oh, Baby! Eczema from Pregnancy to Menopause<\/a><\/li>\n\n\n\n<li>National Eczema Society: <a href=\"https:\/\/eczema.org\/information-and-advice\/living-with-eczema\/pregnancy-and-eczema\/\" target=\"_blank\" rel=\"noreferrer noopener\">Pregnancy and Eczema<\/a><\/li>\n\n\n\n<li>What to Expect: <a href=\"https:\/\/www.whattoexpect.com\/pregnancy\/whose-body\/eczema-dermatitis.aspx\" target=\"_blank\" rel=\"noreferrer noopener\">Eczema During Pregnancy<\/a><\/li>\n<\/ul>\n\n\n\n<h3 class=\"wp-block-heading\" id=\"h-socios\">Socios<\/h3>\n\n\n\n<ul class=\"wp-block-list\">\n<li><a href=\"https:\/\/allergyasthmanetwork.org\/\" target=\"_blank\" rel=\"noreferrer noopener\">Allergy &amp; Asthma Network<\/a><\/li>\n\n\n\n<li><a rel=\"noreferrer noopener\" href=\"https:\/\/www.myhealthteams.com\/\" target=\"_blank\">MyHealthTeams<\/a><\/li>\n\n\n\n<li><a rel=\"noreferrer noopener\" href=\"https:\/\/www.patientslikeme.com\/\" target=\"_blank\">PatientsLikeMe<\/a><\/li>\n\n\n\n<li><a rel=\"noreferrer noopener\" href=\"https:\/\/www.smfm.org\/\" target=\"_blank\">Society for Maternal Fetal Medicine<\/a><\/li>\n\n\n\n<li><a rel=\"noreferrer noopener\" href=\"https:\/\/themighty.com\/\" target=\"_blank\">The Mighty<\/a><\/li>\n<\/ul>\n\n\n\n<div style=\"height:100px\" aria-hidden=\"true\" class=\"wp-block-spacer\"><\/div>\n\n\n\n<div style=\"background-color:#f9f9ff;padding-left:8%;padding-right:8%\" class=\"wp-block-genesis-blocks-gb-container alignfull mtb-hp-block mtb-3-col-cta-row gb-block-container\"><div class=\"gb-container-inside\"><div class=\"gb-container-content\" style=\"max-width:1120px\">\n<div class=\"wp-block-genesis-blocks-gb-columns light-text mtb-3-col-cta no-link-underline gb-layout-columns-3 gb-3-col-equal\"><div class=\"gb-layout-column-wrap gb-block-layout-column-gap-3 gb-is-responsive-column\">\n<div class=\"wp-block-genesis-blocks-gb-column mtb-cta-radius gb-block-layout-column\"><div class=\"gb-block-layout-column-inner gb-has-custom-background-color\" style=\"background-color:#522e83\">\n<h3 class=\"wp-block-heading has-text-align-left\" id=\"h-mant-ngase-en-contacto\">Mant\u00e9ngase en contacto<\/h3>\n\n\n\n<p class=\"has-text-align-left\">Nuestro bolet\u00edn electr\u00f3nico le brinda la informaci\u00f3n, las noticias, y los recursos m\u00e1s recientes de los expertos de MotherToBaby.<\/p>\n\n\n\n<div class=\"wp-block-buttons is-layout-flex wp-block-buttons-is-layout-flex\">\n<div class=\"wp-block-button has-custom-font-size mtb-std-block-btn gb-block-button\" style=\"font-size:20px;line-height:1.2\"><a class=\"wp-block-button__link has-text-color has-background wp-element-button\" href=\"https:\/\/mothertobaby.org\/es\/inscribirse-para-boletin-electronico\/\" style=\"border-radius:5px;color:#ffffff;background-color:#3373dc;padding-top:10px;padding-right:1em;padding-bottom:10px;padding-left:1em\">Inscribirse<\/a><\/div>\n<\/div>\n<\/div><\/div>\n\n\n\n<div class=\"wp-block-genesis-blocks-gb-column mtb-cta-radius gb-block-layout-column\"><div class=\"gb-block-layout-column-inner gb-has-custom-background-color\" style=\"background-color:#522e83\">\n<h3 class=\"wp-block-heading has-text-align-left\" id=\"h-unirse-a-un-estudio\">Unirse a un Estudio<\/h3>\n\n\n\n<p class=\"has-text-align-left\">Los futuros padres merecen mejor informaci\u00f3n sobre la seguridad de los medicamentos, y usted puede ayudar participando en un estudio.<\/p>\n\n\n\n<div class=\"wp-block-buttons is-layout-flex wp-block-buttons-is-layout-flex\">\n<div class=\"wp-block-button has-custom-font-size mtb-std-block-btn gb-block-button\" style=\"font-size:20px;line-height:1.2\"><a class=\"wp-block-button__link has-text-color has-background wp-element-button\" href=\"https:\/\/mothertobaby.org\/es\/exposiciones-durante-el-embarazo-y-la-lactancia\/\" style=\"border-radius:5px;color:#ffffff;background-color:#3373dc;padding-top:10px;padding-right:1em;padding-bottom:10px;padding-left:1em\">Unirse<\/a><\/div>\n<\/div>\n<\/div><\/div>\n\n\n\n<div class=\"wp-block-genesis-blocks-gb-column mtb-cta-radius gb-block-layout-column\"><div class=\"gb-block-layout-column-inner has-orange-cta-background-color has-neutral-plus-2-color\">\n<h3 class=\"wp-block-heading has-text-align-left\" id=\"h-pregunte-a-nuestros-expertos\">Pregunte a Nuestros Expertos<\/h3>\n\n\n\n<p class=\"has-text-align-left\">Llame, env\u00ede mensajes de texto, chatee, o env\u00ede un correo electr\u00f3nico para obtener una evaluaci\u00f3n de riesgos personalizada y gratuita sobre las exposiciones en el embarazo y la lactancia.<\/p>\n\n\n\n<div class=\"wp-block-buttons is-layout-flex wp-block-buttons-is-layout-flex\">\n<div class=\"wp-block-button has-custom-font-size mtb-std-block-btn gb-block-button\" style=\"font-size:20px;line-height:1.2\"><a class=\"wp-block-button__link has-text-color has-background wp-element-button\" href=\"https:\/\/mothertobaby.org\/es\/contactar\/\" style=\"border-radius:5px;color:#ffffff;background-color:#3373dc;padding-top:10px;padding-right:1em;padding-bottom:10px;padding-left:1em\">Contactar<\/a><\/div>\n<\/div>\n<\/div><\/div>\n<\/div><\/div>\n<\/div><\/div><\/div>\n","protected":false},"excerpt":{"rendered":"<p>Cuando la Picaz\u00f3n No se Detiene Durante el Embarazo o la Lactancia Descargo de responsabilidad: Esta p\u00e1gina contiene informaci\u00f3n y recursos importantes relacionados con el eccema durante el embarazo y la lactancia, incluyendo enlaces a nuestras hojas informativas basadas en evidencia. Sin embargo, los recursos que aqu\u00ed se ofrecen no deben sustituir la atenci\u00f3n y [&hellip;]<\/p>\n","protected":false},"author":214,"featured_media":2838,"parent":6524,"menu_order":0,"comment_status":"closed","ping_status":"closed","template":"page-templates\/inner-page.php","meta":{"_searchwp_excluded":"","_genesis_hide_title":false,"_genesis_hide_breadcrumbs":false,"_genesis_hide_singular_image":false,"_genesis_hide_footer_widgets":false,"_genesis_custom_body_class":"","_genesis_custom_post_class":"","_genesis_layout":"full-width-content","footnotes":""},"medical-specialty":[],"related-content":[580],"class_list":{"0":"post-6994","1":"page","2":"type-page","3":"status-publish","4":"has-post-thumbnail","6":"related-content-eczema-2","7":"entry"},"yoast_head":"<!-- This site is optimized with the Yoast SEO Premium plugin v20.13 (Yoast SEO v20.13) - https:\/\/yoast.com\/wordpress\/plugins\/seo\/ -->\n<title>Eccema - MotherToBaby<\/title>\n<meta name=\"robots\" content=\"index, follow, max-snippet:-1, max-image-preview:large, max-video-preview:-1\" \/>\n<link rel=\"canonical\" href=\"https:\/\/mothertobaby.org\/es\/exposiciones-durante-el-embarazo-y-la-lactancia\/eccema\/\" \/>\n<meta property=\"og:locale\" content=\"es_ES\" \/>\n<meta property=\"og:type\" content=\"article\" \/>\n<meta property=\"og:title\" content=\"Eccema\" \/>\n<meta property=\"og:description\" content=\"Cuando la Picaz\u00f3n No se Detiene Durante el Embarazo o la Lactancia Descargo de responsabilidad: Esta p\u00e1gina contiene informaci\u00f3n y recursos importantes relacionados con el eccema durante el embarazo y la lactancia, incluyendo enlaces a nuestras hojas informativas basadas en evidencia. Sin embargo, los recursos que aqu\u00ed se ofrecen no deben sustituir la atenci\u00f3n y [&hellip;]\" \/>\n<meta property=\"og:url\" content=\"https:\/\/mothertobaby.org\/es\/exposiciones-durante-el-embarazo-y-la-lactancia\/eccema\/\" \/>\n<meta property=\"og:site_name\" content=\"MotherToBaby\" \/>\n<meta property=\"article:modified_time\" content=\"2023-08-30T16:41:43+00:00\" \/>\n<meta property=\"og:image\" content=\"https:\/\/mothertobaby.org\/wp-content\/uploads\/2020\/09\/MotherToBaby-Eczema-Exposures-Header-1600x900-09.20.jpg\" \/>\n\t<meta property=\"og:image:width\" content=\"1600\" \/>\n\t<meta property=\"og:image:height\" content=\"900\" \/>\n\t<meta property=\"og:image:type\" content=\"image\/jpeg\" \/>\n<meta name=\"twitter:card\" content=\"summary_large_image\" \/>\n<meta name=\"twitter:label1\" content=\"Tiempo de lectura\" \/>\n\t<meta name=\"twitter:data1\" content=\"2 minutos\" \/>\n<script type=\"application\/ld+json\" class=\"yoast-schema-graph\">{\"@context\":\"https:\/\/schema.org\",\"@graph\":[{\"@type\":\"WebPage\",\"@id\":\"https:\/\/mothertobaby.org\/es\/exposiciones-durante-el-embarazo-y-la-lactancia\/eccema\/\",\"url\":\"https:\/\/mothertobaby.org\/es\/exposiciones-durante-el-embarazo-y-la-lactancia\/eccema\/\",\"name\":\"Eccema - MotherToBaby\",\"isPartOf\":{\"@id\":\"https:\/\/mothertobaby.org\/es\/#website\"},\"datePublished\":\"2022-11-21T23:38:42+00:00\",\"dateModified\":\"2023-08-30T16:41:43+00:00\",\"breadcrumb\":{\"@id\":\"https:\/\/mothertobaby.org\/es\/exposiciones-durante-el-embarazo-y-la-lactancia\/eccema\/#breadcrumb\"},\"inLanguage\":\"es\",\"potentialAction\":[{\"@type\":\"ReadAction\",\"target\":[\"https:\/\/mothertobaby.org\/es\/exposiciones-durante-el-embarazo-y-la-lactancia\/eccema\/\"]}]},{\"@type\":\"BreadcrumbList\",\"@id\":\"https:\/\/mothertobaby.org\/es\/exposiciones-durante-el-embarazo-y-la-lactancia\/eccema\/#breadcrumb\",\"itemListElement\":[{\"@type\":\"ListItem\",\"position\":1,\"name\":\"Home\",\"item\":\"https:\/\/mothertobaby.org\/es\/\"},{\"@type\":\"ListItem\",\"position\":2,\"name\":\"Exposiciones Durante el Embarazo y la Lactancia\",\"item\":\"https:\/\/mothertobaby.org\/es\/exposiciones-durante-el-embarazo-y-la-lactancia\/\"},{\"@type\":\"ListItem\",\"position\":3,\"name\":\"Eccema\"}]},{\"@type\":\"WebSite\",\"@id\":\"https:\/\/mothertobaby.org\/es\/#website\",\"url\":\"https:\/\/mothertobaby.org\/es\/\",\"name\":\"MotherToBaby\",\"description\":\"Medications and More during pregnancy and breastfeeding\",\"publisher\":{\"@id\":\"https:\/\/mothertobaby.org\/es\/#organization\"},\"potentialAction\":[{\"@type\":\"SearchAction\",\"target\":{\"@type\":\"EntryPoint\",\"urlTemplate\":\"https:\/\/mothertobaby.org\/es\/?s={search_term_string}\"},\"query-input\":\"required name=search_term_string\"}],\"inLanguage\":\"es\"},{\"@type\":\"Organization\",\"@id\":\"https:\/\/mothertobaby.org\/es\/#organization\",\"name\":\"MotherToBaby\",\"url\":\"https:\/\/mothertobaby.org\/es\/\",\"logo\":{\"@type\":\"ImageObject\",\"inLanguage\":\"es\",\"@id\":\"https:\/\/mothertobaby.org\/es\/#\/schema\/logo\/image\/\",\"url\":\"https:\/\/mothertobaby.org\/wp-content\/uploads\/2023\/06\/MTB-horz-copyright-sm-1.png\",\"contentUrl\":\"https:\/\/mothertobaby.org\/wp-content\/uploads\/2023\/06\/MTB-horz-copyright-sm-1.png\",\"width\":284,\"height\":52,\"caption\":\"MotherToBaby\"},\"image\":{\"@id\":\"https:\/\/mothertobaby.org\/es\/#\/schema\/logo\/image\/\"}}]}<\/script>\n<!-- \/ Yoast SEO Premium plugin. -->","yoast_head_json":{"title":"Eccema - MotherToBaby","robots":{"index":"index","follow":"follow","max-snippet":"max-snippet:-1","max-image-preview":"max-image-preview:large","max-video-preview":"max-video-preview:-1"},"canonical":"https:\/\/mothertobaby.org\/es\/exposiciones-durante-el-embarazo-y-la-lactancia\/eccema\/","og_locale":"es_ES","og_type":"article","og_title":"Eccema","og_description":"Cuando la Picaz\u00f3n No se Detiene Durante el Embarazo o la Lactancia Descargo de responsabilidad: Esta p\u00e1gina contiene informaci\u00f3n y recursos importantes relacionados con el eccema durante el embarazo y la lactancia, incluyendo enlaces a nuestras hojas informativas basadas en evidencia. Sin embargo, los recursos que aqu\u00ed se ofrecen no deben sustituir la atenci\u00f3n y [&hellip;]","og_url":"https:\/\/mothertobaby.org\/es\/exposiciones-durante-el-embarazo-y-la-lactancia\/eccema\/","og_site_name":"MotherToBaby","article_modified_time":"2023-08-30T16:41:43+00:00","og_image":[{"width":1600,"height":900,"url":"https:\/\/mothertobaby.org\/wp-content\/uploads\/2020\/09\/MotherToBaby-Eczema-Exposures-Header-1600x900-09.20.jpg","type":"image\/jpeg"}],"twitter_card":"summary_large_image","twitter_misc":{"Tiempo de lectura":"2 minutos"},"schema":{"@context":"https:\/\/schema.org","@graph":[{"@type":"WebPage","@id":"https:\/\/mothertobaby.org\/es\/exposiciones-durante-el-embarazo-y-la-lactancia\/eccema\/","url":"https:\/\/mothertobaby.org\/es\/exposiciones-durante-el-embarazo-y-la-lactancia\/eccema\/","name":"Eccema - MotherToBaby","isPartOf":{"@id":"https:\/\/mothertobaby.org\/es\/#website"},"datePublished":"2022-11-21T23:38:42+00:00","dateModified":"2023-08-30T16:41:43+00:00","breadcrumb":{"@id":"https:\/\/mothertobaby.org\/es\/exposiciones-durante-el-embarazo-y-la-lactancia\/eccema\/#breadcrumb"},"inLanguage":"es","potentialAction":[{"@type":"ReadAction","target":["https:\/\/mothertobaby.org\/es\/exposiciones-durante-el-embarazo-y-la-lactancia\/eccema\/"]}]},{"@type":"BreadcrumbList","@id":"https:\/\/mothertobaby.org\/es\/exposiciones-durante-el-embarazo-y-la-lactancia\/eccema\/#breadcrumb","itemListElement":[{"@type":"ListItem","position":1,"name":"Home","item":"https:\/\/mothertobaby.org\/es\/"},{"@type":"ListItem","position":2,"name":"Exposiciones Durante el Embarazo y la Lactancia","item":"https:\/\/mothertobaby.org\/es\/exposiciones-durante-el-embarazo-y-la-lactancia\/"},{"@type":"ListItem","position":3,"name":"Eccema"}]},{"@type":"WebSite","@id":"https:\/\/mothertobaby.org\/es\/#website","url":"https:\/\/mothertobaby.org\/es\/","name":"MotherToBaby","description":"Medications and More during pregnancy and breastfeeding","publisher":{"@id":"https:\/\/mothertobaby.org\/es\/#organization"},"potentialAction":[{"@type":"SearchAction","target":{"@type":"EntryPoint","urlTemplate":"https:\/\/mothertobaby.org\/es\/?s={search_term_string}"},"query-input":"required name=search_term_string"}],"inLanguage":"es"},{"@type":"Organization","@id":"https:\/\/mothertobaby.org\/es\/#organization","name":"MotherToBaby","url":"https:\/\/mothertobaby.org\/es\/","logo":{"@type":"ImageObject","inLanguage":"es","@id":"https:\/\/mothertobaby.org\/es\/#\/schema\/logo\/image\/","url":"https:\/\/mothertobaby.org\/wp-content\/uploads\/2023\/06\/MTB-horz-copyright-sm-1.png","contentUrl":"https:\/\/mothertobaby.org\/wp-content\/uploads\/2023\/06\/MTB-horz-copyright-sm-1.png","width":284,"height":52,"caption":"MotherToBaby"},"image":{"@id":"https:\/\/mothertobaby.org\/es\/#\/schema\/logo\/image\/"}}]}},"featured_image_src":"https:\/\/mothertobaby.org\/wp-content\/uploads\/2020\/09\/MotherToBaby-Eczema-Exposures-Header-1600x900-09.20.jpg","featured_image_src_square":"https:\/\/mothertobaby.org\/wp-content\/uploads\/2020\/09\/MotherToBaby-Eczema-Exposures-Header-1600x900-09.20.jpg","_links":{"self":[{"href":"https:\/\/mothertobaby.org\/es\/wp-json\/wp\/v2\/pages\/6994","targetHints":{"allow":["GET"]}}],"collection":[{"href":"https:\/\/mothertobaby.org\/es\/wp-json\/wp\/v2\/pages"}],"about":[{"href":"https:\/\/mothertobaby.org\/es\/wp-json\/wp\/v2\/types\/page"}],"author":[{"embeddable":true,"href":"https:\/\/mothertobaby.org\/es\/wp-json\/wp\/v2\/users\/214"}],"replies":[{"embeddable":true,"href":"https:\/\/mothertobaby.org\/es\/wp-json\/wp\/v2\/comments?post=6994"}],"version-history":[{"count":0,"href":"https:\/\/mothertobaby.org\/es\/wp-json\/wp\/v2\/pages\/6994\/revisions"}],"up":[{"embeddable":true,"href":"https:\/\/mothertobaby.org\/es\/wp-json\/wp\/v2\/pages\/6524"}],"wp:featuredmedia":[{"embeddable":true,"href":"https:\/\/mothertobaby.org\/es\/wp-json\/wp\/v2\/media\/2838"}],"wp:attachment":[{"href":"https:\/\/mothertobaby.org\/es\/wp-json\/wp\/v2\/media?parent=6994"}],"wp:term":[{"taxonomy":"medical-specialty","embeddable":true,"href":"https:\/\/mothertobaby.org\/es\/wp-json\/wp\/v2\/medical-specialty?post=6994"},{"taxonomy":"related-content","embeddable":true,"href":"https:\/\/mothertobaby.org\/es\/wp-json\/wp\/v2\/related-content?post=6994"}],"curies":[{"name":"wp","href":"https:\/\/api.w.org\/{rel}","templated":true}]}}