{"id":7010,"date":"2022-11-29T09:39:55","date_gmt":"2022-11-29T17:39:55","guid":{"rendered":"https:\/\/mothertobaby.org\/?page_id=7010"},"modified":"2023-09-26T10:41:49","modified_gmt":"2023-09-26T17:41:49","slug":"plomo","status":"publish","type":"page","link":"https:\/\/mothertobaby.org\/es\/exposiciones-durante-el-embarazo-y-la-lactancia\/plomo\/","title":{"rendered":"Plomo"},"content":{"rendered":"\n<div class=\"wp-block-genesis-blocks-gb-container alignfull mtb-full-width-container gb-block-container\"><div class=\"gb-container-inside\"><div class=\"gb-container-content\">\n<h2 class=\"wp-block-heading\" id=\"h-exposici-n-al-plomo-y-los-riesgos-durante-el-embarazo-y-la-lactancia\">Exposici\u00f3n al Plomo y los Riesgos Durante el <strong>Embarazo y la Lactancia<\/strong><\/h2>\n\n\n\n<p><em><em>Descargo de responsabilidad: Esta p\u00e1gina contiene informaci\u00f3n y recursos importantes relacionados con la exposici\u00f3n al plomo durante el embarazo y la lactancia, e incluye enlaces a nuestras Hojas Informativas basadas en evidencia. Sin embargo, los recursos que aqu\u00ed se ofrecen no deben sustituir la atenci\u00f3n y el asesoramiento de un profesional m\u00e9dico.<\/em><\/em><\/p>\n\n\n\n<p>El plomo es un metal pesado que se puede encontrar en muchos lugares, como la tierra, los cosm\u00e9ticos, la bisuter\u00eda y la joyer\u00eda infantil, la pintura vieja, la gasolina y en muchos tipos de actividades de ocio e industriales (por ejemplo, la cer\u00e1mica y la alfarer\u00eda, la joyer\u00eda, la reparaci\u00f3n de autom\u00f3viles, la imprenta, la construcci\u00f3n, el trabajo con vidrieras, la soldadura, el acabado de muebles o la pr\u00e1ctica de tiro al blanco en interiores, por nombrar algunas). El plomo tambi\u00e9n puede filtrarse de las tuber\u00edas al agua potable, como ocurri\u00f3 en la <a href=\"https:\/\/www.nrdc.org\/stories\/flint-water-crisis-everything-you-need-know\" target=\"_blank\" rel=\"noreferrer noopener\">crisis del agua en Flint, Michigan<\/a>. El cuerpo absorbe el plomo al respirar polvo de plomo en los pulmones, as\u00ed como a trav\u00e9s del intestino al tragar part\u00edculas de plomo.<\/p>\n\n\n\n<blockquote class=\"wp-block-quote is-layout-flow wp-block-quote-is-layout-flow\">\n<p>\u00abLos niveles altos de plomo en la sangre son peligrosos para una [persona que est\u00e1 embarazada] y [el] feto. Los posibles problemas incluyen hipertensi\u00f3n, aborto espont\u00e1neo, beb\u00e9s peque\u00f1os y da\u00f1o cerebral en el beb\u00e9\u00bb<\/p>\n<cite>&#8212; <a href=\"https:\/\/www.poison.org\/articles\/2013-jul\/lead-and-pregnancy\" target=\"_blank\" rel=\"noreferrer noopener\">Rose Ann Gould Soloway, RN, BSN, MSEd, DABAT emerita, Clinical Toxicologist, Poison Control&nbsp;<\/a><\/cite><\/blockquote>\n\n\n\n<p>Los altos niveles de plomo durante el embarazo pueden causar aborto espont\u00e1neo, muerte fetal, bajo peso al nacer y parto prematuro. La exposici\u00f3n al plomo tambi\u00e9n es da\u00f1ina para el cerebro en desarrollo y puede causar problemas de aprendizaje y comportamiento. En el caso de los progenitores en periodo de lactancia, los niveles de plomo en la leche materna suelen ser m\u00e1s bajos que los niveles en la sangre de los progenitores.&nbsp;El plomo tambi\u00e9n puede encontrarse en las preparaciones para lactantes si se mezclan con agua contaminada.&nbsp;<\/p>\n\n\n\n<div class=\"wp-block-genesis-blocks-gb-columns gb-layout-columns-2 gb-2-col-equal\" style=\"margin-top:30px;margin-bottom:30px;padding-top:30px;padding-bottom:30px\"><div class=\"gb-layout-column-wrap gb-block-layout-column-gap-2 gb-is-responsive-column\">\n<div class=\"wp-block-genesis-blocks-gb-column gb-block-layout-column\"><div class=\"gb-block-layout-column-inner\">\n<figure class=\"wp-block-embed is-type-video is-provider-youtube wp-block-embed-youtube wp-embed-aspect-16-9 wp-has-aspect-ratio\"><div class=\"wp-block-embed__wrapper\">\n<iframe loading=\"lazy\" title=\"For Moms: Lead and Pregnancy\/Breastfeeding\" width=\"500\" height=\"281\" src=\"https:\/\/www.youtube.com\/embed\/-pRy9zzFHh4?feature=oembed\" frameborder=\"0\" allow=\"accelerometer; autoplay; clipboard-write; encrypted-media; gyroscope; picture-in-picture; web-share\" referrerpolicy=\"strict-origin-when-cross-origin\" allowfullscreen><\/iframe>\n<\/div><\/figure>\n\n\n\n<p><\/p>\n<\/div><\/div>\n\n\n\n<div class=\"wp-block-genesis-blocks-gb-column gb-block-layout-column\"><div class=\"gb-block-layout-column-inner\">\n<figure class=\"wp-block-embed is-type-video is-provider-youtube wp-block-embed-youtube wp-embed-aspect-16-9 wp-has-aspect-ratio\"><div class=\"wp-block-embed__wrapper\">\n<iframe loading=\"lazy\" title=\"For Providers: Lead Exposure in Pregnancy\/Breastfeeding - A Guide\" width=\"500\" height=\"281\" src=\"https:\/\/www.youtube.com\/embed\/pTKe2OttMLY?feature=oembed\" frameborder=\"0\" allow=\"accelerometer; autoplay; clipboard-write; encrypted-media; gyroscope; picture-in-picture; web-share\" referrerpolicy=\"strict-origin-when-cross-origin\" allowfullscreen><\/iframe>\n<\/div><\/figure>\n<\/div><\/div>\n<\/div><\/div>\n\n\n\n<p>Consulte nuestra biblioteca de recursos a continuaci\u00f3n sobre la exposici\u00f3n al plomo durante el embarazo y la lactancia. Tambi\u00e9n puede <a href=\"https:\/\/simplebooklet.com\/leadpregnancybreastfeeding#page=2\" target=\"_blank\" rel=\"noreferrer noopener\">descargar nuestra tarjeta informativa biling\u00fce digital<\/a> sobre el plomo. Los profesionales de la salud tambi\u00e9n pueden revisar el conjunto de diapositivas <a href=\"https:\/\/mothertobaby.org\/wp-content\/uploads\/2020\/10\/FINAL_Lead_WebinarSlides_1-17-2017.pdf\" target=\"_blank\" rel=\"noreferrer noopener\">\u201cLead Exposure: Pregnancy and Beyond\u201d<\/a> (Exposici\u00f3n al plomo: embarazo y m\u00e1s all\u00e1) de nuestro seminario web del 17 de enero de 2017.<\/p>\n\n\n<div class=\"mtb-rel-cont-list mtb-rel-cont-block\" style=\"background-color: #F0ebf8;\"><h3>Hojas Informativas Relacionadas<\/h3><ul><li><a href='https:\/\/mothertobaby.org\/es\/hojas-informativas\/exposiciones-paternas\/'>Exposici\u00f3n paterna<\/a><\/li><li><a href='https:\/\/mothertobaby.org\/es\/hojas-informativas\/la-lactancia-despues-de-desastre-natural\/'>Lactancia despu\u00e9s de un desastre natural<\/a><\/li><li><a href='https:\/\/mothertobaby.org\/es\/hojas-informativas\/la-pintura\/'>Pintura<\/a><\/li><li><a href='https:\/\/mothertobaby.org\/es\/hojas-informativas\/el-plomo\/'>Plomo<\/a><\/li><\/ul><\/div>\n\n\n<div class=\"mtb-rel-cont-list mtb-rel-cont-block\" style=\"background-color: #f9f9ff;\"><h3>Baby Blogs Relacionadas<\/h3><ul><li><a href='https:\/\/mothertobaby.org\/es\/baby-blog\/cuando-no-te-sientes-enferma-como-la-intoxicacion-por-el-plomo-puede-acechar-a-las-mamas-y-los-ninos\/'>Cuando no te sientes enferma: c\u00f3mo la intoxicaci\u00f3n por el plomo puede acechar a las mam\u00e1s y los ni\u00f1os<\/a><\/li><li><a href='https:\/\/mothertobaby.org\/es\/baby-blog\/remedios-naturales-la-fertilidad-y-el-plomo-una-mezcla-demasiado-comun\/'>Remedios Naturales, la Fertilidad y el Plomo:  Una Mezcla Demasiado Com\u00fan<\/a><\/li><\/ul><\/div>\n\n\n\n\n\n\n<p><\/p>\n<\/div><\/div><\/div>\n\n\n\n<h3 class=\"wp-block-heading\" id=\"h-recursos-externos\">Recursos Externos<\/h3>\n\n\n\n<ul class=\"wp-block-list\">\n<li>American Academy of Pediatrics: <a href=\"https:\/\/www.healthychildren.org\/English\/ages-stages\/prenatal\/Pages\/Blood-Lead-Levels-in-Pregnant-Breastfeeding-Moms.aspx\" target=\"_blank\" rel=\"noreferrer noopener\">Blood Lead Levels in Pregnant &amp; Breastfeeding Moms<\/a><\/li>\n\n\n\n<li>Centers for Disease Control and Prevention (CDC): <a href=\"https:\/\/www.cdc.gov\/nceh\/lead\/prevention\/pregnant.htm\" target=\"_blank\" rel=\"noreferrer noopener\">Childhood Lead Poisoning Prevention: Pregnant Women<\/a><\/li>\n\n\n\n<li>Centers for Disease Control and Prevention (CDC): <a href=\"https:\/\/www.cdc.gov\/breastfeeding\/breastfeeding-special-circumstances\/environmental-exposures\/lead.html#:~:text=cannot%20be%20corrected.-,How%20Might%20Lead%20Affect%20Breastfeeding%20Mothers%20and%20Infants%3F,the%20neurodevelopment%20of%20their%20child.\" target=\"_blank\" rel=\"noreferrer noopener\">Breastfeeding: Lead<\/a><\/li>\n\n\n\n<li>March of Dimes:<a href=\"https:\/\/nacersano.marchofdimes.org\/bebe\/envenenamiento-con-plomo.aspx\" target=\"_blank\" rel=\"noreferrer noopener\"> Lead and Your Baby<\/a><\/li>\n\n\n\n<li>Poison Control: <a href=\"https:\/\/www.poison.org\/articles\/2013-jul\/lead-and-pregnancy\" target=\"_blank\" rel=\"noreferrer noopener\">Lead and Pregnancy: Know the Risks<\/a><\/li>\n<\/ul>\n\n\n\n<h3 class=\"wp-block-heading\" id=\"h-recursos-externos-para-proveedores-de-atenci-n-de-salud\">Recursos Externos para Proveedores de Atenci\u00f3n de Salud<\/h3>\n\n\n\n<ul class=\"wp-block-list\">\n<li>American College of Obstetricians and Gynecologists (ACOG): <a href=\"https:\/\/www.acog.org\/clinical\/clinical-guidance\/committee-opinion\/articles\/2012\/08\/lead-screening-during-pregnancy-and-lactation\" target=\"_blank\" rel=\"noreferrer noopener\">Lead Screening during Pregnancy and Lactation<\/a><\/li>\n\n\n\n<li>Medical Home Portal: <a href=\"https:\/\/www.medicalhomeportal.org\/clinical-practice\/screening-and-prevention\/childhood-lead-exposure\" target=\"_blank\" rel=\"noreferrer noopener\">Childhood Lead Exposure<\/a><\/li>\n\n\n\n<li>Medical Home Portal: <a href=\"https:\/\/www.medicalhomeportal.org\/clinical-practice\/screening-and-prevention\/maternal-lead-exposure\" target=\"_blank\" rel=\"noreferrer noopener\">Maternal Lead Exposure<\/a><\/li>\n<\/ul>\n\n\n\n<h3 class=\"wp-block-heading\" id=\"h-socios\">Socios<\/h3>\n\n\n\n<ul class=\"wp-block-list\">\n<li><a rel=\"noreferrer noopener\" href=\"https:\/\/www.acog.org\/clinical\/clinical-guidance\/committee-opinion\/articles\/2012\/08\/lead-screening-during-pregnancy-and-lactation\" target=\"_blank\">PEHSU<\/a><\/li>\n<\/ul>\n\n\n\n<div class=\"wp-block-genesis-blocks-gb-container gb-block-container\"><div class=\"gb-container-inside\"><div class=\"gb-container-content\"><\/div><\/div><\/div>\n\n\n\n<div style=\"height:100px\" aria-hidden=\"true\" class=\"wp-block-spacer\"><\/div>\n\n\n\n<div style=\"background-color:#f9f9ff;padding-left:8%;padding-right:8%\" class=\"wp-block-genesis-blocks-gb-container alignfull mtb-hp-block mtb-3-col-cta-row gb-block-container\"><div class=\"gb-container-inside\"><div class=\"gb-container-content\" style=\"max-width:1120px\">\n<div class=\"wp-block-genesis-blocks-gb-columns light-text mtb-3-col-cta no-link-underline gb-layout-columns-3 gb-3-col-equal\"><div class=\"gb-layout-column-wrap gb-block-layout-column-gap-3 gb-is-responsive-column\">\n<div class=\"wp-block-genesis-blocks-gb-column mtb-cta-radius gb-block-layout-column\"><div class=\"gb-block-layout-column-inner gb-has-custom-background-color\" style=\"background-color:#522e83\">\n<h3 class=\"wp-block-heading has-text-align-left\" id=\"h-mant-ngase-en-contacto\">Mant\u00e9ngase en contacto<\/h3>\n\n\n\n<p class=\"has-text-align-left\">Nuestro bolet\u00edn electr\u00f3nico le brinda la informaci\u00f3n, las noticias, y los recursos m\u00e1s recientes de los expertos de MotherToBaby.<\/p>\n\n\n\n<div class=\"wp-block-buttons is-layout-flex wp-block-buttons-is-layout-flex\">\n<div class=\"wp-block-button has-custom-font-size mtb-std-block-btn gb-block-button\" style=\"font-size:20px;line-height:1.2\"><a class=\"wp-block-button__link has-text-color has-background wp-element-button\" href=\"https:\/\/mothertobaby.org\/es\/inscribirse-para-boletin-electronico\/\" style=\"border-radius:5px;color:#ffffff;background-color:#3373dc;padding-top:10px;padding-right:1em;padding-bottom:10px;padding-left:1em\">Inscribirse<\/a><\/div>\n<\/div>\n<\/div><\/div>\n\n\n\n<div class=\"wp-block-genesis-blocks-gb-column mtb-cta-radius gb-block-layout-column\"><div class=\"gb-block-layout-column-inner gb-has-custom-background-color\" style=\"background-color:#522e83\">\n<h3 class=\"wp-block-heading has-text-align-left\" id=\"h-unirse-a-un-estudio\">Unirse a un Estudio<\/h3>\n\n\n\n<p class=\"has-text-align-left\">Los futuros padres merecen mejor informaci\u00f3n sobre la seguridad de los medicamentos, y usted puede ayudar participando en un estudio.<\/p>\n\n\n\n<div class=\"wp-block-buttons is-layout-flex wp-block-buttons-is-layout-flex\">\n<div class=\"wp-block-button has-custom-font-size mtb-std-block-btn gb-block-button\" style=\"font-size:20px;line-height:1.2\"><a class=\"wp-block-button__link has-text-color has-background wp-element-button\" href=\"https:\/\/mothertobaby.org\/es\/exposiciones-durante-el-embarazo-y-la-lactancia\/\" style=\"border-radius:5px;color:#ffffff;background-color:#3373dc;padding-top:10px;padding-right:1em;padding-bottom:10px;padding-left:1em\">Unirse<\/a><\/div>\n<\/div>\n<\/div><\/div>\n\n\n\n<div class=\"wp-block-genesis-blocks-gb-column mtb-cta-radius gb-block-layout-column\"><div class=\"gb-block-layout-column-inner has-orange-cta-background-color has-neutral-plus-2-color\">\n<h3 class=\"wp-block-heading has-text-align-left\" id=\"h-pregunte-a-nuestros-expertos\">Pregunte a Nuestros Expertos<\/h3>\n\n\n\n<p class=\"has-text-align-left\">Llame, env\u00ede mensajes de texto, chatee, o env\u00ede un correo electr\u00f3nico para obtener una evaluaci\u00f3n de riesgos personalizada y gratuita sobre las exposiciones en el embarazo y la lactancia.<\/p>\n\n\n\n<div class=\"wp-block-buttons is-layout-flex wp-block-buttons-is-layout-flex\">\n<div class=\"wp-block-button has-custom-font-size mtb-std-block-btn gb-block-button\" style=\"font-size:20px;line-height:1.2\"><a class=\"wp-block-button__link has-text-color has-background wp-element-button\" href=\"https:\/\/mothertobaby.org\/es\/contactar\/\" style=\"border-radius:5px;color:#ffffff;background-color:#3373dc;padding-top:10px;padding-right:1em;padding-bottom:10px;padding-left:1em\">Contactar<\/a><\/div>\n<\/div>\n<\/div><\/div>\n<\/div><\/div>\n<\/div><\/div><\/div>\n","protected":false},"excerpt":{"rendered":"<p>Recursos Externos Recursos Externos para Proveedores de Atenci\u00f3n de Salud Socios<\/p>\n","protected":false},"author":214,"featured_media":2844,"parent":6524,"menu_order":0,"comment_status":"closed","ping_status":"closed","template":"page-templates\/inner-page.php","meta":{"_searchwp_excluded":"","_genesis_hide_title":false,"_genesis_hide_breadcrumbs":false,"_genesis_hide_singular_image":false,"_genesis_hide_footer_widgets":false,"_genesis_custom_body_class":"","_genesis_custom_post_class":"","_genesis_layout":"full-width-content","footnotes":""},"medical-specialty":[],"related-content":[584],"class_list":{"0":"post-7010","1":"page","2":"type-page","3":"status-publish","4":"has-post-thumbnail","6":"related-content-plomo","7":"entry"},"yoast_head":"<!-- This site is optimized with the Yoast SEO Premium plugin v20.13 (Yoast SEO v20.13) - https:\/\/yoast.com\/wordpress\/plugins\/seo\/ -->\n<title>Plomo - MotherToBaby<\/title>\n<meta name=\"robots\" content=\"index, follow, max-snippet:-1, max-image-preview:large, max-video-preview:-1\" \/>\n<link rel=\"canonical\" href=\"https:\/\/mothertobaby.org\/es\/exposiciones-durante-el-embarazo-y-la-lactancia\/plomo\/\" \/>\n<meta property=\"og:locale\" content=\"es_ES\" \/>\n<meta property=\"og:type\" content=\"article\" \/>\n<meta property=\"og:title\" content=\"Plomo\" \/>\n<meta property=\"og:description\" content=\"Recursos Externos Recursos Externos para Proveedores de Atenci\u00f3n de Salud Socios\" \/>\n<meta property=\"og:url\" content=\"https:\/\/mothertobaby.org\/es\/exposiciones-durante-el-embarazo-y-la-lactancia\/plomo\/\" \/>\n<meta property=\"og:site_name\" content=\"MotherToBaby\" \/>\n<meta property=\"article:modified_time\" content=\"2023-09-26T17:41:49+00:00\" \/>\n<meta property=\"og:image\" content=\"https:\/\/mothertobaby.org\/wp-content\/uploads\/2020\/09\/MotherToBaby-Lead-Exposures-Header-1600x900-09.20.jpg\" \/>\n\t<meta property=\"og:image:width\" content=\"1600\" \/>\n\t<meta property=\"og:image:height\" content=\"900\" \/>\n\t<meta property=\"og:image:type\" content=\"image\/jpeg\" \/>\n<meta name=\"twitter:card\" content=\"summary_large_image\" \/>\n<meta name=\"twitter:label1\" content=\"Tiempo de lectura\" \/>\n\t<meta name=\"twitter:data1\" content=\"3 minutos\" \/>\n<script type=\"application\/ld+json\" class=\"yoast-schema-graph\">{\"@context\":\"https:\/\/schema.org\",\"@graph\":[{\"@type\":\"WebPage\",\"@id\":\"https:\/\/mothertobaby.org\/es\/exposiciones-durante-el-embarazo-y-la-lactancia\/plomo\/\",\"url\":\"https:\/\/mothertobaby.org\/es\/exposiciones-durante-el-embarazo-y-la-lactancia\/plomo\/\",\"name\":\"Plomo - MotherToBaby\",\"isPartOf\":{\"@id\":\"https:\/\/mothertobaby.org\/es\/#website\"},\"datePublished\":\"2022-11-29T17:39:55+00:00\",\"dateModified\":\"2023-09-26T17:41:49+00:00\",\"breadcrumb\":{\"@id\":\"https:\/\/mothertobaby.org\/es\/exposiciones-durante-el-embarazo-y-la-lactancia\/plomo\/#breadcrumb\"},\"inLanguage\":\"es\",\"potentialAction\":[{\"@type\":\"ReadAction\",\"target\":[\"https:\/\/mothertobaby.org\/es\/exposiciones-durante-el-embarazo-y-la-lactancia\/plomo\/\"]}]},{\"@type\":\"BreadcrumbList\",\"@id\":\"https:\/\/mothertobaby.org\/es\/exposiciones-durante-el-embarazo-y-la-lactancia\/plomo\/#breadcrumb\",\"itemListElement\":[{\"@type\":\"ListItem\",\"position\":1,\"name\":\"Home\",\"item\":\"https:\/\/mothertobaby.org\/es\/\"},{\"@type\":\"ListItem\",\"position\":2,\"name\":\"Exposiciones Durante el Embarazo y la Lactancia\",\"item\":\"https:\/\/mothertobaby.org\/es\/exposiciones-durante-el-embarazo-y-la-lactancia\/\"},{\"@type\":\"ListItem\",\"position\":3,\"name\":\"Plomo\"}]},{\"@type\":\"WebSite\",\"@id\":\"https:\/\/mothertobaby.org\/es\/#website\",\"url\":\"https:\/\/mothertobaby.org\/es\/\",\"name\":\"MotherToBaby\",\"description\":\"Medications and More during pregnancy and breastfeeding\",\"publisher\":{\"@id\":\"https:\/\/mothertobaby.org\/es\/#organization\"},\"potentialAction\":[{\"@type\":\"SearchAction\",\"target\":{\"@type\":\"EntryPoint\",\"urlTemplate\":\"https:\/\/mothertobaby.org\/es\/?s={search_term_string}\"},\"query-input\":\"required name=search_term_string\"}],\"inLanguage\":\"es\"},{\"@type\":\"Organization\",\"@id\":\"https:\/\/mothertobaby.org\/es\/#organization\",\"name\":\"MotherToBaby\",\"url\":\"https:\/\/mothertobaby.org\/es\/\",\"logo\":{\"@type\":\"ImageObject\",\"inLanguage\":\"es\",\"@id\":\"https:\/\/mothertobaby.org\/es\/#\/schema\/logo\/image\/\",\"url\":\"https:\/\/mothertobaby.org\/wp-content\/uploads\/2023\/06\/MTB-horz-copyright-sm-1.png\",\"contentUrl\":\"https:\/\/mothertobaby.org\/wp-content\/uploads\/2023\/06\/MTB-horz-copyright-sm-1.png\",\"width\":284,\"height\":52,\"caption\":\"MotherToBaby\"},\"image\":{\"@id\":\"https:\/\/mothertobaby.org\/es\/#\/schema\/logo\/image\/\"}}]}<\/script>\n<!-- \/ Yoast SEO Premium plugin. -->","yoast_head_json":{"title":"Plomo - MotherToBaby","robots":{"index":"index","follow":"follow","max-snippet":"max-snippet:-1","max-image-preview":"max-image-preview:large","max-video-preview":"max-video-preview:-1"},"canonical":"https:\/\/mothertobaby.org\/es\/exposiciones-durante-el-embarazo-y-la-lactancia\/plomo\/","og_locale":"es_ES","og_type":"article","og_title":"Plomo","og_description":"Recursos Externos Recursos Externos para Proveedores de Atenci\u00f3n de Salud Socios","og_url":"https:\/\/mothertobaby.org\/es\/exposiciones-durante-el-embarazo-y-la-lactancia\/plomo\/","og_site_name":"MotherToBaby","article_modified_time":"2023-09-26T17:41:49+00:00","og_image":[{"width":1600,"height":900,"url":"https:\/\/mothertobaby.org\/wp-content\/uploads\/2020\/09\/MotherToBaby-Lead-Exposures-Header-1600x900-09.20.jpg","type":"image\/jpeg"}],"twitter_card":"summary_large_image","twitter_misc":{"Tiempo de lectura":"3 minutos"},"schema":{"@context":"https:\/\/schema.org","@graph":[{"@type":"WebPage","@id":"https:\/\/mothertobaby.org\/es\/exposiciones-durante-el-embarazo-y-la-lactancia\/plomo\/","url":"https:\/\/mothertobaby.org\/es\/exposiciones-durante-el-embarazo-y-la-lactancia\/plomo\/","name":"Plomo - MotherToBaby","isPartOf":{"@id":"https:\/\/mothertobaby.org\/es\/#website"},"datePublished":"2022-11-29T17:39:55+00:00","dateModified":"2023-09-26T17:41:49+00:00","breadcrumb":{"@id":"https:\/\/mothertobaby.org\/es\/exposiciones-durante-el-embarazo-y-la-lactancia\/plomo\/#breadcrumb"},"inLanguage":"es","potentialAction":[{"@type":"ReadAction","target":["https:\/\/mothertobaby.org\/es\/exposiciones-durante-el-embarazo-y-la-lactancia\/plomo\/"]}]},{"@type":"BreadcrumbList","@id":"https:\/\/mothertobaby.org\/es\/exposiciones-durante-el-embarazo-y-la-lactancia\/plomo\/#breadcrumb","itemListElement":[{"@type":"ListItem","position":1,"name":"Home","item":"https:\/\/mothertobaby.org\/es\/"},{"@type":"ListItem","position":2,"name":"Exposiciones Durante el Embarazo y la Lactancia","item":"https:\/\/mothertobaby.org\/es\/exposiciones-durante-el-embarazo-y-la-lactancia\/"},{"@type":"ListItem","position":3,"name":"Plomo"}]},{"@type":"WebSite","@id":"https:\/\/mothertobaby.org\/es\/#website","url":"https:\/\/mothertobaby.org\/es\/","name":"MotherToBaby","description":"Medications and More during pregnancy and breastfeeding","publisher":{"@id":"https:\/\/mothertobaby.org\/es\/#organization"},"potentialAction":[{"@type":"SearchAction","target":{"@type":"EntryPoint","urlTemplate":"https:\/\/mothertobaby.org\/es\/?s={search_term_string}"},"query-input":"required name=search_term_string"}],"inLanguage":"es"},{"@type":"Organization","@id":"https:\/\/mothertobaby.org\/es\/#organization","name":"MotherToBaby","url":"https:\/\/mothertobaby.org\/es\/","logo":{"@type":"ImageObject","inLanguage":"es","@id":"https:\/\/mothertobaby.org\/es\/#\/schema\/logo\/image\/","url":"https:\/\/mothertobaby.org\/wp-content\/uploads\/2023\/06\/MTB-horz-copyright-sm-1.png","contentUrl":"https:\/\/mothertobaby.org\/wp-content\/uploads\/2023\/06\/MTB-horz-copyright-sm-1.png","width":284,"height":52,"caption":"MotherToBaby"},"image":{"@id":"https:\/\/mothertobaby.org\/es\/#\/schema\/logo\/image\/"}}]}},"featured_image_src":"https:\/\/mothertobaby.org\/wp-content\/uploads\/2020\/09\/MotherToBaby-Lead-Exposures-Header-1600x900-09.20.jpg","featured_image_src_square":"https:\/\/mothertobaby.org\/wp-content\/uploads\/2020\/09\/MotherToBaby-Lead-Exposures-Header-1600x900-09.20.jpg","_links":{"self":[{"href":"https:\/\/mothertobaby.org\/es\/wp-json\/wp\/v2\/pages\/7010","targetHints":{"allow":["GET"]}}],"collection":[{"href":"https:\/\/mothertobaby.org\/es\/wp-json\/wp\/v2\/pages"}],"about":[{"href":"https:\/\/mothertobaby.org\/es\/wp-json\/wp\/v2\/types\/page"}],"author":[{"embeddable":true,"href":"https:\/\/mothertobaby.org\/es\/wp-json\/wp\/v2\/users\/214"}],"replies":[{"embeddable":true,"href":"https:\/\/mothertobaby.org\/es\/wp-json\/wp\/v2\/comments?post=7010"}],"version-history":[{"count":0,"href":"https:\/\/mothertobaby.org\/es\/wp-json\/wp\/v2\/pages\/7010\/revisions"}],"up":[{"embeddable":true,"href":"https:\/\/mothertobaby.org\/es\/wp-json\/wp\/v2\/pages\/6524"}],"wp:featuredmedia":[{"embeddable":true,"href":"https:\/\/mothertobaby.org\/es\/wp-json\/wp\/v2\/media\/2844"}],"wp:attachment":[{"href":"https:\/\/mothertobaby.org\/es\/wp-json\/wp\/v2\/media?parent=7010"}],"wp:term":[{"taxonomy":"medical-specialty","embeddable":true,"href":"https:\/\/mothertobaby.org\/es\/wp-json\/wp\/v2\/medical-specialty?post=7010"},{"taxonomy":"related-content","embeddable":true,"href":"https:\/\/mothertobaby.org\/es\/wp-json\/wp\/v2\/related-content?post=7010"}],"curies":[{"name":"wp","href":"https:\/\/api.w.org\/{rel}","templated":true}]}}