{"id":7011,"date":"2022-11-29T09:49:20","date_gmt":"2022-11-29T17:49:20","guid":{"rendered":"https:\/\/mothertobaby.org\/?page_id=7011"},"modified":"2023-09-26T10:40:50","modified_gmt":"2023-09-26T17:40:50","slug":"lupus","status":"publish","type":"page","link":"https:\/\/mothertobaby.org\/es\/exposiciones-durante-el-embarazo-y-la-lactancia\/lupus\/","title":{"rendered":"Lupus"},"content":{"rendered":"\n<div class=\"wp-block-genesis-blocks-gb-container alignfull mtb-full-width-container gb-block-container\"><div class=\"gb-container-inside\"><div class=\"gb-container-content\">\n<h2 class=\"wp-block-heading\" id=\"h-c-mo-afecta-el-lupus-al-embarazo-y-la-lactancia\">C\u00f3mo Afecta el Lupus al Embarazo y la Lactancia<\/h2>\n\n\n\n<p class=\"has-primary-purple-color has-text-color\"><em><em><em><em><em><em><em><em><em>Descargo de responsabilidad: Esta p\u00e1gina contiene informaci\u00f3n y recursos importantes relacionados con el lupus durante el embarazo y la lactancia, e incluye enlaces a nuestras Hojas Informativas basadas en evidencia. Sin embargo, los recursos que aqu\u00ed se ofrecen no deben sustituir la atenci\u00f3n y el asesoramiento de un profesional m\u00e9dico.<\/em><\/em><\/em><\/em><\/em><\/em><\/em><\/em><\/em><\/p>\n\n\n\n<p>El lupus (tambi\u00e9n conocido como lupus eritematoso sist\u00e9mico o LES) es una enfermedad autoinmune cr\u00f3nica (a largo plazo) que puede causar inflamaci\u00f3n en muchas partes del cuerpo, como la piel, las articulaciones, los ri\u00f1ones, el coraz\u00f3n (pericardio) y el cerebro. Muchas personas con lupus experimentan dolor, fatiga extrema, p\u00e9rdida de peso y fiebre baja, entre otros s\u00edntomas. Se diagnostica con mayor frecuencia durante los a\u00f1os f\u00e9rtiles (de 15 a 44 a\u00f1os) y el 90% de los adultos que viven con lupus son mujeres.<\/p>\n\n\n\n<div style=\"height:20px\" aria-hidden=\"true\" class=\"wp-block-spacer\"><\/div>\n\n\n\n<div style=\"height:23px\" aria-hidden=\"true\" class=\"wp-block-spacer\"><\/div>\n\n\n\n<figure class=\"wp-block-image size-full\"><img loading=\"lazy\" decoding=\"async\" width=\"1280\" height=\"576\" src=\"https:\/\/mothertobaby.org\/wp-content\/uploads\/2021\/11\/lupus.png\" alt=\"\" class=\"wp-image-5405\" srcset=\"https:\/\/mothertobaby.org\/wp-content\/uploads\/2021\/11\/lupus.png 1280w, https:\/\/mothertobaby.org\/wp-content\/uploads\/2021\/11\/lupus-720x324.png 720w, https:\/\/mothertobaby.org\/wp-content\/uploads\/2021\/11\/lupus-300x135.png 300w, https:\/\/mothertobaby.org\/wp-content\/uploads\/2021\/11\/lupus-1024x461.png 1024w, https:\/\/mothertobaby.org\/wp-content\/uploads\/2021\/11\/lupus-768x346.png 768w\" sizes=\"auto, (max-width: 1280px) 100vw, 1280px\" \/><\/figure>\n\n\n\n<p class=\"has-text-align-right\"><em>Referencia: <a href=\"https:\/\/pubmed.ncbi.nlm.nih.gov\/19136143\/\" target=\"_blank\" rel=\"noreferrer noopener\">Pons-Estel et al., 2010<\/a>.<\/em><\/p>\n\n\n\n<div style=\"height:20px\" aria-hidden=\"true\" class=\"wp-block-spacer\"><\/div>\n\n\n\n<div style=\"height:23px\" aria-hidden=\"true\" class=\"wp-block-spacer\"><\/div>\n\n\n\n<p>Las personas con lupus tienen una mayor probabilidad de sufrir complicaciones durante el embarazo, como aborto espont\u00e1neo, parto prematuro, preeclampsia (una condici\u00f3n m\u00e9dica relacionada con el embarazo que se caracteriza por un aumento peligroso de la presi\u00f3n arterial y problemas con la funci\u00f3n renal) y crecimiento deficiente del beb\u00e9 en desarrollo. El aumento de la actividad del lupus, particularmente durante la concepci\u00f3n y al principio del embarazo, aumenta la probabilidad de que se presenten estas complicaciones.&nbsp;<\/p>\n\n\n\n<blockquote class=\"wp-block-quote is-layout-flow wp-block-quote-is-layout-flow\">\n<p>El mejor momento para estar embarazada es cuando se est\u00e1 bien de salud. Las personas cuyo lupus est\u00e1 en remisi\u00f3n tienen muchos menos problemas con el embarazo que aquellas cuya enfermedad est\u00e1 activa. Se recomienda encarecidamente que se re\u00fana con su m\u00e9dico entre tres y seis meses antes de la fecha en que tiene previsto intentar quedarse embarazada.<\/p>\n<cite>&#8212; <a href=\"https:\/\/www.lupus.org\/resources\/planning-a-pregnancy-when-you-have-lupus\" target=\"_blank\" rel=\"noreferrer noopener\">Lupus Foundation<\/a><\/cite><\/blockquote>\n\n\n\n<p>Los proveedores de atenci\u00f3n de salud creen que los resultados del embarazo para las personas con lupus son mejores si la enfermedad est\u00e1 bien controlada durante al menos 6 meses antes de quedarse embarazada. Adem\u00e1s, dado que el lupus aumenta el riesgo de complicaciones en el embarazo, es importante mantener la enfermedad lo m\u00e1s inactiva posible durante el mismo. Se cree que algunos de los medicamentos utilizados para tratar el lupus no aumentan los riesgos para el embarazo o la lactancia, mientras que otros pueden ser motivo de preocupaci\u00f3n.&nbsp;Aseg\u00farese de hablar con su proveedor de atenci\u00f3n de salud sobre todas sus preguntas sobre el embarazo y la lactancia.<\/p>\n\n\n\n<div style=\"height:20px\" aria-hidden=\"true\" class=\"wp-block-spacer\"><\/div>\n\n\n\n<div style=\"height:23px\" aria-hidden=\"true\" class=\"wp-block-spacer\"><\/div>\n\n\n\n<h3 class=\"wp-block-heading\" id=\"h-nase-a-nuestro-estudio-sobre-el-lupus\">\u00danase a Nuestro Estudio Sobre el Lupus<\/h3>\n\n\n\n<p>Si est\u00e1 embarazada y tiene lupus, considere inscribirse en nuestro estudio observacional para brindarles a las personas mejores respuestas sobre c\u00f3mo el lupus y su control pueden afectar el embarazo y el desarrollo del beb\u00e9. No se le pedir\u00e1 que tome o cambie ning\u00fan medicamento y puede participar desde la comodidad de su hogar.<\/p>\n\n\n\n<div class=\"wp-block-buttons is-layout-flex wp-block-buttons-is-layout-flex\">\n<div class=\"wp-block-button\"><a class=\"wp-block-button__link wp-element-button\" href=\"https:\/\/mothertobaby.org\/es\/ongoing-study\/lupus\/\">OBTENER M\u00c1S INFORMACI\u00d3N<\/a><\/div>\n<\/div>\n\n\n\n<div style=\"height:20px\" aria-hidden=\"true\" class=\"wp-block-spacer\"><\/div>\n\n\n\n<div style=\"height:23px\" aria-hidden=\"true\" class=\"wp-block-spacer\"><\/div>\n\n\n\n<p>Consulte nuestra biblioteca de recursos a continuaci\u00f3n sobre el lupus durante el embarazo y la lactancia.<\/p>\n\n\n<div class=\"mtb-rel-cont-list mtb-rel-cont-block\" style=\"background-color: #F0ebf8;\"><h3>Hojas Informativas Relacionadas<\/h3><ul><li><a href='https:\/\/mothertobaby.org\/es\/hojas-informativas\/azatioprina-6mp\/'>Azatioprina | 6-mercaptopurina<\/a><\/li><li><a href='https:\/\/mothertobaby.org\/es\/hojas-informativas\/belimumab-benlysta\/'>Belimumab (Benlysta\u00ae)<\/a><\/li><li><a href='https:\/\/mothertobaby.org\/es\/hojas-informativas\/la-hidroxicloroquina-el-embarazo\/'>Hidroxicloroquina (Plaquenil\u00ae)<\/a><\/li><li><a href='https:\/\/mothertobaby.org\/es\/hojas-informativas\/lupus\/'>Lupus<\/a><\/li><li><a href='https:\/\/mothertobaby.org\/es\/hojas-informativas\/el-metotrexate\/'>Metotrexato<\/a><\/li><li><a href='https:\/\/mothertobaby.org\/es\/hojas-informativas\/mycophenolate\/'>Micofenolato (Cellcept\u00ae)<\/a><\/li><li><a href='https:\/\/mothertobaby.org\/es\/hojas-informativas\/la-quimioterapia\/'>Quimioterapia<\/a><\/li><\/ul><\/div>\n\n\n<div class=\"mtb-rel-cont-list mtb-rel-cont-block\" style=\"background-color: #f9f9ff;\"><h3>Baby Blogs Relacionadas<\/h3><ul><li><a href='https:\/\/mothertobaby.org\/es\/baby-blog\/vivir-con-lupus-controlar-los-brotes-para-ayudar-a-que-florezca-el-embarazo\/'>Vivir con lupus: Controlar los brotes para ayudar a que florezca el embarazo<\/a><\/li><\/ul><\/div>\n\n\n\n\n\n\n<p><\/p>\n<\/div><\/div><\/div>\n\n\n\n<h3 class=\"wp-block-heading\" id=\"h-recursos-externos\">Recursos Externos<\/h3>\n\n\n\n<ul class=\"wp-block-list\">\n<li>American College of Rheumatology: <a href=\"https:\/\/rheumatology.org\/patients\/lupus-espanol\" target=\"_blank\" rel=\"noreferrer noopener\">Lupus<\/a><\/li>\n\n\n\n<li>Babycenter: <a rel=\"noreferrer noopener\" href=\"https:\/\/www.cdc.gov\/lupus\/basics\/pregnancy.htm#:~:text=Women%20with%20lupus%20can%20safely,likely%20for%20women%20with%20lupus\" target=\"_blank\">Lupus and Breastfeeding<\/a><\/li>\n\n\n\n<li>Centers for Disease Control and Prevention: <a rel=\"noreferrer noopener\" href=\"https:\/\/www.lupus.org\/resources\/planning-a-pregnancy-when-you-have-lupus\" target=\"_blank\">Having a Healthy Pregnancy with Lupus<\/a><\/li>\n\n\n\n<li>Healthy Outcomes in Pregnancy with SLE Through Education of Providers (HOP-STEP): <a href=\"http:\/\/lupuspregnancy.org\/preparing-for-pregnancy\/\" target=\"_blank\" rel=\"noreferrer noopener\">Preparing for Pregnancy<\/a><\/li>\n\n\n\n<li>Lupus Foundation of America: <a href=\"https:\/\/www.lupus.org\/es\/resources\/la-planificacion-de-un-embarazo\" target=\"_blank\" rel=\"noreferrer noopener\">Planning a Pregnancy when You Have Lupus<\/a><\/li>\n\n\n\n<li>March of Dimes: <a href=\"https:\/\/www.marchofdimes.org\/complications\/lupus-and-pregnancy.aspx\" target=\"_blank\" rel=\"noreferrer noopener\">Lupus and Pregnancy<\/a><\/li>\n\n\n\n<li>U.S. Department of Health and Human Services, Office on Women\u2019s Health: <a href=\"https:\/\/espanol.womenshealth.gov\/lupus\/pregnancy-and-lupus\" target=\"_blank\" rel=\"noreferrer noopener\">Pregnancy and Lupus<\/a><\/li>\n<\/ul>\n\n\n\n<h3 class=\"wp-block-heading\" id=\"h-socios\">Socios<\/h3>\n\n\n\n<ul class=\"wp-block-list\">\n<li><a rel=\"noreferrer noopener\" href=\"https:\/\/www.marchofdimes.org\/\" target=\"_blank\">March of Dimes<\/a><\/li>\n\n\n\n<li><a href=\"https:\/\/www.myhealthteams.com\/\" target=\"_blank\" rel=\"noreferrer noopener\">MyHealthTeams<\/a><\/li>\n\n\n\n<li><a href=\"https:\/\/www.patientslikeme.com\/\" target=\"_blank\" rel=\"noreferrer noopener\">PatientsLikeMe<\/a><\/li>\n\n\n\n<li><a href=\"https:\/\/www.smfm.org\/members\/seeing-a-specialist\" target=\"_blank\" rel=\"noreferrer noopener\">Society for Maternal Fetal Medicine (SMFM)<\/a><\/li>\n\n\n\n<li><a href=\"https:\/\/themighty.com\/\" target=\"_blank\" rel=\"noreferrer noopener\">The Mighty<\/a><\/li>\n<\/ul>\n\n\n\n<div style=\"height:100px\" aria-hidden=\"true\" class=\"wp-block-spacer\"><\/div>\n\n\n\n<div style=\"background-color:#f9f9ff;padding-left:8%;padding-right:8%\" class=\"wp-block-genesis-blocks-gb-container alignfull mtb-hp-block mtb-3-col-cta-row gb-block-container\"><div class=\"gb-container-inside\"><div class=\"gb-container-content\" style=\"max-width:1120px\">\n<div class=\"wp-block-genesis-blocks-gb-columns light-text mtb-3-col-cta no-link-underline gb-layout-columns-3 gb-3-col-equal\"><div class=\"gb-layout-column-wrap gb-block-layout-column-gap-3 gb-is-responsive-column\">\n<div class=\"wp-block-genesis-blocks-gb-column mtb-cta-radius gb-block-layout-column\"><div class=\"gb-block-layout-column-inner gb-has-custom-background-color\" style=\"background-color:#522e83\">\n<h3 class=\"wp-block-heading has-text-align-left\" id=\"h-mant-ngase-en-contacto\">Mant\u00e9ngase en contacto<\/h3>\n\n\n\n<p class=\"has-text-align-left\">Nuestro bolet\u00edn electr\u00f3nico le brinda la informaci\u00f3n, las noticias, y los recursos m\u00e1s recientes de los expertos de MotherToBaby.<\/p>\n\n\n\n<div class=\"wp-block-buttons is-layout-flex wp-block-buttons-is-layout-flex\">\n<div class=\"wp-block-button has-custom-font-size mtb-std-block-btn gb-block-button\" style=\"font-size:20px;line-height:1.2\"><a class=\"wp-block-button__link has-text-color has-background wp-element-button\" href=\"https:\/\/mothertobaby.org\/es\/inscribirse-para-boletin-electronico\/\" style=\"border-radius:5px;color:#ffffff;background-color:#3373dc;padding-top:10px;padding-right:1em;padding-bottom:10px;padding-left:1em\">Inscribirse<\/a><\/div>\n<\/div>\n<\/div><\/div>\n\n\n\n<div class=\"wp-block-genesis-blocks-gb-column mtb-cta-radius gb-block-layout-column\"><div class=\"gb-block-layout-column-inner gb-has-custom-background-color\" style=\"background-color:#522e83\">\n<h3 class=\"wp-block-heading has-text-align-left\" id=\"h-unirse-a-un-estudio\">Unirse a un Estudio<\/h3>\n\n\n\n<p class=\"has-text-align-left\">Los futuros padres merecen mejor informaci\u00f3n sobre la seguridad de los medicamentos, y usted puede ayudar participando en un estudio.<\/p>\n\n\n\n<div class=\"wp-block-buttons is-layout-flex wp-block-buttons-is-layout-flex\">\n<div class=\"wp-block-button has-custom-font-size mtb-std-block-btn gb-block-button\" style=\"font-size:20px;line-height:1.2\"><a class=\"wp-block-button__link has-text-color has-background wp-element-button\" href=\"https:\/\/mothertobaby.org\/es\/exposiciones-durante-el-embarazo-y-la-lactancia\/\" style=\"border-radius:5px;color:#ffffff;background-color:#3373dc;padding-top:10px;padding-right:1em;padding-bottom:10px;padding-left:1em\">Unirse<\/a><\/div>\n<\/div>\n<\/div><\/div>\n\n\n\n<div class=\"wp-block-genesis-blocks-gb-column mtb-cta-radius gb-block-layout-column\"><div class=\"gb-block-layout-column-inner has-orange-cta-background-color has-neutral-plus-2-color\">\n<h3 class=\"wp-block-heading has-text-align-left\" id=\"h-pregunte-a-nuestros-expertos\">Pregunte a Nuestros Expertos<\/h3>\n\n\n\n<p class=\"has-text-align-left\">Llame, env\u00ede mensajes de texto, chatee, o env\u00ede un correo electr\u00f3nico para obtener una evaluaci\u00f3n de riesgos personalizada y gratuita sobre las exposiciones en el embarazo y la lactancia.<\/p>\n\n\n\n<div class=\"wp-block-buttons is-layout-flex wp-block-buttons-is-layout-flex\">\n<div class=\"wp-block-button has-custom-font-size mtb-std-block-btn gb-block-button\" style=\"font-size:20px;line-height:1.2\"><a class=\"wp-block-button__link has-text-color has-background wp-element-button\" href=\"https:\/\/mothertobaby.org\/es\/contactar\/\" style=\"border-radius:5px;color:#ffffff;background-color:#3373dc;padding-top:10px;padding-right:1em;padding-bottom:10px;padding-left:1em\">Contactar<\/a><\/div>\n<\/div>\n<\/div><\/div>\n<\/div><\/div>\n<\/div><\/div><\/div>\n\n\n\n<div class=\"wp-block-genesis-blocks-gb-container gb-block-container\"><div class=\"gb-container-inside\"><div class=\"gb-container-content\"><\/div><\/div><\/div>\n","protected":false},"excerpt":{"rendered":"<p>Recursos Externos Socios<\/p>\n","protected":false},"author":214,"featured_media":2846,"parent":6524,"menu_order":0,"comment_status":"closed","ping_status":"closed","template":"page-templates\/inner-page.php","meta":{"_searchwp_excluded":"","_genesis_hide_title":false,"_genesis_hide_breadcrumbs":false,"_genesis_hide_singular_image":false,"_genesis_hide_footer_widgets":false,"_genesis_custom_body_class":"","_genesis_custom_post_class":"","_genesis_layout":"full-width-content","footnotes":""},"medical-specialty":[],"related-content":[585],"class_list":{"0":"post-7011","1":"page","2":"type-page","3":"status-publish","4":"has-post-thumbnail","6":"related-content-lupus-2","7":"entry"},"yoast_head":"<!-- This site is optimized with the Yoast SEO Premium plugin v20.13 (Yoast SEO v20.13) - https:\/\/yoast.com\/wordpress\/plugins\/seo\/ -->\n<title>Lupus - MotherToBaby<\/title>\n<meta name=\"robots\" content=\"index, follow, max-snippet:-1, max-image-preview:large, max-video-preview:-1\" \/>\n<link rel=\"canonical\" href=\"https:\/\/mothertobaby.org\/es\/exposiciones-durante-el-embarazo-y-la-lactancia\/lupus\/\" \/>\n<meta property=\"og:locale\" content=\"es_ES\" \/>\n<meta property=\"og:type\" content=\"article\" \/>\n<meta property=\"og:title\" content=\"Lupus\" \/>\n<meta property=\"og:description\" content=\"Recursos Externos Socios\" \/>\n<meta property=\"og:url\" content=\"https:\/\/mothertobaby.org\/es\/exposiciones-durante-el-embarazo-y-la-lactancia\/lupus\/\" \/>\n<meta property=\"og:site_name\" content=\"MotherToBaby\" \/>\n<meta property=\"article:modified_time\" content=\"2023-09-26T17:40:50+00:00\" \/>\n<meta property=\"og:image\" content=\"https:\/\/mothertobaby.org\/wp-content\/uploads\/2020\/09\/MotherToBaby-Lupus-Exposures-Header-1600x900-09.20.jpg\" \/>\n\t<meta property=\"og:image:width\" content=\"1600\" \/>\n\t<meta property=\"og:image:height\" content=\"900\" \/>\n\t<meta property=\"og:image:type\" content=\"image\/jpeg\" \/>\n<meta name=\"twitter:card\" content=\"summary_large_image\" \/>\n<meta name=\"twitter:label1\" content=\"Tiempo de lectura\" \/>\n\t<meta name=\"twitter:data1\" content=\"3 minutos\" \/>\n<script type=\"application\/ld+json\" class=\"yoast-schema-graph\">{\"@context\":\"https:\/\/schema.org\",\"@graph\":[{\"@type\":\"WebPage\",\"@id\":\"https:\/\/mothertobaby.org\/es\/exposiciones-durante-el-embarazo-y-la-lactancia\/lupus\/\",\"url\":\"https:\/\/mothertobaby.org\/es\/exposiciones-durante-el-embarazo-y-la-lactancia\/lupus\/\",\"name\":\"Lupus - MotherToBaby\",\"isPartOf\":{\"@id\":\"https:\/\/mothertobaby.org\/es\/#website\"},\"datePublished\":\"2022-11-29T17:49:20+00:00\",\"dateModified\":\"2023-09-26T17:40:50+00:00\",\"breadcrumb\":{\"@id\":\"https:\/\/mothertobaby.org\/es\/exposiciones-durante-el-embarazo-y-la-lactancia\/lupus\/#breadcrumb\"},\"inLanguage\":\"es\",\"potentialAction\":[{\"@type\":\"ReadAction\",\"target\":[\"https:\/\/mothertobaby.org\/es\/exposiciones-durante-el-embarazo-y-la-lactancia\/lupus\/\"]}]},{\"@type\":\"BreadcrumbList\",\"@id\":\"https:\/\/mothertobaby.org\/es\/exposiciones-durante-el-embarazo-y-la-lactancia\/lupus\/#breadcrumb\",\"itemListElement\":[{\"@type\":\"ListItem\",\"position\":1,\"name\":\"Home\",\"item\":\"https:\/\/mothertobaby.org\/es\/\"},{\"@type\":\"ListItem\",\"position\":2,\"name\":\"Exposiciones Durante el Embarazo y la Lactancia\",\"item\":\"https:\/\/mothertobaby.org\/es\/exposiciones-durante-el-embarazo-y-la-lactancia\/\"},{\"@type\":\"ListItem\",\"position\":3,\"name\":\"Lupus\"}]},{\"@type\":\"WebSite\",\"@id\":\"https:\/\/mothertobaby.org\/es\/#website\",\"url\":\"https:\/\/mothertobaby.org\/es\/\",\"name\":\"MotherToBaby\",\"description\":\"Medications and More during pregnancy and breastfeeding\",\"publisher\":{\"@id\":\"https:\/\/mothertobaby.org\/es\/#organization\"},\"potentialAction\":[{\"@type\":\"SearchAction\",\"target\":{\"@type\":\"EntryPoint\",\"urlTemplate\":\"https:\/\/mothertobaby.org\/es\/?s={search_term_string}\"},\"query-input\":\"required name=search_term_string\"}],\"inLanguage\":\"es\"},{\"@type\":\"Organization\",\"@id\":\"https:\/\/mothertobaby.org\/es\/#organization\",\"name\":\"MotherToBaby\",\"url\":\"https:\/\/mothertobaby.org\/es\/\",\"logo\":{\"@type\":\"ImageObject\",\"inLanguage\":\"es\",\"@id\":\"https:\/\/mothertobaby.org\/es\/#\/schema\/logo\/image\/\",\"url\":\"https:\/\/mothertobaby.org\/wp-content\/uploads\/2023\/06\/MTB-horz-copyright-sm-1.png\",\"contentUrl\":\"https:\/\/mothertobaby.org\/wp-content\/uploads\/2023\/06\/MTB-horz-copyright-sm-1.png\",\"width\":284,\"height\":52,\"caption\":\"MotherToBaby\"},\"image\":{\"@id\":\"https:\/\/mothertobaby.org\/es\/#\/schema\/logo\/image\/\"}}]}<\/script>\n<!-- \/ Yoast SEO Premium plugin. -->","yoast_head_json":{"title":"Lupus - MotherToBaby","robots":{"index":"index","follow":"follow","max-snippet":"max-snippet:-1","max-image-preview":"max-image-preview:large","max-video-preview":"max-video-preview:-1"},"canonical":"https:\/\/mothertobaby.org\/es\/exposiciones-durante-el-embarazo-y-la-lactancia\/lupus\/","og_locale":"es_ES","og_type":"article","og_title":"Lupus","og_description":"Recursos Externos Socios","og_url":"https:\/\/mothertobaby.org\/es\/exposiciones-durante-el-embarazo-y-la-lactancia\/lupus\/","og_site_name":"MotherToBaby","article_modified_time":"2023-09-26T17:40:50+00:00","og_image":[{"width":1600,"height":900,"url":"https:\/\/mothertobaby.org\/wp-content\/uploads\/2020\/09\/MotherToBaby-Lupus-Exposures-Header-1600x900-09.20.jpg","type":"image\/jpeg"}],"twitter_card":"summary_large_image","twitter_misc":{"Tiempo de lectura":"3 minutos"},"schema":{"@context":"https:\/\/schema.org","@graph":[{"@type":"WebPage","@id":"https:\/\/mothertobaby.org\/es\/exposiciones-durante-el-embarazo-y-la-lactancia\/lupus\/","url":"https:\/\/mothertobaby.org\/es\/exposiciones-durante-el-embarazo-y-la-lactancia\/lupus\/","name":"Lupus - MotherToBaby","isPartOf":{"@id":"https:\/\/mothertobaby.org\/es\/#website"},"datePublished":"2022-11-29T17:49:20+00:00","dateModified":"2023-09-26T17:40:50+00:00","breadcrumb":{"@id":"https:\/\/mothertobaby.org\/es\/exposiciones-durante-el-embarazo-y-la-lactancia\/lupus\/#breadcrumb"},"inLanguage":"es","potentialAction":[{"@type":"ReadAction","target":["https:\/\/mothertobaby.org\/es\/exposiciones-durante-el-embarazo-y-la-lactancia\/lupus\/"]}]},{"@type":"BreadcrumbList","@id":"https:\/\/mothertobaby.org\/es\/exposiciones-durante-el-embarazo-y-la-lactancia\/lupus\/#breadcrumb","itemListElement":[{"@type":"ListItem","position":1,"name":"Home","item":"https:\/\/mothertobaby.org\/es\/"},{"@type":"ListItem","position":2,"name":"Exposiciones Durante el Embarazo y la Lactancia","item":"https:\/\/mothertobaby.org\/es\/exposiciones-durante-el-embarazo-y-la-lactancia\/"},{"@type":"ListItem","position":3,"name":"Lupus"}]},{"@type":"WebSite","@id":"https:\/\/mothertobaby.org\/es\/#website","url":"https:\/\/mothertobaby.org\/es\/","name":"MotherToBaby","description":"Medications and More during pregnancy and breastfeeding","publisher":{"@id":"https:\/\/mothertobaby.org\/es\/#organization"},"potentialAction":[{"@type":"SearchAction","target":{"@type":"EntryPoint","urlTemplate":"https:\/\/mothertobaby.org\/es\/?s={search_term_string}"},"query-input":"required name=search_term_string"}],"inLanguage":"es"},{"@type":"Organization","@id":"https:\/\/mothertobaby.org\/es\/#organization","name":"MotherToBaby","url":"https:\/\/mothertobaby.org\/es\/","logo":{"@type":"ImageObject","inLanguage":"es","@id":"https:\/\/mothertobaby.org\/es\/#\/schema\/logo\/image\/","url":"https:\/\/mothertobaby.org\/wp-content\/uploads\/2023\/06\/MTB-horz-copyright-sm-1.png","contentUrl":"https:\/\/mothertobaby.org\/wp-content\/uploads\/2023\/06\/MTB-horz-copyright-sm-1.png","width":284,"height":52,"caption":"MotherToBaby"},"image":{"@id":"https:\/\/mothertobaby.org\/es\/#\/schema\/logo\/image\/"}}]}},"featured_image_src":"https:\/\/mothertobaby.org\/wp-content\/uploads\/2020\/09\/MotherToBaby-Lupus-Exposures-Header-1600x900-09.20.jpg","featured_image_src_square":"https:\/\/mothertobaby.org\/wp-content\/uploads\/2020\/09\/MotherToBaby-Lupus-Exposures-Header-1600x900-09.20.jpg","_links":{"self":[{"href":"https:\/\/mothertobaby.org\/es\/wp-json\/wp\/v2\/pages\/7011","targetHints":{"allow":["GET"]}}],"collection":[{"href":"https:\/\/mothertobaby.org\/es\/wp-json\/wp\/v2\/pages"}],"about":[{"href":"https:\/\/mothertobaby.org\/es\/wp-json\/wp\/v2\/types\/page"}],"author":[{"embeddable":true,"href":"https:\/\/mothertobaby.org\/es\/wp-json\/wp\/v2\/users\/214"}],"replies":[{"embeddable":true,"href":"https:\/\/mothertobaby.org\/es\/wp-json\/wp\/v2\/comments?post=7011"}],"version-history":[{"count":0,"href":"https:\/\/mothertobaby.org\/es\/wp-json\/wp\/v2\/pages\/7011\/revisions"}],"up":[{"embeddable":true,"href":"https:\/\/mothertobaby.org\/es\/wp-json\/wp\/v2\/pages\/6524"}],"wp:featuredmedia":[{"embeddable":true,"href":"https:\/\/mothertobaby.org\/es\/wp-json\/wp\/v2\/media\/2846"}],"wp:attachment":[{"href":"https:\/\/mothertobaby.org\/es\/wp-json\/wp\/v2\/media?parent=7011"}],"wp:term":[{"taxonomy":"medical-specialty","embeddable":true,"href":"https:\/\/mothertobaby.org\/es\/wp-json\/wp\/v2\/medical-specialty?post=7011"},{"taxonomy":"related-content","embeddable":true,"href":"https:\/\/mothertobaby.org\/es\/wp-json\/wp\/v2\/related-content?post=7011"}],"curies":[{"name":"wp","href":"https:\/\/api.w.org\/{rel}","templated":true}]}}