{"id":7014,"date":"2022-11-29T10:08:38","date_gmt":"2022-11-29T18:08:38","guid":{"rendered":"https:\/\/mothertobaby.org\/?page_id=7014"},"modified":"2023-08-30T13:06:20","modified_gmt":"2023-08-30T20:06:20","slug":"esclerosis-multiple","status":"publish","type":"page","link":"https:\/\/mothertobaby.org\/es\/exposiciones-durante-el-embarazo-y-la-lactancia\/esclerosis-multiple\/","title":{"rendered":"Esclerosis M\u00faltiple"},"content":{"rendered":"\n<div class=\"wp-block-genesis-blocks-gb-container alignfull mtb-full-width-container gb-block-container\"><div class=\"gb-container-inside\"><div class=\"gb-container-content\">\n<h2 class=\"wp-block-heading\" id=\"h-embarazo-y-lactancia-con-esclerosis-m-ltiple-informaci-n-sobre-la-exposici-n-en-la-que-puede-confiar\"><strong><strong><strong>Embarazo y Lactancia<\/strong> con <strong>Esclerosis M\u00faltiple<\/strong>: Informaci\u00f3n sobre la Exposici\u00f3n en la que Puede Confiar<\/strong><\/strong><\/h2>\n\n\n\n<p class=\"has-primary-purple-color has-text-color\"><em><em><em><em><em><em><em><em><em>Descargo de responsabilidad: Esta p\u00e1gina contiene informaci\u00f3n y recursos importantes relacionados con la esclerosis m\u00faltiple durante el embarazo y la lactancia, e incluye enlaces a nuestras Hojas Informativas basadas en evidencia. Sin embargo, los recursos que aqu\u00ed se ofrecen no deben sustituir la atenci\u00f3n y el asesoramiento de un profesional m\u00e9dico.<\/em><\/em><\/em><\/em><\/em><\/em><\/em><\/em><\/em><\/p>\n\n\n\n<p>La esclerosis m\u00faltiple (EM) es una condici\u00f3n m\u00e9dica en la que el propio sistema inmunitario del cuerpo ataca incorrectamente la cubierta protectora (llamada mielina) que cubre las fibras nerviosas del cerebro y la m\u00e9dula espinal. Esto interfiere con la forma en que el cerebro se comunica con el resto del cuerpo y eventualmente puede causar da\u00f1o permanente a los nervios. Debido a que el da\u00f1o a los nervios puede ocurrir en cualquier parte del cerebro o de la m\u00e9dula espinal, los s\u00edntomas de la esclerosis m\u00faltiple son impredecibles y pueden variar; tambi\u00e9n pueden aparecer y luego empeorar con el tiempo, o pueden aparecer y luego desaparecer (remitir). Los s\u00edntomas m\u00e1s comunes de la esclerosis m\u00faltiple incluyen, entre otros, fatiga, entumecimiento u hormigueo, problemas de visi\u00f3n, debilidad, problemas de equilibrio y problemas de memoria y concentraci\u00f3n.<\/p>\n\n\n\n<blockquote class=\"wp-block-quote is-layout-flow wp-block-quote-is-layout-flow\">\n<p>Hay menos reca\u00eddas de esclerosis m\u00faltiple durante el embarazo, especialmente en el segundo y tercer trimestre. Se cree que los cambios que tienen lugar en el cuerpo [de una persona] durante el embarazo contribuyen a una menor inflamaci\u00f3n, menor actividad de la esclerosis m\u00faltiple y menos reca\u00eddas.<\/p>\n<cite>&#8212; <a href=\"https:\/\/www.nationalmssociety.org\/Living-Well-With-MS\/Diet-Exercise-Healthy-Behaviors\/Womens-Health\/Pregnancy\" target=\"_blank\" rel=\"noreferrer noopener\">National Multiple Sclerosis Society<\/a><\/cite><\/blockquote>\n\n\n\n<p>La esclerosis m\u00faltiple se diagnostica con mayor frecuencia entre los 20 y los 50 a\u00f1os, que para las mujeres es el pico de la edad reproductiva. Es importante que consulte las opciones de tratamiento con sus proveedores de atenci\u00f3n m\u00e9dica cuando planifique el embarazo, o tan pronto como sepa que est\u00e1 embarazada. Siempre converse con su proveedor de atenci\u00f3n de salud antes de suspender cualquier medicamento.<\/p>\n\n\n\n<div style=\"height:20px\" aria-hidden=\"true\" class=\"wp-block-spacer\"><\/div>\n\n\n\n<div style=\"height:23px\" aria-hidden=\"true\" class=\"wp-block-spacer\"><\/div>\n\n\n\n<figure class=\"wp-block-image size-full\"><img loading=\"lazy\" decoding=\"async\" width=\"1280\" height=\"576\" src=\"https:\/\/mothertobaby.org\/wp-content\/uploads\/2021\/11\/multiple-sclerosis.png\" alt=\"\" class=\"wp-image-5409\" srcset=\"https:\/\/mothertobaby.org\/wp-content\/uploads\/2021\/11\/multiple-sclerosis.png 1280w, https:\/\/mothertobaby.org\/wp-content\/uploads\/2021\/11\/multiple-sclerosis-720x324.png 720w, https:\/\/mothertobaby.org\/wp-content\/uploads\/2021\/11\/multiple-sclerosis-300x135.png 300w, https:\/\/mothertobaby.org\/wp-content\/uploads\/2021\/11\/multiple-sclerosis-1024x461.png 1024w, https:\/\/mothertobaby.org\/wp-content\/uploads\/2021\/11\/multiple-sclerosis-768x346.png 768w\" sizes=\"auto, (max-width: 1280px) 100vw, 1280px\" \/><\/figure>\n\n\n\n<p class=\"has-text-align-right\"><em>Referencia: <a href=\"https:\/\/www.nationalmssociety.org\/What-is-MS\/Who-Gets-MS\" target=\"_blank\" rel=\"noreferrer noopener\">National Multiple Sclerosis Society: Who Gets MS?<\/a><\/em><\/p>\n\n\n\n<div style=\"height:20px\" aria-hidden=\"true\" class=\"wp-block-spacer\"><\/div>\n\n\n\n<div style=\"height:23px\" aria-hidden=\"true\" class=\"wp-block-spacer\"><\/div>\n\n\n\n<h3 class=\"wp-block-heading\" id=\"h-nase-a-nuestro-estudio-sobre-la-esclerosis-m-ltiple\">\u00danase a Nuestro Estudio Sobre la Esclerosis M\u00faltiple<\/h3>\n\n\n\n<p>Si est\u00e1 embarazada y tiene esclerosis m\u00faltiple, considere inscribirse en nuestro estudio observacional para brindarles a las personas mejores respuestas sobre c\u00f3mo la esclerosis m\u00faltiple y su control pueden afectar el embarazo y el desarrollo del beb\u00e9. No se le pedir\u00e1 que tome o cambie ning\u00fan medicamento y puede participar desde la comodidad de su hogar.<\/p>\n\n\n\n<div class=\"wp-block-buttons is-layout-flex wp-block-buttons-is-layout-flex\">\n<div class=\"wp-block-button\"><a class=\"wp-block-button__link wp-element-button\" href=\"\/es\/ongoing-study\/esclerosis-multiple\/\">OBTENER M\u00c1S INFORMACI\u00d3N<\/a><\/div>\n<\/div>\n\n\n\n<div style=\"height:20px\" aria-hidden=\"true\" class=\"wp-block-spacer\"><\/div>\n\n\n\n<div style=\"height:23px\" aria-hidden=\"true\" class=\"wp-block-spacer\"><\/div>\n\n\n\n<p>Consulte nuestra biblioteca de recursos a continuaci\u00f3n sobre la esclerosis m\u00faltiple durante el embarazo y la lactancia.<\/p>\n<\/div><\/div><\/div>\n\n\n<div class=\"mtb-rel-cont-list mtb-rel-cont-block\" style=\"background-color: #F0ebf8;\"><h3>Hojas Informativas Relacionadas<\/h3><ul><li><a href='https:\/\/mothertobaby.org\/es\/hojas-informativas\/baclofen\/'>Baclofeno<\/a><\/li><li><a href='https:\/\/mothertobaby.org\/es\/hojas-informativas\/copolymer-1-copaxone-2\/'>Copol\u00edmero 1 (acetato de glatiramero; glatiramero)<\/a><\/li><li><a href='https:\/\/mothertobaby.org\/es\/hojas-informativas\/dimethyl-fumarate-tecfidera\/'>Dimetilfumarato<\/a><\/li><li><a href='https:\/\/mothertobaby.org\/es\/hojas-informativas\/esclerosis-multiple\/'>Esclerosis m\u00faltiple<\/a><\/li><li><a href='https:\/\/mothertobaby.org\/es\/hojas-informativas\/natalizumab\/'>Natalizumab (Tysabri\u00ae)<\/a><\/li><li><a href='https:\/\/mothertobaby.org\/es\/hojas-informativas\/ofatumumab-kesimpta-arzerra\/'>Ofatumumab (Kesimpta\u00ae, Arzerra\u00ae)<\/a><\/li><li><a href='https:\/\/mothertobaby.org\/es\/hojas-informativas\/la-prednisonaprednisolona\/'>Prednisona\/Prednisolona<\/a><\/li><li><a href='https:\/\/mothertobaby.org\/es\/hojas-informativas\/siponimod-mayzent\/'>Siponimod (Mayzent\u00ae)<\/a><\/li><li><a href='https:\/\/mothertobaby.org\/es\/hojas-informativas\/teriflunomida\/'>Teriflunomida (Aubagio\u00ae)<\/a><\/li><\/ul><\/div>\n\n\n<div class=\"mtb-rel-cont-list mtb-rel-cont-block\" style=\"background-color: #f9f9ff;\"><h3>Baby Blogs Relacionadas<\/h3><ul><li><a href='https:\/\/mothertobaby.org\/es\/baby-blog\/beneficiando-a-otras-madres-como-yo-por-que-una-madre-prefirio-los-estudios-que-seguir-con-miedo\/'>\u2018Beneficiando a otras madres como yo:\u2019 Por qu\u00e9 una madre prefiri\u00f3 los estudios que seguir con miedo<\/a><\/li><\/ul><\/div>\n\n\n\n\n\n\n<h3 class=\"wp-block-heading\" id=\"h-recursos-externos\">Recursos Externos<\/h3>\n\n\n\n<ul class=\"wp-block-list\">\n<li>March of Dimes: <a rel=\"noreferrer noopener\" href=\"https:\/\/www.marchofdimes.org\/complications\/multiple-sclerosis-and-pregnancy.aspx#:~:text=Having%20MS%20doesn't%20seem,for%2Dgestational%2Dage%20baby\" target=\"_blank\">Multiple Sclerosis and Pregnancy<\/a><\/li>\n\n\n\n<li>National Multiple Sclerosis Society: <a href=\"https:\/\/www.nationalmssociety.org\/Living-Well-With-MS\/Diet-Exercise-Healthy-Behaviors\/Womens-Health\/Pregnancy\" target=\"_blank\" rel=\"noreferrer noopener\">Pregnancy and Reproductive Issues<\/a><\/li>\n<\/ul>\n\n\n\n<h3 class=\"wp-block-heading\" id=\"h-socios\">Socios<\/h3>\n\n\n\n<ul class=\"wp-block-list\">\n<li><a href=\"https:\/\/www.nationalmssociety.org\/es\" target=\"_blank\" rel=\"noreferrer noopener\">National Multiple Sclerosis Society<\/a><\/li>\n\n\n\n<li><a href=\"https:\/\/www.myhealthteams.com\/\" target=\"_blank\" rel=\"noreferrer noopener\">MyHealthTeams<\/a><\/li>\n\n\n\n<li><a href=\"https:\/\/www.patientslikeme.com\/\" target=\"_blank\" rel=\"noreferrer noopener\">PatientsLikeMe<\/a><\/li>\n\n\n\n<li><a href=\"https:\/\/www.smfm.org\/members\/seeing-a-specialist\" target=\"_blank\" rel=\"noreferrer noopener\">Society for Maternal Fetal Medicine (SMFM)<\/a><\/li>\n\n\n\n<li><a href=\"https:\/\/themighty.com\/\" target=\"_blank\" rel=\"noreferrer noopener\">The Mighty<\/a><\/li>\n<\/ul>\n\n\n\n<div style=\"height:100px\" aria-hidden=\"true\" class=\"wp-block-spacer\"><\/div>\n\n\n\n<div style=\"background-color:#f9f9ff;padding-left:8%;padding-right:8%\" class=\"wp-block-genesis-blocks-gb-container alignfull mtb-hp-block mtb-3-col-cta-row gb-block-container\"><div class=\"gb-container-inside\"><div class=\"gb-container-content\" style=\"max-width:1120px\">\n<div class=\"wp-block-genesis-blocks-gb-columns light-text mtb-3-col-cta no-link-underline gb-layout-columns-3 gb-3-col-equal\"><div class=\"gb-layout-column-wrap gb-block-layout-column-gap-3 gb-is-responsive-column\">\n<div class=\"wp-block-genesis-blocks-gb-column mtb-cta-radius gb-block-layout-column\"><div class=\"gb-block-layout-column-inner gb-has-custom-background-color\" style=\"background-color:#522e83\">\n<h3 class=\"wp-block-heading has-text-align-left\" id=\"h-mant-ngase-en-contacto\">Mant\u00e9ngase en contacto<\/h3>\n\n\n\n<p class=\"has-text-align-left\">Nuestro bolet\u00edn electr\u00f3nico le brinda la informaci\u00f3n, las noticias, y los recursos m\u00e1s recientes de los expertos de MotherToBaby.<\/p>\n\n\n\n<div class=\"wp-block-buttons is-layout-flex wp-block-buttons-is-layout-flex\">\n<div class=\"wp-block-button has-custom-font-size mtb-std-block-btn gb-block-button\" style=\"font-size:20px;line-height:1.2\"><a class=\"wp-block-button__link has-text-color has-background wp-element-button\" href=\"https:\/\/mothertobaby.org\/es\/inscribirse-para-boletin-electronico\/\" style=\"border-radius:5px;color:#ffffff;background-color:#3373dc;padding-top:10px;padding-right:1em;padding-bottom:10px;padding-left:1em\">Inscribirse<\/a><\/div>\n<\/div>\n<\/div><\/div>\n\n\n\n<div class=\"wp-block-genesis-blocks-gb-column mtb-cta-radius gb-block-layout-column\"><div class=\"gb-block-layout-column-inner gb-has-custom-background-color\" style=\"background-color:#522e83\">\n<h3 class=\"wp-block-heading has-text-align-left\" id=\"h-unirse-a-un-estudio\">Unirse a un Estudio<\/h3>\n\n\n\n<p class=\"has-text-align-left\">Los futuros padres merecen mejor informaci\u00f3n sobre la seguridad de los medicamentos, y usted puede ayudar participando en un estudio.<\/p>\n\n\n\n<div class=\"wp-block-buttons is-layout-flex wp-block-buttons-is-layout-flex\">\n<div class=\"wp-block-button has-custom-font-size mtb-std-block-btn gb-block-button\" style=\"font-size:20px;line-height:1.2\"><a class=\"wp-block-button__link has-text-color has-background wp-element-button\" href=\"https:\/\/mothertobaby.org\/es\/exposiciones-durante-el-embarazo-y-la-lactancia\/\" style=\"border-radius:5px;color:#ffffff;background-color:#3373dc;padding-top:10px;padding-right:1em;padding-bottom:10px;padding-left:1em\">Unirse<\/a><\/div>\n<\/div>\n<\/div><\/div>\n\n\n\n<div class=\"wp-block-genesis-blocks-gb-column mtb-cta-radius gb-block-layout-column\"><div class=\"gb-block-layout-column-inner has-orange-cta-background-color has-neutral-plus-2-color\">\n<h3 class=\"wp-block-heading has-text-align-left\" id=\"h-pregunte-a-nuestros-expertos\">Pregunte a Nuestros Expertos<\/h3>\n\n\n\n<p class=\"has-text-align-left\">Llame, env\u00ede mensajes de texto, chatee, o env\u00ede un correo electr\u00f3nico para obtener una evaluaci\u00f3n de riesgos personalizada y gratuita sobre las exposiciones en el embarazo y la lactancia.<\/p>\n\n\n\n<div class=\"wp-block-buttons is-layout-flex wp-block-buttons-is-layout-flex\">\n<div class=\"wp-block-button has-custom-font-size mtb-std-block-btn gb-block-button\" style=\"font-size:20px;line-height:1.2\"><a class=\"wp-block-button__link has-text-color has-background wp-element-button\" href=\"https:\/\/mothertobaby.org\/es\/contactar\/\" style=\"border-radius:5px;color:#ffffff;background-color:#3373dc;padding-top:10px;padding-right:1em;padding-bottom:10px;padding-left:1em\">Contactar<\/a><\/div>\n<\/div>\n<\/div><\/div>\n<\/div><\/div>\n<\/div><\/div><\/div>\n\n\n\n<div class=\"wp-block-genesis-blocks-gb-container gb-block-container\"><div class=\"gb-container-inside\"><div class=\"gb-container-content\"><\/div><\/div><\/div>\n\n\n\n<p><\/p>\n","protected":false},"excerpt":{"rendered":"<p>Recursos Externos Socios<\/p>\n","protected":false},"author":214,"featured_media":2857,"parent":6524,"menu_order":0,"comment_status":"closed","ping_status":"closed","template":"page-templates\/inner-page.php","meta":{"_searchwp_excluded":"","_genesis_hide_title":false,"_genesis_hide_breadcrumbs":false,"_genesis_hide_singular_image":false,"_genesis_hide_footer_widgets":false,"_genesis_custom_body_class":"","_genesis_custom_post_class":"","_genesis_layout":"full-width-content","footnotes":""},"medical-specialty":[],"related-content":[587],"class_list":{"0":"post-7014","1":"page","2":"type-page","3":"status-publish","4":"has-post-thumbnail","6":"related-content-esclerosis-multiple","7":"entry"},"yoast_head":"<!-- This site is optimized with the Yoast SEO Premium plugin v20.13 (Yoast SEO v20.13) - https:\/\/yoast.com\/wordpress\/plugins\/seo\/ -->\n<title>Esclerosis M\u00faltiple - MotherToBaby<\/title>\n<meta name=\"robots\" content=\"index, follow, max-snippet:-1, max-image-preview:large, max-video-preview:-1\" \/>\n<link rel=\"canonical\" href=\"https:\/\/mothertobaby.org\/es\/exposiciones-durante-el-embarazo-y-la-lactancia\/esclerosis-multiple\/\" \/>\n<meta property=\"og:locale\" content=\"es_ES\" \/>\n<meta property=\"og:type\" content=\"article\" \/>\n<meta property=\"og:title\" content=\"Esclerosis M\u00faltiple\" \/>\n<meta property=\"og:description\" content=\"Recursos Externos Socios\" \/>\n<meta property=\"og:url\" content=\"https:\/\/mothertobaby.org\/es\/exposiciones-durante-el-embarazo-y-la-lactancia\/esclerosis-multiple\/\" \/>\n<meta property=\"og:site_name\" content=\"MotherToBaby\" \/>\n<meta property=\"article:modified_time\" content=\"2023-08-30T20:06:20+00:00\" \/>\n<meta property=\"og:image\" content=\"https:\/\/mothertobaby.org\/wp-content\/uploads\/2020\/09\/MotherToBaby-Multiple-Sclerosis-Header-1600x900-09.20.jpg\" \/>\n\t<meta property=\"og:image:width\" content=\"1600\" \/>\n\t<meta property=\"og:image:height\" content=\"900\" \/>\n\t<meta property=\"og:image:type\" content=\"image\/jpeg\" \/>\n<meta name=\"twitter:card\" content=\"summary_large_image\" \/>\n<meta name=\"twitter:label1\" content=\"Tiempo de lectura\" \/>\n\t<meta name=\"twitter:data1\" content=\"3 minutos\" \/>\n<script type=\"application\/ld+json\" class=\"yoast-schema-graph\">{\"@context\":\"https:\/\/schema.org\",\"@graph\":[{\"@type\":\"WebPage\",\"@id\":\"https:\/\/mothertobaby.org\/es\/exposiciones-durante-el-embarazo-y-la-lactancia\/esclerosis-multiple\/\",\"url\":\"https:\/\/mothertobaby.org\/es\/exposiciones-durante-el-embarazo-y-la-lactancia\/esclerosis-multiple\/\",\"name\":\"Esclerosis M\u00faltiple - MotherToBaby\",\"isPartOf\":{\"@id\":\"https:\/\/mothertobaby.org\/es\/#website\"},\"datePublished\":\"2022-11-29T18:08:38+00:00\",\"dateModified\":\"2023-08-30T20:06:20+00:00\",\"breadcrumb\":{\"@id\":\"https:\/\/mothertobaby.org\/es\/exposiciones-durante-el-embarazo-y-la-lactancia\/esclerosis-multiple\/#breadcrumb\"},\"inLanguage\":\"es\",\"potentialAction\":[{\"@type\":\"ReadAction\",\"target\":[\"https:\/\/mothertobaby.org\/es\/exposiciones-durante-el-embarazo-y-la-lactancia\/esclerosis-multiple\/\"]}]},{\"@type\":\"BreadcrumbList\",\"@id\":\"https:\/\/mothertobaby.org\/es\/exposiciones-durante-el-embarazo-y-la-lactancia\/esclerosis-multiple\/#breadcrumb\",\"itemListElement\":[{\"@type\":\"ListItem\",\"position\":1,\"name\":\"Home\",\"item\":\"https:\/\/mothertobaby.org\/es\/\"},{\"@type\":\"ListItem\",\"position\":2,\"name\":\"Exposiciones Durante el Embarazo y la Lactancia\",\"item\":\"https:\/\/mothertobaby.org\/es\/exposiciones-durante-el-embarazo-y-la-lactancia\/\"},{\"@type\":\"ListItem\",\"position\":3,\"name\":\"Esclerosis M\u00faltiple\"}]},{\"@type\":\"WebSite\",\"@id\":\"https:\/\/mothertobaby.org\/es\/#website\",\"url\":\"https:\/\/mothertobaby.org\/es\/\",\"name\":\"MotherToBaby\",\"description\":\"Medications and More during pregnancy and breastfeeding\",\"publisher\":{\"@id\":\"https:\/\/mothertobaby.org\/es\/#organization\"},\"potentialAction\":[{\"@type\":\"SearchAction\",\"target\":{\"@type\":\"EntryPoint\",\"urlTemplate\":\"https:\/\/mothertobaby.org\/es\/?s={search_term_string}\"},\"query-input\":\"required name=search_term_string\"}],\"inLanguage\":\"es\"},{\"@type\":\"Organization\",\"@id\":\"https:\/\/mothertobaby.org\/es\/#organization\",\"name\":\"MotherToBaby\",\"url\":\"https:\/\/mothertobaby.org\/es\/\",\"logo\":{\"@type\":\"ImageObject\",\"inLanguage\":\"es\",\"@id\":\"https:\/\/mothertobaby.org\/es\/#\/schema\/logo\/image\/\",\"url\":\"https:\/\/mothertobaby.org\/wp-content\/uploads\/2023\/06\/MTB-horz-copyright-sm-1.png\",\"contentUrl\":\"https:\/\/mothertobaby.org\/wp-content\/uploads\/2023\/06\/MTB-horz-copyright-sm-1.png\",\"width\":284,\"height\":52,\"caption\":\"MotherToBaby\"},\"image\":{\"@id\":\"https:\/\/mothertobaby.org\/es\/#\/schema\/logo\/image\/\"}}]}<\/script>\n<!-- \/ Yoast SEO Premium plugin. -->","yoast_head_json":{"title":"Esclerosis M\u00faltiple - MotherToBaby","robots":{"index":"index","follow":"follow","max-snippet":"max-snippet:-1","max-image-preview":"max-image-preview:large","max-video-preview":"max-video-preview:-1"},"canonical":"https:\/\/mothertobaby.org\/es\/exposiciones-durante-el-embarazo-y-la-lactancia\/esclerosis-multiple\/","og_locale":"es_ES","og_type":"article","og_title":"Esclerosis M\u00faltiple","og_description":"Recursos Externos Socios","og_url":"https:\/\/mothertobaby.org\/es\/exposiciones-durante-el-embarazo-y-la-lactancia\/esclerosis-multiple\/","og_site_name":"MotherToBaby","article_modified_time":"2023-08-30T20:06:20+00:00","og_image":[{"width":1600,"height":900,"url":"https:\/\/mothertobaby.org\/wp-content\/uploads\/2020\/09\/MotherToBaby-Multiple-Sclerosis-Header-1600x900-09.20.jpg","type":"image\/jpeg"}],"twitter_card":"summary_large_image","twitter_misc":{"Tiempo de lectura":"3 minutos"},"schema":{"@context":"https:\/\/schema.org","@graph":[{"@type":"WebPage","@id":"https:\/\/mothertobaby.org\/es\/exposiciones-durante-el-embarazo-y-la-lactancia\/esclerosis-multiple\/","url":"https:\/\/mothertobaby.org\/es\/exposiciones-durante-el-embarazo-y-la-lactancia\/esclerosis-multiple\/","name":"Esclerosis M\u00faltiple - MotherToBaby","isPartOf":{"@id":"https:\/\/mothertobaby.org\/es\/#website"},"datePublished":"2022-11-29T18:08:38+00:00","dateModified":"2023-08-30T20:06:20+00:00","breadcrumb":{"@id":"https:\/\/mothertobaby.org\/es\/exposiciones-durante-el-embarazo-y-la-lactancia\/esclerosis-multiple\/#breadcrumb"},"inLanguage":"es","potentialAction":[{"@type":"ReadAction","target":["https:\/\/mothertobaby.org\/es\/exposiciones-durante-el-embarazo-y-la-lactancia\/esclerosis-multiple\/"]}]},{"@type":"BreadcrumbList","@id":"https:\/\/mothertobaby.org\/es\/exposiciones-durante-el-embarazo-y-la-lactancia\/esclerosis-multiple\/#breadcrumb","itemListElement":[{"@type":"ListItem","position":1,"name":"Home","item":"https:\/\/mothertobaby.org\/es\/"},{"@type":"ListItem","position":2,"name":"Exposiciones Durante el Embarazo y la Lactancia","item":"https:\/\/mothertobaby.org\/es\/exposiciones-durante-el-embarazo-y-la-lactancia\/"},{"@type":"ListItem","position":3,"name":"Esclerosis M\u00faltiple"}]},{"@type":"WebSite","@id":"https:\/\/mothertobaby.org\/es\/#website","url":"https:\/\/mothertobaby.org\/es\/","name":"MotherToBaby","description":"Medications and More during pregnancy and breastfeeding","publisher":{"@id":"https:\/\/mothertobaby.org\/es\/#organization"},"potentialAction":[{"@type":"SearchAction","target":{"@type":"EntryPoint","urlTemplate":"https:\/\/mothertobaby.org\/es\/?s={search_term_string}"},"query-input":"required name=search_term_string"}],"inLanguage":"es"},{"@type":"Organization","@id":"https:\/\/mothertobaby.org\/es\/#organization","name":"MotherToBaby","url":"https:\/\/mothertobaby.org\/es\/","logo":{"@type":"ImageObject","inLanguage":"es","@id":"https:\/\/mothertobaby.org\/es\/#\/schema\/logo\/image\/","url":"https:\/\/mothertobaby.org\/wp-content\/uploads\/2023\/06\/MTB-horz-copyright-sm-1.png","contentUrl":"https:\/\/mothertobaby.org\/wp-content\/uploads\/2023\/06\/MTB-horz-copyright-sm-1.png","width":284,"height":52,"caption":"MotherToBaby"},"image":{"@id":"https:\/\/mothertobaby.org\/es\/#\/schema\/logo\/image\/"}}]}},"featured_image_src":"https:\/\/mothertobaby.org\/wp-content\/uploads\/2020\/09\/MotherToBaby-Multiple-Sclerosis-Header-1600x900-09.20.jpg","featured_image_src_square":"https:\/\/mothertobaby.org\/wp-content\/uploads\/2020\/09\/MotherToBaby-Multiple-Sclerosis-Header-1600x900-09.20.jpg","_links":{"self":[{"href":"https:\/\/mothertobaby.org\/es\/wp-json\/wp\/v2\/pages\/7014","targetHints":{"allow":["GET"]}}],"collection":[{"href":"https:\/\/mothertobaby.org\/es\/wp-json\/wp\/v2\/pages"}],"about":[{"href":"https:\/\/mothertobaby.org\/es\/wp-json\/wp\/v2\/types\/page"}],"author":[{"embeddable":true,"href":"https:\/\/mothertobaby.org\/es\/wp-json\/wp\/v2\/users\/214"}],"replies":[{"embeddable":true,"href":"https:\/\/mothertobaby.org\/es\/wp-json\/wp\/v2\/comments?post=7014"}],"version-history":[{"count":0,"href":"https:\/\/mothertobaby.org\/es\/wp-json\/wp\/v2\/pages\/7014\/revisions"}],"up":[{"embeddable":true,"href":"https:\/\/mothertobaby.org\/es\/wp-json\/wp\/v2\/pages\/6524"}],"wp:featuredmedia":[{"embeddable":true,"href":"https:\/\/mothertobaby.org\/es\/wp-json\/wp\/v2\/media\/2857"}],"wp:attachment":[{"href":"https:\/\/mothertobaby.org\/es\/wp-json\/wp\/v2\/media?parent=7014"}],"wp:term":[{"taxonomy":"medical-specialty","embeddable":true,"href":"https:\/\/mothertobaby.org\/es\/wp-json\/wp\/v2\/medical-specialty?post=7014"},{"taxonomy":"related-content","embeddable":true,"href":"https:\/\/mothertobaby.org\/es\/wp-json\/wp\/v2\/related-content?post=7014"}],"curies":[{"name":"wp","href":"https:\/\/api.w.org\/{rel}","templated":true}]}}