{"id":7015,"date":"2022-11-29T10:14:08","date_gmt":"2022-11-29T18:14:08","guid":{"rendered":"https:\/\/mothertobaby.org\/?page_id=7015"},"modified":"2023-09-27T12:48:03","modified_gmt":"2023-09-27T19:48:03","slug":"opioides","status":"publish","type":"page","link":"https:\/\/mothertobaby.org\/es\/exposiciones-durante-el-embarazo-y-la-lactancia\/opioides\/","title":{"rendered":"Opioides"},"content":{"rendered":"\n<div class=\"wp-block-genesis-blocks-gb-container alignfull mtb-full-width-container gb-block-container\"><div class=\"gb-container-inside\"><div class=\"gb-container-content\">\n<h2 class=\"wp-block-heading\" id=\"h-sobre-el-uso-de-opioides-durante-el-embarazo-y-la-lactancia\">Sobre <strong>el Uso de Opioides Durante el Embarazo y la Lactancia<\/strong><\/h2>\n\n\n\n<p class=\"has-primary-purple-color has-text-color\"><em><em><em><em><em><em><em><em><em>Descargo de responsabilidad: Esta p\u00e1gina contiene informaci\u00f3n y recursos importantes relacionados con la exposici\u00f3n a los opioides durante el embarazo y la lactancia, e incluye enlaces a nuestras Hojas Informativas basadas en evidencia. Sin embargo, los recursos que aqu\u00ed se ofrecen no deben sustituir la atenci\u00f3n y el asesoramiento de un profesional m\u00e9dico.<\/em><\/em><\/em><\/em><\/em><\/em><\/em><\/em><\/em><\/p>\n\n\n\n<p>Los opioides, a veces llamados narc\u00f3ticos, son medicamentos que alivian el dolor. Los opioides incluyen analg\u00e9sicos de venta con receta como la oxicodona (OxyContin\u00ae), la hidrocodona (Vicodin\u00ae), la code\u00edna y la morfina (entre otros); opioides sint\u00e9ticos como el fentanilo; la droga ilegal de la calle, la hero\u00edna; y los f\u00e1rmacos que pueden tomarse como parte del tratamiento asistido con medicamentos de un trastorno por consumo de opioides, como la metadona y la buprenorfina.<\/p>\n\n\n\n<blockquote class=\"wp-block-quote is-layout-flow wp-block-quote-is-layout-flow\">\n<p>Las elevadas tasas de consumo de opi\u00e1ceos con receta e il\u00edcitos constituyen un importante problema de salud p\u00fablica, no solo para [las personas que est\u00e1n embarazadas y\/o amamantando], sino tambi\u00e9n para sus hijos. Por lo que los opioides tienen la capacidad de atravesar las barreras placentaria y hematoencef\u00e1lica.<\/p>\n<cite>&#8212; <a rel=\"noreferrer noopener\" href=\"https:\/\/pediatrics.aappublications.org\/content\/139\/6\/e20164131\" target=\"_blank\">Lind et al.,&nbsp;2017<\/a><\/cite><\/blockquote>\n\n\n\n<p>La exposici\u00f3n a los opioides durante el embarazo se ha relacionado con algunos efectos adversos para la salud tanto de las personas que est\u00e1n embarazadas como de sus beb\u00e9s, entre los que se incluyen un mayor riesgo de muerte materna, crecimiento fetal deficiente, parto prematuro, muerte fetal, ciertos defectos de nacimiento y s\u00edndrome de abstinencia neonatal (tambi\u00e9n llamado s\u00edndrome de abstinencia neonatal a los opioides). El consumo de opioides durante la lactancia tambi\u00e9n puede suponer cierto riesgo para el beb\u00e9 amamantado, ya que muchos opioides pasan a la leche materna. El consumo de algunos opi\u00e1ceos durante la lactancia puede hacer que el beb\u00e9 est\u00e9 muy dormido y tenga problemas para prenderse del pecho. Tambi\u00e9n puede causar problemas respiratorios para el beb\u00e9 y, en algunos casos, ha resultado en la muerte del beb\u00e9.<\/p>\n\n\n\n<p>\u201cCasi a diario atiendo a [personas] que luchan contra la adicci\u00f3n a los opioides o la dependencia en el embarazo y el posparto\u201d, afirma la Dra. Sarah Obican, experta en MotherToBaby y subespecialista en medicina materno-fetal de la Universidad del Sur de Florida. La Dra. Obicansabe que no est\u00e1 sola mientras la epidemia de opioides hace estragos en Estados Unidos; es una crisis que ella y nuestros otros expertos en defectos cong\u00e9nitos intentan frenar.<\/p>\n\n\n\n<div style=\"height:20px\" aria-hidden=\"true\" class=\"wp-block-spacer\"><\/div>\n\n\n\n<div style=\"height:23px\" aria-hidden=\"true\" class=\"wp-block-spacer\"><\/div>\n\n\n\n<figure class=\"wp-block-image size-full\"><img loading=\"lazy\" decoding=\"async\" width=\"1280\" height=\"576\" src=\"https:\/\/mothertobaby.org\/wp-content\/uploads\/2021\/11\/opioids.png\" alt=\"\" class=\"wp-image-5411\" srcset=\"https:\/\/mothertobaby.org\/wp-content\/uploads\/2021\/11\/opioids.png 1280w, https:\/\/mothertobaby.org\/wp-content\/uploads\/2021\/11\/opioids-720x324.png 720w, https:\/\/mothertobaby.org\/wp-content\/uploads\/2021\/11\/opioids-300x135.png 300w, https:\/\/mothertobaby.org\/wp-content\/uploads\/2021\/11\/opioids-1024x461.png 1024w, https:\/\/mothertobaby.org\/wp-content\/uploads\/2021\/11\/opioids-768x346.png 768w\" sizes=\"auto, (max-width: 1280px) 100vw, 1280px\" \/><\/figure>\n\n\n\n<p class=\"has-text-align-right\"><em>Referencia: <a href=\"https:\/\/www.cdc.gov\/media\/releases\/2018\/p0809-women-opiod-use.html\" target=\"_blank\" rel=\"noreferrer noopener\">Centers for Disease Control and Prevention (CDC), 2018<\/a><\/em><\/p>\n\n\n\n<div style=\"height:20px\" aria-hidden=\"true\" class=\"wp-block-spacer\"><\/div>\n\n\n\n<div style=\"height:23px\" aria-hidden=\"true\" class=\"wp-block-spacer\"><\/div>\n\n\n\n<p>Consulte nuestra biblioteca de recursos a continuaci\u00f3n sobre la exposici\u00f3n a opioides durante el embarazo y la lactancia.<\/p>\n\n\n<div class=\"mtb-rel-cont-list mtb-rel-cont-block\" style=\"background-color: #F0ebf8;\"><h3>Hojas Informativas Relacionadas<\/h3><ul><li><a href='https:\/\/mothertobaby.org\/es\/hojas-informativas\/el-alcohol\/'>Alcohol<\/a><\/li><li><a href='https:\/\/mothertobaby.org\/es\/hojas-informativas\/buprenorphine\/'>Buprenorfina<\/a><\/li><li><a href='https:\/\/mothertobaby.org\/es\/hojas-informativas\/la-cocaina\/'>Coca\u00edna<\/a><\/li><li><a href='https:\/\/mothertobaby.org\/es\/hojas-informativas\/la-codeina\/'>Code\u00edna<\/a><\/li><li><a href='https:\/\/mothertobaby.org\/es\/hojas-informativas\/fentanyl\/'>Fentanilo<\/a><\/li><li><a href='https:\/\/mothertobaby.org\/es\/hojas-informativas\/heroina\/'>Hero\u00edna<\/a><\/li><li><a href='https:\/\/mothertobaby.org\/es\/hojas-informativas\/hydrocodone\/'>Hidrocodona<\/a><\/li><li><a href='https:\/\/mothertobaby.org\/es\/hojas-informativas\/hidromorfona\/'>Hidromorfona (Dilaudid\u00ae)<\/a><\/li><li><a href='https:\/\/mothertobaby.org\/es\/hojas-informativas\/mdma\/'>MDMA (Molly, \u00e9xtasis)<\/a><\/li><li><a href='https:\/\/mothertobaby.org\/es\/hojas-informativas\/marihuana\/'>Marihuana (Cannabis)<\/a><\/li><li><a href='https:\/\/mothertobaby.org\/es\/hojas-informativas\/metadona\/'>Metadona<\/a><\/li><li><a href='https:\/\/mothertobaby.org\/es\/hojas-informativas\/la-metanfetamina\/'>Metanfetamina<\/a><\/li><li><a href='https:\/\/mothertobaby.org\/es\/hojas-informativas\/morfina\/'>Morfina<\/a><\/li><li><a href='https:\/\/mothertobaby.org\/es\/hojas-informativas\/naloxone\/'>Naloxona<\/a><\/li><li><a href='https:\/\/mothertobaby.org\/es\/hojas-informativas\/opioids\/'>Opioids | Narcotics<\/a><\/li><li><a href='https:\/\/mothertobaby.org\/es\/hojas-informativas\/oxicodona\/'>Oxicodona<\/a><\/li><li><a href='https:\/\/mothertobaby.org\/es\/hojas-informativas\/tramadol\/'>Tramadol<\/a><\/li><\/ul><\/div>\n\n\n<div class=\"mtb-rel-cont-list mtb-rel-cont-block\" style=\"background-color: #f9f9ff;\"><h3>Baby Blogs Relacionadas<\/h3><ul><li><a href='https:\/\/mothertobaby.org\/es\/baby-blog\/haciendo-las-preguntas-que-cuentan-cuando-se-considera-la-adopcion\/'>Haciendo las preguntas que cuentan cuando se considera la adopci\u00f3n<\/a><\/li><li><a href='https:\/\/mothertobaby.org\/es\/baby-blog\/cuando-la-recuperacion-de-la-adiccion-se-encuentra-con-el-embarazo-como-encontrar-un-equilibrio-para-la-mama-y-el-bebe\/'>Cuando la recuperaci\u00f3n de la adicci\u00f3n se encuentra con el embarazo:  c\u00f3mo encontrar un equilibrio para la mam\u00e1 y el beb\u00e9<\/a><\/li><li><a href='https:\/\/mothertobaby.org\/es\/baby-blog\/dale-sabor-a-su-vida-durante-el-embarazo-y-la-lactancia-esta-bien-comer-las-especias-y-las-hierbas\/'>Dale Sabor a Su Vida Durante el Embarazo y la Lactancia: \u00bfEst\u00e1 bien comer las especias y las hierbas?<\/a><\/li><li><a href='https:\/\/mothertobaby.org\/es\/baby-blog\/estimadas-futuras-mamas-adictas-a-opioides-estamos-aqui-para-ti\/'>Estimadas Futuras Mam\u00e1s Adictas a Opioides, Estamos Aqu\u00ed para Ti<\/a><\/li><li><a href='https:\/\/mothertobaby.org\/es\/baby-blog\/tras-cuatro-decadas-que-hemos-aprendido-sobre-el-alcohol-y-las-drogas-en-el-embarazo\/'>Tras Cuatro D\u00e9cadas: \u00bfQu\u00e9 Hemos Aprendido sobre el Alcohol y las Drogas en el Embarazo?<\/a><\/li><\/ul><\/div>\n\n\n\n\n\n\n<p><\/p>\n<\/div><\/div><\/div>\n\n\n\n<h3 class=\"wp-block-heading\" id=\"h-recursos-externos\">Recursos Externos<\/h3>\n\n\n\n<ul class=\"wp-block-list\">\n<li>American College of Obstetrics and Gynecology: <a href=\"https:\/\/www.acog.org\/patient-resources\/faqs\/pregnancy\/opioid-use-disorder-and-pregnancy\" target=\"_blank\" rel=\"noreferrer noopener\">Opioid Use Disorder and Pregnancy Frequently Asked Questions<\/a><\/li>\n\n\n\n<li>Centers for Disease Control and Prevention: <a href=\"http:\/\/Informaci\u00f3n b\u00e1sica sobre consumo de opioides durante el embarazo\" target=\"_blank\" rel=\"noreferrer noopener\">Informaci\u00f3n b\u00e1sica sobre consumo de opioides durante el embarazo<\/a><\/li>\n\n\n\n<li>March of Dimes: <a href=\"https:\/\/nacersano.marchofdimes.org\/embarazo\/opioides-recetados-durante-el-embarazo.aspx\" target=\"_blank\" rel=\"noreferrer noopener\">El fumar, alcohol y las drogas<\/a><\/li>\n\n\n\n<li>National Institute on Drug Abuse: <a href=\"https:\/\/www.drugabuse.gov\/publications\/research-reports\/substance-use-in-women\/substance-use-while-pregnant-breastfeeding\" target=\"_blank\" rel=\"noreferrer noopener\">Substance Use While Pregnant and Breastfeeding<\/a><\/li>\n\n\n\n<li>Substance Abuse and Mental Health Services Administration: <a href=\"https:\/\/www.samhsa.gov\/linea-nacional-ayuda\" target=\"_blank\" rel=\"noreferrer noopener\">National Helpline for Treatment Referral and Information: 1-800-662-HELP (4357)<\/a><\/li>\n\n\n\n<li>Substance Abuse and Mental Health Services Administration: <a href=\"https:\/\/findtreatment.samhsa.gov\/\" target=\"_blank\" rel=\"noreferrer noopener\">Behavioral Health Treatment Services Locator<\/a><\/li>\n<\/ul>\n\n\n\n<h3 class=\"wp-block-heading\" id=\"h-socios\">Socios<\/h3>\n\n\n\n<ul class=\"wp-block-list\">\n<li><a href=\"https:\/\/www.marchofdimes.org\/\" target=\"_blank\" rel=\"noreferrer noopener\">March of Dimes<\/a><\/li>\n\n\n\n<li><a href=\"https:\/\/www.patientslikeme.com\/\" target=\"_blank\" rel=\"noreferrer noopener\">PatientsLikeMe<\/a><\/li>\n\n\n\n<li><a href=\"https:\/\/www.smfm.org\/members\/seeing-a-specialist\" target=\"_blank\" rel=\"noreferrer noopener\">Society for Maternal Fetal Medicine (SMFM)<\/a><\/li>\n\n\n\n<li><a href=\"https:\/\/themighty.com\/\" target=\"_blank\" rel=\"noreferrer noopener\">The Mighty<\/a><\/li>\n<\/ul>\n\n\n\n<div style=\"height:100px\" aria-hidden=\"true\" class=\"wp-block-spacer\"><\/div>\n\n\n\n<div style=\"background-color:#f9f9ff;padding-left:8%;padding-right:8%\" class=\"wp-block-genesis-blocks-gb-container alignfull mtb-hp-block mtb-3-col-cta-row gb-block-container\"><div class=\"gb-container-inside\"><div class=\"gb-container-content\" style=\"max-width:1120px\">\n<div class=\"wp-block-genesis-blocks-gb-columns light-text mtb-3-col-cta no-link-underline gb-layout-columns-3 gb-3-col-equal\"><div class=\"gb-layout-column-wrap gb-block-layout-column-gap-3 gb-is-responsive-column\">\n<div class=\"wp-block-genesis-blocks-gb-column mtb-cta-radius gb-block-layout-column\"><div class=\"gb-block-layout-column-inner gb-has-custom-background-color\" style=\"background-color:#522e83\">\n<h3 class=\"wp-block-heading has-text-align-left\" id=\"h-mant-ngase-en-contacto\">Mant\u00e9ngase en contacto<\/h3>\n\n\n\n<p class=\"has-text-align-left\">Nuestro bolet\u00edn electr\u00f3nico le brinda la informaci\u00f3n, las noticias, y los recursos m\u00e1s recientes de los expertos de MotherToBaby.<\/p>\n\n\n\n<div class=\"wp-block-buttons is-layout-flex wp-block-buttons-is-layout-flex\">\n<div class=\"wp-block-button has-custom-font-size mtb-std-block-btn gb-block-button\" style=\"font-size:20px;line-height:1.2\"><a class=\"wp-block-button__link has-text-color has-background wp-element-button\" href=\"https:\/\/mothertobaby.org\/es\/inscribirse-para-boletin-electronico\/\" style=\"border-radius:5px;color:#ffffff;background-color:#3373dc;padding-top:10px;padding-right:1em;padding-bottom:10px;padding-left:1em\">Inscribirse<\/a><\/div>\n<\/div>\n<\/div><\/div>\n\n\n\n<div class=\"wp-block-genesis-blocks-gb-column mtb-cta-radius gb-block-layout-column\"><div class=\"gb-block-layout-column-inner gb-has-custom-background-color\" style=\"background-color:#522e83\">\n<h3 class=\"wp-block-heading has-text-align-left\" id=\"h-unirse-a-un-estudio\">Unirse a un Estudio<\/h3>\n\n\n\n<p class=\"has-text-align-left\">Los futuros padres merecen mejor informaci\u00f3n sobre la seguridad de los medicamentos, y usted puede ayudar participando en un estudio.<\/p>\n\n\n\n<div class=\"wp-block-buttons is-layout-flex wp-block-buttons-is-layout-flex\">\n<div class=\"wp-block-button has-custom-font-size mtb-std-block-btn gb-block-button\" style=\"font-size:20px;line-height:1.2\"><a class=\"wp-block-button__link has-text-color has-background wp-element-button\" href=\"https:\/\/mothertobaby.org\/es\/exposiciones-durante-el-embarazo-y-la-lactancia\/\" style=\"border-radius:5px;color:#ffffff;background-color:#3373dc;padding-top:10px;padding-right:1em;padding-bottom:10px;padding-left:1em\">Unirse<\/a><\/div>\n<\/div>\n<\/div><\/div>\n\n\n\n<div class=\"wp-block-genesis-blocks-gb-column mtb-cta-radius gb-block-layout-column\"><div class=\"gb-block-layout-column-inner has-orange-cta-background-color has-neutral-plus-2-color\">\n<h3 class=\"wp-block-heading has-text-align-left\" id=\"h-pregunte-a-nuestros-expertos\">Pregunte a Nuestros Expertos<\/h3>\n\n\n\n<p class=\"has-text-align-left\">Llame, env\u00ede mensajes de texto, chatee, o env\u00ede un correo electr\u00f3nico para obtener una evaluaci\u00f3n de riesgos personalizada y gratuita sobre las exposiciones en el embarazo y la lactancia.<\/p>\n\n\n\n<div class=\"wp-block-buttons is-layout-flex wp-block-buttons-is-layout-flex\">\n<div class=\"wp-block-button has-custom-font-size mtb-std-block-btn gb-block-button\" style=\"font-size:20px;line-height:1.2\"><a class=\"wp-block-button__link has-text-color has-background wp-element-button\" href=\"https:\/\/mothertobaby.org\/es\/contactar\/\" style=\"border-radius:5px;color:#ffffff;background-color:#3373dc;padding-top:10px;padding-right:1em;padding-bottom:10px;padding-left:1em\">Contactar<\/a><\/div>\n<\/div>\n<\/div><\/div>\n<\/div><\/div>\n<\/div><\/div><\/div>\n\n\n\n<div class=\"wp-block-genesis-blocks-gb-container gb-block-container\"><div class=\"gb-container-inside\"><div class=\"gb-container-content\"><\/div><\/div><\/div>\n\n\n\n<p><\/p>\n","protected":false},"excerpt":{"rendered":"<p>Recursos Externos Socios<\/p>\n","protected":false},"author":214,"featured_media":2863,"parent":6524,"menu_order":0,"comment_status":"closed","ping_status":"closed","template":"page-templates\/inner-page.php","meta":{"_searchwp_excluded":"","_genesis_hide_title":false,"_genesis_hide_breadcrumbs":false,"_genesis_hide_singular_image":false,"_genesis_hide_footer_widgets":false,"_genesis_custom_body_class":"","_genesis_custom_post_class":"","_genesis_layout":"full-width-content","footnotes":""},"medical-specialty":[],"related-content":[588],"class_list":{"0":"post-7015","1":"page","2":"type-page","3":"status-publish","4":"has-post-thumbnail","6":"related-content-opioides","7":"entry"},"yoast_head":"<!-- This site is optimized with the Yoast SEO Premium plugin v20.13 (Yoast SEO v20.13) - https:\/\/yoast.com\/wordpress\/plugins\/seo\/ -->\n<title>Opioides - MotherToBaby<\/title>\n<meta name=\"robots\" content=\"index, follow, max-snippet:-1, max-image-preview:large, max-video-preview:-1\" \/>\n<link rel=\"canonical\" href=\"https:\/\/mothertobaby.org\/es\/exposiciones-durante-el-embarazo-y-la-lactancia\/opioides\/\" \/>\n<meta property=\"og:locale\" content=\"es_ES\" \/>\n<meta property=\"og:type\" content=\"article\" \/>\n<meta property=\"og:title\" content=\"Opioides\" \/>\n<meta property=\"og:description\" content=\"Recursos Externos Socios\" \/>\n<meta property=\"og:url\" content=\"https:\/\/mothertobaby.org\/es\/exposiciones-durante-el-embarazo-y-la-lactancia\/opioides\/\" \/>\n<meta property=\"og:site_name\" content=\"MotherToBaby\" \/>\n<meta property=\"article:modified_time\" content=\"2023-09-27T19:48:03+00:00\" \/>\n<meta property=\"og:image\" content=\"https:\/\/mothertobaby.org\/wp-content\/uploads\/2020\/09\/MotherToBaby-Opioid-Exposures-Header-1600x900-09.20.jpg\" \/>\n\t<meta property=\"og:image:width\" content=\"1600\" \/>\n\t<meta property=\"og:image:height\" content=\"900\" \/>\n\t<meta property=\"og:image:type\" content=\"image\/jpeg\" \/>\n<meta name=\"twitter:card\" content=\"summary_large_image\" \/>\n<meta name=\"twitter:label1\" content=\"Tiempo de lectura\" \/>\n\t<meta name=\"twitter:data1\" content=\"3 minutos\" \/>\n<script type=\"application\/ld+json\" class=\"yoast-schema-graph\">{\"@context\":\"https:\/\/schema.org\",\"@graph\":[{\"@type\":\"WebPage\",\"@id\":\"https:\/\/mothertobaby.org\/es\/exposiciones-durante-el-embarazo-y-la-lactancia\/opioides\/\",\"url\":\"https:\/\/mothertobaby.org\/es\/exposiciones-durante-el-embarazo-y-la-lactancia\/opioides\/\",\"name\":\"Opioides - MotherToBaby\",\"isPartOf\":{\"@id\":\"https:\/\/mothertobaby.org\/es\/#website\"},\"datePublished\":\"2022-11-29T18:14:08+00:00\",\"dateModified\":\"2023-09-27T19:48:03+00:00\",\"breadcrumb\":{\"@id\":\"https:\/\/mothertobaby.org\/es\/exposiciones-durante-el-embarazo-y-la-lactancia\/opioides\/#breadcrumb\"},\"inLanguage\":\"es\",\"potentialAction\":[{\"@type\":\"ReadAction\",\"target\":[\"https:\/\/mothertobaby.org\/es\/exposiciones-durante-el-embarazo-y-la-lactancia\/opioides\/\"]}]},{\"@type\":\"BreadcrumbList\",\"@id\":\"https:\/\/mothertobaby.org\/es\/exposiciones-durante-el-embarazo-y-la-lactancia\/opioides\/#breadcrumb\",\"itemListElement\":[{\"@type\":\"ListItem\",\"position\":1,\"name\":\"Home\",\"item\":\"https:\/\/mothertobaby.org\/es\/\"},{\"@type\":\"ListItem\",\"position\":2,\"name\":\"Exposiciones Durante el Embarazo y la Lactancia\",\"item\":\"https:\/\/mothertobaby.org\/es\/exposiciones-durante-el-embarazo-y-la-lactancia\/\"},{\"@type\":\"ListItem\",\"position\":3,\"name\":\"Opioides\"}]},{\"@type\":\"WebSite\",\"@id\":\"https:\/\/mothertobaby.org\/es\/#website\",\"url\":\"https:\/\/mothertobaby.org\/es\/\",\"name\":\"MotherToBaby\",\"description\":\"Medications and More during pregnancy and breastfeeding\",\"publisher\":{\"@id\":\"https:\/\/mothertobaby.org\/es\/#organization\"},\"potentialAction\":[{\"@type\":\"SearchAction\",\"target\":{\"@type\":\"EntryPoint\",\"urlTemplate\":\"https:\/\/mothertobaby.org\/es\/?s={search_term_string}\"},\"query-input\":\"required name=search_term_string\"}],\"inLanguage\":\"es\"},{\"@type\":\"Organization\",\"@id\":\"https:\/\/mothertobaby.org\/es\/#organization\",\"name\":\"MotherToBaby\",\"url\":\"https:\/\/mothertobaby.org\/es\/\",\"logo\":{\"@type\":\"ImageObject\",\"inLanguage\":\"es\",\"@id\":\"https:\/\/mothertobaby.org\/es\/#\/schema\/logo\/image\/\",\"url\":\"https:\/\/mothertobaby.org\/wp-content\/uploads\/2023\/06\/MTB-horz-copyright-sm-1.png\",\"contentUrl\":\"https:\/\/mothertobaby.org\/wp-content\/uploads\/2023\/06\/MTB-horz-copyright-sm-1.png\",\"width\":284,\"height\":52,\"caption\":\"MotherToBaby\"},\"image\":{\"@id\":\"https:\/\/mothertobaby.org\/es\/#\/schema\/logo\/image\/\"}}]}<\/script>\n<!-- \/ Yoast SEO Premium plugin. -->","yoast_head_json":{"title":"Opioides - MotherToBaby","robots":{"index":"index","follow":"follow","max-snippet":"max-snippet:-1","max-image-preview":"max-image-preview:large","max-video-preview":"max-video-preview:-1"},"canonical":"https:\/\/mothertobaby.org\/es\/exposiciones-durante-el-embarazo-y-la-lactancia\/opioides\/","og_locale":"es_ES","og_type":"article","og_title":"Opioides","og_description":"Recursos Externos Socios","og_url":"https:\/\/mothertobaby.org\/es\/exposiciones-durante-el-embarazo-y-la-lactancia\/opioides\/","og_site_name":"MotherToBaby","article_modified_time":"2023-09-27T19:48:03+00:00","og_image":[{"width":1600,"height":900,"url":"https:\/\/mothertobaby.org\/wp-content\/uploads\/2020\/09\/MotherToBaby-Opioid-Exposures-Header-1600x900-09.20.jpg","type":"image\/jpeg"}],"twitter_card":"summary_large_image","twitter_misc":{"Tiempo de lectura":"3 minutos"},"schema":{"@context":"https:\/\/schema.org","@graph":[{"@type":"WebPage","@id":"https:\/\/mothertobaby.org\/es\/exposiciones-durante-el-embarazo-y-la-lactancia\/opioides\/","url":"https:\/\/mothertobaby.org\/es\/exposiciones-durante-el-embarazo-y-la-lactancia\/opioides\/","name":"Opioides - MotherToBaby","isPartOf":{"@id":"https:\/\/mothertobaby.org\/es\/#website"},"datePublished":"2022-11-29T18:14:08+00:00","dateModified":"2023-09-27T19:48:03+00:00","breadcrumb":{"@id":"https:\/\/mothertobaby.org\/es\/exposiciones-durante-el-embarazo-y-la-lactancia\/opioides\/#breadcrumb"},"inLanguage":"es","potentialAction":[{"@type":"ReadAction","target":["https:\/\/mothertobaby.org\/es\/exposiciones-durante-el-embarazo-y-la-lactancia\/opioides\/"]}]},{"@type":"BreadcrumbList","@id":"https:\/\/mothertobaby.org\/es\/exposiciones-durante-el-embarazo-y-la-lactancia\/opioides\/#breadcrumb","itemListElement":[{"@type":"ListItem","position":1,"name":"Home","item":"https:\/\/mothertobaby.org\/es\/"},{"@type":"ListItem","position":2,"name":"Exposiciones Durante el Embarazo y la Lactancia","item":"https:\/\/mothertobaby.org\/es\/exposiciones-durante-el-embarazo-y-la-lactancia\/"},{"@type":"ListItem","position":3,"name":"Opioides"}]},{"@type":"WebSite","@id":"https:\/\/mothertobaby.org\/es\/#website","url":"https:\/\/mothertobaby.org\/es\/","name":"MotherToBaby","description":"Medications and More during pregnancy and breastfeeding","publisher":{"@id":"https:\/\/mothertobaby.org\/es\/#organization"},"potentialAction":[{"@type":"SearchAction","target":{"@type":"EntryPoint","urlTemplate":"https:\/\/mothertobaby.org\/es\/?s={search_term_string}"},"query-input":"required name=search_term_string"}],"inLanguage":"es"},{"@type":"Organization","@id":"https:\/\/mothertobaby.org\/es\/#organization","name":"MotherToBaby","url":"https:\/\/mothertobaby.org\/es\/","logo":{"@type":"ImageObject","inLanguage":"es","@id":"https:\/\/mothertobaby.org\/es\/#\/schema\/logo\/image\/","url":"https:\/\/mothertobaby.org\/wp-content\/uploads\/2023\/06\/MTB-horz-copyright-sm-1.png","contentUrl":"https:\/\/mothertobaby.org\/wp-content\/uploads\/2023\/06\/MTB-horz-copyright-sm-1.png","width":284,"height":52,"caption":"MotherToBaby"},"image":{"@id":"https:\/\/mothertobaby.org\/es\/#\/schema\/logo\/image\/"}}]}},"featured_image_src":"https:\/\/mothertobaby.org\/wp-content\/uploads\/2020\/09\/MotherToBaby-Opioid-Exposures-Header-1600x900-09.20.jpg","featured_image_src_square":"https:\/\/mothertobaby.org\/wp-content\/uploads\/2020\/09\/MotherToBaby-Opioid-Exposures-Header-1600x900-09.20.jpg","_links":{"self":[{"href":"https:\/\/mothertobaby.org\/es\/wp-json\/wp\/v2\/pages\/7015","targetHints":{"allow":["GET"]}}],"collection":[{"href":"https:\/\/mothertobaby.org\/es\/wp-json\/wp\/v2\/pages"}],"about":[{"href":"https:\/\/mothertobaby.org\/es\/wp-json\/wp\/v2\/types\/page"}],"author":[{"embeddable":true,"href":"https:\/\/mothertobaby.org\/es\/wp-json\/wp\/v2\/users\/214"}],"replies":[{"embeddable":true,"href":"https:\/\/mothertobaby.org\/es\/wp-json\/wp\/v2\/comments?post=7015"}],"version-history":[{"count":0,"href":"https:\/\/mothertobaby.org\/es\/wp-json\/wp\/v2\/pages\/7015\/revisions"}],"up":[{"embeddable":true,"href":"https:\/\/mothertobaby.org\/es\/wp-json\/wp\/v2\/pages\/6524"}],"wp:featuredmedia":[{"embeddable":true,"href":"https:\/\/mothertobaby.org\/es\/wp-json\/wp\/v2\/media\/2863"}],"wp:attachment":[{"href":"https:\/\/mothertobaby.org\/es\/wp-json\/wp\/v2\/media?parent=7015"}],"wp:term":[{"taxonomy":"medical-specialty","embeddable":true,"href":"https:\/\/mothertobaby.org\/es\/wp-json\/wp\/v2\/medical-specialty?post=7015"},{"taxonomy":"related-content","embeddable":true,"href":"https:\/\/mothertobaby.org\/es\/wp-json\/wp\/v2\/related-content?post=7015"}],"curies":[{"name":"wp","href":"https:\/\/api.w.org\/{rel}","templated":true}]}}