{"id":7016,"date":"2022-11-29T10:18:36","date_gmt":"2022-11-29T18:18:36","guid":{"rendered":"https:\/\/mothertobaby.org\/?page_id=7016"},"modified":"2022-11-29T10:20:07","modified_gmt":"2022-11-29T18:20:07","slug":"psoriasis","status":"publish","type":"page","link":"https:\/\/mothertobaby.org\/es\/exposiciones-durante-el-embarazo-y-la-lactancia\/psoriasis\/","title":{"rendered":"Psoriasis"},"content":{"rendered":"\n<div class=\"wp-block-genesis-blocks-gb-container alignfull mtb-full-width-container gb-block-container\"><div class=\"gb-container-inside\"><div class=\"gb-container-content\">\n<h2 class=\"wp-block-heading\" id=\"h-m-s-que-rascar-la-superficie-la-psoriasis-durante-el-embarazo-y-la-lactancia\"><strong><strong>M\u00e1s que Rascar la Superficie: la Psoriasis Durante el Embarazo y la Lactancia<\/strong><\/strong><\/h2>\n\n\n\n<p class=\"has-primary-purple-color has-text-color\"><em><em><em><em><em><em><em><em><em>Descargo de responsabilidad: Esta p\u00e1gina contiene informaci\u00f3n y recursos importantes relacionados con la psoriasis durante el embarazo y la lactancia, e incluye enlaces a nuestras Hojas Informativas basadas en evidencia. Sin embargo, los recursos que aqu\u00ed se ofrecen no deben sustituir la atenci\u00f3n y el asesoramiento de un profesional m\u00e9dico.<\/em><\/em><\/em><\/em><\/em><\/em><\/em><\/em><\/em><\/p>\n\n\n\n<p>La psoriasis es una condici\u00f3n m\u00e9dica de la piel en la que las c\u00e9lulas de la piel crecen m\u00e1s r\u00e1pido de lo esperado. Esto puede dejar manchas secas y gruesas en la piel. La psoriasis es una enfermedad cr\u00f3nica (de larga duraci\u00f3n) que se cree que es causada por un problema del sistema inmunitario; no es contagiosa, por lo que no se puede contraer de otra persona. Tiende a pasar por ciclos, con brotes durante unas semanas o meses y luego entra en remisi\u00f3n durante un tiempo. M\u00e1s del 50% de las personas que padecen psoriasis son mujeres, y la mayor\u00eda son diagnosticadas antes de los 40 a\u00f1os, lo que significa que muchas personas vivir\u00e1n con esta enfermedad durante el embarazo o la lactancia.<\/p>\n\n\n\n<figure class=\"wp-block-image size-full\"><img loading=\"lazy\" decoding=\"async\" width=\"1280\" height=\"576\" src=\"https:\/\/mothertobaby.org\/wp-content\/uploads\/2021\/11\/psoriasis.png\" alt=\"\" class=\"wp-image-5413\" srcset=\"https:\/\/mothertobaby.org\/wp-content\/uploads\/2021\/11\/psoriasis.png 1280w, https:\/\/mothertobaby.org\/wp-content\/uploads\/2021\/11\/psoriasis-720x324.png 720w, https:\/\/mothertobaby.org\/wp-content\/uploads\/2021\/11\/psoriasis-300x135.png 300w, https:\/\/mothertobaby.org\/wp-content\/uploads\/2021\/11\/psoriasis-1024x461.png 1024w, https:\/\/mothertobaby.org\/wp-content\/uploads\/2021\/11\/psoriasis-768x346.png 768w\" sizes=\"auto, (max-width: 1280px) 100vw, 1280px\" \/><\/figure>\n\n\n\n<p class=\"has-text-align-right\"><em>Referencia: <a href=\"https:\/\/pubmed.ncbi.nlm.nih.gov\/15897382\/\" target=\"_blank\" rel=\"noreferrer noopener\">Murase et al., 2005<\/a><\/em><\/p>\n\n\n\n<p>No est\u00e1 claro si la psoriasis puede aumentar el cambio de las complicaciones del embarazo, como el aborto espont\u00e1neo, la preeclampsia (una enfermedad relacionada con el embarazo que se caracteriza por un peligroso aumento de la presi\u00f3n arterial y problemas con la funci\u00f3n renal) o el parto prematuro. La posibilidad de que se produzcan complicaciones del embarazo puede depender de si los s\u00edntomas de la psoriasis son leves o graves.\u00a0Algunos de los medicamentos utilizados para tratar la psoriasis podr\u00edan ser preocupantes durante el embarazo o la lactancia, mientras que otros parecen ser aceptables. Aseg\u00farese de hablar con su proveedor de atenci\u00f3n de salud sobre todas sus preguntas sobre el embarazo y la lactancia.<\/p>\n\n\n\n<blockquote class=\"wp-block-quote is-layout-flow wp-block-quote-is-layout-flow\"><p>S\u00ed, es posible tratar la psoriasis durante el embarazo o la lactancia. Una [persona] debe evitar algunos tratamientos porque pueden perjudicar a [su] beb\u00e9. Existen otros que se pueden prescribir.<\/p><cite>&#8212; <a href=\"https:\/\/www.aad.org\/public\/diseases\/psoriasis\/treatment\/stage\/pregnant\" target=\"_blank\" rel=\"noreferrer noopener\">American Academy of Dermatology<\/a><\/cite><\/blockquote>\n\n\n\n<h3 class=\"wp-block-heading\" id=\"h-nase-a-nuestro-estudio-sobre-la-psoriasis\">\u00danase a Nuestro Estudio Sobre la Psoriasis<\/h3>\n\n\n\n<p>Si est\u00e1 embarazada y tiene psoriasis, considere inscribirse en nuestro estudio observacional para brindarles a las personas mejores respuestas sobre c\u00f3mo la psoriasis y su control pueden afectar el embarazo y el desarrollo del beb\u00e9. No se le pedir\u00e1 que tome o cambie ning\u00fan medicamento y puede participar desde la comodidad de su hogar.<\/p>\n\n\n\n<div class=\"wp-block-buttons is-layout-flex wp-block-buttons-is-layout-flex\">\n<div class=\"wp-block-button\"><a class=\"wp-block-button__link\" href=\"\/es\/ongoing-study\/psoriasis\/\">OBTENER M\u00c1S INFORMACI\u00d3N<\/a><\/div>\n<\/div>\n\n\n\n<div style=\"color:#ddd\" class=\"wp-block-genesis-blocks-gb-spacer gb-block-spacer gb-divider-solid gb-divider-size-1\"><hr style=\"height:30px\"\/><\/div>\n\n\n\n<p>Consulte nuestra biblioteca de recursos a continuaci\u00f3n sobre la psoriasis durante el embarazo y la lactancia.<\/p>\n<\/div><\/div><\/div>\n\n\n<div class=\"mtb-rel-cont-list mtb-rel-cont-block\" style=\"background-color: #F0ebf8;\"><h3>Hojas Informativas Relacionadas<\/h3><ul><li><a href='https:\/\/mothertobaby.org\/es\/hojas-informativas\/adalimumab-humira\/'>Adalimumab (Humira\u00ae)<\/a><\/li><li><a href='https:\/\/mothertobaby.org\/es\/hojas-informativas\/apremilast\/'>Apremilast (Otezla\u00ae)<\/a><\/li><li><a href='https:\/\/mothertobaby.org\/es\/hojas-informativas\/bimekizumab-bimzelx\/'>Bimekizumab (Bimzelx\u00ae)<\/a><\/li><li><a href='https:\/\/mothertobaby.org\/es\/hojas-informativas\/certolizumab-pegol-cimzia\/'>Certolizumab Pegol (Cimzia\u00ae)<\/a><\/li><li><a href='https:\/\/mothertobaby.org\/es\/hojas-informativas\/los-corticosteroides-topicos-el-embarazo\/'>Corticoides t\u00f3picos<\/a><\/li><li><a href='https:\/\/mothertobaby.org\/es\/hojas-informativas\/deucravacitinib-sotyktu\/'>Deucravacitinib (Sotyktu\u00ae)<\/a><\/li><li><a href='https:\/\/mothertobaby.org\/es\/hojas-informativas\/dimethyl-fumarate-tecfidera\/'>Dimetilfumarato<\/a><\/li><li><a href='https:\/\/mothertobaby.org\/es\/hojas-informativas\/etanercept-enbrel\/'>Etanercept (Enbrel\u00ae)<\/a><\/li><li><a href='https:\/\/mothertobaby.org\/es\/hojas-informativas\/guselkumab-tremfya\/'>Guselkumab (TREMFYA\u00ae)<\/a><\/li><li><a href='https:\/\/mothertobaby.org\/es\/hojas-informativas\/el-infliximab-remicade\/'>Infliximab<\/a><\/li><li><a href='https:\/\/mothertobaby.org\/es\/hojas-informativas\/el-metotrexate\/'>Metotrexato<\/a><\/li><li><a href='https:\/\/mothertobaby.org\/es\/hojas-informativas\/pregnancy-study-participation\/'>Participaci\u00f3n en Estudios de Embarazo<\/a><\/li><li><a href='https:\/\/mothertobaby.org\/es\/hojas-informativas\/psoriasis-embarazo\/'>Psoriasis y artritis psori\u00e1sica<\/a><\/li><li><a href='https:\/\/mothertobaby.org\/es\/hojas-informativas\/tildrakizumab-ilumya\/'>Tildrakizumab (Ilumya\u00ae)<\/a><\/li><li><a href='https:\/\/mothertobaby.org\/es\/hojas-informativas\/ustekinumab-embarazo\/'>Ustekinumab (Stelara\u00ae)<\/a><\/li><\/ul><\/div>\n\n\n<div class=\"mtb-rel-cont-list mtb-rel-cont-block\" style=\"background-color: #f9f9ff;\"><h3>Baby Blogs Relacionadas<\/h3><ul><li><a href='https:\/\/mothertobaby.org\/es\/baby-blog\/empoderar-a-las-madres-en-el-dia-de-la-madre-y-todos-los-dias-aprovechar-al-maximo-las-citas-prenatales\/'>Empoderar a las Madres en el D\u00eda de la Madre y Todos los D\u00edas: Aprovechar al M\u00e1ximo las Citas Prenatales<\/a><\/li><li><a href='https:\/\/mothertobaby.org\/es\/baby-blog\/beneficiando-a-otras-madres-como-yo-por-que-una-madre-prefirio-los-estudios-que-seguir-con-miedo\/'>\u2018Beneficiando a otras madres como yo:\u2019 Por qu\u00e9 una madre prefiri\u00f3 los estudios que seguir con miedo<\/a><\/li><\/ul><\/div>\n\n\n\n\n\n\n<h3 class=\"wp-block-heading\" id=\"h-recursos-externos\">Recursos Externos<\/h3>\n\n\n\n<ul class=\"wp-block-list\"><li>American Academy of Dermatology: <a href=\"https:\/\/www.aad.org\/public\/diseases\/psoriasis\/treatment\/stage\/pregnant\" target=\"_blank\" rel=\"noreferrer noopener\">Can a Woman Treat Psoriasis while Pregnant or Breastfeeding?<\/a><\/li><\/ul>\n\n\n\n<h3 class=\"wp-block-heading\" id=\"h-socios\">Socios<\/h3>\n\n\n\n<ul class=\"wp-block-list\"><li><a href=\"https:\/\/www.myhealthteams.com\/\" target=\"_blank\" rel=\"noreferrer noopener\">MyHealthTeams<\/a><\/li><li><a href=\"https:\/\/www.psoriasis.org\/\" target=\"_blank\" rel=\"noreferrer noopener\">National Psoriasis Foundation<\/a><\/li><li><a href=\"https:\/\/www.patientslikeme.com\/\" target=\"_blank\" rel=\"noreferrer noopener\">PatientsLikeMe<\/a><\/li><li><a href=\"https:\/\/www.smfm.org\/members\/seeing-a-specialist\" target=\"_blank\" rel=\"noreferrer noopener\">Society for Maternal Fetal Medicine (SMFM)<\/a><\/li><li><a href=\"https:\/\/themighty.com\/\" target=\"_blank\" rel=\"noreferrer noopener\">The Mighty<\/a><\/li><\/ul>\n\n\n\n<div style=\"background-color:#f9f9ff;padding-left:8%;padding-right:8%\" class=\"wp-block-genesis-blocks-gb-container alignfull mtb-hp-block mtb-3-col-cta-row gb-block-container\"><div class=\"gb-container-inside\"><div class=\"gb-container-content\" style=\"max-width:1120px\">\n<div class=\"wp-block-genesis-blocks-gb-columns light-text mtb-3-col-cta no-link-underline gb-layout-columns-3 gb-3-col-equal\"><div class=\"gb-layout-column-wrap gb-block-layout-column-gap-3 gb-is-responsive-column\">\n<div class=\"wp-block-genesis-blocks-gb-column mtb-cta-radius gb-block-layout-column\"><div class=\"gb-block-layout-column-inner gb-has-custom-background-color\" style=\"background-color:#522e83\">\n<h3 class=\"wp-block-heading has-text-align-left\" id=\"h-mant-ngase-en-contacto\">Mant\u00e9ngase en contacto<\/h3>\n\n\n\n<p class=\"has-text-align-left\">Nuestro bolet\u00edn electr\u00f3nico le brinda la informaci\u00f3n, las noticias, y los recursos m\u00e1s recientes de los expertos de MotherToBaby.<\/p>\n\n\n\n<div class=\"wp-block-buttons is-layout-flex wp-block-buttons-is-layout-flex\">\n<div class=\"wp-block-button has-custom-font-size mtb-std-block-btn gb-block-button\" style=\"font-size:20px;line-height:1.2\"><a class=\"wp-block-button__link has-text-color has-background wp-element-button\" href=\"https:\/\/mothertobaby.org\/es\/inscribirse-para-boletin-electronico\/\" style=\"border-radius:5px;color:#ffffff;background-color:#3373dc;padding-top:10px;padding-right:1em;padding-bottom:10px;padding-left:1em\">Inscribirse<\/a><\/div>\n<\/div>\n<\/div><\/div>\n\n\n\n<div class=\"wp-block-genesis-blocks-gb-column mtb-cta-radius gb-block-layout-column\"><div class=\"gb-block-layout-column-inner gb-has-custom-background-color\" style=\"background-color:#522e83\">\n<h3 class=\"wp-block-heading has-text-align-left\" id=\"h-unirse-a-un-estudio\">Unirse a un Estudio<\/h3>\n\n\n\n<p class=\"has-text-align-left\">Los futuros padres merecen mejor informaci\u00f3n sobre la seguridad de los medicamentos, y usted puede ayudar participando en un estudio.<\/p>\n\n\n\n<div class=\"wp-block-buttons is-layout-flex wp-block-buttons-is-layout-flex\">\n<div class=\"wp-block-button has-custom-font-size mtb-std-block-btn gb-block-button\" style=\"font-size:20px;line-height:1.2\"><a class=\"wp-block-button__link has-text-color has-background wp-element-button\" href=\"https:\/\/mothertobaby.org\/es\/exposiciones-durante-el-embarazo-y-la-lactancia\/\" style=\"border-radius:5px;color:#ffffff;background-color:#3373dc;padding-top:10px;padding-right:1em;padding-bottom:10px;padding-left:1em\">Unirse<\/a><\/div>\n<\/div>\n<\/div><\/div>\n\n\n\n<div class=\"wp-block-genesis-blocks-gb-column mtb-cta-radius gb-block-layout-column\"><div class=\"gb-block-layout-column-inner has-orange-cta-background-color has-neutral-plus-2-color\">\n<h3 class=\"wp-block-heading has-text-align-left\" id=\"h-pregunte-a-nuestros-expertos\">Pregunte a Nuestros Expertos<\/h3>\n\n\n\n<p class=\"has-text-align-left\">Llame, env\u00ede mensajes de texto, chatee, o env\u00ede un correo electr\u00f3nico para obtener una evaluaci\u00f3n de riesgos personalizada y gratuita sobre las exposiciones en el embarazo y la lactancia.<\/p>\n\n\n\n<div class=\"wp-block-buttons is-layout-flex wp-block-buttons-is-layout-flex\">\n<div class=\"wp-block-button has-custom-font-size mtb-std-block-btn gb-block-button\" style=\"font-size:20px;line-height:1.2\"><a class=\"wp-block-button__link has-text-color has-background wp-element-button\" href=\"https:\/\/mothertobaby.org\/es\/contactar\/\" style=\"border-radius:5px;color:#ffffff;background-color:#3373dc;padding-top:10px;padding-right:1em;padding-bottom:10px;padding-left:1em\">Contactar<\/a><\/div>\n<\/div>\n<\/div><\/div>\n<\/div><\/div>\n<\/div><\/div><\/div>\n\n\n\n<div class=\"wp-block-genesis-blocks-gb-container gb-block-container\"><div class=\"gb-container-inside\"><div class=\"gb-container-content\"><\/div><\/div><\/div>\n\n\n\n<p><\/p>\n","protected":false},"excerpt":{"rendered":"<p>Recursos Externos American Academy of Dermatology: Can a Woman Treat Psoriasis while Pregnant or Breastfeeding? Socios MyHealthTeams National Psoriasis Foundation PatientsLikeMe Society for Maternal Fetal Medicine (SMFM) The Mighty<\/p>\n","protected":false},"author":214,"featured_media":2865,"parent":6524,"menu_order":0,"comment_status":"closed","ping_status":"closed","template":"page-templates\/inner-page.php","meta":{"_searchwp_excluded":"","_genesis_hide_title":false,"_genesis_hide_breadcrumbs":false,"_genesis_hide_singular_image":false,"_genesis_hide_footer_widgets":false,"_genesis_custom_body_class":"","_genesis_custom_post_class":"","_genesis_layout":"full-width-content","footnotes":""},"medical-specialty":[],"related-content":[589],"class_list":{"0":"post-7016","1":"page","2":"type-page","3":"status-publish","4":"has-post-thumbnail","6":"related-content-psoriasis-2","7":"entry"},"yoast_head":"<!-- This site is optimized with the Yoast SEO Premium plugin v20.13 (Yoast SEO v20.13) - https:\/\/yoast.com\/wordpress\/plugins\/seo\/ -->\n<title>Psoriasis - MotherToBaby<\/title>\n<meta name=\"robots\" content=\"index, follow, max-snippet:-1, max-image-preview:large, max-video-preview:-1\" \/>\n<link rel=\"canonical\" href=\"https:\/\/mothertobaby.org\/es\/exposiciones-durante-el-embarazo-y-la-lactancia\/psoriasis\/\" \/>\n<meta property=\"og:locale\" content=\"es_ES\" \/>\n<meta property=\"og:type\" content=\"article\" \/>\n<meta property=\"og:title\" content=\"Psoriasis\" \/>\n<meta property=\"og:description\" content=\"Recursos Externos American Academy of Dermatology: Can a Woman Treat Psoriasis while Pregnant or Breastfeeding? Socios MyHealthTeams National Psoriasis Foundation PatientsLikeMe Society for Maternal Fetal Medicine (SMFM) The Mighty\" \/>\n<meta property=\"og:url\" content=\"https:\/\/mothertobaby.org\/es\/exposiciones-durante-el-embarazo-y-la-lactancia\/psoriasis\/\" \/>\n<meta property=\"og:site_name\" content=\"MotherToBaby\" \/>\n<meta property=\"article:modified_time\" content=\"2022-11-29T18:20:07+00:00\" \/>\n<meta property=\"og:image\" content=\"https:\/\/mothertobaby.org\/wp-content\/uploads\/2020\/09\/MotherToBaby-Psoriasis-Exposures-Header-1600x900-09.20.jpg\" \/>\n\t<meta property=\"og:image:width\" content=\"1600\" \/>\n\t<meta property=\"og:image:height\" content=\"900\" \/>\n\t<meta property=\"og:image:type\" content=\"image\/jpeg\" \/>\n<meta name=\"twitter:card\" content=\"summary_large_image\" \/>\n<meta name=\"twitter:label1\" content=\"Tiempo de lectura\" \/>\n\t<meta name=\"twitter:data1\" content=\"3 minutos\" \/>\n<script type=\"application\/ld+json\" class=\"yoast-schema-graph\">{\"@context\":\"https:\/\/schema.org\",\"@graph\":[{\"@type\":\"WebPage\",\"@id\":\"https:\/\/mothertobaby.org\/es\/exposiciones-durante-el-embarazo-y-la-lactancia\/psoriasis\/\",\"url\":\"https:\/\/mothertobaby.org\/es\/exposiciones-durante-el-embarazo-y-la-lactancia\/psoriasis\/\",\"name\":\"Psoriasis - MotherToBaby\",\"isPartOf\":{\"@id\":\"https:\/\/mothertobaby.org\/es\/#website\"},\"datePublished\":\"2022-11-29T18:18:36+00:00\",\"dateModified\":\"2022-11-29T18:20:07+00:00\",\"breadcrumb\":{\"@id\":\"https:\/\/mothertobaby.org\/es\/exposiciones-durante-el-embarazo-y-la-lactancia\/psoriasis\/#breadcrumb\"},\"inLanguage\":\"es\",\"potentialAction\":[{\"@type\":\"ReadAction\",\"target\":[\"https:\/\/mothertobaby.org\/es\/exposiciones-durante-el-embarazo-y-la-lactancia\/psoriasis\/\"]}]},{\"@type\":\"BreadcrumbList\",\"@id\":\"https:\/\/mothertobaby.org\/es\/exposiciones-durante-el-embarazo-y-la-lactancia\/psoriasis\/#breadcrumb\",\"itemListElement\":[{\"@type\":\"ListItem\",\"position\":1,\"name\":\"Home\",\"item\":\"https:\/\/mothertobaby.org\/es\/\"},{\"@type\":\"ListItem\",\"position\":2,\"name\":\"Exposiciones Durante el Embarazo y la Lactancia\",\"item\":\"https:\/\/mothertobaby.org\/es\/exposiciones-durante-el-embarazo-y-la-lactancia\/\"},{\"@type\":\"ListItem\",\"position\":3,\"name\":\"Psoriasis\"}]},{\"@type\":\"WebSite\",\"@id\":\"https:\/\/mothertobaby.org\/es\/#website\",\"url\":\"https:\/\/mothertobaby.org\/es\/\",\"name\":\"MotherToBaby\",\"description\":\"Medications and More during pregnancy and breastfeeding\",\"publisher\":{\"@id\":\"https:\/\/mothertobaby.org\/es\/#organization\"},\"potentialAction\":[{\"@type\":\"SearchAction\",\"target\":{\"@type\":\"EntryPoint\",\"urlTemplate\":\"https:\/\/mothertobaby.org\/es\/?s={search_term_string}\"},\"query-input\":\"required name=search_term_string\"}],\"inLanguage\":\"es\"},{\"@type\":\"Organization\",\"@id\":\"https:\/\/mothertobaby.org\/es\/#organization\",\"name\":\"MotherToBaby\",\"url\":\"https:\/\/mothertobaby.org\/es\/\",\"logo\":{\"@type\":\"ImageObject\",\"inLanguage\":\"es\",\"@id\":\"https:\/\/mothertobaby.org\/es\/#\/schema\/logo\/image\/\",\"url\":\"https:\/\/mothertobaby.org\/wp-content\/uploads\/2023\/06\/MTB-horz-copyright-sm-1.png\",\"contentUrl\":\"https:\/\/mothertobaby.org\/wp-content\/uploads\/2023\/06\/MTB-horz-copyright-sm-1.png\",\"width\":284,\"height\":52,\"caption\":\"MotherToBaby\"},\"image\":{\"@id\":\"https:\/\/mothertobaby.org\/es\/#\/schema\/logo\/image\/\"}}]}<\/script>\n<!-- \/ Yoast SEO Premium plugin. -->","yoast_head_json":{"title":"Psoriasis - MotherToBaby","robots":{"index":"index","follow":"follow","max-snippet":"max-snippet:-1","max-image-preview":"max-image-preview:large","max-video-preview":"max-video-preview:-1"},"canonical":"https:\/\/mothertobaby.org\/es\/exposiciones-durante-el-embarazo-y-la-lactancia\/psoriasis\/","og_locale":"es_ES","og_type":"article","og_title":"Psoriasis","og_description":"Recursos Externos American Academy of Dermatology: Can a Woman Treat Psoriasis while Pregnant or Breastfeeding? Socios MyHealthTeams National Psoriasis Foundation PatientsLikeMe Society for Maternal Fetal Medicine (SMFM) The Mighty","og_url":"https:\/\/mothertobaby.org\/es\/exposiciones-durante-el-embarazo-y-la-lactancia\/psoriasis\/","og_site_name":"MotherToBaby","article_modified_time":"2022-11-29T18:20:07+00:00","og_image":[{"width":1600,"height":900,"url":"https:\/\/mothertobaby.org\/wp-content\/uploads\/2020\/09\/MotherToBaby-Psoriasis-Exposures-Header-1600x900-09.20.jpg","type":"image\/jpeg"}],"twitter_card":"summary_large_image","twitter_misc":{"Tiempo de lectura":"3 minutos"},"schema":{"@context":"https:\/\/schema.org","@graph":[{"@type":"WebPage","@id":"https:\/\/mothertobaby.org\/es\/exposiciones-durante-el-embarazo-y-la-lactancia\/psoriasis\/","url":"https:\/\/mothertobaby.org\/es\/exposiciones-durante-el-embarazo-y-la-lactancia\/psoriasis\/","name":"Psoriasis - MotherToBaby","isPartOf":{"@id":"https:\/\/mothertobaby.org\/es\/#website"},"datePublished":"2022-11-29T18:18:36+00:00","dateModified":"2022-11-29T18:20:07+00:00","breadcrumb":{"@id":"https:\/\/mothertobaby.org\/es\/exposiciones-durante-el-embarazo-y-la-lactancia\/psoriasis\/#breadcrumb"},"inLanguage":"es","potentialAction":[{"@type":"ReadAction","target":["https:\/\/mothertobaby.org\/es\/exposiciones-durante-el-embarazo-y-la-lactancia\/psoriasis\/"]}]},{"@type":"BreadcrumbList","@id":"https:\/\/mothertobaby.org\/es\/exposiciones-durante-el-embarazo-y-la-lactancia\/psoriasis\/#breadcrumb","itemListElement":[{"@type":"ListItem","position":1,"name":"Home","item":"https:\/\/mothertobaby.org\/es\/"},{"@type":"ListItem","position":2,"name":"Exposiciones Durante el Embarazo y la Lactancia","item":"https:\/\/mothertobaby.org\/es\/exposiciones-durante-el-embarazo-y-la-lactancia\/"},{"@type":"ListItem","position":3,"name":"Psoriasis"}]},{"@type":"WebSite","@id":"https:\/\/mothertobaby.org\/es\/#website","url":"https:\/\/mothertobaby.org\/es\/","name":"MotherToBaby","description":"Medications and More during pregnancy and breastfeeding","publisher":{"@id":"https:\/\/mothertobaby.org\/es\/#organization"},"potentialAction":[{"@type":"SearchAction","target":{"@type":"EntryPoint","urlTemplate":"https:\/\/mothertobaby.org\/es\/?s={search_term_string}"},"query-input":"required name=search_term_string"}],"inLanguage":"es"},{"@type":"Organization","@id":"https:\/\/mothertobaby.org\/es\/#organization","name":"MotherToBaby","url":"https:\/\/mothertobaby.org\/es\/","logo":{"@type":"ImageObject","inLanguage":"es","@id":"https:\/\/mothertobaby.org\/es\/#\/schema\/logo\/image\/","url":"https:\/\/mothertobaby.org\/wp-content\/uploads\/2023\/06\/MTB-horz-copyright-sm-1.png","contentUrl":"https:\/\/mothertobaby.org\/wp-content\/uploads\/2023\/06\/MTB-horz-copyright-sm-1.png","width":284,"height":52,"caption":"MotherToBaby"},"image":{"@id":"https:\/\/mothertobaby.org\/es\/#\/schema\/logo\/image\/"}}]}},"featured_image_src":"https:\/\/mothertobaby.org\/wp-content\/uploads\/2020\/09\/MotherToBaby-Psoriasis-Exposures-Header-1600x900-09.20.jpg","featured_image_src_square":"https:\/\/mothertobaby.org\/wp-content\/uploads\/2020\/09\/MotherToBaby-Psoriasis-Exposures-Header-1600x900-09.20.jpg","_links":{"self":[{"href":"https:\/\/mothertobaby.org\/es\/wp-json\/wp\/v2\/pages\/7016","targetHints":{"allow":["GET"]}}],"collection":[{"href":"https:\/\/mothertobaby.org\/es\/wp-json\/wp\/v2\/pages"}],"about":[{"href":"https:\/\/mothertobaby.org\/es\/wp-json\/wp\/v2\/types\/page"}],"author":[{"embeddable":true,"href":"https:\/\/mothertobaby.org\/es\/wp-json\/wp\/v2\/users\/214"}],"replies":[{"embeddable":true,"href":"https:\/\/mothertobaby.org\/es\/wp-json\/wp\/v2\/comments?post=7016"}],"version-history":[{"count":0,"href":"https:\/\/mothertobaby.org\/es\/wp-json\/wp\/v2\/pages\/7016\/revisions"}],"up":[{"embeddable":true,"href":"https:\/\/mothertobaby.org\/es\/wp-json\/wp\/v2\/pages\/6524"}],"wp:featuredmedia":[{"embeddable":true,"href":"https:\/\/mothertobaby.org\/es\/wp-json\/wp\/v2\/media\/2865"}],"wp:attachment":[{"href":"https:\/\/mothertobaby.org\/es\/wp-json\/wp\/v2\/media?parent=7016"}],"wp:term":[{"taxonomy":"medical-specialty","embeddable":true,"href":"https:\/\/mothertobaby.org\/es\/wp-json\/wp\/v2\/medical-specialty?post=7016"},{"taxonomy":"related-content","embeddable":true,"href":"https:\/\/mothertobaby.org\/es\/wp-json\/wp\/v2\/related-content?post=7016"}],"curies":[{"name":"wp","href":"https:\/\/api.w.org\/{rel}","templated":true}]}}