{"id":7019,"date":"2022-11-29T10:32:46","date_gmt":"2022-11-29T18:32:46","guid":{"rendered":"https:\/\/mothertobaby.org\/?page_id=7019"},"modified":"2024-10-07T16:41:23","modified_gmt":"2024-10-07T23:41:23","slug":"artritis-reumatoide","status":"publish","type":"page","link":"https:\/\/mothertobaby.org\/es\/exposiciones-durante-el-embarazo-y-la-lactancia\/artritis-reumatoide\/","title":{"rendered":"Artritis Reumatoide"},"content":{"rendered":"\n<div class=\"wp-block-genesis-blocks-gb-container alignfull mtb-full-width-container gb-block-container\"><div class=\"gb-container-inside\"><div class=\"gb-container-content\">\n<h2 class=\"wp-block-heading\" id=\"h-manejo-de-la-artritis-reumatoide-durante-el-embarazo-y-la-lactancia\">Manejo de la Artritis Reumatoide Durante el Embarazo y la Lactancia<\/h2>\n\n\n\n<p class=\"has-primary-purple-color has-text-color\"><em><em><em><em><em><em><em><em><em>Descargo de responsabilidad: Esta p\u00e1gina contiene informaci\u00f3n y recursos importantes relacionados con la artritis reumatoide durante el embarazo y la lactancia, e incluye enlaces a nuestras Hojas Informativas basadas en evidencia. Sin embargo, los recursos que aqu\u00ed se ofrecen no deben sustituir la atenci\u00f3n y el asesoramiento de un profesional m\u00e9dico.<\/em><\/em><\/em><\/em><\/em><\/em><\/em><\/em><\/em><\/p>\n\n\n\n<p>La artritis reumatoide (AR) es un tipo de artritis que provoca dolor en las articulaciones, rigidez, hinchaz\u00f3n y disminuci\u00f3n del rango de movimiento. Las peque\u00f1as articulaciones de las manos y los pies son las m\u00e1s afectadas. Es una condici\u00f3n m\u00e9dica autoinmune, lo que significa que el sistema inmunol\u00f3gico no funciona como deber\u00eda y ataca el revestimiento de las articulaciones.&nbsp;Las mujeres son tres veces m\u00e1s propensas que los hombres a desarrollar artritis reumatoide, y lo m\u00e1s habitual es que comience entre los 30 y los 60 a\u00f1os, por lo que puede afectar a los a\u00f1os de maternidad de una persona.<\/p>\n\n\n\n<div style=\"height:20px\" aria-hidden=\"true\" class=\"wp-block-spacer\"><\/div>\n\n\n\n<div style=\"height:23px\" aria-hidden=\"true\" class=\"wp-block-spacer\"><\/div>\n\n\n\n<figure class=\"wp-block-image size-full\"><img loading=\"lazy\" decoding=\"async\" width=\"1280\" height=\"576\" src=\"https:\/\/mothertobaby.org\/wp-content\/uploads\/2021\/12\/rheumatoid-arthritis.png\" alt=\"\" class=\"wp-image-5462\" srcset=\"https:\/\/mothertobaby.org\/wp-content\/uploads\/2021\/12\/rheumatoid-arthritis.png 1280w, https:\/\/mothertobaby.org\/wp-content\/uploads\/2021\/12\/rheumatoid-arthritis-720x324.png 720w, https:\/\/mothertobaby.org\/wp-content\/uploads\/2021\/12\/rheumatoid-arthritis-300x135.png 300w, https:\/\/mothertobaby.org\/wp-content\/uploads\/2021\/12\/rheumatoid-arthritis-1024x461.png 1024w, https:\/\/mothertobaby.org\/wp-content\/uploads\/2021\/12\/rheumatoid-arthritis-768x346.png 768w\" sizes=\"auto, (max-width: 1280px) 100vw, 1280px\" \/><\/figure>\n\n\n\n<p class=\"has-text-align-right\"><em>Referencia: <a href=\"https:\/\/pubmed.ncbi.nlm.nih.gov\/30385703\/\" target=\"_blank\" rel=\"noreferrer noopener\">Jethwa et al., 2019<\/a><\/em><\/p>\n\n\n\n<div style=\"height:20px\" aria-hidden=\"true\" class=\"wp-block-spacer\"><\/div>\n\n\n\n<div style=\"height:23px\" aria-hidden=\"true\" class=\"wp-block-spacer\"><\/div>\n\n\n\n<p>La artritis reumatoide puede causar complicaciones del embarazo, aunque si la artritis reumatoide est\u00e1 bien controlada durante 3-6 meses antes de quedarse embarazada, la probabilidad de complicaciones suele ser menor que en las personas con artritis reumatoide m\u00e1s activa. La artritis reumatoide activa no tratada aumenta la posibilidad de complicaciones como el parto prematuro, la preeclampsia (una condici\u00f3n m\u00e9dica relacionada con el embarazo que se caracteriza por un peligroso aumento de la presi\u00f3n arterial y problemas en la funci\u00f3n renal) y el bajo peso al nacer. Dado que los embarazos tienen m\u00e1s \u00e9xito cuando la artritis reumatoide est\u00e1 bien controlada, seguir tomando una medicaci\u00f3n que le funcione es importante para su salud y la del embarazo, pero tambi\u00e9n hay algunos medicamentos que deben evitarse. Aseg\u00farese de hablar con su proveedor de atenci\u00f3n de salud sobre todas sus preguntas sobre el embarazo y la lactancia.<\/p>\n\n\n\n<blockquote class=\"wp-block-quote is-layout-flow wp-block-quote-is-layout-flow\">\n<p>[Las personas] que padecen artritis reumatoide no controlada pueden correr un mayor riesgo de sufrir complicaciones como partos prematuros y beb\u00e9s peque\u00f1os para su edad gestacional. Esto puede aumentar la probabilidad de que el beb\u00e9 requiera m\u00e1s atenci\u00f3n m\u00e9dica al principio de su vida.<\/p>\n<cite>&#8212; <a href=\"https:\/\/www.arthritis.org\/health-wellness\/healthy-living\/family-relationships\/family-planning\/rheumatoid-arthritis-and-pregnancy\" target=\"_blank\" rel=\"noreferrer noopener\">Arthritis Foundation<\/a><\/cite><\/blockquote>\n\n\n\n<div style=\"height:20px\" aria-hidden=\"true\" class=\"wp-block-spacer\"><\/div>\n\n\n\n<div style=\"height:23px\" aria-hidden=\"true\" class=\"wp-block-spacer\"><\/div>\n\n\n\n<p>Consulte nuestra biblioteca de recursos a continuaci\u00f3n sobre la artritis reumatoide durante el embarazo y la lactancia.<\/p>\n\n\n<div class=\"mtb-rel-cont-list mtb-rel-cont-block\" style=\"background-color: #F0ebf8;\"><h3>Hojas Informativas Relacionadas<\/h3><ul><li><a href='https:\/\/mothertobaby.org\/es\/hojas-informativas\/abatacept-orencia\/'>Abatacept (Orencia\u00ae)<\/a><\/li><li><a href='https:\/\/mothertobaby.org\/es\/hojas-informativas\/adalimumab-humira\/'>Adalimumab (Humira\u00ae)<\/a><\/li><li><a href='https:\/\/mothertobaby.org\/es\/hojas-informativas\/artritis-reumatoide\/'>Artritis reumatoide<\/a><\/li><li><a href='https:\/\/mothertobaby.org\/es\/hojas-informativas\/azatioprina-6mp\/'>Azatioprina | 6-mercaptopurina<\/a><\/li><li><a href='https:\/\/mothertobaby.org\/es\/hojas-informativas\/certolizumab-pegol-cimzia\/'>Certolizumab Pegol (Cimzia\u00ae)<\/a><\/li><li><a href='https:\/\/mothertobaby.org\/es\/hojas-informativas\/etanercept-enbrel\/'>Etanercept (Enbrel\u00ae)<\/a><\/li><li><a href='https:\/\/mothertobaby.org\/es\/hojas-informativas\/la-hidroxicloroquina-el-embarazo\/'>Hidroxicloroquina (Plaquenil\u00ae)<\/a><\/li><li><a href='https:\/\/mothertobaby.org\/es\/hojas-informativas\/el-infliximab-remicade\/'>Infliximab<\/a><\/li><li><a href='https:\/\/mothertobaby.org\/es\/hojas-informativas\/leflunomida\/'>Leflunomida (Arava\u00ae)<\/a><\/li><li><a href='https:\/\/mothertobaby.org\/es\/hojas-informativas\/el-metotrexate\/'>Metotrexato<\/a><\/li><li><a href='https:\/\/mothertobaby.org\/es\/hojas-informativas\/pregnancy-study-participation\/'>Participaci\u00f3n en Estudios de Embarazo<\/a><\/li><li><a href='https:\/\/mothertobaby.org\/es\/hojas-informativas\/la-prednisonaprednisolona\/'>Prednisona\/Prednisolona<\/a><\/li><li><a href='https:\/\/mothertobaby.org\/es\/hojas-informativas\/sarilumab-kevzara\/'>Sarilumab (Kevzara\u00ae)<\/a><\/li><li><a href='https:\/\/mothertobaby.org\/es\/hojas-informativas\/sulfasalazina-azulfidine\/'>Sulfasalazina (Azulfidine\u00ae)<\/a><\/li><li><a href='https:\/\/mothertobaby.org\/es\/hojas-informativas\/tocilizumab-actemra\/'>Tocilizumab (Actemra\u00ae)<\/a><\/li><li><a href='https:\/\/mothertobaby.org\/es\/hojas-informativas\/tofacitinib-el-embarazo\/'>Tofacitinib (Xeljanz\u00ae, Xeljanz XR\u00ae)<\/a><\/li><\/ul><\/div>\n\n\n<div class=\"mtb-rel-cont-list mtb-rel-cont-block\" style=\"background-color: #f9f9ff;\"><h3>Baby Blogs Relacionadas<\/h3><ul><li><a href='https:\/\/mothertobaby.org\/es\/baby-blog\/beneficiando-a-otras-madres-como-yo-por-que-una-madre-prefirio-los-estudios-que-seguir-con-miedo\/'>\u2018Beneficiando a otras madres como yo:\u2019 Por qu\u00e9 una madre prefiri\u00f3 los estudios que seguir con miedo<\/a><\/li><\/ul><\/div>\n\n\n\n\n\n\n<p><\/p>\n<\/div><\/div><\/div>\n\n\n\n<h3 class=\"wp-block-heading\" id=\"h-recursos-externos\">Recursos Externos<\/h3>\n\n\n\n<ul class=\"wp-block-list\">\n<li>American College of Rheumatology: <a href=\"https:\/\/www.rheumatology.org\/I-Am-A\/Patient-Caregiver\/Diseases-Conditions\/Living-Well-with-Rheumatic-Disease\/Pregnancy-Rheumatic-Disease\" target=\"_blank\" rel=\"noreferrer noopener\">Pregnancy and Rheumatic Disease<\/a><\/li>\n\n\n\n<li>Arthritis Foundation:<a href=\"https:\/\/espanol.arthritis.org\/?_ga=2.153503864.1922717882.1693595271-644314750.1692991668&amp;_gl=1*rprs1d*_ga*njq0mze0nzuwlje2oti5ote2njg.*_ga_zlef548dvm*mty5mzu5nti2ns4yljeumty5mzu5ntkzmc4wljauma..\" target=\"_blank\" rel=\"noreferrer noopener\"> Rheumatoid Arthritis and Pregnancy<\/a><\/li>\n\n\n\n<li>Canadian Arthritis Patient Alliance: <a href=\"http:\/\/arthritispatient.ca\/pregnancy-and-parenting-with-arthritis-a-resource-for-patients-by-patients\/\" target=\"_blank\" rel=\"noreferrer noopener\">Pregnancy and Parenting with Arthritis: A Resource for Patients by Patients<\/a><\/li>\n<\/ul>\n\n\n\n<h3 class=\"wp-block-heading\" id=\"h-socios\">Socios<\/h3>\n\n\n\n<ul class=\"wp-block-list\">\n<li><a href=\"https:\/\/espanol.arthritis.org\/\" target=\"_blank\" rel=\"noreferrer noopener\">Arthritis Foundation<\/a><\/li>\n\n\n\n<li><a href=\"http:\/\/arthritispatient.ca\/\" target=\"_blank\" rel=\"noreferrer noopener\">Canadian Arthritis Patient Alliance<\/a><\/li>\n\n\n\n<li><a href=\"\/\/creakyjoints.org.es\/?_ga=2.210607381.1456582707.1693595360-1337896126.1692991719&amp;_gl=1%2A1bikrdg%2A_ga%2AMTMzNzg5NjEyNi4xNjkyOTkxNzE5%2A_ga_YNDSCXDP2Z%2AMTY5MzU5NTM1OS4yLjEuMTY5MzU5NjA1Ni42MC4wLjA.%2A_ga_HMXHSEJTJ3%2AMTY5MzU5NTM1OS4yLjEuMTY5MzU5NjA1Ni4wLjAuMA..\" target=\"_blank\" rel=\"noreferrer noopener\">Creaky Joints<\/a><\/li>\n\n\n\n<li><a href=\"https:\/\/www.myhealthteams.com\/\" target=\"_blank\" rel=\"noreferrer noopener\">MyHealthTeams<\/a><\/li>\n\n\n\n<li><a href=\"https:\/\/www.patientslikeme.com\/\" target=\"_blank\" rel=\"noreferrer noopener\">PatientsLikeMe<\/a><\/li>\n\n\n\n<li><a href=\"https:\/\/www.smfm.org\/members\/seeing-a-specialist\" target=\"_blank\" rel=\"noreferrer noopener\">Society for Maternal Fetal Medicine (SMFM)<\/a><\/li>\n\n\n\n<li><a href=\"https:\/\/themighty.com\/\" target=\"_blank\" rel=\"noreferrer noopener\">The Mighty<\/a><\/li>\n<\/ul>\n\n\n\n<div style=\"height:100px\" aria-hidden=\"true\" class=\"wp-block-spacer\"><\/div>\n\n\n\n<div class=\"wp-block-genesis-blocks-gb-container gb-block-container\"><div class=\"gb-container-inside\"><div class=\"gb-container-content\">\n<div style=\"background-color:#f9f9ff;padding-left:8%;padding-right:8%\" class=\"wp-block-genesis-blocks-gb-container alignfull mtb-hp-block mtb-3-col-cta-row gb-block-container\"><div class=\"gb-container-inside\"><div class=\"gb-container-content\" style=\"max-width:1120px\">\n<div class=\"wp-block-genesis-blocks-gb-columns light-text mtb-3-col-cta no-link-underline gb-layout-columns-3 gb-3-col-equal\"><div class=\"gb-layout-column-wrap gb-block-layout-column-gap-3 gb-is-responsive-column\">\n<div class=\"wp-block-genesis-blocks-gb-column mtb-cta-radius gb-block-layout-column\"><div class=\"gb-block-layout-column-inner gb-has-custom-background-color\" style=\"background-color:#522e83\">\n<h3 class=\"wp-block-heading has-text-align-left\" id=\"h-mant-ngase-en-contacto\">Mant\u00e9ngase en contacto<\/h3>\n\n\n\n<p class=\"has-text-align-left\">Nuestro bolet\u00edn electr\u00f3nico le brinda la informaci\u00f3n, las noticias, y los recursos m\u00e1s recientes de los expertos de MotherToBaby.<\/p>\n\n\n\n<div class=\"wp-block-buttons is-layout-flex wp-block-buttons-is-layout-flex\">\n<div class=\"wp-block-button has-custom-font-size mtb-std-block-btn gb-block-button\" style=\"font-size:20px;line-height:1.2\"><a class=\"wp-block-button__link has-text-color has-background wp-element-button\" href=\"https:\/\/mothertobaby.org\/es\/inscribirse-para-boletin-electronico\/\" style=\"border-radius:5px;color:#ffffff;background-color:#3373dc;padding-top:10px;padding-right:1em;padding-bottom:10px;padding-left:1em\">Inscribirse<\/a><\/div>\n<\/div>\n<\/div><\/div>\n\n\n\n<div class=\"wp-block-genesis-blocks-gb-column mtb-cta-radius gb-block-layout-column\"><div class=\"gb-block-layout-column-inner gb-has-custom-background-color\" style=\"background-color:#522e83\">\n<h3 class=\"wp-block-heading has-text-align-left\" id=\"h-unirse-a-un-estudio\">Unirse a un Estudio<\/h3>\n\n\n\n<p class=\"has-text-align-left\">Los futuros padres merecen mejor informaci\u00f3n sobre la seguridad de los medicamentos, y usted puede ayudar participando en un estudio.<\/p>\n\n\n\n<div class=\"wp-block-buttons is-layout-flex wp-block-buttons-is-layout-flex\">\n<div class=\"wp-block-button has-custom-font-size mtb-std-block-btn gb-block-button\" style=\"font-size:20px;line-height:1.2\"><a class=\"wp-block-button__link has-text-color has-background wp-element-button\" href=\"https:\/\/mothertobaby.org\/es\/exposiciones-durante-el-embarazo-y-la-lactancia\/\" style=\"border-radius:5px;color:#ffffff;background-color:#3373dc;padding-top:10px;padding-right:1em;padding-bottom:10px;padding-left:1em\">Unirse<\/a><\/div>\n<\/div>\n<\/div><\/div>\n\n\n\n<div class=\"wp-block-genesis-blocks-gb-column mtb-cta-radius gb-block-layout-column\"><div class=\"gb-block-layout-column-inner has-orange-cta-background-color has-neutral-plus-2-color\">\n<h3 class=\"wp-block-heading has-text-align-left\" id=\"h-pregunte-a-nuestros-expertos\">Pregunte a Nuestros Expertos<\/h3>\n\n\n\n<p class=\"has-text-align-left\">Llame, env\u00ede mensajes de texto, chatee, o env\u00ede un correo electr\u00f3nico para obtener una evaluaci\u00f3n de riesgos personalizada y gratuita sobre las exposiciones en el embarazo y la lactancia.<\/p>\n\n\n\n<div class=\"wp-block-buttons is-layout-flex wp-block-buttons-is-layout-flex\">\n<div class=\"wp-block-button has-custom-font-size mtb-std-block-btn gb-block-button\" style=\"font-size:20px;line-height:1.2\"><a class=\"wp-block-button__link has-text-color has-background wp-element-button\" href=\"https:\/\/mothertobaby.org\/es\/contactar\/\" style=\"border-radius:5px;color:#ffffff;background-color:#3373dc;padding-top:10px;padding-right:1em;padding-bottom:10px;padding-left:1em\">Contactar<\/a><\/div>\n<\/div>\n<\/div><\/div>\n<\/div><\/div>\n<\/div><\/div><\/div>\n<\/div><\/div><\/div>\n\n\n\n<p><\/p>\n","protected":false},"excerpt":{"rendered":"<p>Recursos Externos Socios<\/p>\n","protected":false},"author":214,"featured_media":2870,"parent":6524,"menu_order":0,"comment_status":"closed","ping_status":"closed","template":"page-templates\/inner-page.php","meta":{"_searchwp_excluded":"","_genesis_hide_title":false,"_genesis_hide_breadcrumbs":false,"_genesis_hide_singular_image":false,"_genesis_hide_footer_widgets":false,"_genesis_custom_body_class":"","_genesis_custom_post_class":"","_genesis_layout":"full-width-content","footnotes":""},"medical-specialty":[],"related-content":[591],"class_list":{"0":"post-7019","1":"page","2":"type-page","3":"status-publish","4":"has-post-thumbnail","6":"related-content-artritis-reumatoide","7":"entry"},"yoast_head":"<!-- This site is optimized with the Yoast SEO Premium plugin v20.13 (Yoast SEO v20.13) - https:\/\/yoast.com\/wordpress\/plugins\/seo\/ -->\n<title>Artritis Reumatoide - MotherToBaby<\/title>\n<meta name=\"robots\" content=\"index, follow, max-snippet:-1, max-image-preview:large, max-video-preview:-1\" \/>\n<link rel=\"canonical\" href=\"https:\/\/mothertobaby.org\/es\/exposiciones-durante-el-embarazo-y-la-lactancia\/artritis-reumatoide\/\" \/>\n<meta property=\"og:locale\" content=\"es_ES\" \/>\n<meta property=\"og:type\" content=\"article\" \/>\n<meta property=\"og:title\" content=\"Artritis Reumatoide\" \/>\n<meta property=\"og:description\" content=\"Recursos Externos Socios\" \/>\n<meta property=\"og:url\" content=\"https:\/\/mothertobaby.org\/es\/exposiciones-durante-el-embarazo-y-la-lactancia\/artritis-reumatoide\/\" \/>\n<meta property=\"og:site_name\" content=\"MotherToBaby\" \/>\n<meta property=\"article:modified_time\" content=\"2024-10-07T23:41:23+00:00\" \/>\n<meta property=\"og:image\" content=\"https:\/\/mothertobaby.org\/wp-content\/uploads\/2020\/09\/MotherToBaby-Rheumatoid-Arthritis-Exposures-Header-1600x900-09.20.jpg\" \/>\n\t<meta property=\"og:image:width\" content=\"1600\" \/>\n\t<meta property=\"og:image:height\" content=\"900\" \/>\n\t<meta property=\"og:image:type\" content=\"image\/jpeg\" \/>\n<meta name=\"twitter:card\" content=\"summary_large_image\" \/>\n<meta name=\"twitter:label1\" content=\"Tiempo de lectura\" \/>\n\t<meta name=\"twitter:data1\" content=\"2 minutos\" \/>\n<script type=\"application\/ld+json\" class=\"yoast-schema-graph\">{\"@context\":\"https:\/\/schema.org\",\"@graph\":[{\"@type\":\"WebPage\",\"@id\":\"https:\/\/mothertobaby.org\/es\/exposiciones-durante-el-embarazo-y-la-lactancia\/artritis-reumatoide\/\",\"url\":\"https:\/\/mothertobaby.org\/es\/exposiciones-durante-el-embarazo-y-la-lactancia\/artritis-reumatoide\/\",\"name\":\"Artritis Reumatoide - MotherToBaby\",\"isPartOf\":{\"@id\":\"https:\/\/mothertobaby.org\/es\/#website\"},\"datePublished\":\"2022-11-29T18:32:46+00:00\",\"dateModified\":\"2024-10-07T23:41:23+00:00\",\"breadcrumb\":{\"@id\":\"https:\/\/mothertobaby.org\/es\/exposiciones-durante-el-embarazo-y-la-lactancia\/artritis-reumatoide\/#breadcrumb\"},\"inLanguage\":\"es\",\"potentialAction\":[{\"@type\":\"ReadAction\",\"target\":[\"https:\/\/mothertobaby.org\/es\/exposiciones-durante-el-embarazo-y-la-lactancia\/artritis-reumatoide\/\"]}]},{\"@type\":\"BreadcrumbList\",\"@id\":\"https:\/\/mothertobaby.org\/es\/exposiciones-durante-el-embarazo-y-la-lactancia\/artritis-reumatoide\/#breadcrumb\",\"itemListElement\":[{\"@type\":\"ListItem\",\"position\":1,\"name\":\"Home\",\"item\":\"https:\/\/mothertobaby.org\/es\/\"},{\"@type\":\"ListItem\",\"position\":2,\"name\":\"Exposiciones Durante el Embarazo y la Lactancia\",\"item\":\"https:\/\/mothertobaby.org\/es\/exposiciones-durante-el-embarazo-y-la-lactancia\/\"},{\"@type\":\"ListItem\",\"position\":3,\"name\":\"Artritis Reumatoide\"}]},{\"@type\":\"WebSite\",\"@id\":\"https:\/\/mothertobaby.org\/es\/#website\",\"url\":\"https:\/\/mothertobaby.org\/es\/\",\"name\":\"MotherToBaby\",\"description\":\"Medications and More during pregnancy and breastfeeding\",\"publisher\":{\"@id\":\"https:\/\/mothertobaby.org\/es\/#organization\"},\"potentialAction\":[{\"@type\":\"SearchAction\",\"target\":{\"@type\":\"EntryPoint\",\"urlTemplate\":\"https:\/\/mothertobaby.org\/es\/?s={search_term_string}\"},\"query-input\":\"required name=search_term_string\"}],\"inLanguage\":\"es\"},{\"@type\":\"Organization\",\"@id\":\"https:\/\/mothertobaby.org\/es\/#organization\",\"name\":\"MotherToBaby\",\"url\":\"https:\/\/mothertobaby.org\/es\/\",\"logo\":{\"@type\":\"ImageObject\",\"inLanguage\":\"es\",\"@id\":\"https:\/\/mothertobaby.org\/es\/#\/schema\/logo\/image\/\",\"url\":\"https:\/\/mothertobaby.org\/wp-content\/uploads\/2023\/06\/MTB-horz-copyright-sm-1.png\",\"contentUrl\":\"https:\/\/mothertobaby.org\/wp-content\/uploads\/2023\/06\/MTB-horz-copyright-sm-1.png\",\"width\":284,\"height\":52,\"caption\":\"MotherToBaby\"},\"image\":{\"@id\":\"https:\/\/mothertobaby.org\/es\/#\/schema\/logo\/image\/\"}}]}<\/script>\n<!-- \/ Yoast SEO Premium plugin. -->","yoast_head_json":{"title":"Artritis Reumatoide - MotherToBaby","robots":{"index":"index","follow":"follow","max-snippet":"max-snippet:-1","max-image-preview":"max-image-preview:large","max-video-preview":"max-video-preview:-1"},"canonical":"https:\/\/mothertobaby.org\/es\/exposiciones-durante-el-embarazo-y-la-lactancia\/artritis-reumatoide\/","og_locale":"es_ES","og_type":"article","og_title":"Artritis Reumatoide","og_description":"Recursos Externos Socios","og_url":"https:\/\/mothertobaby.org\/es\/exposiciones-durante-el-embarazo-y-la-lactancia\/artritis-reumatoide\/","og_site_name":"MotherToBaby","article_modified_time":"2024-10-07T23:41:23+00:00","og_image":[{"width":1600,"height":900,"url":"https:\/\/mothertobaby.org\/wp-content\/uploads\/2020\/09\/MotherToBaby-Rheumatoid-Arthritis-Exposures-Header-1600x900-09.20.jpg","type":"image\/jpeg"}],"twitter_card":"summary_large_image","twitter_misc":{"Tiempo de lectura":"2 minutos"},"schema":{"@context":"https:\/\/schema.org","@graph":[{"@type":"WebPage","@id":"https:\/\/mothertobaby.org\/es\/exposiciones-durante-el-embarazo-y-la-lactancia\/artritis-reumatoide\/","url":"https:\/\/mothertobaby.org\/es\/exposiciones-durante-el-embarazo-y-la-lactancia\/artritis-reumatoide\/","name":"Artritis Reumatoide - MotherToBaby","isPartOf":{"@id":"https:\/\/mothertobaby.org\/es\/#website"},"datePublished":"2022-11-29T18:32:46+00:00","dateModified":"2024-10-07T23:41:23+00:00","breadcrumb":{"@id":"https:\/\/mothertobaby.org\/es\/exposiciones-durante-el-embarazo-y-la-lactancia\/artritis-reumatoide\/#breadcrumb"},"inLanguage":"es","potentialAction":[{"@type":"ReadAction","target":["https:\/\/mothertobaby.org\/es\/exposiciones-durante-el-embarazo-y-la-lactancia\/artritis-reumatoide\/"]}]},{"@type":"BreadcrumbList","@id":"https:\/\/mothertobaby.org\/es\/exposiciones-durante-el-embarazo-y-la-lactancia\/artritis-reumatoide\/#breadcrumb","itemListElement":[{"@type":"ListItem","position":1,"name":"Home","item":"https:\/\/mothertobaby.org\/es\/"},{"@type":"ListItem","position":2,"name":"Exposiciones Durante el Embarazo y la Lactancia","item":"https:\/\/mothertobaby.org\/es\/exposiciones-durante-el-embarazo-y-la-lactancia\/"},{"@type":"ListItem","position":3,"name":"Artritis Reumatoide"}]},{"@type":"WebSite","@id":"https:\/\/mothertobaby.org\/es\/#website","url":"https:\/\/mothertobaby.org\/es\/","name":"MotherToBaby","description":"Medications and More during pregnancy and breastfeeding","publisher":{"@id":"https:\/\/mothertobaby.org\/es\/#organization"},"potentialAction":[{"@type":"SearchAction","target":{"@type":"EntryPoint","urlTemplate":"https:\/\/mothertobaby.org\/es\/?s={search_term_string}"},"query-input":"required name=search_term_string"}],"inLanguage":"es"},{"@type":"Organization","@id":"https:\/\/mothertobaby.org\/es\/#organization","name":"MotherToBaby","url":"https:\/\/mothertobaby.org\/es\/","logo":{"@type":"ImageObject","inLanguage":"es","@id":"https:\/\/mothertobaby.org\/es\/#\/schema\/logo\/image\/","url":"https:\/\/mothertobaby.org\/wp-content\/uploads\/2023\/06\/MTB-horz-copyright-sm-1.png","contentUrl":"https:\/\/mothertobaby.org\/wp-content\/uploads\/2023\/06\/MTB-horz-copyright-sm-1.png","width":284,"height":52,"caption":"MotherToBaby"},"image":{"@id":"https:\/\/mothertobaby.org\/es\/#\/schema\/logo\/image\/"}}]}},"featured_image_src":"https:\/\/mothertobaby.org\/wp-content\/uploads\/2020\/09\/MotherToBaby-Rheumatoid-Arthritis-Exposures-Header-1600x900-09.20.jpg","featured_image_src_square":"https:\/\/mothertobaby.org\/wp-content\/uploads\/2020\/09\/MotherToBaby-Rheumatoid-Arthritis-Exposures-Header-1600x900-09.20.jpg","_links":{"self":[{"href":"https:\/\/mothertobaby.org\/es\/wp-json\/wp\/v2\/pages\/7019","targetHints":{"allow":["GET"]}}],"collection":[{"href":"https:\/\/mothertobaby.org\/es\/wp-json\/wp\/v2\/pages"}],"about":[{"href":"https:\/\/mothertobaby.org\/es\/wp-json\/wp\/v2\/types\/page"}],"author":[{"embeddable":true,"href":"https:\/\/mothertobaby.org\/es\/wp-json\/wp\/v2\/users\/214"}],"replies":[{"embeddable":true,"href":"https:\/\/mothertobaby.org\/es\/wp-json\/wp\/v2\/comments?post=7019"}],"version-history":[{"count":0,"href":"https:\/\/mothertobaby.org\/es\/wp-json\/wp\/v2\/pages\/7019\/revisions"}],"up":[{"embeddable":true,"href":"https:\/\/mothertobaby.org\/es\/wp-json\/wp\/v2\/pages\/6524"}],"wp:featuredmedia":[{"embeddable":true,"href":"https:\/\/mothertobaby.org\/es\/wp-json\/wp\/v2\/media\/2870"}],"wp:attachment":[{"href":"https:\/\/mothertobaby.org\/es\/wp-json\/wp\/v2\/media?parent=7019"}],"wp:term":[{"taxonomy":"medical-specialty","embeddable":true,"href":"https:\/\/mothertobaby.org\/es\/wp-json\/wp\/v2\/medical-specialty?post=7019"},{"taxonomy":"related-content","embeddable":true,"href":"https:\/\/mothertobaby.org\/es\/wp-json\/wp\/v2\/related-content?post=7019"}],"curies":[{"name":"wp","href":"https:\/\/api.w.org\/{rel}","templated":true}]}}