{"id":7020,"date":"2022-11-29T10:36:57","date_gmt":"2022-11-29T18:36:57","guid":{"rendered":"https:\/\/mothertobaby.org\/?page_id=7020"},"modified":"2023-09-27T13:00:02","modified_gmt":"2023-09-27T20:00:02","slug":"enfermedad-por-el-virus-de-zika","status":"publish","type":"page","link":"https:\/\/mothertobaby.org\/es\/exposiciones-durante-el-embarazo-y-la-lactancia\/enfermedad-por-el-virus-de-zika\/","title":{"rendered":"Enfermedad por el Virus de Zika"},"content":{"rendered":"\n<div class=\"wp-block-genesis-blocks-gb-container alignfull mtb-full-width-container gb-block-container\"><div class=\"gb-container-inside\"><div class=\"gb-container-content\">\n<h2 class=\"wp-block-heading\" id=\"h-c-mo-afecta-la-infecci-n-por-el-virus-de-zika-al-embarazo-y-la-lactancia\">C\u00f3mo Afecta la Infecci\u00f3n por el Virus de Zika al Embarazo y la Lactancia<\/h2>\n\n\n\n<p class=\"has-primary-purple-color has-text-color\"><em><em><em><em><em><em><em><em><em>Descargo de responsabilidad: Esta p\u00e1gina contiene informaci\u00f3n y recursos importantes relacionados con la infecci\u00f3n por el virus de Zika durante el embarazo y la lactancia, e incluye enlaces a nuestras Hojas Informativas basadas en evidencia. Sin embargo, los recursos que aqu\u00ed se ofrecen no deben sustituir la atenci\u00f3n y el asesoramiento de un profesional m\u00e9dico.<\/em><\/em><\/em><\/em><\/em><\/em><\/em><\/em><\/em><\/p>\n\n\n\n<p>El Zika es un virus que por lo general se propaga a trav\u00e9s de mosquitos infectados, pero tambi\u00e9n se puede propagar a trav\u00e9s del contacto sexual con una pareja infectada o transfusiones de sangre con sangre infectada. Adem\u00e1s, si una persona contrae la enfermedad por el virus de Zika durante el embarazo, el virus puede transmitirse al beb\u00e9 en desarrollo. Cuatro de cada cinco personas que est\u00e1n infectadas con el virus de Zika no tienen ning\u00fan s\u00edntoma, pero aun as\u00ed pueden transmitir el virus a otras personas a trav\u00e9s del contacto sexual o a un beb\u00e9 en desarrollo durante el embarazo.<\/p>\n\n\n\n<div style=\"height:20px\" aria-hidden=\"true\" class=\"wp-block-spacer\"><\/div>\n\n\n\n<div style=\"height:23px\" aria-hidden=\"true\" class=\"wp-block-spacer\"><\/div>\n\n\n\n<figure class=\"wp-block-image size-full\"><img loading=\"lazy\" decoding=\"async\" width=\"1280\" height=\"576\" src=\"https:\/\/mothertobaby.org\/wp-content\/uploads\/2021\/12\/zika.png\" alt=\"\" class=\"wp-image-5464\" srcset=\"https:\/\/mothertobaby.org\/wp-content\/uploads\/2021\/12\/zika.png 1280w, https:\/\/mothertobaby.org\/wp-content\/uploads\/2021\/12\/zika-720x324.png 720w, https:\/\/mothertobaby.org\/wp-content\/uploads\/2021\/12\/zika-300x135.png 300w, https:\/\/mothertobaby.org\/wp-content\/uploads\/2021\/12\/zika-1024x461.png 1024w, https:\/\/mothertobaby.org\/wp-content\/uploads\/2021\/12\/zika-768x346.png 768w\" sizes=\"auto, (max-width: 1280px) 100vw, 1280px\" \/><\/figure>\n\n\n\n<p class=\"has-text-align-right\"><em>Referencia: <a href=\"https:\/\/www.cdc.gov\/mmwr\/volumes\/66\/wr\/mm6613e1.htm\" target=\"_blank\" rel=\"noreferrer noopener\">Reynolds et al., 2017<\/a> y <a href=\"https:\/\/www.cdc.gov\/mmwr\/volumes\/66\/wr\/mm6623e1.htm\" target=\"_blank\" rel=\"noreferrer noopener\">Shapiro-Mendoza et al., 2017<\/a><\/em><\/p>\n\n\n\n<div style=\"height:20px\" aria-hidden=\"true\" class=\"wp-block-spacer\"><\/div>\n\n\n\n<div style=\"height:23px\" aria-hidden=\"true\" class=\"wp-block-spacer\"><\/div>\n\n\n\n<p>Los beb\u00e9s que est\u00e1n expuestos al virus de Zika durante el embarazo tienen una mayor probabilidad de tener ciertos defectos de nacimiento y problemas de desarrollo conocidos como \u201cs\u00edndrome cong\u00e9nito por el virus de Zika\u201d (CZS). Los beb\u00e9s que tienen s\u00edndrome cong\u00e9nito por el virus de Zika pueden tener una cabeza y un cerebro muy peque\u00f1os, defectos cerebrales graves, defectos oculares, p\u00e9rdida de la audici\u00f3n, convulsiones o problemas con el movimiento de las articulaciones y las extremidades. La infecci\u00f3n por el virus de Zika en el embarazo tambi\u00e9n puede aumentar la probabilidad de aborto espont\u00e1neo o muerte fetal.<\/p>\n\n\n\n<p>Se ha encontrado el virus de Zika en la leche materna, pero no hay informes de beb\u00e9s que hayan contra\u00eddo la enfermedad por el virus de Zika al amamantar.&nbsp;Con base en la informaci\u00f3n actual, los expertos creen que los beneficios de amamantar superan cualquier posible riesgo de infecci\u00f3n por el virus de Zika a trav\u00e9s de la lactancia.<\/p>\n\n\n\n<blockquote class=\"wp-block-quote is-layout-flow wp-block-quote-is-layout-flow\">\n<p>\u201cLa \u00fanica forma de prevenir completamente la infecci\u00f3n por el virus de Zika durante el embarazo es no viajar a \u00e1reas con riesgo de este virus y tomar precauciones o evitar tener relaciones sexuales con alguien que haya viajado recientemente a un \u00e1rea de riesgo.\u201d<\/p>\n<cite>&#8212; <a href=\"https:\/\/www.cdc.gov\/pregnancy\/zika\/protect-yourself.html\" target=\"_blank\" rel=\"noreferrer noopener\">Centers for Disease Control and Prevention (CDC)<\/a><\/cite><\/blockquote>\n\n\n\n<p>Consulte nuestra biblioteca de recursos a continuaci\u00f3n sobre la enfermedad por el virus de Zika durante el embarazo y la lactancia. Tambi\u00e9n puede descargar o pedir nuestra tarjeta informativa biling\u00fce sobre la enfermedad por el virus de Zika visitando nuestro <a href=\"https:\/\/mothertobaby.org\/es\/ordena-materiales\/\">Formulario de Solicitud de Materiales<\/a>.<\/p>\n<\/div><\/div><\/div>\n\n\n<div class=\"mtb-rel-cont-list mtb-rel-cont-block\" style=\"background-color: #F0ebf8;\"><h3>Hojas Informativas Relacionadas<\/h3><ul><li><a href='https:\/\/mothertobaby.org\/es\/hojas-informativas\/deet-nn-ethyl-m-toluamide\/'>DEET (N,N-etil-m-toluamida)<\/a><\/li><li><a href='https:\/\/mothertobaby.org\/es\/hojas-informativas\/exposiciones-paternas\/'>Exposici\u00f3n paterna<\/a><\/li><li><a href='https:\/\/mothertobaby.org\/es\/hojas-informativas\/la-hipertermia\/'>Fiebre \/ Hipertermia<\/a><\/li><li><a href='https:\/\/mothertobaby.org\/es\/hojas-informativas\/repelente-de-insectos\/'>Repelentes de insectos<\/a><\/li><li><a href='https:\/\/mothertobaby.org\/es\/hojas-informativas\/virus-de-zika\/'>Virus de Zika<\/a><\/li><\/ul><\/div>\n\n\n<div class=\"mtb-rel-cont-list mtb-rel-cont-block\" style=\"background-color: #f9f9ff;\"><h3>Baby Blogs Relacionadas<\/h3><ul><li><a href='https:\/\/mothertobaby.org\/es\/baby-blog\/enfermedades-transmitidas-por-vectores-como-evitar-las-picaduras-de-insectos-durante-el-embarazo\/'>Enfermedades transmitidas por vectores: C\u00f3mo evitar las picaduras de insectos durante el embarazo<\/a><\/li><li><a href='https:\/\/mothertobaby.org\/es\/baby-blog\/educacion-sobre-la-vacunacion-todo-lo-que-necesita-saber-sobre-las-vacunas-antes-y-durante-el-embarazo\/'>Educaci\u00f3n sobre la vacunaci\u00f3n: todo lo que necesita saber sobre las vacunas antes y durante el embarazo<\/a><\/li><li><a href='https:\/\/mothertobaby.org\/es\/baby-blog\/el-zika-el-embarazo-y-los-viajes-despues-del-epidemico\/'>El Zika, el embarazo y los viajes despu\u00e9s del epid\u00e9mico<\/a><\/li><\/ul><\/div>\n\n\n\n\n\n\n<h3 class=\"wp-block-heading\" id=\"h-recursos-externos\">Recursos Externos<\/h3>\n\n\n\n<ul class=\"wp-block-list\">\n<li>Centers for Disease Control and Prevention: <a href=\"https:\/\/www.cdc.gov\/zika\/es\/pregnancy\/index.html\" target=\"_blank\" rel=\"noreferrer noopener\"><\/a><a href=\"https:\/\/www.cdc.gov\/zika\/es\/pregnancy\/index.html\" target=\"_blank\" rel=\"noreferrer noopener\">El virus del Zika Embarazo<\/a><\/li>\n\n\n\n<li>Centers for Disease Control and Prevention: <a href=\"https:\/\/www.cdc.gov\/zika\/es\/prevention\/transmission-methods.html\" target=\"_blank\" rel=\"noreferrer noopener\">M\u00e9todos de transmisi\u00f3n<\/a><\/li>\n\n\n\n<li>Centers for Disease Control and Prevention: <a href=\"https:\/\/www.cdc.gov\/zika\/es\/prevention\/protect-yourself-and-others.html\" target=\"_blank\" rel=\"noreferrer noopener\">Prot\u00e9jase y proteja a otros<\/a><\/li>\n\n\n\n<li>Centers for Disease Control and Prevention: <a href=\"https:\/\/www.cdc.gov\/zika\/es\/prevention\/plan-for-travel.html\" target=\"_blank\" rel=\"noreferrer noopener\">Planifique el viaje<\/a><\/li>\n\n\n\n<li>Centers for Disease Control and Prevention: <a href=\"https:\/\/www.cdc.gov\/zika\/es\/symptoms\/index.html\" target=\"_blank\" rel=\"noreferrer noopener\">S\u00edntomas, pruebas y tratamiento<\/a><\/li>\n\n\n\n<li>March of Dimes: <a href=\"https:\/\/nacersano.marchofdimes.org\/embarazo\/el-virus-del-zika-y-el-embarazo.aspx\">El virus del Zika y el embarazo<\/a><\/li>\n<\/ul>\n\n\n\n<h3 class=\"wp-block-heading\" id=\"h-socios\">Socios<\/h3>\n\n\n\n<ul class=\"wp-block-list\">\n<li><a href=\"https:\/\/www.marchofdimes.org\/\" target=\"_blank\" rel=\"noreferrer noopener\">March of Dimes<\/a><\/li>\n\n\n\n<li><a href=\"https:\/\/www.smfm.org\/members\/seeing-a-specialist\" target=\"_blank\" rel=\"noreferrer noopener\">Society for Maternal Fetal Medicine (SMFM)<\/a><\/li>\n<\/ul>\n\n\n\n<div style=\"height:100px\" aria-hidden=\"true\" class=\"wp-block-spacer\"><\/div>\n\n\n\n<div class=\"wp-block-genesis-blocks-gb-container gb-block-container\"><div class=\"gb-container-inside\"><div class=\"gb-container-content\"><\/div><\/div><\/div>\n\n\n\n<div style=\"background-color:#f9f9ff;padding-left:8%;padding-right:8%\" class=\"wp-block-genesis-blocks-gb-container alignfull mtb-hp-block mtb-3-col-cta-row gb-block-container\"><div class=\"gb-container-inside\"><div class=\"gb-container-content\" style=\"max-width:1120px\">\n<div class=\"wp-block-genesis-blocks-gb-columns light-text mtb-3-col-cta no-link-underline gb-layout-columns-3 gb-3-col-equal\"><div class=\"gb-layout-column-wrap gb-block-layout-column-gap-3 gb-is-responsive-column\">\n<div class=\"wp-block-genesis-blocks-gb-column mtb-cta-radius gb-block-layout-column\"><div class=\"gb-block-layout-column-inner gb-has-custom-background-color\" style=\"background-color:#522e83\">\n<h3 class=\"wp-block-heading has-text-align-left\" id=\"h-mant-ngase-en-contacto\">Mant\u00e9ngase en contacto<\/h3>\n\n\n\n<p class=\"has-text-align-left\">Nuestro bolet\u00edn electr\u00f3nico le brinda la informaci\u00f3n, las noticias, y los recursos m\u00e1s recientes de los expertos de MotherToBaby.<\/p>\n\n\n\n<div class=\"wp-block-buttons is-layout-flex wp-block-buttons-is-layout-flex\">\n<div class=\"wp-block-button has-custom-font-size mtb-std-block-btn gb-block-button\" style=\"font-size:20px;line-height:1.2\"><a class=\"wp-block-button__link has-text-color has-background wp-element-button\" href=\"https:\/\/mothertobaby.org\/es\/inscribirse-para-boletin-electronico\/\" style=\"border-radius:5px;color:#ffffff;background-color:#3373dc;padding-top:10px;padding-right:1em;padding-bottom:10px;padding-left:1em\">Inscribirse<\/a><\/div>\n<\/div>\n<\/div><\/div>\n\n\n\n<div class=\"wp-block-genesis-blocks-gb-column mtb-cta-radius gb-block-layout-column\"><div class=\"gb-block-layout-column-inner gb-has-custom-background-color\" style=\"background-color:#522e83\">\n<h3 class=\"wp-block-heading has-text-align-left\" id=\"h-unirse-a-un-estudio\">Unirse a un Estudio<\/h3>\n\n\n\n<p class=\"has-text-align-left\">Los futuros padres merecen mejor informaci\u00f3n sobre la seguridad de los medicamentos, y usted puede ayudar participando en un estudio.<\/p>\n\n\n\n<div class=\"wp-block-buttons is-layout-flex wp-block-buttons-is-layout-flex\">\n<div class=\"wp-block-button has-custom-font-size mtb-std-block-btn gb-block-button\" style=\"font-size:20px;line-height:1.2\"><a class=\"wp-block-button__link has-text-color has-background wp-element-button\" href=\"https:\/\/mothertobaby.org\/es\/exposiciones-durante-el-embarazo-y-la-lactancia\/\" style=\"border-radius:5px;color:#ffffff;background-color:#3373dc;padding-top:10px;padding-right:1em;padding-bottom:10px;padding-left:1em\">Unirse<\/a><\/div>\n<\/div>\n<\/div><\/div>\n\n\n\n<div class=\"wp-block-genesis-blocks-gb-column mtb-cta-radius gb-block-layout-column\"><div class=\"gb-block-layout-column-inner has-orange-cta-background-color has-neutral-plus-2-color\">\n<h3 class=\"wp-block-heading has-text-align-left\" id=\"h-pregunte-a-nuestros-expertos\">Pregunte a Nuestros Expertos<\/h3>\n\n\n\n<p class=\"has-text-align-left\">Llame, env\u00ede mensajes de texto, chatee, o env\u00ede un correo electr\u00f3nico para obtener una evaluaci\u00f3n de riesgos personalizada y gratuita sobre las exposiciones en el embarazo y la lactancia.<\/p>\n\n\n\n<div class=\"wp-block-buttons is-layout-flex wp-block-buttons-is-layout-flex\">\n<div class=\"wp-block-button has-custom-font-size mtb-std-block-btn gb-block-button\" style=\"font-size:20px;line-height:1.2\"><a class=\"wp-block-button__link has-text-color has-background wp-element-button\" href=\"https:\/\/mothertobaby.org\/es\/contactar\/\" style=\"border-radius:5px;color:#ffffff;background-color:#3373dc;padding-top:10px;padding-right:1em;padding-bottom:10px;padding-left:1em\">Contactar<\/a><\/div>\n<\/div>\n<\/div><\/div>\n<\/div><\/div>\n<\/div><\/div><\/div>\n","protected":false},"excerpt":{"rendered":"<p>Recursos Externos Socios<\/p>\n","protected":false},"author":214,"featured_media":2875,"parent":6524,"menu_order":0,"comment_status":"closed","ping_status":"closed","template":"page-templates\/inner-page.php","meta":{"_searchwp_excluded":"","_genesis_hide_title":false,"_genesis_hide_breadcrumbs":false,"_genesis_hide_singular_image":false,"_genesis_hide_footer_widgets":false,"_genesis_custom_body_class":"","_genesis_custom_post_class":"","_genesis_layout":"full-width-content","footnotes":""},"medical-specialty":[],"related-content":[592],"class_list":{"0":"post-7020","1":"page","2":"type-page","3":"status-publish","4":"has-post-thumbnail","6":"related-content-zika","7":"entry"},"yoast_head":"<!-- This site is optimized with the Yoast SEO Premium plugin v20.13 (Yoast SEO v20.13) - https:\/\/yoast.com\/wordpress\/plugins\/seo\/ -->\n<title>Enfermedad por el Virus de Zika - MotherToBaby<\/title>\n<meta name=\"robots\" content=\"index, follow, max-snippet:-1, max-image-preview:large, max-video-preview:-1\" \/>\n<link rel=\"canonical\" href=\"https:\/\/mothertobaby.org\/es\/exposiciones-durante-el-embarazo-y-la-lactancia\/enfermedad-por-el-virus-de-zika\/\" \/>\n<meta property=\"og:locale\" content=\"es_ES\" \/>\n<meta property=\"og:type\" content=\"article\" \/>\n<meta property=\"og:title\" content=\"Enfermedad por el Virus de Zika\" \/>\n<meta property=\"og:description\" content=\"Recursos Externos Socios\" \/>\n<meta property=\"og:url\" content=\"https:\/\/mothertobaby.org\/es\/exposiciones-durante-el-embarazo-y-la-lactancia\/enfermedad-por-el-virus-de-zika\/\" \/>\n<meta property=\"og:site_name\" content=\"MotherToBaby\" \/>\n<meta property=\"article:modified_time\" content=\"2023-09-27T20:00:02+00:00\" \/>\n<meta property=\"og:image\" content=\"https:\/\/mothertobaby.org\/wp-content\/uploads\/2020\/09\/MotherToBaby-Zika-Exposures-Header-1600x900-09.20.jpg\" \/>\n\t<meta property=\"og:image:width\" content=\"1600\" \/>\n\t<meta property=\"og:image:height\" content=\"900\" \/>\n\t<meta property=\"og:image:type\" content=\"image\/jpeg\" \/>\n<meta name=\"twitter:card\" content=\"summary_large_image\" \/>\n<meta name=\"twitter:label1\" content=\"Tiempo de lectura\" \/>\n\t<meta name=\"twitter:data1\" content=\"3 minutos\" \/>\n<script type=\"application\/ld+json\" class=\"yoast-schema-graph\">{\"@context\":\"https:\/\/schema.org\",\"@graph\":[{\"@type\":\"WebPage\",\"@id\":\"https:\/\/mothertobaby.org\/es\/exposiciones-durante-el-embarazo-y-la-lactancia\/enfermedad-por-el-virus-de-zika\/\",\"url\":\"https:\/\/mothertobaby.org\/es\/exposiciones-durante-el-embarazo-y-la-lactancia\/enfermedad-por-el-virus-de-zika\/\",\"name\":\"Enfermedad por el Virus de Zika - MotherToBaby\",\"isPartOf\":{\"@id\":\"https:\/\/mothertobaby.org\/es\/#website\"},\"datePublished\":\"2022-11-29T18:36:57+00:00\",\"dateModified\":\"2023-09-27T20:00:02+00:00\",\"breadcrumb\":{\"@id\":\"https:\/\/mothertobaby.org\/es\/exposiciones-durante-el-embarazo-y-la-lactancia\/enfermedad-por-el-virus-de-zika\/#breadcrumb\"},\"inLanguage\":\"es\",\"potentialAction\":[{\"@type\":\"ReadAction\",\"target\":[\"https:\/\/mothertobaby.org\/es\/exposiciones-durante-el-embarazo-y-la-lactancia\/enfermedad-por-el-virus-de-zika\/\"]}]},{\"@type\":\"BreadcrumbList\",\"@id\":\"https:\/\/mothertobaby.org\/es\/exposiciones-durante-el-embarazo-y-la-lactancia\/enfermedad-por-el-virus-de-zika\/#breadcrumb\",\"itemListElement\":[{\"@type\":\"ListItem\",\"position\":1,\"name\":\"Home\",\"item\":\"https:\/\/mothertobaby.org\/es\/\"},{\"@type\":\"ListItem\",\"position\":2,\"name\":\"Exposiciones Durante el Embarazo y la Lactancia\",\"item\":\"https:\/\/mothertobaby.org\/es\/exposiciones-durante-el-embarazo-y-la-lactancia\/\"},{\"@type\":\"ListItem\",\"position\":3,\"name\":\"Enfermedad por el Virus de Zika\"}]},{\"@type\":\"WebSite\",\"@id\":\"https:\/\/mothertobaby.org\/es\/#website\",\"url\":\"https:\/\/mothertobaby.org\/es\/\",\"name\":\"MotherToBaby\",\"description\":\"Medications and More during pregnancy and breastfeeding\",\"publisher\":{\"@id\":\"https:\/\/mothertobaby.org\/es\/#organization\"},\"potentialAction\":[{\"@type\":\"SearchAction\",\"target\":{\"@type\":\"EntryPoint\",\"urlTemplate\":\"https:\/\/mothertobaby.org\/es\/?s={search_term_string}\"},\"query-input\":\"required name=search_term_string\"}],\"inLanguage\":\"es\"},{\"@type\":\"Organization\",\"@id\":\"https:\/\/mothertobaby.org\/es\/#organization\",\"name\":\"MotherToBaby\",\"url\":\"https:\/\/mothertobaby.org\/es\/\",\"logo\":{\"@type\":\"ImageObject\",\"inLanguage\":\"es\",\"@id\":\"https:\/\/mothertobaby.org\/es\/#\/schema\/logo\/image\/\",\"url\":\"https:\/\/mothertobaby.org\/wp-content\/uploads\/2023\/06\/MTB-horz-copyright-sm-1.png\",\"contentUrl\":\"https:\/\/mothertobaby.org\/wp-content\/uploads\/2023\/06\/MTB-horz-copyright-sm-1.png\",\"width\":284,\"height\":52,\"caption\":\"MotherToBaby\"},\"image\":{\"@id\":\"https:\/\/mothertobaby.org\/es\/#\/schema\/logo\/image\/\"}}]}<\/script>\n<!-- \/ Yoast SEO Premium plugin. -->","yoast_head_json":{"title":"Enfermedad por el Virus de Zika - MotherToBaby","robots":{"index":"index","follow":"follow","max-snippet":"max-snippet:-1","max-image-preview":"max-image-preview:large","max-video-preview":"max-video-preview:-1"},"canonical":"https:\/\/mothertobaby.org\/es\/exposiciones-durante-el-embarazo-y-la-lactancia\/enfermedad-por-el-virus-de-zika\/","og_locale":"es_ES","og_type":"article","og_title":"Enfermedad por el Virus de Zika","og_description":"Recursos Externos Socios","og_url":"https:\/\/mothertobaby.org\/es\/exposiciones-durante-el-embarazo-y-la-lactancia\/enfermedad-por-el-virus-de-zika\/","og_site_name":"MotherToBaby","article_modified_time":"2023-09-27T20:00:02+00:00","og_image":[{"width":1600,"height":900,"url":"https:\/\/mothertobaby.org\/wp-content\/uploads\/2020\/09\/MotherToBaby-Zika-Exposures-Header-1600x900-09.20.jpg","type":"image\/jpeg"}],"twitter_card":"summary_large_image","twitter_misc":{"Tiempo de lectura":"3 minutos"},"schema":{"@context":"https:\/\/schema.org","@graph":[{"@type":"WebPage","@id":"https:\/\/mothertobaby.org\/es\/exposiciones-durante-el-embarazo-y-la-lactancia\/enfermedad-por-el-virus-de-zika\/","url":"https:\/\/mothertobaby.org\/es\/exposiciones-durante-el-embarazo-y-la-lactancia\/enfermedad-por-el-virus-de-zika\/","name":"Enfermedad por el Virus de Zika - MotherToBaby","isPartOf":{"@id":"https:\/\/mothertobaby.org\/es\/#website"},"datePublished":"2022-11-29T18:36:57+00:00","dateModified":"2023-09-27T20:00:02+00:00","breadcrumb":{"@id":"https:\/\/mothertobaby.org\/es\/exposiciones-durante-el-embarazo-y-la-lactancia\/enfermedad-por-el-virus-de-zika\/#breadcrumb"},"inLanguage":"es","potentialAction":[{"@type":"ReadAction","target":["https:\/\/mothertobaby.org\/es\/exposiciones-durante-el-embarazo-y-la-lactancia\/enfermedad-por-el-virus-de-zika\/"]}]},{"@type":"BreadcrumbList","@id":"https:\/\/mothertobaby.org\/es\/exposiciones-durante-el-embarazo-y-la-lactancia\/enfermedad-por-el-virus-de-zika\/#breadcrumb","itemListElement":[{"@type":"ListItem","position":1,"name":"Home","item":"https:\/\/mothertobaby.org\/es\/"},{"@type":"ListItem","position":2,"name":"Exposiciones Durante el Embarazo y la Lactancia","item":"https:\/\/mothertobaby.org\/es\/exposiciones-durante-el-embarazo-y-la-lactancia\/"},{"@type":"ListItem","position":3,"name":"Enfermedad por el Virus de Zika"}]},{"@type":"WebSite","@id":"https:\/\/mothertobaby.org\/es\/#website","url":"https:\/\/mothertobaby.org\/es\/","name":"MotherToBaby","description":"Medications and More during pregnancy and breastfeeding","publisher":{"@id":"https:\/\/mothertobaby.org\/es\/#organization"},"potentialAction":[{"@type":"SearchAction","target":{"@type":"EntryPoint","urlTemplate":"https:\/\/mothertobaby.org\/es\/?s={search_term_string}"},"query-input":"required name=search_term_string"}],"inLanguage":"es"},{"@type":"Organization","@id":"https:\/\/mothertobaby.org\/es\/#organization","name":"MotherToBaby","url":"https:\/\/mothertobaby.org\/es\/","logo":{"@type":"ImageObject","inLanguage":"es","@id":"https:\/\/mothertobaby.org\/es\/#\/schema\/logo\/image\/","url":"https:\/\/mothertobaby.org\/wp-content\/uploads\/2023\/06\/MTB-horz-copyright-sm-1.png","contentUrl":"https:\/\/mothertobaby.org\/wp-content\/uploads\/2023\/06\/MTB-horz-copyright-sm-1.png","width":284,"height":52,"caption":"MotherToBaby"},"image":{"@id":"https:\/\/mothertobaby.org\/es\/#\/schema\/logo\/image\/"}}]}},"featured_image_src":"https:\/\/mothertobaby.org\/wp-content\/uploads\/2020\/09\/MotherToBaby-Zika-Exposures-Header-1600x900-09.20.jpg","featured_image_src_square":"https:\/\/mothertobaby.org\/wp-content\/uploads\/2020\/09\/MotherToBaby-Zika-Exposures-Header-1600x900-09.20.jpg","_links":{"self":[{"href":"https:\/\/mothertobaby.org\/es\/wp-json\/wp\/v2\/pages\/7020","targetHints":{"allow":["GET"]}}],"collection":[{"href":"https:\/\/mothertobaby.org\/es\/wp-json\/wp\/v2\/pages"}],"about":[{"href":"https:\/\/mothertobaby.org\/es\/wp-json\/wp\/v2\/types\/page"}],"author":[{"embeddable":true,"href":"https:\/\/mothertobaby.org\/es\/wp-json\/wp\/v2\/users\/214"}],"replies":[{"embeddable":true,"href":"https:\/\/mothertobaby.org\/es\/wp-json\/wp\/v2\/comments?post=7020"}],"version-history":[{"count":0,"href":"https:\/\/mothertobaby.org\/es\/wp-json\/wp\/v2\/pages\/7020\/revisions"}],"up":[{"embeddable":true,"href":"https:\/\/mothertobaby.org\/es\/wp-json\/wp\/v2\/pages\/6524"}],"wp:featuredmedia":[{"embeddable":true,"href":"https:\/\/mothertobaby.org\/es\/wp-json\/wp\/v2\/media\/2875"}],"wp:attachment":[{"href":"https:\/\/mothertobaby.org\/es\/wp-json\/wp\/v2\/media?parent=7020"}],"wp:term":[{"taxonomy":"medical-specialty","embeddable":true,"href":"https:\/\/mothertobaby.org\/es\/wp-json\/wp\/v2\/medical-specialty?post=7020"},{"taxonomy":"related-content","embeddable":true,"href":"https:\/\/mothertobaby.org\/es\/wp-json\/wp\/v2\/related-content?post=7020"}],"curies":[{"name":"wp","href":"https:\/\/api.w.org\/{rel}","templated":true}]}}