{"id":7058,"date":"2022-12-07T14:53:11","date_gmt":"2022-12-07T22:53:11","guid":{"rendered":"https:\/\/mothertobaby.org\/?page_id=7058"},"modified":"2022-12-07T14:53:15","modified_gmt":"2022-12-07T22:53:15","slug":"obstetricia-y-ginecologia","status":"publish","type":"page","link":"https:\/\/mothertobaby.org\/es\/profesionales-de-salud\/obstetricia-y-ginecologia\/","title":{"rendered":"Obstetricia y Ginecolog\u00eda"},"content":{"rendered":"\n<h2 class=\"wp-block-heading\" id=\"h-le-ayudamos-a-usted-y-a-sus-pacientes-a-tomar-decisiones-informadas-sobre-la-atenci-n-a-la-maternidad\">Le Ayudamos a Usted y a sus Pacientes a Tomar Decisiones Informadas sobre la Atenci\u00f3n a la Maternidad<\/h2>\n\n\n\n<p>MotherToBaby apoya a los obstetras y los ginec\u00f3logos (OB\/GIN) mientras analizan las exposiciones ambientales en el tratamiento de pacientes preconcepcionales, embarazadas y lactantes. Entendemos los desaf\u00edos a los que se enfrenta cuando asesora a los pacientes sobre los riesgos de exposici\u00f3n y cuando decide cursos de tratamiento durante el embarazo o la lactancia. Nuestros recursos le ayudan a sopesar los riesgos y beneficios de una exposici\u00f3n tanto para su paciente embarazada como para su beb\u00e9, permiti\u00e9ndole educar a su paciente sobre la mejor manera de minimizar el riesgo materno y fetal\/infantil.<\/p>\n\n\n\n<p>Nos especializamos en la evaluaci\u00f3n de los riesgos teratog\u00e9nicos asociados a las exposiciones maternas, dom\u00e9sticas y ambientales, que incluyen, entre otros, medicamentos, vacunas, sustancias de uso, condiciones de salud e infecciones maternas, exposiciones en el lugar de trabajo y mucho m\u00e1s. Brindamos informaci\u00f3n sin costo y basada en evidencia de una manera amigable para el paciente que los ayudar\u00e1 a usted y a su paciente a tomar decisiones informadas para la salud tanto de la persona que est\u00e1 embarazada como de su beb\u00e9.<\/p>\n\n\n\n<p>Tambi\u00e9n estamos dedicados a promover la informaci\u00f3n y la comprensi\u00f3n de la seguridad de los medicamentos durante el embarazo a trav\u00e9s de nuestros estudios observacionales de embarazo MotherToBaby. Estamos orgullosos de liderar m\u00e1s de la mitad de todos los registros de embarazo exigidos por la Administraci\u00f3n de Alimentos y Medicamentos (FDA) realizados en los EE. UU. Los Estudios de Embarazo de MotherToBaby son estudios de cohorte rigurosamente dise\u00f1ados con el objetivo de proporcionar informaci\u00f3n sobre la seguridad de los productos que se necesita de forma cr\u00edtica, y las referencias de sus pacientes marcan la diferencia. Con su recomendaci\u00f3n, nos est\u00e1 ayudando a generar datos que permitir\u00e1n mejorar la informaci\u00f3n sobre la seguridad de los productos en el embarazo, proporcion\u00e1ndole a usted y a sus pacientes las pruebas que necesitan para tomar decisiones de tratamiento m\u00e1s informadas.<\/p>\n\n\n\n<blockquote class=\"wp-block-quote is-layout-flow wp-block-quote-is-layout-flow\"><p>En una encuesta nacional en l\u00ednea de los miembros de ACOG, Stotland et al. encontr\u00f3 que el 78% de los obstetras estuvieron de acuerdo en que pueden reducir la exposici\u00f3n de los pacientes a los peligros ambientales para la salud asesorando a los pacientes, pero las barreras para el asesoramiento incluyeron la falta de conocimiento y la incertidumbre sobre la evidencia.<\/p><cite>&#8212; <a href=\"https:\/\/journals.plos.org\/plosone\/article?id=10.1371\/journal.pone.0098771\" target=\"_blank\" rel=\"noreferrer noopener\">Stotland et al., 2014<\/a><\/cite><\/blockquote>\n\n\n\n<p>Descubra c\u00f3mo podemos ayudarle a usted y a sus pacientes embarazadas y en periodo de lactancia proporcion\u00e1ndoles evaluaciones de riesgo de exposici\u00f3n sin costo alguno, materiales educativos para pacientes, estudios observacionales para monitorear los resultados del embarazo y m\u00e1s.<\/p>\n\n\n\n<div class=\"wp-block-genesis-blocks-gb-columns gb-layout-columns-1 one-column has-purple-plus-3-background-color\" style=\"margin-top:30px;margin-bottom:30px;padding-top:30px;padding-right:25px;padding-bottom:30px;padding-left:25px\"><div class=\"gb-layout-column-wrap gb-block-layout-column-gap-2 gb-is-responsive-column\">\n<div class=\"wp-block-genesis-blocks-gb-column gb-block-layout-column\"><div class=\"gb-block-layout-column-inner\">\n<h3 class=\"wp-block-heading\" id=\"h-hojas-informativas\">Hojas Informativas<\/h3>\n\n\n\n<p><a href=\"https:\/\/mothertobaby.org\/es\/hojas-informativas\/\" data-type=\"page\" data-id=\"3615\">Explorar<\/a> nuestras hojas informativas son materiales educativos para pacientes f\u00e1ciles de leer y disponibles en ingl\u00e9s y espa\u00f1ol.<\/p>\n\n\n\n<h3 class=\"wp-block-heading\" id=\"h-estudios-de-embarazo\">Estudios de Embarazo<\/h3>\n\n\n\n<p><a href=\"https:\/\/mothertobaby.org\/es\/profesionales-de-salud-2\/\">Descubra<\/a> nuestros estudios observacionales sobre una variedad de medicamentos y condiciones de salud materna, y aprenda c\u00f3mo referir a sus pacientes.<\/p>\n\n\n\n<h3 class=\"wp-block-heading\" id=\"h-informaci-n-sobre-exposiciones\">Informaci\u00f3n sobre Exposiciones<\/h3>\n\n\n\n<p><a href=\"https:\/\/mothertobaby.org\/es\/contactar\/\">Cont\u00e1ctenos<\/a> para obtener informaci\u00f3n sin costo y basada en evidencia sobre exposiciones durante el embarazo o la lactancia por tel\u00e9fono, mensaje de texto, correo electr\u00f3nico, y chat.<\/p>\n\n\n\n<h3 class=\"wp-block-heading\" id=\"h-pedir-materiales\">Pedir Materiales<\/h3>\n\n\n\n<p><a href=\"https:\/\/mothertobaby.org\/es\/ordena-materiales\/\">Pedir<\/a> materiales educativos gratuitos para pacientes y recursos para proveedores sobre nuestro servicio de informaci\u00f3n y estudios de embarazo.<\/p>\n\n\n\n<h3 class=\"wp-block-heading\" id=\"h-colaboradores\">Colaboradores<\/h3>\n\n\n\n<p><a href=\"https:\/\/mothertobaby.org\/es\/nuestros-colaboradores\/\">Conozca<\/a> nuestras asociaciones con organizaciones que comparten nuestro inter\u00e9s en promover la salud de las familias.<\/p>\n<\/div><\/div>\n<\/div><\/div>\n\n\n\n<div style=\"height:100px\" aria-hidden=\"true\" class=\"wp-block-spacer\"><\/div>\n\n\n\n<div style=\"background-color:#f9f9ff;padding-left:8%;padding-right:8%\" class=\"wp-block-genesis-blocks-gb-container alignfull mtb-hp-block mtb-3-col-cta-row gb-block-container\"><div class=\"gb-container-inside\"><div class=\"gb-container-content\" style=\"max-width:1120px\">\n<div class=\"wp-block-genesis-blocks-gb-columns light-text mtb-3-col-cta no-link-underline gb-layout-columns-3 gb-3-col-equal\"><div class=\"gb-layout-column-wrap gb-block-layout-column-gap-3 gb-is-responsive-column\">\n<div class=\"wp-block-genesis-blocks-gb-column mtb-cta-radius gb-block-layout-column\"><div class=\"gb-block-layout-column-inner gb-has-custom-background-color\" style=\"background-color:#522e83\">\n<h3 class=\"wp-block-heading has-text-align-left\" id=\"h-preguntas-frecuentes\">Preguntas Frecuentes<\/h3>\n\n\n\n<p class=\"has-text-align-left\">Obtenga respuestas a las preguntas m\u00e1s frecuentes sobre nuestro servicio de informaci\u00f3n y estudios de embarazo.<\/p>\n\n\n\n<div class=\"wp-block-buttons is-layout-flex wp-block-buttons-is-layout-flex\">\n<div class=\"wp-block-button has-custom-font-size mtb-std-block-btn gb-block-button\" style=\"font-size:20px;line-height:1.2\"><a class=\"wp-block-button__link has-text-color has-background wp-element-button\" href=\"\/healthcare-professionals-faqs\/\" style=\"border-radius:5px;color:#ffffff;background-color:#3373dc;padding-top:10px;padding-right:1em;padding-bottom:10px;padding-left:1em\">Leer<\/a><\/div>\n<\/div>\n<\/div><\/div>\n\n\n\n<div class=\"wp-block-genesis-blocks-gb-column mtb-cta-radius gb-block-layout-column\"><div class=\"gb-block-layout-column-inner gb-has-custom-background-color\" style=\"background-color:#522e83\">\n<h3 class=\"wp-block-heading has-text-align-left\" id=\"h-mant-ngase-en-contacto\">Mant\u00e9ngase en contacto<\/h3>\n\n\n\n<p class=\"has-text-align-left\">Nuestro bolet\u00edn electr\u00f3nico le brinda la informaci\u00f3n, las noticias, y los recursos m\u00e1s recientes de los expertos de MotherToBaby.<\/p>\n\n\n\n<div class=\"wp-block-buttons is-layout-flex wp-block-buttons-is-layout-flex\">\n<div class=\"wp-block-button has-custom-font-size mtb-std-block-btn gb-block-button\" style=\"font-size:20px;line-height:1.2\"><a class=\"wp-block-button__link has-text-color has-background wp-element-button\" href=\"\/enews-sign-up-form\/\" style=\"border-radius:5px;color:#ffffff;background-color:#3373dc;padding-top:10px;padding-right:1em;padding-bottom:10px;padding-left:1em\">Inscribirse<\/a><\/div>\n<\/div>\n<\/div><\/div>\n\n\n\n<div class=\"wp-block-genesis-blocks-gb-column mtb-cta-radius gb-block-layout-column\"><div class=\"gb-block-layout-column-inner gb-has-custom-background-color\" style=\"background-color:#26a68b\">\n<h3 class=\"wp-block-heading has-text-align-left\" id=\"h-remitir-paciente\">Remitir Paciente<\/h3>\n\n\n\n<p class=\"has-text-align-left\">\u00bfNecesita darle a su paciente una evaluaci\u00f3n personalizada sobre un riesgo de exposici\u00f3n o conectarlo con nuestros estudios de embarazo?<\/p>\n\n\n\n<div class=\"wp-block-buttons is-layout-flex wp-block-buttons-is-layout-flex\">\n<div class=\"wp-block-button has-custom-font-size mtb-std-block-btn gb-block-button\" style=\"font-size:20px;line-height:1.2\"><a class=\"wp-block-button__link has-text-color has-background wp-element-button\" href=\"\/refer-patient-form\/\" style=\"border-radius:5px;color:#ffffff;background-color:#3373dc;padding-top:10px;padding-right:1em;padding-bottom:10px;padding-left:1em\">Remitir<\/a><\/div>\n<\/div>\n<\/div><\/div>\n<\/div><\/div>\n<\/div><\/div><\/div>\n","protected":false},"excerpt":{"rendered":"<p>Le Ayudamos a Usted y a sus Pacientes a Tomar Decisiones Informadas sobre la Atenci\u00f3n a la Maternidad MotherToBaby apoya a los obstetras y los ginec\u00f3logos (OB\/GIN) mientras analizan las exposiciones ambientales en el tratamiento de pacientes preconcepcionales, embarazadas y lactantes. Entendemos los desaf\u00edos a los que se enfrenta cuando asesora a los pacientes sobre [&hellip;]<\/p>\n","protected":false},"author":214,"featured_media":3015,"parent":6741,"menu_order":0,"comment_status":"closed","ping_status":"closed","template":"page-templates\/inner-page.php","meta":{"_searchwp_excluded":"","_genesis_hide_title":false,"_genesis_hide_breadcrumbs":false,"_genesis_hide_singular_image":false,"_genesis_hide_footer_widgets":false,"_genesis_custom_body_class":"","_genesis_custom_post_class":"","_genesis_layout":"full-width-content","footnotes":""},"medical-specialty":[],"related-content":[],"class_list":{"0":"post-7058","1":"page","2":"type-page","3":"status-publish","4":"has-post-thumbnail","6":"entry"},"yoast_head":"<!-- This site is optimized with the Yoast SEO Premium plugin v20.13 (Yoast SEO v20.13) - https:\/\/yoast.com\/wordpress\/plugins\/seo\/ -->\n<title>Obstetricia y Ginecolog\u00eda - MotherToBaby<\/title>\n<meta name=\"robots\" content=\"index, follow, max-snippet:-1, max-image-preview:large, max-video-preview:-1\" \/>\n<link rel=\"canonical\" href=\"https:\/\/mothertobaby.org\/es\/profesionales-de-salud\/obstetricia-y-ginecologia\/\" \/>\n<meta property=\"og:locale\" content=\"es_ES\" \/>\n<meta property=\"og:type\" content=\"article\" \/>\n<meta property=\"og:title\" content=\"Obstetricia y Ginecolog\u00eda\" \/>\n<meta property=\"og:description\" content=\"Le Ayudamos a Usted y a sus Pacientes a Tomar Decisiones Informadas sobre la Atenci\u00f3n a la Maternidad MotherToBaby apoya a los obstetras y los ginec\u00f3logos (OB\/GIN) mientras analizan las exposiciones ambientales en el tratamiento de pacientes preconcepcionales, embarazadas y lactantes. Entendemos los desaf\u00edos a los que se enfrenta cuando asesora a los pacientes sobre [&hellip;]\" \/>\n<meta property=\"og:url\" content=\"https:\/\/mothertobaby.org\/es\/profesionales-de-salud\/obstetricia-y-ginecologia\/\" \/>\n<meta property=\"og:site_name\" content=\"MotherToBaby\" \/>\n<meta property=\"article:modified_time\" content=\"2022-12-07T22:53:15+00:00\" \/>\n<meta property=\"og:image\" content=\"https:\/\/mothertobaby.org\/wp-content\/uploads\/2020\/09\/MotherToBaby-Obstetrics-Gynecology-Healthcare-Professionals-1600x900-09.20.jpg\" \/>\n\t<meta property=\"og:image:width\" content=\"1600\" \/>\n\t<meta property=\"og:image:height\" content=\"900\" \/>\n\t<meta property=\"og:image:type\" content=\"image\/jpeg\" \/>\n<meta name=\"twitter:card\" content=\"summary_large_image\" \/>\n<meta name=\"twitter:label1\" content=\"Tiempo de lectura\" \/>\n\t<meta name=\"twitter:data1\" content=\"2 minutos\" \/>\n<script type=\"application\/ld+json\" class=\"yoast-schema-graph\">{\"@context\":\"https:\/\/schema.org\",\"@graph\":[{\"@type\":\"WebPage\",\"@id\":\"https:\/\/mothertobaby.org\/es\/profesionales-de-salud\/obstetricia-y-ginecologia\/\",\"url\":\"https:\/\/mothertobaby.org\/es\/profesionales-de-salud\/obstetricia-y-ginecologia\/\",\"name\":\"Obstetricia y Ginecolog\u00eda - MotherToBaby\",\"isPartOf\":{\"@id\":\"https:\/\/mothertobaby.org\/es\/#website\"},\"datePublished\":\"2022-12-07T22:53:11+00:00\",\"dateModified\":\"2022-12-07T22:53:15+00:00\",\"breadcrumb\":{\"@id\":\"https:\/\/mothertobaby.org\/es\/profesionales-de-salud\/obstetricia-y-ginecologia\/#breadcrumb\"},\"inLanguage\":\"es\",\"potentialAction\":[{\"@type\":\"ReadAction\",\"target\":[\"https:\/\/mothertobaby.org\/es\/profesionales-de-salud\/obstetricia-y-ginecologia\/\"]}]},{\"@type\":\"BreadcrumbList\",\"@id\":\"https:\/\/mothertobaby.org\/es\/profesionales-de-salud\/obstetricia-y-ginecologia\/#breadcrumb\",\"itemListElement\":[{\"@type\":\"ListItem\",\"position\":1,\"name\":\"Home\",\"item\":\"https:\/\/mothertobaby.org\/es\/\"},{\"@type\":\"ListItem\",\"position\":2,\"name\":\"Profesionales de Salud\",\"item\":\"https:\/\/mothertobaby.org\/es\/profesionales-de-salud\/\"},{\"@type\":\"ListItem\",\"position\":3,\"name\":\"Obstetricia y Ginecolog\u00eda\"}]},{\"@type\":\"WebSite\",\"@id\":\"https:\/\/mothertobaby.org\/es\/#website\",\"url\":\"https:\/\/mothertobaby.org\/es\/\",\"name\":\"MotherToBaby\",\"description\":\"Medications and More during pregnancy and breastfeeding\",\"publisher\":{\"@id\":\"https:\/\/mothertobaby.org\/es\/#organization\"},\"potentialAction\":[{\"@type\":\"SearchAction\",\"target\":{\"@type\":\"EntryPoint\",\"urlTemplate\":\"https:\/\/mothertobaby.org\/es\/?s={search_term_string}\"},\"query-input\":\"required name=search_term_string\"}],\"inLanguage\":\"es\"},{\"@type\":\"Organization\",\"@id\":\"https:\/\/mothertobaby.org\/es\/#organization\",\"name\":\"MotherToBaby\",\"url\":\"https:\/\/mothertobaby.org\/es\/\",\"logo\":{\"@type\":\"ImageObject\",\"inLanguage\":\"es\",\"@id\":\"https:\/\/mothertobaby.org\/es\/#\/schema\/logo\/image\/\",\"url\":\"https:\/\/mothertobaby.org\/wp-content\/uploads\/2023\/06\/MTB-horz-copyright-sm-1.png\",\"contentUrl\":\"https:\/\/mothertobaby.org\/wp-content\/uploads\/2023\/06\/MTB-horz-copyright-sm-1.png\",\"width\":284,\"height\":52,\"caption\":\"MotherToBaby\"},\"image\":{\"@id\":\"https:\/\/mothertobaby.org\/es\/#\/schema\/logo\/image\/\"}}]}<\/script>\n<!-- \/ Yoast SEO Premium plugin. -->","yoast_head_json":{"title":"Obstetricia y Ginecolog\u00eda - MotherToBaby","robots":{"index":"index","follow":"follow","max-snippet":"max-snippet:-1","max-image-preview":"max-image-preview:large","max-video-preview":"max-video-preview:-1"},"canonical":"https:\/\/mothertobaby.org\/es\/profesionales-de-salud\/obstetricia-y-ginecologia\/","og_locale":"es_ES","og_type":"article","og_title":"Obstetricia y Ginecolog\u00eda","og_description":"Le Ayudamos a Usted y a sus Pacientes a Tomar Decisiones Informadas sobre la Atenci\u00f3n a la Maternidad MotherToBaby apoya a los obstetras y los ginec\u00f3logos (OB\/GIN) mientras analizan las exposiciones ambientales en el tratamiento de pacientes preconcepcionales, embarazadas y lactantes. Entendemos los desaf\u00edos a los que se enfrenta cuando asesora a los pacientes sobre [&hellip;]","og_url":"https:\/\/mothertobaby.org\/es\/profesionales-de-salud\/obstetricia-y-ginecologia\/","og_site_name":"MotherToBaby","article_modified_time":"2022-12-07T22:53:15+00:00","og_image":[{"width":1600,"height":900,"url":"https:\/\/mothertobaby.org\/wp-content\/uploads\/2020\/09\/MotherToBaby-Obstetrics-Gynecology-Healthcare-Professionals-1600x900-09.20.jpg","type":"image\/jpeg"}],"twitter_card":"summary_large_image","twitter_misc":{"Tiempo de lectura":"2 minutos"},"schema":{"@context":"https:\/\/schema.org","@graph":[{"@type":"WebPage","@id":"https:\/\/mothertobaby.org\/es\/profesionales-de-salud\/obstetricia-y-ginecologia\/","url":"https:\/\/mothertobaby.org\/es\/profesionales-de-salud\/obstetricia-y-ginecologia\/","name":"Obstetricia y Ginecolog\u00eda - MotherToBaby","isPartOf":{"@id":"https:\/\/mothertobaby.org\/es\/#website"},"datePublished":"2022-12-07T22:53:11+00:00","dateModified":"2022-12-07T22:53:15+00:00","breadcrumb":{"@id":"https:\/\/mothertobaby.org\/es\/profesionales-de-salud\/obstetricia-y-ginecologia\/#breadcrumb"},"inLanguage":"es","potentialAction":[{"@type":"ReadAction","target":["https:\/\/mothertobaby.org\/es\/profesionales-de-salud\/obstetricia-y-ginecologia\/"]}]},{"@type":"BreadcrumbList","@id":"https:\/\/mothertobaby.org\/es\/profesionales-de-salud\/obstetricia-y-ginecologia\/#breadcrumb","itemListElement":[{"@type":"ListItem","position":1,"name":"Home","item":"https:\/\/mothertobaby.org\/es\/"},{"@type":"ListItem","position":2,"name":"Profesionales de Salud","item":"https:\/\/mothertobaby.org\/es\/profesionales-de-salud\/"},{"@type":"ListItem","position":3,"name":"Obstetricia y Ginecolog\u00eda"}]},{"@type":"WebSite","@id":"https:\/\/mothertobaby.org\/es\/#website","url":"https:\/\/mothertobaby.org\/es\/","name":"MotherToBaby","description":"Medications and More during pregnancy and breastfeeding","publisher":{"@id":"https:\/\/mothertobaby.org\/es\/#organization"},"potentialAction":[{"@type":"SearchAction","target":{"@type":"EntryPoint","urlTemplate":"https:\/\/mothertobaby.org\/es\/?s={search_term_string}"},"query-input":"required name=search_term_string"}],"inLanguage":"es"},{"@type":"Organization","@id":"https:\/\/mothertobaby.org\/es\/#organization","name":"MotherToBaby","url":"https:\/\/mothertobaby.org\/es\/","logo":{"@type":"ImageObject","inLanguage":"es","@id":"https:\/\/mothertobaby.org\/es\/#\/schema\/logo\/image\/","url":"https:\/\/mothertobaby.org\/wp-content\/uploads\/2023\/06\/MTB-horz-copyright-sm-1.png","contentUrl":"https:\/\/mothertobaby.org\/wp-content\/uploads\/2023\/06\/MTB-horz-copyright-sm-1.png","width":284,"height":52,"caption":"MotherToBaby"},"image":{"@id":"https:\/\/mothertobaby.org\/es\/#\/schema\/logo\/image\/"}}]}},"featured_image_src":"https:\/\/mothertobaby.org\/wp-content\/uploads\/2020\/09\/MotherToBaby-Obstetrics-Gynecology-Healthcare-Professionals-1600x900-09.20.jpg","featured_image_src_square":"https:\/\/mothertobaby.org\/wp-content\/uploads\/2020\/09\/MotherToBaby-Obstetrics-Gynecology-Healthcare-Professionals-1600x900-09.20.jpg","_links":{"self":[{"href":"https:\/\/mothertobaby.org\/es\/wp-json\/wp\/v2\/pages\/7058","targetHints":{"allow":["GET"]}}],"collection":[{"href":"https:\/\/mothertobaby.org\/es\/wp-json\/wp\/v2\/pages"}],"about":[{"href":"https:\/\/mothertobaby.org\/es\/wp-json\/wp\/v2\/types\/page"}],"author":[{"embeddable":true,"href":"https:\/\/mothertobaby.org\/es\/wp-json\/wp\/v2\/users\/214"}],"replies":[{"embeddable":true,"href":"https:\/\/mothertobaby.org\/es\/wp-json\/wp\/v2\/comments?post=7058"}],"version-history":[{"count":0,"href":"https:\/\/mothertobaby.org\/es\/wp-json\/wp\/v2\/pages\/7058\/revisions"}],"up":[{"embeddable":true,"href":"https:\/\/mothertobaby.org\/es\/wp-json\/wp\/v2\/pages\/6741"}],"wp:featuredmedia":[{"embeddable":true,"href":"https:\/\/mothertobaby.org\/es\/wp-json\/wp\/v2\/media\/3015"}],"wp:attachment":[{"href":"https:\/\/mothertobaby.org\/es\/wp-json\/wp\/v2\/media?parent=7058"}],"wp:term":[{"taxonomy":"medical-specialty","embeddable":true,"href":"https:\/\/mothertobaby.org\/es\/wp-json\/wp\/v2\/medical-specialty?post=7058"},{"taxonomy":"related-content","embeddable":true,"href":"https:\/\/mothertobaby.org\/es\/wp-json\/wp\/v2\/related-content?post=7058"}],"curies":[{"name":"wp","href":"https:\/\/api.w.org\/{rel}","templated":true}]}}