{"id":7061,"date":"2022-12-07T15:05:52","date_gmt":"2022-12-07T23:05:52","guid":{"rendered":"https:\/\/mothertobaby.org\/?page_id=7061"},"modified":"2023-10-02T09:46:49","modified_gmt":"2023-10-02T16:46:49","slug":"reumatologia","status":"publish","type":"page","link":"https:\/\/mothertobaby.org\/es\/profesionales-de-salud\/reumatologia\/","title":{"rendered":"Reumatolog\u00eda"},"content":{"rendered":"\n<h2 class=\"wp-block-heading\" id=\"h-control-de-las-condiciones-reumaticas-durante-el-embarazo-y-la-lactancia\">Control de las Condiciones Reum\u00e1ticas Durante el Embarazo y la Lactancia<\/h2>\n\n\n\n<p>MotherToBaby apoya a los reumat\u00f3logos en el manejo de enfermedades reumatoides durante el embarazo y la lactancia. Entendemos los desaf\u00edos que enfrenta al decidir los cursos de tratamiento cuando su paciente est\u00e1 embarazada o en periodo de lactancia. La atenci\u00f3n de las personas embarazadas y lactantes con afecciones graves como artritis reumatoide (RA), espondiloartritis o lupus se complica a\u00fan m\u00e1s por los cambios fisiol\u00f3gicos del embarazo que pueden alterar los s\u00edntomas, la gravedad o las necesidades de tratamiento. Nuestros recursos le ayudar\u00e1n a sopesar los riesgos y beneficios tanto para su paciente embarazada como para su beb\u00e9 a la hora de determinar un plan de tratamiento que maximice el control de la enfermedad y minimice el riesgo materno y fetal\/infantil.&nbsp;<\/p>\n\n\n\n<p>Tambi\u00e9n estamos dedicados a promover la informaci\u00f3n y la comprensi\u00f3n de la seguridad de los medicamentos durante el embarazo a trav\u00e9s de nuestros estudios observacionales de embarazo MotherToBaby. Estamos orgullosos de liderar m\u00e1s de la mitad de todos los registros de embarazo exigidos por la Administraci\u00f3n de Alimentos y Medicamentos (FDA) realizados en los EE. UU., que incluyen estudios sobre tratamientos para la artritis reumatoide, la artritis idiop\u00e1tica juvenil, la artritis psori\u00e1sica y la espondilitis anquilosante. Los Estudios de Embarazo de MotherToBaby son estudios de cohorte rigurosamente dise\u00f1ados con el objetivo de proporcionar informaci\u00f3n sobre la seguridad de los productos que se necesita de forma cr\u00edtica, y las referencias de sus pacientes marcan la diferencia. Con su recomendaci\u00f3n, nos est\u00e1 ayudando a generar datos que permitir\u00e1n mejorar la informaci\u00f3n sobre la seguridad de los productos en el embarazo, proporcion\u00e1ndole a usted y a sus pacientes las pruebas que necesitan para tomar decisiones de tratamiento m\u00e1s informadas.<\/p>\n\n\n\n<blockquote class=\"wp-block-quote is-layout-flow wp-block-quote-is-layout-flow\">\n<p>A medida que mejora el tratamiento de las enfermedades reum\u00e1ticas, m\u00e1s [personas] con estas enfermedades est\u00e1n dispuestas y son capaces de formar una familia. Esto agrega complejidad a nuestro tratamiento de [personas] j\u00f3venes con lupus, artritis reumatoide y otras enfermedades. Ahora debemos abordar los riesgos de la contracepci\u00f3n, la planificaci\u00f3n del embarazo y la medicaci\u00f3n de manera temprana con nuestros pacientes para optimizar el \u00e9xito del embarazo.<\/p>\n<cite>&#8212; <a href=\"https:\/\/www.ncbi.nlm.nih.gov\/pmc\/articles\/PMC3724464\/\" target=\"_blank\" rel=\"noreferrer noopener\">Mitchell et al., 2010<\/a><\/cite><\/blockquote>\n\n\n\n<p>Descubra c\u00f3mo podemos ayudarle a usted y a sus pacientes embarazadas y en periodo de lactancia proporcion\u00e1ndoles evaluaciones de riesgo de exposici\u00f3n sin costo alguno, materiales educativos para pacientes, estudios observacionales para monitorear los resultados del embarazo y m\u00e1s.<\/p>\n\n\n<div class=\"mtb-rel-cont-list mtb-rel-cont-block\" style=\"background-color: #F0ebf8;\"><h3>Estudios Relacionados<\/h3><ul><li><a href='https:\/\/mothertobaby.org\/es\/ongoing-study\/artritis-psoriasica\/'>Artritis Psori\u00e1sica<\/a><\/li><li><a href='https:\/\/mothertobaby.org\/es\/ongoing-study\/artritis-reumatoide\/'>Artritis Reumatoide<\/a><\/li><li><a href='https:\/\/mothertobaby.org\/es\/ongoing-study\/benlysta-belimumab\/'>Benlysta\u00ae (belimumab)<\/a><\/li><li><a href='https:\/\/mothertobaby.org\/es\/ongoing-study\/coronavirus-covid-19\/'>Coronavirus (COVID-19)<\/a><\/li><li><a href='https:\/\/mothertobaby.org\/es\/ongoing-study\/espondilitis-anquilosante\/'>Espondilitis Anquilosante<\/a><\/li><li><a href='https:\/\/mothertobaby.org\/es\/ongoing-study\/lupus\/'>Lupus<\/a><\/li><li><a href='https:\/\/mothertobaby.org\/es\/ongoing-study\/tremfya-guselkumab\/'>Tremfya\u00ae (guselkumab)<\/a><\/li><li><a href='https:\/\/mothertobaby.org\/es\/ongoing-study\/vacunas-contra-el-covid-19\/'>Vacunas contra el COVID-19<\/a><\/li><\/ul><\/div>\n\n\n<div class=\"mtb-rel-cont-list mtb-rel-cont-block\" style=\"background-color: #f9f9ff;\"><h3>Hojas Informativas Relacionadas<\/h3><ul><li><a href='https:\/\/mothertobaby.org\/es\/hojas-informativas\/abatacept-orencia\/'>Abatacept (Orencia\u00ae)<\/a><\/li><li><a href='https:\/\/mothertobaby.org\/es\/hojas-informativas\/adalimumab-humira\/'>Adalimumab (Humira\u00ae)<\/a><\/li><li><a href='https:\/\/mothertobaby.org\/es\/hojas-informativas\/apremilast\/'>Apremilast (Otezla\u00ae)<\/a><\/li><li><a href='https:\/\/mothertobaby.org\/es\/hojas-informativas\/artritis-reumatoide\/'>Artritis reumatoide<\/a><\/li><li><a href='https:\/\/mothertobaby.org\/es\/hojas-informativas\/azatioprina-6mp\/'>Azatioprina | 6-mercaptopurina<\/a><\/li><li><a href='https:\/\/mothertobaby.org\/es\/hojas-informativas\/belimumab-benlysta\/'>Belimumab (Benlysta\u00ae)<\/a><\/li><li><a href='https:\/\/mothertobaby.org\/es\/hojas-informativas\/bimekizumab-bimzelx\/'>Bimekizumab (Bimzelx\u00ae)<\/a><\/li><li><a href='https:\/\/mothertobaby.org\/es\/hojas-informativas\/certolizumab-pegol-cimzia\/'>Certolizumab Pegol (Cimzia\u00ae)<\/a><\/li><li><a href='https:\/\/mothertobaby.org\/es\/hojas-informativas\/los-corticosteroides-topicos-el-embarazo\/'>Corticoides t\u00f3picos<\/a><\/li><li><a href='https:\/\/mothertobaby.org\/es\/hojas-informativas\/deucravacitinib-sotyktu\/'>Deucravacitinib (Sotyktu\u00ae)<\/a><\/li><li><a href='https:\/\/mothertobaby.org\/es\/hojas-informativas\/espondilitis-anquilosante\/'>Espondilitis anquilosante<\/a><\/li><li><a href='https:\/\/mothertobaby.org\/es\/hojas-informativas\/etanercept-enbrel\/'>Etanercept (Enbrel\u00ae)<\/a><\/li><li><a href='https:\/\/mothertobaby.org\/es\/hojas-informativas\/exposiciones-paternas\/'>Exposici\u00f3n paterna<\/a><\/li><li><a href='https:\/\/mothertobaby.org\/es\/hojas-informativas\/la-hidroxicloroquina-el-embarazo\/'>Hidroxicloroquina (Plaquenil\u00ae)<\/a><\/li><li><a href='https:\/\/mothertobaby.org\/es\/hojas-informativas\/leflunomida\/'>Leflunomida (Arava\u00ae)<\/a><\/li><li><a href='https:\/\/mothertobaby.org\/es\/hojas-informativas\/lupus\/'>Lupus<\/a><\/li><li><a href='https:\/\/mothertobaby.org\/es\/hojas-informativas\/el-metotrexate\/'>Metotrexato<\/a><\/li><li><a href='https:\/\/mothertobaby.org\/es\/hojas-informativas\/la-prednisonaprednisolona\/'>Prednisona\/Prednisolona<\/a><\/li><li><a href='https:\/\/mothertobaby.org\/es\/hojas-informativas\/psoriasis-embarazo\/'>Psoriasis y artritis psori\u00e1sica<\/a><\/li><li><a href='https:\/\/mothertobaby.org\/es\/hojas-informativas\/sarilumab-kevzara\/'>Sarilumab (Kevzara\u00ae)<\/a><\/li><li><a href='https:\/\/mothertobaby.org\/es\/hojas-informativas\/sulfasalazina-azulfidine\/'>Sulfasalazina (Azulfidine\u00ae)<\/a><\/li><li><a href='https:\/\/mothertobaby.org\/es\/hojas-informativas\/tocilizumab-actemra\/'>Tocilizumab (Actemra\u00ae)<\/a><\/li><li><a href='https:\/\/mothertobaby.org\/es\/hojas-informativas\/tofacitinib-el-embarazo\/'>Tofacitinib (Xeljanz\u00ae, Xeljanz XR\u00ae)<\/a><\/li><li><a href='https:\/\/mothertobaby.org\/es\/hojas-informativas\/ustekinumab-embarazo\/'>Ustekinumab (Stelara\u00ae)<\/a><\/li><li><a href='https:\/\/mothertobaby.org\/es\/hojas-informativas\/aspirina-de-fuerza-regular\/'>\u200b\u200bAspirina de concentraci\u00f3n regular\u200b<\/a><\/li><\/ul><\/div>\n\n\n\n<div class=\"wp-block-genesis-blocks-gb-columns light-text mtb-two-col-bkg gb-layout-columns-2 gb-2-col-equal\"><div class=\"gb-layout-column-wrap gb-block-layout-column-gap-2 gb-is-responsive-column\">\n<div class=\"wp-block-genesis-blocks-gb-column gb-block-layout-column\"><div class=\"gb-block-layout-column-inner has-purple-1-background-color gb-has-background-dim gb-has-background-dim-30 gb-background-cover gb-background-no-repeat\" style=\"background-image:url(https:\/\/mothertobaby.org\/wp-content\/uploads\/2020\/09\/MotherToBaby-HCP-Exposure-Block-625x320-1.jpg)\">\n<h2 class=\"wp-block-heading has-text-align-left\" id=\"h-informaci-n-sobre-exposiciones\">Informaci\u00f3n Sobre Exposiciones<\/h2>\n\n\n\n<p class=\"has-text-align-left\">Brindamos informaci\u00f3n sin costo y basada en evidencia sobre exposiciones durante el embarazo o la lactancia por tel\u00e9fono, mensaje de texto, correo electr\u00f3nico y chat.<\/p>\n\n\n\n<div class=\"wp-block-buttons is-layout-flex wp-block-buttons-is-layout-flex\">\n<div class=\"wp-block-button has-custom-font-size mtb-std-block-btn gb-block-button\" style=\"font-size:20px;line-height:1.2\"><a class=\"wp-block-button__link has-text-color has-background wp-element-button\" href=\"\/es\/contactar\/\" style=\"border-radius:5px;color:#ffffff;background-color:#3373dc;padding-top:10px;padding-right:1em;padding-bottom:10px;padding-left:1em\">Contacto<\/a><\/div>\n<\/div>\n<\/div><\/div>\n\n\n\n<div class=\"wp-block-genesis-blocks-gb-column gb-block-layout-column\"><div class=\"gb-block-layout-column-inner has-purple-1-background-color gb-has-background-dim gb-has-background-dim-30 gb-background-cover gb-background-no-repeat\" style=\"background-image:url(https:\/\/mothertobaby.org\/wp-content\/uploads\/2020\/09\/MotherToBaby-HCP-Request-Materials-Block-625x320-1.jpg)\">\n<h2 class=\"wp-block-heading has-text-align-left\" id=\"h-solicitar-materiales\">Solicitar Materiales<\/h2>\n\n\n\n<p class=\"has-text-align-left\">Ofrecemos materiales gratuitos de educaci\u00f3n para pacientes y recursos para proveedores para nuestro servicio de informaci\u00f3n y estudios de embarazo.<\/p>\n\n\n\n<div class=\"wp-block-buttons is-layout-flex wp-block-buttons-is-layout-flex\">\n<div class=\"wp-block-button has-custom-font-size mtb-std-block-btn gb-block-button\" style=\"font-size:20px;line-height:1.2\"><a class=\"wp-block-button__link has-text-color has-background wp-element-button\" href=\"\/es\/ordena-materiales\/\" style=\"border-radius:5px;color:#ffffff;background-color:#3373dc;padding-top:10px;padding-right:1em;padding-bottom:10px;padding-left:1em\">SOLICITE<\/a><\/div>\n<\/div>\n<\/div><\/div>\n<\/div><\/div>\n\n\n\n<h3 class=\"wp-block-heading\" id=\"h-socios\">Socios<\/h3>\n\n\n\n<ul class=\"wp-block-list\">\n<li><a rel=\"noreferrer noopener\" href=\"http:\/\/arthritispatient.ca\/\" target=\"_blank\">Canadian Arthritis Patient Alliance<\/a><\/li>\n\n\n\n<li><a href=\"https:\/\/creakyjoints.org.es\/\" target=\"_blank\" rel=\"noreferrer noopener\">Creaky Joints<\/a><\/li>\n\n\n\n<li><a href=\"https:\/\/myhealthteam.com\/\" target=\"_blank\" rel=\"noreferrer noopener\">MyHealthTeams<\/a><\/li>\n\n\n\n<li><a rel=\"noreferrer noopener\" href=\"https:\/\/www.patienteducationgenius.com\/\" target=\"_blank\">Patient Education Genius<\/a><\/li>\n\n\n\n<li><a rel=\"noreferrer noopener\" href=\"https:\/\/www.patientslikeme.com\/\" target=\"_blank\">PatientsLikeMe<\/a><\/li>\n\n\n\n<li><a rel=\"noreferrer noopener\" href=\"https:\/\/www.smfm.org\/\" target=\"_blank\">Society for Maternal-Fetal Medicine<\/a><\/li>\n\n\n\n<li><a href=\"https:\/\/birthdefectsresearch.org\/\" target=\"_blank\" rel=\"noreferrer noopener\">Society for Birth Defects Research &amp; Prevention<\/a><\/li>\n\n\n\n<li><a rel=\"noreferrer noopener\" href=\"https:\/\/spondylitis.org\/\" target=\"_blank\">Spondylitis Association of America<\/a><\/li>\n\n\n\n<li><a rel=\"noreferrer noopener\" href=\"https:\/\/themighty.com\/\" target=\"_blank\">The Mighty<\/a><\/li>\n<\/ul>\n\n\n\n<div style=\"height:100px\" aria-hidden=\"true\" class=\"wp-block-spacer\"><\/div>\n\n\n\n<div style=\"background-color:#f9f9ff;padding-left:8%;padding-right:8%\" class=\"wp-block-genesis-blocks-gb-container alignfull mtb-hp-block mtb-3-col-cta-row gb-block-container\"><div class=\"gb-container-inside\"><div class=\"gb-container-content\" style=\"max-width:1120px\">\n<div class=\"wp-block-genesis-blocks-gb-columns light-text mtb-3-col-cta no-link-underline gb-layout-columns-3 gb-3-col-equal\"><div class=\"gb-layout-column-wrap gb-block-layout-column-gap-3 gb-is-responsive-column\">\n<div class=\"wp-block-genesis-blocks-gb-column mtb-cta-radius gb-block-layout-column\"><div class=\"gb-block-layout-column-inner gb-has-custom-background-color\" style=\"background-color:#522e83\">\n<h3 class=\"wp-block-heading has-text-align-left\" id=\"h-preguntas-frecuentes\">Preguntas Frecuentes<\/h3>\n\n\n\n<p class=\"has-text-align-left\">Obtenga respuestas a las preguntas m\u00e1s frecuentes sobre nuestro servicio de informaci\u00f3n y estudios de embarazo.<\/p>\n\n\n\n<div class=\"wp-block-buttons is-layout-flex wp-block-buttons-is-layout-flex\">\n<div class=\"wp-block-button has-custom-font-size mtb-std-block-btn gb-block-button\" style=\"font-size:20px;line-height:1.2\"><a class=\"wp-block-button__link has-text-color has-background wp-element-button\" href=\"\/healthcare-professionals-faqs\/\" style=\"border-radius:5px;color:#ffffff;background-color:#3373dc;padding-top:10px;padding-right:1em;padding-bottom:10px;padding-left:1em\">Leer<\/a><\/div>\n<\/div>\n<\/div><\/div>\n\n\n\n<div class=\"wp-block-genesis-blocks-gb-column mtb-cta-radius gb-block-layout-column\"><div class=\"gb-block-layout-column-inner gb-has-custom-background-color\" style=\"background-color:#522e83\">\n<h3 class=\"wp-block-heading has-text-align-left\" id=\"h-mant-ngase-en-contacto\">Mant\u00e9ngase en contacto<\/h3>\n\n\n\n<p class=\"has-text-align-left\">Nuestro bolet\u00edn electr\u00f3nico le brinda la informaci\u00f3n, las noticias, y los recursos m\u00e1s recientes de los expertos de MotherToBaby.<\/p>\n\n\n\n<div class=\"wp-block-buttons is-layout-flex wp-block-buttons-is-layout-flex\">\n<div class=\"wp-block-button has-custom-font-size mtb-std-block-btn gb-block-button\" style=\"font-size:20px;line-height:1.2\"><a class=\"wp-block-button__link has-text-color has-background wp-element-button\" href=\"\/enews-sign-up-form\/\" style=\"border-radius:5px;color:#ffffff;background-color:#3373dc;padding-top:10px;padding-right:1em;padding-bottom:10px;padding-left:1em\">Inscribirse<\/a><\/div>\n<\/div>\n<\/div><\/div>\n\n\n\n<div class=\"wp-block-genesis-blocks-gb-column mtb-cta-radius gb-block-layout-column\"><div class=\"gb-block-layout-column-inner gb-has-custom-background-color\" style=\"background-color:#26a68b\">\n<h3 class=\"wp-block-heading has-text-align-left\" id=\"h-remitir-paciente\">Remitir Paciente<\/h3>\n\n\n\n<p class=\"has-text-align-left\">\u00bfNecesita darle a su paciente una evaluaci\u00f3n personalizada sobre un riesgo de exposici\u00f3n o conectarlo con nuestros estudios de embarazo?<\/p>\n\n\n\n<div class=\"wp-block-buttons is-layout-flex wp-block-buttons-is-layout-flex\">\n<div class=\"wp-block-button has-custom-font-size mtb-std-block-btn gb-block-button\" style=\"font-size:20px;line-height:1.2\"><a class=\"wp-block-button__link has-text-color has-background wp-element-button\" href=\"\/refer-patient-form\/\" style=\"border-radius:5px;color:#ffffff;background-color:#3373dc;padding-top:10px;padding-right:1em;padding-bottom:10px;padding-left:1em\">Remitir<\/a><\/div>\n<\/div>\n<\/div><\/div>\n<\/div><\/div>\n<\/div><\/div><\/div>\n","protected":false},"excerpt":{"rendered":"<p>Control de las Condiciones Reum\u00e1ticas Durante el Embarazo y la Lactancia MotherToBaby apoya a los reumat\u00f3logos en el manejo de enfermedades reumatoides durante el embarazo y la lactancia. Entendemos los desaf\u00edos que enfrenta al decidir los cursos de tratamiento cuando su paciente est\u00e1 embarazada o en periodo de lactancia. La atenci\u00f3n de las personas embarazadas [&hellip;]<\/p>\n","protected":false},"author":214,"featured_media":2995,"parent":6741,"menu_order":0,"comment_status":"closed","ping_status":"closed","template":"page-templates\/inner-page.php","meta":{"_searchwp_excluded":"","_genesis_hide_title":false,"_genesis_hide_breadcrumbs":false,"_genesis_hide_singular_image":false,"_genesis_hide_footer_widgets":false,"_genesis_custom_body_class":"","_genesis_custom_post_class":"","_genesis_layout":"full-width-content","footnotes":""},"medical-specialty":[1044],"related-content":[],"class_list":{"0":"post-7061","1":"page","2":"type-page","3":"status-publish","4":"has-post-thumbnail","6":"medical-specialty-rheumatology-es","7":"entry"},"yoast_head":"<!-- This site is optimized with the Yoast SEO Premium plugin v20.13 (Yoast SEO v20.13) - https:\/\/yoast.com\/wordpress\/plugins\/seo\/ -->\n<title>Reumatolog\u00eda - MotherToBaby<\/title>\n<meta name=\"robots\" content=\"index, follow, max-snippet:-1, max-image-preview:large, max-video-preview:-1\" \/>\n<link rel=\"canonical\" href=\"https:\/\/mothertobaby.org\/es\/profesionales-de-salud\/reumatologia\/\" \/>\n<meta property=\"og:locale\" content=\"es_ES\" \/>\n<meta property=\"og:type\" content=\"article\" \/>\n<meta property=\"og:title\" content=\"Reumatolog\u00eda\" \/>\n<meta property=\"og:description\" content=\"Control de las Condiciones Reum\u00e1ticas Durante el Embarazo y la Lactancia MotherToBaby apoya a los reumat\u00f3logos en el manejo de enfermedades reumatoides durante el embarazo y la lactancia. Entendemos los desaf\u00edos que enfrenta al decidir los cursos de tratamiento cuando su paciente est\u00e1 embarazada o en periodo de lactancia. La atenci\u00f3n de las personas embarazadas [&hellip;]\" \/>\n<meta property=\"og:url\" content=\"https:\/\/mothertobaby.org\/es\/profesionales-de-salud\/reumatologia\/\" \/>\n<meta property=\"og:site_name\" content=\"MotherToBaby\" \/>\n<meta property=\"article:modified_time\" content=\"2023-10-02T16:46:49+00:00\" \/>\n<meta property=\"og:image\" content=\"https:\/\/mothertobaby.org\/wp-content\/uploads\/2020\/09\/MotherToBaby-Rheumatology-Healthcare-Professionals-1600x900-09.20.jpg\" \/>\n\t<meta property=\"og:image:width\" content=\"1600\" \/>\n\t<meta property=\"og:image:height\" content=\"900\" \/>\n\t<meta property=\"og:image:type\" content=\"image\/jpeg\" \/>\n<meta name=\"twitter:card\" content=\"summary_large_image\" \/>\n<meta name=\"twitter:label1\" content=\"Tiempo de lectura\" \/>\n\t<meta name=\"twitter:data1\" content=\"2 minutos\" \/>\n<script type=\"application\/ld+json\" class=\"yoast-schema-graph\">{\"@context\":\"https:\/\/schema.org\",\"@graph\":[{\"@type\":\"WebPage\",\"@id\":\"https:\/\/mothertobaby.org\/es\/profesionales-de-salud\/reumatologia\/\",\"url\":\"https:\/\/mothertobaby.org\/es\/profesionales-de-salud\/reumatologia\/\",\"name\":\"Reumatolog\u00eda - MotherToBaby\",\"isPartOf\":{\"@id\":\"https:\/\/mothertobaby.org\/es\/#website\"},\"datePublished\":\"2022-12-07T23:05:52+00:00\",\"dateModified\":\"2023-10-02T16:46:49+00:00\",\"breadcrumb\":{\"@id\":\"https:\/\/mothertobaby.org\/es\/profesionales-de-salud\/reumatologia\/#breadcrumb\"},\"inLanguage\":\"es\",\"potentialAction\":[{\"@type\":\"ReadAction\",\"target\":[\"https:\/\/mothertobaby.org\/es\/profesionales-de-salud\/reumatologia\/\"]}]},{\"@type\":\"BreadcrumbList\",\"@id\":\"https:\/\/mothertobaby.org\/es\/profesionales-de-salud\/reumatologia\/#breadcrumb\",\"itemListElement\":[{\"@type\":\"ListItem\",\"position\":1,\"name\":\"Home\",\"item\":\"https:\/\/mothertobaby.org\/es\/\"},{\"@type\":\"ListItem\",\"position\":2,\"name\":\"Profesionales de Salud\",\"item\":\"https:\/\/mothertobaby.org\/es\/profesionales-de-salud\/\"},{\"@type\":\"ListItem\",\"position\":3,\"name\":\"Reumatolog\u00eda\"}]},{\"@type\":\"WebSite\",\"@id\":\"https:\/\/mothertobaby.org\/es\/#website\",\"url\":\"https:\/\/mothertobaby.org\/es\/\",\"name\":\"MotherToBaby\",\"description\":\"Medications and More during pregnancy and breastfeeding\",\"publisher\":{\"@id\":\"https:\/\/mothertobaby.org\/es\/#organization\"},\"potentialAction\":[{\"@type\":\"SearchAction\",\"target\":{\"@type\":\"EntryPoint\",\"urlTemplate\":\"https:\/\/mothertobaby.org\/es\/?s={search_term_string}\"},\"query-input\":\"required name=search_term_string\"}],\"inLanguage\":\"es\"},{\"@type\":\"Organization\",\"@id\":\"https:\/\/mothertobaby.org\/es\/#organization\",\"name\":\"MotherToBaby\",\"url\":\"https:\/\/mothertobaby.org\/es\/\",\"logo\":{\"@type\":\"ImageObject\",\"inLanguage\":\"es\",\"@id\":\"https:\/\/mothertobaby.org\/es\/#\/schema\/logo\/image\/\",\"url\":\"https:\/\/mothertobaby.org\/wp-content\/uploads\/2023\/06\/MTB-horz-copyright-sm-1.png\",\"contentUrl\":\"https:\/\/mothertobaby.org\/wp-content\/uploads\/2023\/06\/MTB-horz-copyright-sm-1.png\",\"width\":284,\"height\":52,\"caption\":\"MotherToBaby\"},\"image\":{\"@id\":\"https:\/\/mothertobaby.org\/es\/#\/schema\/logo\/image\/\"}}]}<\/script>\n<!-- \/ Yoast SEO Premium plugin. -->","yoast_head_json":{"title":"Reumatolog\u00eda - MotherToBaby","robots":{"index":"index","follow":"follow","max-snippet":"max-snippet:-1","max-image-preview":"max-image-preview:large","max-video-preview":"max-video-preview:-1"},"canonical":"https:\/\/mothertobaby.org\/es\/profesionales-de-salud\/reumatologia\/","og_locale":"es_ES","og_type":"article","og_title":"Reumatolog\u00eda","og_description":"Control de las Condiciones Reum\u00e1ticas Durante el Embarazo y la Lactancia MotherToBaby apoya a los reumat\u00f3logos en el manejo de enfermedades reumatoides durante el embarazo y la lactancia. Entendemos los desaf\u00edos que enfrenta al decidir los cursos de tratamiento cuando su paciente est\u00e1 embarazada o en periodo de lactancia. La atenci\u00f3n de las personas embarazadas [&hellip;]","og_url":"https:\/\/mothertobaby.org\/es\/profesionales-de-salud\/reumatologia\/","og_site_name":"MotherToBaby","article_modified_time":"2023-10-02T16:46:49+00:00","og_image":[{"width":1600,"height":900,"url":"https:\/\/mothertobaby.org\/wp-content\/uploads\/2020\/09\/MotherToBaby-Rheumatology-Healthcare-Professionals-1600x900-09.20.jpg","type":"image\/jpeg"}],"twitter_card":"summary_large_image","twitter_misc":{"Tiempo de lectura":"2 minutos"},"schema":{"@context":"https:\/\/schema.org","@graph":[{"@type":"WebPage","@id":"https:\/\/mothertobaby.org\/es\/profesionales-de-salud\/reumatologia\/","url":"https:\/\/mothertobaby.org\/es\/profesionales-de-salud\/reumatologia\/","name":"Reumatolog\u00eda - MotherToBaby","isPartOf":{"@id":"https:\/\/mothertobaby.org\/es\/#website"},"datePublished":"2022-12-07T23:05:52+00:00","dateModified":"2023-10-02T16:46:49+00:00","breadcrumb":{"@id":"https:\/\/mothertobaby.org\/es\/profesionales-de-salud\/reumatologia\/#breadcrumb"},"inLanguage":"es","potentialAction":[{"@type":"ReadAction","target":["https:\/\/mothertobaby.org\/es\/profesionales-de-salud\/reumatologia\/"]}]},{"@type":"BreadcrumbList","@id":"https:\/\/mothertobaby.org\/es\/profesionales-de-salud\/reumatologia\/#breadcrumb","itemListElement":[{"@type":"ListItem","position":1,"name":"Home","item":"https:\/\/mothertobaby.org\/es\/"},{"@type":"ListItem","position":2,"name":"Profesionales de Salud","item":"https:\/\/mothertobaby.org\/es\/profesionales-de-salud\/"},{"@type":"ListItem","position":3,"name":"Reumatolog\u00eda"}]},{"@type":"WebSite","@id":"https:\/\/mothertobaby.org\/es\/#website","url":"https:\/\/mothertobaby.org\/es\/","name":"MotherToBaby","description":"Medications and More during pregnancy and breastfeeding","publisher":{"@id":"https:\/\/mothertobaby.org\/es\/#organization"},"potentialAction":[{"@type":"SearchAction","target":{"@type":"EntryPoint","urlTemplate":"https:\/\/mothertobaby.org\/es\/?s={search_term_string}"},"query-input":"required name=search_term_string"}],"inLanguage":"es"},{"@type":"Organization","@id":"https:\/\/mothertobaby.org\/es\/#organization","name":"MotherToBaby","url":"https:\/\/mothertobaby.org\/es\/","logo":{"@type":"ImageObject","inLanguage":"es","@id":"https:\/\/mothertobaby.org\/es\/#\/schema\/logo\/image\/","url":"https:\/\/mothertobaby.org\/wp-content\/uploads\/2023\/06\/MTB-horz-copyright-sm-1.png","contentUrl":"https:\/\/mothertobaby.org\/wp-content\/uploads\/2023\/06\/MTB-horz-copyright-sm-1.png","width":284,"height":52,"caption":"MotherToBaby"},"image":{"@id":"https:\/\/mothertobaby.org\/es\/#\/schema\/logo\/image\/"}}]}},"featured_image_src":"https:\/\/mothertobaby.org\/wp-content\/uploads\/2020\/09\/MotherToBaby-Rheumatology-Healthcare-Professionals-1600x900-09.20.jpg","featured_image_src_square":"https:\/\/mothertobaby.org\/wp-content\/uploads\/2020\/09\/MotherToBaby-Rheumatology-Healthcare-Professionals-1600x900-09.20.jpg","_links":{"self":[{"href":"https:\/\/mothertobaby.org\/es\/wp-json\/wp\/v2\/pages\/7061","targetHints":{"allow":["GET"]}}],"collection":[{"href":"https:\/\/mothertobaby.org\/es\/wp-json\/wp\/v2\/pages"}],"about":[{"href":"https:\/\/mothertobaby.org\/es\/wp-json\/wp\/v2\/types\/page"}],"author":[{"embeddable":true,"href":"https:\/\/mothertobaby.org\/es\/wp-json\/wp\/v2\/users\/214"}],"replies":[{"embeddable":true,"href":"https:\/\/mothertobaby.org\/es\/wp-json\/wp\/v2\/comments?post=7061"}],"version-history":[{"count":0,"href":"https:\/\/mothertobaby.org\/es\/wp-json\/wp\/v2\/pages\/7061\/revisions"}],"up":[{"embeddable":true,"href":"https:\/\/mothertobaby.org\/es\/wp-json\/wp\/v2\/pages\/6741"}],"wp:featuredmedia":[{"embeddable":true,"href":"https:\/\/mothertobaby.org\/es\/wp-json\/wp\/v2\/media\/2995"}],"wp:attachment":[{"href":"https:\/\/mothertobaby.org\/es\/wp-json\/wp\/v2\/media?parent=7061"}],"wp:term":[{"taxonomy":"medical-specialty","embeddable":true,"href":"https:\/\/mothertobaby.org\/es\/wp-json\/wp\/v2\/medical-specialty?post=7061"},{"taxonomy":"related-content","embeddable":true,"href":"https:\/\/mothertobaby.org\/es\/wp-json\/wp\/v2\/related-content?post=7061"}],"curies":[{"name":"wp","href":"https:\/\/api.w.org\/{rel}","templated":true}]}}