{"id":7264,"date":"2023-01-27T11:18:11","date_gmt":"2023-01-27T19:18:11","guid":{"rendered":"https:\/\/mothertobaby.org\/?page_id=7264"},"modified":"2024-04-19T13:40:36","modified_gmt":"2024-04-19T20:40:36","slug":"servicios-internacionales","status":"publish","type":"page","link":"https:\/\/mothertobaby.org\/es\/servicios-internacionales\/","title":{"rendered":"Servicios Internacionales para Obtener Informaci\u00f3n Sobre las Exposici\u00f3nes Durante el Embarazo y la Lactancia"},"content":{"rendered":"\n<h2 class=\"wp-block-heading\" id=\"h-recursos-fuera-de-los-estados-unidos\"><strong><strong>Recursos Fuera de los Estados Unidos<\/strong><\/strong><\/h2>\n\n\n\n<p>Los servicios de informaci\u00f3n de MotherToBaby est\u00e1n disponibles solo para los residentes de los Estados Unidos y la provincia canadiense de Quebec. A continuaci\u00f3n, se encuentran los recursos que est\u00e1n disponibles en el resto del mundo para obtener informaci\u00f3n sobre las exposiciones en el embarazo y la lactancia. Comun\u00edquese con la organizaci\u00f3n que brinda servicios para su regi\u00f3n.<\/p>\n\n\n\n<h3 class=\"wp-block-heading\" id=\"h-a-rgentina\"><strong>A<\/strong>rgentina<\/h3>\n\n\n\n<p><a href=\"https:\/\/www.entis-org.eu\/centers\/buenos-aires\" target=\"_blank\" rel=\"noreferrer noopener\">L\u00ednea Salud Fetal <\/a><\/p>\n\n\n\n<h3 class=\"wp-block-heading\" id=\"h-australia\"><strong>Australia<\/strong><\/h3>\n\n\n\n<p><a href=\"https:\/\/www.seslhd.health.nsw.gov.au\/royal-hospital-for-women\/services-clinics\/directory\/mothersafe\" target=\"_blank\" rel=\"noreferrer noopener\">New South Wales: MotherSafe<\/a><\/p>\n\n\n\n<h3 class=\"wp-block-heading\" id=\"h-b-razil\"><strong>B<\/strong>razil<\/h3>\n\n\n\n<p><a href=\"https:\/\/www.gravidezsegura.org\/\" target=\"_blank\" rel=\"noreferrer noopener\">Sistema Nacional De Informacao Sobre Agentes Teratogenicos <\/a><\/p>\n\n\n\n<p><a href=\"https:\/\/www.entis-org.eu\/centers\/rio-de-janeiro\" target=\"_blank\" rel=\"noreferrer noopener\">Disque-Gestante<\/a><\/p>\n\n\n\n<h3 class=\"wp-block-heading\" id=\"h-canada\">Canad\u00e1<\/h3>\n\n\n\n<p><a href=\"https:\/\/www.chusj.org\/en\/soins-services\/P\/Pharmacie\/Centre-IMAGe\" target=\"_blank\" rel=\"noreferrer noopener\">Centre IMAGe: Info-Medicaments en Allaitement et Grossesse<\/a><\/p>\n\n\n\n<h3 class=\"wp-block-heading\" id=\"h-europa\">Europa<\/h3>\n\n\n\n<p><a href=\"https:\/\/www.entis-org.eu\/centers\" target=\"_blank\" rel=\"noreferrer noopener\">European Network of Teratogen Information Services (ENTIS)<\/a><\/p>\n\n\n\n<h3 class=\"wp-block-heading\" id=\"h-i-srael\"><strong>I<\/strong>srael<\/h3>\n\n\n\n<p><a href=\"https:\/\/www.entis-org.eu\/centers\/jerusalem\" target=\"_blank\" rel=\"noreferrer noopener\">The Israeli Teratology Information Service<\/a><\/p>\n\n\n\n<p><a href=\"https:\/\/www.entis-org.eu\/centers\/zerifin\" target=\"_blank\" rel=\"noreferrer noopener\">Drug Consultation Information Center<\/a><\/p>\n\n\n\n<h3 class=\"wp-block-heading\" id=\"h-j-apon\"><strong>J<\/strong>ap\u00f3n<\/h3>\n\n\n\n<p><a href=\"http:\/\/www.ncchd.go.jp\/kusuri\/index.html\" target=\"_blank\" rel=\"noreferrer noopener\">Japan Drug Information Institute in Pregnancy<\/a><\/p>\n\n\n\n<h3 class=\"wp-block-heading\" id=\"h-r-usia\"><strong>R<\/strong>usia<\/h3>\n\n\n\n<p><a href=\"http:\/\/www.babyrisk.ru\" target=\"_blank\" rel=\"noreferrer noopener\">Medical Center for Drug Safety in Pregnancy and Lactation<\/a><\/p>\n\n\n\n<h3 class=\"wp-block-heading\" id=\"h-a-merica-del-sur\"><strong>A<\/strong>m\u00e9rica del Sur<\/h3>\n\n\n\n<p><a href=\"https:\/\/gravidez-segura.org\/\" target=\"_blank\" rel=\"noreferrer noopener\">Sistema Nacional De Informacao Sobre Agentes Teratogenicos<\/a><\/p>\n\n\n\n<h3 class=\"wp-block-heading\" id=\"h-t-urquia\"><strong>T<\/strong>urqu\u00eda<\/h3>\n\n\n\n<p><a href=\"https:\/\/www.entis-org.eu\/centers\/istanbul\" target=\"_blank\" rel=\"noreferrer noopener\">Marmara Region: Marmara University Education and&nbsp;Research Hospital<\/a><br><a href=\"https:\/\/www.entis-org.eu\/centers\/izmir\" target=\"_blank\" rel=\"noreferrer noopener\">All of Turkey: Terafar \u2013 Izmir Katip Celebi University Teratology Information<\/a><br><a href=\"https:\/\/www.entis-org.eu\/centers\/trabzon\" target=\"_blank\" rel=\"noreferrer noopener\">Trabzon: Karadeniz Technical University Teratology Information Service<\/a><\/p>\n\n\n\n<div class=\"wp-block-genesis-blocks-gb-container gb-block-container\"><div class=\"gb-container-inside\"><div class=\"gb-container-content\">\n<div class=\"wp-block-buttons is-layout-flex wp-block-buttons-is-layout-flex\"><\/div>\n<\/div><\/div><\/div>\n\n\n\n<div style=\"height:100px\" aria-hidden=\"true\" class=\"wp-block-spacer\"><\/div>\n\n\n\n<div style=\"background-color:#f9f9ff;padding-left:8%;padding-right:8%\" class=\"wp-block-genesis-blocks-gb-container alignfull mtb-hp-block mtb-3-col-cta-row gb-block-container\"><div class=\"gb-container-inside\"><div class=\"gb-container-content\" style=\"max-width:1120px\">\n<div class=\"wp-block-genesis-blocks-gb-columns light-text mtb-3-col-cta no-link-underline gb-layout-columns-3 gb-3-col-equal\"><div class=\"gb-layout-column-wrap gb-block-layout-column-gap-3 gb-is-responsive-column\">\n<div class=\"wp-block-genesis-blocks-gb-column mtb-cta-radius gb-block-layout-column\"><div class=\"gb-block-layout-column-inner gb-has-custom-background-color\" style=\"background-color:#522e83\">\n<h3 class=\"wp-block-heading has-text-align-left\" id=\"h-conozca-los-hechos\">Conozca los Hechos<\/h3>\n\n\n\n<p class=\"has-text-align-left\">Nuestras hojas informativas de MotherToBaby ofrecen la informaci\u00f3n m\u00e1s actualizada sobre las exposiciones durante el embarazo y la lactancia.<\/p>\n\n\n\n<div class=\"wp-block-buttons is-layout-flex wp-block-buttons-is-layout-flex\">\n<div class=\"wp-block-button has-custom-font-size mtb-std-block-btn gb-block-button\" style=\"font-size:20px;line-height:1.2\"><a class=\"wp-block-button__link has-text-color has-background wp-element-button\" href=\"https:\/\/mothertobaby.org\/es\/hojas-informativas\/\" style=\"border-radius:5px;color:#ffffff;background-color:#3373dc;padding-top:10px;padding-right:1em;padding-bottom:10px;padding-left:1em\">BUSQUE<\/a><\/div>\n<\/div>\n<\/div><\/div>\n\n\n\n<div class=\"wp-block-genesis-blocks-gb-column mtb-cta-radius gb-block-layout-column\"><div class=\"gb-block-layout-column-inner gb-has-custom-background-color\" style=\"background-color:#522e83\">\n<h3 class=\"wp-block-heading has-text-align-left\" id=\"h-lea-nuestros-blogs\">Lea Nuestros Blogs<\/h3>\n\n\n\n<p class=\"has-text-align-left\">Cada persona quiere saber qu\u00e9 es lo mejor para su beb\u00e9. Nuestros expertos abordan las exposiciones m\u00e1s apremiantes de la actualidad.<\/p>\n\n\n\n<div class=\"wp-block-buttons is-layout-flex wp-block-buttons-is-layout-flex\">\n<div class=\"wp-block-button has-custom-font-size mtb-std-block-btn gb-block-button\" style=\"font-size:20px;line-height:1.2\"><a class=\"wp-block-button__link has-text-color has-background wp-element-button\" href=\"https:\/\/mothertobaby.org\/es\/blog-del-bebe\/\" style=\"border-radius:5px;color:#ffffff;background-color:#3373dc;padding-top:10px;padding-right:1em;padding-bottom:10px;padding-left:1em\">vaya<\/a><\/div>\n<\/div>\n<\/div><\/div>\n\n\n\n<div class=\"wp-block-genesis-blocks-gb-column mtb-cta-radius gb-block-layout-column\"><div class=\"gb-block-layout-column-inner has-primary-green-background-color\">\n<h3 class=\"wp-block-heading has-text-align-left\" id=\"h-acerca-de-nosotros\">Acerca de Nosotros<\/h3>\n\n\n\n<p class=\"has-text-align-left\">Durante m\u00e1s de 40 a\u00f1os, nuestro equipo ha brindado informaci\u00f3n sobre exposiciones durante el embarazo y la lactancia.<\/p>\n\n\n\n<div class=\"wp-block-buttons is-layout-flex wp-block-buttons-is-layout-flex\">\n<div class=\"wp-block-button has-custom-font-size mtb-std-block-btn gb-block-button\" style=\"font-size:20px;line-height:1.2\"><a class=\"wp-block-button__link has-text-color has-background wp-element-button\" href=\"https:\/\/mothertobaby.org\/es\/nuestro-trabajo\/\" style=\"border-radius:5px;color:#ffffff;background-color:#3373dc;padding-top:10px;padding-right:1em;padding-bottom:10px;padding-left:1em\">vaya<\/a><\/div>\n<\/div>\n<\/div><\/div>\n<\/div><\/div>\n<\/div><\/div><\/div>\n\n\n\n<div class=\"wp-block-buttons is-layout-flex wp-block-buttons-is-layout-flex\"><\/div>\n\n\n\n<p><\/p>\n","protected":false},"excerpt":{"rendered":"<p>Recursos Fuera de los Estados Unidos Los servicios de informaci\u00f3n de MotherToBaby est\u00e1n disponibles solo para los residentes de los Estados Unidos y la provincia canadiense de Quebec. A continuaci\u00f3n, se encuentran los recursos que est\u00e1n disponibles en el resto del mundo para obtener informaci\u00f3n sobre las exposiciones en el embarazo y la lactancia. Comun\u00edquese [&hellip;]<\/p>\n","protected":false},"author":214,"featured_media":4425,"parent":0,"menu_order":0,"comment_status":"closed","ping_status":"closed","template":"page-templates\/inner-page.php","meta":{"_searchwp_excluded":"","_genesis_hide_title":false,"_genesis_hide_breadcrumbs":false,"_genesis_hide_singular_image":false,"_genesis_hide_footer_widgets":false,"_genesis_custom_body_class":"","_genesis_custom_post_class":"","_genesis_layout":"full-width-content","footnotes":""},"medical-specialty":[],"related-content":[],"class_list":{"0":"post-7264","1":"page","2":"type-page","3":"status-publish","4":"has-post-thumbnail","6":"entry"},"yoast_head":"<!-- This site is optimized with the Yoast SEO Premium plugin v20.13 (Yoast SEO v20.13) - https:\/\/yoast.com\/wordpress\/plugins\/seo\/ -->\n<title>Servicios Internacionales para Obtener Informaci\u00f3n Sobre las Exposici\u00f3nes Durante el Embarazo y la Lactancia - MotherToBaby<\/title>\n<meta name=\"robots\" content=\"index, follow, max-snippet:-1, max-image-preview:large, max-video-preview:-1\" \/>\n<link rel=\"canonical\" href=\"https:\/\/mothertobaby.org\/es\/servicios-internacionales\/\" \/>\n<meta property=\"og:locale\" content=\"es_ES\" \/>\n<meta property=\"og:type\" content=\"article\" \/>\n<meta property=\"og:title\" content=\"Servicios Internacionales para Obtener Informaci\u00f3n Sobre las Exposici\u00f3nes Durante el Embarazo y la Lactancia\" \/>\n<meta property=\"og:description\" content=\"Recursos Fuera de los Estados Unidos Los servicios de informaci\u00f3n de MotherToBaby est\u00e1n disponibles solo para los residentes de los Estados Unidos y la provincia canadiense de Quebec. A continuaci\u00f3n, se encuentran los recursos que est\u00e1n disponibles en el resto del mundo para obtener informaci\u00f3n sobre las exposiciones en el embarazo y la lactancia. Comun\u00edquese [&hellip;]\" \/>\n<meta property=\"og:url\" content=\"https:\/\/mothertobaby.org\/es\/servicios-internacionales\/\" \/>\n<meta property=\"og:site_name\" content=\"MotherToBaby\" \/>\n<meta property=\"article:modified_time\" content=\"2024-04-19T20:40:36+00:00\" \/>\n<meta property=\"og:image\" content=\"https:\/\/mothertobaby.org\/wp-content\/uploads\/2021\/07\/iStock-804592840-scaled-e1625014412514.jpg\" \/>\n\t<meta property=\"og:image:width\" content=\"1638\" \/>\n\t<meta property=\"og:image:height\" content=\"723\" \/>\n\t<meta property=\"og:image:type\" content=\"image\/jpeg\" \/>\n<meta name=\"twitter:card\" content=\"summary_large_image\" \/>\n<meta name=\"twitter:label1\" content=\"Tiempo de lectura\" \/>\n\t<meta name=\"twitter:data1\" content=\"2 minutos\" \/>\n<script type=\"application\/ld+json\" class=\"yoast-schema-graph\">{\"@context\":\"https:\/\/schema.org\",\"@graph\":[{\"@type\":\"WebPage\",\"@id\":\"https:\/\/mothertobaby.org\/es\/servicios-internacionales\/\",\"url\":\"https:\/\/mothertobaby.org\/es\/servicios-internacionales\/\",\"name\":\"Servicios Internacionales para Obtener Informaci\u00f3n Sobre las Exposici\u00f3nes Durante el Embarazo y la Lactancia - MotherToBaby\",\"isPartOf\":{\"@id\":\"https:\/\/mothertobaby.org\/es\/#website\"},\"datePublished\":\"2023-01-27T19:18:11+00:00\",\"dateModified\":\"2024-04-19T20:40:36+00:00\",\"breadcrumb\":{\"@id\":\"https:\/\/mothertobaby.org\/es\/servicios-internacionales\/#breadcrumb\"},\"inLanguage\":\"es\",\"potentialAction\":[{\"@type\":\"ReadAction\",\"target\":[\"https:\/\/mothertobaby.org\/es\/servicios-internacionales\/\"]}]},{\"@type\":\"BreadcrumbList\",\"@id\":\"https:\/\/mothertobaby.org\/es\/servicios-internacionales\/#breadcrumb\",\"itemListElement\":[{\"@type\":\"ListItem\",\"position\":1,\"name\":\"Home\",\"item\":\"https:\/\/mothertobaby.org\/es\/\"},{\"@type\":\"ListItem\",\"position\":2,\"name\":\"Servicios Internacionales para Obtener Informaci\u00f3n Sobre las Exposici\u00f3nes Durante el Embarazo y la Lactancia\"}]},{\"@type\":\"WebSite\",\"@id\":\"https:\/\/mothertobaby.org\/es\/#website\",\"url\":\"https:\/\/mothertobaby.org\/es\/\",\"name\":\"MotherToBaby\",\"description\":\"Medications and More during pregnancy and breastfeeding\",\"publisher\":{\"@id\":\"https:\/\/mothertobaby.org\/es\/#organization\"},\"potentialAction\":[{\"@type\":\"SearchAction\",\"target\":{\"@type\":\"EntryPoint\",\"urlTemplate\":\"https:\/\/mothertobaby.org\/es\/?s={search_term_string}\"},\"query-input\":\"required name=search_term_string\"}],\"inLanguage\":\"es\"},{\"@type\":\"Organization\",\"@id\":\"https:\/\/mothertobaby.org\/es\/#organization\",\"name\":\"MotherToBaby\",\"url\":\"https:\/\/mothertobaby.org\/es\/\",\"logo\":{\"@type\":\"ImageObject\",\"inLanguage\":\"es\",\"@id\":\"https:\/\/mothertobaby.org\/es\/#\/schema\/logo\/image\/\",\"url\":\"https:\/\/mothertobaby.org\/wp-content\/uploads\/2023\/06\/MTB-horz-copyright-sm-1.png\",\"contentUrl\":\"https:\/\/mothertobaby.org\/wp-content\/uploads\/2023\/06\/MTB-horz-copyright-sm-1.png\",\"width\":284,\"height\":52,\"caption\":\"MotherToBaby\"},\"image\":{\"@id\":\"https:\/\/mothertobaby.org\/es\/#\/schema\/logo\/image\/\"}}]}<\/script>\n<!-- \/ Yoast SEO Premium plugin. -->","yoast_head_json":{"title":"Servicios Internacionales para Obtener Informaci\u00f3n Sobre las Exposici\u00f3nes Durante el Embarazo y la Lactancia - MotherToBaby","robots":{"index":"index","follow":"follow","max-snippet":"max-snippet:-1","max-image-preview":"max-image-preview:large","max-video-preview":"max-video-preview:-1"},"canonical":"https:\/\/mothertobaby.org\/es\/servicios-internacionales\/","og_locale":"es_ES","og_type":"article","og_title":"Servicios Internacionales para Obtener Informaci\u00f3n Sobre las Exposici\u00f3nes Durante el Embarazo y la Lactancia","og_description":"Recursos Fuera de los Estados Unidos Los servicios de informaci\u00f3n de MotherToBaby est\u00e1n disponibles solo para los residentes de los Estados Unidos y la provincia canadiense de Quebec. A continuaci\u00f3n, se encuentran los recursos que est\u00e1n disponibles en el resto del mundo para obtener informaci\u00f3n sobre las exposiciones en el embarazo y la lactancia. Comun\u00edquese [&hellip;]","og_url":"https:\/\/mothertobaby.org\/es\/servicios-internacionales\/","og_site_name":"MotherToBaby","article_modified_time":"2024-04-19T20:40:36+00:00","og_image":[{"width":1638,"height":723,"url":"https:\/\/mothertobaby.org\/wp-content\/uploads\/2021\/07\/iStock-804592840-scaled-e1625014412514.jpg","type":"image\/jpeg"}],"twitter_card":"summary_large_image","twitter_misc":{"Tiempo de lectura":"2 minutos"},"schema":{"@context":"https:\/\/schema.org","@graph":[{"@type":"WebPage","@id":"https:\/\/mothertobaby.org\/es\/servicios-internacionales\/","url":"https:\/\/mothertobaby.org\/es\/servicios-internacionales\/","name":"Servicios Internacionales para Obtener Informaci\u00f3n Sobre las Exposici\u00f3nes Durante el Embarazo y la Lactancia - MotherToBaby","isPartOf":{"@id":"https:\/\/mothertobaby.org\/es\/#website"},"datePublished":"2023-01-27T19:18:11+00:00","dateModified":"2024-04-19T20:40:36+00:00","breadcrumb":{"@id":"https:\/\/mothertobaby.org\/es\/servicios-internacionales\/#breadcrumb"},"inLanguage":"es","potentialAction":[{"@type":"ReadAction","target":["https:\/\/mothertobaby.org\/es\/servicios-internacionales\/"]}]},{"@type":"BreadcrumbList","@id":"https:\/\/mothertobaby.org\/es\/servicios-internacionales\/#breadcrumb","itemListElement":[{"@type":"ListItem","position":1,"name":"Home","item":"https:\/\/mothertobaby.org\/es\/"},{"@type":"ListItem","position":2,"name":"Servicios Internacionales para Obtener Informaci\u00f3n Sobre las Exposici\u00f3nes Durante el Embarazo y la Lactancia"}]},{"@type":"WebSite","@id":"https:\/\/mothertobaby.org\/es\/#website","url":"https:\/\/mothertobaby.org\/es\/","name":"MotherToBaby","description":"Medications and More during pregnancy and breastfeeding","publisher":{"@id":"https:\/\/mothertobaby.org\/es\/#organization"},"potentialAction":[{"@type":"SearchAction","target":{"@type":"EntryPoint","urlTemplate":"https:\/\/mothertobaby.org\/es\/?s={search_term_string}"},"query-input":"required name=search_term_string"}],"inLanguage":"es"},{"@type":"Organization","@id":"https:\/\/mothertobaby.org\/es\/#organization","name":"MotherToBaby","url":"https:\/\/mothertobaby.org\/es\/","logo":{"@type":"ImageObject","inLanguage":"es","@id":"https:\/\/mothertobaby.org\/es\/#\/schema\/logo\/image\/","url":"https:\/\/mothertobaby.org\/wp-content\/uploads\/2023\/06\/MTB-horz-copyright-sm-1.png","contentUrl":"https:\/\/mothertobaby.org\/wp-content\/uploads\/2023\/06\/MTB-horz-copyright-sm-1.png","width":284,"height":52,"caption":"MotherToBaby"},"image":{"@id":"https:\/\/mothertobaby.org\/es\/#\/schema\/logo\/image\/"}}]}},"featured_image_src":"https:\/\/mothertobaby.org\/wp-content\/uploads\/2021\/07\/iStock-804592840-scaled-e1625014412514-600x400.jpg","featured_image_src_square":"https:\/\/mothertobaby.org\/wp-content\/uploads\/2021\/07\/iStock-804592840-scaled-e1625014412514-600x600.jpg","_links":{"self":[{"href":"https:\/\/mothertobaby.org\/es\/wp-json\/wp\/v2\/pages\/7264","targetHints":{"allow":["GET"]}}],"collection":[{"href":"https:\/\/mothertobaby.org\/es\/wp-json\/wp\/v2\/pages"}],"about":[{"href":"https:\/\/mothertobaby.org\/es\/wp-json\/wp\/v2\/types\/page"}],"author":[{"embeddable":true,"href":"https:\/\/mothertobaby.org\/es\/wp-json\/wp\/v2\/users\/214"}],"replies":[{"embeddable":true,"href":"https:\/\/mothertobaby.org\/es\/wp-json\/wp\/v2\/comments?post=7264"}],"version-history":[{"count":0,"href":"https:\/\/mothertobaby.org\/es\/wp-json\/wp\/v2\/pages\/7264\/revisions"}],"wp:featuredmedia":[{"embeddable":true,"href":"https:\/\/mothertobaby.org\/es\/wp-json\/wp\/v2\/media\/4425"}],"wp:attachment":[{"href":"https:\/\/mothertobaby.org\/es\/wp-json\/wp\/v2\/media?parent=7264"}],"wp:term":[{"taxonomy":"medical-specialty","embeddable":true,"href":"https:\/\/mothertobaby.org\/es\/wp-json\/wp\/v2\/medical-specialty?post=7264"},{"taxonomy":"related-content","embeddable":true,"href":"https:\/\/mothertobaby.org\/es\/wp-json\/wp\/v2\/related-content?post=7264"}],"curies":[{"name":"wp","href":"https:\/\/api.w.org\/{rel}","templated":true}]}}