{"id":7478,"date":"2023-03-01T13:48:15","date_gmt":"2023-03-01T21:48:15","guid":{"rendered":"https:\/\/mothertobaby.org\/?page_id=7478"},"modified":"2026-04-27T12:38:36","modified_gmt":"2026-04-27T19:38:36","slug":"programa-de-exhibicion","status":"publish","type":"page","link":"https:\/\/mothertobaby.org\/es\/programa-de-exhibicion\/","title":{"rendered":"Programa de Exhibici\u00f3n"},"content":{"rendered":"\n<p>Los expertos de MotherToBaby exhiben y se presentan en muchos eventos cient\u00edficos nacionales e internacionales durante todo el a\u00f1o, tanto en persona como virtualmente, seg\u00fan el formato de la reuni\u00f3n. A continuaci\u00f3n se muestra una lista de las pr\u00f3ximas reuniones en las que puede conectarse con un miembro de nuestro equipo y obtener m\u00e1s informaci\u00f3n sobre nuestros servicios de informaci\u00f3n y estudios de embarazo.<\/p>\n\n\n\n<p><a href=\"https:\/\/crohnscolitiscongress.org\/\" target=\"_blank\" rel=\"noreferrer noopener\">Crohn&#8217;s and Colitis Congress<\/a>: January 22 &#8211; 24, 2026<\/p>\n\n\n\n<p><a href=\"https:\/\/perinatalresearchsociety.org\/2026-smfm-annual-pregnancy-meeting\/\" target=\"_blank\" rel=\"noreferrer noopener\">Society of Maternal-Fetal Medicine (SMFM) 2026 Pregnancy Meeting<\/a>: February 8 &#8211; 13, 2026<\/p>\n\n\n\n<p><a href=\"https:\/\/annualmeeting.aaaai.org\/\" target=\"_blank\" rel=\"noreferrer noopener\">American Academy of Allergy Asthma &amp; Immunology (AAAAI)\/ WAO Joint Congress<\/a>: February 17 &#8211;  March 2, 2026<\/p>\n\n\n\n<p><a href=\"https:\/\/www.aad.org\/member\/meetings-education\" target=\"_blank\" rel=\"noreferrer noopener\">American Academy of Dermatology (AAD) Annual Meeting<\/a>: March 27 &#8211;  31, 2026<\/p>\n\n\n\n<p><a href=\"https:\/\/www.aan.com\/events\/annual-meeting\" target=\"_blank\" rel=\"noreferrer noopener\">American Academy of Neurology (AAN)<\/a>: April 18 &#8211; 22, 2026<\/p>\n\n\n\n<p><a href=\"https:\/\/spondylitis.org\/class\/2026-global-spondyloarthritis-summit\/\" target=\"_blank\" rel=\"noreferrer noopener\">Global Spondyloarthritis Summit \u2013 Spondylitis Association of America (SAA)<\/a>: May 1 &#8211; 2, 2026<\/p>\n\n\n\n<p><a href=\"https:\/\/ddw.org\/\" target=\"_blank\" rel=\"noreferrer noopener\">DDW<\/a>: May 2 &#8211; 5, 2026<\/p>\n\n\n\n<p><a href=\"https:\/\/cmscscholar.org\/\" target=\"_blank\" rel=\"noreferrer noopener\">CMSC<\/a>: May 27 &#8211; 29, 2026<\/p>\n\n\n\n<p><a href=\"https:\/\/www.dermpa.org\/events\/2026-sdpa-annual-summer-dermatology-conference\" target=\"_blank\" rel=\"noreferrer noopener\">Society of Dermatology Physician Associates (SDPA)<\/a>: June 10 &#8211; 14, 2026<\/p>\n\n\n\n<p><a href=\"https:\/\/www.gotoper.com\/courses\/rad\" target=\"_blank\" rel=\"noreferrer noopener\">Revolutionizing AD<\/a>: June 17 &#8211; 19, 2026<\/p>\n\n\n\n<p><a href=\"https:\/\/skinofcolorupdate.com\/skinofcolor2026\/\" target=\"_blank\" rel=\"noreferrer noopener\">Skin of Color Update (SOCU)<\/a>: October 9 &#8211; 11, 2026<\/p>\n\n\n\n<p><a href=\"https:\/\/acgmeetings.gi.org\/\" target=\"_blank\" rel=\"noreferrer noopener\">American College of Gastroenterology (ACG)<\/a>: October 9 &#8211; 14, 2026<\/p>\n\n\n\n<p><a href=\"https:\/\/icea.org\/conference\/\" target=\"_blank\" rel=\"noreferrer noopener\">International Childbirth Education Association (ICEA)<\/a>: October 16 &#8211; 18, 2026<\/p>\n\n\n\n<p><a href=\"https:\/\/rheumatology.org\/annual-meeting\" target=\"_blank\" rel=\"noreferrer noopener\">American Academy of Rheumatology (ACR)<\/a>: November 6 &#8211; 11, 2026<\/p>\n\n\n\n<p><a href=\"https:\/\/shsa.joynsymposium.com\/conference\/\" target=\"_blank\" rel=\"noreferrer noopener\">Symposium on Hidradenitis Suppurativa Advances (SHSA)<\/a>: November 6 &#8211; 8, 2026<\/p>\n\n\n\n<p><a href=\"https:\/\/annualmeeting.aaaai.org\/\"><\/a><\/p>\n\n\n\n<div style=\"height:100px\" aria-hidden=\"true\" class=\"wp-block-spacer\"><\/div>\n\n\n\n<div style=\"background-color:#f9f9ff;padding-left:8%;padding-right:8%\" class=\"wp-block-genesis-blocks-gb-container alignfull mtb-hp-block mtb-3-col-cta-row gb-block-container\"><div class=\"gb-container-inside\"><div class=\"gb-container-content\" style=\"max-width:1120px\">\n<div class=\"wp-block-genesis-blocks-gb-columns light-text mtb-3-col-cta no-link-underline gb-layout-columns-3 gb-3-col-equal\"><div class=\"gb-layout-column-wrap gb-block-layout-column-gap-3 gb-is-responsive-column\">\n<div class=\"wp-block-genesis-blocks-gb-column mtb-cta-radius gb-block-layout-column\"><div class=\"gb-block-layout-column-inner gb-has-custom-background-color\" style=\"background-color:#522e83\">\n<h3 class=\"wp-block-heading has-text-align-left\" id=\"h-educacion-del-paciente\">Educaci\u00f3n del Paciente<\/h3>\n\n\n\n<p class=\"has-text-align-left\">Nuestras hojas informativas de f\u00e1cil lectura sobre las exposiciones durante el embarazo y la lactancia est\u00e1n disponibles en ingl\u00e9s y espa\u00f1ol.<\/p>\n\n\n\n<div class=\"wp-block-buttons is-layout-flex wp-block-buttons-is-layout-flex\">\n<div class=\"wp-block-button mtb-std-block-btn gb-block-button\"><a class=\"wp-block-button__link has-text-color has-background has-custom-font-size wp-element-button\" href=\"https:\/\/mothertobaby.org\/es\/hojas-informativas\/\" style=\"border-radius:5px;color:#ffffff;background-color:#3373dc;padding-top:10px;padding-right:1em;padding-bottom:10px;padding-left:1em;font-size:20px;line-height:1.2\">EXPLORAR<\/a><\/div>\n<\/div>\n<\/div><\/div>\n\n\n\n<div class=\"wp-block-genesis-blocks-gb-column mtb-cta-radius gb-block-layout-column\"><div class=\"gb-block-layout-column-inner gb-has-custom-background-color\" style=\"background-color:#522e83\">\n<h3 class=\"wp-block-heading has-text-align-left\" id=\"h-explorar-estudios\">Explorar Estudios<\/h3>\n\n\n\n<p class=\"has-text-align-left\">Explore nuestros estudios de embarazo en curso por afecci\u00f3n o medicamento para encontrar el adecuado para usted.<\/p>\n\n\n\n<div class=\"wp-block-buttons is-layout-flex wp-block-buttons-is-layout-flex\">\n<div class=\"wp-block-button mtb-std-block-btn gb-block-button\"><a class=\"wp-block-button__link has-text-color has-background has-custom-font-size wp-element-button\" href=\"https:\/\/mothertobaby.org\/es\/estudios\/\" style=\"border-radius:5px;color:#ffffff;background-color:#3373dc;padding-top:10px;padding-right:1em;padding-bottom:10px;padding-left:1em;font-size:20px;line-height:1.2\">Find<\/a><\/div>\n<\/div>\n<\/div><\/div>\n\n\n\n<div class=\"wp-block-genesis-blocks-gb-column mtb-cta-radius gb-block-layout-column\"><div class=\"gb-block-layout-column-inner gb-has-custom-background-color\" style=\"background-color:#26a68b\">\n<h3 class=\"wp-block-heading has-text-align-left\" id=\"h-unase-a-otis\">\u00danase a OTIS<\/h3>\n\n\n\n<p class=\"has-text-align-left\">Convi\u00e9rtase en un l\u00edder en la prevenci\u00f3n de defectos cong\u00e9nitos uni\u00e9ndose a OTIS, nuestra sociedad cient\u00edfica profesional de teratolog\u00eda.<\/p>\n\n\n\n<div class=\"wp-block-buttons is-layout-flex wp-block-buttons-is-layout-flex\">\n<div class=\"wp-block-button mtb-std-block-btn gb-block-button\"><a class=\"wp-block-button__link has-text-color has-background has-custom-font-size wp-element-button\" href=\"https:\/\/mothertobaby.org\/es\/membresia-de-otis\/\" style=\"border-radius:5px;color:#ffffff;background-color:#3373dc;padding-top:10px;padding-right:1em;padding-bottom:10px;padding-left:1em;font-size:20px;line-height:1.2\">\u00daNASE<\/a><\/div>\n<\/div>\n<\/div><\/div>\n<\/div><\/div>\n\n\n\n<p><\/p>\n<\/div><\/div><\/div>\n","protected":false},"excerpt":{"rendered":"<p>Los expertos de MotherToBaby exhiben y se presentan en muchos eventos cient\u00edficos nacionales e internacionales durante todo el a\u00f1o, tanto en persona como virtualmente, seg\u00fan el formato de la reuni\u00f3n. A continuaci\u00f3n se muestra una lista de las pr\u00f3ximas reuniones en las que puede conectarse con un miembro de nuestro equipo y obtener m\u00e1s informaci\u00f3n [&hellip;]<\/p>\n","protected":false},"author":214,"featured_media":2219,"parent":0,"menu_order":0,"comment_status":"closed","ping_status":"closed","template":"page-templates\/inner-page.php","meta":{"_searchwp_excluded":"","_genesis_hide_title":false,"_genesis_hide_breadcrumbs":false,"_genesis_hide_singular_image":false,"_genesis_hide_footer_widgets":false,"_genesis_custom_body_class":"","_genesis_custom_post_class":"","_genesis_layout":"full-width-content","footnotes":""},"medical-specialty":[],"related-content":[],"class_list":{"0":"post-7478","1":"page","2":"type-page","3":"status-publish","4":"has-post-thumbnail","6":"entry"},"yoast_head":"<!-- This site is optimized with the Yoast SEO Premium plugin v20.13 (Yoast SEO v20.13) - https:\/\/yoast.com\/wordpress\/plugins\/seo\/ -->\n<title>Programa de Exhibici\u00f3n - MotherToBaby<\/title>\n<meta name=\"robots\" content=\"index, follow, max-snippet:-1, max-image-preview:large, max-video-preview:-1\" \/>\n<link rel=\"canonical\" href=\"https:\/\/mothertobaby.org\/es\/programa-de-exhibicion\/\" \/>\n<meta property=\"og:locale\" content=\"es_ES\" \/>\n<meta property=\"og:type\" content=\"article\" \/>\n<meta property=\"og:title\" content=\"Programa de Exhibici\u00f3n\" \/>\n<meta property=\"og:description\" content=\"Los expertos de MotherToBaby exhiben y se presentan en muchos eventos cient\u00edficos nacionales e internacionales durante todo el a\u00f1o, tanto en persona como virtualmente, seg\u00fan el formato de la reuni\u00f3n. A continuaci\u00f3n se muestra una lista de las pr\u00f3ximas reuniones en las que puede conectarse con un miembro de nuestro equipo y obtener m\u00e1s informaci\u00f3n [&hellip;]\" \/>\n<meta property=\"og:url\" content=\"https:\/\/mothertobaby.org\/es\/programa-de-exhibicion\/\" \/>\n<meta property=\"og:site_name\" content=\"MotherToBaby\" \/>\n<meta property=\"article:modified_time\" content=\"2026-04-27T19:38:36+00:00\" \/>\n<meta property=\"og:image\" content=\"https:\/\/mothertobaby.org\/wp-content\/uploads\/2020\/06\/MotherToBaby-Meetings-Header-1600x900-1.jpg\" \/>\n\t<meta property=\"og:image:width\" content=\"1600\" \/>\n\t<meta property=\"og:image:height\" content=\"900\" \/>\n\t<meta property=\"og:image:type\" content=\"image\/jpeg\" \/>\n<meta name=\"twitter:card\" content=\"summary_large_image\" \/>\n<meta name=\"twitter:label1\" content=\"Tiempo de lectura\" \/>\n\t<meta name=\"twitter:data1\" content=\"2 minutos\" \/>\n<script type=\"application\/ld+json\" class=\"yoast-schema-graph\">{\"@context\":\"https:\/\/schema.org\",\"@graph\":[{\"@type\":\"WebPage\",\"@id\":\"https:\/\/mothertobaby.org\/es\/programa-de-exhibicion\/\",\"url\":\"https:\/\/mothertobaby.org\/es\/programa-de-exhibicion\/\",\"name\":\"Programa de Exhibici\u00f3n - MotherToBaby\",\"isPartOf\":{\"@id\":\"https:\/\/mothertobaby.org\/es\/#website\"},\"datePublished\":\"2023-03-01T21:48:15+00:00\",\"dateModified\":\"2026-04-27T19:38:36+00:00\",\"breadcrumb\":{\"@id\":\"https:\/\/mothertobaby.org\/es\/programa-de-exhibicion\/#breadcrumb\"},\"inLanguage\":\"es\",\"potentialAction\":[{\"@type\":\"ReadAction\",\"target\":[\"https:\/\/mothertobaby.org\/es\/programa-de-exhibicion\/\"]}]},{\"@type\":\"BreadcrumbList\",\"@id\":\"https:\/\/mothertobaby.org\/es\/programa-de-exhibicion\/#breadcrumb\",\"itemListElement\":[{\"@type\":\"ListItem\",\"position\":1,\"name\":\"Home\",\"item\":\"https:\/\/mothertobaby.org\/es\/\"},{\"@type\":\"ListItem\",\"position\":2,\"name\":\"Programa de Exhibici\u00f3n\"}]},{\"@type\":\"WebSite\",\"@id\":\"https:\/\/mothertobaby.org\/es\/#website\",\"url\":\"https:\/\/mothertobaby.org\/es\/\",\"name\":\"MotherToBaby\",\"description\":\"Medications and More during pregnancy and breastfeeding\",\"publisher\":{\"@id\":\"https:\/\/mothertobaby.org\/es\/#organization\"},\"potentialAction\":[{\"@type\":\"SearchAction\",\"target\":{\"@type\":\"EntryPoint\",\"urlTemplate\":\"https:\/\/mothertobaby.org\/es\/?s={search_term_string}\"},\"query-input\":\"required name=search_term_string\"}],\"inLanguage\":\"es\"},{\"@type\":\"Organization\",\"@id\":\"https:\/\/mothertobaby.org\/es\/#organization\",\"name\":\"MotherToBaby\",\"url\":\"https:\/\/mothertobaby.org\/es\/\",\"logo\":{\"@type\":\"ImageObject\",\"inLanguage\":\"es\",\"@id\":\"https:\/\/mothertobaby.org\/es\/#\/schema\/logo\/image\/\",\"url\":\"https:\/\/mothertobaby.org\/wp-content\/uploads\/2023\/06\/MTB-horz-copyright-sm-1.png\",\"contentUrl\":\"https:\/\/mothertobaby.org\/wp-content\/uploads\/2023\/06\/MTB-horz-copyright-sm-1.png\",\"width\":284,\"height\":52,\"caption\":\"MotherToBaby\"},\"image\":{\"@id\":\"https:\/\/mothertobaby.org\/es\/#\/schema\/logo\/image\/\"}}]}<\/script>\n<!-- \/ Yoast SEO Premium plugin. -->","yoast_head_json":{"title":"Programa de Exhibici\u00f3n - MotherToBaby","robots":{"index":"index","follow":"follow","max-snippet":"max-snippet:-1","max-image-preview":"max-image-preview:large","max-video-preview":"max-video-preview:-1"},"canonical":"https:\/\/mothertobaby.org\/es\/programa-de-exhibicion\/","og_locale":"es_ES","og_type":"article","og_title":"Programa de Exhibici\u00f3n","og_description":"Los expertos de MotherToBaby exhiben y se presentan en muchos eventos cient\u00edficos nacionales e internacionales durante todo el a\u00f1o, tanto en persona como virtualmente, seg\u00fan el formato de la reuni\u00f3n. A continuaci\u00f3n se muestra una lista de las pr\u00f3ximas reuniones en las que puede conectarse con un miembro de nuestro equipo y obtener m\u00e1s informaci\u00f3n [&hellip;]","og_url":"https:\/\/mothertobaby.org\/es\/programa-de-exhibicion\/","og_site_name":"MotherToBaby","article_modified_time":"2026-04-27T19:38:36+00:00","og_image":[{"width":1600,"height":900,"url":"https:\/\/mothertobaby.org\/wp-content\/uploads\/2020\/06\/MotherToBaby-Meetings-Header-1600x900-1.jpg","type":"image\/jpeg"}],"twitter_card":"summary_large_image","twitter_misc":{"Tiempo de lectura":"2 minutos"},"schema":{"@context":"https:\/\/schema.org","@graph":[{"@type":"WebPage","@id":"https:\/\/mothertobaby.org\/es\/programa-de-exhibicion\/","url":"https:\/\/mothertobaby.org\/es\/programa-de-exhibicion\/","name":"Programa de Exhibici\u00f3n - MotherToBaby","isPartOf":{"@id":"https:\/\/mothertobaby.org\/es\/#website"},"datePublished":"2023-03-01T21:48:15+00:00","dateModified":"2026-04-27T19:38:36+00:00","breadcrumb":{"@id":"https:\/\/mothertobaby.org\/es\/programa-de-exhibicion\/#breadcrumb"},"inLanguage":"es","potentialAction":[{"@type":"ReadAction","target":["https:\/\/mothertobaby.org\/es\/programa-de-exhibicion\/"]}]},{"@type":"BreadcrumbList","@id":"https:\/\/mothertobaby.org\/es\/programa-de-exhibicion\/#breadcrumb","itemListElement":[{"@type":"ListItem","position":1,"name":"Home","item":"https:\/\/mothertobaby.org\/es\/"},{"@type":"ListItem","position":2,"name":"Programa de Exhibici\u00f3n"}]},{"@type":"WebSite","@id":"https:\/\/mothertobaby.org\/es\/#website","url":"https:\/\/mothertobaby.org\/es\/","name":"MotherToBaby","description":"Medications and More during pregnancy and breastfeeding","publisher":{"@id":"https:\/\/mothertobaby.org\/es\/#organization"},"potentialAction":[{"@type":"SearchAction","target":{"@type":"EntryPoint","urlTemplate":"https:\/\/mothertobaby.org\/es\/?s={search_term_string}"},"query-input":"required name=search_term_string"}],"inLanguage":"es"},{"@type":"Organization","@id":"https:\/\/mothertobaby.org\/es\/#organization","name":"MotherToBaby","url":"https:\/\/mothertobaby.org\/es\/","logo":{"@type":"ImageObject","inLanguage":"es","@id":"https:\/\/mothertobaby.org\/es\/#\/schema\/logo\/image\/","url":"https:\/\/mothertobaby.org\/wp-content\/uploads\/2023\/06\/MTB-horz-copyright-sm-1.png","contentUrl":"https:\/\/mothertobaby.org\/wp-content\/uploads\/2023\/06\/MTB-horz-copyright-sm-1.png","width":284,"height":52,"caption":"MotherToBaby"},"image":{"@id":"https:\/\/mothertobaby.org\/es\/#\/schema\/logo\/image\/"}}]}},"featured_image_src":"https:\/\/mothertobaby.org\/wp-content\/uploads\/2020\/06\/MotherToBaby-Meetings-Header-1600x900-1.jpg","featured_image_src_square":"https:\/\/mothertobaby.org\/wp-content\/uploads\/2020\/06\/MotherToBaby-Meetings-Header-1600x900-1.jpg","_links":{"self":[{"href":"https:\/\/mothertobaby.org\/es\/wp-json\/wp\/v2\/pages\/7478","targetHints":{"allow":["GET"]}}],"collection":[{"href":"https:\/\/mothertobaby.org\/es\/wp-json\/wp\/v2\/pages"}],"about":[{"href":"https:\/\/mothertobaby.org\/es\/wp-json\/wp\/v2\/types\/page"}],"author":[{"embeddable":true,"href":"https:\/\/mothertobaby.org\/es\/wp-json\/wp\/v2\/users\/214"}],"replies":[{"embeddable":true,"href":"https:\/\/mothertobaby.org\/es\/wp-json\/wp\/v2\/comments?post=7478"}],"version-history":[{"count":0,"href":"https:\/\/mothertobaby.org\/es\/wp-json\/wp\/v2\/pages\/7478\/revisions"}],"wp:featuredmedia":[{"embeddable":true,"href":"https:\/\/mothertobaby.org\/es\/wp-json\/wp\/v2\/media\/2219"}],"wp:attachment":[{"href":"https:\/\/mothertobaby.org\/es\/wp-json\/wp\/v2\/media?parent=7478"}],"wp:term":[{"taxonomy":"medical-specialty","embeddable":true,"href":"https:\/\/mothertobaby.org\/es\/wp-json\/wp\/v2\/medical-specialty?post=7478"},{"taxonomy":"related-content","embeddable":true,"href":"https:\/\/mothertobaby.org\/es\/wp-json\/wp\/v2\/related-content?post=7478"}],"curies":[{"name":"wp","href":"https:\/\/api.w.org\/{rel}","templated":true}]}}