{"id":7486,"date":"2023-03-01T14:07:24","date_gmt":"2023-03-01T22:07:24","guid":{"rendered":"https:\/\/mothertobaby.org\/?page_id=7486"},"modified":"2023-08-30T09:51:23","modified_gmt":"2023-08-30T16:51:23","slug":"membresia-de-otis","status":"publish","type":"page","link":"https:\/\/mothertobaby.org\/es\/membresia-de-otis\/","title":{"rendered":"Membres\u00eda de OTIS"},"content":{"rendered":"\n<h2 class=\"wp-block-heading\" id=\"h-convi-rtase-en-un-l-der-en-la-prevenci-n-de-defectos-de-nacimiento-y-nase-a-otis\">Convi\u00e9rtase en un L\u00edder en la Prevenci\u00f3n de Defectos de Nacimiento y \u00danase a OTIS<\/h2>\n\n\n\n<p>La Organizaci\u00f3n de Especialistas en Informaci\u00f3n de Teratolog\u00eda (OTIS) es una sociedad cient\u00edfica profesional formada por personas que se dedican a valorar y evaluar los riesgos para el embarazo y la lactancia derivados de exposiciones ambientales. Los miembros incluyen, entre otros, especialistas en los campos de obstetricia y ginecolog\u00eda, pediatr\u00eda, gen\u00e9tica, dismorfolog\u00eda, epidemiolog\u00eda perinatal, teratolog\u00eda, teratolog\u00eda del comportamiento, farmacia, asesoramiento gen\u00e9tico, enfermer\u00eda, parter\u00eda, asistencia materno-infantil y salud p\u00fablica. Los miembros de OTIS incluyen, entre otros, expertos que prestan servicios en MotherToBaby e investigadores que realizan Estudios sobre el Embarazo en MotherToBaby.<\/p>\n\n\n\n<p>OTIS da la bienvenida como nuevo miembro a cualquier persona comprometida con la comprensi\u00f3n de los efectos de los agentes ambientales en la salud materna y fetal\/infantil, la prevenci\u00f3n de resultados negativos del embarazo, incluidos los defectos de nacimiento, y la comunicaci\u00f3n de informaci\u00f3n basada en evidencia sobre medicamentos y otras exposiciones ambientales en el embarazo y la lactancia.<\/p>\n\n\n\n<p>Los numerosos beneficios de la membres\u00eda de OTIS incluyen:<\/p>\n\n\n\n<ul class=\"wp-block-list\">\n<li>Contribuir e influir en la calidad de la informaci\u00f3n disponible sobre las exposiciones durante el embarazo y la lactancia mediante la investigaci\u00f3n y la colaboraci\u00f3n.<\/li>\n\n\n\n<li>Mejorar la forma de comunicar la informaci\u00f3n sobre la exposici\u00f3n al p\u00fablico en general y a los proveedores de salud mediante la investigaci\u00f3n, las oportunidades de difusi\u00f3n en los medios de comunicaci\u00f3n y los mensajes directos al consumidor.<\/li>\n\n\n\n<li>Mantenerse al d\u00eda sobre investigaciones emergentes y temas relacionados con las exposiciones reproductivas en nuestra <a href=\"https:\/\/mothertobaby.org\/es\/reunion-anual\/\">reuni\u00f3n educativa internacional anual<\/a>. La reuni\u00f3n se lleva a cabo conjuntamente con la Sociedad para la Prevenci\u00f3n y la Investigaci\u00f3n de Defectos de Nacimiento (antes Sociedad de Teratolog\u00eda) y la Sociedad de Neurotoxicolog\u00eda del Desarrollo, o la Red Europea de Servicios de Informaci\u00f3n sobre Teratolog\u00eda (ENTIS). La membres\u00eda de OTIS ofrece descuentos en la inscripci\u00f3n a las reuniones.<\/li>\n\n\n\n<li>Establecer redes con nuestra comunidad internacional de expertos en teratolog\u00eda a trav\u00e9s de foros din\u00e1micos para obtener oportunidades de capacitaci\u00f3n y liderazgo.<\/li>\n<\/ul>\n\n\n\n<div class=\"wp-block-genesis-blocks-gb-container gb-block-container\"><div class=\"gb-container-inside\"><div class=\"gb-container-content\">\n<div class=\"wp-block-buttons is-layout-flex wp-block-buttons-is-layout-flex\">\n<div class=\"wp-block-button is-style-fill\"><a class=\"wp-block-button__link has-orange-cta-background-color has-background wp-element-button\" href=\"https:\/\/mothertobaby.org\/es\/unase-ahora\/\">\u00danirse ahora<\/a><\/div>\n<\/div>\n<\/div><\/div><\/div>\n\n\n\n<div style=\"height:100px\" aria-hidden=\"true\" class=\"wp-block-spacer\"><\/div>\n\n\n\n<div style=\"background-color:#f9f9ff;padding-left:8%;padding-right:8%\" class=\"wp-block-genesis-blocks-gb-container alignfull mtb-hp-block mtb-3-col-cta-row gb-block-container\"><div class=\"gb-container-inside\"><div class=\"gb-container-content\" style=\"max-width:1120px\">\n<div class=\"wp-block-genesis-blocks-gb-columns light-text mtb-3-col-cta no-link-underline gb-layout-columns-3 gb-3-col-equal\"><div class=\"gb-layout-column-wrap gb-block-layout-column-gap-3 gb-is-responsive-column\">\n<div class=\"wp-block-genesis-blocks-gb-column mtb-cta-radius gb-block-layout-column\"><div class=\"gb-block-layout-column-inner gb-has-custom-background-color\" style=\"background-color:#522e83\">\n<h3 class=\"wp-block-heading has-text-align-left\" id=\"h-recursos-profesionales\">Recursos Profesionales<\/h3>\n\n\n\n<p class=\"has-text-align-left\">Explore nuestros materiales educativos para pacientes, los estudios de embarazo en curso y el sencillo sistema de remisi\u00f3n de pacientes.<\/p>\n\n\n\n<div class=\"wp-block-buttons is-layout-flex wp-block-buttons-is-layout-flex\">\n<div class=\"wp-block-button has-custom-font-size mtb-std-block-btn gb-block-button\" style=\"font-size:20px;line-height:1.2\"><a class=\"wp-block-button__link has-text-color has-background wp-element-button\" href=\"\/es\/profesionales-de-salud\/\" style=\"border-radius:5px;color:#ffffff;background-color:#3373dc;padding-top:10px;padding-right:1em;padding-bottom:10px;padding-left:1em\">ACCEDA<\/a><\/div>\n<\/div>\n<\/div><\/div>\n\n\n\n<div class=\"wp-block-genesis-blocks-gb-column mtb-cta-radius gb-block-layout-column\"><div class=\"gb-block-layout-column-inner gb-has-custom-background-color\" style=\"background-color:#522e83\">\n<h3 class=\"wp-block-heading has-text-align-left\" id=\"h-haga-una-donaci-n\">Haga una Donaci\u00f3n<\/h3>\n\n\n\n<p class=\"has-text-align-left\">Su generoso apoyo nos ayuda a proporcionar informaci\u00f3n de seguridad sobre exposiciones a familias y proveedores de salud.<\/p>\n\n\n\n<div class=\"wp-block-buttons is-layout-flex wp-block-buttons-is-layout-flex\">\n<div class=\"wp-block-button has-custom-font-size mtb-std-block-btn gb-block-button\" style=\"font-size:20px;line-height:1.2\"><a class=\"wp-block-button__link has-text-color has-background wp-element-button\" href=\"https:\/\/mothertobaby.org\/es\/donar\/\" style=\"border-radius:5px;color:#ffffff;background-color:#3373dc;padding-top:10px;padding-right:1em;padding-bottom:10px;padding-left:1em\">Done<\/a><\/div>\n<\/div>\n<\/div><\/div>\n\n\n\n<div class=\"wp-block-genesis-blocks-gb-column mtb-cta-radius gb-block-layout-column\"><div class=\"gb-block-layout-column-inner has-orange-cta-background-color\">\n<h3 class=\"wp-block-heading has-text-align-left\" id=\"h-en-su-rea\">En su \u00c1rea<\/h3>\n\n\n\n<p class=\"has-text-align-left\">Nuestros 15 afiliados en aclamadas universidades y hospitales de EE.&nbsp;UU. y Canad\u00e1 est\u00e1n aqu\u00ed para servirle.<\/p>\n\n\n\n<div class=\"wp-block-buttons is-layout-flex wp-block-buttons-is-layout-flex\">\n<div class=\"wp-block-button has-custom-font-size mtb-std-block-btn gb-block-button\" style=\"font-size:20px;line-height:1.2\"><a class=\"wp-block-button__link has-text-color has-background wp-element-button\" href=\"\/es\/en-su-area\/\" style=\"border-radius:5px;color:#ffffff;background-color:#3373dc;padding-top:10px;padding-right:1em;padding-bottom:10px;padding-left:1em\">ENCUENTRE<\/a><\/div>\n<\/div>\n<\/div><\/div>\n<\/div><\/div>\n<\/div><\/div><\/div>\n\n\n\n<p><\/p>\n","protected":false},"excerpt":{"rendered":"<p>Convi\u00e9rtase en un L\u00edder en la Prevenci\u00f3n de Defectos de Nacimiento y \u00danase a OTIS La Organizaci\u00f3n de Especialistas en Informaci\u00f3n de Teratolog\u00eda (OTIS) es una sociedad cient\u00edfica profesional formada por personas que se dedican a valorar y evaluar los riesgos para el embarazo y la lactancia derivados de exposiciones ambientales. Los miembros incluyen, entre [&hellip;]<\/p>\n","protected":false},"author":214,"featured_media":13735,"parent":0,"menu_order":0,"comment_status":"closed","ping_status":"closed","template":"page-templates\/inner-page.php","meta":{"_searchwp_excluded":"","_genesis_hide_title":false,"_genesis_hide_breadcrumbs":false,"_genesis_hide_singular_image":false,"_genesis_hide_footer_widgets":false,"_genesis_custom_body_class":"","_genesis_custom_post_class":"","_genesis_layout":"full-width-content","footnotes":""},"medical-specialty":[],"related-content":[],"class_list":{"0":"post-7486","1":"page","2":"type-page","3":"status-publish","4":"has-post-thumbnail","6":"entry"},"yoast_head":"<!-- This site is optimized with the Yoast SEO Premium plugin v20.13 (Yoast SEO v20.13) - https:\/\/yoast.com\/wordpress\/plugins\/seo\/ -->\n<title>Membres\u00eda de OTIS - MotherToBaby<\/title>\n<meta name=\"robots\" content=\"index, follow, max-snippet:-1, max-image-preview:large, max-video-preview:-1\" \/>\n<link rel=\"canonical\" href=\"https:\/\/mothertobaby.org\/es\/membresia-de-otis\/\" \/>\n<meta property=\"og:locale\" content=\"es_ES\" \/>\n<meta property=\"og:type\" content=\"article\" \/>\n<meta property=\"og:title\" content=\"Membres\u00eda de OTIS\" \/>\n<meta property=\"og:description\" content=\"Convi\u00e9rtase en un L\u00edder en la Prevenci\u00f3n de Defectos de Nacimiento y \u00danase a OTIS La Organizaci\u00f3n de Especialistas en Informaci\u00f3n de Teratolog\u00eda (OTIS) es una sociedad cient\u00edfica profesional formada por personas que se dedican a valorar y evaluar los riesgos para el embarazo y la lactancia derivados de exposiciones ambientales. Los miembros incluyen, entre [&hellip;]\" \/>\n<meta property=\"og:url\" content=\"https:\/\/mothertobaby.org\/es\/membresia-de-otis\/\" \/>\n<meta property=\"og:site_name\" content=\"MotherToBaby\" \/>\n<meta property=\"article:modified_time\" content=\"2023-08-30T16:51:23+00:00\" \/>\n<meta property=\"og:image\" content=\"https:\/\/mothertobaby.org\/wp-content\/uploads\/2020\/07\/MotherToBaby-Team-Header-1600x900-1.jpg\" \/>\n\t<meta property=\"og:image:width\" content=\"1600\" \/>\n\t<meta property=\"og:image:height\" content=\"900\" \/>\n\t<meta property=\"og:image:type\" content=\"image\/jpeg\" \/>\n<meta name=\"twitter:card\" content=\"summary_large_image\" \/>\n<meta name=\"twitter:label1\" content=\"Tiempo de lectura\" \/>\n\t<meta name=\"twitter:data1\" content=\"2 minutos\" \/>\n<script type=\"application\/ld+json\" class=\"yoast-schema-graph\">{\"@context\":\"https:\/\/schema.org\",\"@graph\":[{\"@type\":\"WebPage\",\"@id\":\"https:\/\/mothertobaby.org\/es\/membresia-de-otis\/\",\"url\":\"https:\/\/mothertobaby.org\/es\/membresia-de-otis\/\",\"name\":\"Membres\u00eda de OTIS - MotherToBaby\",\"isPartOf\":{\"@id\":\"https:\/\/mothertobaby.org\/es\/#website\"},\"datePublished\":\"2023-03-01T22:07:24+00:00\",\"dateModified\":\"2023-08-30T16:51:23+00:00\",\"breadcrumb\":{\"@id\":\"https:\/\/mothertobaby.org\/es\/membresia-de-otis\/#breadcrumb\"},\"inLanguage\":\"es\",\"potentialAction\":[{\"@type\":\"ReadAction\",\"target\":[\"https:\/\/mothertobaby.org\/es\/membresia-de-otis\/\"]}]},{\"@type\":\"BreadcrumbList\",\"@id\":\"https:\/\/mothertobaby.org\/es\/membresia-de-otis\/#breadcrumb\",\"itemListElement\":[{\"@type\":\"ListItem\",\"position\":1,\"name\":\"Home\",\"item\":\"https:\/\/mothertobaby.org\/es\/\"},{\"@type\":\"ListItem\",\"position\":2,\"name\":\"Membres\u00eda de OTIS\"}]},{\"@type\":\"WebSite\",\"@id\":\"https:\/\/mothertobaby.org\/es\/#website\",\"url\":\"https:\/\/mothertobaby.org\/es\/\",\"name\":\"MotherToBaby\",\"description\":\"Medications and More during pregnancy and breastfeeding\",\"publisher\":{\"@id\":\"https:\/\/mothertobaby.org\/es\/#organization\"},\"potentialAction\":[{\"@type\":\"SearchAction\",\"target\":{\"@type\":\"EntryPoint\",\"urlTemplate\":\"https:\/\/mothertobaby.org\/es\/?s={search_term_string}\"},\"query-input\":\"required name=search_term_string\"}],\"inLanguage\":\"es\"},{\"@type\":\"Organization\",\"@id\":\"https:\/\/mothertobaby.org\/es\/#organization\",\"name\":\"MotherToBaby\",\"url\":\"https:\/\/mothertobaby.org\/es\/\",\"logo\":{\"@type\":\"ImageObject\",\"inLanguage\":\"es\",\"@id\":\"https:\/\/mothertobaby.org\/es\/#\/schema\/logo\/image\/\",\"url\":\"https:\/\/mothertobaby.org\/wp-content\/uploads\/2023\/06\/MTB-horz-copyright-sm-1.png\",\"contentUrl\":\"https:\/\/mothertobaby.org\/wp-content\/uploads\/2023\/06\/MTB-horz-copyright-sm-1.png\",\"width\":284,\"height\":52,\"caption\":\"MotherToBaby\"},\"image\":{\"@id\":\"https:\/\/mothertobaby.org\/es\/#\/schema\/logo\/image\/\"}}]}<\/script>\n<!-- \/ Yoast SEO Premium plugin. -->","yoast_head_json":{"title":"Membres\u00eda de OTIS - MotherToBaby","robots":{"index":"index","follow":"follow","max-snippet":"max-snippet:-1","max-image-preview":"max-image-preview:large","max-video-preview":"max-video-preview:-1"},"canonical":"https:\/\/mothertobaby.org\/es\/membresia-de-otis\/","og_locale":"es_ES","og_type":"article","og_title":"Membres\u00eda de OTIS","og_description":"Convi\u00e9rtase en un L\u00edder en la Prevenci\u00f3n de Defectos de Nacimiento y \u00danase a OTIS La Organizaci\u00f3n de Especialistas en Informaci\u00f3n de Teratolog\u00eda (OTIS) es una sociedad cient\u00edfica profesional formada por personas que se dedican a valorar y evaluar los riesgos para el embarazo y la lactancia derivados de exposiciones ambientales. Los miembros incluyen, entre [&hellip;]","og_url":"https:\/\/mothertobaby.org\/es\/membresia-de-otis\/","og_site_name":"MotherToBaby","article_modified_time":"2023-08-30T16:51:23+00:00","og_image":[{"width":1600,"height":900,"url":"https:\/\/mothertobaby.org\/wp-content\/uploads\/2020\/07\/MotherToBaby-Team-Header-1600x900-1.jpg","type":"image\/jpeg"}],"twitter_card":"summary_large_image","twitter_misc":{"Tiempo de lectura":"2 minutos"},"schema":{"@context":"https:\/\/schema.org","@graph":[{"@type":"WebPage","@id":"https:\/\/mothertobaby.org\/es\/membresia-de-otis\/","url":"https:\/\/mothertobaby.org\/es\/membresia-de-otis\/","name":"Membres\u00eda de OTIS - MotherToBaby","isPartOf":{"@id":"https:\/\/mothertobaby.org\/es\/#website"},"datePublished":"2023-03-01T22:07:24+00:00","dateModified":"2023-08-30T16:51:23+00:00","breadcrumb":{"@id":"https:\/\/mothertobaby.org\/es\/membresia-de-otis\/#breadcrumb"},"inLanguage":"es","potentialAction":[{"@type":"ReadAction","target":["https:\/\/mothertobaby.org\/es\/membresia-de-otis\/"]}]},{"@type":"BreadcrumbList","@id":"https:\/\/mothertobaby.org\/es\/membresia-de-otis\/#breadcrumb","itemListElement":[{"@type":"ListItem","position":1,"name":"Home","item":"https:\/\/mothertobaby.org\/es\/"},{"@type":"ListItem","position":2,"name":"Membres\u00eda de OTIS"}]},{"@type":"WebSite","@id":"https:\/\/mothertobaby.org\/es\/#website","url":"https:\/\/mothertobaby.org\/es\/","name":"MotherToBaby","description":"Medications and More during pregnancy and breastfeeding","publisher":{"@id":"https:\/\/mothertobaby.org\/es\/#organization"},"potentialAction":[{"@type":"SearchAction","target":{"@type":"EntryPoint","urlTemplate":"https:\/\/mothertobaby.org\/es\/?s={search_term_string}"},"query-input":"required name=search_term_string"}],"inLanguage":"es"},{"@type":"Organization","@id":"https:\/\/mothertobaby.org\/es\/#organization","name":"MotherToBaby","url":"https:\/\/mothertobaby.org\/es\/","logo":{"@type":"ImageObject","inLanguage":"es","@id":"https:\/\/mothertobaby.org\/es\/#\/schema\/logo\/image\/","url":"https:\/\/mothertobaby.org\/wp-content\/uploads\/2023\/06\/MTB-horz-copyright-sm-1.png","contentUrl":"https:\/\/mothertobaby.org\/wp-content\/uploads\/2023\/06\/MTB-horz-copyright-sm-1.png","width":284,"height":52,"caption":"MotherToBaby"},"image":{"@id":"https:\/\/mothertobaby.org\/es\/#\/schema\/logo\/image\/"}}]}},"featured_image_src":"https:\/\/mothertobaby.org\/wp-content\/uploads\/2025\/05\/IMG_2820-600x400.jpg","featured_image_src_square":"https:\/\/mothertobaby.org\/wp-content\/uploads\/2025\/05\/IMG_2820-600x600.jpg","_links":{"self":[{"href":"https:\/\/mothertobaby.org\/es\/wp-json\/wp\/v2\/pages\/7486","targetHints":{"allow":["GET"]}}],"collection":[{"href":"https:\/\/mothertobaby.org\/es\/wp-json\/wp\/v2\/pages"}],"about":[{"href":"https:\/\/mothertobaby.org\/es\/wp-json\/wp\/v2\/types\/page"}],"author":[{"embeddable":true,"href":"https:\/\/mothertobaby.org\/es\/wp-json\/wp\/v2\/users\/214"}],"replies":[{"embeddable":true,"href":"https:\/\/mothertobaby.org\/es\/wp-json\/wp\/v2\/comments?post=7486"}],"version-history":[{"count":0,"href":"https:\/\/mothertobaby.org\/es\/wp-json\/wp\/v2\/pages\/7486\/revisions"}],"wp:featuredmedia":[{"embeddable":true,"href":"https:\/\/mothertobaby.org\/es\/wp-json\/wp\/v2\/media\/13735"}],"wp:attachment":[{"href":"https:\/\/mothertobaby.org\/es\/wp-json\/wp\/v2\/media?parent=7486"}],"wp:term":[{"taxonomy":"medical-specialty","embeddable":true,"href":"https:\/\/mothertobaby.org\/es\/wp-json\/wp\/v2\/medical-specialty?post=7486"},{"taxonomy":"related-content","embeddable":true,"href":"https:\/\/mothertobaby.org\/es\/wp-json\/wp\/v2\/related-content?post=7486"}],"curies":[{"name":"wp","href":"https:\/\/api.w.org\/{rel}","templated":true}]}}