{"id":7488,"date":"2023-03-01T14:20:47","date_gmt":"2023-03-01T22:20:47","guid":{"rendered":"https:\/\/mothertobaby.org\/?page_id=7488"},"modified":"2023-03-01T14:22:14","modified_gmt":"2023-03-01T22:22:14","slug":"reunion-anual","status":"publish","type":"page","link":"https:\/\/mothertobaby.org\/es\/reunion-anual\/","title":{"rendered":"Reuni\u00f3n Anual"},"content":{"rendered":"\n<h2 class=\"wp-block-heading\" id=\"h-los-ltimos-avances-cient-ficos-en-teratolog-a-y-asesoramiento-sobre-riesgos\"><strong>Los \u00daltimos Avances Cient\u00edficos en Teratolog\u00eda y Asesoramiento sobre Riesgos<\/strong><\/h2>\n\n\n\n<p>La Reuni\u00f3n Educativa Anual de la Organizaci\u00f3n de Especialistas en Informaci\u00f3n de Teratolog\u00eda (OTIS) re\u00fane a miembros de OTIS y otros participantes interesados en una reuni\u00f3n de tres d\u00edas donde los asistentes pueden aprender m\u00e1s sobre el campo de la teratolog\u00eda (el estudio de exposiciones en el embarazo y la lactancia), debatir los \u00faltimos hallazgos de investigaci\u00f3n en estudios actuales y compartir las mejores pr\u00e1cticas sobre c\u00f3mo difundir y educar al p\u00fablico de manera experta sobre este importante tema. Participantes de todos los \u00e1mbitos asisten a esta importante reuni\u00f3n, incluidos, entre otros, aquellos que trabajan en las \u00e1reas de teratolog\u00eda del comportamiento, dismorfolog\u00eda, educaci\u00f3n, gen\u00e9tica, asesoramiento gen\u00e9tico, consultor\u00eda de lactancia, parter\u00eda, enfermer\u00eda, obstetricia y ginecolog\u00eda, pediatr\u00eda, epidemiolog\u00eda perinatal, farmacia, psiquiatr\u00eda, psicolog\u00eda, salud p\u00fablica, teratolog\u00eda y m\u00e1s.<\/p>\n\n\n\n<hr class=\"wp-block-separator has-css-opacity\"\/>\n\n\n\n<h2 class=\"wp-block-heading\" id=\"h-reserve-la-fecha-para-la-35-o-reuni-n-educativa-anual-de-otis-del-24-al-27-de-junio-de-2025\"><strong>Reserve la Fecha para la 35.<sup>o<\/sup> Reuni\u00f3n Educativa Anual de OTIS, del 24 al 27 de junio de 2025<\/strong><\/h2>\n\n\n\n<p>La 35.<sup>o<\/sup> Reuni\u00f3n Educativa Anual para miembros de la Organizaci\u00f3n de Especialistas en informaci\u00f3n de Teratolog\u00eda y filiales de MotherToBaby se llevar\u00e1 a cabo en Charleston, Carolina del Sur.<\/p>\n\n\n\n<div class=\"wp-block-buttons is-layout-flex wp-block-buttons-is-layout-flex\"><\/div>\n\n\n\n<div style=\"height:100px\" aria-hidden=\"true\" class=\"wp-block-spacer\"><\/div>\n\n\n\n<div style=\"background-color:#f9f9ff;padding-left:8%;padding-right:8%\" class=\"wp-block-genesis-blocks-gb-container alignfull mtb-hp-block mtb-3-col-cta-row gb-block-container\"><div class=\"gb-container-inside\"><div class=\"gb-container-content\" style=\"max-width:1120px\">\n<div class=\"wp-block-genesis-blocks-gb-columns light-text mtb-3-col-cta no-link-underline gb-layout-columns-3 gb-3-col-equal\"><div class=\"gb-layout-column-wrap gb-block-layout-column-gap-3 gb-is-responsive-column\">\n<div class=\"wp-block-genesis-blocks-gb-column mtb-cta-radius gb-block-layout-column\"><div class=\"gb-block-layout-column-inner gb-has-custom-background-color\" style=\"background-color:#522e83\">\n<h3 class=\"wp-block-heading has-text-align-left\" id=\"h-recursos-profesionales\">Recursos Profesionales<\/h3>\n\n\n\n<p class=\"has-text-align-left\">Explore nuestros materiales educativos para pacientes, los estudios de embarazo en curso y el sencillo sistema de remisi\u00f3n de pacientes.<\/p>\n\n\n\n<div class=\"wp-block-buttons is-layout-flex wp-block-buttons-is-layout-flex\">\n<div class=\"wp-block-button has-custom-font-size mtb-std-block-btn gb-block-button\" style=\"font-size:20px;line-height:1.2\"><a class=\"wp-block-button__link has-text-color has-background wp-element-button\" href=\"\/es\/profesionales-de-salud\/\" style=\"border-radius:5px;color:#ffffff;background-color:#3373dc;padding-top:10px;padding-right:1em;padding-bottom:10px;padding-left:1em\">ACCEDA<\/a><\/div>\n<\/div>\n<\/div><\/div>\n\n\n\n<div class=\"wp-block-genesis-blocks-gb-column mtb-cta-radius gb-block-layout-column\"><div class=\"gb-block-layout-column-inner gb-has-custom-background-color\" style=\"background-color:#522e83\">\n<h3 class=\"wp-block-heading has-text-align-left\" id=\"h-haga-una-donaci-n\">Haga una Donaci\u00f3n<\/h3>\n\n\n\n<p class=\"has-text-align-left\">Su generoso apoyo nos ayuda a proporcionar informaci\u00f3n de seguridad sobre exposiciones a familias y proveedores de salud.<\/p>\n\n\n\n<div class=\"wp-block-buttons is-layout-flex wp-block-buttons-is-layout-flex\">\n<div class=\"wp-block-button has-custom-font-size mtb-std-block-btn gb-block-button\" style=\"font-size:20px;line-height:1.2\"><a class=\"wp-block-button__link has-text-color has-background wp-element-button\" href=\"https:\/\/mothertobaby.org\/es\/donar\/\" style=\"border-radius:5px;color:#ffffff;background-color:#3373dc;padding-top:10px;padding-right:1em;padding-bottom:10px;padding-left:1em\">Done<\/a><\/div>\n<\/div>\n<\/div><\/div>\n\n\n\n<div class=\"wp-block-genesis-blocks-gb-column mtb-cta-radius gb-block-layout-column\"><div class=\"gb-block-layout-column-inner has-orange-cta-background-color\">\n<h3 class=\"wp-block-heading has-text-align-left\" id=\"h-en-su-rea\">En su \u00c1rea<\/h3>\n\n\n\n<p class=\"has-text-align-left\">Nuestros 15 afiliados en aclamadas universidades y hospitales de EE.&nbsp;UU. y Canad\u00e1 est\u00e1n aqu\u00ed para servirle.<\/p>\n\n\n\n<div class=\"wp-block-buttons is-layout-flex wp-block-buttons-is-layout-flex\">\n<div class=\"wp-block-button has-custom-font-size mtb-std-block-btn gb-block-button\" style=\"font-size:20px;line-height:1.2\"><a class=\"wp-block-button__link has-text-color has-background wp-element-button\" href=\"\/es\/en-su-area\/\" style=\"border-radius:5px;color:#ffffff;background-color:#3373dc;padding-top:10px;padding-right:1em;padding-bottom:10px;padding-left:1em\">ENCUENTRE<\/a><\/div>\n<\/div>\n<\/div><\/div>\n<\/div><\/div>\n<\/div><\/div><\/div>\n\n\n\n<p><\/p>\n","protected":false},"excerpt":{"rendered":"<p>Los \u00daltimos Avances Cient\u00edficos en Teratolog\u00eda y Asesoramiento sobre Riesgos La Reuni\u00f3n Educativa Anual de la Organizaci\u00f3n de Especialistas en Informaci\u00f3n de Teratolog\u00eda (OTIS) re\u00fane a miembros de OTIS y otros participantes interesados en una reuni\u00f3n de tres d\u00edas donde los asistentes pueden aprender m\u00e1s sobre el campo de la teratolog\u00eda (el estudio de exposiciones [&hellip;]<\/p>\n","protected":false},"author":214,"featured_media":2328,"parent":0,"menu_order":0,"comment_status":"closed","ping_status":"closed","template":"page-templates\/inner-page.php","meta":{"_searchwp_excluded":"","_genesis_hide_title":false,"_genesis_hide_breadcrumbs":false,"_genesis_hide_singular_image":false,"_genesis_hide_footer_widgets":false,"_genesis_custom_body_class":"","_genesis_custom_post_class":"","_genesis_layout":"full-width-content","footnotes":""},"medical-specialty":[],"related-content":[],"class_list":{"0":"post-7488","1":"page","2":"type-page","3":"status-publish","4":"has-post-thumbnail","6":"entry"},"yoast_head":"<!-- This site is optimized with the Yoast SEO Premium plugin v20.13 (Yoast SEO v20.13) - https:\/\/yoast.com\/wordpress\/plugins\/seo\/ -->\n<title>Reuni\u00f3n Anual - MotherToBaby<\/title>\n<meta name=\"robots\" content=\"index, follow, max-snippet:-1, max-image-preview:large, max-video-preview:-1\" \/>\n<link rel=\"canonical\" href=\"https:\/\/mothertobaby.org\/es\/reunion-anual\/\" \/>\n<meta property=\"og:locale\" content=\"es_ES\" \/>\n<meta property=\"og:type\" content=\"article\" \/>\n<meta property=\"og:title\" content=\"Reuni\u00f3n Anual\" \/>\n<meta property=\"og:description\" content=\"Los \u00daltimos Avances Cient\u00edficos en Teratolog\u00eda y Asesoramiento sobre Riesgos La Reuni\u00f3n Educativa Anual de la Organizaci\u00f3n de Especialistas en Informaci\u00f3n de Teratolog\u00eda (OTIS) re\u00fane a miembros de OTIS y otros participantes interesados en una reuni\u00f3n de tres d\u00edas donde los asistentes pueden aprender m\u00e1s sobre el campo de la teratolog\u00eda (el estudio de exposiciones [&hellip;]\" \/>\n<meta property=\"og:url\" content=\"https:\/\/mothertobaby.org\/es\/reunion-anual\/\" \/>\n<meta property=\"og:site_name\" content=\"MotherToBaby\" \/>\n<meta property=\"article:modified_time\" content=\"2023-03-01T22:22:14+00:00\" \/>\n<meta property=\"og:image\" content=\"https:\/\/mothertobaby.org\/wp-content\/uploads\/2020\/07\/MotherToBaby-Team-Header-1600x900-1.jpg\" \/>\n\t<meta property=\"og:image:width\" content=\"1600\" \/>\n\t<meta property=\"og:image:height\" content=\"900\" \/>\n\t<meta property=\"og:image:type\" content=\"image\/jpeg\" \/>\n<meta name=\"twitter:card\" content=\"summary_large_image\" \/>\n<meta name=\"twitter:label1\" content=\"Tiempo de lectura\" \/>\n\t<meta name=\"twitter:data1\" content=\"1 minuto\" \/>\n<script type=\"application\/ld+json\" class=\"yoast-schema-graph\">{\"@context\":\"https:\/\/schema.org\",\"@graph\":[{\"@type\":\"WebPage\",\"@id\":\"https:\/\/mothertobaby.org\/es\/reunion-anual\/\",\"url\":\"https:\/\/mothertobaby.org\/es\/reunion-anual\/\",\"name\":\"Reuni\u00f3n Anual - MotherToBaby\",\"isPartOf\":{\"@id\":\"https:\/\/mothertobaby.org\/es\/#website\"},\"datePublished\":\"2023-03-01T22:20:47+00:00\",\"dateModified\":\"2023-03-01T22:22:14+00:00\",\"breadcrumb\":{\"@id\":\"https:\/\/mothertobaby.org\/es\/reunion-anual\/#breadcrumb\"},\"inLanguage\":\"es\",\"potentialAction\":[{\"@type\":\"ReadAction\",\"target\":[\"https:\/\/mothertobaby.org\/es\/reunion-anual\/\"]}]},{\"@type\":\"BreadcrumbList\",\"@id\":\"https:\/\/mothertobaby.org\/es\/reunion-anual\/#breadcrumb\",\"itemListElement\":[{\"@type\":\"ListItem\",\"position\":1,\"name\":\"Home\",\"item\":\"https:\/\/mothertobaby.org\/es\/\"},{\"@type\":\"ListItem\",\"position\":2,\"name\":\"Reuni\u00f3n Anual\"}]},{\"@type\":\"WebSite\",\"@id\":\"https:\/\/mothertobaby.org\/es\/#website\",\"url\":\"https:\/\/mothertobaby.org\/es\/\",\"name\":\"MotherToBaby\",\"description\":\"Medications and More during pregnancy and breastfeeding\",\"publisher\":{\"@id\":\"https:\/\/mothertobaby.org\/es\/#organization\"},\"potentialAction\":[{\"@type\":\"SearchAction\",\"target\":{\"@type\":\"EntryPoint\",\"urlTemplate\":\"https:\/\/mothertobaby.org\/es\/?s={search_term_string}\"},\"query-input\":\"required name=search_term_string\"}],\"inLanguage\":\"es\"},{\"@type\":\"Organization\",\"@id\":\"https:\/\/mothertobaby.org\/es\/#organization\",\"name\":\"MotherToBaby\",\"url\":\"https:\/\/mothertobaby.org\/es\/\",\"logo\":{\"@type\":\"ImageObject\",\"inLanguage\":\"es\",\"@id\":\"https:\/\/mothertobaby.org\/es\/#\/schema\/logo\/image\/\",\"url\":\"https:\/\/mothertobaby.org\/wp-content\/uploads\/2023\/06\/MTB-horz-copyright-sm-1.png\",\"contentUrl\":\"https:\/\/mothertobaby.org\/wp-content\/uploads\/2023\/06\/MTB-horz-copyright-sm-1.png\",\"width\":284,\"height\":52,\"caption\":\"MotherToBaby\"},\"image\":{\"@id\":\"https:\/\/mothertobaby.org\/es\/#\/schema\/logo\/image\/\"}}]}<\/script>\n<!-- \/ Yoast SEO Premium plugin. -->","yoast_head_json":{"title":"Reuni\u00f3n Anual - MotherToBaby","robots":{"index":"index","follow":"follow","max-snippet":"max-snippet:-1","max-image-preview":"max-image-preview:large","max-video-preview":"max-video-preview:-1"},"canonical":"https:\/\/mothertobaby.org\/es\/reunion-anual\/","og_locale":"es_ES","og_type":"article","og_title":"Reuni\u00f3n Anual","og_description":"Los \u00daltimos Avances Cient\u00edficos en Teratolog\u00eda y Asesoramiento sobre Riesgos La Reuni\u00f3n Educativa Anual de la Organizaci\u00f3n de Especialistas en Informaci\u00f3n de Teratolog\u00eda (OTIS) re\u00fane a miembros de OTIS y otros participantes interesados en una reuni\u00f3n de tres d\u00edas donde los asistentes pueden aprender m\u00e1s sobre el campo de la teratolog\u00eda (el estudio de exposiciones [&hellip;]","og_url":"https:\/\/mothertobaby.org\/es\/reunion-anual\/","og_site_name":"MotherToBaby","article_modified_time":"2023-03-01T22:22:14+00:00","og_image":[{"width":1600,"height":900,"url":"https:\/\/mothertobaby.org\/wp-content\/uploads\/2020\/07\/MotherToBaby-Team-Header-1600x900-1.jpg","type":"image\/jpeg"}],"twitter_card":"summary_large_image","twitter_misc":{"Tiempo de lectura":"1 minuto"},"schema":{"@context":"https:\/\/schema.org","@graph":[{"@type":"WebPage","@id":"https:\/\/mothertobaby.org\/es\/reunion-anual\/","url":"https:\/\/mothertobaby.org\/es\/reunion-anual\/","name":"Reuni\u00f3n Anual - MotherToBaby","isPartOf":{"@id":"https:\/\/mothertobaby.org\/es\/#website"},"datePublished":"2023-03-01T22:20:47+00:00","dateModified":"2023-03-01T22:22:14+00:00","breadcrumb":{"@id":"https:\/\/mothertobaby.org\/es\/reunion-anual\/#breadcrumb"},"inLanguage":"es","potentialAction":[{"@type":"ReadAction","target":["https:\/\/mothertobaby.org\/es\/reunion-anual\/"]}]},{"@type":"BreadcrumbList","@id":"https:\/\/mothertobaby.org\/es\/reunion-anual\/#breadcrumb","itemListElement":[{"@type":"ListItem","position":1,"name":"Home","item":"https:\/\/mothertobaby.org\/es\/"},{"@type":"ListItem","position":2,"name":"Reuni\u00f3n Anual"}]},{"@type":"WebSite","@id":"https:\/\/mothertobaby.org\/es\/#website","url":"https:\/\/mothertobaby.org\/es\/","name":"MotherToBaby","description":"Medications and More during pregnancy and breastfeeding","publisher":{"@id":"https:\/\/mothertobaby.org\/es\/#organization"},"potentialAction":[{"@type":"SearchAction","target":{"@type":"EntryPoint","urlTemplate":"https:\/\/mothertobaby.org\/es\/?s={search_term_string}"},"query-input":"required name=search_term_string"}],"inLanguage":"es"},{"@type":"Organization","@id":"https:\/\/mothertobaby.org\/es\/#organization","name":"MotherToBaby","url":"https:\/\/mothertobaby.org\/es\/","logo":{"@type":"ImageObject","inLanguage":"es","@id":"https:\/\/mothertobaby.org\/es\/#\/schema\/logo\/image\/","url":"https:\/\/mothertobaby.org\/wp-content\/uploads\/2023\/06\/MTB-horz-copyright-sm-1.png","contentUrl":"https:\/\/mothertobaby.org\/wp-content\/uploads\/2023\/06\/MTB-horz-copyright-sm-1.png","width":284,"height":52,"caption":"MotherToBaby"},"image":{"@id":"https:\/\/mothertobaby.org\/es\/#\/schema\/logo\/image\/"}}]}},"featured_image_src":"https:\/\/mothertobaby.org\/wp-content\/uploads\/2020\/07\/MotherToBaby-Team-Header-1600x900-1.jpg","featured_image_src_square":"https:\/\/mothertobaby.org\/wp-content\/uploads\/2020\/07\/MotherToBaby-Team-Header-1600x900-1.jpg","_links":{"self":[{"href":"https:\/\/mothertobaby.org\/es\/wp-json\/wp\/v2\/pages\/7488","targetHints":{"allow":["GET"]}}],"collection":[{"href":"https:\/\/mothertobaby.org\/es\/wp-json\/wp\/v2\/pages"}],"about":[{"href":"https:\/\/mothertobaby.org\/es\/wp-json\/wp\/v2\/types\/page"}],"author":[{"embeddable":true,"href":"https:\/\/mothertobaby.org\/es\/wp-json\/wp\/v2\/users\/214"}],"replies":[{"embeddable":true,"href":"https:\/\/mothertobaby.org\/es\/wp-json\/wp\/v2\/comments?post=7488"}],"version-history":[{"count":0,"href":"https:\/\/mothertobaby.org\/es\/wp-json\/wp\/v2\/pages\/7488\/revisions"}],"wp:featuredmedia":[{"embeddable":true,"href":"https:\/\/mothertobaby.org\/es\/wp-json\/wp\/v2\/media\/2328"}],"wp:attachment":[{"href":"https:\/\/mothertobaby.org\/es\/wp-json\/wp\/v2\/media?parent=7488"}],"wp:term":[{"taxonomy":"medical-specialty","embeddable":true,"href":"https:\/\/mothertobaby.org\/es\/wp-json\/wp\/v2\/medical-specialty?post=7488"},{"taxonomy":"related-content","embeddable":true,"href":"https:\/\/mothertobaby.org\/es\/wp-json\/wp\/v2\/related-content?post=7488"}],"curies":[{"name":"wp","href":"https:\/\/api.w.org\/{rel}","templated":true}]}}