{"id":7534,"date":"2023-03-20T14:56:23","date_gmt":"2023-03-20T21:56:23","guid":{"rendered":"https:\/\/mothertobaby.org\/?page_id=7534"},"modified":"2023-03-20T14:56:28","modified_gmt":"2023-03-20T21:56:28","slug":"declaracion-de-accesibilidad","status":"publish","type":"page","link":"https:\/\/mothertobaby.org\/es\/declaracion-de-accesibilidad\/","title":{"rendered":"Declaraci\u00f3n de Accesibilidad"},"content":{"rendered":"\n<h2 class=\"wp-block-heading\" id=\"h-nuestro-compromiso-y-enfoque-para-mantener-un-sitio-web-accesible\">Nuestro Compromiso y Enfoque para Mantener un Sitio Web Accesible<\/h2>\n\n\n\n<p>En la Organizaci\u00f3n de Especialistas en Informaci\u00f3n de Teratolog\u00eda (OTIS), nos esforzamos por garantizar que nuestros servicios y recursos de MotherToBaby sean accesibles para las personas con discapacidades. Hemos realizado cambios en nuestro sitio web, <a href=\"https:\/\/mothertobaby.org\/es\/\">MotherToBaby.org<\/a>, para garantizar que sea m\u00e1s f\u00e1cil de usar y m\u00e1s accesible para las personas con discapacidades, con la firme creencia de que todas las personas tienen derecho a vivir con dignidad, igualdad, comodidad e independencia.<\/p>\n\n\n\n<h4 class=\"wp-block-heading\" id=\"h-accesibilidad\">Accesibilidad<\/h4>\n\n\n\n<p><a href=\"https:\/\/mothertobaby.org\/es\/\">MotherToBaby.org<\/a> pone a disposici\u00f3n el <a href=\"https:\/\/userway.org\/\">Accesorio Virtual de Accesibilidad del Sitio Web de UserWay<\/a> que funciona con un servidor de accesibilidad dedicado. El software permite que <a href=\"https:\/\/mothertobaby.org\/es\/\">MotherToBaby.org<\/a> mejore su cumplimiento con las Pautas de Accesibilidad al Contenido Web (WCAG 2.1).<\/p>\n\n\n\n<h4 class=\"wp-block-heading\" id=\"h-habilitaci-n-del-men-de-accesibilidad\">Habilitaci\u00f3n del Men\u00fa de Accesibilidad\u00a0<\/h4>\n\n\n\n<p>El men\u00fa de accesibilidad de <a href=\"https:\/\/mothertobaby.org\/es\/\">MotherToBaby.org<\/a> se puede habilitar haciendo clic en el \u00edcono del men\u00fa de accesibilidad que aparece en la esquina inferior izquierda de la p\u00e1gina. Despu\u00e9s de activar el men\u00fa de accesibilidad, espere un momento para que dicho men\u00fa se cargue en su totalidad.<\/p>\n\n\n\n<h4 class=\"wp-block-heading\" id=\"h-descargo-de-responsabilidad\">Descargo de Responsabilidad<\/h4>\n\n\n\n<p>OTIS contin\u00faa sus esfuerzos para mejorar constantemente la accesibilidad de su sitio y los servicios en la creencia de que es nuestra obligaci\u00f3n moral colectiva permitir un uso continuo, accesible y sin obst\u00e1culos para aquellos de nosotros con discapacidades.<\/p>\n\n\n\n<p>A pesar de nuestros esfuerzos para hacer que todas las p\u00e1ginas y el contenido de <a href=\"https:\/\/mothertobaby.org\/es\/\">MotherToBaby.org<\/a> sean completamente accesibles, es posible que algunos contenidos a\u00fan no se hayan adaptado completamente a los est\u00e1ndares de accesibilidad m\u00e1s estrictos. Esto puede ser consecuencia de no haber encontrado o identificado la soluci\u00f3n tecnol\u00f3gica m\u00e1s adecuada<\/p>\n\n\n\n<h4 class=\"wp-block-heading\" id=\"h-estamos-aqu-para-usted\">Estamos Aqu\u00ed para Usted<\/h4>\n\n\n\n<p>Si tiene dificultades con cualquier contenido de <a href=\"https:\/\/mothertobaby.org\/es\/\">MotherToBaby.org<\/a> o necesita ayuda con cualquier parte de nuestro sitio, comun\u00edquese con nosotros durante el horario comercial normal como se detalla a continuaci\u00f3n y estaremos encantados de ayudarlo.<\/p>\n\n\n\n<h4 class=\"wp-block-heading\" id=\"h-cont-ctenos\">Cont\u00e1ctenos<\/h4>\n\n\n\n<p>Comun\u00edquese con nosotros si desea informar un problema de accesibilidad, tiene alguna pregunta o necesita ayuda.<\/p>\n\n\n\n<p>Elizabeth Wasternack<br>Directora Ejecutiva<br><a href=\"mailto:ewasternack@mothertobaby.org\">ewasternack@mothertobaby.org<\/a><\/p>\n\n\n\n<p><strong><strong>Organizaci\u00f3n de Especialistas en Informaci\u00f3n de Teratolog\u00eda<\/strong><\/strong><br>5034A Thoroughbred Lane<br>Brentwood, Tennessee 37027<br>615.649.3082<\/p>\n\n\n\n<div style=\"height:100px\" aria-hidden=\"true\" class=\"wp-block-spacer\"><\/div>\n","protected":false},"excerpt":{"rendered":"<p>Nuestro Compromiso y Enfoque para Mantener un Sitio Web Accesible En la Organizaci\u00f3n de Especialistas en Informaci\u00f3n de Teratolog\u00eda (OTIS), nos esforzamos por garantizar que nuestros servicios y recursos de MotherToBaby sean accesibles para las personas con discapacidades. Hemos realizado cambios en nuestro sitio web, MotherToBaby.org, para garantizar que sea m\u00e1s f\u00e1cil de usar y [&hellip;]<\/p>\n","protected":false},"author":214,"featured_media":3137,"parent":0,"menu_order":0,"comment_status":"closed","ping_status":"closed","template":"page-templates\/inner-page.php","meta":{"_searchwp_excluded":"","_genesis_hide_title":false,"_genesis_hide_breadcrumbs":false,"_genesis_hide_singular_image":false,"_genesis_hide_footer_widgets":false,"_genesis_custom_body_class":"","_genesis_custom_post_class":"","_genesis_layout":"full-width-content","footnotes":""},"medical-specialty":[],"related-content":[],"class_list":{"0":"post-7534","1":"page","2":"type-page","3":"status-publish","4":"has-post-thumbnail","6":"entry"},"yoast_head":"<!-- This site is optimized with the Yoast SEO Premium plugin v20.13 (Yoast SEO v20.13) - https:\/\/yoast.com\/wordpress\/plugins\/seo\/ -->\n<title>Declaraci\u00f3n de Accesibilidad - MotherToBaby<\/title>\n<meta name=\"robots\" content=\"index, follow, max-snippet:-1, max-image-preview:large, max-video-preview:-1\" \/>\n<link rel=\"canonical\" href=\"https:\/\/mothertobaby.org\/es\/declaracion-de-accesibilidad\/\" \/>\n<meta property=\"og:locale\" content=\"es_ES\" \/>\n<meta property=\"og:type\" content=\"article\" \/>\n<meta property=\"og:title\" content=\"Declaraci\u00f3n de Accesibilidad\" \/>\n<meta property=\"og:description\" content=\"Nuestro Compromiso y Enfoque para Mantener un Sitio Web Accesible En la Organizaci\u00f3n de Especialistas en Informaci\u00f3n de Teratolog\u00eda (OTIS), nos esforzamos por garantizar que nuestros servicios y recursos de MotherToBaby sean accesibles para las personas con discapacidades. Hemos realizado cambios en nuestro sitio web, MotherToBaby.org, para garantizar que sea m\u00e1s f\u00e1cil de usar y [&hellip;]\" \/>\n<meta property=\"og:url\" content=\"https:\/\/mothertobaby.org\/es\/declaracion-de-accesibilidad\/\" \/>\n<meta property=\"og:site_name\" content=\"MotherToBaby\" \/>\n<meta property=\"article:modified_time\" content=\"2023-03-20T21:56:28+00:00\" \/>\n<meta property=\"og:image\" content=\"https:\/\/mothertobaby.org\/wp-content\/uploads\/2020\/09\/MotherToBaby-Header-1600x900-09.20.jpg\" \/>\n\t<meta property=\"og:image:width\" content=\"1600\" \/>\n\t<meta property=\"og:image:height\" content=\"900\" \/>\n\t<meta property=\"og:image:type\" content=\"image\/jpeg\" \/>\n<meta name=\"twitter:card\" content=\"summary_large_image\" \/>\n<meta name=\"twitter:label1\" content=\"Tiempo de lectura\" \/>\n\t<meta name=\"twitter:data1\" content=\"2 minutos\" \/>\n<script type=\"application\/ld+json\" class=\"yoast-schema-graph\">{\"@context\":\"https:\/\/schema.org\",\"@graph\":[{\"@type\":\"WebPage\",\"@id\":\"https:\/\/mothertobaby.org\/es\/declaracion-de-accesibilidad\/\",\"url\":\"https:\/\/mothertobaby.org\/es\/declaracion-de-accesibilidad\/\",\"name\":\"Declaraci\u00f3n de Accesibilidad - MotherToBaby\",\"isPartOf\":{\"@id\":\"https:\/\/mothertobaby.org\/es\/#website\"},\"datePublished\":\"2023-03-20T21:56:23+00:00\",\"dateModified\":\"2023-03-20T21:56:28+00:00\",\"breadcrumb\":{\"@id\":\"https:\/\/mothertobaby.org\/es\/declaracion-de-accesibilidad\/#breadcrumb\"},\"inLanguage\":\"es\",\"potentialAction\":[{\"@type\":\"ReadAction\",\"target\":[\"https:\/\/mothertobaby.org\/es\/declaracion-de-accesibilidad\/\"]}]},{\"@type\":\"BreadcrumbList\",\"@id\":\"https:\/\/mothertobaby.org\/es\/declaracion-de-accesibilidad\/#breadcrumb\",\"itemListElement\":[{\"@type\":\"ListItem\",\"position\":1,\"name\":\"Home\",\"item\":\"https:\/\/mothertobaby.org\/es\/\"},{\"@type\":\"ListItem\",\"position\":2,\"name\":\"Declaraci\u00f3n de Accesibilidad\"}]},{\"@type\":\"WebSite\",\"@id\":\"https:\/\/mothertobaby.org\/es\/#website\",\"url\":\"https:\/\/mothertobaby.org\/es\/\",\"name\":\"MotherToBaby\",\"description\":\"Medications and More during pregnancy and breastfeeding\",\"publisher\":{\"@id\":\"https:\/\/mothertobaby.org\/es\/#organization\"},\"potentialAction\":[{\"@type\":\"SearchAction\",\"target\":{\"@type\":\"EntryPoint\",\"urlTemplate\":\"https:\/\/mothertobaby.org\/es\/?s={search_term_string}\"},\"query-input\":\"required name=search_term_string\"}],\"inLanguage\":\"es\"},{\"@type\":\"Organization\",\"@id\":\"https:\/\/mothertobaby.org\/es\/#organization\",\"name\":\"MotherToBaby\",\"url\":\"https:\/\/mothertobaby.org\/es\/\",\"logo\":{\"@type\":\"ImageObject\",\"inLanguage\":\"es\",\"@id\":\"https:\/\/mothertobaby.org\/es\/#\/schema\/logo\/image\/\",\"url\":\"https:\/\/mothertobaby.org\/wp-content\/uploads\/2023\/06\/MTB-horz-copyright-sm-1.png\",\"contentUrl\":\"https:\/\/mothertobaby.org\/wp-content\/uploads\/2023\/06\/MTB-horz-copyright-sm-1.png\",\"width\":284,\"height\":52,\"caption\":\"MotherToBaby\"},\"image\":{\"@id\":\"https:\/\/mothertobaby.org\/es\/#\/schema\/logo\/image\/\"}}]}<\/script>\n<!-- \/ Yoast SEO Premium plugin. -->","yoast_head_json":{"title":"Declaraci\u00f3n de Accesibilidad - MotherToBaby","robots":{"index":"index","follow":"follow","max-snippet":"max-snippet:-1","max-image-preview":"max-image-preview:large","max-video-preview":"max-video-preview:-1"},"canonical":"https:\/\/mothertobaby.org\/es\/declaracion-de-accesibilidad\/","og_locale":"es_ES","og_type":"article","og_title":"Declaraci\u00f3n de Accesibilidad","og_description":"Nuestro Compromiso y Enfoque para Mantener un Sitio Web Accesible En la Organizaci\u00f3n de Especialistas en Informaci\u00f3n de Teratolog\u00eda (OTIS), nos esforzamos por garantizar que nuestros servicios y recursos de MotherToBaby sean accesibles para las personas con discapacidades. Hemos realizado cambios en nuestro sitio web, MotherToBaby.org, para garantizar que sea m\u00e1s f\u00e1cil de usar y [&hellip;]","og_url":"https:\/\/mothertobaby.org\/es\/declaracion-de-accesibilidad\/","og_site_name":"MotherToBaby","article_modified_time":"2023-03-20T21:56:28+00:00","og_image":[{"width":1600,"height":900,"url":"https:\/\/mothertobaby.org\/wp-content\/uploads\/2020\/09\/MotherToBaby-Header-1600x900-09.20.jpg","type":"image\/jpeg"}],"twitter_card":"summary_large_image","twitter_misc":{"Tiempo de lectura":"2 minutos"},"schema":{"@context":"https:\/\/schema.org","@graph":[{"@type":"WebPage","@id":"https:\/\/mothertobaby.org\/es\/declaracion-de-accesibilidad\/","url":"https:\/\/mothertobaby.org\/es\/declaracion-de-accesibilidad\/","name":"Declaraci\u00f3n de Accesibilidad - MotherToBaby","isPartOf":{"@id":"https:\/\/mothertobaby.org\/es\/#website"},"datePublished":"2023-03-20T21:56:23+00:00","dateModified":"2023-03-20T21:56:28+00:00","breadcrumb":{"@id":"https:\/\/mothertobaby.org\/es\/declaracion-de-accesibilidad\/#breadcrumb"},"inLanguage":"es","potentialAction":[{"@type":"ReadAction","target":["https:\/\/mothertobaby.org\/es\/declaracion-de-accesibilidad\/"]}]},{"@type":"BreadcrumbList","@id":"https:\/\/mothertobaby.org\/es\/declaracion-de-accesibilidad\/#breadcrumb","itemListElement":[{"@type":"ListItem","position":1,"name":"Home","item":"https:\/\/mothertobaby.org\/es\/"},{"@type":"ListItem","position":2,"name":"Declaraci\u00f3n de Accesibilidad"}]},{"@type":"WebSite","@id":"https:\/\/mothertobaby.org\/es\/#website","url":"https:\/\/mothertobaby.org\/es\/","name":"MotherToBaby","description":"Medications and More during pregnancy and breastfeeding","publisher":{"@id":"https:\/\/mothertobaby.org\/es\/#organization"},"potentialAction":[{"@type":"SearchAction","target":{"@type":"EntryPoint","urlTemplate":"https:\/\/mothertobaby.org\/es\/?s={search_term_string}"},"query-input":"required name=search_term_string"}],"inLanguage":"es"},{"@type":"Organization","@id":"https:\/\/mothertobaby.org\/es\/#organization","name":"MotherToBaby","url":"https:\/\/mothertobaby.org\/es\/","logo":{"@type":"ImageObject","inLanguage":"es","@id":"https:\/\/mothertobaby.org\/es\/#\/schema\/logo\/image\/","url":"https:\/\/mothertobaby.org\/wp-content\/uploads\/2023\/06\/MTB-horz-copyright-sm-1.png","contentUrl":"https:\/\/mothertobaby.org\/wp-content\/uploads\/2023\/06\/MTB-horz-copyright-sm-1.png","width":284,"height":52,"caption":"MotherToBaby"},"image":{"@id":"https:\/\/mothertobaby.org\/es\/#\/schema\/logo\/image\/"}}]}},"featured_image_src":"https:\/\/mothertobaby.org\/wp-content\/uploads\/2020\/09\/MotherToBaby-Header-1600x900-09.20.jpg","featured_image_src_square":"https:\/\/mothertobaby.org\/wp-content\/uploads\/2020\/09\/MotherToBaby-Header-1600x900-09.20.jpg","_links":{"self":[{"href":"https:\/\/mothertobaby.org\/es\/wp-json\/wp\/v2\/pages\/7534","targetHints":{"allow":["GET"]}}],"collection":[{"href":"https:\/\/mothertobaby.org\/es\/wp-json\/wp\/v2\/pages"}],"about":[{"href":"https:\/\/mothertobaby.org\/es\/wp-json\/wp\/v2\/types\/page"}],"author":[{"embeddable":true,"href":"https:\/\/mothertobaby.org\/es\/wp-json\/wp\/v2\/users\/214"}],"replies":[{"embeddable":true,"href":"https:\/\/mothertobaby.org\/es\/wp-json\/wp\/v2\/comments?post=7534"}],"version-history":[{"count":0,"href":"https:\/\/mothertobaby.org\/es\/wp-json\/wp\/v2\/pages\/7534\/revisions"}],"wp:featuredmedia":[{"embeddable":true,"href":"https:\/\/mothertobaby.org\/es\/wp-json\/wp\/v2\/media\/3137"}],"wp:attachment":[{"href":"https:\/\/mothertobaby.org\/es\/wp-json\/wp\/v2\/media?parent=7534"}],"wp:term":[{"taxonomy":"medical-specialty","embeddable":true,"href":"https:\/\/mothertobaby.org\/es\/wp-json\/wp\/v2\/medical-specialty?post=7534"},{"taxonomy":"related-content","embeddable":true,"href":"https:\/\/mothertobaby.org\/es\/wp-json\/wp\/v2\/related-content?post=7534"}],"curies":[{"name":"wp","href":"https:\/\/api.w.org\/{rel}","templated":true}]}}