{"id":7717,"date":"2023-04-25T10:34:44","date_gmt":"2023-04-25T17:34:44","guid":{"rendered":"https:\/\/mothertobaby.org\/?page_id=7717"},"modified":"2023-09-26T10:00:38","modified_gmt":"2023-09-26T17:00:38","slug":"florida","status":"publish","type":"page","link":"https:\/\/mothertobaby.org\/es\/en-su-area\/florida\/","title":{"rendered":"MotherToBaby Florida"},"content":{"rendered":"\n<h2 class=\"wp-block-heading\" id=\"h-proporcionar-informaci-n-sobre-la-exposici-n-durante-el-embarazo-y-la-lactancia-a-los-residentes-de-florida\">Proporcionar Informaci\u00f3n sobre la Exposici\u00f3n Durante el Embarazo y la Lactancia a los Residentes de Florida<\/h2>\n\n\n\n<p>Los especialistas de MotherToBaby Florida responden preguntas sobre exposiciones durante el embarazo y la lactancia para los residentes de Florida. Estamos alojados y financiados por el Departamento de Obstetricia y Ginecolog\u00eda de la Facultad de Medicina Morsani de la Universidad del Sur de Florida (USF).&nbsp;<\/p>\n\n\n\n<p>Nuestros especialistas tambi\u00e9n atienden a pacientes en persona o a trav\u00e9s de telesalud en The Exposure Clinic en USF Health, donde nuestro equipo de asesores gen\u00e9ticos certificados y un especialista en medicina materno-fetal se re\u00fanen con cada paciente en todas las etapas del embarazo: la preconcepci\u00f3n, el embarazo y la lactancia. Juntos, brindan a los pacientes y a sus proveedores de atenci\u00f3n de salud la informaci\u00f3n m\u00e1s precisa sobre riesgos de exposici\u00f3n para que puedan tomar decisiones informadas sobre el tratamiento y la gesti\u00f3n, con el objetivo de reducir los defectos de nacimiento y las complicaciones m\u00e9dicas. Para obtener m\u00e1s informaci\u00f3n o saber c\u00f3mo programar una cita, visite <a href=\"https:\/\/health.usf.edu\/care\/obgyn\/services-specialties\/teratogen-exposure\">https:\/\/health.usf.edu\/medicine\/pediatrics\/cic\/exposure-clinic<\/a>.<\/p>\n\n\n\n<hr class=\"wp-block-separator has-css-opacity\"\/>\n\n\n\n<h3 class=\"wp-block-heading\" id=\"h-cont-ctenos\">Cont\u00e1ctenos<\/h3>\n\n\n\n<p>MotherToBaby Florida <br>University of South Florida <br>South Tampa Center <br>2 Tampa General Circle, 6th Floor <br>Tampa, FL, 33606<\/p>\n\n\n\n<p>813.459.3913<br><a href=\"mailto:mothertobabyfl@mothertobaby.org\">mothertobabyfl@mothertobaby.org<\/a><\/p>\n\n\n\n<p>Horario: abierto de lunes a viernes de 9:00&nbsp;a.m. a 4:00 p.m., hora del Este, excepto feriados federales<br>Idiomas: ingl\u00e9s y espa\u00f1ol<\/p>\n\n\n\n<ul class=\"wp-block-social-links is-layout-flex wp-block-social-links-is-layout-flex\"><li class=\"wp-social-link wp-social-link-twitter  wp-block-social-link\"><a href=\"https:\/\/Twitter.com\/mothertobabyfl\" class=\"wp-block-social-link-anchor\"><svg width=\"24\" height=\"24\" viewBox=\"0 0 24 24\" version=\"1.1\" xmlns=\"http:\/\/www.w3.org\/2000\/svg\" aria-hidden=\"true\" focusable=\"false\"><path d=\"M22.23,5.924c-0.736,0.326-1.527,0.547-2.357,0.646c0.847-0.508,1.498-1.312,1.804-2.27 c-0.793,0.47-1.671,0.812-2.606,0.996C18.324,4.498,17.257,4,16.077,4c-2.266,0-4.103,1.837-4.103,4.103 c0,0.322,0.036,0.635,0.106,0.935C8.67,8.867,5.647,7.234,3.623,4.751C3.27,5.357,3.067,6.062,3.067,6.814 c0,1.424,0.724,2.679,1.825,3.415c-0.673-0.021-1.305-0.206-1.859-0.513c0,0.017,0,0.034,0,0.052c0,1.988,1.414,3.647,3.292,4.023 c-0.344,0.094-0.707,0.144-1.081,0.144c-0.264,0-0.521-0.026-0.772-0.074c0.522,1.63,2.038,2.816,3.833,2.85 c-1.404,1.1-3.174,1.756-5.096,1.756c-0.331,0-0.658-0.019-0.979-0.057c1.816,1.164,3.973,1.843,6.29,1.843 c7.547,0,11.675-6.252,11.675-11.675c0-0.178-0.004-0.355-0.012-0.531C20.985,7.47,21.68,6.747,22.23,5.924z\"><\/path><\/svg><span class=\"wp-block-social-link-label screen-reader-text\">Twitter<\/span><\/a><\/li><\/ul>\n\n\n\n<hr class=\"wp-block-separator has-css-opacity\"\/>\n\n\n\n<h3 class=\"wp-block-heading\" id=\"tw-target-text\">Conozca a Nuestro Equipo<\/h3>\n\n\n\n<div class=\"wp-block-genesis-blocks-gb-accordion gb-block-accordion\"><details><summary class=\"gb-accordion-title\">Sarah Obi\u010dan, MD<\/summary><div class=\"gb-accordion-text\">\n<div class=\"wp-block-genesis-blocks-gb-columns gb-layout-columns-2 gb-2-col-wideleft\"><div class=\"gb-layout-column-wrap gb-block-layout-column-gap-2 gb-is-responsive-column\">\n<div class=\"wp-block-genesis-blocks-gb-column gb-block-layout-column\"><div class=\"gb-block-layout-column-inner\">\n<p>La Dra. Obi\u010dan es la directora m\u00e9dica de MotherToBaby Florida. Es una obstetra\/ginec\u00f3loga certificada por la junta que se especializa en medicina materno-fetal, con investigaci\u00f3n particular e inter\u00e9s cl\u00ednico en teratolog\u00eda, ecocardiograf\u00eda fetal y terapia fetal. Complet\u00f3 su doctorado en Medicina en la Facultad de Medicina de la Universidad de Miami, una residencia en Obstetricia y Ginecolog\u00eda en la Universidad George Washington y una especializaci\u00f3n en medicina materno-fetal en el Centro M\u00e9dico de la Universidad de Columbia. Tambi\u00e9n tiene una beca de capacitaci\u00f3n en teratolog\u00eda reproductiva y toxicolog\u00eda. La Dra. Obi\u010dan es profesora adjunta en la Universidad del Sur de Florida en el Departamento de Obstetricia y Ginecolog\u00eda, divisi\u00f3n de Medicina Materno-Fetal.&nbsp;<\/p>\n<\/div><\/div>\n\n\n\n<div class=\"wp-block-genesis-blocks-gb-column gb-block-layout-column\"><div class=\"gb-block-layout-column-inner\">\n<figure class=\"wp-block-image size-large is-style-default\"><img loading=\"lazy\" decoding=\"async\" width=\"400\" height=\"350\" src=\"https:\/\/mothertobaby.org\/wp-content\/uploads\/2020\/07\/MotherToBaby-Sarah-Obican-400x350-07.20.jpg\" alt=\"\" class=\"wp-image-2455\" srcset=\"https:\/\/mothertobaby.org\/wp-content\/uploads\/2020\/07\/MotherToBaby-Sarah-Obican-400x350-07.20.jpg 400w, https:\/\/mothertobaby.org\/wp-content\/uploads\/2020\/07\/MotherToBaby-Sarah-Obican-400x350-07.20-300x263.jpg 300w\" sizes=\"auto, (max-width: 400px) 100vw, 400px\" \/><\/figure>\n<\/div><\/div>\n<\/div><\/div>\n<\/div><\/details><\/div>\n\n\n\n<div class=\"wp-block-genesis-blocks-gb-accordion gb-block-accordion\"><details><summary class=\"gb-accordion-title\">Nevena Krsti\u0107, MS, CGC<\/summary><div class=\"gb-accordion-text\">\n<div class=\"wp-block-genesis-blocks-gb-columns gb-layout-columns-2 gb-2-col-wideleft\"><div class=\"gb-layout-column-wrap gb-block-layout-column-gap-2 gb-is-responsive-column\">\n<div class=\"wp-block-genesis-blocks-gb-column gb-block-layout-column\"><div class=\"gb-block-layout-column-inner\">\n<p>Nevena es consejera gen\u00e9tica certificada por la junta y profesora adjunta en la divisi\u00f3n de Medicina Materno-Fetal de la Universidad del Sur de Florida (USF) y se desempe\u00f1a como coordinadora de Programas e Investigaci\u00f3n en MotherToBaby Florida. Adem\u00e1s de brindar asesoramiento como especialista en informaci\u00f3n en MotherToBaby Florida y USF Exposures Clinic, brinda asesoramiento gen\u00e9tico prenatal y previo a la concepci\u00f3n en varias cl\u00ednicas en el \u00e1rea de Tampa Bay. Brinda supervisi\u00f3n cl\u00ednica e instrucci\u00f3n de cursos para estudiantes del Programa de Asesoramiento Gen\u00e9tico de la USF. Nevena obtuvo su maestr\u00eda en Asesoramiento Gen\u00e9tico del Centro de Ciencias de la Salud de la Universidad de Texas en Houston en 2012.<\/p>\n<\/div><\/div>\n\n\n\n<div class=\"wp-block-genesis-blocks-gb-column gb-block-layout-column\"><div class=\"gb-block-layout-column-inner\">\n<figure class=\"wp-block-image size-large\"><img loading=\"lazy\" decoding=\"async\" width=\"400\" height=\"350\" src=\"https:\/\/mothertobaby.org\/wp-content\/uploads\/2020\/07\/MotherToBaby-Nevena-Krstic-400x350-07.20.jpg\" alt=\"\" class=\"wp-image-2445\" srcset=\"https:\/\/mothertobaby.org\/wp-content\/uploads\/2020\/07\/MotherToBaby-Nevena-Krstic-400x350-07.20.jpg 400w, https:\/\/mothertobaby.org\/wp-content\/uploads\/2020\/07\/MotherToBaby-Nevena-Krstic-400x350-07.20-300x263.jpg 300w\" sizes=\"auto, (max-width: 400px) 100vw, 400px\" \/><\/figure>\n<\/div><\/div>\n<\/div><\/div>\n<\/div><\/details><\/div>\n\n\n\n<div class=\"wp-block-genesis-blocks-gb-accordion gb-block-accordion\"><details><summary class=\"gb-accordion-title\">R\u00e9ka M\u00fcller, MSPH, CGC<\/summary><div class=\"gb-accordion-text\">\n<div class=\"wp-block-genesis-blocks-gb-columns gb-layout-columns-2 gb-2-col-wideleft\"><div class=\"gb-layout-column-wrap gb-block-layout-column-gap-2 gb-is-responsive-column\">\n<div class=\"wp-block-genesis-blocks-gb-column gb-block-layout-column\"><div class=\"gb-block-layout-column-inner\">\n<p>R\u00e9ka es consejera gen\u00e9tica certificada por la junta e instructora cl\u00ednica de la divisi\u00f3n de Medicina Materno-Fetal de la Universidad del Sur de Florida (USF). Adem\u00e1s de brindar asesoramiento como especialista en informaci\u00f3n en MotherToBaby Florida y USF Exposures Clinic, brinda asesoramiento gen\u00e9tico prenatal y previo a la concepci\u00f3n en varias cl\u00ednicas en el \u00e1rea de Tampa Bay. Tambi\u00e9n proporciona supervisi\u00f3n cl\u00ednica e instrucci\u00f3n de cursos para estudiantes del Programa de Asesoramiento Gen\u00e9tico de la USF. R\u00e9ka, originaria de Budapest, Hungr\u00eda, obtuvo su maestr\u00eda en Salud P\u00fablica en Asesoramiento Gen\u00e9tico de la Universidad del Sur de Florida en 2019.<\/p>\n<\/div><\/div>\n\n\n\n<div class=\"wp-block-genesis-blocks-gb-column gb-block-layout-column\"><div class=\"gb-block-layout-column-inner\">\n<figure class=\"wp-block-image size-large\"><img loading=\"lazy\" decoding=\"async\" width=\"400\" height=\"350\" src=\"https:\/\/mothertobaby.org\/wp-content\/uploads\/2020\/07\/MotherToBaby-Reka-Muller-400x350-07.20.jpg\" alt=\"\" class=\"wp-image-2470\" srcset=\"https:\/\/mothertobaby.org\/wp-content\/uploads\/2020\/07\/MotherToBaby-Reka-Muller-400x350-07.20.jpg 400w, https:\/\/mothertobaby.org\/wp-content\/uploads\/2020\/07\/MotherToBaby-Reka-Muller-400x350-07.20-300x263.jpg 300w\" sizes=\"auto, (max-width: 400px) 100vw, 400px\" \/><\/figure>\n<\/div><\/div>\n<\/div><\/div>\n<\/div><\/details><\/div>\n\n\n\n<div style=\"height:100px\" aria-hidden=\"true\" class=\"wp-block-spacer\"><\/div>\n\n\n\n<div style=\"background-color:#42256a;text-align:center\" class=\"wp-block-genesis-blocks-gb-cta mtb-bottom-cta mtb-single-cta gb-block-cta gb-font-size-20 alignfull\"><div class=\"gb-cta-content\"><h2 class=\"gb-cta-title gb-font-size-30\" style=\"color:#ffffff\"><strong>Manteng\u00e1monos en contacto<\/strong><\/h2><div class=\"gb-cta-text gb-font-size-32\" style=\"color:#ffffff\"><p>Nuestro bolet\u00edn electr\u00f3nico le brinda la informaci\u00f3n, las noticias, y los recursos m\u00e1s recientes de los expertos de MotherToBaby.<\/p><\/div><\/div><div class=\"gb-cta-button\"><a href=\"https:\/\/mothertobaby.org\/es\/inscribirse-para-boletin-electronico\/\" target=\"_self\" rel=\"noopener noreferrer\" class=\"gb-button gb-button-shape-rounded gb-button-size-medium\" style=\"color:#ffffff;background-color:#26a68b\">Inscribirse Ahora<\/a><\/div><\/div>\n\n\n\n<p><\/p>\n","protected":false},"excerpt":{"rendered":"<p>Proporcionar Informaci\u00f3n sobre la Exposici\u00f3n Durante el Embarazo y la Lactancia a los Residentes de Florida Los especialistas de MotherToBaby Florida responden preguntas sobre exposiciones durante el embarazo y la lactancia para los residentes de Florida. Estamos alojados y financiados por el Departamento de Obstetricia y Ginecolog\u00eda de la Facultad de Medicina Morsani de la [&hellip;]<\/p>\n","protected":false},"author":214,"featured_media":2851,"parent":6747,"menu_order":0,"comment_status":"closed","ping_status":"closed","template":"page-templates\/inner-page.php","meta":{"_searchwp_excluded":"","_genesis_hide_title":false,"_genesis_hide_breadcrumbs":false,"_genesis_hide_singular_image":false,"_genesis_hide_footer_widgets":false,"_genesis_custom_body_class":"","_genesis_custom_post_class":"","_genesis_layout":"full-width-content","footnotes":""},"medical-specialty":[],"related-content":[],"class_list":{"0":"post-7717","1":"page","2":"type-page","3":"status-publish","4":"has-post-thumbnail","6":"entry"},"yoast_head":"<!-- This site is optimized with the Yoast SEO Premium plugin v20.13 (Yoast SEO v20.13) - https:\/\/yoast.com\/wordpress\/plugins\/seo\/ -->\n<title>MotherToBaby Florida - MotherToBaby<\/title>\n<meta name=\"robots\" content=\"index, follow, max-snippet:-1, max-image-preview:large, max-video-preview:-1\" \/>\n<link rel=\"canonical\" href=\"https:\/\/mothertobaby.org\/es\/en-su-area\/florida\/\" \/>\n<meta property=\"og:locale\" content=\"es_ES\" \/>\n<meta property=\"og:type\" content=\"article\" \/>\n<meta property=\"og:title\" content=\"MotherToBaby Florida\" \/>\n<meta property=\"og:description\" content=\"Proporcionar Informaci\u00f3n sobre la Exposici\u00f3n Durante el Embarazo y la Lactancia a los Residentes de Florida Los especialistas de MotherToBaby Florida responden preguntas sobre exposiciones durante el embarazo y la lactancia para los residentes de Florida. Estamos alojados y financiados por el Departamento de Obstetricia y Ginecolog\u00eda de la Facultad de Medicina Morsani de la [&hellip;]\" \/>\n<meta property=\"og:url\" content=\"https:\/\/mothertobaby.org\/es\/en-su-area\/florida\/\" \/>\n<meta property=\"og:site_name\" content=\"MotherToBaby\" \/>\n<meta property=\"article:modified_time\" content=\"2023-09-26T17:00:38+00:00\" \/>\n<meta property=\"og:image\" content=\"https:\/\/mothertobaby.org\/wp-content\/uploads\/2020\/09\/MotherToBaby-Florida-Affiliates-Header-1600x900-09.20.jpg\" \/>\n\t<meta property=\"og:image:width\" content=\"1600\" \/>\n\t<meta property=\"og:image:height\" content=\"900\" \/>\n\t<meta property=\"og:image:type\" content=\"image\/jpeg\" \/>\n<meta name=\"twitter:card\" content=\"summary_large_image\" \/>\n<meta name=\"twitter:label1\" content=\"Tiempo de lectura\" \/>\n\t<meta name=\"twitter:data1\" content=\"3 minutos\" \/>\n<script type=\"application\/ld+json\" class=\"yoast-schema-graph\">{\"@context\":\"https:\/\/schema.org\",\"@graph\":[{\"@type\":\"WebPage\",\"@id\":\"https:\/\/mothertobaby.org\/es\/en-su-area\/florida\/\",\"url\":\"https:\/\/mothertobaby.org\/es\/en-su-area\/florida\/\",\"name\":\"MotherToBaby Florida - MotherToBaby\",\"isPartOf\":{\"@id\":\"https:\/\/mothertobaby.org\/es\/#website\"},\"datePublished\":\"2023-04-25T17:34:44+00:00\",\"dateModified\":\"2023-09-26T17:00:38+00:00\",\"breadcrumb\":{\"@id\":\"https:\/\/mothertobaby.org\/es\/en-su-area\/florida\/#breadcrumb\"},\"inLanguage\":\"es\",\"potentialAction\":[{\"@type\":\"ReadAction\",\"target\":[\"https:\/\/mothertobaby.org\/es\/en-su-area\/florida\/\"]}]},{\"@type\":\"BreadcrumbList\",\"@id\":\"https:\/\/mothertobaby.org\/es\/en-su-area\/florida\/#breadcrumb\",\"itemListElement\":[{\"@type\":\"ListItem\",\"position\":1,\"name\":\"Home\",\"item\":\"https:\/\/mothertobaby.org\/es\/\"},{\"@type\":\"ListItem\",\"position\":2,\"name\":\"En Su \u00c1rea\",\"item\":\"https:\/\/mothertobaby.org\/es\/en-su-area\/\"},{\"@type\":\"ListItem\",\"position\":3,\"name\":\"MotherToBaby Florida\"}]},{\"@type\":\"WebSite\",\"@id\":\"https:\/\/mothertobaby.org\/es\/#website\",\"url\":\"https:\/\/mothertobaby.org\/es\/\",\"name\":\"MotherToBaby\",\"description\":\"Medications and More during pregnancy and breastfeeding\",\"publisher\":{\"@id\":\"https:\/\/mothertobaby.org\/es\/#organization\"},\"potentialAction\":[{\"@type\":\"SearchAction\",\"target\":{\"@type\":\"EntryPoint\",\"urlTemplate\":\"https:\/\/mothertobaby.org\/es\/?s={search_term_string}\"},\"query-input\":\"required name=search_term_string\"}],\"inLanguage\":\"es\"},{\"@type\":\"Organization\",\"@id\":\"https:\/\/mothertobaby.org\/es\/#organization\",\"name\":\"MotherToBaby\",\"url\":\"https:\/\/mothertobaby.org\/es\/\",\"logo\":{\"@type\":\"ImageObject\",\"inLanguage\":\"es\",\"@id\":\"https:\/\/mothertobaby.org\/es\/#\/schema\/logo\/image\/\",\"url\":\"https:\/\/mothertobaby.org\/wp-content\/uploads\/2023\/06\/MTB-horz-copyright-sm-1.png\",\"contentUrl\":\"https:\/\/mothertobaby.org\/wp-content\/uploads\/2023\/06\/MTB-horz-copyright-sm-1.png\",\"width\":284,\"height\":52,\"caption\":\"MotherToBaby\"},\"image\":{\"@id\":\"https:\/\/mothertobaby.org\/es\/#\/schema\/logo\/image\/\"}}]}<\/script>\n<!-- \/ Yoast SEO Premium plugin. -->","yoast_head_json":{"title":"MotherToBaby Florida - MotherToBaby","robots":{"index":"index","follow":"follow","max-snippet":"max-snippet:-1","max-image-preview":"max-image-preview:large","max-video-preview":"max-video-preview:-1"},"canonical":"https:\/\/mothertobaby.org\/es\/en-su-area\/florida\/","og_locale":"es_ES","og_type":"article","og_title":"MotherToBaby Florida","og_description":"Proporcionar Informaci\u00f3n sobre la Exposici\u00f3n Durante el Embarazo y la Lactancia a los Residentes de Florida Los especialistas de MotherToBaby Florida responden preguntas sobre exposiciones durante el embarazo y la lactancia para los residentes de Florida. Estamos alojados y financiados por el Departamento de Obstetricia y Ginecolog\u00eda de la Facultad de Medicina Morsani de la [&hellip;]","og_url":"https:\/\/mothertobaby.org\/es\/en-su-area\/florida\/","og_site_name":"MotherToBaby","article_modified_time":"2023-09-26T17:00:38+00:00","og_image":[{"width":1600,"height":900,"url":"https:\/\/mothertobaby.org\/wp-content\/uploads\/2020\/09\/MotherToBaby-Florida-Affiliates-Header-1600x900-09.20.jpg","type":"image\/jpeg"}],"twitter_card":"summary_large_image","twitter_misc":{"Tiempo de lectura":"3 minutos"},"schema":{"@context":"https:\/\/schema.org","@graph":[{"@type":"WebPage","@id":"https:\/\/mothertobaby.org\/es\/en-su-area\/florida\/","url":"https:\/\/mothertobaby.org\/es\/en-su-area\/florida\/","name":"MotherToBaby Florida - MotherToBaby","isPartOf":{"@id":"https:\/\/mothertobaby.org\/es\/#website"},"datePublished":"2023-04-25T17:34:44+00:00","dateModified":"2023-09-26T17:00:38+00:00","breadcrumb":{"@id":"https:\/\/mothertobaby.org\/es\/en-su-area\/florida\/#breadcrumb"},"inLanguage":"es","potentialAction":[{"@type":"ReadAction","target":["https:\/\/mothertobaby.org\/es\/en-su-area\/florida\/"]}]},{"@type":"BreadcrumbList","@id":"https:\/\/mothertobaby.org\/es\/en-su-area\/florida\/#breadcrumb","itemListElement":[{"@type":"ListItem","position":1,"name":"Home","item":"https:\/\/mothertobaby.org\/es\/"},{"@type":"ListItem","position":2,"name":"En Su \u00c1rea","item":"https:\/\/mothertobaby.org\/es\/en-su-area\/"},{"@type":"ListItem","position":3,"name":"MotherToBaby Florida"}]},{"@type":"WebSite","@id":"https:\/\/mothertobaby.org\/es\/#website","url":"https:\/\/mothertobaby.org\/es\/","name":"MotherToBaby","description":"Medications and More during pregnancy and breastfeeding","publisher":{"@id":"https:\/\/mothertobaby.org\/es\/#organization"},"potentialAction":[{"@type":"SearchAction","target":{"@type":"EntryPoint","urlTemplate":"https:\/\/mothertobaby.org\/es\/?s={search_term_string}"},"query-input":"required name=search_term_string"}],"inLanguage":"es"},{"@type":"Organization","@id":"https:\/\/mothertobaby.org\/es\/#organization","name":"MotherToBaby","url":"https:\/\/mothertobaby.org\/es\/","logo":{"@type":"ImageObject","inLanguage":"es","@id":"https:\/\/mothertobaby.org\/es\/#\/schema\/logo\/image\/","url":"https:\/\/mothertobaby.org\/wp-content\/uploads\/2023\/06\/MTB-horz-copyright-sm-1.png","contentUrl":"https:\/\/mothertobaby.org\/wp-content\/uploads\/2023\/06\/MTB-horz-copyright-sm-1.png","width":284,"height":52,"caption":"MotherToBaby"},"image":{"@id":"https:\/\/mothertobaby.org\/es\/#\/schema\/logo\/image\/"}}]}},"featured_image_src":"https:\/\/mothertobaby.org\/wp-content\/uploads\/2020\/09\/MotherToBaby-Florida-Affiliates-Header-1600x900-09.20.jpg","featured_image_src_square":"https:\/\/mothertobaby.org\/wp-content\/uploads\/2020\/09\/MotherToBaby-Florida-Affiliates-Header-1600x900-09.20.jpg","_links":{"self":[{"href":"https:\/\/mothertobaby.org\/es\/wp-json\/wp\/v2\/pages\/7717","targetHints":{"allow":["GET"]}}],"collection":[{"href":"https:\/\/mothertobaby.org\/es\/wp-json\/wp\/v2\/pages"}],"about":[{"href":"https:\/\/mothertobaby.org\/es\/wp-json\/wp\/v2\/types\/page"}],"author":[{"embeddable":true,"href":"https:\/\/mothertobaby.org\/es\/wp-json\/wp\/v2\/users\/214"}],"replies":[{"embeddable":true,"href":"https:\/\/mothertobaby.org\/es\/wp-json\/wp\/v2\/comments?post=7717"}],"version-history":[{"count":0,"href":"https:\/\/mothertobaby.org\/es\/wp-json\/wp\/v2\/pages\/7717\/revisions"}],"up":[{"embeddable":true,"href":"https:\/\/mothertobaby.org\/es\/wp-json\/wp\/v2\/pages\/6747"}],"wp:featuredmedia":[{"embeddable":true,"href":"https:\/\/mothertobaby.org\/es\/wp-json\/wp\/v2\/media\/2851"}],"wp:attachment":[{"href":"https:\/\/mothertobaby.org\/es\/wp-json\/wp\/v2\/media?parent=7717"}],"wp:term":[{"taxonomy":"medical-specialty","embeddable":true,"href":"https:\/\/mothertobaby.org\/es\/wp-json\/wp\/v2\/medical-specialty?post=7717"},{"taxonomy":"related-content","embeddable":true,"href":"https:\/\/mothertobaby.org\/es\/wp-json\/wp\/v2\/related-content?post=7717"}],"curies":[{"name":"wp","href":"https:\/\/api.w.org\/{rel}","templated":true}]}}