{"id":7718,"date":"2023-04-25T10:42:56","date_gmt":"2023-04-25T17:42:56","guid":{"rendered":"https:\/\/mothertobaby.org\/?page_id=7718"},"modified":"2023-09-26T10:03:57","modified_gmt":"2023-09-26T17:03:57","slug":"georgia","status":"publish","type":"page","link":"https:\/\/mothertobaby.org\/es\/en-su-area\/georgia\/","title":{"rendered":"MotherToBaby Georgia"},"content":{"rendered":"\n<h2 class=\"wp-block-heading\" id=\"h-proporcionar-informaci-n-sobre-la-exposici-n-durante-el-embarazo-y-la-lactancia-a-los-residentes-del-sudeste-de-los-ee-uu\">Proporcionar Informaci\u00f3n sobre la Exposici\u00f3n Durante el Embarazo y la Lactancia a los Residentes del Sudeste de los EE. UU.<\/h2>\n\n\n\n<p>Los especialistas de MotherToBaby Georgia responden preguntas sobre exposiciones durante el embarazo y la lactancia para residentes en los estados de Alabama, Georgia, Tennessee y Misisipi. Tambi\u00e9n ofrecemos seminarios web educativos, presentaciones y capacitaciones para organismos comunitarios, organizaciones profesionales y proveedores de atenci\u00f3n de salud. MotherToBaby Georgia est\u00e1 financiado por el Departamento de Salud del Comportamiento y Discapacidades del Desarrollo de Georgia. Estamos alojados en el <a href=\"http:\/\/msacd.emory.edu\/About%20Us\/index.html\" target=\"_blank\" rel=\"noreferrer noopener\">Center for Maternal Substance Abuse and Child Development<\/a> de la Facultad de Medicina de la Universidad de Emory.<\/p>\n\n\n\n<hr class=\"wp-block-separator has-css-opacity\"\/>\n\n\n\n<h3 class=\"wp-block-heading\" id=\"h-cont-ctenos\">Cont\u00e1ctenos<\/h3>\n\n\n\n<p>855.789.6222 (llamada gratuita)<br><a href=\"mailto:Mothertobaby@emory.edu\" target=\"_blank\" rel=\"noreferrer noopener\">Mothertobaby@emory.edu<\/a><br>Horario: abierto de lunes a viernes de 9:00&nbsp;a.m. a 5:00 p.m., hora del Este, excepto feriados federales<br>Idiomas: ingl\u00e9s<\/p>\n\n\n\n<ul class=\"wp-block-social-links is-layout-flex wp-block-social-links-is-layout-flex\"><li class=\"wp-social-link wp-social-link-facebook  wp-block-social-link\"><a href=\"https:\/\/Facebook.com\/mothertobabyga\" class=\"wp-block-social-link-anchor\"><svg width=\"24\" height=\"24\" viewBox=\"0 0 24 24\" version=\"1.1\" xmlns=\"http:\/\/www.w3.org\/2000\/svg\" aria-hidden=\"true\" focusable=\"false\"><path d=\"M12 2C6.5 2 2 6.5 2 12c0 5 3.7 9.1 8.4 9.9v-7H7.9V12h2.5V9.8c0-2.5 1.5-3.9 3.8-3.9 1.1 0 2.2.2 2.2.2v2.5h-1.3c-1.2 0-1.6.8-1.6 1.6V12h2.8l-.4 2.9h-2.3v7C18.3 21.1 22 17 22 12c0-5.5-4.5-10-10-10z\"><\/path><\/svg><span class=\"wp-block-social-link-label screen-reader-text\">Facebook<\/span><\/a><\/li>\n\n<li class=\"wp-social-link wp-social-link-twitter  wp-block-social-link\"><a href=\"https:\/\/Twitter.com\/mothertobabyga\" class=\"wp-block-social-link-anchor\"><svg width=\"24\" height=\"24\" viewBox=\"0 0 24 24\" version=\"1.1\" xmlns=\"http:\/\/www.w3.org\/2000\/svg\" aria-hidden=\"true\" focusable=\"false\"><path d=\"M22.23,5.924c-0.736,0.326-1.527,0.547-2.357,0.646c0.847-0.508,1.498-1.312,1.804-2.27 c-0.793,0.47-1.671,0.812-2.606,0.996C18.324,4.498,17.257,4,16.077,4c-2.266,0-4.103,1.837-4.103,4.103 c0,0.322,0.036,0.635,0.106,0.935C8.67,8.867,5.647,7.234,3.623,4.751C3.27,5.357,3.067,6.062,3.067,6.814 c0,1.424,0.724,2.679,1.825,3.415c-0.673-0.021-1.305-0.206-1.859-0.513c0,0.017,0,0.034,0,0.052c0,1.988,1.414,3.647,3.292,4.023 c-0.344,0.094-0.707,0.144-1.081,0.144c-0.264,0-0.521-0.026-0.772-0.074c0.522,1.63,2.038,2.816,3.833,2.85 c-1.404,1.1-3.174,1.756-5.096,1.756c-0.331,0-0.658-0.019-0.979-0.057c1.816,1.164,3.973,1.843,6.29,1.843 c7.547,0,11.675-6.252,11.675-11.675c0-0.178-0.004-0.355-0.012-0.531C20.985,7.47,21.68,6.747,22.23,5.924z\"><\/path><\/svg><span class=\"wp-block-social-link-label screen-reader-text\">Twitter<\/span><\/a><\/li><\/ul>\n\n\n\n<hr class=\"wp-block-separator has-css-opacity\"\/>\n\n\n\n<h3 class=\"wp-block-heading\" id=\"h-conozca-a-nuestro-equipo\">Conozca a Nuestro Equipo<\/h3>\n\n\n\n<div class=\"wp-block-genesis-blocks-gb-accordion gb-block-accordion\"><details><summary class=\"gb-accordion-title\">Claire Coles, PhD<\/summary><div class=\"gb-accordion-text\">\n<div class=\"wp-block-genesis-blocks-gb-columns gb-layout-columns-2 gb-2-col-wideleft\"><div class=\"gb-layout-column-wrap gb-block-layout-column-gap-2 gb-is-responsive-column\">\n<div class=\"wp-block-genesis-blocks-gb-column gb-block-layout-column\"><div class=\"gb-block-layout-column-inner\">\n<p>La Dra. Coles es directora de MotherToBaby Georgia y profesora de Psiquiatr\u00eda y Ciencias del Comportamiento y Pediatr\u00eda en la Universidad de Emory, donde tambi\u00e9n es directora del laboratorio del Center for Maternal Substance Abuse and Child Development. Su experiencia se centra en los efectos sobre el desarrollo y el comportamiento de la exposici\u00f3n prenatal a las drogas y el alcohol y la interacci\u00f3n de estos efectos con el entorno posnatal. Fue una de las primeras en describir los efectos conductuales de la exposici\u00f3n prenatal al alcohol y en investigar los efectos de la exposici\u00f3n a la coca\u00edna en el desarrollo infantil.<\/p>\n<\/div><\/div>\n\n\n\n<div class=\"wp-block-genesis-blocks-gb-column gb-block-layout-column\"><div class=\"gb-block-layout-column-inner\">\n<figure class=\"wp-block-image size-large is-style-default\"><img loading=\"lazy\" decoding=\"async\" width=\"400\" height=\"350\" src=\"https:\/\/mothertobaby.org\/wp-content\/uploads\/2020\/07\/MotherToBaby-Claire-Coles-400-x350-07.20.jpg\" alt=\"\" class=\"wp-image-2402\" srcset=\"https:\/\/mothertobaby.org\/wp-content\/uploads\/2020\/07\/MotherToBaby-Claire-Coles-400-x350-07.20.jpg 400w, https:\/\/mothertobaby.org\/wp-content\/uploads\/2020\/07\/MotherToBaby-Claire-Coles-400-x350-07.20-300x263.jpg 300w\" sizes=\"auto, (max-width: 400px) 100vw, 400px\" \/><\/figure>\n<\/div><\/div>\n<\/div><\/div>\n<\/div><\/details><\/div>\n\n\n\n<div class=\"wp-block-genesis-blocks-gb-accordion gb-block-accordion\"><details><summary class=\"gb-accordion-title\">Hailey Hazard, MPH, CHES\u00a0<\/summary><div class=\"gb-accordion-text\">\n<div class=\"wp-block-genesis-blocks-gb-columns gb-layout-columns-2 gb-2-col-wideleft\"><div class=\"gb-layout-column-wrap gb-block-layout-column-gap-2 gb-is-responsive-column\">\n<div class=\"wp-block-genesis-blocks-gb-column gb-block-layout-column\"><div class=\"gb-block-layout-column-inner\">\n<p>Hailey es la coordinadora del programa MotherToBaby Georgia. Recibi\u00f3 su licenciatura de la Universidad de Carolina del Norte en Chapel Hill. Luego obtuvo su Maestr\u00eda en Salud P\u00fablica en la Universidad de Emory con una concentraci\u00f3n en ciencias conductuales, sociales y de educaci\u00f3n para la salud. Hailey tambi\u00e9n es una especialista certificada en educaci\u00f3n para la salud. Tiene experiencia en desarrollo comunitario y educaci\u00f3n y disfruta ayudando a las personas a tomar decisiones informadas sobre su salud y bienestar.<\/p>\n<\/div><\/div>\n\n\n\n<div class=\"wp-block-genesis-blocks-gb-column gb-block-layout-column\"><div class=\"gb-block-layout-column-inner\">\n<figure class=\"wp-block-image size-full is-style-default\"><img loading=\"lazy\" decoding=\"async\" width=\"400\" height=\"350\" src=\"https:\/\/mothertobaby.org\/wp-content\/uploads\/2022\/09\/HHazard-Web.jpg\" alt=\"\" class=\"wp-image-6643\" srcset=\"https:\/\/mothertobaby.org\/wp-content\/uploads\/2022\/09\/HHazard-Web.jpg 400w, https:\/\/mothertobaby.org\/wp-content\/uploads\/2022\/09\/HHazard-Web-300x263.jpg 300w\" sizes=\"auto, (max-width: 400px) 100vw, 400px\" \/><\/figure>\n<\/div><\/div>\n<\/div><\/div>\n<\/div><\/details><\/div>\n\n\n\n<hr class=\"wp-block-separator has-css-opacity\"\/>\n\n\n\n<h3 class=\"wp-block-heading\" id=\"h-bolet-n-de-mothertobaby-georgia\">Bolet\u00edn de MotherToBaby Georgia<\/h3>\n\n\n\n<p>Nuestro personal tambi\u00e9n escribe boletines sobre temas de inter\u00e9s para las personas que est\u00e1n embarazadas o en periodo de lactancia. Consulte a continuaci\u00f3n algunos de los temas que hemos tratado:<\/p>\n\n\n\n<ul class=\"wp-block-list\">\n<li><a href=\"https:\/\/mothertobaby.org\/wp-content\/uploads\/2020\/10\/Allergy-Newsletter-2019-PDF.pdf\">Medicamentos para la alergia: Opciones durante el embarazo y la lactancia<\/a><\/li>\n\n\n\n<li><a href=\"https:\/\/mothertobaby.org\/wp-content\/uploads\/2020\/10\/NAS-Newsletter-2020.pdf\">Comprender el s\u00edndrome de abstinencia neonatal<\/a><\/li>\n\n\n\n<li><a href=\"https:\/\/mothertobaby.org\/wp-content\/uploads\/2020\/10\/Flu-Shot-and-Pregnancy-Newsletter-Oct-2018.pdf\">La vacuna contra la influenza y el embarazo<\/a><\/li>\n\n\n\n<li><a href=\"https:\/\/mothertobaby.org\/wp-content\/uploads\/2020\/10\/January-2019-Newsletter.pdf\">S\u00edfilis cong\u00e9nita y embarazo<\/a><\/li>\n\n\n\n<li><a href=\"https:\/\/mothertobaby.org\/wp-content\/uploads\/2020\/10\/Gestational-Diabetes.pdf\">Diabetes gestacional<\/a><\/li>\n\n\n\n<li><a href=\"https:\/\/mothertobaby.org\/wp-content\/uploads\/2020\/10\/SeptemberNewsletter.pdf\">Medicamentos y lactancia<\/a><\/li>\n\n\n\n<li><a href=\"https:\/\/mothertobaby.org\/wp-content\/uploads\/2020\/10\/JulyNewsletter.pdf\">Hacerse un tatuaje durante el embarazo o la lactancia<\/a><\/li>\n\n\n\n<li><a href=\"https:\/\/mothertobaby.org\/wp-content\/uploads\/2020\/10\/Depression-and-Breastfeeding.pdf\">Depresi\u00f3n y lactancia<\/a><\/li>\n\n\n\n<li><a href=\"https:\/\/mothertobaby.org\/wp-content\/uploads\/2020\/10\/Drinking-While-Nursing-Newsletter.pdf\">Consumo de alcohol durante la lactancia<\/a><\/li>\n<\/ul>\n\n\n\n<div style=\"height:100px\" aria-hidden=\"true\" class=\"wp-block-spacer\"><\/div>\n\n\n\n<div style=\"background-color:#42256a;text-align:center\" class=\"wp-block-genesis-blocks-gb-cta mtb-bottom-cta mtb-single-cta gb-block-cta gb-font-size-20 alignfull\"><div class=\"gb-cta-content\"><h2 class=\"gb-cta-title gb-font-size-30\" style=\"color:#ffffff\"><strong>Manteng\u00e1monos en contacto<\/strong><\/h2><div class=\"gb-cta-text gb-font-size-32\" style=\"color:#ffffff\"><p>Nuestro bolet\u00edn electr\u00f3nico le brinda la informaci\u00f3n, las noticias, y los recursos m\u00e1s recientes de los expertos de MotherToBaby.<\/p><\/div><\/div><div class=\"gb-cta-button\"><a href=\"https:\/\/mothertobaby.org\/es\/inscribirse-para-boletin-electronico\/\" target=\"_self\" rel=\"noopener noreferrer\" class=\"gb-button gb-button-shape-rounded gb-button-size-medium\" style=\"color:#ffffff;background-color:#26a68b\">Inscribirse Ahora<\/a><\/div><\/div>\n","protected":false},"excerpt":{"rendered":"<p>Proporcionar Informaci\u00f3n sobre la Exposici\u00f3n Durante el Embarazo y la Lactancia a los Residentes del Sudeste de los EE. UU. Los especialistas de MotherToBaby Georgia responden preguntas sobre exposiciones durante el embarazo y la lactancia para residentes en los estados de Alabama, Georgia, Tennessee y Misisipi. Tambi\u00e9n ofrecemos seminarios web educativos, presentaciones y capacitaciones para [&hellip;]<\/p>\n","protected":false},"author":214,"featured_media":3382,"parent":6747,"menu_order":0,"comment_status":"closed","ping_status":"closed","template":"page-templates\/inner-page.php","meta":{"_searchwp_excluded":"","_genesis_hide_title":false,"_genesis_hide_breadcrumbs":false,"_genesis_hide_singular_image":false,"_genesis_hide_footer_widgets":false,"_genesis_custom_body_class":"","_genesis_custom_post_class":"","_genesis_layout":"full-width-content","footnotes":""},"medical-specialty":[],"related-content":[],"class_list":{"0":"post-7718","1":"page","2":"type-page","3":"status-publish","4":"has-post-thumbnail","6":"entry"},"yoast_head":"<!-- This site is optimized with the Yoast SEO Premium plugin v20.13 (Yoast SEO v20.13) - https:\/\/yoast.com\/wordpress\/plugins\/seo\/ -->\n<title>MotherToBaby Georgia - MotherToBaby<\/title>\n<meta name=\"robots\" content=\"index, follow, max-snippet:-1, max-image-preview:large, max-video-preview:-1\" \/>\n<link rel=\"canonical\" href=\"https:\/\/mothertobaby.org\/es\/en-su-area\/georgia\/\" \/>\n<meta property=\"og:locale\" content=\"es_ES\" \/>\n<meta property=\"og:type\" content=\"article\" \/>\n<meta property=\"og:title\" content=\"MotherToBaby Georgia\" \/>\n<meta property=\"og:description\" content=\"Proporcionar Informaci\u00f3n sobre la Exposici\u00f3n Durante el Embarazo y la Lactancia a los Residentes del Sudeste de los EE. UU. Los especialistas de MotherToBaby Georgia responden preguntas sobre exposiciones durante el embarazo y la lactancia para residentes en los estados de Alabama, Georgia, Tennessee y Misisipi. Tambi\u00e9n ofrecemos seminarios web educativos, presentaciones y capacitaciones para [&hellip;]\" \/>\n<meta property=\"og:url\" content=\"https:\/\/mothertobaby.org\/es\/en-su-area\/georgia\/\" \/>\n<meta property=\"og:site_name\" content=\"MotherToBaby\" \/>\n<meta property=\"article:modified_time\" content=\"2023-09-26T17:03:57+00:00\" \/>\n<meta property=\"og:image\" content=\"https:\/\/mothertobaby.org\/wp-content\/uploads\/2020\/09\/Georgia-JPG-1.jpg\" \/>\n\t<meta property=\"og:image:width\" content=\"1600\" \/>\n\t<meta property=\"og:image:height\" content=\"900\" \/>\n\t<meta property=\"og:image:type\" content=\"image\/jpeg\" \/>\n<meta name=\"twitter:card\" content=\"summary_large_image\" \/>\n<meta name=\"twitter:label1\" content=\"Tiempo de lectura\" \/>\n\t<meta name=\"twitter:data1\" content=\"2 minutos\" \/>\n<script type=\"application\/ld+json\" class=\"yoast-schema-graph\">{\"@context\":\"https:\/\/schema.org\",\"@graph\":[{\"@type\":\"WebPage\",\"@id\":\"https:\/\/mothertobaby.org\/es\/en-su-area\/georgia\/\",\"url\":\"https:\/\/mothertobaby.org\/es\/en-su-area\/georgia\/\",\"name\":\"MotherToBaby Georgia - MotherToBaby\",\"isPartOf\":{\"@id\":\"https:\/\/mothertobaby.org\/es\/#website\"},\"datePublished\":\"2023-04-25T17:42:56+00:00\",\"dateModified\":\"2023-09-26T17:03:57+00:00\",\"breadcrumb\":{\"@id\":\"https:\/\/mothertobaby.org\/es\/en-su-area\/georgia\/#breadcrumb\"},\"inLanguage\":\"es\",\"potentialAction\":[{\"@type\":\"ReadAction\",\"target\":[\"https:\/\/mothertobaby.org\/es\/en-su-area\/georgia\/\"]}]},{\"@type\":\"BreadcrumbList\",\"@id\":\"https:\/\/mothertobaby.org\/es\/en-su-area\/georgia\/#breadcrumb\",\"itemListElement\":[{\"@type\":\"ListItem\",\"position\":1,\"name\":\"Home\",\"item\":\"https:\/\/mothertobaby.org\/es\/\"},{\"@type\":\"ListItem\",\"position\":2,\"name\":\"En Su \u00c1rea\",\"item\":\"https:\/\/mothertobaby.org\/es\/en-su-area\/\"},{\"@type\":\"ListItem\",\"position\":3,\"name\":\"MotherToBaby Georgia\"}]},{\"@type\":\"WebSite\",\"@id\":\"https:\/\/mothertobaby.org\/es\/#website\",\"url\":\"https:\/\/mothertobaby.org\/es\/\",\"name\":\"MotherToBaby\",\"description\":\"Medications and More during pregnancy and breastfeeding\",\"publisher\":{\"@id\":\"https:\/\/mothertobaby.org\/es\/#organization\"},\"potentialAction\":[{\"@type\":\"SearchAction\",\"target\":{\"@type\":\"EntryPoint\",\"urlTemplate\":\"https:\/\/mothertobaby.org\/es\/?s={search_term_string}\"},\"query-input\":\"required name=search_term_string\"}],\"inLanguage\":\"es\"},{\"@type\":\"Organization\",\"@id\":\"https:\/\/mothertobaby.org\/es\/#organization\",\"name\":\"MotherToBaby\",\"url\":\"https:\/\/mothertobaby.org\/es\/\",\"logo\":{\"@type\":\"ImageObject\",\"inLanguage\":\"es\",\"@id\":\"https:\/\/mothertobaby.org\/es\/#\/schema\/logo\/image\/\",\"url\":\"https:\/\/mothertobaby.org\/wp-content\/uploads\/2023\/06\/MTB-horz-copyright-sm-1.png\",\"contentUrl\":\"https:\/\/mothertobaby.org\/wp-content\/uploads\/2023\/06\/MTB-horz-copyright-sm-1.png\",\"width\":284,\"height\":52,\"caption\":\"MotherToBaby\"},\"image\":{\"@id\":\"https:\/\/mothertobaby.org\/es\/#\/schema\/logo\/image\/\"}}]}<\/script>\n<!-- \/ Yoast SEO Premium plugin. -->","yoast_head_json":{"title":"MotherToBaby Georgia - MotherToBaby","robots":{"index":"index","follow":"follow","max-snippet":"max-snippet:-1","max-image-preview":"max-image-preview:large","max-video-preview":"max-video-preview:-1"},"canonical":"https:\/\/mothertobaby.org\/es\/en-su-area\/georgia\/","og_locale":"es_ES","og_type":"article","og_title":"MotherToBaby Georgia","og_description":"Proporcionar Informaci\u00f3n sobre la Exposici\u00f3n Durante el Embarazo y la Lactancia a los Residentes del Sudeste de los EE. UU. Los especialistas de MotherToBaby Georgia responden preguntas sobre exposiciones durante el embarazo y la lactancia para residentes en los estados de Alabama, Georgia, Tennessee y Misisipi. Tambi\u00e9n ofrecemos seminarios web educativos, presentaciones y capacitaciones para [&hellip;]","og_url":"https:\/\/mothertobaby.org\/es\/en-su-area\/georgia\/","og_site_name":"MotherToBaby","article_modified_time":"2023-09-26T17:03:57+00:00","og_image":[{"width":1600,"height":900,"url":"https:\/\/mothertobaby.org\/wp-content\/uploads\/2020\/09\/Georgia-JPG-1.jpg","type":"image\/jpeg"}],"twitter_card":"summary_large_image","twitter_misc":{"Tiempo de lectura":"2 minutos"},"schema":{"@context":"https:\/\/schema.org","@graph":[{"@type":"WebPage","@id":"https:\/\/mothertobaby.org\/es\/en-su-area\/georgia\/","url":"https:\/\/mothertobaby.org\/es\/en-su-area\/georgia\/","name":"MotherToBaby Georgia - MotherToBaby","isPartOf":{"@id":"https:\/\/mothertobaby.org\/es\/#website"},"datePublished":"2023-04-25T17:42:56+00:00","dateModified":"2023-09-26T17:03:57+00:00","breadcrumb":{"@id":"https:\/\/mothertobaby.org\/es\/en-su-area\/georgia\/#breadcrumb"},"inLanguage":"es","potentialAction":[{"@type":"ReadAction","target":["https:\/\/mothertobaby.org\/es\/en-su-area\/georgia\/"]}]},{"@type":"BreadcrumbList","@id":"https:\/\/mothertobaby.org\/es\/en-su-area\/georgia\/#breadcrumb","itemListElement":[{"@type":"ListItem","position":1,"name":"Home","item":"https:\/\/mothertobaby.org\/es\/"},{"@type":"ListItem","position":2,"name":"En Su \u00c1rea","item":"https:\/\/mothertobaby.org\/es\/en-su-area\/"},{"@type":"ListItem","position":3,"name":"MotherToBaby Georgia"}]},{"@type":"WebSite","@id":"https:\/\/mothertobaby.org\/es\/#website","url":"https:\/\/mothertobaby.org\/es\/","name":"MotherToBaby","description":"Medications and More during pregnancy and breastfeeding","publisher":{"@id":"https:\/\/mothertobaby.org\/es\/#organization"},"potentialAction":[{"@type":"SearchAction","target":{"@type":"EntryPoint","urlTemplate":"https:\/\/mothertobaby.org\/es\/?s={search_term_string}"},"query-input":"required name=search_term_string"}],"inLanguage":"es"},{"@type":"Organization","@id":"https:\/\/mothertobaby.org\/es\/#organization","name":"MotherToBaby","url":"https:\/\/mothertobaby.org\/es\/","logo":{"@type":"ImageObject","inLanguage":"es","@id":"https:\/\/mothertobaby.org\/es\/#\/schema\/logo\/image\/","url":"https:\/\/mothertobaby.org\/wp-content\/uploads\/2023\/06\/MTB-horz-copyright-sm-1.png","contentUrl":"https:\/\/mothertobaby.org\/wp-content\/uploads\/2023\/06\/MTB-horz-copyright-sm-1.png","width":284,"height":52,"caption":"MotherToBaby"},"image":{"@id":"https:\/\/mothertobaby.org\/es\/#\/schema\/logo\/image\/"}}]}},"featured_image_src":"https:\/\/mothertobaby.org\/wp-content\/uploads\/2020\/09\/Georgia-JPG-1.jpg","featured_image_src_square":"https:\/\/mothertobaby.org\/wp-content\/uploads\/2020\/09\/Georgia-JPG-1.jpg","_links":{"self":[{"href":"https:\/\/mothertobaby.org\/es\/wp-json\/wp\/v2\/pages\/7718","targetHints":{"allow":["GET"]}}],"collection":[{"href":"https:\/\/mothertobaby.org\/es\/wp-json\/wp\/v2\/pages"}],"about":[{"href":"https:\/\/mothertobaby.org\/es\/wp-json\/wp\/v2\/types\/page"}],"author":[{"embeddable":true,"href":"https:\/\/mothertobaby.org\/es\/wp-json\/wp\/v2\/users\/214"}],"replies":[{"embeddable":true,"href":"https:\/\/mothertobaby.org\/es\/wp-json\/wp\/v2\/comments?post=7718"}],"version-history":[{"count":0,"href":"https:\/\/mothertobaby.org\/es\/wp-json\/wp\/v2\/pages\/7718\/revisions"}],"up":[{"embeddable":true,"href":"https:\/\/mothertobaby.org\/es\/wp-json\/wp\/v2\/pages\/6747"}],"wp:featuredmedia":[{"embeddable":true,"href":"https:\/\/mothertobaby.org\/es\/wp-json\/wp\/v2\/media\/3382"}],"wp:attachment":[{"href":"https:\/\/mothertobaby.org\/es\/wp-json\/wp\/v2\/media?parent=7718"}],"wp:term":[{"taxonomy":"medical-specialty","embeddable":true,"href":"https:\/\/mothertobaby.org\/es\/wp-json\/wp\/v2\/medical-specialty?post=7718"},{"taxonomy":"related-content","embeddable":true,"href":"https:\/\/mothertobaby.org\/es\/wp-json\/wp\/v2\/related-content?post=7718"}],"curies":[{"name":"wp","href":"https:\/\/api.w.org\/{rel}","templated":true}]}}