{"id":7719,"date":"2023-04-25T10:50:19","date_gmt":"2023-04-25T17:50:19","guid":{"rendered":"https:\/\/mothertobaby.org\/?page_id=7719"},"modified":"2023-09-26T10:05:39","modified_gmt":"2023-09-26T17:05:39","slug":"nebraska","status":"publish","type":"page","link":"https:\/\/mothertobaby.org\/es\/en-su-area\/nebraska\/","title":{"rendered":"MotherToBaby Nebraska"},"content":{"rendered":"\n<h2 class=\"wp-block-heading\" id=\"h-proporcionar-informaci-n-sobre-la-exposici-n-durante-el-embarazo-y-la-lactancia-a-los-residentes-de-nebraska\">Proporcionar Informaci\u00f3n sobre la Exposici\u00f3n Durante el Embarazo y la Lactancia a los Residentes de Nebraska<\/h2>\n\n\n\n<p>Los especialistas de MotherToBaby Nebraska responden las preguntas de los proveedores de atenci\u00f3n de salud y del p\u00fablico en general sobre las exposiciones durante el embarazo y la lactancia. Las consultas se refieren a diversos temas, como los medicamentos recetados y de venta libre, infecciones, riesgos profesionales, productos dom\u00e9sticos comunes y sustancias de abuso. MotherToBaby Nebraska se encuentra en el Centro M\u00e9dico de la Universidad de Nebraska.&nbsp;<\/p>\n\n\n\n<hr class=\"wp-block-separator has-css-opacity\"\/>\n\n\n\n<h3 class=\"wp-block-heading\" id=\"h-cont-ctenos\">Cont\u00e1ctenos<\/h3>\n\n\n\n<p>Centro M\u00e9dico de la Universidad de Nebraska<br>985440 Nebraska Medical Center<br>Omaha, NE 68198-5440 <\/p>\n\n\n\n<p>402.559.5071<br>Horario: abierto de lunes a viernes de 9:00&nbsp;a.m. a 5:00 p.m., hora del Centro, excepto feriados federales<br>Idiomas: ingl\u00e9s<\/p>\n\n\n\n<ul class=\"wp-block-social-links is-layout-flex wp-block-social-links-is-layout-flex\"><li class=\"wp-social-link wp-social-link-facebook  wp-block-social-link\"><a href=\"https:\/\/Facebook.com\/MotherToBabyNE\" class=\"wp-block-social-link-anchor\"><svg width=\"24\" height=\"24\" viewBox=\"0 0 24 24\" version=\"1.1\" xmlns=\"http:\/\/www.w3.org\/2000\/svg\" aria-hidden=\"true\" focusable=\"false\"><path d=\"M12 2C6.5 2 2 6.5 2 12c0 5 3.7 9.1 8.4 9.9v-7H7.9V12h2.5V9.8c0-2.5 1.5-3.9 3.8-3.9 1.1 0 2.2.2 2.2.2v2.5h-1.3c-1.2 0-1.6.8-1.6 1.6V12h2.8l-.4 2.9h-2.3v7C18.3 21.1 22 17 22 12c0-5.5-4.5-10-10-10z\"><\/path><\/svg><span class=\"wp-block-social-link-label screen-reader-text\">Facebook<\/span><\/a><\/li>\n\n<li class=\"wp-social-link wp-social-link-twitter  wp-block-social-link\"><a href=\"https:\/\/Twitter.com\/MotherToBabyNE\" class=\"wp-block-social-link-anchor\"><svg width=\"24\" height=\"24\" viewBox=\"0 0 24 24\" version=\"1.1\" xmlns=\"http:\/\/www.w3.org\/2000\/svg\" aria-hidden=\"true\" focusable=\"false\"><path d=\"M22.23,5.924c-0.736,0.326-1.527,0.547-2.357,0.646c0.847-0.508,1.498-1.312,1.804-2.27 c-0.793,0.47-1.671,0.812-2.606,0.996C18.324,4.498,17.257,4,16.077,4c-2.266,0-4.103,1.837-4.103,4.103 c0,0.322,0.036,0.635,0.106,0.935C8.67,8.867,5.647,7.234,3.623,4.751C3.27,5.357,3.067,6.062,3.067,6.814 c0,1.424,0.724,2.679,1.825,3.415c-0.673-0.021-1.305-0.206-1.859-0.513c0,0.017,0,0.034,0,0.052c0,1.988,1.414,3.647,3.292,4.023 c-0.344,0.094-0.707,0.144-1.081,0.144c-0.264,0-0.521-0.026-0.772-0.074c0.522,1.63,2.038,2.816,3.833,2.85 c-1.404,1.1-3.174,1.756-5.096,1.756c-0.331,0-0.658-0.019-0.979-0.057c1.816,1.164,3.973,1.843,6.29,1.843 c7.547,0,11.675-6.252,11.675-11.675c0-0.178-0.004-0.355-0.012-0.531C20.985,7.47,21.68,6.747,22.23,5.924z\"><\/path><\/svg><span class=\"wp-block-social-link-label screen-reader-text\">Twitter<\/span><\/a><\/li><\/ul>\n\n\n\n<hr class=\"wp-block-separator has-css-opacity\"\/>\n\n\n\n<h3 class=\"wp-block-heading\" id=\"h-conozca-a-nuestro-equipo\">Conozca a Nuestro Equipo<\/h3>\n\n\n\n<div class=\"wp-block-genesis-blocks-gb-accordion gb-block-accordion\"><details open><summary class=\"gb-accordion-title\">Beth Conover, APRN, CGC<\/summary><div class=\"gb-accordion-text\">\n<div class=\"wp-block-genesis-blocks-gb-columns gb-layout-columns-2 gb-2-col-wideleft\"><div class=\"gb-layout-column-wrap gb-block-layout-column-gap-2 gb-is-responsive-column\">\n<div class=\"wp-block-genesis-blocks-gb-column gb-block-layout-column\"><div class=\"gb-block-layout-column-inner\">\n<p>Beth es consejera gen\u00e9tica y enfermera pedi\u00e1trica. Estableci\u00f3 el Servicio de Informaci\u00f3n sobre Terat\u00f3genos de Nebraska en 1986, tambi\u00e9n conocido como MotherToBaby Nebraska. Tambi\u00e9n fue miembro fundador de la junta de OTIS.<\/p>\n\n\n\n<p>En su pr\u00e1ctica cl\u00ednica, Beth atiende pacientes en la Cl\u00ednica General de Gen\u00e9tica, la Cl\u00ednica Prenatal y la Cl\u00ednica del S\u00edndrome de Alcoholismo Fetal en el Centro M\u00e9dico de la Universidad de Nebraska. Beth ha brindado asesoramiento a la FDA y los CDC. Dos de sus publicaciones recientes son \u201cThe Art and Science of Teratogen Risk Communication\u201d (El arte y la ciencia de la comunicaci\u00f3n de los riesgos teratog\u00e9nicos) y <em>\u201c<\/em>Safety Concerns Regarding Binge Drinking in Pregnancy: A Review<em>\u201d <\/em>(An\u00e1lisis de los problemas de seguridad relacionados con el consumo de alcohol en exceso durante el embarazo).<\/p>\n<\/div><\/div>\n\n\n\n<div class=\"wp-block-genesis-blocks-gb-column gb-block-layout-column\"><div class=\"gb-block-layout-column-inner\">\n<figure class=\"wp-block-image size-large is-style-default\"><img loading=\"lazy\" decoding=\"async\" width=\"400\" height=\"350\" src=\"https:\/\/mothertobaby.org\/wp-content\/uploads\/2020\/07\/MotherToBabyBeth-Conover-07.20-400x350-1.jpg\" alt=\"\" class=\"wp-image-2391\" srcset=\"https:\/\/mothertobaby.org\/wp-content\/uploads\/2020\/07\/MotherToBabyBeth-Conover-07.20-400x350-1.jpg 400w, https:\/\/mothertobaby.org\/wp-content\/uploads\/2020\/07\/MotherToBabyBeth-Conover-07.20-400x350-1-300x263.jpg 300w\" sizes=\"auto, (max-width: 400px) 100vw, 400px\" \/><\/figure>\n<\/div><\/div>\n<\/div><\/div>\n\n\n\n<div style=\"height:100px\" aria-hidden=\"true\" class=\"wp-block-spacer\"><\/div>\n<\/div><\/details><\/div>\n\n\n\n<div style=\"background-color:#42256a;text-align:center\" class=\"wp-block-genesis-blocks-gb-cta mtb-bottom-cta mtb-single-cta gb-block-cta gb-font-size-20 alignfull\"><div class=\"gb-cta-content\"><h2 class=\"gb-cta-title gb-font-size-30\" style=\"color:#ffffff\"><strong>Manteng\u00e1monos en contacto<\/strong><\/h2><div class=\"gb-cta-text gb-font-size-32\" style=\"color:#ffffff\"><p>Nuestro bolet\u00edn electr\u00f3nico le brinda la informaci\u00f3n, las noticias, y los recursos m\u00e1s recientes de los expertos de MotherToBaby.<\/p><\/div><\/div><div class=\"gb-cta-button\"><a href=\"https:\/\/mothertobaby.org\/es\/inscribirse-para-boletin-electronico\/\" target=\"_self\" rel=\"noopener noreferrer\" class=\"gb-button gb-button-shape-rounded gb-button-size-medium\" style=\"color:#ffffff;background-color:#26a68b\">Inscribirse Ahora<\/a><\/div><\/div>\n","protected":false},"excerpt":{"rendered":"<p>Proporcionar Informaci\u00f3n sobre la Exposici\u00f3n Durante el Embarazo y la Lactancia a los Residentes de Nebraska Los especialistas de MotherToBaby Nebraska responden las preguntas de los proveedores de atenci\u00f3n de salud y del p\u00fablico en general sobre las exposiciones durante el embarazo y la lactancia. Las consultas se refieren a diversos temas, como los medicamentos [&hellip;]<\/p>\n","protected":false},"author":214,"featured_media":2855,"parent":6747,"menu_order":0,"comment_status":"closed","ping_status":"closed","template":"page-templates\/inner-page.php","meta":{"_searchwp_excluded":"","_genesis_hide_title":false,"_genesis_hide_breadcrumbs":false,"_genesis_hide_singular_image":false,"_genesis_hide_footer_widgets":false,"_genesis_custom_body_class":"","_genesis_custom_post_class":"","_genesis_layout":"full-width-content","footnotes":""},"medical-specialty":[],"related-content":[],"class_list":{"0":"post-7719","1":"page","2":"type-page","3":"status-publish","4":"has-post-thumbnail","6":"entry"},"yoast_head":"<!-- This site is optimized with the Yoast SEO Premium plugin v20.13 (Yoast SEO v20.13) - https:\/\/yoast.com\/wordpress\/plugins\/seo\/ -->\n<title>MotherToBaby Nebraska - MotherToBaby<\/title>\n<meta name=\"robots\" content=\"index, follow, max-snippet:-1, max-image-preview:large, max-video-preview:-1\" \/>\n<link rel=\"canonical\" href=\"https:\/\/mothertobaby.org\/es\/en-su-area\/nebraska\/\" \/>\n<meta property=\"og:locale\" content=\"es_ES\" \/>\n<meta property=\"og:type\" content=\"article\" \/>\n<meta property=\"og:title\" content=\"MotherToBaby Nebraska\" \/>\n<meta property=\"og:description\" content=\"Proporcionar Informaci\u00f3n sobre la Exposici\u00f3n Durante el Embarazo y la Lactancia a los Residentes de Nebraska Los especialistas de MotherToBaby Nebraska responden las preguntas de los proveedores de atenci\u00f3n de salud y del p\u00fablico en general sobre las exposiciones durante el embarazo y la lactancia. Las consultas se refieren a diversos temas, como los medicamentos [&hellip;]\" \/>\n<meta property=\"og:url\" content=\"https:\/\/mothertobaby.org\/es\/en-su-area\/nebraska\/\" \/>\n<meta property=\"og:site_name\" content=\"MotherToBaby\" \/>\n<meta property=\"article:modified_time\" content=\"2023-09-26T17:05:39+00:00\" \/>\n<meta property=\"og:image\" content=\"https:\/\/mothertobaby.org\/wp-content\/uploads\/2020\/09\/MotherToBaby-Nebraska-Affiliates-Header-1600x900-09.20.jpg\" \/>\n\t<meta property=\"og:image:width\" content=\"1600\" \/>\n\t<meta property=\"og:image:height\" content=\"900\" \/>\n\t<meta property=\"og:image:type\" content=\"image\/jpeg\" \/>\n<meta name=\"twitter:card\" content=\"summary_large_image\" \/>\n<meta name=\"twitter:label1\" content=\"Tiempo de lectura\" \/>\n\t<meta name=\"twitter:data1\" content=\"2 minutos\" \/>\n<script type=\"application\/ld+json\" class=\"yoast-schema-graph\">{\"@context\":\"https:\/\/schema.org\",\"@graph\":[{\"@type\":\"WebPage\",\"@id\":\"https:\/\/mothertobaby.org\/es\/en-su-area\/nebraska\/\",\"url\":\"https:\/\/mothertobaby.org\/es\/en-su-area\/nebraska\/\",\"name\":\"MotherToBaby Nebraska - MotherToBaby\",\"isPartOf\":{\"@id\":\"https:\/\/mothertobaby.org\/es\/#website\"},\"datePublished\":\"2023-04-25T17:50:19+00:00\",\"dateModified\":\"2023-09-26T17:05:39+00:00\",\"breadcrumb\":{\"@id\":\"https:\/\/mothertobaby.org\/es\/en-su-area\/nebraska\/#breadcrumb\"},\"inLanguage\":\"es\",\"potentialAction\":[{\"@type\":\"ReadAction\",\"target\":[\"https:\/\/mothertobaby.org\/es\/en-su-area\/nebraska\/\"]}]},{\"@type\":\"BreadcrumbList\",\"@id\":\"https:\/\/mothertobaby.org\/es\/en-su-area\/nebraska\/#breadcrumb\",\"itemListElement\":[{\"@type\":\"ListItem\",\"position\":1,\"name\":\"Home\",\"item\":\"https:\/\/mothertobaby.org\/es\/\"},{\"@type\":\"ListItem\",\"position\":2,\"name\":\"En Su \u00c1rea\",\"item\":\"https:\/\/mothertobaby.org\/es\/en-su-area\/\"},{\"@type\":\"ListItem\",\"position\":3,\"name\":\"MotherToBaby Nebraska\"}]},{\"@type\":\"WebSite\",\"@id\":\"https:\/\/mothertobaby.org\/es\/#website\",\"url\":\"https:\/\/mothertobaby.org\/es\/\",\"name\":\"MotherToBaby\",\"description\":\"Medications and More during pregnancy and breastfeeding\",\"publisher\":{\"@id\":\"https:\/\/mothertobaby.org\/es\/#organization\"},\"potentialAction\":[{\"@type\":\"SearchAction\",\"target\":{\"@type\":\"EntryPoint\",\"urlTemplate\":\"https:\/\/mothertobaby.org\/es\/?s={search_term_string}\"},\"query-input\":\"required name=search_term_string\"}],\"inLanguage\":\"es\"},{\"@type\":\"Organization\",\"@id\":\"https:\/\/mothertobaby.org\/es\/#organization\",\"name\":\"MotherToBaby\",\"url\":\"https:\/\/mothertobaby.org\/es\/\",\"logo\":{\"@type\":\"ImageObject\",\"inLanguage\":\"es\",\"@id\":\"https:\/\/mothertobaby.org\/es\/#\/schema\/logo\/image\/\",\"url\":\"https:\/\/mothertobaby.org\/wp-content\/uploads\/2023\/06\/MTB-horz-copyright-sm-1.png\",\"contentUrl\":\"https:\/\/mothertobaby.org\/wp-content\/uploads\/2023\/06\/MTB-horz-copyright-sm-1.png\",\"width\":284,\"height\":52,\"caption\":\"MotherToBaby\"},\"image\":{\"@id\":\"https:\/\/mothertobaby.org\/es\/#\/schema\/logo\/image\/\"}}]}<\/script>\n<!-- \/ Yoast SEO Premium plugin. -->","yoast_head_json":{"title":"MotherToBaby Nebraska - MotherToBaby","robots":{"index":"index","follow":"follow","max-snippet":"max-snippet:-1","max-image-preview":"max-image-preview:large","max-video-preview":"max-video-preview:-1"},"canonical":"https:\/\/mothertobaby.org\/es\/en-su-area\/nebraska\/","og_locale":"es_ES","og_type":"article","og_title":"MotherToBaby Nebraska","og_description":"Proporcionar Informaci\u00f3n sobre la Exposici\u00f3n Durante el Embarazo y la Lactancia a los Residentes de Nebraska Los especialistas de MotherToBaby Nebraska responden las preguntas de los proveedores de atenci\u00f3n de salud y del p\u00fablico en general sobre las exposiciones durante el embarazo y la lactancia. Las consultas se refieren a diversos temas, como los medicamentos [&hellip;]","og_url":"https:\/\/mothertobaby.org\/es\/en-su-area\/nebraska\/","og_site_name":"MotherToBaby","article_modified_time":"2023-09-26T17:05:39+00:00","og_image":[{"width":1600,"height":900,"url":"https:\/\/mothertobaby.org\/wp-content\/uploads\/2020\/09\/MotherToBaby-Nebraska-Affiliates-Header-1600x900-09.20.jpg","type":"image\/jpeg"}],"twitter_card":"summary_large_image","twitter_misc":{"Tiempo de lectura":"2 minutos"},"schema":{"@context":"https:\/\/schema.org","@graph":[{"@type":"WebPage","@id":"https:\/\/mothertobaby.org\/es\/en-su-area\/nebraska\/","url":"https:\/\/mothertobaby.org\/es\/en-su-area\/nebraska\/","name":"MotherToBaby Nebraska - MotherToBaby","isPartOf":{"@id":"https:\/\/mothertobaby.org\/es\/#website"},"datePublished":"2023-04-25T17:50:19+00:00","dateModified":"2023-09-26T17:05:39+00:00","breadcrumb":{"@id":"https:\/\/mothertobaby.org\/es\/en-su-area\/nebraska\/#breadcrumb"},"inLanguage":"es","potentialAction":[{"@type":"ReadAction","target":["https:\/\/mothertobaby.org\/es\/en-su-area\/nebraska\/"]}]},{"@type":"BreadcrumbList","@id":"https:\/\/mothertobaby.org\/es\/en-su-area\/nebraska\/#breadcrumb","itemListElement":[{"@type":"ListItem","position":1,"name":"Home","item":"https:\/\/mothertobaby.org\/es\/"},{"@type":"ListItem","position":2,"name":"En Su \u00c1rea","item":"https:\/\/mothertobaby.org\/es\/en-su-area\/"},{"@type":"ListItem","position":3,"name":"MotherToBaby Nebraska"}]},{"@type":"WebSite","@id":"https:\/\/mothertobaby.org\/es\/#website","url":"https:\/\/mothertobaby.org\/es\/","name":"MotherToBaby","description":"Medications and More during pregnancy and breastfeeding","publisher":{"@id":"https:\/\/mothertobaby.org\/es\/#organization"},"potentialAction":[{"@type":"SearchAction","target":{"@type":"EntryPoint","urlTemplate":"https:\/\/mothertobaby.org\/es\/?s={search_term_string}"},"query-input":"required name=search_term_string"}],"inLanguage":"es"},{"@type":"Organization","@id":"https:\/\/mothertobaby.org\/es\/#organization","name":"MotherToBaby","url":"https:\/\/mothertobaby.org\/es\/","logo":{"@type":"ImageObject","inLanguage":"es","@id":"https:\/\/mothertobaby.org\/es\/#\/schema\/logo\/image\/","url":"https:\/\/mothertobaby.org\/wp-content\/uploads\/2023\/06\/MTB-horz-copyright-sm-1.png","contentUrl":"https:\/\/mothertobaby.org\/wp-content\/uploads\/2023\/06\/MTB-horz-copyright-sm-1.png","width":284,"height":52,"caption":"MotherToBaby"},"image":{"@id":"https:\/\/mothertobaby.org\/es\/#\/schema\/logo\/image\/"}}]}},"featured_image_src":"https:\/\/mothertobaby.org\/wp-content\/uploads\/2020\/09\/MotherToBaby-Nebraska-Affiliates-Header-1600x900-09.20.jpg","featured_image_src_square":"https:\/\/mothertobaby.org\/wp-content\/uploads\/2020\/09\/MotherToBaby-Nebraska-Affiliates-Header-1600x900-09.20.jpg","_links":{"self":[{"href":"https:\/\/mothertobaby.org\/es\/wp-json\/wp\/v2\/pages\/7719","targetHints":{"allow":["GET"]}}],"collection":[{"href":"https:\/\/mothertobaby.org\/es\/wp-json\/wp\/v2\/pages"}],"about":[{"href":"https:\/\/mothertobaby.org\/es\/wp-json\/wp\/v2\/types\/page"}],"author":[{"embeddable":true,"href":"https:\/\/mothertobaby.org\/es\/wp-json\/wp\/v2\/users\/214"}],"replies":[{"embeddable":true,"href":"https:\/\/mothertobaby.org\/es\/wp-json\/wp\/v2\/comments?post=7719"}],"version-history":[{"count":0,"href":"https:\/\/mothertobaby.org\/es\/wp-json\/wp\/v2\/pages\/7719\/revisions"}],"up":[{"embeddable":true,"href":"https:\/\/mothertobaby.org\/es\/wp-json\/wp\/v2\/pages\/6747"}],"wp:featuredmedia":[{"embeddable":true,"href":"https:\/\/mothertobaby.org\/es\/wp-json\/wp\/v2\/media\/2855"}],"wp:attachment":[{"href":"https:\/\/mothertobaby.org\/es\/wp-json\/wp\/v2\/media?parent=7719"}],"wp:term":[{"taxonomy":"medical-specialty","embeddable":true,"href":"https:\/\/mothertobaby.org\/es\/wp-json\/wp\/v2\/medical-specialty?post=7719"},{"taxonomy":"related-content","embeddable":true,"href":"https:\/\/mothertobaby.org\/es\/wp-json\/wp\/v2\/related-content?post=7719"}],"curies":[{"name":"wp","href":"https:\/\/api.w.org\/{rel}","templated":true}]}}