{"id":7721,"date":"2023-04-25T11:22:44","date_gmt":"2023-04-25T18:22:44","guid":{"rendered":"https:\/\/mothertobaby.org\/?page_id=7721"},"modified":"2023-04-25T11:23:17","modified_gmt":"2023-04-25T18:23:17","slug":"carolina-del-norte","status":"publish","type":"page","link":"https:\/\/mothertobaby.org\/es\/en-su-area\/carolina-del-norte\/","title":{"rendered":"MotherToBaby Carolina del Norte"},"content":{"rendered":"\n<h2 class=\"wp-block-heading\" id=\"h-proporcionar-informaci-n-sobre-la-exposici-n-durante-el-embarazo-y-la-lactancia-a-los-residentes-del-sudeste-de-los-ee-uu\">Proporcionar Informaci\u00f3n sobre la Exposici\u00f3n Durante el Embarazo y la Lactancia a los Residentes del Sudeste de los EE. UU.<\/h2>\n\n\n\n<p>Los especialistas de MotherToBaby North Carolina responden preguntas sobre exposiciones durante el embarazo y la lactancia a proveedores de atenci\u00f3n de salud y residentes de Carolina del Norte, Carolina del Sur y Kentucky. Estamos alojados en el Fullerton Genetics Center en el Mission Hospital en Asheville, Carolina del Norte.\u00a0<\/p>\n\n\n\n<p>Los especialistas de MotherToBaby North Carolina tambi\u00e9n brindan apoyo a nuestro equipo interno de asesores gen\u00e9ticos certificados. Durante una visita de asesoramiento gen\u00e9tico prenatal, los asesores gen\u00e9ticos pueden analizar el embarazo y las exposiciones previas al embarazo, como enfermedades, medicamentos o sustancias, para brindar a los pacientes la informaci\u00f3n m\u00e1s precisa sobre los posibles efectos en los resultados del embarazo.<\/p>\n\n\n\n<hr class=\"wp-block-separator has-css-opacity\"\/>\n\n\n\n<h3 class=\"wp-block-heading\" id=\"h-cont-ctenos\">Cont\u00e1ctenos<\/h3>\n\n\n\n<p>MotherToBaby Carolina del Norte<br>Mission Fullerton Genetics Center<br>9 Vanderbilt Park Drive<br>Asheville, NC 28803<\/p>\n\n\n\n<p>Tel\u00e9fono: 800.532.6302<br>Correo Electr\u00f3nico: <a href=\"mailto:facts@mothertobaby.org\" target=\"_blank\" rel=\"noreferrer noopener\">facts@mothertobaby.org<\/a><br>Horario: abierto de lunes a viernes de 8:00\u00a0a.m. a 5:00 p.m., hora del Este, excepto feriados federales<br>Idiomas: ingl\u00e9s y espa\u00f1ol<\/p>\n\n\n\n<ul class=\"wp-block-social-links is-layout-flex wp-block-social-links-is-layout-flex\"><li class=\"wp-social-link wp-social-link-twitter  wp-block-social-link\"><a href=\"https:\/\/twitter.com\/MotherToBabyNC\" class=\"wp-block-social-link-anchor\"><svg width=\"24\" height=\"24\" viewBox=\"0 0 24 24\" version=\"1.1\" xmlns=\"http:\/\/www.w3.org\/2000\/svg\" aria-hidden=\"true\" focusable=\"false\"><path d=\"M22.23,5.924c-0.736,0.326-1.527,0.547-2.357,0.646c0.847-0.508,1.498-1.312,1.804-2.27 c-0.793,0.47-1.671,0.812-2.606,0.996C18.324,4.498,17.257,4,16.077,4c-2.266,0-4.103,1.837-4.103,4.103 c0,0.322,0.036,0.635,0.106,0.935C8.67,8.867,5.647,7.234,3.623,4.751C3.27,5.357,3.067,6.062,3.067,6.814 c0,1.424,0.724,2.679,1.825,3.415c-0.673-0.021-1.305-0.206-1.859-0.513c0,0.017,0,0.034,0,0.052c0,1.988,1.414,3.647,3.292,4.023 c-0.344,0.094-0.707,0.144-1.081,0.144c-0.264,0-0.521-0.026-0.772-0.074c0.522,1.63,2.038,2.816,3.833,2.85 c-1.404,1.1-3.174,1.756-5.096,1.756c-0.331,0-0.658-0.019-0.979-0.057c1.816,1.164,3.973,1.843,6.29,1.843 c7.547,0,11.675-6.252,11.675-11.675c0-0.178-0.004-0.355-0.012-0.531C20.985,7.47,21.68,6.747,22.23,5.924z\"><\/path><\/svg><span class=\"wp-block-social-link-label screen-reader-text\">Twitter<\/span><\/a><\/li>\n\n\n\n<\/ul>\n\n\n\n<hr class=\"wp-block-separator has-css-opacity\"\/>\n\n\n\n<h3 class=\"wp-block-heading\" id=\"h-conozca-a-nuestro-equipo\">Conozca a Nuestro Equipo<\/h3>\n\n\n\n<div class=\"wp-block-genesis-blocks-gb-accordion gb-block-accordion\"><details><summary class=\"gb-accordion-title\">Lorrie Harris-Sagaribay, MPH, Coordinadora del Programa<\/summary><div class=\"gb-accordion-text\">\n<div class=\"wp-block-genesis-blocks-gb-columns gb-layout-columns-2 gb-2-col-wideleft\"><div class=\"gb-layout-column-wrap gb-block-layout-column-gap-2 gb-is-responsive-column\">\n<div class=\"wp-block-genesis-blocks-gb-column gb-block-layout-column\"><div class=\"gb-block-layout-column-inner\">\n<p><strong>Lorrie Harris-Sagaribay <\/strong>es coordinadora del programa de MotherToBaby Carolina del Norte. Tambi\u00e9n es especialista en informaci\u00f3n y brinda asesoramiento sobre exposiciones en ingl\u00e9s y espa\u00f1ol por tel\u00e9fono, correo electr\u00f3nico y chat en l\u00ednea. Tambi\u00e9n lleva a cabo actividades de divulgaci\u00f3n y brinda educaci\u00f3n sobre terat\u00f3genos a profesionales de la salud p\u00fablica y de atenci\u00f3n m\u00e9dica. Despu\u00e9s de servir en los Cuerpos de Paz en Honduras, Lorrie obtuvo un m\u00e1ster en Salud P\u00fablica por la Universidad de Carolina del Norte en Chapel Hill, con especializaci\u00f3n en salud materno-infantil. Lorrie disfruta de ayudar a las mujeres y las parejas a tomar decisiones informadas sobre medicamentos y otras exposiciones durante el embarazo y la lactancia.<\/p>\n<\/div><\/div>\n\n\n\n<div class=\"wp-block-genesis-blocks-gb-column gb-block-layout-column\"><div class=\"gb-block-layout-column-inner\">\n<figure class=\"wp-block-image size-large is-style-default\"><img loading=\"lazy\" decoding=\"async\" width=\"300\" height=\"300\" src=\"https:\/\/mothertobaby.org\/wp-content\/uploads\/2020\/08\/MotherToBaby-Lorrie-Harris-Sagaribay-Author-Bio-300x300-08.20.jpg\" alt=\"\" class=\"wp-image-2553\" srcset=\"https:\/\/mothertobaby.org\/wp-content\/uploads\/2020\/08\/MotherToBaby-Lorrie-Harris-Sagaribay-Author-Bio-300x300-08.20.jpg 300w, https:\/\/mothertobaby.org\/wp-content\/uploads\/2020\/08\/MotherToBaby-Lorrie-Harris-Sagaribay-Author-Bio-300x300-08.20-180x180.jpg 180w, https:\/\/mothertobaby.org\/wp-content\/uploads\/2020\/08\/MotherToBaby-Lorrie-Harris-Sagaribay-Author-Bio-300x300-08.20-150x150.jpg 150w, https:\/\/mothertobaby.org\/wp-content\/uploads\/2020\/08\/MotherToBaby-Lorrie-Harris-Sagaribay-Author-Bio-300x300-08.20-80x80.jpg 80w\" sizes=\"auto, (max-width: 300px) 100vw, 300px\" \/><\/figure>\n<\/div><\/div>\n<\/div><\/div>\n<\/div><\/details><\/div>\n\n\n\n<hr class=\"wp-block-separator has-css-opacity\"\/>\n\n\n\n<h3 class=\"wp-block-heading\" id=\"h-oportunidades-de-educaci-n-y-capacitaci-n\">Oportunidades de Educaci\u00f3n y Capacitaci\u00f3n<\/h3>\n\n\n\n<p>Los especialistas de MotherToBaby Carolina del Norte est\u00e1n disponibles para realizar presentaciones en conferencias profesionales sobre temas relacionados con exposiciones durante el embarazo y la lactancia, o realizar exhibiciones para compartir informaci\u00f3n sobre los servicios de MotherToBaby.<\/p>\n\n\n\n<p>Tambi\u00e9n brindamos charlas educativas a grupos que atienden a poblaciones embarazadas y lactantes, como grupos de proveedores cl\u00ednicos, especialistas en lactancia\/educadores de lactancia, casas de maternidad, programas de visitas domiciliarias y otros. Brindamos conferencias de teratolog\u00eda para m\u00e9dicos residentes y estudiantes de asesoramiento gen\u00e9tico a trav\u00e9s de asociaciones con programas de formaci\u00f3n acad\u00e9mica.<\/p>\n\n\n\n<p>Para obtener m\u00e1s informaci\u00f3n sobre oportunidades de educaci\u00f3n y capacitaci\u00f3n, comun\u00edquese con Lorrie Harris-Sagaribay en  <a href=\"mailto:lorrie.harrissagaribay@hcahealthcare.com\" target=\"_blank\" rel=\"noreferrer noopener\">lorrie.harrissagaribay@hcahealthcare.com<\/a>.<\/p>\n\n\n\n<hr class=\"wp-block-separator has-css-opacity\"\/>\n\n\n\n<h3 class=\"wp-block-heading\" id=\"h-con-ctese-con-nuestros-socios-locales\">Con\u00e9ctese con Nuestros Socios Locales<\/h3>\n\n\n\n<div class=\"wp-block-genesis-blocks-gb-accordion gb-block-accordion\"><details><summary class=\"gb-accordion-title\">Family Connects de los Condados de Forsyth y Davidson<\/summary><div class=\"gb-accordion-text\">\n<div class=\"wp-block-genesis-blocks-gb-columns gb-layout-columns-2 gb-2-col-wideleft\"><div class=\"gb-layout-column-wrap gb-block-layout-column-gap-2 gb-is-responsive-column\">\n<div class=\"wp-block-genesis-blocks-gb-column gb-block-layout-column\"><div class=\"gb-block-layout-column-inner\">\n<p>Family Connects ofrece visitas domiciliarias de enfermeros sin costo para los padres que viven en los condados de Forsyth y Davidson. El objetivo de Family Connects es brindar apoyo a los padres y sus beb\u00e9s mientras los conecta con recursos que pueden ayudar a sus familias a prosperar.<\/p>\n\n\n\n<p><a href=\"https:\/\/www.novanthealth.org\/forsyth-medical-center\/services\/womens-health\/maternity\/family-connects.aspx\" target=\"_blank\" rel=\"noreferrer noopener\"><a href=\"https:\/\/www.novanthealth.org\/forsyth-medical-center\/services\/womens-health\/maternity\/family-connects.aspx\" target=\"_blank\" rel=\"noreferrer noopener\">Visite la P\u00e1gina Web<\/a><\/a><\/p>\n<\/div><\/div>\n\n\n\n<div class=\"wp-block-genesis-blocks-gb-column gb-block-layout-column\"><div class=\"gb-block-layout-column-inner\"><\/div><\/div>\n<\/div><\/div>\n\n\n\n<p><\/p>\n<\/div><\/details><\/div>\n\n\n\n<div class=\"wp-block-genesis-blocks-gb-accordion gb-block-accordion\"><details><summary class=\"gb-accordion-title\">Programa de consejer\u00eda de lactancia materna de WIC del Condado de Macon<\/summary><div class=\"gb-accordion-text\">\n<div class=\"wp-block-genesis-blocks-gb-columns gb-layout-columns-2 gb-2-col-wideleft\"><div class=\"gb-layout-column-wrap gb-block-layout-column-gap-2 gb-is-responsive-column\">\n<div class=\"wp-block-genesis-blocks-gb-column gb-block-layout-column\"><div class=\"gb-block-layout-column-inner\">\n<p>El Programa de Consejer\u00eda de Lactancia Materna (BFPC) de WIC del Condado de Macon brinda apoyo para la lactancia de parte de personas capacitadas que est\u00e1n entusiasmadas con sus propias experiencias personales con la lactancia materna. Los objetivos del Programa BFPC incluyen aumentar la cantidad de madres en el programa WIC que inician la lactancia y extender la duraci\u00f3n de la lactancia.<\/p>\n\n\n\n<p><a href=\"http:\/\/www.maconnc.org\/images\/health\/MCPH%20Website%20-%20Breastfeeding%20Peer%20Counselor.pdf\" target=\"_blank\" rel=\"noreferrer noopener\"><a href=\"http:\/\/www.maconnc.org\/images\/health\/MCPH%20Website%20-%20Breastfeeding%20Peer%20Counselor.pdf\" target=\"_blank\" rel=\"noreferrer noopener\">Visite la P\u00e1gina Web<\/a><\/a><\/p>\n<\/div><\/div>\n\n\n\n<div class=\"wp-block-genesis-blocks-gb-column gb-block-layout-column\"><div class=\"gb-block-layout-column-inner\"><\/div><\/div>\n<\/div><\/div>\n\n\n\n<p><\/p>\n<\/div><\/details><\/div>\n\n\n\n<div class=\"wp-block-genesis-blocks-gb-accordion gb-block-accordion\"><details><summary class=\"gb-accordion-title\">March of Dimes Ready for Life NC<\/summary><div class=\"gb-accordion-text\">\n<div class=\"wp-block-genesis-blocks-gb-columns gb-layout-columns-2 gb-2-col-wideleft\"><div class=\"gb-layout-column-wrap gb-block-layout-column-gap-2 gb-is-responsive-column\">\n<div class=\"wp-block-genesis-blocks-gb-column gb-block-layout-column\"><div class=\"gb-block-layout-column-inner\">\n<p>March of Dimes Ready for Life NC defiende las intervenciones de salud previas a la concepci\u00f3n para madres m\u00e1s sanas y beb\u00e9s m\u00e1s fuertes en Carolina del Norte. La visi\u00f3n del programa es que todas las personas que den a luz en Carolina del Norte queden embarazadas cuando elijan, c\u00f3mo elijan y con la mejor salud posible, independientemente de su situaci\u00f3n econ\u00f3mica, raza o geograf\u00eda.<\/p>\n\n\n\n<p><a href=\"https:\/\/www.plannedparenthood.org\/health-center\/CA\" target=\"_blank\" rel=\"noreferrer noopener\">Vis<\/a><a href=\"http:\/\/ncpreconceptionhealth.org\/\" target=\"_blank\" rel=\"noreferrer noopener\">ite la P\u00e1gina Web<\/a><\/p>\n<\/div><\/div>\n\n\n\n<div class=\"wp-block-genesis-blocks-gb-column gb-block-layout-column\"><div class=\"gb-block-layout-column-inner\"><\/div><\/div>\n<\/div><\/div>\n\n\n\n<p><\/p>\n<\/div><\/details><\/div>\n\n\n\n<div class=\"wp-block-genesis-blocks-gb-accordion gb-block-accordion\"><details><summary class=\"gb-accordion-title\">Proyecto CARA: Atenci\u00f3n que aboga por el respeto\/la resiliencia\/la recuperaci\u00f3n para todos<\/summary><div class=\"gb-accordion-text\">\n<div class=\"wp-block-genesis-blocks-gb-columns gb-layout-columns-2 gb-2-col-wideleft\"><div class=\"gb-layout-column-wrap gb-block-layout-column-gap-2 gb-is-responsive-column\">\n<div class=\"wp-block-genesis-blocks-gb-column gb-block-layout-column\"><div class=\"gb-block-layout-column-inner\">\n<p>El Proyecto CARA brinda apoyo completo integrado para el tratamiento perinatal y de abuso de sustancias para mujeres embarazadas y madres de todo Carolina del Norte Occidental. El objetivo del Proyecto CARA es disminuir el estigma y las barreras que impiden que las mujeres embarazadas y las madres con trastornos por consumo de sustancias obtengan la atenci\u00f3n obst\u00e9trica\/ginecol\u00f3gica de calidad y el tratamiento por consumo de sustancias que se merecen.\u00a0<\/p>\n\n\n\n<p><a href=\"https:\/\/mahec.net\/patient-information\/ob-gyn-care\/project-cara-welcome\" target=\"_blank\" rel=\"noreferrer noopener\">Visite la P\u00e1gina Web<\/a><\/p>\n<\/div><\/div>\n\n\n\n<div class=\"wp-block-genesis-blocks-gb-column gb-block-layout-column\"><div class=\"gb-block-layout-column-inner\"><\/div><\/div>\n<\/div><\/div>\n\n\n\n<p><\/p>\n<\/div><\/details><\/div>\n\n\n\n<div class=\"wp-block-genesis-blocks-gb-accordion gb-block-accordion\"><details><summary class=\"gb-accordion-title\">Proof Alliance NC<\/summary><div class=\"gb-accordion-text\">\n<div class=\"wp-block-genesis-blocks-gb-columns gb-layout-columns-2 gb-2-col-wideleft\"><div class=\"gb-layout-column-wrap gb-block-layout-column-gap-2 gb-is-responsive-column\">\n<div class=\"wp-block-genesis-blocks-gb-column gb-block-layout-column\"><div class=\"gb-block-layout-column-inner\">\n<p>Proof Alliance NC se esfuerza por prevenir los embarazos expuestos al alcohol y brindan capacitaci\u00f3n, educaci\u00f3n y recursos a las mujeres en edad f\u00e9rtil y a los profesionales que las atienden.<\/p>\n\n\n\n<p><a href=\"http:\/\/proofalliancenc.org\/\" target=\"_blank\" rel=\"noreferrer noopener\">Visite la P\u00e1gina Web<\/a><\/p>\n<\/div><\/div>\n\n\n\n<div class=\"wp-block-genesis-blocks-gb-column gb-block-layout-column\"><div class=\"gb-block-layout-column-inner\"><\/div><\/div>\n<\/div><\/div>\n<\/div><\/details><\/div>\n\n\n\n<div style=\"height:100px\" aria-hidden=\"true\" class=\"wp-block-spacer\"><\/div>\n\n\n\n<div style=\"background-color:#42256a;text-align:center\" class=\"wp-block-genesis-blocks-gb-cta mtb-bottom-cta mtb-single-cta gb-block-cta gb-font-size-20 alignfull\"><div class=\"gb-cta-content\"><h2 class=\"gb-cta-title gb-font-size-30\" style=\"color:#ffffff\"><strong>Manteng\u00e1monos en contacto<\/strong><\/h2><div class=\"gb-cta-text gb-font-size-32\" style=\"color:#ffffff\"><p>Nuestro bolet\u00edn electr\u00f3nico le brinda la informaci\u00f3n, las noticias, y los recursos m\u00e1s recientes de los expertos de MotherToBaby.<\/p><\/div><\/div><div class=\"gb-cta-button\"><a href=\"\/enews-sign-up-form\/\" target=\"_self\" rel=\"noopener noreferrer\" class=\"gb-button gb-button-shape-rounded gb-button-size-medium\" style=\"color:#ffffff;background-color:#26a68b\">Inscribirse Ahora<\/a><\/div><\/div>\n","protected":false},"excerpt":{"rendered":"<p>Proporcionar Informaci\u00f3n sobre la Exposici\u00f3n Durante el Embarazo y la Lactancia a los Residentes del Sudeste de los EE. UU. Los especialistas de MotherToBaby North Carolina responden preguntas sobre exposiciones durante el embarazo y la lactancia a proveedores de atenci\u00f3n de salud y residentes de Carolina del Norte, Carolina del Sur y Kentucky. Estamos alojados [&hellip;]<\/p>\n","protected":false},"author":214,"featured_media":3991,"parent":6747,"menu_order":0,"comment_status":"closed","ping_status":"closed","template":"page-templates\/inner-page.php","meta":{"_searchwp_excluded":"","_genesis_hide_title":false,"_genesis_hide_breadcrumbs":false,"_genesis_hide_singular_image":false,"_genesis_hide_footer_widgets":false,"_genesis_custom_body_class":"","_genesis_custom_post_class":"","_genesis_layout":"full-width-content","footnotes":""},"medical-specialty":[],"related-content":[],"class_list":{"0":"post-7721","1":"page","2":"type-page","3":"status-publish","4":"has-post-thumbnail","6":"entry"},"yoast_head":"<!-- This site is optimized with the Yoast SEO Premium plugin v20.13 (Yoast SEO v20.13) - https:\/\/yoast.com\/wordpress\/plugins\/seo\/ -->\n<title>MotherToBaby Carolina del Norte - MotherToBaby<\/title>\n<meta name=\"robots\" content=\"index, follow, max-snippet:-1, max-image-preview:large, max-video-preview:-1\" \/>\n<link rel=\"canonical\" href=\"https:\/\/mothertobaby.org\/es\/en-su-area\/carolina-del-norte\/\" \/>\n<meta property=\"og:locale\" content=\"es_ES\" \/>\n<meta property=\"og:type\" content=\"article\" \/>\n<meta property=\"og:title\" content=\"MotherToBaby Carolina del Norte\" \/>\n<meta property=\"og:description\" content=\"Proporcionar Informaci\u00f3n sobre la Exposici\u00f3n Durante el Embarazo y la Lactancia a los Residentes del Sudeste de los EE. UU. Los especialistas de MotherToBaby North Carolina responden preguntas sobre exposiciones durante el embarazo y la lactancia a proveedores de atenci\u00f3n de salud y residentes de Carolina del Norte, Carolina del Sur y Kentucky. Estamos alojados [&hellip;]\" \/>\n<meta property=\"og:url\" content=\"https:\/\/mothertobaby.org\/es\/en-su-area\/carolina-del-norte\/\" \/>\n<meta property=\"og:site_name\" content=\"MotherToBaby\" \/>\n<meta property=\"article:modified_time\" content=\"2023-04-25T18:23:17+00:00\" \/>\n<meta property=\"og:image\" content=\"https:\/\/mothertobaby.org\/wp-content\/uploads\/2021\/01\/MTB-Website-Banner-2.jpg\" \/>\n\t<meta property=\"og:image:width\" content=\"1600\" \/>\n\t<meta property=\"og:image:height\" content=\"900\" \/>\n\t<meta property=\"og:image:type\" content=\"image\/jpeg\" \/>\n<meta name=\"twitter:card\" content=\"summary_large_image\" \/>\n<meta name=\"twitter:label1\" content=\"Tiempo de lectura\" \/>\n\t<meta name=\"twitter:data1\" content=\"4 minutos\" \/>\n<script type=\"application\/ld+json\" class=\"yoast-schema-graph\">{\"@context\":\"https:\/\/schema.org\",\"@graph\":[{\"@type\":\"WebPage\",\"@id\":\"https:\/\/mothertobaby.org\/es\/en-su-area\/carolina-del-norte\/\",\"url\":\"https:\/\/mothertobaby.org\/es\/en-su-area\/carolina-del-norte\/\",\"name\":\"MotherToBaby Carolina del Norte - MotherToBaby\",\"isPartOf\":{\"@id\":\"https:\/\/mothertobaby.org\/es\/#website\"},\"datePublished\":\"2023-04-25T18:22:44+00:00\",\"dateModified\":\"2023-04-25T18:23:17+00:00\",\"breadcrumb\":{\"@id\":\"https:\/\/mothertobaby.org\/es\/en-su-area\/carolina-del-norte\/#breadcrumb\"},\"inLanguage\":\"es\",\"potentialAction\":[{\"@type\":\"ReadAction\",\"target\":[\"https:\/\/mothertobaby.org\/es\/en-su-area\/carolina-del-norte\/\"]}]},{\"@type\":\"BreadcrumbList\",\"@id\":\"https:\/\/mothertobaby.org\/es\/en-su-area\/carolina-del-norte\/#breadcrumb\",\"itemListElement\":[{\"@type\":\"ListItem\",\"position\":1,\"name\":\"Home\",\"item\":\"https:\/\/mothertobaby.org\/es\/\"},{\"@type\":\"ListItem\",\"position\":2,\"name\":\"En Su \u00c1rea\",\"item\":\"https:\/\/mothertobaby.org\/es\/en-su-area\/\"},{\"@type\":\"ListItem\",\"position\":3,\"name\":\"MotherToBaby Carolina del Norte\"}]},{\"@type\":\"WebSite\",\"@id\":\"https:\/\/mothertobaby.org\/es\/#website\",\"url\":\"https:\/\/mothertobaby.org\/es\/\",\"name\":\"MotherToBaby\",\"description\":\"Medications and More during pregnancy and breastfeeding\",\"publisher\":{\"@id\":\"https:\/\/mothertobaby.org\/es\/#organization\"},\"potentialAction\":[{\"@type\":\"SearchAction\",\"target\":{\"@type\":\"EntryPoint\",\"urlTemplate\":\"https:\/\/mothertobaby.org\/es\/?s={search_term_string}\"},\"query-input\":\"required name=search_term_string\"}],\"inLanguage\":\"es\"},{\"@type\":\"Organization\",\"@id\":\"https:\/\/mothertobaby.org\/es\/#organization\",\"name\":\"MotherToBaby\",\"url\":\"https:\/\/mothertobaby.org\/es\/\",\"logo\":{\"@type\":\"ImageObject\",\"inLanguage\":\"es\",\"@id\":\"https:\/\/mothertobaby.org\/es\/#\/schema\/logo\/image\/\",\"url\":\"https:\/\/mothertobaby.org\/wp-content\/uploads\/2023\/06\/MTB-horz-copyright-sm-1.png\",\"contentUrl\":\"https:\/\/mothertobaby.org\/wp-content\/uploads\/2023\/06\/MTB-horz-copyright-sm-1.png\",\"width\":284,\"height\":52,\"caption\":\"MotherToBaby\"},\"image\":{\"@id\":\"https:\/\/mothertobaby.org\/es\/#\/schema\/logo\/image\/\"}}]}<\/script>\n<!-- \/ Yoast SEO Premium plugin. -->","yoast_head_json":{"title":"MotherToBaby Carolina del Norte - MotherToBaby","robots":{"index":"index","follow":"follow","max-snippet":"max-snippet:-1","max-image-preview":"max-image-preview:large","max-video-preview":"max-video-preview:-1"},"canonical":"https:\/\/mothertobaby.org\/es\/en-su-area\/carolina-del-norte\/","og_locale":"es_ES","og_type":"article","og_title":"MotherToBaby Carolina del Norte","og_description":"Proporcionar Informaci\u00f3n sobre la Exposici\u00f3n Durante el Embarazo y la Lactancia a los Residentes del Sudeste de los EE. UU. Los especialistas de MotherToBaby North Carolina responden preguntas sobre exposiciones durante el embarazo y la lactancia a proveedores de atenci\u00f3n de salud y residentes de Carolina del Norte, Carolina del Sur y Kentucky. Estamos alojados [&hellip;]","og_url":"https:\/\/mothertobaby.org\/es\/en-su-area\/carolina-del-norte\/","og_site_name":"MotherToBaby","article_modified_time":"2023-04-25T18:23:17+00:00","og_image":[{"width":1600,"height":900,"url":"https:\/\/mothertobaby.org\/wp-content\/uploads\/2021\/01\/MTB-Website-Banner-2.jpg","type":"image\/jpeg"}],"twitter_card":"summary_large_image","twitter_misc":{"Tiempo de lectura":"4 minutos"},"schema":{"@context":"https:\/\/schema.org","@graph":[{"@type":"WebPage","@id":"https:\/\/mothertobaby.org\/es\/en-su-area\/carolina-del-norte\/","url":"https:\/\/mothertobaby.org\/es\/en-su-area\/carolina-del-norte\/","name":"MotherToBaby Carolina del Norte - MotherToBaby","isPartOf":{"@id":"https:\/\/mothertobaby.org\/es\/#website"},"datePublished":"2023-04-25T18:22:44+00:00","dateModified":"2023-04-25T18:23:17+00:00","breadcrumb":{"@id":"https:\/\/mothertobaby.org\/es\/en-su-area\/carolina-del-norte\/#breadcrumb"},"inLanguage":"es","potentialAction":[{"@type":"ReadAction","target":["https:\/\/mothertobaby.org\/es\/en-su-area\/carolina-del-norte\/"]}]},{"@type":"BreadcrumbList","@id":"https:\/\/mothertobaby.org\/es\/en-su-area\/carolina-del-norte\/#breadcrumb","itemListElement":[{"@type":"ListItem","position":1,"name":"Home","item":"https:\/\/mothertobaby.org\/es\/"},{"@type":"ListItem","position":2,"name":"En Su \u00c1rea","item":"https:\/\/mothertobaby.org\/es\/en-su-area\/"},{"@type":"ListItem","position":3,"name":"MotherToBaby Carolina del Norte"}]},{"@type":"WebSite","@id":"https:\/\/mothertobaby.org\/es\/#website","url":"https:\/\/mothertobaby.org\/es\/","name":"MotherToBaby","description":"Medications and More during pregnancy and breastfeeding","publisher":{"@id":"https:\/\/mothertobaby.org\/es\/#organization"},"potentialAction":[{"@type":"SearchAction","target":{"@type":"EntryPoint","urlTemplate":"https:\/\/mothertobaby.org\/es\/?s={search_term_string}"},"query-input":"required name=search_term_string"}],"inLanguage":"es"},{"@type":"Organization","@id":"https:\/\/mothertobaby.org\/es\/#organization","name":"MotherToBaby","url":"https:\/\/mothertobaby.org\/es\/","logo":{"@type":"ImageObject","inLanguage":"es","@id":"https:\/\/mothertobaby.org\/es\/#\/schema\/logo\/image\/","url":"https:\/\/mothertobaby.org\/wp-content\/uploads\/2023\/06\/MTB-horz-copyright-sm-1.png","contentUrl":"https:\/\/mothertobaby.org\/wp-content\/uploads\/2023\/06\/MTB-horz-copyright-sm-1.png","width":284,"height":52,"caption":"MotherToBaby"},"image":{"@id":"https:\/\/mothertobaby.org\/es\/#\/schema\/logo\/image\/"}}]}},"featured_image_src":"https:\/\/mothertobaby.org\/wp-content\/uploads\/2021\/01\/MTB-Website-Banner-2.jpg","featured_image_src_square":"https:\/\/mothertobaby.org\/wp-content\/uploads\/2021\/01\/MTB-Website-Banner-2.jpg","_links":{"self":[{"href":"https:\/\/mothertobaby.org\/es\/wp-json\/wp\/v2\/pages\/7721","targetHints":{"allow":["GET"]}}],"collection":[{"href":"https:\/\/mothertobaby.org\/es\/wp-json\/wp\/v2\/pages"}],"about":[{"href":"https:\/\/mothertobaby.org\/es\/wp-json\/wp\/v2\/types\/page"}],"author":[{"embeddable":true,"href":"https:\/\/mothertobaby.org\/es\/wp-json\/wp\/v2\/users\/214"}],"replies":[{"embeddable":true,"href":"https:\/\/mothertobaby.org\/es\/wp-json\/wp\/v2\/comments?post=7721"}],"version-history":[{"count":0,"href":"https:\/\/mothertobaby.org\/es\/wp-json\/wp\/v2\/pages\/7721\/revisions"}],"up":[{"embeddable":true,"href":"https:\/\/mothertobaby.org\/es\/wp-json\/wp\/v2\/pages\/6747"}],"wp:featuredmedia":[{"embeddable":true,"href":"https:\/\/mothertobaby.org\/es\/wp-json\/wp\/v2\/media\/3991"}],"wp:attachment":[{"href":"https:\/\/mothertobaby.org\/es\/wp-json\/wp\/v2\/media?parent=7721"}],"wp:term":[{"taxonomy":"medical-specialty","embeddable":true,"href":"https:\/\/mothertobaby.org\/es\/wp-json\/wp\/v2\/medical-specialty?post=7721"},{"taxonomy":"related-content","embeddable":true,"href":"https:\/\/mothertobaby.org\/es\/wp-json\/wp\/v2\/related-content?post=7721"}],"curies":[{"name":"wp","href":"https:\/\/api.w.org\/{rel}","templated":true}]}}