{"id":7723,"date":"2023-04-25T11:43:19","date_gmt":"2023-04-25T18:43:19","guid":{"rendered":"https:\/\/mothertobaby.org\/?page_id=7723"},"modified":"2023-09-11T13:13:32","modified_gmt":"2023-09-11T20:13:32","slug":"refiere-paciente","status":"publish","type":"page","link":"https:\/\/mothertobaby.org\/es\/refiere-paciente\/","title":{"rendered":"Refiere un Paciente"},"content":{"rendered":"\n<h2 class=\"wp-block-heading\" id=\"h-ayudando-a-educar-sus-pacientes-en-estado-de-embarazo-y-amamantamiento\"><strong><strong>Ayudando a Educar Sus Pacientes en Estado de Embarazo y Amamantamiento<\/strong><\/strong><\/h2>\n\n\n\n<p>MotherToBaby aprecia la oportunidad de colaborar con usted en la educaci\u00f3n de sus pacientes acerca de exposiciones durante embarazo y amamantamiento. Nos encantar\u00eda tambi\u00e9n colaborar en mejorar la calidad de informaci\u00f3n sobre la seguridad de medicamentos inscribiendo a sus pacientes en nuestros estudios observacionales. Por favor considere remitir a sus pacientes a nuestro servicio de informaci\u00f3n sobre exposiciones y\/o nuestro programa de estudios de embarazo.<\/p>\n\n\n\n<div class=\"wp-block-buttons is-layout-flex wp-block-buttons-is-layout-flex\">\n<div class=\"wp-block-button\"><a class=\"wp-block-button__link has-orange-cta-background-color has-background wp-element-button\" href=\"https:\/\/mothertobaby.org\/es\/refiere-paciente-form\/\">Refiere Ahora<\/a><\/div>\n<\/div>\n\n\n\n<div style=\"height:20px\" aria-hidden=\"true\" class=\"wp-block-spacer\"><\/div>\n\n\n\n<div style=\"height:23px\" aria-hidden=\"true\" class=\"wp-block-spacer\"><\/div>\n\n\n\n<h3 class=\"wp-block-heading\" id=\"h-nosotros-proporcionamos-informaci-n-sobre-exposiciones-a-pacientes\"><strong><strong>Nosotros Proporcionamos Informaci\u00f3n sobre Exposiciones a Pacientes<\/strong><\/strong><\/h3>\n\n\n\n<p>Nuestros expertos est\u00e1n capacitados en examinar y evaluar riesgos de medicamentos y otras exposiciones durante embarazo y amamantamiento, incluyendo, pero no limitado a condiciones de salud materna, infecciones y vacunas, sustancias de abuso, y exposiciones laborales. Llevamos a cabo una revisi\u00f3n detallada de la lectura cient\u00edfica actual para proporcionar informaci\u00f3n basada en evidencia a sus pacientes en una forma comprensible. Puede remitir a sus pacientes para informaci\u00f3n sobre exposiciones utilizando nuestro <a href=\"https:\/\/mothertobaby.org\/es\/refiere-paciente-form\/\">Formulario de Referencia<\/a>. Si prefiere interactuar directamente con uno de nuestros especialistas de informaci\u00f3n terat\u00f3gena por tel\u00e9fono, texto, correo electr\u00f3nico o chat, viste nuestra pagina <a href=\"https:\/\/mothertobaby.org\/es\/preguntele-a-un-experto\/\">Pregunte a un Experto<\/a>.<\/p>\n\n\n\n<h3 class=\"wp-block-heading\" id=\"h-estudios-sobre-embarazo\"><strong><strong>Estudios sobre Embarazo<\/strong><\/strong><\/h3>\n\n\n\n<p>Como proveedor m\u00e9dico quien trata a pacientes de edad reproductiva, puede que este frustrado con la falta de datos referentes a los efectos de muchos medicamentos en los resultados de embarazo. Nuestros <a href=\"https:\/\/mothertobaby.org\/es\/profesionales-de-salud-2\/\">estudios observacionales<\/a> rigurosamente dise\u00f1ados intentan proporcionar esta informaci\u00f3n muy necesaria que terminar\u00e1 ayud\u00e1ndole a usted y a sus pacientes orientarse mejor en tomar decisiones sobre tratamientos y otros asuntos complejos durante embarazo. Nunca se les pedir\u00e1 a sus pacientes que tomen o cambien alg\u00fan medicamento. Las personas se inscriben por su propia cuenta, lo cual significa que despu\u00e9s de remitir a su paciente, nada m\u00e1s es requerido de su parte. Puede remitir a su paciente usando nuestro <a href=\"https:\/\/mothertobaby.org\/es\/refiere-un-paciente-estudios\/\">formulario en l\u00ednea. <\/a>Si prefiere hablar directamente con un miembro de nuestro equipo, llame al 877.311.8972.<\/p>\n\n\n\n<div style=\"height:100px\" aria-hidden=\"true\" class=\"wp-block-spacer\"><\/div>\n\n\n\n<div style=\"background-color:#42256a;text-align:center\" class=\"wp-block-genesis-blocks-gb-cta mtb-bottom-cta mtb-single-cta gb-block-cta gb-font-size-20 alignfull\"><div class=\"gb-cta-content\"><h2 class=\"gb-cta-title gb-font-size-30\" style=\"color:#ffffff\"><strong>Educaci\u00f3n del Paciente<\/strong><\/h2><div class=\"gb-cta-text gb-font-size-32\" style=\"color:#ffffff\"><p>Nuestras hojas informativas de f\u00e1cil lectura sobre las exposiciones durante el embarazo y la lactancia est\u00e1n disponibles en ingl\u00e9s y espa\u00f1ol.<\/p><\/div><\/div><div class=\"gb-cta-button\"><a href=\"https:\/\/mothertobaby.org\/es\/hojas-informativas\/\" target=\"_self\" rel=\"noopener noreferrer\" class=\"gb-button gb-button-shape-rounded gb-button-size-medium\" style=\"color:#ffffff;background-color:#26a68b\">Exlorar<\/a><\/div><\/div>\n","protected":false},"excerpt":{"rendered":"<p>Ayudando a Educar Sus Pacientes en Estado de Embarazo y Amamantamiento MotherToBaby aprecia la oportunidad de colaborar con usted en la educaci\u00f3n de sus pacientes acerca de exposiciones durante embarazo y amamantamiento. Nos encantar\u00eda tambi\u00e9n colaborar en mejorar la calidad de informaci\u00f3n sobre la seguridad de medicamentos inscribiendo a sus pacientes en nuestros estudios observacionales. [&hellip;]<\/p>\n","protected":false},"author":214,"featured_media":8707,"parent":0,"menu_order":0,"comment_status":"closed","ping_status":"closed","template":"page-templates\/inner-page.php","meta":{"_searchwp_excluded":"","_genesis_hide_title":false,"_genesis_hide_breadcrumbs":false,"_genesis_hide_singular_image":false,"_genesis_hide_footer_widgets":false,"_genesis_custom_body_class":"","_genesis_custom_post_class":"","_genesis_layout":"full-width-content","footnotes":""},"medical-specialty":[],"related-content":[],"class_list":{"0":"post-7723","1":"page","2":"type-page","3":"status-publish","4":"has-post-thumbnail","6":"entry"},"yoast_head":"<!-- This site is optimized with the Yoast SEO Premium plugin v20.13 (Yoast SEO v20.13) - https:\/\/yoast.com\/wordpress\/plugins\/seo\/ -->\n<title>Refiere un Paciente - MotherToBaby<\/title>\n<meta name=\"robots\" content=\"index, follow, max-snippet:-1, max-image-preview:large, max-video-preview:-1\" \/>\n<link rel=\"canonical\" href=\"https:\/\/mothertobaby.org\/es\/refiere-paciente\/\" \/>\n<meta property=\"og:locale\" content=\"es_ES\" \/>\n<meta property=\"og:type\" content=\"article\" \/>\n<meta property=\"og:title\" content=\"Refiere un Paciente\" \/>\n<meta property=\"og:description\" content=\"Ayudando a Educar Sus Pacientes en Estado de Embarazo y Amamantamiento MotherToBaby aprecia la oportunidad de colaborar con usted en la educaci\u00f3n de sus pacientes acerca de exposiciones durante embarazo y amamantamiento. Nos encantar\u00eda tambi\u00e9n colaborar en mejorar la calidad de informaci\u00f3n sobre la seguridad de medicamentos inscribiendo a sus pacientes en nuestros estudios observacionales. [&hellip;]\" \/>\n<meta property=\"og:url\" content=\"https:\/\/mothertobaby.org\/es\/refiere-paciente\/\" \/>\n<meta property=\"og:site_name\" content=\"MotherToBaby\" \/>\n<meta property=\"article:modified_time\" content=\"2023-09-11T20:13:32+00:00\" \/>\n<meta property=\"og:image\" content=\"https:\/\/mothertobaby.org\/wp-content\/uploads\/2020\/07\/MotherToBaby-Refer-A-Patient-Page-Header-1600x900-1.jpg\" \/>\n\t<meta property=\"og:image:width\" content=\"1600\" \/>\n\t<meta property=\"og:image:height\" content=\"900\" \/>\n\t<meta property=\"og:image:type\" content=\"image\/jpeg\" \/>\n<meta name=\"twitter:card\" content=\"summary_large_image\" \/>\n<meta name=\"twitter:label1\" content=\"Tiempo de lectura\" \/>\n\t<meta name=\"twitter:data1\" content=\"2 minutos\" \/>\n<script type=\"application\/ld+json\" class=\"yoast-schema-graph\">{\"@context\":\"https:\/\/schema.org\",\"@graph\":[{\"@type\":\"WebPage\",\"@id\":\"https:\/\/mothertobaby.org\/es\/refiere-paciente\/\",\"url\":\"https:\/\/mothertobaby.org\/es\/refiere-paciente\/\",\"name\":\"Refiere un Paciente - MotherToBaby\",\"isPartOf\":{\"@id\":\"https:\/\/mothertobaby.org\/es\/#website\"},\"datePublished\":\"2023-04-25T18:43:19+00:00\",\"dateModified\":\"2023-09-11T20:13:32+00:00\",\"breadcrumb\":{\"@id\":\"https:\/\/mothertobaby.org\/es\/refiere-paciente\/#breadcrumb\"},\"inLanguage\":\"es\",\"potentialAction\":[{\"@type\":\"ReadAction\",\"target\":[\"https:\/\/mothertobaby.org\/es\/refiere-paciente\/\"]}]},{\"@type\":\"BreadcrumbList\",\"@id\":\"https:\/\/mothertobaby.org\/es\/refiere-paciente\/#breadcrumb\",\"itemListElement\":[{\"@type\":\"ListItem\",\"position\":1,\"name\":\"Home\",\"item\":\"https:\/\/mothertobaby.org\/es\/\"},{\"@type\":\"ListItem\",\"position\":2,\"name\":\"Refiere un Paciente\"}]},{\"@type\":\"WebSite\",\"@id\":\"https:\/\/mothertobaby.org\/es\/#website\",\"url\":\"https:\/\/mothertobaby.org\/es\/\",\"name\":\"MotherToBaby\",\"description\":\"Medications and More during pregnancy and breastfeeding\",\"publisher\":{\"@id\":\"https:\/\/mothertobaby.org\/es\/#organization\"},\"potentialAction\":[{\"@type\":\"SearchAction\",\"target\":{\"@type\":\"EntryPoint\",\"urlTemplate\":\"https:\/\/mothertobaby.org\/es\/?s={search_term_string}\"},\"query-input\":\"required name=search_term_string\"}],\"inLanguage\":\"es\"},{\"@type\":\"Organization\",\"@id\":\"https:\/\/mothertobaby.org\/es\/#organization\",\"name\":\"MotherToBaby\",\"url\":\"https:\/\/mothertobaby.org\/es\/\",\"logo\":{\"@type\":\"ImageObject\",\"inLanguage\":\"es\",\"@id\":\"https:\/\/mothertobaby.org\/es\/#\/schema\/logo\/image\/\",\"url\":\"https:\/\/mothertobaby.org\/wp-content\/uploads\/2023\/06\/MTB-horz-copyright-sm-1.png\",\"contentUrl\":\"https:\/\/mothertobaby.org\/wp-content\/uploads\/2023\/06\/MTB-horz-copyright-sm-1.png\",\"width\":284,\"height\":52,\"caption\":\"MotherToBaby\"},\"image\":{\"@id\":\"https:\/\/mothertobaby.org\/es\/#\/schema\/logo\/image\/\"}}]}<\/script>\n<!-- \/ Yoast SEO Premium plugin. -->","yoast_head_json":{"title":"Refiere un Paciente - MotherToBaby","robots":{"index":"index","follow":"follow","max-snippet":"max-snippet:-1","max-image-preview":"max-image-preview:large","max-video-preview":"max-video-preview:-1"},"canonical":"https:\/\/mothertobaby.org\/es\/refiere-paciente\/","og_locale":"es_ES","og_type":"article","og_title":"Refiere un Paciente","og_description":"Ayudando a Educar Sus Pacientes en Estado de Embarazo y Amamantamiento MotherToBaby aprecia la oportunidad de colaborar con usted en la educaci\u00f3n de sus pacientes acerca de exposiciones durante embarazo y amamantamiento. Nos encantar\u00eda tambi\u00e9n colaborar en mejorar la calidad de informaci\u00f3n sobre la seguridad de medicamentos inscribiendo a sus pacientes en nuestros estudios observacionales. [&hellip;]","og_url":"https:\/\/mothertobaby.org\/es\/refiere-paciente\/","og_site_name":"MotherToBaby","article_modified_time":"2023-09-11T20:13:32+00:00","og_image":[{"width":1600,"height":900,"url":"https:\/\/mothertobaby.org\/wp-content\/uploads\/2020\/07\/MotherToBaby-Refer-A-Patient-Page-Header-1600x900-1.jpg","type":"image\/jpeg"}],"twitter_card":"summary_large_image","twitter_misc":{"Tiempo de lectura":"2 minutos"},"schema":{"@context":"https:\/\/schema.org","@graph":[{"@type":"WebPage","@id":"https:\/\/mothertobaby.org\/es\/refiere-paciente\/","url":"https:\/\/mothertobaby.org\/es\/refiere-paciente\/","name":"Refiere un Paciente - MotherToBaby","isPartOf":{"@id":"https:\/\/mothertobaby.org\/es\/#website"},"datePublished":"2023-04-25T18:43:19+00:00","dateModified":"2023-09-11T20:13:32+00:00","breadcrumb":{"@id":"https:\/\/mothertobaby.org\/es\/refiere-paciente\/#breadcrumb"},"inLanguage":"es","potentialAction":[{"@type":"ReadAction","target":["https:\/\/mothertobaby.org\/es\/refiere-paciente\/"]}]},{"@type":"BreadcrumbList","@id":"https:\/\/mothertobaby.org\/es\/refiere-paciente\/#breadcrumb","itemListElement":[{"@type":"ListItem","position":1,"name":"Home","item":"https:\/\/mothertobaby.org\/es\/"},{"@type":"ListItem","position":2,"name":"Refiere un Paciente"}]},{"@type":"WebSite","@id":"https:\/\/mothertobaby.org\/es\/#website","url":"https:\/\/mothertobaby.org\/es\/","name":"MotherToBaby","description":"Medications and More during pregnancy and breastfeeding","publisher":{"@id":"https:\/\/mothertobaby.org\/es\/#organization"},"potentialAction":[{"@type":"SearchAction","target":{"@type":"EntryPoint","urlTemplate":"https:\/\/mothertobaby.org\/es\/?s={search_term_string}"},"query-input":"required name=search_term_string"}],"inLanguage":"es"},{"@type":"Organization","@id":"https:\/\/mothertobaby.org\/es\/#organization","name":"MotherToBaby","url":"https:\/\/mothertobaby.org\/es\/","logo":{"@type":"ImageObject","inLanguage":"es","@id":"https:\/\/mothertobaby.org\/es\/#\/schema\/logo\/image\/","url":"https:\/\/mothertobaby.org\/wp-content\/uploads\/2023\/06\/MTB-horz-copyright-sm-1.png","contentUrl":"https:\/\/mothertobaby.org\/wp-content\/uploads\/2023\/06\/MTB-horz-copyright-sm-1.png","width":284,"height":52,"caption":"MotherToBaby"},"image":{"@id":"https:\/\/mothertobaby.org\/es\/#\/schema\/logo\/image\/"}}]}},"featured_image_src":"https:\/\/mothertobaby.org\/wp-content\/uploads\/2023\/10\/patient-referral-1-600x400.jpg","featured_image_src_square":"https:\/\/mothertobaby.org\/wp-content\/uploads\/2023\/10\/patient-referral-1-600x600.jpg","_links":{"self":[{"href":"https:\/\/mothertobaby.org\/es\/wp-json\/wp\/v2\/pages\/7723","targetHints":{"allow":["GET"]}}],"collection":[{"href":"https:\/\/mothertobaby.org\/es\/wp-json\/wp\/v2\/pages"}],"about":[{"href":"https:\/\/mothertobaby.org\/es\/wp-json\/wp\/v2\/types\/page"}],"author":[{"embeddable":true,"href":"https:\/\/mothertobaby.org\/es\/wp-json\/wp\/v2\/users\/214"}],"replies":[{"embeddable":true,"href":"https:\/\/mothertobaby.org\/es\/wp-json\/wp\/v2\/comments?post=7723"}],"version-history":[{"count":0,"href":"https:\/\/mothertobaby.org\/es\/wp-json\/wp\/v2\/pages\/7723\/revisions"}],"wp:featuredmedia":[{"embeddable":true,"href":"https:\/\/mothertobaby.org\/es\/wp-json\/wp\/v2\/media\/8707"}],"wp:attachment":[{"href":"https:\/\/mothertobaby.org\/es\/wp-json\/wp\/v2\/media?parent=7723"}],"wp:term":[{"taxonomy":"medical-specialty","embeddable":true,"href":"https:\/\/mothertobaby.org\/es\/wp-json\/wp\/v2\/medical-specialty?post=7723"},{"taxonomy":"related-content","embeddable":true,"href":"https:\/\/mothertobaby.org\/es\/wp-json\/wp\/v2\/related-content?post=7723"}],"curies":[{"name":"wp","href":"https:\/\/api.w.org\/{rel}","templated":true}]}}