{"id":7733,"date":"2023-04-26T11:53:18","date_gmt":"2023-04-26T18:53:18","guid":{"rendered":"https:\/\/mothertobaby.org\/?page_id=7733"},"modified":"2023-10-05T13:54:21","modified_gmt":"2023-10-05T20:54:21","slug":"alergia-e-inmunologia","status":"publish","type":"page","link":"https:\/\/mothertobaby.org\/es\/profesionales-de-salud\/alergia-e-inmunologia\/","title":{"rendered":"Alergia e Inmunolog\u00eda"},"content":{"rendered":"\n<h2 class=\"wp-block-heading\" id=\"h-tomar-decisiones-informadas-para-tratar-a-pacientes-con-afecciones-alergicas-e-inmunologicas\"><strong>Tomar Decisiones Informadas para Tratar a Pacientes con Afecciones Al\u00e9rgicas e Inmunol\u00f3gicas<\/strong><\/h2>\n\n\n\n<p>MotherToBaby apoya a los alerg\u00f3logos e inmun\u00f3logos en el manejo de condiciones de salud materna como asma, alergias y dermatitis at\u00f3pica. Entendemos los desaf\u00edos que enfrenta al decidir sobre los cursos de tratamiento cuando su paciente est\u00e1 embarazada o amamantando. Nuestros recursos le ayudar\u00e1n a sopesar los riesgos y beneficios tanto para su paciente embarazada como para su beb\u00e9 a medida que determina un plan de tratamiento que maximiza el manejo de la enfermedad y minimiza el riesgo materno y fetal\/infantil.<\/p>\n\n\n\n<p>Tambi\u00e9n nos dedicamos a promover la informaci\u00f3n y la comprensi\u00f3n de la seguridad de los medicamentos en el embarazo a trav\u00e9s de nuestros estudios observacionales de embarazo MotherToBaby. Estamos orgullosos de dirigir m\u00e1s de la mitad de todos los registros de embarazo obligatorios de la Administraci\u00f3n de Alimentos y Medicamentos (FDA) realizados en los Estados Unidos, incluidos los estudios sobre tratamientos para el asma y la dermatitis at\u00f3pica. Los estudios de embarazo MotherToBaby son estudios de cohortes rigurosamente dise\u00f1ados que tienen como objetivo proporcionar informaci\u00f3n de seguridad del producto que se necesita cr\u00edticamente \u2014 y las referencias de sus pacientes marcan la diferencia. Con su referencia, usted nos est\u00e1 ayudando a generar datos que conducir\u00e1n a una mejor informaci\u00f3n de seguridad del producto en el embarazo, proporcion\u00e1ndole a usted y a sus pacientes la evidencia que necesita para tomar decisiones de tratamiento m\u00e1s informadas.<\/p>\n\n\n\n<blockquote class=\"wp-block-quote is-layout-flow wp-block-quote-is-layout-flow\">\n<p>En los Estados Unidos, el 20% de [las personas embarazadas] se ven afectadas por alergias, especialmente rinitis y asma.<\/p>\n<cite>&#8212; <a href=\"https:\/\/www.worldallergy.org\/education-and-programs\/education\/allergic-disease-resource-center\/professionals\/allergic-diseases-and-asthma-in-pregnancy\" target=\"_blank\" rel=\"noreferrer noopener\">World Allergy Organization<\/a><\/cite><\/blockquote>\n\n\n\n<p>Explore c\u00f3mo podemos ayudarlo a usted y a sus pacientes embarazadas y lactantes al proporcionar evaluaciones de riesgo de exposici\u00f3n sin costo, materiales educativos para pacientes, estudios observacionales para monitorear los resultados del embarazo, y m\u00e1s.<\/p>\n\n\n<div class=\"mtb-rel-cont-list mtb-rel-cont-block\" style=\"background-color: #F0ebf8;\"><h3>Estudios Relacionados<\/h3><ul><li><a href='https:\/\/mothertobaby.org\/es\/ongoing-study\/asma\/'>Asma<\/a><\/li><li><a href='https:\/\/mothertobaby.org\/es\/ongoing-study\/coronavirus-covid-19\/'>Coronavirus (COVID-19)<\/a><\/li><li><a href='https:\/\/mothertobaby.org\/es\/ongoing-study\/eccema-moderado-a-severo-dermatitis-atopica\/'>Eccema (Moderado-a-Severo)\/Dermatitis At\u00f3pica<\/a><\/li><li><a href='https:\/\/mothertobaby.org\/es\/ongoing-study\/vacunas-contra-el-covid-19\/'>Vacunas contra el COVID-19<\/a><\/li><\/ul><\/div>\n\n\n<div class=\"mtb-rel-cont-list mtb-rel-cont-block\" style=\"background-color: #f9f9ff;\"><h3>Hojas Informativas Relacionadas<\/h3><ul><li><a href='https:\/\/mothertobaby.org\/es\/hojas-informativas\/el-albuterol\/'>Albuterol<\/a><\/li><li><a href='https:\/\/mothertobaby.org\/es\/hojas-informativas\/asma-embarazo\/'>Asma<\/a><\/li><li><a href='https:\/\/mothertobaby.org\/es\/hojas-informativas\/azelastine\/'>Azelastina (Astelin\u00ae, Optivar\u00ae)<\/a><\/li><li><a href='https:\/\/mothertobaby.org\/es\/hojas-informativas\/belimumab-benlysta\/'>Belimumab (Benlysta\u00ae)<\/a><\/li><li><a href='https:\/\/mothertobaby.org\/es\/hojas-informativas\/benralizumab-fasenra\/'>Benralizumab (Fasenra\u00ae)<\/a><\/li><li><a href='https:\/\/mothertobaby.org\/es\/hojas-informativas\/clorfeniramina-el-embarazo\/'>Clorfeniramina<\/a><\/li><li><a href='https:\/\/mothertobaby.org\/es\/hojas-informativas\/los-corticosteroides-topicos-el-embarazo\/'>Corticoides t\u00f3picos<\/a><\/li><li><a href='https:\/\/mothertobaby.org\/es\/hojas-informativas\/los-corticosteroides-inhalados-icss\/'>Corticosteroides Inhalados (CSIs)<\/a><\/li><li><a href='https:\/\/mothertobaby.org\/es\/hojas-informativas\/la-difenhidramina\/'>Difenhidramina<\/a><\/li><li><a href='https:\/\/mothertobaby.org\/es\/hojas-informativas\/dimethyl-fumarate-tecfidera\/'>Dimetilfumarato<\/a><\/li><li><a href='https:\/\/mothertobaby.org\/es\/hojas-informativas\/dupilumab-dupixent\/'>Dupilumab (Dupixent\u00ae)<\/a><\/li><li><a href='https:\/\/mothertobaby.org\/es\/hojas-informativas\/exposiciones-paternas\/'>Exposici\u00f3n paterna<\/a><\/li><li><a href='https:\/\/mothertobaby.org\/es\/hojas-informativas\/phenylephrine\/'>Fenilefrina<\/a><\/li><li><a href='https:\/\/mothertobaby.org\/es\/hojas-informativas\/fexofenadina-el-embarazo\/'>Fexofenadina (Allegra\u00ae)<\/a><\/li><li><a href='https:\/\/mothertobaby.org\/es\/hojas-informativas\/formoterol\/'>Formoterol (Foradil\u00ae)<\/a><\/li><li><a href='https:\/\/mothertobaby.org\/es\/hojas-informativas\/insulina-aspart-novolog\/'>Insulina aspart (NovoLog\u00ae)<\/a><\/li><li><a href='https:\/\/mothertobaby.org\/es\/hojas-informativas\/la-loratadina\/'>Loratadina (Claritin\u00ae)<\/a><\/li><li><a href='https:\/\/mothertobaby.org\/es\/hojas-informativas\/montelukast\/'>Montelukast (Singulair\u00ae)<\/a><\/li><li><a href='https:\/\/mothertobaby.org\/es\/hojas-informativas\/oxymetazoline\/'>Oximetazolina<\/a><\/li><li><a href='https:\/\/mothertobaby.org\/es\/hojas-informativas\/la-prednisonaprednisolona\/'>Prednisona\/Prednisolona<\/a><\/li><li><a href='https:\/\/mothertobaby.org\/es\/hojas-informativas\/prometazina\/'>Prometazina (Phenergan\u00ae)<\/a><\/li><li><a href='https:\/\/mothertobaby.org\/es\/hojas-informativas\/pseudoefedrina-fenilefrina\/'>Pseudoefedrina<\/a><\/li><li><a href='https:\/\/mothertobaby.org\/es\/hojas-informativas\/el-salmeterol\/'>Salmeterol (Serevent Diskus\u00ae)<\/a><\/li><li><a href='https:\/\/mothertobaby.org\/es\/hojas-informativas\/sifilis\/'>S\u00edfilis<\/a><\/li><li><a href='https:\/\/mothertobaby.org\/es\/hojas-informativas\/cetirizina\/'>\u200b\u200bCetirizina (Zyrtec\u00ae)\u200b<\/a><\/li><li><a href='https:\/\/mothertobaby.org\/es\/hojas-informativas\/hydroxyzine-vistaril-atarax\/'>\u200b\u200bHidroxicina (Vistaril\u00ae, Atarax\u00ae)\u200b<\/a><\/li><li><a href='https:\/\/mothertobaby.org\/es\/hojas-informativas\/vacuna-con-subunidades-de-proteinas-contra-covid-19-novavax\/'>\u200b\u200bVacuna contra la COVID-19 de subunidades proteicas (Novavax)\u200b<\/a><\/li><li><a href='https:\/\/mothertobaby.org\/es\/hojas-informativas\/vacuna-de-arnm-contra-covid-19\/'>\u200b\u200bVacunas contra la COVID-19 de ARNm (Moderna y Pfizer-BioNTech)\u200b<\/a><\/li><\/ul><\/div>\n\n\n\n<div class=\"wp-block-genesis-blocks-gb-columns light-text mtb-two-col-bkg gb-layout-columns-2 gb-2-col-equal\"><div class=\"gb-layout-column-wrap gb-block-layout-column-gap-2 gb-is-responsive-column\">\n<div class=\"wp-block-genesis-blocks-gb-column gb-block-layout-column\"><div class=\"gb-block-layout-column-inner has-purple-1-background-color gb-has-background-dim gb-has-background-dim-30 gb-background-cover gb-background-no-repeat\" style=\"background-image:url(https:\/\/mothertobaby.org\/wp-content\/uploads\/2020\/09\/MotherToBaby-HCP-Exposure-Block-625x320-1.jpg)\">\n<h2 class=\"wp-block-heading has-text-align-left\" id=\"h-informaci-n-sobre-exposiciones\">Informaci\u00f3n Sobre Exposiciones<\/h2>\n\n\n\n<p class=\"has-text-align-left\">Brindamos informaci\u00f3n sin costo y basada en evidencia sobre exposiciones durante el embarazo o la lactancia por tel\u00e9fono, mensaje de texto, correo electr\u00f3nico y chat.<\/p>\n\n\n\n<div class=\"wp-block-buttons is-layout-flex wp-block-buttons-is-layout-flex\">\n<div class=\"wp-block-button has-custom-font-size mtb-std-block-btn gb-block-button\" style=\"font-size:20px;line-height:1.2\"><a class=\"wp-block-button__link has-text-color has-background wp-element-button\" href=\"\/es\/contactar\/\" style=\"border-radius:5px;color:#ffffff;background-color:#3373dc;padding-top:10px;padding-right:1em;padding-bottom:10px;padding-left:1em\">Contacto<\/a><\/div>\n<\/div>\n<\/div><\/div>\n\n\n\n<div class=\"wp-block-genesis-blocks-gb-column gb-block-layout-column\"><div class=\"gb-block-layout-column-inner has-purple-1-background-color gb-has-background-dim gb-has-background-dim-30 gb-background-cover gb-background-no-repeat\" style=\"background-image:url(https:\/\/mothertobaby.org\/wp-content\/uploads\/2020\/09\/MotherToBaby-HCP-Request-Materials-Block-625x320-1.jpg)\">\n<h2 class=\"wp-block-heading has-text-align-left\" id=\"h-solicitar-materiales\">Solicitar Materiales<\/h2>\n\n\n\n<p class=\"has-text-align-left\">Ofrecemos materiales gratuitos de educaci\u00f3n para pacientes y recursos para proveedores para nuestro servicio de informaci\u00f3n y estudios de embarazo.<\/p>\n\n\n\n<div class=\"wp-block-buttons is-layout-flex wp-block-buttons-is-layout-flex\">\n<div class=\"wp-block-button has-custom-font-size mtb-std-block-btn gb-block-button\" style=\"font-size:20px;line-height:1.2\"><a class=\"wp-block-button__link has-text-color has-background wp-element-button\" href=\"\/es\/ordena-materiales\/\" style=\"border-radius:5px;color:#ffffff;background-color:#3373dc;padding-top:10px;padding-right:1em;padding-bottom:10px;padding-left:1em\">SOLICITE<\/a><\/div>\n<\/div>\n<\/div><\/div>\n<\/div><\/div>\n\n\n\n<h3 class=\"wp-block-heading\"><strong>Aplicaci\u00f3n LactRx<\/strong><\/h3>\n\n\n\n<p><a href=\"https:\/\/mothertobaby.org\/es\/app-lactrx-por-mothertobaby\/\" target=\"_blank\" rel=\"noreferrer noopener\">Descargue<\/a>&nbsp;nuestra aplicaci\u00f3n LactRx para acceder de inmediato a la base de datos LactMed de la Biblioteca Nacional de Medicina para obtener informaci\u00f3n actualizada sobre medicamentos para la alergia y la inmunolog\u00eda, as\u00ed como otros medicamentos y vacunas a los que las madres lactantes pueden estar expuestas.<\/p>\n\n\n\n<h3 class=\"wp-block-heading\" id=\"h-socios\">Socios<\/h3>\n\n\n\n<ul class=\"wp-block-list\">\n<li><a href=\"https:\/\/redalergiayasma.org\/\" target=\"_blank\" rel=\"noreferrer noopener\">Allergy &amp; Asthma Network<\/a><\/li>\n\n\n\n<li><a rel=\"noreferrer noopener\" href=\"https:\/\/www.aaaai.org\/\" target=\"_blank\">American Academy of Allergy, Asthma &amp; Immunology<\/a><\/li>\n\n\n\n<li><a rel=\"noreferrer noopener\" href=\"https:\/\/www.smfm.org\/\" target=\"_blank\">Society for Maternal-Fetal Medicine<\/a><\/li>\n\n\n\n<li><a rel=\"noreferrer noopener\" href=\"https:\/\/birthdefectsresearch.org\/\" target=\"_blank\">Society for Birth Defects Research &amp; Prevention<\/a><\/li>\n\n\n\n<li><a rel=\"noreferrer noopener\" href=\"https:\/\/www.patienteducationgenius.com\/\" target=\"_blank\">Patient Education Genius<\/a><\/li>\n\n\n\n<li><a rel=\"noreferrer noopener\" href=\"https:\/\/www.patientslikeme.com\/\" target=\"_blank\">PatientsLikeMe<\/a><\/li>\n\n\n\n<li><a rel=\"noreferrer noopener\" href=\"https:\/\/themighty.com\/\" target=\"_blank\">The Mighty<\/a><\/li>\n<\/ul>\n\n\n\n<div style=\"height:100px\" aria-hidden=\"true\" class=\"wp-block-spacer\"><\/div>\n\n\n\n<div style=\"background-color:#f9f9ff;padding-left:8%;padding-right:8%\" class=\"wp-block-genesis-blocks-gb-container alignfull mtb-hp-block mtb-3-col-cta-row gb-block-container\"><div class=\"gb-container-inside\"><div class=\"gb-container-content\" style=\"max-width:1120px\">\n<div class=\"wp-block-genesis-blocks-gb-columns light-text mtb-3-col-cta no-link-underline gb-layout-columns-3 gb-3-col-equal\"><div class=\"gb-layout-column-wrap gb-block-layout-column-gap-3 gb-is-responsive-column\">\n<div class=\"wp-block-genesis-blocks-gb-column mtb-cta-radius gb-block-layout-column\"><div class=\"gb-block-layout-column-inner gb-has-custom-background-color\" style=\"background-color:#522e83\">\n<h3 class=\"wp-block-heading has-text-align-left\" id=\"h-preguntas-frecuentes\">Preguntas Frecuentes<\/h3>\n\n\n\n<p class=\"has-text-align-left\">Obtenga respuestas a las preguntas m\u00e1s frecuentes sobre nuestro servicio de informaci\u00f3n y estudios de embarazo.<\/p>\n\n\n\n<div class=\"wp-block-buttons is-layout-flex wp-block-buttons-is-layout-flex\">\n<div class=\"wp-block-button has-custom-font-size mtb-std-block-btn gb-block-button\" style=\"font-size:20px;line-height:1.2\"><a class=\"wp-block-button__link has-text-color has-background wp-element-button\" href=\"\/healthcare-professionals-faqs\/\" style=\"border-radius:5px;color:#ffffff;background-color:#3373dc;padding-top:10px;padding-right:1em;padding-bottom:10px;padding-left:1em\">Leer<\/a><\/div>\n<\/div>\n<\/div><\/div>\n\n\n\n<div class=\"wp-block-genesis-blocks-gb-column mtb-cta-radius gb-block-layout-column\"><div class=\"gb-block-layout-column-inner gb-has-custom-background-color\" style=\"background-color:#522e83\">\n<h3 class=\"wp-block-heading has-text-align-left\" id=\"h-mant-ngase-en-contacto\">Mant\u00e9ngase en contacto<\/h3>\n\n\n\n<p class=\"has-text-align-left\">Nuestro bolet\u00edn electr\u00f3nico le brinda la informaci\u00f3n, las noticias, y los recursos m\u00e1s recientes de los expertos de MotherToBaby.<\/p>\n\n\n\n<div class=\"wp-block-buttons is-layout-flex wp-block-buttons-is-layout-flex\">\n<div class=\"wp-block-button has-custom-font-size mtb-std-block-btn gb-block-button\" style=\"font-size:20px;line-height:1.2\"><a class=\"wp-block-button__link has-text-color has-background wp-element-button\" href=\"\/enews-sign-up-form\/\" style=\"border-radius:5px;color:#ffffff;background-color:#3373dc;padding-top:10px;padding-right:1em;padding-bottom:10px;padding-left:1em\">Inscribirse<\/a><\/div>\n<\/div>\n<\/div><\/div>\n\n\n\n<div class=\"wp-block-genesis-blocks-gb-column mtb-cta-radius gb-block-layout-column\"><div class=\"gb-block-layout-column-inner gb-has-custom-background-color\" style=\"background-color:#26a68b\">\n<h3 class=\"wp-block-heading has-text-align-left\" id=\"h-remitir-paciente\">Remitir Paciente<\/h3>\n\n\n\n<p class=\"has-text-align-left\">\u00bfNecesita darle a su paciente una evaluaci\u00f3n personalizada sobre un riesgo de exposici\u00f3n o conectarlo con nuestros estudios de embarazo?<\/p>\n\n\n\n<div class=\"wp-block-buttons is-layout-flex wp-block-buttons-is-layout-flex\">\n<div class=\"wp-block-button has-custom-font-size mtb-std-block-btn gb-block-button\" style=\"font-size:20px;line-height:1.2\"><a class=\"wp-block-button__link has-text-color has-background wp-element-button\" href=\"\/refer-patient-form\/\" style=\"border-radius:5px;color:#ffffff;background-color:#3373dc;padding-top:10px;padding-right:1em;padding-bottom:10px;padding-left:1em\">Remitir<\/a><\/div>\n<\/div>\n<\/div><\/div>\n<\/div><\/div>\n<\/div><\/div><\/div>\n","protected":false},"excerpt":{"rendered":"<p>Tomar Decisiones Informadas para Tratar a Pacientes con Afecciones Al\u00e9rgicas e Inmunol\u00f3gicas MotherToBaby apoya a los alerg\u00f3logos e inmun\u00f3logos en el manejo de condiciones de salud materna como asma, alergias y dermatitis at\u00f3pica. Entendemos los desaf\u00edos que enfrenta al decidir sobre los cursos de tratamiento cuando su paciente est\u00e1 embarazada o amamantando. Nuestros recursos le [&hellip;]<\/p>\n","protected":false},"author":214,"featured_media":2903,"parent":6741,"menu_order":0,"comment_status":"closed","ping_status":"closed","template":"page-templates\/inner-page.php","meta":{"_searchwp_excluded":"","_genesis_hide_title":false,"_genesis_hide_breadcrumbs":false,"_genesis_hide_singular_image":false,"_genesis_hide_footer_widgets":false,"_genesis_custom_body_class":"","_genesis_custom_post_class":"","_genesis_layout":"full-width-content","footnotes":""},"medical-specialty":[872],"related-content":[],"class_list":{"0":"post-7733","1":"page","2":"type-page","3":"status-publish","4":"has-post-thumbnail","6":"medical-specialty-allergy-and-immunology-es","7":"entry"},"yoast_head":"<!-- This site is optimized with the Yoast SEO Premium plugin v20.13 (Yoast SEO v20.13) - https:\/\/yoast.com\/wordpress\/plugins\/seo\/ -->\n<title>Alergia e Inmunolog\u00eda - MotherToBaby<\/title>\n<meta name=\"robots\" content=\"index, follow, max-snippet:-1, max-image-preview:large, max-video-preview:-1\" \/>\n<link rel=\"canonical\" href=\"https:\/\/mothertobaby.org\/es\/profesionales-de-salud\/alergia-e-inmunologia\/\" \/>\n<meta property=\"og:locale\" content=\"es_ES\" \/>\n<meta property=\"og:type\" content=\"article\" \/>\n<meta property=\"og:title\" content=\"Alergia e Inmunolog\u00eda\" \/>\n<meta property=\"og:description\" content=\"Tomar Decisiones Informadas para Tratar a Pacientes con Afecciones Al\u00e9rgicas e Inmunol\u00f3gicas MotherToBaby apoya a los alerg\u00f3logos e inmun\u00f3logos en el manejo de condiciones de salud materna como asma, alergias y dermatitis at\u00f3pica. Entendemos los desaf\u00edos que enfrenta al decidir sobre los cursos de tratamiento cuando su paciente est\u00e1 embarazada o amamantando. Nuestros recursos le [&hellip;]\" \/>\n<meta property=\"og:url\" content=\"https:\/\/mothertobaby.org\/es\/profesionales-de-salud\/alergia-e-inmunologia\/\" \/>\n<meta property=\"og:site_name\" content=\"MotherToBaby\" \/>\n<meta property=\"article:modified_time\" content=\"2023-10-05T20:54:21+00:00\" \/>\n<meta property=\"og:image\" content=\"https:\/\/mothertobaby.org\/wp-content\/uploads\/2020\/09\/MotherToBaby-Allergy-Immunology-Healthcare-Professionals-1600x900-09.20.jpg\" \/>\n\t<meta property=\"og:image:width\" content=\"1600\" \/>\n\t<meta property=\"og:image:height\" content=\"900\" \/>\n\t<meta property=\"og:image:type\" content=\"image\/jpeg\" \/>\n<meta name=\"twitter:card\" content=\"summary_large_image\" \/>\n<meta name=\"twitter:label1\" content=\"Tiempo de lectura\" \/>\n\t<meta name=\"twitter:data1\" content=\"2 minutos\" \/>\n<script type=\"application\/ld+json\" class=\"yoast-schema-graph\">{\"@context\":\"https:\/\/schema.org\",\"@graph\":[{\"@type\":\"WebPage\",\"@id\":\"https:\/\/mothertobaby.org\/es\/profesionales-de-salud\/alergia-e-inmunologia\/\",\"url\":\"https:\/\/mothertobaby.org\/es\/profesionales-de-salud\/alergia-e-inmunologia\/\",\"name\":\"Alergia e Inmunolog\u00eda - MotherToBaby\",\"isPartOf\":{\"@id\":\"https:\/\/mothertobaby.org\/es\/#website\"},\"datePublished\":\"2023-04-26T18:53:18+00:00\",\"dateModified\":\"2023-10-05T20:54:21+00:00\",\"breadcrumb\":{\"@id\":\"https:\/\/mothertobaby.org\/es\/profesionales-de-salud\/alergia-e-inmunologia\/#breadcrumb\"},\"inLanguage\":\"es\",\"potentialAction\":[{\"@type\":\"ReadAction\",\"target\":[\"https:\/\/mothertobaby.org\/es\/profesionales-de-salud\/alergia-e-inmunologia\/\"]}]},{\"@type\":\"BreadcrumbList\",\"@id\":\"https:\/\/mothertobaby.org\/es\/profesionales-de-salud\/alergia-e-inmunologia\/#breadcrumb\",\"itemListElement\":[{\"@type\":\"ListItem\",\"position\":1,\"name\":\"Home\",\"item\":\"https:\/\/mothertobaby.org\/es\/\"},{\"@type\":\"ListItem\",\"position\":2,\"name\":\"Profesionales de Salud\",\"item\":\"https:\/\/mothertobaby.org\/es\/profesionales-de-salud\/\"},{\"@type\":\"ListItem\",\"position\":3,\"name\":\"Alergia e Inmunolog\u00eda\"}]},{\"@type\":\"WebSite\",\"@id\":\"https:\/\/mothertobaby.org\/es\/#website\",\"url\":\"https:\/\/mothertobaby.org\/es\/\",\"name\":\"MotherToBaby\",\"description\":\"Medications and More during pregnancy and breastfeeding\",\"publisher\":{\"@id\":\"https:\/\/mothertobaby.org\/es\/#organization\"},\"potentialAction\":[{\"@type\":\"SearchAction\",\"target\":{\"@type\":\"EntryPoint\",\"urlTemplate\":\"https:\/\/mothertobaby.org\/es\/?s={search_term_string}\"},\"query-input\":\"required name=search_term_string\"}],\"inLanguage\":\"es\"},{\"@type\":\"Organization\",\"@id\":\"https:\/\/mothertobaby.org\/es\/#organization\",\"name\":\"MotherToBaby\",\"url\":\"https:\/\/mothertobaby.org\/es\/\",\"logo\":{\"@type\":\"ImageObject\",\"inLanguage\":\"es\",\"@id\":\"https:\/\/mothertobaby.org\/es\/#\/schema\/logo\/image\/\",\"url\":\"https:\/\/mothertobaby.org\/wp-content\/uploads\/2023\/06\/MTB-horz-copyright-sm-1.png\",\"contentUrl\":\"https:\/\/mothertobaby.org\/wp-content\/uploads\/2023\/06\/MTB-horz-copyright-sm-1.png\",\"width\":284,\"height\":52,\"caption\":\"MotherToBaby\"},\"image\":{\"@id\":\"https:\/\/mothertobaby.org\/es\/#\/schema\/logo\/image\/\"}}]}<\/script>\n<!-- \/ Yoast SEO Premium plugin. -->","yoast_head_json":{"title":"Alergia e Inmunolog\u00eda - MotherToBaby","robots":{"index":"index","follow":"follow","max-snippet":"max-snippet:-1","max-image-preview":"max-image-preview:large","max-video-preview":"max-video-preview:-1"},"canonical":"https:\/\/mothertobaby.org\/es\/profesionales-de-salud\/alergia-e-inmunologia\/","og_locale":"es_ES","og_type":"article","og_title":"Alergia e Inmunolog\u00eda","og_description":"Tomar Decisiones Informadas para Tratar a Pacientes con Afecciones Al\u00e9rgicas e Inmunol\u00f3gicas MotherToBaby apoya a los alerg\u00f3logos e inmun\u00f3logos en el manejo de condiciones de salud materna como asma, alergias y dermatitis at\u00f3pica. Entendemos los desaf\u00edos que enfrenta al decidir sobre los cursos de tratamiento cuando su paciente est\u00e1 embarazada o amamantando. Nuestros recursos le [&hellip;]","og_url":"https:\/\/mothertobaby.org\/es\/profesionales-de-salud\/alergia-e-inmunologia\/","og_site_name":"MotherToBaby","article_modified_time":"2023-10-05T20:54:21+00:00","og_image":[{"width":1600,"height":900,"url":"https:\/\/mothertobaby.org\/wp-content\/uploads\/2020\/09\/MotherToBaby-Allergy-Immunology-Healthcare-Professionals-1600x900-09.20.jpg","type":"image\/jpeg"}],"twitter_card":"summary_large_image","twitter_misc":{"Tiempo de lectura":"2 minutos"},"schema":{"@context":"https:\/\/schema.org","@graph":[{"@type":"WebPage","@id":"https:\/\/mothertobaby.org\/es\/profesionales-de-salud\/alergia-e-inmunologia\/","url":"https:\/\/mothertobaby.org\/es\/profesionales-de-salud\/alergia-e-inmunologia\/","name":"Alergia e Inmunolog\u00eda - MotherToBaby","isPartOf":{"@id":"https:\/\/mothertobaby.org\/es\/#website"},"datePublished":"2023-04-26T18:53:18+00:00","dateModified":"2023-10-05T20:54:21+00:00","breadcrumb":{"@id":"https:\/\/mothertobaby.org\/es\/profesionales-de-salud\/alergia-e-inmunologia\/#breadcrumb"},"inLanguage":"es","potentialAction":[{"@type":"ReadAction","target":["https:\/\/mothertobaby.org\/es\/profesionales-de-salud\/alergia-e-inmunologia\/"]}]},{"@type":"BreadcrumbList","@id":"https:\/\/mothertobaby.org\/es\/profesionales-de-salud\/alergia-e-inmunologia\/#breadcrumb","itemListElement":[{"@type":"ListItem","position":1,"name":"Home","item":"https:\/\/mothertobaby.org\/es\/"},{"@type":"ListItem","position":2,"name":"Profesionales de Salud","item":"https:\/\/mothertobaby.org\/es\/profesionales-de-salud\/"},{"@type":"ListItem","position":3,"name":"Alergia e Inmunolog\u00eda"}]},{"@type":"WebSite","@id":"https:\/\/mothertobaby.org\/es\/#website","url":"https:\/\/mothertobaby.org\/es\/","name":"MotherToBaby","description":"Medications and More during pregnancy and breastfeeding","publisher":{"@id":"https:\/\/mothertobaby.org\/es\/#organization"},"potentialAction":[{"@type":"SearchAction","target":{"@type":"EntryPoint","urlTemplate":"https:\/\/mothertobaby.org\/es\/?s={search_term_string}"},"query-input":"required name=search_term_string"}],"inLanguage":"es"},{"@type":"Organization","@id":"https:\/\/mothertobaby.org\/es\/#organization","name":"MotherToBaby","url":"https:\/\/mothertobaby.org\/es\/","logo":{"@type":"ImageObject","inLanguage":"es","@id":"https:\/\/mothertobaby.org\/es\/#\/schema\/logo\/image\/","url":"https:\/\/mothertobaby.org\/wp-content\/uploads\/2023\/06\/MTB-horz-copyright-sm-1.png","contentUrl":"https:\/\/mothertobaby.org\/wp-content\/uploads\/2023\/06\/MTB-horz-copyright-sm-1.png","width":284,"height":52,"caption":"MotherToBaby"},"image":{"@id":"https:\/\/mothertobaby.org\/es\/#\/schema\/logo\/image\/"}}]}},"featured_image_src":"https:\/\/mothertobaby.org\/wp-content\/uploads\/2020\/09\/MotherToBaby-Allergy-Immunology-Healthcare-Professionals-1600x900-09.20.jpg","featured_image_src_square":"https:\/\/mothertobaby.org\/wp-content\/uploads\/2020\/09\/MotherToBaby-Allergy-Immunology-Healthcare-Professionals-1600x900-09.20.jpg","_links":{"self":[{"href":"https:\/\/mothertobaby.org\/es\/wp-json\/wp\/v2\/pages\/7733","targetHints":{"allow":["GET"]}}],"collection":[{"href":"https:\/\/mothertobaby.org\/es\/wp-json\/wp\/v2\/pages"}],"about":[{"href":"https:\/\/mothertobaby.org\/es\/wp-json\/wp\/v2\/types\/page"}],"author":[{"embeddable":true,"href":"https:\/\/mothertobaby.org\/es\/wp-json\/wp\/v2\/users\/214"}],"replies":[{"embeddable":true,"href":"https:\/\/mothertobaby.org\/es\/wp-json\/wp\/v2\/comments?post=7733"}],"version-history":[{"count":0,"href":"https:\/\/mothertobaby.org\/es\/wp-json\/wp\/v2\/pages\/7733\/revisions"}],"up":[{"embeddable":true,"href":"https:\/\/mothertobaby.org\/es\/wp-json\/wp\/v2\/pages\/6741"}],"wp:featuredmedia":[{"embeddable":true,"href":"https:\/\/mothertobaby.org\/es\/wp-json\/wp\/v2\/media\/2903"}],"wp:attachment":[{"href":"https:\/\/mothertobaby.org\/es\/wp-json\/wp\/v2\/media?parent=7733"}],"wp:term":[{"taxonomy":"medical-specialty","embeddable":true,"href":"https:\/\/mothertobaby.org\/es\/wp-json\/wp\/v2\/medical-specialty?post=7733"},{"taxonomy":"related-content","embeddable":true,"href":"https:\/\/mothertobaby.org\/es\/wp-json\/wp\/v2\/related-content?post=7733"}],"curies":[{"name":"wp","href":"https:\/\/api.w.org\/{rel}","templated":true}]}}