{"id":7777,"date":"2023-05-11T14:52:07","date_gmt":"2023-05-11T21:52:07","guid":{"rendered":"https:\/\/mothertobaby.org\/?page_id=7777"},"modified":"2023-08-30T09:55:01","modified_gmt":"2023-08-30T16:55:01","slug":"ingreso-por-miembro","status":"publish","type":"page","link":"https:\/\/mothertobaby.org\/es\/ingreso-por-miembro\/","title":{"rendered":"Ingreso por Miembro"},"content":{"rendered":"\n<h2 class=\"wp-block-heading\" id=\"h-administre-su-membres-a-y-obtenga-informaci-n-importante-y-actualizaciones\">Administre su Membres\u00eda y Obtenga Informaci\u00f3n Importante y Actualizaciones<\/h2>\n\n\n\n<div style=\"height:20px\" aria-hidden=\"true\" class=\"wp-block-spacer\"><\/div>\n\n\n\n<div style=\"height:20px\" aria-hidden=\"true\" class=\"wp-block-spacer\"><\/div>\n\n\n\n<p>El Portal para Miembros de OTIS le brinda acceso las 24 horas, los 7 d\u00edas de la semana, a informaci\u00f3n y actualizaciones importantes. Usted puede:<\/p>\n\n\n\n<ul class=\"wp-block-list\">\n<li>Pagar sus cuotas de membres\u00eda<\/li>\n\n\n\n<li>Actualizar su perfil<\/li>\n\n\n\n<li>Encontrar otros miembros de OTIS utilizando nuestro Directorio de Miembros<\/li>\n\n\n\n<li>Obtener informaci\u00f3n importante y actualizaciones<\/li>\n<\/ul>\n\n\n\n<div style=\"height:20px\" aria-hidden=\"true\" class=\"wp-block-spacer\"><\/div>\n\n\n\n<div style=\"height:23px\" aria-hidden=\"true\" class=\"wp-block-spacer\"><\/div>\n\n\n\n<div style=\"background-color:#F9F9FF;padding-bottom:5%;padding-top:5%\" class=\"wp-block-genesis-blocks-gb-container alignfull mtb-full-width-container mtb-member-login-row gb-block-container\"><div class=\"gb-container-inside\"><div class=\"gb-container-content\"><div class=\"bootstrap-iso\"><div id=\"primary-sidebar\" class=\"primary-sidebar widget-area\" role=\"complementary\">\n              <div id=\"profileLoginBox\" class=\"mtb-login-tag-0\">\n                <div class=\"row\" class=\"mtb-login-tag-1\">\n                  <div class=\"err_msg\"><\/div>\n                <\/div>\n                <form id=\"form1\" name=\"form1\" action=\"\" method=\"post\">\n                    <div class=\"row\">\n                        <div class=\"col-md-4\">\n                          <label><strong>E-mail \/ Affiliate Id<\/strong><\/label>\n                        <\/div>\n                        <div class=\"col-md-4\">\n                          <input id=\"mp-login-email\" name=\"email\" class=\"form-control\" type=\"text\"  \/>\n                        <\/div>\n                    <\/div><br>\n                    <div class=\"row\">\n                      <div class=\"col-md-4\">\n                        <label><strong>Password<\/strong><\/label>\n                      <\/div>\n                      <div class=\"col-md-4\">\n                        <input name=\"password\" type=\"password\" class=\"form-control\" \/>\n                      <\/div>\n                    <\/div><br>\n                    <div class=\"mtb-login-tag-2\" >\n                        <div class=\"mtb-login-tag-3\"><\/div>\n                        <input name=\"go\" class=\"btn btn-primary\" class=\"mtb-login-tag-4\" type=\"submit\" value=\"Login\"\/>\n                        <div class=\"mtb-login-tag-5\">\n                            <a href=\"\/reset-password\" class=\"resetpassword\">Reset Password<\/a>\n                        <\/div>\n                    <\/div>\n                  <\/form>\n                <div class=\"mtb-login-tag-6\">\n                <br>Note: You must reset your password the first time you log into the website.\n                <br><br>\n              Not a Member? <a href=\"\/join-now\">Join Now<\/a>\n                <\/div>   \n              <\/div>\n          <\/div><\/div>\n\n\n\n<p><\/p>\n<\/div><\/div><\/div>\n\n\n\n<div style=\"height:20px\" aria-hidden=\"true\" class=\"wp-block-spacer\"><\/div>\n\n\n\n<div style=\"height:23px\" aria-hidden=\"true\" class=\"wp-block-spacer\"><\/div>\n\n\n\n<div class=\"wp-block-genesis-blocks-gb-columns light-text mtb-two-col-bkg gb-layout-columns-2 gb-2-col-equal\"><div class=\"gb-layout-column-wrap gb-block-layout-column-gap-2 gb-is-responsive-column\">\n<div class=\"wp-block-genesis-blocks-gb-column gb-block-layout-column\"><div class=\"gb-block-layout-column-inner has-purple-1-background-color gb-has-background-dim gb-has-background-dim-30 gb-background-cover gb-background-no-repeat\" style=\"background-image:url(https:\/\/mothertobaby.org\/wp-content\/uploads\/2020\/04\/fpo-2.jpg)\">\n<h2 class=\"wp-block-heading has-text-align-left\" id=\"h-necesitas-m-s-ayuda\">Necesitas m\u00e1s ayuda?<\/h2>\n\n\n\n<p class=\"has-text-align-left\">Comun\u00edquese con nuestra Oficina Nacional para obtener ayuda con su membres\u00eda de OTIS y para procesar su donaci\u00f3n.<\/p>\n\n\n\n<div class=\"wp-block-buttons is-layout-flex wp-block-buttons-is-layout-flex\">\n<div class=\"wp-block-button has-custom-font-size mtb-std-block-btn gb-block-button\" style=\"font-size:20px;line-height:1.2\"><a class=\"wp-block-button__link has-text-color has-background wp-element-button\" href=\"https:\/\/mothertobaby.org\/es\/contactar\/\" style=\"border-radius:5px;color:#ffffff;background-color:#3373dc;padding-top:10px;padding-right:1em;padding-bottom:10px;padding-left:1em\">Contactar<\/a><\/div>\n<\/div>\n<\/div><\/div>\n\n\n\n<div class=\"wp-block-genesis-blocks-gb-column gb-block-layout-column\"><div class=\"gb-block-layout-column-inner has-orange-cta-background-color gb-has-background-dim gb-has-background-dim-30 gb-background-cover gb-background-no-repeat\" style=\"background-image:url(https:\/\/mothertobaby.org\/wp-content\/uploads\/2020\/04\/fpo-1.jpg)\">\n<h2 class=\"wp-block-heading has-text-align-left\" id=\"h-no-eres-miembro-todav-a\">\u00bfNo Eres Miembro Todav\u00eda?<\/h2>\n\n\n\n<p class=\"has-text-align-left\">Conoce nuestra sociedad profesional de especialistas en terat\u00f3genos. Nuestro trabajo alimenta la comprensi\u00f3n cient\u00edfica de los defectos de nacimiento.<\/p>\n\n\n\n<div class=\"wp-block-buttons is-layout-flex wp-block-buttons-is-layout-flex\">\n<div class=\"wp-block-button has-custom-font-size mtb-std-block-btn gb-block-button\" style=\"font-size:20px;line-height:1.2\"><a class=\"wp-block-button__link has-text-color has-background wp-element-button\" href=\"https:\/\/mothertobaby.org\/es\/unase-ahora\/\" style=\"border-radius:5px;color:#ffffff;background-color:#3373dc;padding-top:10px;padding-right:1em;padding-bottom:10px;padding-left:1em\">Unirse Ahora<\/a><\/div>\n<\/div>\n\n\n\n<p><\/p>\n<\/div><\/div>\n<\/div><\/div>\n\n\n\n<div style=\"height:100px\" aria-hidden=\"true\" class=\"wp-block-spacer\"><\/div>\n\n\n\n<div style=\"background-color:#f9f9ff;padding-left:8%;padding-right:8%\" class=\"wp-block-genesis-blocks-gb-container alignfull mtb-hp-block mtb-3-col-cta-row gb-block-container\"><div class=\"gb-container-inside\"><div class=\"gb-container-content\" style=\"max-width:1120px\">\n<div class=\"wp-block-genesis-blocks-gb-columns light-text mtb-3-col-cta no-link-underline gb-layout-columns-3 gb-3-col-equal\"><div class=\"gb-layout-column-wrap gb-block-layout-column-gap-3 gb-is-responsive-column\">\n<div class=\"wp-block-genesis-blocks-gb-column mtb-cta-radius gb-block-layout-column\"><div class=\"gb-block-layout-column-inner gb-has-custom-background-color\" style=\"background-color:#522e83\">\n<h3 class=\"wp-block-heading has-text-align-left\" id=\"h-recursos-profesionales\">Recursos Profesionales<\/h3>\n\n\n\n<p class=\"has-text-align-left\">Explore nuestros materiales educativos para pacientes, los estudios de embarazo en curso y el sencillo sistema de remisi\u00f3n de pacientes.<\/p>\n\n\n\n<div class=\"wp-block-buttons is-layout-flex wp-block-buttons-is-layout-flex\">\n<div class=\"wp-block-button has-custom-font-size mtb-std-block-btn gb-block-button\" style=\"font-size:20px;line-height:1.2\"><a class=\"wp-block-button__link has-text-color has-background wp-element-button\" href=\"https:\/\/mothertobaby.org\/es\/profesionales-de-salud\/\" style=\"border-radius:5px;color:#ffffff;background-color:#3373dc;padding-top:10px;padding-right:1em;padding-bottom:10px;padding-left:1em\">AcceDA<\/a><\/div>\n<\/div>\n<\/div><\/div>\n\n\n\n<div class=\"wp-block-genesis-blocks-gb-column mtb-cta-radius gb-block-layout-column\"><div class=\"gb-block-layout-column-inner gb-has-custom-background-color\" style=\"background-color:#522e83\">\n<h3 class=\"wp-block-heading has-text-align-left\" id=\"h-haga-una-donaci-n\">Haga una Donaci\u00f3n<\/h3>\n\n\n\n<p class=\"has-text-align-left\">Su generoso apoyo nos ayuda a proporcionar informaci\u00f3n de seguridad sobre exposiciones a familias y proveedores de salud.<\/p>\n\n\n\n<div class=\"wp-block-buttons is-layout-flex wp-block-buttons-is-layout-flex\">\n<div class=\"wp-block-button has-custom-font-size mtb-std-block-btn gb-block-button\" style=\"font-size:20px;line-height:1.2\"><a class=\"wp-block-button__link has-text-color has-background wp-element-button\" href=\"https:\/\/mothertobaby.org\/es\/donar\/\" style=\"border-radius:5px;color:#ffffff;background-color:#3373dc;padding-top:10px;padding-right:1em;padding-bottom:10px;padding-left:1em\">Done<\/a><\/div>\n<\/div>\n<\/div><\/div>\n\n\n\n<div class=\"wp-block-genesis-blocks-gb-column mtb-cta-radius gb-block-layout-column\"><div class=\"gb-block-layout-column-inner has-orange-cta-background-color\">\n<h3 class=\"wp-block-heading has-text-align-left\" id=\"h-nase-a-otis\">\u00danase a OTIS<\/h3>\n\n\n\n<p class=\"has-text-align-left\">Convi\u00e9rtase en un l\u00edder en la prevenci\u00f3n de defectos cong\u00e9nitos uni\u00e9ndose a OTIS, nuestra sociedad cient\u00edfica profesional de teratolog\u00eda.<\/p>\n\n\n\n<div class=\"wp-block-buttons is-layout-flex wp-block-buttons-is-layout-flex\">\n<div class=\"wp-block-button has-custom-font-size mtb-std-block-btn gb-block-button\" style=\"font-size:20px;line-height:1.2\"><a class=\"wp-block-button__link has-text-color has-background wp-element-button\" href=\"https:\/\/mothertobaby.org\/es\/membresia-de-otis\/\" style=\"border-radius:5px;color:#ffffff;background-color:#3373dc;padding-top:10px;padding-right:1em;padding-bottom:10px;padding-left:1em\">\u00daNASE<\/a><\/div>\n<\/div>\n<\/div><\/div>\n<\/div><\/div>\n<\/div><\/div><\/div>\n","protected":false},"excerpt":{"rendered":"<p>Administre su Membres\u00eda y Obtenga Informaci\u00f3n Importante y Actualizaciones El Portal para Miembros de OTIS le brinda acceso las 24 horas, los 7 d\u00edas de la semana, a informaci\u00f3n y actualizaciones importantes. Usted puede:<\/p>\n","protected":false},"author":214,"featured_media":2328,"parent":0,"menu_order":0,"comment_status":"closed","ping_status":"closed","template":"page-templates\/inner-page.php","meta":{"_searchwp_excluded":"","_genesis_hide_title":false,"_genesis_hide_breadcrumbs":false,"_genesis_hide_singular_image":false,"_genesis_hide_footer_widgets":false,"_genesis_custom_body_class":"","_genesis_custom_post_class":"","_genesis_layout":"full-width-content","footnotes":""},"medical-specialty":[],"related-content":[],"class_list":{"0":"post-7777","1":"page","2":"type-page","3":"status-publish","4":"has-post-thumbnail","6":"entry"},"yoast_head":"<!-- This site is optimized with the Yoast SEO Premium plugin v20.13 (Yoast SEO v20.13) - https:\/\/yoast.com\/wordpress\/plugins\/seo\/ -->\n<title>Ingreso por Miembro - MotherToBaby<\/title>\n<meta name=\"robots\" content=\"index, follow, max-snippet:-1, max-image-preview:large, max-video-preview:-1\" \/>\n<link rel=\"canonical\" href=\"https:\/\/mothertobaby.org\/es\/ingreso-por-miembro\/\" \/>\n<meta property=\"og:locale\" content=\"es_ES\" \/>\n<meta property=\"og:type\" content=\"article\" \/>\n<meta property=\"og:title\" content=\"Ingreso por Miembro\" \/>\n<meta property=\"og:description\" content=\"Administre su Membres\u00eda y Obtenga Informaci\u00f3n Importante y Actualizaciones El Portal para Miembros de OTIS le brinda acceso las 24 horas, los 7 d\u00edas de la semana, a informaci\u00f3n y actualizaciones importantes. Usted puede:\" \/>\n<meta property=\"og:url\" content=\"https:\/\/mothertobaby.org\/es\/ingreso-por-miembro\/\" \/>\n<meta property=\"og:site_name\" content=\"MotherToBaby\" \/>\n<meta property=\"article:modified_time\" content=\"2023-08-30T16:55:01+00:00\" \/>\n<meta property=\"og:image\" content=\"https:\/\/mothertobaby.org\/wp-content\/uploads\/2020\/07\/MotherToBaby-Team-Header-1600x900-1.jpg\" \/>\n\t<meta property=\"og:image:width\" content=\"1600\" \/>\n\t<meta property=\"og:image:height\" content=\"900\" \/>\n\t<meta property=\"og:image:type\" content=\"image\/jpeg\" \/>\n<meta name=\"twitter:card\" content=\"summary_large_image\" \/>\n<meta name=\"twitter:label1\" content=\"Tiempo de lectura\" \/>\n\t<meta name=\"twitter:data1\" content=\"1 minuto\" \/>\n<script type=\"application\/ld+json\" class=\"yoast-schema-graph\">{\"@context\":\"https:\/\/schema.org\",\"@graph\":[{\"@type\":\"WebPage\",\"@id\":\"https:\/\/mothertobaby.org\/es\/ingreso-por-miembro\/\",\"url\":\"https:\/\/mothertobaby.org\/es\/ingreso-por-miembro\/\",\"name\":\"Ingreso por Miembro - MotherToBaby\",\"isPartOf\":{\"@id\":\"https:\/\/mothertobaby.org\/es\/#website\"},\"datePublished\":\"2023-05-11T21:52:07+00:00\",\"dateModified\":\"2023-08-30T16:55:01+00:00\",\"breadcrumb\":{\"@id\":\"https:\/\/mothertobaby.org\/es\/ingreso-por-miembro\/#breadcrumb\"},\"inLanguage\":\"es\",\"potentialAction\":[{\"@type\":\"ReadAction\",\"target\":[\"https:\/\/mothertobaby.org\/es\/ingreso-por-miembro\/\"]}]},{\"@type\":\"BreadcrumbList\",\"@id\":\"https:\/\/mothertobaby.org\/es\/ingreso-por-miembro\/#breadcrumb\",\"itemListElement\":[{\"@type\":\"ListItem\",\"position\":1,\"name\":\"Home\",\"item\":\"https:\/\/mothertobaby.org\/es\/\"},{\"@type\":\"ListItem\",\"position\":2,\"name\":\"Ingreso por Miembro\"}]},{\"@type\":\"WebSite\",\"@id\":\"https:\/\/mothertobaby.org\/es\/#website\",\"url\":\"https:\/\/mothertobaby.org\/es\/\",\"name\":\"MotherToBaby\",\"description\":\"Medications and More during pregnancy and breastfeeding\",\"publisher\":{\"@id\":\"https:\/\/mothertobaby.org\/es\/#organization\"},\"potentialAction\":[{\"@type\":\"SearchAction\",\"target\":{\"@type\":\"EntryPoint\",\"urlTemplate\":\"https:\/\/mothertobaby.org\/es\/?s={search_term_string}\"},\"query-input\":\"required name=search_term_string\"}],\"inLanguage\":\"es\"},{\"@type\":\"Organization\",\"@id\":\"https:\/\/mothertobaby.org\/es\/#organization\",\"name\":\"MotherToBaby\",\"url\":\"https:\/\/mothertobaby.org\/es\/\",\"logo\":{\"@type\":\"ImageObject\",\"inLanguage\":\"es\",\"@id\":\"https:\/\/mothertobaby.org\/es\/#\/schema\/logo\/image\/\",\"url\":\"https:\/\/mothertobaby.org\/wp-content\/uploads\/2023\/06\/MTB-horz-copyright-sm-1.png\",\"contentUrl\":\"https:\/\/mothertobaby.org\/wp-content\/uploads\/2023\/06\/MTB-horz-copyright-sm-1.png\",\"width\":284,\"height\":52,\"caption\":\"MotherToBaby\"},\"image\":{\"@id\":\"https:\/\/mothertobaby.org\/es\/#\/schema\/logo\/image\/\"}}]}<\/script>\n<!-- \/ Yoast SEO Premium plugin. -->","yoast_head_json":{"title":"Ingreso por Miembro - MotherToBaby","robots":{"index":"index","follow":"follow","max-snippet":"max-snippet:-1","max-image-preview":"max-image-preview:large","max-video-preview":"max-video-preview:-1"},"canonical":"https:\/\/mothertobaby.org\/es\/ingreso-por-miembro\/","og_locale":"es_ES","og_type":"article","og_title":"Ingreso por Miembro","og_description":"Administre su Membres\u00eda y Obtenga Informaci\u00f3n Importante y Actualizaciones El Portal para Miembros de OTIS le brinda acceso las 24 horas, los 7 d\u00edas de la semana, a informaci\u00f3n y actualizaciones importantes. Usted puede:","og_url":"https:\/\/mothertobaby.org\/es\/ingreso-por-miembro\/","og_site_name":"MotherToBaby","article_modified_time":"2023-08-30T16:55:01+00:00","og_image":[{"width":1600,"height":900,"url":"https:\/\/mothertobaby.org\/wp-content\/uploads\/2020\/07\/MotherToBaby-Team-Header-1600x900-1.jpg","type":"image\/jpeg"}],"twitter_card":"summary_large_image","twitter_misc":{"Tiempo de lectura":"1 minuto"},"schema":{"@context":"https:\/\/schema.org","@graph":[{"@type":"WebPage","@id":"https:\/\/mothertobaby.org\/es\/ingreso-por-miembro\/","url":"https:\/\/mothertobaby.org\/es\/ingreso-por-miembro\/","name":"Ingreso por Miembro - MotherToBaby","isPartOf":{"@id":"https:\/\/mothertobaby.org\/es\/#website"},"datePublished":"2023-05-11T21:52:07+00:00","dateModified":"2023-08-30T16:55:01+00:00","breadcrumb":{"@id":"https:\/\/mothertobaby.org\/es\/ingreso-por-miembro\/#breadcrumb"},"inLanguage":"es","potentialAction":[{"@type":"ReadAction","target":["https:\/\/mothertobaby.org\/es\/ingreso-por-miembro\/"]}]},{"@type":"BreadcrumbList","@id":"https:\/\/mothertobaby.org\/es\/ingreso-por-miembro\/#breadcrumb","itemListElement":[{"@type":"ListItem","position":1,"name":"Home","item":"https:\/\/mothertobaby.org\/es\/"},{"@type":"ListItem","position":2,"name":"Ingreso por Miembro"}]},{"@type":"WebSite","@id":"https:\/\/mothertobaby.org\/es\/#website","url":"https:\/\/mothertobaby.org\/es\/","name":"MotherToBaby","description":"Medications and More during pregnancy and breastfeeding","publisher":{"@id":"https:\/\/mothertobaby.org\/es\/#organization"},"potentialAction":[{"@type":"SearchAction","target":{"@type":"EntryPoint","urlTemplate":"https:\/\/mothertobaby.org\/es\/?s={search_term_string}"},"query-input":"required name=search_term_string"}],"inLanguage":"es"},{"@type":"Organization","@id":"https:\/\/mothertobaby.org\/es\/#organization","name":"MotherToBaby","url":"https:\/\/mothertobaby.org\/es\/","logo":{"@type":"ImageObject","inLanguage":"es","@id":"https:\/\/mothertobaby.org\/es\/#\/schema\/logo\/image\/","url":"https:\/\/mothertobaby.org\/wp-content\/uploads\/2023\/06\/MTB-horz-copyright-sm-1.png","contentUrl":"https:\/\/mothertobaby.org\/wp-content\/uploads\/2023\/06\/MTB-horz-copyright-sm-1.png","width":284,"height":52,"caption":"MotherToBaby"},"image":{"@id":"https:\/\/mothertobaby.org\/es\/#\/schema\/logo\/image\/"}}]}},"featured_image_src":"https:\/\/mothertobaby.org\/wp-content\/uploads\/2020\/07\/MotherToBaby-Team-Header-1600x900-1.jpg","featured_image_src_square":"https:\/\/mothertobaby.org\/wp-content\/uploads\/2020\/07\/MotherToBaby-Team-Header-1600x900-1.jpg","_links":{"self":[{"href":"https:\/\/mothertobaby.org\/es\/wp-json\/wp\/v2\/pages\/7777","targetHints":{"allow":["GET"]}}],"collection":[{"href":"https:\/\/mothertobaby.org\/es\/wp-json\/wp\/v2\/pages"}],"about":[{"href":"https:\/\/mothertobaby.org\/es\/wp-json\/wp\/v2\/types\/page"}],"author":[{"embeddable":true,"href":"https:\/\/mothertobaby.org\/es\/wp-json\/wp\/v2\/users\/214"}],"replies":[{"embeddable":true,"href":"https:\/\/mothertobaby.org\/es\/wp-json\/wp\/v2\/comments?post=7777"}],"version-history":[{"count":0,"href":"https:\/\/mothertobaby.org\/es\/wp-json\/wp\/v2\/pages\/7777\/revisions"}],"wp:featuredmedia":[{"embeddable":true,"href":"https:\/\/mothertobaby.org\/es\/wp-json\/wp\/v2\/media\/2328"}],"wp:attachment":[{"href":"https:\/\/mothertobaby.org\/es\/wp-json\/wp\/v2\/media?parent=7777"}],"wp:term":[{"taxonomy":"medical-specialty","embeddable":true,"href":"https:\/\/mothertobaby.org\/es\/wp-json\/wp\/v2\/medical-specialty?post=7777"},{"taxonomy":"related-content","embeddable":true,"href":"https:\/\/mothertobaby.org\/es\/wp-json\/wp\/v2\/related-content?post=7777"}],"curies":[{"name":"wp","href":"https:\/\/api.w.org\/{rel}","templated":true}]}}