{"id":7807,"date":"2023-05-16T10:50:32","date_gmt":"2023-05-16T17:50:32","guid":{"rendered":"https:\/\/mothertobaby.org\/?page_id=7807"},"modified":"2023-10-02T10:56:57","modified_gmt":"2023-10-02T17:56:57","slug":"informacion-sobre-el-embarazo-y-la-vacuna-contra-la-covid-19","status":"publish","type":"page","link":"https:\/\/mothertobaby.org\/es\/en-su-area\/california\/informacion-sobre-el-embarazo-y-la-vacuna-contra-la-covid-19\/","title":{"rendered":"Informaci\u00f3n sobre el Embarazo y la Vacuna Contra la COVID-19"},"content":{"rendered":"\n<h2 class=\"wp-block-heading\" id=\"h-tiene-pregunta-sobre-las-vacunas-contra-la-covid-19-en-el-embarazo-converse-en-vivo-con-nuestros-expertos\"><strong>\u00bfTiene pregunta sobre las vacunas contra la COVID-19 en el embarazo? Converse en vivo con nuestros expertos.<\/strong><\/h2>\n\n\n\n<p>Brindamos informaci\u00f3n gratuita y personalizada sobre riesgos y seguridad de las vacunas contra la COVID-19 a personas embarazadas. Nuestro equipo puede ayudarle a analizar su propio riesgo de exposici\u00f3n a la COVID-19 y toda la informaci\u00f3n de seguridad sobre las vacunas disponible. Obtenga ayuda ahora haciendo clic en el cuadro de chat para conectarse con un especialista.<\/p>\n\n\n\n<p>MotherToBaby ofrece informaci\u00f3n actualizada y basada en evidencia sobre las vacunas y otras exposiciones durante el embarazo. Nuestro personal profesional puede proporcionarle informaci\u00f3n sobre la seguridad de la vacuna contra la COVID-19 a trav\u00e9s de un chat en directo sin costo alguno.<\/p>\n\n\n\n<figure class=\"wp-block-pullquote\"><blockquote><p>Las personas embarazadas que est\u00e9n considerando una vacuna contra la COVID-19 deben tener acceso a toda la informaci\u00f3n disponible sobre la seguridad de la vacuna. \u00a1Converse en vivo con nuestros especialistas!<\/p><\/blockquote><\/figure>\n\n\n\n<p>Los expertos de MotherToBaby est\u00e1n disponibles de 9:00 a.m. a 5:00 p.m. de lunes a viernes para responder sus preguntas por chat en vivo. Use el bot\u00f3n de chat a continuaci\u00f3n para activar una sesi\u00f3n con un especialista. \u00bfC\u00f3mo podemos ayudarlo a responder preguntas sobre las vacunas contra la COVID-19 cuando se reciben durante el embarazo?\u00a0Chatea ahora con un experto!<\/p>\n\n\n\n<div style=\"height:100px\" aria-hidden=\"true\" class=\"wp-block-spacer\"><\/div>\n\n\n\n<p><\/p>\n","protected":false},"excerpt":{"rendered":"<p>\u00bfTiene pregunta sobre las vacunas contra la COVID-19 en el embarazo? Converse en vivo con nuestros expertos. Brindamos informaci\u00f3n gratuita y personalizada sobre riesgos y seguridad de las vacunas contra la COVID-19 a personas embarazadas. Nuestro equipo puede ayudarle a analizar su propio riesgo de exposici\u00f3n a la COVID-19 y toda la informaci\u00f3n de seguridad [&hellip;]<\/p>\n","protected":false},"author":214,"featured_media":4033,"parent":3864,"menu_order":0,"comment_status":"closed","ping_status":"closed","template":"page-templates\/inner-page.php","meta":{"_searchwp_excluded":"","_genesis_hide_title":false,"_genesis_hide_breadcrumbs":false,"_genesis_hide_singular_image":false,"_genesis_hide_footer_widgets":false,"_genesis_custom_body_class":"","_genesis_custom_post_class":"","_genesis_layout":"full-width-content","footnotes":""},"medical-specialty":[],"related-content":[],"class_list":{"0":"post-7807","1":"page","2":"type-page","3":"status-publish","4":"has-post-thumbnail","6":"entry"},"yoast_head":"<!-- This site is optimized with the Yoast SEO Premium plugin v20.13 (Yoast SEO v20.13) - https:\/\/yoast.com\/wordpress\/plugins\/seo\/ -->\n<title>Informaci\u00f3n sobre el Embarazo y la Vacuna Contra la COVID-19 - MotherToBaby<\/title>\n<meta name=\"robots\" content=\"index, follow, max-snippet:-1, max-image-preview:large, max-video-preview:-1\" \/>\n<link rel=\"canonical\" href=\"https:\/\/mothertobaby.org\/es\/en-su-area\/california\/informacion-sobre-el-embarazo-y-la-vacuna-contra-la-covid-19\/\" \/>\n<meta property=\"og:locale\" content=\"es_ES\" \/>\n<meta property=\"og:type\" content=\"article\" \/>\n<meta property=\"og:title\" content=\"Informaci\u00f3n sobre el Embarazo y la Vacuna Contra la COVID-19\" \/>\n<meta property=\"og:description\" content=\"\u00bfTiene pregunta sobre las vacunas contra la COVID-19 en el embarazo? Converse en vivo con nuestros expertos. Brindamos informaci\u00f3n gratuita y personalizada sobre riesgos y seguridad de las vacunas contra la COVID-19 a personas embarazadas. Nuestro equipo puede ayudarle a analizar su propio riesgo de exposici\u00f3n a la COVID-19 y toda la informaci\u00f3n de seguridad [&hellip;]\" \/>\n<meta property=\"og:url\" content=\"https:\/\/mothertobaby.org\/es\/en-su-area\/california\/informacion-sobre-el-embarazo-y-la-vacuna-contra-la-covid-19\/\" \/>\n<meta property=\"og:site_name\" content=\"MotherToBaby\" \/>\n<meta property=\"article:modified_time\" content=\"2023-10-02T17:56:57+00:00\" \/>\n<meta property=\"og:image\" content=\"https:\/\/mothertobaby.org\/wp-content\/uploads\/2021\/02\/COVID-Web-Banners-1.png\" \/>\n\t<meta property=\"og:image:width\" content=\"1350\" \/>\n\t<meta property=\"og:image:height\" content=\"400\" \/>\n\t<meta property=\"og:image:type\" content=\"image\/png\" \/>\n<meta name=\"twitter:card\" content=\"summary_large_image\" \/>\n<meta name=\"twitter:label1\" content=\"Tiempo de lectura\" \/>\n\t<meta name=\"twitter:data1\" content=\"1 minuto\" \/>\n<script type=\"application\/ld+json\" class=\"yoast-schema-graph\">{\"@context\":\"https:\/\/schema.org\",\"@graph\":[{\"@type\":\"WebPage\",\"@id\":\"https:\/\/mothertobaby.org\/es\/en-su-area\/california\/informacion-sobre-el-embarazo-y-la-vacuna-contra-la-covid-19\/\",\"url\":\"https:\/\/mothertobaby.org\/es\/en-su-area\/california\/informacion-sobre-el-embarazo-y-la-vacuna-contra-la-covid-19\/\",\"name\":\"Informaci\u00f3n sobre el Embarazo y la Vacuna Contra la COVID-19 - MotherToBaby\",\"isPartOf\":{\"@id\":\"https:\/\/mothertobaby.org\/es\/#website\"},\"datePublished\":\"2023-05-16T17:50:32+00:00\",\"dateModified\":\"2023-10-02T17:56:57+00:00\",\"breadcrumb\":{\"@id\":\"https:\/\/mothertobaby.org\/es\/en-su-area\/california\/informacion-sobre-el-embarazo-y-la-vacuna-contra-la-covid-19\/#breadcrumb\"},\"inLanguage\":\"es\",\"potentialAction\":[{\"@type\":\"ReadAction\",\"target\":[\"https:\/\/mothertobaby.org\/es\/en-su-area\/california\/informacion-sobre-el-embarazo-y-la-vacuna-contra-la-covid-19\/\"]}]},{\"@type\":\"BreadcrumbList\",\"@id\":\"https:\/\/mothertobaby.org\/es\/en-su-area\/california\/informacion-sobre-el-embarazo-y-la-vacuna-contra-la-covid-19\/#breadcrumb\",\"itemListElement\":[{\"@type\":\"ListItem\",\"position\":1,\"name\":\"Home\",\"item\":\"https:\/\/mothertobaby.org\/es\/\"},{\"@type\":\"ListItem\",\"position\":2,\"name\":\"En Su \u00c1rea\",\"item\":\"https:\/\/mothertobaby.org\/es\/en-su-area\/\"},{\"@type\":\"ListItem\",\"position\":3,\"name\":\"MotherToBaby California\",\"item\":\"https:\/\/mothertobaby.org\/es\/affiliates\/mothertobaby-california\/\"},{\"@type\":\"ListItem\",\"position\":4,\"name\":\"Informaci\u00f3n sobre el Embarazo y la Vacuna Contra la COVID-19\"}]},{\"@type\":\"WebSite\",\"@id\":\"https:\/\/mothertobaby.org\/es\/#website\",\"url\":\"https:\/\/mothertobaby.org\/es\/\",\"name\":\"MotherToBaby\",\"description\":\"Medications and More during pregnancy and breastfeeding\",\"publisher\":{\"@id\":\"https:\/\/mothertobaby.org\/es\/#organization\"},\"potentialAction\":[{\"@type\":\"SearchAction\",\"target\":{\"@type\":\"EntryPoint\",\"urlTemplate\":\"https:\/\/mothertobaby.org\/es\/?s={search_term_string}\"},\"query-input\":\"required name=search_term_string\"}],\"inLanguage\":\"es\"},{\"@type\":\"Organization\",\"@id\":\"https:\/\/mothertobaby.org\/es\/#organization\",\"name\":\"MotherToBaby\",\"url\":\"https:\/\/mothertobaby.org\/es\/\",\"logo\":{\"@type\":\"ImageObject\",\"inLanguage\":\"es\",\"@id\":\"https:\/\/mothertobaby.org\/es\/#\/schema\/logo\/image\/\",\"url\":\"https:\/\/mothertobaby.org\/wp-content\/uploads\/2023\/06\/MTB-horz-copyright-sm-1.png\",\"contentUrl\":\"https:\/\/mothertobaby.org\/wp-content\/uploads\/2023\/06\/MTB-horz-copyright-sm-1.png\",\"width\":284,\"height\":52,\"caption\":\"MotherToBaby\"},\"image\":{\"@id\":\"https:\/\/mothertobaby.org\/es\/#\/schema\/logo\/image\/\"}}]}<\/script>\n<!-- \/ Yoast SEO Premium plugin. -->","yoast_head_json":{"title":"Informaci\u00f3n sobre el Embarazo y la Vacuna Contra la COVID-19 - MotherToBaby","robots":{"index":"index","follow":"follow","max-snippet":"max-snippet:-1","max-image-preview":"max-image-preview:large","max-video-preview":"max-video-preview:-1"},"canonical":"https:\/\/mothertobaby.org\/es\/en-su-area\/california\/informacion-sobre-el-embarazo-y-la-vacuna-contra-la-covid-19\/","og_locale":"es_ES","og_type":"article","og_title":"Informaci\u00f3n sobre el Embarazo y la Vacuna Contra la COVID-19","og_description":"\u00bfTiene pregunta sobre las vacunas contra la COVID-19 en el embarazo? Converse en vivo con nuestros expertos. Brindamos informaci\u00f3n gratuita y personalizada sobre riesgos y seguridad de las vacunas contra la COVID-19 a personas embarazadas. Nuestro equipo puede ayudarle a analizar su propio riesgo de exposici\u00f3n a la COVID-19 y toda la informaci\u00f3n de seguridad [&hellip;]","og_url":"https:\/\/mothertobaby.org\/es\/en-su-area\/california\/informacion-sobre-el-embarazo-y-la-vacuna-contra-la-covid-19\/","og_site_name":"MotherToBaby","article_modified_time":"2023-10-02T17:56:57+00:00","og_image":[{"width":1350,"height":400,"url":"https:\/\/mothertobaby.org\/wp-content\/uploads\/2021\/02\/COVID-Web-Banners-1.png","type":"image\/png"}],"twitter_card":"summary_large_image","twitter_misc":{"Tiempo de lectura":"1 minuto"},"schema":{"@context":"https:\/\/schema.org","@graph":[{"@type":"WebPage","@id":"https:\/\/mothertobaby.org\/es\/en-su-area\/california\/informacion-sobre-el-embarazo-y-la-vacuna-contra-la-covid-19\/","url":"https:\/\/mothertobaby.org\/es\/en-su-area\/california\/informacion-sobre-el-embarazo-y-la-vacuna-contra-la-covid-19\/","name":"Informaci\u00f3n sobre el Embarazo y la Vacuna Contra la COVID-19 - MotherToBaby","isPartOf":{"@id":"https:\/\/mothertobaby.org\/es\/#website"},"datePublished":"2023-05-16T17:50:32+00:00","dateModified":"2023-10-02T17:56:57+00:00","breadcrumb":{"@id":"https:\/\/mothertobaby.org\/es\/en-su-area\/california\/informacion-sobre-el-embarazo-y-la-vacuna-contra-la-covid-19\/#breadcrumb"},"inLanguage":"es","potentialAction":[{"@type":"ReadAction","target":["https:\/\/mothertobaby.org\/es\/en-su-area\/california\/informacion-sobre-el-embarazo-y-la-vacuna-contra-la-covid-19\/"]}]},{"@type":"BreadcrumbList","@id":"https:\/\/mothertobaby.org\/es\/en-su-area\/california\/informacion-sobre-el-embarazo-y-la-vacuna-contra-la-covid-19\/#breadcrumb","itemListElement":[{"@type":"ListItem","position":1,"name":"Home","item":"https:\/\/mothertobaby.org\/es\/"},{"@type":"ListItem","position":2,"name":"En Su \u00c1rea","item":"https:\/\/mothertobaby.org\/es\/en-su-area\/"},{"@type":"ListItem","position":3,"name":"MotherToBaby California","item":"https:\/\/mothertobaby.org\/es\/affiliates\/mothertobaby-california\/"},{"@type":"ListItem","position":4,"name":"Informaci\u00f3n sobre el Embarazo y la Vacuna Contra la COVID-19"}]},{"@type":"WebSite","@id":"https:\/\/mothertobaby.org\/es\/#website","url":"https:\/\/mothertobaby.org\/es\/","name":"MotherToBaby","description":"Medications and More during pregnancy and breastfeeding","publisher":{"@id":"https:\/\/mothertobaby.org\/es\/#organization"},"potentialAction":[{"@type":"SearchAction","target":{"@type":"EntryPoint","urlTemplate":"https:\/\/mothertobaby.org\/es\/?s={search_term_string}"},"query-input":"required name=search_term_string"}],"inLanguage":"es"},{"@type":"Organization","@id":"https:\/\/mothertobaby.org\/es\/#organization","name":"MotherToBaby","url":"https:\/\/mothertobaby.org\/es\/","logo":{"@type":"ImageObject","inLanguage":"es","@id":"https:\/\/mothertobaby.org\/es\/#\/schema\/logo\/image\/","url":"https:\/\/mothertobaby.org\/wp-content\/uploads\/2023\/06\/MTB-horz-copyright-sm-1.png","contentUrl":"https:\/\/mothertobaby.org\/wp-content\/uploads\/2023\/06\/MTB-horz-copyright-sm-1.png","width":284,"height":52,"caption":"MotherToBaby"},"image":{"@id":"https:\/\/mothertobaby.org\/es\/#\/schema\/logo\/image\/"}}]}},"featured_image_src":"https:\/\/mothertobaby.org\/wp-content\/uploads\/2021\/02\/COVID-Web-Banners-1-600x400.png","featured_image_src_square":"https:\/\/mothertobaby.org\/wp-content\/uploads\/2021\/02\/COVID-Web-Banners-1-600x400.png","_links":{"self":[{"href":"https:\/\/mothertobaby.org\/es\/wp-json\/wp\/v2\/pages\/7807","targetHints":{"allow":["GET"]}}],"collection":[{"href":"https:\/\/mothertobaby.org\/es\/wp-json\/wp\/v2\/pages"}],"about":[{"href":"https:\/\/mothertobaby.org\/es\/wp-json\/wp\/v2\/types\/page"}],"author":[{"embeddable":true,"href":"https:\/\/mothertobaby.org\/es\/wp-json\/wp\/v2\/users\/214"}],"replies":[{"embeddable":true,"href":"https:\/\/mothertobaby.org\/es\/wp-json\/wp\/v2\/comments?post=7807"}],"version-history":[{"count":0,"href":"https:\/\/mothertobaby.org\/es\/wp-json\/wp\/v2\/pages\/7807\/revisions"}],"up":[{"embeddable":true,"href":"https:\/\/mothertobaby.org\/es\/wp-json\/wp\/v2\/pages\/3864"}],"wp:featuredmedia":[{"embeddable":true,"href":"https:\/\/mothertobaby.org\/es\/wp-json\/wp\/v2\/media\/4033"}],"wp:attachment":[{"href":"https:\/\/mothertobaby.org\/es\/wp-json\/wp\/v2\/media?parent=7807"}],"wp:term":[{"taxonomy":"medical-specialty","embeddable":true,"href":"https:\/\/mothertobaby.org\/es\/wp-json\/wp\/v2\/medical-specialty?post=7807"},{"taxonomy":"related-content","embeddable":true,"href":"https:\/\/mothertobaby.org\/es\/wp-json\/wp\/v2\/related-content?post=7807"}],"curies":[{"name":"wp","href":"https:\/\/api.w.org\/{rel}","templated":true}]}}