{"id":8164,"date":"2023-07-14T14:24:15","date_gmt":"2023-07-14T21:24:15","guid":{"rendered":"https:\/\/mothertobaby.org\/?page_id=8164"},"modified":"2023-07-14T14:24:21","modified_gmt":"2023-07-14T21:24:21","slug":"publicaciones","status":"publish","type":"page","link":"https:\/\/mothertobaby.org\/es\/publicaciones\/","title":{"rendered":"Publicaciones"},"content":{"rendered":"\n<h2 class=\"wp-block-heading\" id=\"h-nuestras-investigaciones-son-el-avance-de-resultados-de-embarazo\"><strong>Nuestras Investigaciones son el Avance de Resultados de Embarazo<\/strong><\/h2>\n\n\n\n<p>Muy poco se conoce sobre los efectos de tomar la mayor\u00eda de medicamentos durante embarazo porque las persona quienes esta embarazadas y\/o amamantando est\u00e1n actualmente excluidas de estudios cl\u00ednicos que ocurren cuando un f\u00e1rmaco est\u00e1 en desarrollo. Esto significa que una vez que la Administraci\u00f3n de Alimentos y Medicamentos (<em>Food &amp; Drug Administration<\/em>, FDA) de los EE. UU. aprueba un medicamento, comienza a recetarse a pacientes, incluidos aquellos con potencial reproductivo, con poca o ninguna informaci\u00f3n sobre la seguridad del uso del medicamento durante el embarazo.\u00a0MotherToBaby participa en esfuerzos de investigaci\u00f3n para llenar estos vac\u00edos de informaci\u00f3n cr\u00edticos y para mejorar nuestra comprensi\u00f3n sobre si la exposici\u00f3n a medicamentos y vacunas podr\u00eda afectar los resultados del embarazo y los beb\u00e9s y de qu\u00e9 manera.<\/p>\n\n\n\n<blockquote class=\"wp-block-quote is-layout-flow wp-block-quote-is-layout-flow\">\n<p>El uso de medicamentos en el embarazo es com\u00fan. Seg\u00fan los Centros para el Control y la Prevenci\u00f3n de Enfermedades (<em>Centers for Disease Control<\/em>, CDC) de EE. UU., alrededor de 9 de cada 10 personas reciben al menos un medicamento durante el embarazo y 7 de cada 10 reciben al menos un medicamento de venta bajo receta. Sin embargo, menos del 10% de los medicamentos tienen suficiente informaci\u00f3n para determinar los riesgos potenciales para los beb\u00e9s.<\/p>\n<\/blockquote>\n\n\n\n<p>Estamos orgullosos de contribuir al campo de la teratolog\u00eda examinando los resultados del embarazo con un s\u00f3lido an\u00e1lisis de cohortes a trav\u00e9s de nuestro programa de investigaci\u00f3n interno, MotherToBaby Pregnancy Studies. Estos estudios son una serie de registros de observaci\u00f3n que rastrean los resultados del embarazo y los beb\u00e9s en personas que reciben un medicamento en particular o reciben una vacuna determinada durante el embarazo. Despu\u00e9s de que las participantes del estudio dan a luz, nuestro equipo de investigaci\u00f3n compara la salud de sus beb\u00e9s con la de aquellas que no recibieron el medicamento o la vacuna, a fin de determinar si la exposici\u00f3n al medicamento\/vacuna aumenta la posibilidad de resultados adversos en el embarazo. Nuestros hallazgos brindan informaci\u00f3n muy necesaria sobre la seguridad de los medicamentos y el uso de vacunas durante el embarazo. Esta informaci\u00f3n que se encuentra en nuestras publicaciones puede ser utilizada por las personas y sus proveedores de asistencia m\u00e9dica para tomar decisiones de tratamiento m\u00e1s informadas durante el embarazo.<\/p>\n\n\n\n<p>Vea una lista completa de las publicaciones de investigaci\u00f3n de nuestros estudios sobre la exposici\u00f3n durante el embarazo MotherToBaby visitando la lista\u00a0 <a href=\"https:\/\/www.ncbi.nlm.nih.gov\/myncbi\/1HSJfwxyiuocGZ\/bibliography\/public\/\" target=\"_blank\" rel=\"noreferrer noopener\">OTIS\/MotherToBaby MyBibliography<\/a>.<\/p>\n\n\n\n<div style=\"height:100px\" aria-hidden=\"true\" class=\"wp-block-spacer\"><\/div>\n\n\n\n<div style=\"background-color:#42256a;text-align:center\" class=\"wp-block-genesis-blocks-gb-cta mtb-bottom-cta mtb-single-cta gb-block-cta gb-font-size-20 alignfull\"><div class=\"gb-cta-content\"><h2 class=\"gb-cta-title gb-font-size-30\" style=\"color:#ffffff\"><strong><strong>Estudios Sobre la Exposici\u00f3n Durante el Embarazo<\/strong><\/strong><\/h2><div class=\"gb-cta-text gb-font-size-32\" style=\"color:#ffffff\"><p>Nuestros estudios de investigaci\u00f3n observacional examinan la seguridad de los medicamentos durante el embarazo. \u00a1Investigaci\u00f3n impulsada por padres, para padres!<\/p><\/div><\/div><div class=\"gb-cta-button\"><a href=\"https:\/\/mothertobaby.org\/es\/estudios\/\" target=\"_self\" rel=\"noopener noreferrer\" class=\"gb-button gb-button-shape-rounded gb-button-size-medium\" style=\"color:#ffffff;background-color:#26a68b\">Ver Ahora<\/a><\/div><\/div>\n","protected":false},"excerpt":{"rendered":"<p>Nuestras Investigaciones son el Avance de Resultados de Embarazo Muy poco se conoce sobre los efectos de tomar la mayor\u00eda de medicamentos durante embarazo porque las persona quienes esta embarazadas y\/o amamantando est\u00e1n actualmente excluidas de estudios cl\u00ednicos que ocurren cuando un f\u00e1rmaco est\u00e1 en desarrollo. Esto significa que una vez que la Administraci\u00f3n de [&hellip;]<\/p>\n","protected":false},"author":214,"featured_media":3441,"parent":0,"menu_order":0,"comment_status":"closed","ping_status":"closed","template":"page-templates\/inner-page.php","meta":{"_searchwp_excluded":"","_genesis_hide_title":false,"_genesis_hide_breadcrumbs":false,"_genesis_hide_singular_image":false,"_genesis_hide_footer_widgets":false,"_genesis_custom_body_class":"","_genesis_custom_post_class":"","_genesis_layout":"full-width-content","footnotes":""},"medical-specialty":[],"related-content":[],"class_list":{"0":"post-8164","1":"page","2":"type-page","3":"status-publish","4":"has-post-thumbnail","6":"entry"},"yoast_head":"<!-- This site is optimized with the Yoast SEO Premium plugin v20.13 (Yoast SEO v20.13) - https:\/\/yoast.com\/wordpress\/plugins\/seo\/ -->\n<title>Publicaciones - MotherToBaby<\/title>\n<meta name=\"robots\" content=\"index, follow, max-snippet:-1, max-image-preview:large, max-video-preview:-1\" \/>\n<link rel=\"canonical\" href=\"https:\/\/mothertobaby.org\/es\/publicaciones\/\" \/>\n<meta property=\"og:locale\" content=\"es_ES\" \/>\n<meta property=\"og:type\" content=\"article\" \/>\n<meta property=\"og:title\" content=\"Publicaciones\" \/>\n<meta property=\"og:description\" content=\"Nuestras Investigaciones son el Avance de Resultados de Embarazo Muy poco se conoce sobre los efectos de tomar la mayor\u00eda de medicamentos durante embarazo porque las persona quienes esta embarazadas y\/o amamantando est\u00e1n actualmente excluidas de estudios cl\u00ednicos que ocurren cuando un f\u00e1rmaco est\u00e1 en desarrollo. Esto significa que una vez que la Administraci\u00f3n de [&hellip;]\" \/>\n<meta property=\"og:url\" content=\"https:\/\/mothertobaby.org\/es\/publicaciones\/\" \/>\n<meta property=\"og:site_name\" content=\"MotherToBaby\" \/>\n<meta property=\"article:modified_time\" content=\"2023-07-14T21:24:21+00:00\" \/>\n<meta property=\"og:image\" content=\"https:\/\/mothertobaby.org\/wp-content\/uploads\/2020\/09\/MotherToBaby-Publications-Page-Header-1600x900-1.jpg\" \/>\n\t<meta property=\"og:image:width\" content=\"1600\" \/>\n\t<meta property=\"og:image:height\" content=\"900\" \/>\n\t<meta property=\"og:image:type\" content=\"image\/jpeg\" \/>\n<meta name=\"twitter:card\" content=\"summary_large_image\" \/>\n<meta name=\"twitter:label1\" content=\"Tiempo de lectura\" \/>\n\t<meta name=\"twitter:data1\" content=\"2 minutos\" \/>\n<script type=\"application\/ld+json\" class=\"yoast-schema-graph\">{\"@context\":\"https:\/\/schema.org\",\"@graph\":[{\"@type\":\"WebPage\",\"@id\":\"https:\/\/mothertobaby.org\/es\/publicaciones\/\",\"url\":\"https:\/\/mothertobaby.org\/es\/publicaciones\/\",\"name\":\"Publicaciones - MotherToBaby\",\"isPartOf\":{\"@id\":\"https:\/\/mothertobaby.org\/es\/#website\"},\"datePublished\":\"2023-07-14T21:24:15+00:00\",\"dateModified\":\"2023-07-14T21:24:21+00:00\",\"breadcrumb\":{\"@id\":\"https:\/\/mothertobaby.org\/es\/publicaciones\/#breadcrumb\"},\"inLanguage\":\"es\",\"potentialAction\":[{\"@type\":\"ReadAction\",\"target\":[\"https:\/\/mothertobaby.org\/es\/publicaciones\/\"]}]},{\"@type\":\"BreadcrumbList\",\"@id\":\"https:\/\/mothertobaby.org\/es\/publicaciones\/#breadcrumb\",\"itemListElement\":[{\"@type\":\"ListItem\",\"position\":1,\"name\":\"Home\",\"item\":\"https:\/\/mothertobaby.org\/es\/\"},{\"@type\":\"ListItem\",\"position\":2,\"name\":\"Publicaciones\"}]},{\"@type\":\"WebSite\",\"@id\":\"https:\/\/mothertobaby.org\/es\/#website\",\"url\":\"https:\/\/mothertobaby.org\/es\/\",\"name\":\"MotherToBaby\",\"description\":\"Medications and More during pregnancy and breastfeeding\",\"publisher\":{\"@id\":\"https:\/\/mothertobaby.org\/es\/#organization\"},\"potentialAction\":[{\"@type\":\"SearchAction\",\"target\":{\"@type\":\"EntryPoint\",\"urlTemplate\":\"https:\/\/mothertobaby.org\/es\/?s={search_term_string}\"},\"query-input\":\"required name=search_term_string\"}],\"inLanguage\":\"es\"},{\"@type\":\"Organization\",\"@id\":\"https:\/\/mothertobaby.org\/es\/#organization\",\"name\":\"MotherToBaby\",\"url\":\"https:\/\/mothertobaby.org\/es\/\",\"logo\":{\"@type\":\"ImageObject\",\"inLanguage\":\"es\",\"@id\":\"https:\/\/mothertobaby.org\/es\/#\/schema\/logo\/image\/\",\"url\":\"https:\/\/mothertobaby.org\/wp-content\/uploads\/2023\/06\/MTB-horz-copyright-sm-1.png\",\"contentUrl\":\"https:\/\/mothertobaby.org\/wp-content\/uploads\/2023\/06\/MTB-horz-copyright-sm-1.png\",\"width\":284,\"height\":52,\"caption\":\"MotherToBaby\"},\"image\":{\"@id\":\"https:\/\/mothertobaby.org\/es\/#\/schema\/logo\/image\/\"}}]}<\/script>\n<!-- \/ Yoast SEO Premium plugin. -->","yoast_head_json":{"title":"Publicaciones - MotherToBaby","robots":{"index":"index","follow":"follow","max-snippet":"max-snippet:-1","max-image-preview":"max-image-preview:large","max-video-preview":"max-video-preview:-1"},"canonical":"https:\/\/mothertobaby.org\/es\/publicaciones\/","og_locale":"es_ES","og_type":"article","og_title":"Publicaciones","og_description":"Nuestras Investigaciones son el Avance de Resultados de Embarazo Muy poco se conoce sobre los efectos de tomar la mayor\u00eda de medicamentos durante embarazo porque las persona quienes esta embarazadas y\/o amamantando est\u00e1n actualmente excluidas de estudios cl\u00ednicos que ocurren cuando un f\u00e1rmaco est\u00e1 en desarrollo. Esto significa que una vez que la Administraci\u00f3n de [&hellip;]","og_url":"https:\/\/mothertobaby.org\/es\/publicaciones\/","og_site_name":"MotherToBaby","article_modified_time":"2023-07-14T21:24:21+00:00","og_image":[{"width":1600,"height":900,"url":"https:\/\/mothertobaby.org\/wp-content\/uploads\/2020\/09\/MotherToBaby-Publications-Page-Header-1600x900-1.jpg","type":"image\/jpeg"}],"twitter_card":"summary_large_image","twitter_misc":{"Tiempo de lectura":"2 minutos"},"schema":{"@context":"https:\/\/schema.org","@graph":[{"@type":"WebPage","@id":"https:\/\/mothertobaby.org\/es\/publicaciones\/","url":"https:\/\/mothertobaby.org\/es\/publicaciones\/","name":"Publicaciones - MotherToBaby","isPartOf":{"@id":"https:\/\/mothertobaby.org\/es\/#website"},"datePublished":"2023-07-14T21:24:15+00:00","dateModified":"2023-07-14T21:24:21+00:00","breadcrumb":{"@id":"https:\/\/mothertobaby.org\/es\/publicaciones\/#breadcrumb"},"inLanguage":"es","potentialAction":[{"@type":"ReadAction","target":["https:\/\/mothertobaby.org\/es\/publicaciones\/"]}]},{"@type":"BreadcrumbList","@id":"https:\/\/mothertobaby.org\/es\/publicaciones\/#breadcrumb","itemListElement":[{"@type":"ListItem","position":1,"name":"Home","item":"https:\/\/mothertobaby.org\/es\/"},{"@type":"ListItem","position":2,"name":"Publicaciones"}]},{"@type":"WebSite","@id":"https:\/\/mothertobaby.org\/es\/#website","url":"https:\/\/mothertobaby.org\/es\/","name":"MotherToBaby","description":"Medications and More during pregnancy and breastfeeding","publisher":{"@id":"https:\/\/mothertobaby.org\/es\/#organization"},"potentialAction":[{"@type":"SearchAction","target":{"@type":"EntryPoint","urlTemplate":"https:\/\/mothertobaby.org\/es\/?s={search_term_string}"},"query-input":"required name=search_term_string"}],"inLanguage":"es"},{"@type":"Organization","@id":"https:\/\/mothertobaby.org\/es\/#organization","name":"MotherToBaby","url":"https:\/\/mothertobaby.org\/es\/","logo":{"@type":"ImageObject","inLanguage":"es","@id":"https:\/\/mothertobaby.org\/es\/#\/schema\/logo\/image\/","url":"https:\/\/mothertobaby.org\/wp-content\/uploads\/2023\/06\/MTB-horz-copyright-sm-1.png","contentUrl":"https:\/\/mothertobaby.org\/wp-content\/uploads\/2023\/06\/MTB-horz-copyright-sm-1.png","width":284,"height":52,"caption":"MotherToBaby"},"image":{"@id":"https:\/\/mothertobaby.org\/es\/#\/schema\/logo\/image\/"}}]}},"featured_image_src":"https:\/\/mothertobaby.org\/wp-content\/uploads\/2020\/09\/MotherToBaby-Publications-Page-Header-1600x900-1.jpg","featured_image_src_square":"https:\/\/mothertobaby.org\/wp-content\/uploads\/2020\/09\/MotherToBaby-Publications-Page-Header-1600x900-1.jpg","_links":{"self":[{"href":"https:\/\/mothertobaby.org\/es\/wp-json\/wp\/v2\/pages\/8164","targetHints":{"allow":["GET"]}}],"collection":[{"href":"https:\/\/mothertobaby.org\/es\/wp-json\/wp\/v2\/pages"}],"about":[{"href":"https:\/\/mothertobaby.org\/es\/wp-json\/wp\/v2\/types\/page"}],"author":[{"embeddable":true,"href":"https:\/\/mothertobaby.org\/es\/wp-json\/wp\/v2\/users\/214"}],"replies":[{"embeddable":true,"href":"https:\/\/mothertobaby.org\/es\/wp-json\/wp\/v2\/comments?post=8164"}],"version-history":[{"count":0,"href":"https:\/\/mothertobaby.org\/es\/wp-json\/wp\/v2\/pages\/8164\/revisions"}],"wp:featuredmedia":[{"embeddable":true,"href":"https:\/\/mothertobaby.org\/es\/wp-json\/wp\/v2\/media\/3441"}],"wp:attachment":[{"href":"https:\/\/mothertobaby.org\/es\/wp-json\/wp\/v2\/media?parent=8164"}],"wp:term":[{"taxonomy":"medical-specialty","embeddable":true,"href":"https:\/\/mothertobaby.org\/es\/wp-json\/wp\/v2\/medical-specialty?post=8164"},{"taxonomy":"related-content","embeddable":true,"href":"https:\/\/mothertobaby.org\/es\/wp-json\/wp\/v2\/related-content?post=8164"}],"curies":[{"name":"wp","href":"https:\/\/api.w.org\/{rel}","templated":true}]}}