{"id":8234,"date":"2023-07-21T09:04:55","date_gmt":"2023-07-21T16:04:55","guid":{"rendered":"https:\/\/mothertobaby.org\/?page_id=8234"},"modified":"2023-09-26T09:57:00","modified_gmt":"2023-09-26T16:57:00","slug":"app-lactrx-por-mothertobaby","status":"publish","type":"page","link":"https:\/\/mothertobaby.org\/es\/app-lactrx-por-mothertobaby\/","title":{"rendered":"App LactRx por MotherToBaby"},"content":{"rendered":"\n<h2 class=\"wp-block-heading\" id=\"h-brindando-a-los-profesionales-de-la-lactancia-acceso-a-lactmed-para-obtener-informaci-n-sobre-la-exposici-n-de-inmediato\"><strong>Brindando a los profesionales de la lactancia acceso a LactMed para obtener informaci\u00f3n sobre la exposici\u00f3n de inmediato<\/strong>&nbsp;<\/h2>\n\n\n\n<p>LactRx por MotherToBaby es una aplicaci\u00f3n gratuita que proporciona informaci\u00f3n actualizada sobre el uso de medicamentos, vacunas, agentes de diagn\u00f3stico, y drogas durante la lactancia. La aplicaci\u00f3n LactRx proporciona un f\u00e1cil acceso a la base de datos de LactMed, un recurso de la Biblioteca Nacional de Medicina (NLM). La aplicaci\u00f3n LactRx proporciona acceso a la base de datos LactMed, que tiene informaci\u00f3n sobre el uso de medicamentos, vacunas, agentes de diagn\u00f3stico y drogas durante la lactancia que se actualiza mensualmente.&nbsp;<\/p>\n\n\n\n<h3 class=\"wp-block-heading\"><strong>Descargar la aplicaci\u00f3n LactRx<\/strong>&nbsp;<\/h3>\n\n\n\n<p><a href=\"https:\/\/apps.apple.com\/us\/app\/lactrx\/id6443953070\" target=\"_blank\" rel=\"noreferrer noopener\">iPhone<\/a>&nbsp;<\/p>\n\n\n\n<p><a href=\"https:\/\/urldefense.com\/v3\/__https:\/play.google.com\/store\/apps\/details?id=org.mothertobaby.lactrx__;!!LLK065n_VXAQ!kIXqs72Vg-HcSX4xxMT9QJvPl7xCTmXqRrup_-dOsKhwcWY11LuNn-7DixFKDQwxKQteX8oxBek7amNhAGVVweoK8dhPwn8p$\" target=\"_blank\" rel=\"noreferrer noopener\">Android<\/a>&nbsp;<\/p>\n\n\n\n<figure class=\"wp-block-gallery has-nested-images columns-6 is-cropped wp-block-gallery-1 is-layout-flex wp-block-gallery-is-layout-flex\">\n<figure class=\"wp-block-image size-full\"><img loading=\"lazy\" decoding=\"async\" width=\"350\" height=\"676\" data-id=\"7337\" src=\"https:\/\/mothertobaby.org\/wp-content\/uploads\/2023\/02\/lactrx-home-1.png\" alt=\"\" class=\"wp-image-7337\" srcset=\"https:\/\/mothertobaby.org\/wp-content\/uploads\/2023\/02\/lactrx-home-1.png 350w, https:\/\/mothertobaby.org\/wp-content\/uploads\/2023\/02\/lactrx-home-1-155x300.png 155w\" sizes=\"auto, (max-width: 350px) 100vw, 350px\" \/><\/figure>\n\n\n\n<figure class=\"wp-block-image size-full\"><img loading=\"lazy\" decoding=\"async\" width=\"350\" height=\"676\" data-id=\"7339\" src=\"https:\/\/mothertobaby.org\/wp-content\/uploads\/2023\/02\/lactrx-drugs.png\" alt=\"\" class=\"wp-image-7339\" srcset=\"https:\/\/mothertobaby.org\/wp-content\/uploads\/2023\/02\/lactrx-drugs.png 350w, https:\/\/mothertobaby.org\/wp-content\/uploads\/2023\/02\/lactrx-drugs-155x300.png 155w\" sizes=\"auto, (max-width: 350px) 100vw, 350px\" \/><\/figure>\n\n\n\n<figure class=\"wp-block-image size-full\"><img loading=\"lazy\" decoding=\"async\" width=\"350\" height=\"676\" data-id=\"7341\" src=\"https:\/\/mothertobaby.org\/wp-content\/uploads\/2023\/02\/lactrx-druginfo.png\" alt=\"\" class=\"wp-image-7341\" srcset=\"https:\/\/mothertobaby.org\/wp-content\/uploads\/2023\/02\/lactrx-druginfo.png 350w, https:\/\/mothertobaby.org\/wp-content\/uploads\/2023\/02\/lactrx-druginfo-155x300.png 155w\" sizes=\"auto, (max-width: 350px) 100vw, 350px\" \/><\/figure>\n\n\n\n<figure class=\"wp-block-image size-full\"><img loading=\"lazy\" decoding=\"async\" width=\"350\" height=\"676\" data-id=\"7335\" src=\"https:\/\/mothertobaby.org\/wp-content\/uploads\/2023\/02\/lactrx-infants.png\" alt=\"\" class=\"wp-image-7335\" srcset=\"https:\/\/mothertobaby.org\/wp-content\/uploads\/2023\/02\/lactrx-infants.png 350w, https:\/\/mothertobaby.org\/wp-content\/uploads\/2023\/02\/lactrx-infants-155x300.png 155w\" sizes=\"auto, (max-width: 350px) 100vw, 350px\" \/><\/figure>\n\n\n\n<figure class=\"wp-block-image size-full\"><img loading=\"lazy\" decoding=\"async\" width=\"350\" height=\"676\" data-id=\"7333\" src=\"https:\/\/mothertobaby.org\/wp-content\/uploads\/2023\/02\/lactrx-lactation.png\" alt=\"\" class=\"wp-image-7333\" srcset=\"https:\/\/mothertobaby.org\/wp-content\/uploads\/2023\/02\/lactrx-lactation.png 350w, https:\/\/mothertobaby.org\/wp-content\/uploads\/2023\/02\/lactrx-lactation-155x300.png 155w\" sizes=\"auto, (max-width: 350px) 100vw, 350px\" \/><\/figure>\n\n\n\n<figure class=\"wp-block-image size-full\"><img loading=\"lazy\" decoding=\"async\" width=\"350\" height=\"676\" data-id=\"7331\" src=\"https:\/\/mothertobaby.org\/wp-content\/uploads\/2023\/02\/lactrx-altdrugs.png\" alt=\"\" class=\"wp-image-7331\" srcset=\"https:\/\/mothertobaby.org\/wp-content\/uploads\/2023\/02\/lactrx-altdrugs.png 350w, https:\/\/mothertobaby.org\/wp-content\/uploads\/2023\/02\/lactrx-altdrugs-155x300.png 155w\" sizes=\"auto, (max-width: 350px) 100vw, 350px\" \/><\/figure>\n<\/figure>\n\n\n\n<h3 class=\"wp-block-heading\"><strong>Historia del Desarrollo de la App LactRx&nbsp;<\/strong>&nbsp;<\/h3>\n\n\n\n<p>En 2019, la <a href=\"https:\/\/www.ncbi.nlm.nih.gov\/\" target=\"_blank\" rel=\"noreferrer noopener\">NLM<\/a> anunci\u00f3 que la aplicaci\u00f3n LactMed iba a descontinuarse. El anuncio provoc\u00f3 una discusi\u00f3n entre <a href=\"https:\/\/pharmacy.ucsd.edu\/faculty\/anderson\" target=\"_blank\" rel=\"noreferrer noopener\">Phil Anderson, PharmD, FASHP<\/a>, profesor cl\u00ednico de UC San Diego y autor de <a href=\"https:\/\/www.ncbi.nlm.nih.gov\/books\/NBK501922\/\" target=\"_blank\" rel=\"noreferrer noopener\">LactMed<\/a> y <a href=\"https:\/\/profiles.ucsd.edu\/christina.chambers\" target=\"_blank\" rel=\"noreferrer noopener\">Christina Chambers, PhD, MPH<\/a>, ex presidente de MotherToBaby y director de <a href=\"https:\/\/mommysmilkresearch.org\/meet-our-staff\/\" target=\"_blank\" rel=\"noreferrer noopener\">Mommy&#8217;s Milk: Programa Biorepositorio de Leche Humana<\/a>, sobre la posibilidad de que MotherToBaby patrocinara una nueva aplicaci\u00f3n para LactMed. \u00abEste fue un recurso muy popular con millones de visitas\u00bb, dijo Chambers.&nbsp; Debido a esto, lo vio como una oportunidad para que MotherToBaby ayudara a construir y alojar una nueva aplicaci\u00f3n con toda la informaci\u00f3n de LactMed<\/p>\n\n\n\n<p>En octubre de 2021, la idea fue llevada al liderazgo de la Organizaci\u00f3n de Especialistas en Informaci\u00f3n de Teratolog\u00eda (OTIS), la organizaci\u00f3n profesional sin fines de lucro que brinda el servicio sin costo MotherToBaby. El desarrollo comenz\u00f3 y naci\u00f3 LactRx<\/p>\n\n\n\n<p>\u00abLa NLM tom\u00f3 la decisi\u00f3n de continuar apoyando el acceso web a LactMed, y de descontinuar el soporte para su aplicaci\u00f3n. Sin embargo, en la experiencia del Dr. Anderson, la aplicaci\u00f3n era un modo muy popular y f\u00e1cil de usar para acceder a los datos\u00bb, explic\u00f3 Chambers. \u00abEn colaboraci\u00f3n con NLM, MotherToBaby recibi\u00f3 permiso para crear la aplicaci\u00f3n LactRx y, por lo tanto, ampliar la facilidad de acceso a esta informaci\u00f3n cr\u00edtica para los proveedores y el p\u00fablico en todo el mundo\u00bb.<\/p>\n\n\n\n<p>LactRx por MotherToBaby <a href=\"https:\/\/mothertobaby.org\/press-release\/latest-information-about-medication-safety-in-breastmilk-now-easily-accessible-via-new-lactrx-app\/\" target=\"_blank\" rel=\"noreferrer noopener\">se lanz\u00f3<\/a> en 2022 para brindar a los profesionales de la lactancia acceso de inmediato a la informaci\u00f3n de exposici\u00f3n con la que pueden contar. Este recurso es una extensi\u00f3n de <a href=\"https:\/\/mothertobaby.org\/es\/contactar\/\" target=\"_blank\" rel=\"noreferrer noopener\">los servicios gratuitos de MotherToBaby<\/a> que incluye acceso por tel\u00e9fono, mensaje de texto, correo electr\u00f3nico y chat en vivo a especialistas en informaci\u00f3n sobre las exposiciones en el embarazo y lactancia.&nbsp;<\/p>\n\n\n\n<h3 class=\"wp-block-heading\"><strong>Informaci\u00f3n Adicional&nbsp;<\/strong>&nbsp;<\/h3>\n\n\n\n<p>La informaci\u00f3n presentada en la aplicaci\u00f3n LactRx no pretende ser un sustituto del juicio profesional. Los usuarios deben consultar a los proveedores de atenci\u00f3n de salud personal para obtener consejos sobre la lactancia relacionada con su situaci\u00f3n particular.&nbsp;&nbsp;<\/p>\n\n\n\n<p>MotherToBaby tambi\u00e9n trabaja en estrecha colaboraci\u00f3n con la NLM para contribuir con <a href=\"https:\/\/mothertobaby.org\/es\/hojas-informativas\/\" target=\"_blank\" rel=\"noreferrer noopener\">hojas informativas<\/a> biling\u00fces (ingl\u00e9s \/ espa\u00f1ol) basadas en evidencia sobre medicamentos, vacunas, enfermedades, suplementos herbales, exposiciones ocupacionales y m\u00e1s durante el embarazo y la lactancia.&nbsp;<\/p>\n\n\n\n<p>MotherToBaby tradicionalmente proporciona informaci\u00f3n sobre las exposiciones antes y durante el embarazo y la lactancia a trav\u00e9s de su l\u00ednea de ayuda sin costo 866-626-6847, el servicio de mensajes de texto 855-999-3525 y el sitio web <a href=\"https:\/\/mothertobaby.org\/es\/\" target=\"_blank\" rel=\"noreferrer noopener\">MotherToBaby.org<\/a>, donde el p\u00fablico puede chatear en vivo o enviar un correo electr\u00f3nico a un experto.\u00a0<\/p>\n\n\n\n<div style=\"height:100px\" aria-hidden=\"true\" class=\"wp-block-spacer\"><\/div>\n\n\n\n<p><\/p>\n\n\n\n<div style=\"background-color:#f9f9ff;padding-left:8%;padding-right:8%\" class=\"wp-block-genesis-blocks-gb-container alignfull mtb-hp-block mtb-3-col-cta-row gb-block-container\"><div class=\"gb-container-inside\"><div class=\"gb-container-content\" style=\"max-width:1120px\">\n<div class=\"wp-block-genesis-blocks-gb-columns light-text mtb-3-col-cta no-link-underline gb-layout-columns-3 gb-3-col-equal\"><div class=\"gb-layout-column-wrap gb-block-layout-column-gap-3 gb-is-responsive-column\">\n<div class=\"wp-block-genesis-blocks-gb-column mtb-cta-radius gb-block-layout-column\"><div class=\"gb-block-layout-column-inner gb-has-custom-background-color\" style=\"background-color:#522e83\">\n<h3 class=\"wp-block-heading has-text-align-left\" id=\"h-conozca-los-hechos\">Conozca los Hechos<\/h3>\n\n\n\n<p class=\"has-text-align-left\">Nuestras hojas informativas de MotherToBaby ofrecen la informaci\u00f3n m\u00e1s actualizada sobre las exposiciones durante el embarazo y la lactancia.<\/p>\n\n\n\n<div class=\"wp-block-buttons is-layout-flex wp-block-buttons-is-layout-flex\">\n<div class=\"wp-block-button has-custom-font-size mtb-std-block-btn gb-block-button\" style=\"font-size:20px;line-height:1.2\"><a class=\"wp-block-button__link has-text-color has-background wp-element-button\" href=\"\/es\/hojas-informativas\/\" style=\"border-radius:5px;color:#ffffff;background-color:#3373dc;padding-top:10px;padding-right:1em;padding-bottom:10px;padding-left:1em\">BUSQUE<\/a><\/div>\n<\/div>\n<\/div><\/div>\n\n\n\n<div class=\"wp-block-genesis-blocks-gb-column mtb-cta-radius gb-block-layout-column\"><div class=\"gb-block-layout-column-inner gb-has-custom-background-color\" style=\"background-color:#522e83\">\n<h3 class=\"wp-block-heading has-text-align-left\" id=\"h-lea-nuestros-blogs\">Lea Nuestros Blogs<\/h3>\n\n\n\n<p class=\"has-text-align-left\">Cada persona quiere saber qu\u00e9 es lo mejor para su beb\u00e9. Nuestros expertos abordan las exposiciones m\u00e1s apremiantes de la actualidad.<\/p>\n\n\n\n<div class=\"wp-block-buttons is-layout-flex wp-block-buttons-is-layout-flex\">\n<div class=\"wp-block-button has-custom-font-size mtb-std-block-btn gb-block-button\" style=\"font-size:20px;line-height:1.2\"><a class=\"wp-block-button__link has-text-color has-background wp-element-button\" href=\"\/es\/blog-del-bebe\/\" style=\"border-radius:5px;color:#ffffff;background-color:#3373dc;padding-top:10px;padding-right:1em;padding-bottom:10px;padding-left:1em\">VAYA<\/a><\/div>\n<\/div>\n<\/div><\/div>\n\n\n\n<div class=\"wp-block-genesis-blocks-gb-column mtb-cta-radius gb-block-layout-column\"><div class=\"gb-block-layout-column-inner gb-has-custom-background-color\" style=\"background-color:#26a68b\">\n<h3 class=\"wp-block-heading has-text-align-left\" id=\"h-preg-ntele-a-nuestros-expertos\">Preg\u00fantele a Nuestros Expertos<\/h3>\n\n\n\n<p class=\"has-text-align-left\">Llame, env\u00ede un mensaje de texto, chatee o env\u00ede un correo electr\u00f3nico para obtener una evaluaci\u00f3n de riesgos personalizada y gratuita sobre las exposiciones durante el embarazo y la lactancia.<\/p>\n\n\n\n<div class=\"wp-block-buttons is-layout-flex wp-block-buttons-is-layout-flex\">\n<div class=\"wp-block-button has-custom-font-size mtb-std-block-btn gb-block-button\" style=\"font-size:20px;line-height:1.2\"><a class=\"wp-block-button__link has-text-color has-background wp-element-button\" href=\"\/es\/contactar\/\" style=\"border-radius:5px;color:#ffffff;background-color:#3373dc;padding-top:10px;padding-right:1em;padding-bottom:10px;padding-left:1em\">ContactE<\/a><\/div>\n<\/div>\n<\/div><\/div>\n<\/div><\/div>\n\n\n\n<p><\/p>\n<\/div><\/div><\/div>\n","protected":false},"excerpt":{"rendered":"<p>Brindando a los profesionales de la lactancia acceso a LactMed para obtener informaci\u00f3n sobre la exposici\u00f3n de inmediato&nbsp; LactRx por MotherToBaby es una aplicaci\u00f3n gratuita que proporciona informaci\u00f3n actualizada sobre el uso de medicamentos, vacunas, agentes de diagn\u00f3stico, y drogas durante la lactancia. La aplicaci\u00f3n LactRx proporciona un f\u00e1cil acceso a la base de datos [&hellip;]<\/p>\n","protected":false},"author":224,"featured_media":7359,"parent":0,"menu_order":0,"comment_status":"closed","ping_status":"closed","template":"page-templates\/inner-page.php","meta":{"_searchwp_excluded":"","_genesis_hide_title":false,"_genesis_hide_breadcrumbs":false,"_genesis_hide_singular_image":false,"_genesis_hide_footer_widgets":false,"_genesis_custom_body_class":"","_genesis_custom_post_class":"","_genesis_layout":"","footnotes":""},"medical-specialty":[],"related-content":[],"class_list":{"0":"post-8234","1":"page","2":"type-page","3":"status-publish","4":"has-post-thumbnail","6":"entry"},"yoast_head":"<!-- This site is optimized with the Yoast SEO Premium plugin v20.13 (Yoast SEO v20.13) - https:\/\/yoast.com\/wordpress\/plugins\/seo\/ -->\n<title>App LactRx por MotherToBaby - MotherToBaby<\/title>\n<meta name=\"robots\" content=\"index, follow, max-snippet:-1, max-image-preview:large, max-video-preview:-1\" \/>\n<link rel=\"canonical\" href=\"https:\/\/mothertobaby.org\/es\/app-lactrx-por-mothertobaby\/\" \/>\n<meta property=\"og:locale\" content=\"es_ES\" \/>\n<meta property=\"og:type\" content=\"article\" \/>\n<meta property=\"og:title\" content=\"App LactRx por MotherToBaby\" \/>\n<meta property=\"og:description\" content=\"Brindando a los profesionales de la lactancia acceso a LactMed para obtener informaci\u00f3n sobre la exposici\u00f3n de inmediato&nbsp; LactRx por MotherToBaby es una aplicaci\u00f3n gratuita que proporciona informaci\u00f3n actualizada sobre el uso de medicamentos, vacunas, agentes de diagn\u00f3stico, y drogas durante la lactancia. La aplicaci\u00f3n LactRx proporciona un f\u00e1cil acceso a la base de datos [&hellip;]\" \/>\n<meta property=\"og:url\" content=\"https:\/\/mothertobaby.org\/es\/app-lactrx-por-mothertobaby\/\" \/>\n<meta property=\"og:site_name\" content=\"MotherToBaby\" \/>\n<meta property=\"article:modified_time\" content=\"2023-09-26T16:57:00+00:00\" \/>\n<meta property=\"og:image\" content=\"https:\/\/mothertobaby.org\/wp-content\/uploads\/2023\/02\/Untitled-design-5.png\" \/>\n\t<meta property=\"og:image:width\" content=\"1920\" \/>\n\t<meta property=\"og:image:height\" content=\"752\" \/>\n\t<meta property=\"og:image:type\" content=\"image\/png\" \/>\n<meta name=\"twitter:card\" content=\"summary_large_image\" \/>\n<meta name=\"twitter:label1\" content=\"Tiempo de lectura\" \/>\n\t<meta name=\"twitter:data1\" content=\"3 minutos\" \/>\n<script type=\"application\/ld+json\" class=\"yoast-schema-graph\">{\"@context\":\"https:\/\/schema.org\",\"@graph\":[{\"@type\":\"WebPage\",\"@id\":\"https:\/\/mothertobaby.org\/es\/app-lactrx-por-mothertobaby\/\",\"url\":\"https:\/\/mothertobaby.org\/es\/app-lactrx-por-mothertobaby\/\",\"name\":\"App LactRx por MotherToBaby - MotherToBaby\",\"isPartOf\":{\"@id\":\"https:\/\/mothertobaby.org\/es\/#website\"},\"datePublished\":\"2023-07-21T16:04:55+00:00\",\"dateModified\":\"2023-09-26T16:57:00+00:00\",\"breadcrumb\":{\"@id\":\"https:\/\/mothertobaby.org\/es\/app-lactrx-por-mothertobaby\/#breadcrumb\"},\"inLanguage\":\"es\",\"potentialAction\":[{\"@type\":\"ReadAction\",\"target\":[\"https:\/\/mothertobaby.org\/es\/app-lactrx-por-mothertobaby\/\"]}]},{\"@type\":\"BreadcrumbList\",\"@id\":\"https:\/\/mothertobaby.org\/es\/app-lactrx-por-mothertobaby\/#breadcrumb\",\"itemListElement\":[{\"@type\":\"ListItem\",\"position\":1,\"name\":\"Home\",\"item\":\"https:\/\/mothertobaby.org\/es\/\"},{\"@type\":\"ListItem\",\"position\":2,\"name\":\"App LactRx por MotherToBaby\"}]},{\"@type\":\"WebSite\",\"@id\":\"https:\/\/mothertobaby.org\/es\/#website\",\"url\":\"https:\/\/mothertobaby.org\/es\/\",\"name\":\"MotherToBaby\",\"description\":\"Medications and More during pregnancy and breastfeeding\",\"publisher\":{\"@id\":\"https:\/\/mothertobaby.org\/es\/#organization\"},\"potentialAction\":[{\"@type\":\"SearchAction\",\"target\":{\"@type\":\"EntryPoint\",\"urlTemplate\":\"https:\/\/mothertobaby.org\/es\/?s={search_term_string}\"},\"query-input\":\"required name=search_term_string\"}],\"inLanguage\":\"es\"},{\"@type\":\"Organization\",\"@id\":\"https:\/\/mothertobaby.org\/es\/#organization\",\"name\":\"MotherToBaby\",\"url\":\"https:\/\/mothertobaby.org\/es\/\",\"logo\":{\"@type\":\"ImageObject\",\"inLanguage\":\"es\",\"@id\":\"https:\/\/mothertobaby.org\/es\/#\/schema\/logo\/image\/\",\"url\":\"https:\/\/mothertobaby.org\/wp-content\/uploads\/2023\/06\/MTB-horz-copyright-sm-1.png\",\"contentUrl\":\"https:\/\/mothertobaby.org\/wp-content\/uploads\/2023\/06\/MTB-horz-copyright-sm-1.png\",\"width\":284,\"height\":52,\"caption\":\"MotherToBaby\"},\"image\":{\"@id\":\"https:\/\/mothertobaby.org\/es\/#\/schema\/logo\/image\/\"}}]}<\/script>\n<!-- \/ Yoast SEO Premium plugin. -->","yoast_head_json":{"title":"App LactRx por MotherToBaby - MotherToBaby","robots":{"index":"index","follow":"follow","max-snippet":"max-snippet:-1","max-image-preview":"max-image-preview:large","max-video-preview":"max-video-preview:-1"},"canonical":"https:\/\/mothertobaby.org\/es\/app-lactrx-por-mothertobaby\/","og_locale":"es_ES","og_type":"article","og_title":"App LactRx por MotherToBaby","og_description":"Brindando a los profesionales de la lactancia acceso a LactMed para obtener informaci\u00f3n sobre la exposici\u00f3n de inmediato&nbsp; LactRx por MotherToBaby es una aplicaci\u00f3n gratuita que proporciona informaci\u00f3n actualizada sobre el uso de medicamentos, vacunas, agentes de diagn\u00f3stico, y drogas durante la lactancia. La aplicaci\u00f3n LactRx proporciona un f\u00e1cil acceso a la base de datos [&hellip;]","og_url":"https:\/\/mothertobaby.org\/es\/app-lactrx-por-mothertobaby\/","og_site_name":"MotherToBaby","article_modified_time":"2023-09-26T16:57:00+00:00","og_image":[{"width":1920,"height":752,"url":"https:\/\/mothertobaby.org\/wp-content\/uploads\/2023\/02\/Untitled-design-5.png","type":"image\/png"}],"twitter_card":"summary_large_image","twitter_misc":{"Tiempo de lectura":"3 minutos"},"schema":{"@context":"https:\/\/schema.org","@graph":[{"@type":"WebPage","@id":"https:\/\/mothertobaby.org\/es\/app-lactrx-por-mothertobaby\/","url":"https:\/\/mothertobaby.org\/es\/app-lactrx-por-mothertobaby\/","name":"App LactRx por MotherToBaby - MotherToBaby","isPartOf":{"@id":"https:\/\/mothertobaby.org\/es\/#website"},"datePublished":"2023-07-21T16:04:55+00:00","dateModified":"2023-09-26T16:57:00+00:00","breadcrumb":{"@id":"https:\/\/mothertobaby.org\/es\/app-lactrx-por-mothertobaby\/#breadcrumb"},"inLanguage":"es","potentialAction":[{"@type":"ReadAction","target":["https:\/\/mothertobaby.org\/es\/app-lactrx-por-mothertobaby\/"]}]},{"@type":"BreadcrumbList","@id":"https:\/\/mothertobaby.org\/es\/app-lactrx-por-mothertobaby\/#breadcrumb","itemListElement":[{"@type":"ListItem","position":1,"name":"Home","item":"https:\/\/mothertobaby.org\/es\/"},{"@type":"ListItem","position":2,"name":"App LactRx por MotherToBaby"}]},{"@type":"WebSite","@id":"https:\/\/mothertobaby.org\/es\/#website","url":"https:\/\/mothertobaby.org\/es\/","name":"MotherToBaby","description":"Medications and More during pregnancy and breastfeeding","publisher":{"@id":"https:\/\/mothertobaby.org\/es\/#organization"},"potentialAction":[{"@type":"SearchAction","target":{"@type":"EntryPoint","urlTemplate":"https:\/\/mothertobaby.org\/es\/?s={search_term_string}"},"query-input":"required name=search_term_string"}],"inLanguage":"es"},{"@type":"Organization","@id":"https:\/\/mothertobaby.org\/es\/#organization","name":"MotherToBaby","url":"https:\/\/mothertobaby.org\/es\/","logo":{"@type":"ImageObject","inLanguage":"es","@id":"https:\/\/mothertobaby.org\/es\/#\/schema\/logo\/image\/","url":"https:\/\/mothertobaby.org\/wp-content\/uploads\/2023\/06\/MTB-horz-copyright-sm-1.png","contentUrl":"https:\/\/mothertobaby.org\/wp-content\/uploads\/2023\/06\/MTB-horz-copyright-sm-1.png","width":284,"height":52,"caption":"MotherToBaby"},"image":{"@id":"https:\/\/mothertobaby.org\/es\/#\/schema\/logo\/image\/"}}]}},"featured_image_src":"https:\/\/mothertobaby.org\/wp-content\/uploads\/2023\/02\/Untitled-design-5-600x400.png","featured_image_src_square":"https:\/\/mothertobaby.org\/wp-content\/uploads\/2023\/02\/Untitled-design-5-600x600.png","_links":{"self":[{"href":"https:\/\/mothertobaby.org\/es\/wp-json\/wp\/v2\/pages\/8234","targetHints":{"allow":["GET"]}}],"collection":[{"href":"https:\/\/mothertobaby.org\/es\/wp-json\/wp\/v2\/pages"}],"about":[{"href":"https:\/\/mothertobaby.org\/es\/wp-json\/wp\/v2\/types\/page"}],"author":[{"embeddable":true,"href":"https:\/\/mothertobaby.org\/es\/wp-json\/wp\/v2\/users\/224"}],"replies":[{"embeddable":true,"href":"https:\/\/mothertobaby.org\/es\/wp-json\/wp\/v2\/comments?post=8234"}],"version-history":[{"count":0,"href":"https:\/\/mothertobaby.org\/es\/wp-json\/wp\/v2\/pages\/8234\/revisions"}],"wp:featuredmedia":[{"embeddable":true,"href":"https:\/\/mothertobaby.org\/es\/wp-json\/wp\/v2\/media\/7359"}],"wp:attachment":[{"href":"https:\/\/mothertobaby.org\/es\/wp-json\/wp\/v2\/media?parent=8234"}],"wp:term":[{"taxonomy":"medical-specialty","embeddable":true,"href":"https:\/\/mothertobaby.org\/es\/wp-json\/wp\/v2\/medical-specialty?post=8234"},{"taxonomy":"related-content","embeddable":true,"href":"https:\/\/mothertobaby.org\/es\/wp-json\/wp\/v2\/related-content?post=8234"}],"curies":[{"name":"wp","href":"https:\/\/api.w.org\/{rel}","templated":true}]}}