{"id":8391,"date":"2023-08-04T08:46:51","date_gmt":"2023-08-04T15:46:51","guid":{"rendered":"https:\/\/mothertobaby.org\/?page_id=8391"},"modified":"2023-08-25T08:36:00","modified_gmt":"2023-08-25T15:36:00","slug":"preguntas-frecuentes-para-profesionales-de-salud","status":"publish","type":"page","link":"https:\/\/mothertobaby.org\/es\/preguntas-frecuentes-para-profesionales-de-salud\/","title":{"rendered":"Preguntas Frecuentes para Profesionales de Salud"},"content":{"rendered":"\n<h2 class=\"wp-block-heading\" id=\"h-respuestas-a-sus-preguntas-m-s-frecuentes\">Respuestas a Sus Preguntas M\u00e1s Frecuentes.<\/h2>\n\n\n\n<p>MotherToBaby ofrece recursos incomparables para los profesionales de la salud, incluidos materiales educativos para pacientes basados en evidencia, servicios de informaci\u00f3n sobre terat\u00f3genos sin costo y referencias convenientes de pacientes a nuestros estudios observacionales de embarazo. Estas son algunas de las preguntas que los proveedores de salud hacen con m\u00e1s frecuencia sobre nosotros.<\/p>\n\n\n\n<div style=\"height:20px\" aria-hidden=\"true\" class=\"wp-block-spacer\"><\/div>\n\n\n\n<div style=\"height:23px\" aria-hidden=\"true\" class=\"wp-block-spacer\"><\/div>\n\n\n\n<div class=\"wp-block-genesis-blocks-gb-container mtb-q-n-a-block gb-block-container\"><div class=\"gb-container-inside\"><div class=\"gb-container-content\">\n<p class=\"mtb-question-es\"><strong>\u00bfQu\u00e9 es MotherToBaby?<\/strong><\/p>\n\n\n\n<p class=\"mtb-answer-es\">MotherToBaby es un servicio de la&nbsp;<a href=\"https:\/\/mothertobaby.org\/es\/acerca-de-otis\/\">Organizaci\u00f3n de Especialistas en Informaci\u00f3n de Teratolog\u00eda (<em>Organization of Teratology Information Specialists<\/em>, OTIS)<\/a>, una sociedad cient\u00edfica profesional sin fines de lucro formada por expertos en defectos cong\u00e9nitos de renombre mundial. MotherToBaby se dedica a proporcionar informaci\u00f3n basada en evidencia sin costo a las madres, los profesionales de la salud y el p\u00fablico en general sobre los medicamentos y otras exposiciones durante el embarazo y la lactancia. Tambi\u00e9n estamos dedicados a avanzar en el conocimiento sobre el impacto de la exposici\u00f3n a medicamentos y vacunas durante el embarazo a trav\u00e9s de nuestros estudios observacionales MotherToBaby Pregnancy Studies rigurosamente dise\u00f1ados.<\/p>\n\n\n\n<p>La OTIS y su servicio de informaci\u00f3n, MotherToBaby, son recursos sugeridos por muchas agencias, incluidos los Centros para el Control y la Prevenci\u00f3n de Enfermedades (<em>Centers for Disease Control and Prevention<\/em>, CDC) y la Oficina de Salud de la Mujer (<em>Office of Women\u2019s Health<\/em>) de la Administraci\u00f3n de Alimentos y Medicamentos. M\u00e1s de 100&nbsp;000 personas y sus proveedores de salud buscan informaci\u00f3n sobre la prevenci\u00f3n de defectos de nacimiento a trav\u00e9s de OTIS y MotherToBaby cada a\u00f1o.<\/p>\n<\/div><\/div><\/div>\n\n\n\n<div class=\"wp-block-genesis-blocks-gb-container mtb-q-n-a-block gb-block-container\"><div class=\"gb-container-inside\"><div class=\"gb-container-content\">\n<p class=\"mtb-question-es\"><strong><strong>\u00bfQu\u00e9 informaci\u00f3n puede brindarnos MotherToBaby a m\u00ed o a mis pacientes sobre medicamentos, vacunas y otras exposiciones durante el embarazo?<\/strong><\/strong><\/p>\n\n\n\n<p class=\"mtb-answer-es\">Informaci\u00f3n sobre terat\u00f3genos basada en evidencia: MotherToBaby proporciona informaci\u00f3n actualizada basada en evidencia sobre los riesgos de medicamentos, productos qu\u00edmicos, productos herbales, sustancias de uso, condiciones de salud materna, exposiciones ocupacionales y mucho m\u00e1s durante el embarazo y la lactancia. Nuestros servicios de informaci\u00f3n est\u00e1n disponibles sin costo para usted y su paciente, y se puede acceder a ellos por&nbsp;<a href=\"https:\/\/mothertobaby.org\/es\/contactar\/\">tel\u00e9fono, mensaje de texto, correo electr\u00f3nico y chat<\/a>.<\/p>\n\n\n\n<p>Materiales educativos para pacientes: Los expertos de MotherToBaby han creado hojas informativas que se basan en la literatura m\u00e9dica y cient\u00edfica actual para responder las preguntas frecuentes sobre las exposiciones durante el embarazo y la lactancia.&nbsp;<a href=\"https:\/\/mothertobaby.org\/es\/hojas-informativas\/\">Las hojas informativas de MotherToBaby<\/a>&nbsp;est\u00e1n disponibles en ingl\u00e9s y espa\u00f1ol y se pueden descargar sin costo alguno.<\/p>\n\n\n\n<p>Literatura para su consultorio: MotherToBaby ofrece folletos GRATUITOS, tarjetas de referencia de pacientes, blocs de notas y otros materiales para su consultorio, as\u00ed como materiales que puede compartir con sus colegas. Podr\u00e1 ver estos materiales y realizar pedidos utilizando&nbsp;<a href=\"https:\/\/mothertobaby.org\/es\/ordena-materiales\/\">nuestro formulario en l\u00ednea<\/a>.<\/p>\n<\/div><\/div><\/div>\n\n\n\n<div class=\"wp-block-genesis-blocks-gb-container mtb-q-n-a-block gb-block-container\"><div class=\"gb-container-inside\"><div class=\"gb-container-content\">\n<p class=\"mtb-question-es\"><strong><strong><strong>\u00bfQu\u00e9 son los Estudios de Embarazo MotherToBaby?<\/strong><\/strong><\/strong><\/p>\n\n\n\n<p class=\"mtb-answer-es\">Los <a href=\"https:\/\/mothertobaby.org\/es\/estudios\/\">Estudios de Embarazo MotherToBaby<\/a>&nbsp;son dirigidos por OTIS y realizados en University of California San Diego bajo el liderazgo de la renombrada epidemi\u00f3loga perinatal Christina Chambers, PhD, MPH. Los estudios se enfocan en evaluar la seguridad (o los riesgos) en el embarazo del uso de medicamentos para tratar una variedad de condiciones m\u00e9dicas, as\u00ed como la seguridad (o los riesgos) de las vacunas en el embarazo. Todos nuestros estudios son estrictamente observacionales; los pacientes no realizan ning\u00fan cambio en sus reg\u00edmenes de atenci\u00f3n m\u00e9dica a menos que usted, como su proveedor, les indique que lo hagan. Como proveedor de atenci\u00f3n m\u00e9dica que trata a pacientes en edad reproductiva, es posible que se sienta tan frustrado como nosotros por la falta de datos sobre los efectos de muchos medicamentos y vacunas en los resultados del embarazo. Nuestros estudios rigurosamente dise\u00f1ados tienen como objetivo proporcionar esta informaci\u00f3n tan necesaria y se basan en las referencias de sus pacientes para hacerlo.<\/p>\n<\/div><\/div><\/div>\n\n\n\n<div class=\"wp-block-genesis-blocks-gb-container mtb-q-n-a-block gb-block-container\"><div class=\"gb-container-inside\"><div class=\"gb-container-content\">\n<p class=\"mtb-question-es\"><strong><strong><strong><strong>\u00bfQu\u00e9 estudios est\u00e1 realizando actualmente MotherToBaby?<\/strong><\/strong><\/strong><\/strong><\/p>\n\n\n\n<p class=\"mtb-answer-es\">Actualmente estamos realizando estudios sobre lo siguiente:<\/p>\n\n\n\n<ul class=\"wp-block-list\">\n<li>COVID-19<\/li>\n\n\n\n<li>Afecciones inflamatorias e inmunomediadas y medicamentos utilizados para tratar:<ul><li>Espondiloartritis anquilosante<\/li><\/ul><ul><li>Dermatitis at\u00f3pica<\/li><\/ul><ul><li>Enfermedad de Crohn<\/li><\/ul><ul><li>Artritis juvenil idiop\u00e1tica<\/li><\/ul><ul><li>Esclerosis m\u00faltiple<\/li><\/ul><ul><li>Psoriasis<\/li><\/ul><ul><li>Artritis psori\u00e1sica<\/li><\/ul><ul><li>Artritis reumatoide<\/li><\/ul>\n<ul class=\"wp-block-list\">\n<li>Colitis ulcerosa<\/li>\n<\/ul>\n<\/li>\n\n\n\n<li>Asma y medicamentos para el asma<\/li>\n\n\n\n<li>Vacuna contra la tos ferina (Tdap)<\/li>\n<\/ul>\n\n\n\n<p>Adem\u00e1s de inscribir a personas embarazadas que tengan las condiciones m\u00e9dicas anteriores o exposiciones a vacunas, tambi\u00e9n estamos buscando personas sanas que est\u00e9n embarazadas o personas que est\u00e9n embarazadas y no hayan recibido las vacunas mencionadas anteriormente para que sirvan como controles para nuestros estudios.<\/p>\n<\/div><\/div><\/div>\n\n\n\n<div class=\"wp-block-genesis-blocks-gb-container mtb-q-n-a-block gb-block-container\"><div class=\"gb-container-inside\"><div class=\"gb-container-content\">\n<p class=\"mtb-question-es\"><strong><strong><strong><strong><strong>\u00bfQu\u00e9 tendr\u00e9 que hacer?<\/strong><\/strong><\/strong><\/strong><\/strong><\/p>\n\n\n\n<p class=\"mtb-answer-es\">Usted puede ayudar a respaldar nuestros esfuerzos&nbsp;<a href=\"https:\/\/mothertobaby.org\/es\/refiere-paciente\/\">refiriendo a sus pacientes<\/a>&nbsp;a nuestros estudios. Las personas se inscriben por s\u00ed mismas, por lo que despu\u00e9s de referir a un paciente no se requiere nada m\u00e1s de usted.<\/p>\n<\/div><\/div><\/div>\n\n\n\n<div class=\"wp-block-genesis-blocks-gb-container mtb-q-n-a-block gb-block-container\"><div class=\"gb-container-inside\"><div class=\"gb-container-content\">\n<p class=\"mtb-question-es\"><strong><strong><strong><strong><strong><strong>\u00bfLa participaci\u00f3n en el estudio interferir\u00e1 con mi capacidad para tratar a mi paciente?<\/strong><\/strong><\/strong><\/strong><\/strong><\/strong><\/p>\n\n\n\n<p class=\"mtb-answer-es\">No. Todos nuestros estudios son estrictamente observacionales; los pacientes no realizan ning\u00fan cambio en sus reg\u00edmenes de atenci\u00f3n m\u00e9dica a menos que usted, como su proveedor, les indique que lo hagan.<\/p>\n\n\n\n<p>La falta de datos sobre los efectos de los medicamentos en los resultados del embarazo es preocupante. Estamos tratando desesperadamente de llenar estos vac\u00edos de informaci\u00f3n; sin embargo, no podemos obtener los datos necesarios sin su ayuda. Consid\u00e9renos un socio para que podamos ayudar a brindarle la informaci\u00f3n cr\u00edtica que necesita para asesorar a sus pacientes cuando quedan embarazadas.<\/p>\n<\/div><\/div><\/div>\n\n\n\n<div class=\"wp-block-genesis-blocks-gb-container mtb-q-n-a-block gb-block-container\"><div class=\"gb-container-inside\"><div class=\"gb-container-content\">\n<p class=\"mtb-question-es\"><strong><strong><strong><strong><strong><strong><strong>\u00bfCu\u00e1les son los beneficios de referir a mi paciente a un estudio MotherToBaby Pregnancy Study?<\/strong><\/strong><\/strong><\/strong><\/strong><\/strong><\/strong><\/p>\n\n\n\n<ul class=\"wp-block-list\">\n<li>La confianza de referir a sus pacientes para que participen en una investigaci\u00f3n importante y no invasiva sobre la seguridad de medicamentos y vacunas durante el embarazo.<\/li>\n\n\n\n<li>La confianza de que recibir\u00e1 informaci\u00f3n basada en evidencia que resulta de estudios dise\u00f1ados rigurosamente por un equipo de expertos en el campo de la teratolog\u00eda.<\/li>\n\n\n\n<li>Su referencia contribuye al avance del campo de la teratolog\u00eda y ayuda a brindar informaci\u00f3n muy necesaria sobre la exposici\u00f3n a medicamentos o vacunas durante el embarazo para las personas que est\u00e1n embarazadas o amamantando y los proveedores de atenci\u00f3n m\u00e9dica por igual, lo que permite una mejor toma de decisiones de atenci\u00f3n m\u00e9dica.<\/li>\n<\/ul>\n<\/div><\/div><\/div>\n\n\n\n<div class=\"wp-block-genesis-blocks-gb-container mtb-q-n-a-block gb-block-container\"><div class=\"gb-container-inside\"><div class=\"gb-container-content\">\n<p class=\"mtb-question-es\"><strong><strong><strong><strong><strong><strong><strong><strong>\u00bfC\u00f3mo puedo referir a una paciente a un estudio MotherToBaby Pregnancy Study?<\/strong><\/strong><\/strong><\/strong><\/strong><\/strong><\/strong><\/strong><\/p>\n\n\n\n<ul class=\"wp-block-list\">\n<li>Utilice nuestro\u00a0<a href=\"https:\/\/mothertobaby.org\/es\/refiere-un-paciente-estudios\/\">formulario seguro de referencia en l\u00ednea<\/a>.<\/li>\n\n\n\n<li>Llame sin cargo a nuestro equipo de Pregnancy Studies al 877.311.8972 para proporcionarnos el nombre y el n\u00famero de tel\u00e9fono de la paciente.<\/li>\n\n\n\n<li>Invite a su paciente a&nbsp;<a href=\"https:\/\/mothertobaby.org\/es\/unirse-a-un-estudio\/\">registrarse en l\u00ednea<\/a>&nbsp;o proporci\u00f3nele nuestro n\u00famero gratuito y p\u00eddale que nos llame: 877.311.8972.<\/li>\n<\/ul>\n<\/div><\/div><\/div>\n\n\n\n<div style=\"height:100px\" aria-hidden=\"true\" class=\"wp-block-spacer\"><\/div>\n\n\n\n<div style=\"background-color:#f9f9ff;padding-left:8%;padding-right:8%\" class=\"wp-block-genesis-blocks-gb-container alignfull mtb-hp-block mtb-3-col-cta-row gb-block-container\"><div class=\"gb-container-inside\"><div class=\"gb-container-content\" style=\"max-width:1120px\">\n<div class=\"wp-block-genesis-blocks-gb-columns light-text mtb-3-col-cta no-link-underline gb-layout-columns-3 gb-3-col-equal\"><div class=\"gb-layout-column-wrap gb-block-layout-column-gap-3 gb-is-responsive-column\">\n<div class=\"wp-block-genesis-blocks-gb-column mtb-cta-radius gb-block-layout-column\"><div class=\"gb-block-layout-column-inner gb-has-custom-background-color\" style=\"background-color:#522e83\">\n<h3 class=\"wp-block-heading has-text-align-left\" id=\"h-educaci-n-del-paciente\">Educaci\u00f3n del Paciente<\/h3>\n\n\n\n<p class=\"has-text-align-left\">Nuestras hojas informativas de f\u00e1cil lectura sobre las exposiciones durante el embarazo y la lactancia est\u00e1n disponibles en ingl\u00e9s y espa\u00f1ol.<\/p>\n\n\n\n<div class=\"wp-block-buttons is-layout-flex wp-block-buttons-is-layout-flex\">\n<div class=\"wp-block-button has-custom-font-size mtb-std-block-btn gb-block-button\" style=\"font-size:20px;line-height:1.2\"><a class=\"wp-block-button__link has-text-color has-background wp-element-button\" href=\"https:\/\/mothertobaby.org\/es\/hojas-informativas\/\" style=\"border-radius:5px;color:#ffffff;background-color:#3373dc;padding-top:10px;padding-right:1em;padding-bottom:10px;padding-left:1em\">Explorar<\/a><\/div>\n<\/div>\n<\/div><\/div>\n\n\n\n<div class=\"wp-block-genesis-blocks-gb-column mtb-cta-radius gb-block-layout-column\"><div class=\"gb-block-layout-column-inner gb-has-custom-background-color\" style=\"background-color:#522e83\">\n<h3 class=\"wp-block-heading has-text-align-left\" id=\"h-solicitar-materiales\">Solicitar Materiales<\/h3>\n\n\n\n<p class=\"has-text-align-left\">Solicite materiales gratuitos para pacientes y proveedores de salud sobre nuestro servicio de informaci\u00f3n y estudios de embarazo.<\/p>\n\n\n\n<div class=\"wp-block-buttons is-layout-flex wp-block-buttons-is-layout-flex\">\n<div class=\"wp-block-button has-custom-font-size mtb-std-block-btn gb-block-button\" style=\"font-size:20px;line-height:1.2\"><a class=\"wp-block-button__link has-text-color has-background wp-element-button\" href=\"\/es\/ordena-materiales\/\" style=\"border-radius:5px;color:#ffffff;background-color:#3373dc;padding-top:10px;padding-right:1em;padding-bottom:10px;padding-left:1em\">SOLICITE<\/a><\/div>\n<\/div>\n<\/div><\/div>\n\n\n\n<div class=\"wp-block-genesis-blocks-gb-column mtb-cta-radius gb-block-layout-column\"><div class=\"gb-block-layout-column-inner gb-has-custom-background-color\" style=\"background-color:#26a68b\">\n<h3 class=\"wp-block-heading has-text-align-left\" id=\"h-remitir-paciente\">Remitir Paciente<\/h3>\n\n\n\n<p class=\"has-text-align-left\">\u00bfNecesita darle a su paciente una evaluaci\u00f3n personalizada sobre un riesgo de exposici\u00f3n o conectarlo con nuestros estudios de embarazo?<\/p>\n\n\n\n<div class=\"wp-block-buttons is-layout-flex wp-block-buttons-is-layout-flex\">\n<div class=\"wp-block-button has-custom-font-size mtb-std-block-btn gb-block-button\" style=\"font-size:20px;line-height:1.2\"><a class=\"wp-block-button__link has-text-color has-background wp-element-button\" href=\"https:\/\/mothertobaby.org\/es\/refiere-paciente-form\/\" style=\"border-radius:5px;color:#ffffff;background-color:#3373dc;padding-top:10px;padding-right:1em;padding-bottom:10px;padding-left:1em\">Remitir<\/a><\/div>\n<\/div>\n<\/div><\/div>\n<\/div><\/div>\n<\/div><\/div><\/div>\n","protected":false},"excerpt":{"rendered":"<p>Respuestas a Sus Preguntas M\u00e1s Frecuentes. MotherToBaby ofrece recursos incomparables para los profesionales de la salud, incluidos materiales educativos para pacientes basados en evidencia, servicios de informaci\u00f3n sobre terat\u00f3genos sin costo y referencias convenientes de pacientes a nuestros estudios observacionales de embarazo. Estas son algunas de las preguntas que los proveedores de salud hacen con [&hellip;]<\/p>\n","protected":false},"author":214,"featured_media":0,"parent":0,"menu_order":0,"comment_status":"closed","ping_status":"closed","template":"page-templates\/inner-page.php","meta":{"_searchwp_excluded":"","_genesis_hide_title":false,"_genesis_hide_breadcrumbs":false,"_genesis_hide_singular_image":false,"_genesis_hide_footer_widgets":false,"_genesis_custom_body_class":"","_genesis_custom_post_class":"","_genesis_layout":"full-width-content","footnotes":""},"medical-specialty":[],"related-content":[],"class_list":{"0":"post-8391","1":"page","2":"type-page","3":"status-publish","5":"entry"},"yoast_head":"<!-- This site is optimized with the Yoast SEO Premium plugin v20.13 (Yoast SEO v20.13) - https:\/\/yoast.com\/wordpress\/plugins\/seo\/ -->\n<title>Preguntas Frecuentes para Profesionales de Salud - MotherToBaby<\/title>\n<meta name=\"robots\" content=\"index, follow, max-snippet:-1, max-image-preview:large, max-video-preview:-1\" \/>\n<link rel=\"canonical\" href=\"https:\/\/mothertobaby.org\/es\/preguntas-frecuentes-para-profesionales-de-salud\/\" \/>\n<meta property=\"og:locale\" content=\"es_ES\" \/>\n<meta property=\"og:type\" content=\"article\" \/>\n<meta property=\"og:title\" content=\"Preguntas Frecuentes para Profesionales de Salud\" \/>\n<meta property=\"og:description\" content=\"Respuestas a Sus Preguntas M\u00e1s Frecuentes. MotherToBaby ofrece recursos incomparables para los profesionales de la salud, incluidos materiales educativos para pacientes basados en evidencia, servicios de informaci\u00f3n sobre terat\u00f3genos sin costo y referencias convenientes de pacientes a nuestros estudios observacionales de embarazo. Estas son algunas de las preguntas que los proveedores de salud hacen con [&hellip;]\" \/>\n<meta property=\"og:url\" content=\"https:\/\/mothertobaby.org\/es\/preguntas-frecuentes-para-profesionales-de-salud\/\" \/>\n<meta property=\"og:site_name\" content=\"MotherToBaby\" \/>\n<meta property=\"article:modified_time\" content=\"2023-08-25T15:36:00+00:00\" \/>\n<meta name=\"twitter:card\" content=\"summary_large_image\" \/>\n<meta name=\"twitter:label1\" content=\"Tiempo de lectura\" \/>\n\t<meta name=\"twitter:data1\" content=\"6 minutos\" \/>\n<script type=\"application\/ld+json\" class=\"yoast-schema-graph\">{\"@context\":\"https:\/\/schema.org\",\"@graph\":[{\"@type\":\"WebPage\",\"@id\":\"https:\/\/mothertobaby.org\/es\/preguntas-frecuentes-para-profesionales-de-salud\/\",\"url\":\"https:\/\/mothertobaby.org\/es\/preguntas-frecuentes-para-profesionales-de-salud\/\",\"name\":\"Preguntas Frecuentes para Profesionales de Salud - MotherToBaby\",\"isPartOf\":{\"@id\":\"https:\/\/mothertobaby.org\/es\/#website\"},\"datePublished\":\"2023-08-04T15:46:51+00:00\",\"dateModified\":\"2023-08-25T15:36:00+00:00\",\"breadcrumb\":{\"@id\":\"https:\/\/mothertobaby.org\/es\/preguntas-frecuentes-para-profesionales-de-salud\/#breadcrumb\"},\"inLanguage\":\"es\",\"potentialAction\":[{\"@type\":\"ReadAction\",\"target\":[\"https:\/\/mothertobaby.org\/es\/preguntas-frecuentes-para-profesionales-de-salud\/\"]}]},{\"@type\":\"BreadcrumbList\",\"@id\":\"https:\/\/mothertobaby.org\/es\/preguntas-frecuentes-para-profesionales-de-salud\/#breadcrumb\",\"itemListElement\":[{\"@type\":\"ListItem\",\"position\":1,\"name\":\"Home\",\"item\":\"https:\/\/mothertobaby.org\/es\/\"},{\"@type\":\"ListItem\",\"position\":2,\"name\":\"Preguntas Frecuentes para Profesionales de Salud\"}]},{\"@type\":\"WebSite\",\"@id\":\"https:\/\/mothertobaby.org\/es\/#website\",\"url\":\"https:\/\/mothertobaby.org\/es\/\",\"name\":\"MotherToBaby\",\"description\":\"Medications and More during pregnancy and breastfeeding\",\"publisher\":{\"@id\":\"https:\/\/mothertobaby.org\/es\/#organization\"},\"potentialAction\":[{\"@type\":\"SearchAction\",\"target\":{\"@type\":\"EntryPoint\",\"urlTemplate\":\"https:\/\/mothertobaby.org\/es\/?s={search_term_string}\"},\"query-input\":\"required name=search_term_string\"}],\"inLanguage\":\"es\"},{\"@type\":\"Organization\",\"@id\":\"https:\/\/mothertobaby.org\/es\/#organization\",\"name\":\"MotherToBaby\",\"url\":\"https:\/\/mothertobaby.org\/es\/\",\"logo\":{\"@type\":\"ImageObject\",\"inLanguage\":\"es\",\"@id\":\"https:\/\/mothertobaby.org\/es\/#\/schema\/logo\/image\/\",\"url\":\"https:\/\/mothertobaby.org\/wp-content\/uploads\/2023\/06\/MTB-horz-copyright-sm-1.png\",\"contentUrl\":\"https:\/\/mothertobaby.org\/wp-content\/uploads\/2023\/06\/MTB-horz-copyright-sm-1.png\",\"width\":284,\"height\":52,\"caption\":\"MotherToBaby\"},\"image\":{\"@id\":\"https:\/\/mothertobaby.org\/es\/#\/schema\/logo\/image\/\"}}]}<\/script>\n<!-- \/ Yoast SEO Premium plugin. -->","yoast_head_json":{"title":"Preguntas Frecuentes para Profesionales de Salud - MotherToBaby","robots":{"index":"index","follow":"follow","max-snippet":"max-snippet:-1","max-image-preview":"max-image-preview:large","max-video-preview":"max-video-preview:-1"},"canonical":"https:\/\/mothertobaby.org\/es\/preguntas-frecuentes-para-profesionales-de-salud\/","og_locale":"es_ES","og_type":"article","og_title":"Preguntas Frecuentes para Profesionales de Salud","og_description":"Respuestas a Sus Preguntas M\u00e1s Frecuentes. MotherToBaby ofrece recursos incomparables para los profesionales de la salud, incluidos materiales educativos para pacientes basados en evidencia, servicios de informaci\u00f3n sobre terat\u00f3genos sin costo y referencias convenientes de pacientes a nuestros estudios observacionales de embarazo. Estas son algunas de las preguntas que los proveedores de salud hacen con [&hellip;]","og_url":"https:\/\/mothertobaby.org\/es\/preguntas-frecuentes-para-profesionales-de-salud\/","og_site_name":"MotherToBaby","article_modified_time":"2023-08-25T15:36:00+00:00","twitter_card":"summary_large_image","twitter_misc":{"Tiempo de lectura":"6 minutos"},"schema":{"@context":"https:\/\/schema.org","@graph":[{"@type":"WebPage","@id":"https:\/\/mothertobaby.org\/es\/preguntas-frecuentes-para-profesionales-de-salud\/","url":"https:\/\/mothertobaby.org\/es\/preguntas-frecuentes-para-profesionales-de-salud\/","name":"Preguntas Frecuentes para Profesionales de Salud - MotherToBaby","isPartOf":{"@id":"https:\/\/mothertobaby.org\/es\/#website"},"datePublished":"2023-08-04T15:46:51+00:00","dateModified":"2023-08-25T15:36:00+00:00","breadcrumb":{"@id":"https:\/\/mothertobaby.org\/es\/preguntas-frecuentes-para-profesionales-de-salud\/#breadcrumb"},"inLanguage":"es","potentialAction":[{"@type":"ReadAction","target":["https:\/\/mothertobaby.org\/es\/preguntas-frecuentes-para-profesionales-de-salud\/"]}]},{"@type":"BreadcrumbList","@id":"https:\/\/mothertobaby.org\/es\/preguntas-frecuentes-para-profesionales-de-salud\/#breadcrumb","itemListElement":[{"@type":"ListItem","position":1,"name":"Home","item":"https:\/\/mothertobaby.org\/es\/"},{"@type":"ListItem","position":2,"name":"Preguntas Frecuentes para Profesionales de Salud"}]},{"@type":"WebSite","@id":"https:\/\/mothertobaby.org\/es\/#website","url":"https:\/\/mothertobaby.org\/es\/","name":"MotherToBaby","description":"Medications and More during pregnancy and breastfeeding","publisher":{"@id":"https:\/\/mothertobaby.org\/es\/#organization"},"potentialAction":[{"@type":"SearchAction","target":{"@type":"EntryPoint","urlTemplate":"https:\/\/mothertobaby.org\/es\/?s={search_term_string}"},"query-input":"required name=search_term_string"}],"inLanguage":"es"},{"@type":"Organization","@id":"https:\/\/mothertobaby.org\/es\/#organization","name":"MotherToBaby","url":"https:\/\/mothertobaby.org\/es\/","logo":{"@type":"ImageObject","inLanguage":"es","@id":"https:\/\/mothertobaby.org\/es\/#\/schema\/logo\/image\/","url":"https:\/\/mothertobaby.org\/wp-content\/uploads\/2023\/06\/MTB-horz-copyright-sm-1.png","contentUrl":"https:\/\/mothertobaby.org\/wp-content\/uploads\/2023\/06\/MTB-horz-copyright-sm-1.png","width":284,"height":52,"caption":"MotherToBaby"},"image":{"@id":"https:\/\/mothertobaby.org\/es\/#\/schema\/logo\/image\/"}}]}},"featured_image_src":null,"featured_image_src_square":null,"_links":{"self":[{"href":"https:\/\/mothertobaby.org\/es\/wp-json\/wp\/v2\/pages\/8391","targetHints":{"allow":["GET"]}}],"collection":[{"href":"https:\/\/mothertobaby.org\/es\/wp-json\/wp\/v2\/pages"}],"about":[{"href":"https:\/\/mothertobaby.org\/es\/wp-json\/wp\/v2\/types\/page"}],"author":[{"embeddable":true,"href":"https:\/\/mothertobaby.org\/es\/wp-json\/wp\/v2\/users\/214"}],"replies":[{"embeddable":true,"href":"https:\/\/mothertobaby.org\/es\/wp-json\/wp\/v2\/comments?post=8391"}],"version-history":[{"count":0,"href":"https:\/\/mothertobaby.org\/es\/wp-json\/wp\/v2\/pages\/8391\/revisions"}],"wp:attachment":[{"href":"https:\/\/mothertobaby.org\/es\/wp-json\/wp\/v2\/media?parent=8391"}],"wp:term":[{"taxonomy":"medical-specialty","embeddable":true,"href":"https:\/\/mothertobaby.org\/es\/wp-json\/wp\/v2\/medical-specialty?post=8391"},{"taxonomy":"related-content","embeddable":true,"href":"https:\/\/mothertobaby.org\/es\/wp-json\/wp\/v2\/related-content?post=8391"}],"curies":[{"name":"wp","href":"https:\/\/api.w.org\/{rel}","templated":true}]}}