{"id":9915,"date":"2024-03-13T14:45:09","date_gmt":"2024-03-13T21:45:09","guid":{"rendered":"https:\/\/mothertobaby.org\/?page_id=9915"},"modified":"2024-03-13T14:47:49","modified_gmt":"2024-03-13T21:47:49","slug":"encircle","status":"publish","type":"page","link":"https:\/\/mothertobaby.org\/es\/donar\/encircle\/","title":{"rendered":"ENCIRCLE"},"content":{"rendered":"\n<h2 class=\"wp-block-heading\" id=\"h-envuelva-a-los-padres-y-a-los-bebes-en-salud\"><strong><strong>Envuelva a los padres y a los beb\u00e9s en salud.<\/strong><\/strong><\/h2>\n\n\n\n<p>El objetivo general de MotherToBaby es permitir la toma de decisiones informadas mediante la comunicaci\u00f3n efectiva de informaci\u00f3n basada en evidencia sobre los efectos de las exposiciones durante el embarazo o la lactancia, lo que conduce a una reducci\u00f3n de los defectos de nacimiento prevenibles y otros resultados adversos. A medida que el medio ambiente, los medicamentos y el panorama de la salud cambian constantemente, las solicitudes van en aumento.<\/p>\n\n\n\n<h2 class=\"wp-block-heading\" id=\"h-como-podemos-seguir-proporcionando-nuestros-servicios-de-forma-gratuita\"><strong><strong>\u00bfC\u00f3mo podemos seguir proporcionando nuestros servicios de forma gratuita?<\/strong><\/strong><\/h2>\n\n\n\n<p>\u00a1Necesitamos su apoyo!&nbsp; Se necesitar\u00e1n personas dedicadas a donar un poco cada mes para garantizar que podamos continuar brindando informaci\u00f3n gratuita y basada en evidencia en un entorno en constante cambio. Es imperativo que nuestros servicios contin\u00faen brind\u00e1ndose sin costo alguno para combatir las disparidades sanitarias, sociales y econ\u00f3micas que se observan en la salud materna.<\/p>\n\n\n\n<h2 class=\"wp-block-heading\" id=\"h-unase-al-circulo\"><strong><strong>\u00danase al c\u00edrculo<\/strong><\/strong><\/h2>\n\n\n\n<p>\u00danase a nuestra comunidad de donantes mensuales para rodear a los padres y a los beb\u00e9s de la salud.&nbsp; MotherToBaby celebrar\u00e1 a usted y a nuestra comunidad con una lista de donantes en nuestro sitio web, redes sociales y una menci\u00f3n trimestral en nuestro podcast.<\/p>\n\n\n\n<div class=\"wp-block-buttons is-layout-flex wp-block-buttons-is-layout-flex\">\n<div class=\"wp-block-button\"><a class=\"wp-block-button__link has-orange-cta-background-color has-background wp-element-button\" href=\"\/es\/donar\/unase-al-circulo\/\">Donar Ahora<\/a><\/div>\n<\/div>\n\n\n\n<div class=\"wp-block-genesis-blocks-gb-columns gb-layout-columns-1 one-column has-neutral-plus-2-background-color\" style=\"margin-top:30px;margin-bottom:30px;padding-right:25px;padding-bottom:30px;padding-left:25px\"><div class=\"gb-layout-column-wrap gb-block-layout-column-gap-2 gb-is-responsive-column\">\n<div class=\"wp-block-genesis-blocks-gb-column gb-block-layout-column\"><div class=\"gb-block-layout-column-inner\">\n<h2 class=\"wp-block-heading\" id=\"h-proporcionar-impacto\"><strong>Proporcionar impacto<\/strong><\/h2>\n\n\n\n<p>Su donaci\u00f3n mensual a MotherToBaby <strong>multiplica<\/strong> el impacto de su donaci\u00f3n.<\/p>\n\n\n\n<p><em><strong>28 personas que donan $10 por mes<\/strong> <\/em>brindar\u00edan asistencia a 40 personas con preguntas relacionadas con las exposiciones.<\/p>\n\n\n\n<p><strong><em>20 personas que donan $20 por mes<\/em><\/strong> proporcionar\u00edan una nueva hoja informativa para una exposici\u00f3n y\/o medicamento por mes.<\/p>\n\n\n\n<p><strong><em>30 personas que donan $30 por mes<\/em><\/strong> proporcionar\u00edan 10 hojas informativas traducidas por mes.<\/p>\n\n\n\n<p><\/p>\n\n\n\n<h2 class=\"wp-block-heading\" id=\"h-donantes\">Donantes<\/h2>\n\n\n\n<p><strong>Alfred N Romeo<\/strong><\/p>\n\n\n\n<p><strong>Anna Taylor<\/strong><\/p>\n\n\n\n<p><strong>Beth Kiernan<\/strong><\/p>\n\n\n\n<p><strong>Elizabeth Wasternack<\/strong><\/p>\n\n\n\n<p><strong>Kirstie Perrotta<\/strong><\/p>\n\n\n\n<p><strong>Lorrie Harris-Sagaribay<\/strong><\/p>\n\n\n\n<p><strong>Nevena Krstic<\/strong><\/p>\n<\/div><\/div>\n<\/div><\/div>\n\n\n\n<h3 class=\"wp-block-heading\" id=\"h-se-necesita-su-ayuda-para-proporcionar-informacion-basada-en-evidencia-para-ayudar-a-todos-los-que-recurren-a-mothertobaby-en-sus-viajes-de-fertilidad-embarazo-adopcion-y-lactancia\"><strong>Se necesita su ayuda para proporcionar informaci\u00f3n basada en evidencia para ayudar a todos los que recurren a MotherToBaby en sus viajes de fertilidad, embarazo, adopci\u00f3n y lactancia.<\/strong><\/h3>\n\n\n\n<div style=\"height:100px\" aria-hidden=\"true\" class=\"wp-block-spacer\"><\/div>\n","protected":false},"excerpt":{"rendered":"<p>Envuelva a los padres y a los beb\u00e9s en salud. El objetivo general de MotherToBaby es permitir la toma de decisiones informadas mediante la comunicaci\u00f3n efectiva de informaci\u00f3n basada en evidencia sobre los efectos de las exposiciones durante el embarazo o la lactancia, lo que conduce a una reducci\u00f3n de los defectos de nacimiento prevenibles [&hellip;]<\/p>\n","protected":false},"author":208,"featured_media":8873,"parent":7731,"menu_order":0,"comment_status":"closed","ping_status":"closed","template":"page-templates\/inner-page.php","meta":{"_searchwp_excluded":"","_genesis_hide_title":false,"_genesis_hide_breadcrumbs":false,"_genesis_hide_singular_image":false,"_genesis_hide_footer_widgets":false,"_genesis_custom_body_class":"","_genesis_custom_post_class":"","_genesis_layout":"full-width-content","footnotes":""},"medical-specialty":[],"related-content":[],"class_list":{"0":"post-9915","1":"page","2":"type-page","3":"status-publish","4":"has-post-thumbnail","6":"entry"},"yoast_head":"<!-- This site is optimized with the Yoast SEO Premium plugin v20.13 (Yoast SEO v20.13) - https:\/\/yoast.com\/wordpress\/plugins\/seo\/ -->\n<title>ENCIRCLE - MotherToBaby<\/title>\n<meta name=\"robots\" content=\"index, follow, max-snippet:-1, max-image-preview:large, max-video-preview:-1\" \/>\n<link rel=\"canonical\" href=\"https:\/\/mothertobaby.org\/es\/donar\/encircle\/\" \/>\n<meta property=\"og:locale\" content=\"es_ES\" \/>\n<meta property=\"og:type\" content=\"article\" \/>\n<meta property=\"og:title\" content=\"ENCIRCLE\" \/>\n<meta property=\"og:description\" content=\"Envuelva a los padres y a los beb\u00e9s en salud. El objetivo general de MotherToBaby es permitir la toma de decisiones informadas mediante la comunicaci\u00f3n efectiva de informaci\u00f3n basada en evidencia sobre los efectos de las exposiciones durante el embarazo o la lactancia, lo que conduce a una reducci\u00f3n de los defectos de nacimiento prevenibles [&hellip;]\" \/>\n<meta property=\"og:url\" content=\"https:\/\/mothertobaby.org\/es\/donar\/encircle\/\" \/>\n<meta property=\"og:site_name\" content=\"MotherToBaby\" \/>\n<meta property=\"article:modified_time\" content=\"2024-03-13T21:47:49+00:00\" \/>\n<meta property=\"og:image\" content=\"https:\/\/mothertobaby.org\/wp-content\/uploads\/2023\/11\/MTB-Encircle-with-circle.jpg\" \/>\n\t<meta property=\"og:image:width\" content=\"1600\" \/>\n\t<meta property=\"og:image:height\" content=\"900\" \/>\n\t<meta property=\"og:image:type\" content=\"image\/jpeg\" \/>\n<meta name=\"twitter:card\" content=\"summary_large_image\" \/>\n<meta name=\"twitter:label1\" content=\"Tiempo de lectura\" \/>\n\t<meta name=\"twitter:data1\" content=\"2 minutos\" \/>\n<script type=\"application\/ld+json\" class=\"yoast-schema-graph\">{\"@context\":\"https:\/\/schema.org\",\"@graph\":[{\"@type\":\"WebPage\",\"@id\":\"https:\/\/mothertobaby.org\/es\/donar\/encircle\/\",\"url\":\"https:\/\/mothertobaby.org\/es\/donar\/encircle\/\",\"name\":\"ENCIRCLE - MotherToBaby\",\"isPartOf\":{\"@id\":\"https:\/\/mothertobaby.org\/es\/#website\"},\"datePublished\":\"2024-03-13T21:45:09+00:00\",\"dateModified\":\"2024-03-13T21:47:49+00:00\",\"breadcrumb\":{\"@id\":\"https:\/\/mothertobaby.org\/es\/donar\/encircle\/#breadcrumb\"},\"inLanguage\":\"es\",\"potentialAction\":[{\"@type\":\"ReadAction\",\"target\":[\"https:\/\/mothertobaby.org\/es\/donar\/encircle\/\"]}]},{\"@type\":\"BreadcrumbList\",\"@id\":\"https:\/\/mothertobaby.org\/es\/donar\/encircle\/#breadcrumb\",\"itemListElement\":[{\"@type\":\"ListItem\",\"position\":1,\"name\":\"Home\",\"item\":\"https:\/\/mothertobaby.org\/es\/\"},{\"@type\":\"ListItem\",\"position\":2,\"name\":\"Donar\",\"item\":\"https:\/\/mothertobaby.org\/es\/donar\/\"},{\"@type\":\"ListItem\",\"position\":3,\"name\":\"ENCIRCLE\"}]},{\"@type\":\"WebSite\",\"@id\":\"https:\/\/mothertobaby.org\/es\/#website\",\"url\":\"https:\/\/mothertobaby.org\/es\/\",\"name\":\"MotherToBaby\",\"description\":\"Medications and More during pregnancy and breastfeeding\",\"publisher\":{\"@id\":\"https:\/\/mothertobaby.org\/es\/#organization\"},\"potentialAction\":[{\"@type\":\"SearchAction\",\"target\":{\"@type\":\"EntryPoint\",\"urlTemplate\":\"https:\/\/mothertobaby.org\/es\/?s={search_term_string}\"},\"query-input\":\"required name=search_term_string\"}],\"inLanguage\":\"es\"},{\"@type\":\"Organization\",\"@id\":\"https:\/\/mothertobaby.org\/es\/#organization\",\"name\":\"MotherToBaby\",\"url\":\"https:\/\/mothertobaby.org\/es\/\",\"logo\":{\"@type\":\"ImageObject\",\"inLanguage\":\"es\",\"@id\":\"https:\/\/mothertobaby.org\/es\/#\/schema\/logo\/image\/\",\"url\":\"https:\/\/mothertobaby.org\/wp-content\/uploads\/2023\/06\/MTB-horz-copyright-sm-1.png\",\"contentUrl\":\"https:\/\/mothertobaby.org\/wp-content\/uploads\/2023\/06\/MTB-horz-copyright-sm-1.png\",\"width\":284,\"height\":52,\"caption\":\"MotherToBaby\"},\"image\":{\"@id\":\"https:\/\/mothertobaby.org\/es\/#\/schema\/logo\/image\/\"}}]}<\/script>\n<!-- \/ Yoast SEO Premium plugin. -->","yoast_head_json":{"title":"ENCIRCLE - MotherToBaby","robots":{"index":"index","follow":"follow","max-snippet":"max-snippet:-1","max-image-preview":"max-image-preview:large","max-video-preview":"max-video-preview:-1"},"canonical":"https:\/\/mothertobaby.org\/es\/donar\/encircle\/","og_locale":"es_ES","og_type":"article","og_title":"ENCIRCLE","og_description":"Envuelva a los padres y a los beb\u00e9s en salud. El objetivo general de MotherToBaby es permitir la toma de decisiones informadas mediante la comunicaci\u00f3n efectiva de informaci\u00f3n basada en evidencia sobre los efectos de las exposiciones durante el embarazo o la lactancia, lo que conduce a una reducci\u00f3n de los defectos de nacimiento prevenibles [&hellip;]","og_url":"https:\/\/mothertobaby.org\/es\/donar\/encircle\/","og_site_name":"MotherToBaby","article_modified_time":"2024-03-13T21:47:49+00:00","og_image":[{"width":1600,"height":900,"url":"https:\/\/mothertobaby.org\/wp-content\/uploads\/2023\/11\/MTB-Encircle-with-circle.jpg","type":"image\/jpeg"}],"twitter_card":"summary_large_image","twitter_misc":{"Tiempo de lectura":"2 minutos"},"schema":{"@context":"https:\/\/schema.org","@graph":[{"@type":"WebPage","@id":"https:\/\/mothertobaby.org\/es\/donar\/encircle\/","url":"https:\/\/mothertobaby.org\/es\/donar\/encircle\/","name":"ENCIRCLE - MotherToBaby","isPartOf":{"@id":"https:\/\/mothertobaby.org\/es\/#website"},"datePublished":"2024-03-13T21:45:09+00:00","dateModified":"2024-03-13T21:47:49+00:00","breadcrumb":{"@id":"https:\/\/mothertobaby.org\/es\/donar\/encircle\/#breadcrumb"},"inLanguage":"es","potentialAction":[{"@type":"ReadAction","target":["https:\/\/mothertobaby.org\/es\/donar\/encircle\/"]}]},{"@type":"BreadcrumbList","@id":"https:\/\/mothertobaby.org\/es\/donar\/encircle\/#breadcrumb","itemListElement":[{"@type":"ListItem","position":1,"name":"Home","item":"https:\/\/mothertobaby.org\/es\/"},{"@type":"ListItem","position":2,"name":"Donar","item":"https:\/\/mothertobaby.org\/es\/donar\/"},{"@type":"ListItem","position":3,"name":"ENCIRCLE"}]},{"@type":"WebSite","@id":"https:\/\/mothertobaby.org\/es\/#website","url":"https:\/\/mothertobaby.org\/es\/","name":"MotherToBaby","description":"Medications and More during pregnancy and breastfeeding","publisher":{"@id":"https:\/\/mothertobaby.org\/es\/#organization"},"potentialAction":[{"@type":"SearchAction","target":{"@type":"EntryPoint","urlTemplate":"https:\/\/mothertobaby.org\/es\/?s={search_term_string}"},"query-input":"required name=search_term_string"}],"inLanguage":"es"},{"@type":"Organization","@id":"https:\/\/mothertobaby.org\/es\/#organization","name":"MotherToBaby","url":"https:\/\/mothertobaby.org\/es\/","logo":{"@type":"ImageObject","inLanguage":"es","@id":"https:\/\/mothertobaby.org\/es\/#\/schema\/logo\/image\/","url":"https:\/\/mothertobaby.org\/wp-content\/uploads\/2023\/06\/MTB-horz-copyright-sm-1.png","contentUrl":"https:\/\/mothertobaby.org\/wp-content\/uploads\/2023\/06\/MTB-horz-copyright-sm-1.png","width":284,"height":52,"caption":"MotherToBaby"},"image":{"@id":"https:\/\/mothertobaby.org\/es\/#\/schema\/logo\/image\/"}}]}},"featured_image_src":"https:\/\/mothertobaby.org\/wp-content\/uploads\/2023\/11\/MTB-Encircle-with-circle-600x400.jpg","featured_image_src_square":"https:\/\/mothertobaby.org\/wp-content\/uploads\/2023\/11\/MTB-Encircle-with-circle-600x600.jpg","_links":{"self":[{"href":"https:\/\/mothertobaby.org\/es\/wp-json\/wp\/v2\/pages\/9915","targetHints":{"allow":["GET"]}}],"collection":[{"href":"https:\/\/mothertobaby.org\/es\/wp-json\/wp\/v2\/pages"}],"about":[{"href":"https:\/\/mothertobaby.org\/es\/wp-json\/wp\/v2\/types\/page"}],"author":[{"embeddable":true,"href":"https:\/\/mothertobaby.org\/es\/wp-json\/wp\/v2\/users\/208"}],"replies":[{"embeddable":true,"href":"https:\/\/mothertobaby.org\/es\/wp-json\/wp\/v2\/comments?post=9915"}],"version-history":[{"count":0,"href":"https:\/\/mothertobaby.org\/es\/wp-json\/wp\/v2\/pages\/9915\/revisions"}],"up":[{"embeddable":true,"href":"https:\/\/mothertobaby.org\/es\/wp-json\/wp\/v2\/pages\/7731"}],"wp:featuredmedia":[{"embeddable":true,"href":"https:\/\/mothertobaby.org\/es\/wp-json\/wp\/v2\/media\/8873"}],"wp:attachment":[{"href":"https:\/\/mothertobaby.org\/es\/wp-json\/wp\/v2\/media?parent=9915"}],"wp:term":[{"taxonomy":"medical-specialty","embeddable":true,"href":"https:\/\/mothertobaby.org\/es\/wp-json\/wp\/v2\/medical-specialty?post=9915"},{"taxonomy":"related-content","embeddable":true,"href":"https:\/\/mothertobaby.org\/es\/wp-json\/wp\/v2\/related-content?post=9915"}],"curies":[{"name":"wp","href":"https:\/\/api.w.org\/{rel}","templated":true}]}}