{"id":11687,"date":"2024-09-25T09:59:16","date_gmt":"2024-09-25T16:59:16","guid":{"rendered":"https:\/\/mothertobaby.org\/?post_type=product&#038;p=11687"},"modified":"2026-03-17T14:44:06","modified_gmt":"2026-03-17T21:44:06","slug":"tarjeta-exposicion-al-plomo","status":"publish","type":"product","link":"https:\/\/mothertobaby.org\/es\/product\/tarjeta-exposicion-al-plomo\/","title":{"rendered":"Infograf\u00eda de exposici\u00f3n al plomo"},"content":{"rendered":"<p>El plomo es un metal t\u00f3xico que se encuentra en suelos contaminados y en productos cotidianos como pinturas a base de plomo, tuber\u00edas de agua antiguas y ciertos cosm\u00e9ticos, esmaltes cer\u00e1micos y bater\u00edas. Las personas con trabajos o aficiones \u2014 como la polic\u00eda, la construcci\u00f3n, la reparaci\u00f3n de autom\u00f3viles, la cer\u00e1mica, la fabricaci\u00f3n de joyas o las vidrieras \u2014 pueden estar expuestas a niveles m\u00e1s altos de plomo. Niveles altos de plomo durante el embarazo y la lactancia pueden afectar el desarrollo cerebral temprano y continuo en el feto o el ni\u00f1o. Esta infograf\u00eda ofrece datos tanto para familias como para profesionales que cubren los riesgos de exposici\u00f3n al plomo, c\u00f3mo puede producirse la exposici\u00f3n y cu\u00e1ndo es necesario realizar pruebas para comprobar los niveles de plomo en sangre. Comprender los efectos de la exposici\u00f3n al plomo durante el embarazo y durante la lactancia es esencial para proteger la salud tanto de la madre como del ni\u00f1o. <\/p>\n<p>Si tiene m\u00e1s preguntas sobre la exposici\u00f3n al plomo a trav\u00e9s del medio ambiente, lugar de trabajo o aficiones durante el embarazo o la lactancia, por favor hable con su profesional de atenci\u00f3n m\u00e9dica o contacte con MotherToBaby para una evaluaci\u00f3n personalizada de riesgos.<\/p>\n<div class=\"wp-block-button\"><a class=\"wp-block-button__link wp-element-button\" href=\"\/wp-content\/uploads\/woocommerce_uploads\/2024\/09\/24_MBN_004_FactSheet_LEAD_English-052424wHRSA-jeaosn.pdf\" target=\"_blank\" rel=\"noreferrer noopener\">Descargar versi\u00f3n en ingl\u00e9s<\/a><\/div>\n<div class=\"wp-block-button\"><a class=\"wp-block-button__link wp-element-button\" href=\"\/wp-content\/uploads\/woocommerce_uploads\/2024\/09\/24_MBN_004_FactSheet_LEAD_SPANISH_052424-HRSA-0pvsgy.pdf\" target=\"_blank\" rel=\"noreferrer noopener\">Descargar versi\u00f3n en espa\u00f1ol<\/a><\/div>\n","protected":false},"excerpt":{"rendered":"<p>Consulte y comparta esta infograf\u00eda informativa de doble cara sobre la exposici\u00f3n al plomo en el embarazo y la lactancia, que incluye tanto \u00abDatos para Familias\u00bb como \u00abDatos para Profesionales\u00bb.<\/p>\n<div class=\"wp-block-button\"><a class=\"wp-block-button__link wp-element-button\" href=\"\/wp-content\/uploads\/woocommerce_uploads\/2024\/09\/24_MBN_004_FactSheet_LEAD_English-052424wHRSA-jeaosn.pdf\" target=\"_blank\" rel=\"noreferrer noopener\">Descargar versi\u00f3n en ingl\u00e9s<\/a><\/div>\n<div class=\"wp-block-button\"><a class=\"wp-block-button__link wp-element-button\" href=\"\/wp-content\/uploads\/woocommerce_uploads\/2024\/09\/24_MBN_004_FactSheet_LEAD_SPANISH_052424-HRSA-0pvsgy.pdf\" target=\"_blank\" rel=\"noreferrer noopener\">Descargar versi\u00f3n en espa\u00f1ol<\/a><\/div>\n","protected":false},"featured_media":11642,"comment_status":"closed","ping_status":"closed","template":"","meta":{"_searchwp_excluded":"","_genesis_hide_title":false,"_genesis_hide_breadcrumbs":false,"_genesis_hide_singular_image":false,"_genesis_hide_footer_widgets":false,"_genesis_custom_body_class":"","_genesis_custom_post_class":"","_genesis_layout":""},"product_brand":[],"product_cat":[1689],"product_tag":[],"class_list":{"0":"post-11687","1":"product","2":"type-product","3":"status-publish","4":"has-post-thumbnail","6":"product_cat-educational-materials-es","7":"entry","9":"first","10":"instock","11":"shipping-taxable","12":"product-type-simple"},"group_of_quantity":0,"min_quantity":0,"max_quantity":"","exclude_order_quantity_value_rules":"no","exclude_category_quantity_rules":"no","combine_variations":"no","yoast_head":"<!-- This site is optimized with the Yoast SEO Premium plugin v20.13 (Yoast SEO v20.13) - https:\/\/yoast.com\/wordpress\/plugins\/seo\/ -->\n<title>Infograf\u00eda de exposici\u00f3n al plomo - MotherToBaby<\/title>\n<meta name=\"robots\" content=\"index, follow, max-snippet:-1, max-image-preview:large, max-video-preview:-1\" \/>\n<link rel=\"canonical\" href=\"https:\/\/mothertobaby.org\/es\/product\/tarjeta-exposicion-al-plomo\/\" \/>\n<meta property=\"og:locale\" content=\"es_ES\" \/>\n<meta property=\"og:type\" content=\"article\" \/>\n<meta property=\"og:title\" content=\"Infograf\u00eda de exposici\u00f3n al plomo\" \/>\n<meta property=\"og:description\" content=\"Consulte y comparta esta infograf\u00eda informativa de doble cara sobre la exposici\u00f3n al plomo en el embarazo y la lactancia, que incluye tanto &quot;Datos para Familias&quot; como &quot;Datos para Profesionales&quot;. Descargar versi\u00f3n en ingl\u00e9s Descargar versi\u00f3n en espa\u00f1ol\" \/>\n<meta property=\"og:url\" content=\"https:\/\/mothertobaby.org\/es\/product\/tarjeta-exposicion-al-plomo\/\" \/>\n<meta property=\"og:site_name\" content=\"MotherToBaby\" \/>\n<meta property=\"article:modified_time\" content=\"2026-03-17T21:44:06+00:00\" \/>\n<meta property=\"og:image\" content=\"https:\/\/mothertobaby.org\/wp-content\/uploads\/2024\/09\/lead-families.jpg\" \/>\n\t<meta property=\"og:image:width\" content=\"720\" \/>\n\t<meta property=\"og:image:height\" content=\"720\" \/>\n\t<meta property=\"og:image:type\" content=\"image\/jpeg\" \/>\n<meta name=\"twitter:card\" content=\"summary_large_image\" \/>\n<script type=\"application\/ld+json\" class=\"yoast-schema-graph\">{\"@context\":\"https:\/\/schema.org\",\"@graph\":[{\"@type\":\"WebPage\",\"@id\":\"https:\/\/mothertobaby.org\/es\/product\/tarjeta-exposicion-al-plomo\/\",\"url\":\"https:\/\/mothertobaby.org\/es\/product\/tarjeta-exposicion-al-plomo\/\",\"name\":\"Infograf\u00eda de exposici\u00f3n al plomo - MotherToBaby\",\"isPartOf\":{\"@id\":\"https:\/\/mothertobaby.org\/es\/#website\"},\"datePublished\":\"2024-09-25T16:59:16+00:00\",\"dateModified\":\"2026-03-17T21:44:06+00:00\",\"breadcrumb\":{\"@id\":\"https:\/\/mothertobaby.org\/es\/product\/tarjeta-exposicion-al-plomo\/#breadcrumb\"},\"inLanguage\":\"es\",\"potentialAction\":[{\"@type\":\"ReadAction\",\"target\":[\"https:\/\/mothertobaby.org\/es\/product\/tarjeta-exposicion-al-plomo\/\"]}]},{\"@type\":\"BreadcrumbList\",\"@id\":\"https:\/\/mothertobaby.org\/es\/product\/tarjeta-exposicion-al-plomo\/#breadcrumb\",\"itemListElement\":[{\"@type\":\"ListItem\",\"position\":1,\"name\":\"Home\",\"item\":\"https:\/\/mothertobaby.org\/es\/\"},{\"@type\":\"ListItem\",\"position\":2,\"name\":\"Productos\",\"item\":\"https:\/\/mothertobaby.org\/es\/shop\/\"},{\"@type\":\"ListItem\",\"position\":3,\"name\":\"Infograf\u00eda de exposici\u00f3n al plomo\"}]},{\"@type\":\"WebSite\",\"@id\":\"https:\/\/mothertobaby.org\/es\/#website\",\"url\":\"https:\/\/mothertobaby.org\/es\/\",\"name\":\"MotherToBaby\",\"description\":\"Medications and More during pregnancy and breastfeeding\",\"publisher\":{\"@id\":\"https:\/\/mothertobaby.org\/es\/#organization\"},\"potentialAction\":[{\"@type\":\"SearchAction\",\"target\":{\"@type\":\"EntryPoint\",\"urlTemplate\":\"https:\/\/mothertobaby.org\/es\/?s={search_term_string}\"},\"query-input\":\"required name=search_term_string\"}],\"inLanguage\":\"es\"},{\"@type\":\"Organization\",\"@id\":\"https:\/\/mothertobaby.org\/es\/#organization\",\"name\":\"MotherToBaby\",\"url\":\"https:\/\/mothertobaby.org\/es\/\",\"logo\":{\"@type\":\"ImageObject\",\"inLanguage\":\"es\",\"@id\":\"https:\/\/mothertobaby.org\/es\/#\/schema\/logo\/image\/\",\"url\":\"https:\/\/mothertobaby.org\/wp-content\/uploads\/2023\/06\/MTB-horz-copyright-sm-1.png\",\"contentUrl\":\"https:\/\/mothertobaby.org\/wp-content\/uploads\/2023\/06\/MTB-horz-copyright-sm-1.png\",\"width\":284,\"height\":52,\"caption\":\"MotherToBaby\"},\"image\":{\"@id\":\"https:\/\/mothertobaby.org\/es\/#\/schema\/logo\/image\/\"}}]}<\/script>\n<!-- \/ Yoast SEO Premium plugin. -->","yoast_head_json":{"title":"Infograf\u00eda de exposici\u00f3n al plomo - MotherToBaby","robots":{"index":"index","follow":"follow","max-snippet":"max-snippet:-1","max-image-preview":"max-image-preview:large","max-video-preview":"max-video-preview:-1"},"canonical":"https:\/\/mothertobaby.org\/es\/product\/tarjeta-exposicion-al-plomo\/","og_locale":"es_ES","og_type":"article","og_title":"Infograf\u00eda de exposici\u00f3n al plomo","og_description":"Consulte y comparta esta infograf\u00eda informativa de doble cara sobre la exposici\u00f3n al plomo en el embarazo y la lactancia, que incluye tanto \"Datos para Familias\" como \"Datos para Profesionales\". Descargar versi\u00f3n en ingl\u00e9s Descargar versi\u00f3n en espa\u00f1ol","og_url":"https:\/\/mothertobaby.org\/es\/product\/tarjeta-exposicion-al-plomo\/","og_site_name":"MotherToBaby","article_modified_time":"2026-03-17T21:44:06+00:00","og_image":[{"width":720,"height":720,"url":"https:\/\/mothertobaby.org\/wp-content\/uploads\/2024\/09\/lead-families.jpg","type":"image\/jpeg"}],"twitter_card":"summary_large_image","schema":{"@context":"https:\/\/schema.org","@graph":[{"@type":"WebPage","@id":"https:\/\/mothertobaby.org\/es\/product\/tarjeta-exposicion-al-plomo\/","url":"https:\/\/mothertobaby.org\/es\/product\/tarjeta-exposicion-al-plomo\/","name":"Infograf\u00eda de exposici\u00f3n al plomo - MotherToBaby","isPartOf":{"@id":"https:\/\/mothertobaby.org\/es\/#website"},"datePublished":"2024-09-25T16:59:16+00:00","dateModified":"2026-03-17T21:44:06+00:00","breadcrumb":{"@id":"https:\/\/mothertobaby.org\/es\/product\/tarjeta-exposicion-al-plomo\/#breadcrumb"},"inLanguage":"es","potentialAction":[{"@type":"ReadAction","target":["https:\/\/mothertobaby.org\/es\/product\/tarjeta-exposicion-al-plomo\/"]}]},{"@type":"BreadcrumbList","@id":"https:\/\/mothertobaby.org\/es\/product\/tarjeta-exposicion-al-plomo\/#breadcrumb","itemListElement":[{"@type":"ListItem","position":1,"name":"Home","item":"https:\/\/mothertobaby.org\/es\/"},{"@type":"ListItem","position":2,"name":"Productos","item":"https:\/\/mothertobaby.org\/es\/shop\/"},{"@type":"ListItem","position":3,"name":"Infograf\u00eda de exposici\u00f3n al plomo"}]},{"@type":"WebSite","@id":"https:\/\/mothertobaby.org\/es\/#website","url":"https:\/\/mothertobaby.org\/es\/","name":"MotherToBaby","description":"Medications and More during pregnancy and breastfeeding","publisher":{"@id":"https:\/\/mothertobaby.org\/es\/#organization"},"potentialAction":[{"@type":"SearchAction","target":{"@type":"EntryPoint","urlTemplate":"https:\/\/mothertobaby.org\/es\/?s={search_term_string}"},"query-input":"required name=search_term_string"}],"inLanguage":"es"},{"@type":"Organization","@id":"https:\/\/mothertobaby.org\/es\/#organization","name":"MotherToBaby","url":"https:\/\/mothertobaby.org\/es\/","logo":{"@type":"ImageObject","inLanguage":"es","@id":"https:\/\/mothertobaby.org\/es\/#\/schema\/logo\/image\/","url":"https:\/\/mothertobaby.org\/wp-content\/uploads\/2023\/06\/MTB-horz-copyright-sm-1.png","contentUrl":"https:\/\/mothertobaby.org\/wp-content\/uploads\/2023\/06\/MTB-horz-copyright-sm-1.png","width":284,"height":52,"caption":"MotherToBaby"},"image":{"@id":"https:\/\/mothertobaby.org\/es\/#\/schema\/logo\/image\/"}}]}},"_links":{"self":[{"href":"https:\/\/mothertobaby.org\/es\/wp-json\/wp\/v2\/product\/11687","targetHints":{"allow":["GET"]}}],"collection":[{"href":"https:\/\/mothertobaby.org\/es\/wp-json\/wp\/v2\/product"}],"about":[{"href":"https:\/\/mothertobaby.org\/es\/wp-json\/wp\/v2\/types\/product"}],"replies":[{"embeddable":true,"href":"https:\/\/mothertobaby.org\/es\/wp-json\/wp\/v2\/comments?post=11687"}],"wp:featuredmedia":[{"embeddable":true,"href":"https:\/\/mothertobaby.org\/es\/wp-json\/wp\/v2\/media\/11642"}],"wp:attachment":[{"href":"https:\/\/mothertobaby.org\/es\/wp-json\/wp\/v2\/media?parent=11687"}],"wp:term":[{"taxonomy":"product_brand","embeddable":true,"href":"https:\/\/mothertobaby.org\/es\/wp-json\/wp\/v2\/product_brand?post=11687"},{"taxonomy":"product_cat","embeddable":true,"href":"https:\/\/mothertobaby.org\/es\/wp-json\/wp\/v2\/product_cat?post=11687"},{"taxonomy":"product_tag","embeddable":true,"href":"https:\/\/mothertobaby.org\/es\/wp-json\/wp\/v2\/product_tag?post=11687"}],"curies":[{"name":"wp","href":"https:\/\/api.w.org\/{rel}","templated":true}]}}