{"id":16976,"date":"2026-03-16T15:28:56","date_gmt":"2026-03-16T22:28:56","guid":{"rendered":"https:\/\/mothertobaby.org\/product\/arbol-de-decision-de-sarampion\/"},"modified":"2026-03-16T15:43:47","modified_gmt":"2026-03-16T22:43:47","slug":"arbol-de-decision-de-sarampion","status":"publish","type":"product","link":"https:\/\/mothertobaby.org\/es\/product\/arbol-de-decision-de-sarampion\/","title":{"rendered":"\u00c1rbol de decisi\u00f3n de sarampi\u00f3n"},"content":{"rendered":"<p>Tener sarampi\u00f3n durante el embarazo puede aumentar la probabilidad de problemas graves para la madre y el beb\u00e9, pero \u00bfpueden las mujeres embarazadas recibir la vacuna contra el sarampi\u00f3n? El \u00c1rbol de decisi\u00f3n de protecci\u00f3n contra el sarampi\u00f3n es un recurso f\u00e1cil de usar dise\u00f1ado para ayudar a las personas a determinar si est\u00e1n protegidas contra el sarampi\u00f3n y a entender qu\u00e9 pasos seguir si necesitan vacunarse contra el sarampi\u00f3n, paperas y rub\u00e9ola. El \u00e1rbol de decisiones ofrece orientaci\u00f3n espec\u00edfica para mujeres que est\u00e1n planificando un embarazo, embarazo, posparto o lactancia materna. Gu\u00eda a los usuarios para revisar sus registros de vacunaci\u00f3n, revisar el n\u00famero de dosis de la vacuna MMR y entender cu\u00e1ndo vacunarse si es necesario. Este recurso es proporcionado por MotherToBaby en colaboraci\u00f3n con la Sociedad de Medicina Materno-Fetal.<\/p>\n<p>Si tiene m\u00e1s preguntas sobre el sarampi\u00f3n o la vacuna MMR, contacte con un especialista en MotherToBaby.<\/p>\n<div class=\"wp-block-button\"><a class=\"wp-block-button__link wp-element-button\" href=\"\/wp-content\/uploads\/2025\/08\/1525_Measles_FactSheet_Digital.pdf\"> DESCARGAR VERSI\u00d3N EN INGL\u00c9S<\/a><\/div>\n<div class=\"wp-block-button\"><a class=\"wp-block-button__link wp-element-button\" href=\"\/wp-content\/uploads\/2025\/08\/1525_Measles_FactSheet_Spanish_Digital.pdf\"> DESCARGAR VERSI\u00d3N EN ESPA\u00d1OL<\/a><\/div>\n","protected":false},"excerpt":{"rendered":"<p>Vea el \u00c1rbol de decisiones de protecci\u00f3n contra el sarampi\u00f3n de MotherToBaby y la Sociedad de Medicina Materno-Fetal para conocer su protecci\u00f3n contra el sarampi\u00f3n y cu\u00e1ndo vacunarse si es necesario.<\/p>\n<div class=\"wp-block-button\"><a class=\"wp-block-button__link wp-element-button\" href=\"\/wp-content\/uploads\/2025\/08\/1525_Measles_FactSheet_Digital.pdf\"> DESCARGAR VERSI\u00d3N EN INGL\u00c9S<\/a><\/div>\n<div class=\"wp-block-button\"><a class=\"wp-block-button__link wp-element-button\" href=\"\/wp-content\/uploads\/2025\/08\/1525_Measles_FactSheet_Spanish_Digital.pdf\"> DESCARGAR VERSI\u00d3N EN ESPA\u00d1OL<\/a><\/div>\n","protected":false},"featured_media":16964,"comment_status":"closed","ping_status":"closed","template":"","meta":{"_searchwp_excluded":"","_genesis_hide_title":false,"_genesis_hide_breadcrumbs":false,"_genesis_hide_singular_image":false,"_genesis_hide_footer_widgets":false,"_genesis_custom_body_class":"","_genesis_custom_post_class":"","_genesis_layout":""},"product_brand":[],"product_cat":[1689],"product_tag":[],"class_list":{"0":"post-16976","1":"product","2":"type-product","3":"status-publish","4":"has-post-thumbnail","6":"product_cat-educational-materials-es","7":"entry","9":"first","10":"instock","11":"shipping-taxable","12":"purchasable","13":"product-type-simple"},"group_of_quantity":0,"min_quantity":0,"max_quantity":"","exclude_order_quantity_value_rules":"no","exclude_category_quantity_rules":"no","combine_variations":"no","yoast_head":"<!-- This site is optimized with the Yoast SEO Premium plugin v20.13 (Yoast SEO v20.13) - https:\/\/yoast.com\/wordpress\/plugins\/seo\/ -->\n<title>\u00c1rbol de decisi\u00f3n de sarampi\u00f3n - MotherToBaby<\/title>\n<meta name=\"robots\" content=\"index, follow, max-snippet:-1, max-image-preview:large, max-video-preview:-1\" \/>\n<link rel=\"canonical\" href=\"https:\/\/mothertobaby.org\/es\/product\/arbol-de-decision-de-sarampion\/\" \/>\n<meta property=\"og:locale\" content=\"es_ES\" \/>\n<meta property=\"og:type\" content=\"article\" \/>\n<meta property=\"og:title\" content=\"\u00c1rbol de decisi\u00f3n de sarampi\u00f3n\" \/>\n<meta property=\"og:description\" content=\"Vea el \u00c1rbol de decisiones de protecci\u00f3n contra el sarampi\u00f3n de MotherToBaby y la Sociedad de Medicina Materno-Fetal para conocer su protecci\u00f3n contra el sarampi\u00f3n y cu\u00e1ndo vacunarse si es necesario.  DESCARGAR VERSI\u00d3N EN INGL\u00c9S  DESCARGAR VERSI\u00d3N EN ESPA\u00d1OL\" \/>\n<meta property=\"og:url\" content=\"https:\/\/mothertobaby.org\/es\/product\/arbol-de-decision-de-sarampion\/\" \/>\n<meta property=\"og:site_name\" content=\"MotherToBaby\" \/>\n<meta property=\"article:modified_time\" content=\"2026-03-16T22:43:47+00:00\" \/>\n<meta property=\"og:image\" content=\"https:\/\/mothertobaby.org\/wp-content\/uploads\/2026\/03\/measles-decision-product-eng.jpg\" \/>\n\t<meta property=\"og:image:width\" content=\"720\" \/>\n\t<meta property=\"og:image:height\" content=\"720\" \/>\n\t<meta property=\"og:image:type\" content=\"image\/jpeg\" \/>\n<meta name=\"twitter:card\" content=\"summary_large_image\" \/>\n<meta name=\"twitter:label1\" content=\"Tiempo de lectura\" \/>\n\t<meta name=\"twitter:data1\" content=\"1 minuto\" \/>\n<script type=\"application\/ld+json\" class=\"yoast-schema-graph\">{\"@context\":\"https:\/\/schema.org\",\"@graph\":[{\"@type\":\"WebPage\",\"@id\":\"https:\/\/mothertobaby.org\/es\/product\/arbol-de-decision-de-sarampion\/\",\"url\":\"https:\/\/mothertobaby.org\/es\/product\/arbol-de-decision-de-sarampion\/\",\"name\":\"\u00c1rbol de decisi\u00f3n de sarampi\u00f3n - MotherToBaby\",\"isPartOf\":{\"@id\":\"https:\/\/mothertobaby.org\/es\/#website\"},\"datePublished\":\"2026-03-16T22:28:56+00:00\",\"dateModified\":\"2026-03-16T22:43:47+00:00\",\"breadcrumb\":{\"@id\":\"https:\/\/mothertobaby.org\/es\/product\/arbol-de-decision-de-sarampion\/#breadcrumb\"},\"inLanguage\":\"es\",\"potentialAction\":[{\"@type\":\"ReadAction\",\"target\":[\"https:\/\/mothertobaby.org\/es\/product\/arbol-de-decision-de-sarampion\/\"]}]},{\"@type\":\"BreadcrumbList\",\"@id\":\"https:\/\/mothertobaby.org\/es\/product\/arbol-de-decision-de-sarampion\/#breadcrumb\",\"itemListElement\":[{\"@type\":\"ListItem\",\"position\":1,\"name\":\"Home\",\"item\":\"https:\/\/mothertobaby.org\/es\/\"},{\"@type\":\"ListItem\",\"position\":2,\"name\":\"Productos\",\"item\":\"https:\/\/mothertobaby.org\/es\/shop\/\"},{\"@type\":\"ListItem\",\"position\":3,\"name\":\"\u00c1rbol de decisi\u00f3n de sarampi\u00f3n\"}]},{\"@type\":\"WebSite\",\"@id\":\"https:\/\/mothertobaby.org\/es\/#website\",\"url\":\"https:\/\/mothertobaby.org\/es\/\",\"name\":\"MotherToBaby\",\"description\":\"Medications and More during pregnancy and breastfeeding\",\"publisher\":{\"@id\":\"https:\/\/mothertobaby.org\/es\/#organization\"},\"potentialAction\":[{\"@type\":\"SearchAction\",\"target\":{\"@type\":\"EntryPoint\",\"urlTemplate\":\"https:\/\/mothertobaby.org\/es\/?s={search_term_string}\"},\"query-input\":\"required name=search_term_string\"}],\"inLanguage\":\"es\"},{\"@type\":\"Organization\",\"@id\":\"https:\/\/mothertobaby.org\/es\/#organization\",\"name\":\"MotherToBaby\",\"url\":\"https:\/\/mothertobaby.org\/es\/\",\"logo\":{\"@type\":\"ImageObject\",\"inLanguage\":\"es\",\"@id\":\"https:\/\/mothertobaby.org\/es\/#\/schema\/logo\/image\/\",\"url\":\"https:\/\/mothertobaby.org\/wp-content\/uploads\/2023\/06\/MTB-horz-copyright-sm-1.png\",\"contentUrl\":\"https:\/\/mothertobaby.org\/wp-content\/uploads\/2023\/06\/MTB-horz-copyright-sm-1.png\",\"width\":284,\"height\":52,\"caption\":\"MotherToBaby\"},\"image\":{\"@id\":\"https:\/\/mothertobaby.org\/es\/#\/schema\/logo\/image\/\"}}]}<\/script>\n<!-- \/ Yoast SEO Premium plugin. -->","yoast_head_json":{"title":"\u00c1rbol de decisi\u00f3n de sarampi\u00f3n - MotherToBaby","robots":{"index":"index","follow":"follow","max-snippet":"max-snippet:-1","max-image-preview":"max-image-preview:large","max-video-preview":"max-video-preview:-1"},"canonical":"https:\/\/mothertobaby.org\/es\/product\/arbol-de-decision-de-sarampion\/","og_locale":"es_ES","og_type":"article","og_title":"\u00c1rbol de decisi\u00f3n de sarampi\u00f3n","og_description":"Vea el \u00c1rbol de decisiones de protecci\u00f3n contra el sarampi\u00f3n de MotherToBaby y la Sociedad de Medicina Materno-Fetal para conocer su protecci\u00f3n contra el sarampi\u00f3n y cu\u00e1ndo vacunarse si es necesario.  DESCARGAR VERSI\u00d3N EN INGL\u00c9S  DESCARGAR VERSI\u00d3N EN ESPA\u00d1OL","og_url":"https:\/\/mothertobaby.org\/es\/product\/arbol-de-decision-de-sarampion\/","og_site_name":"MotherToBaby","article_modified_time":"2026-03-16T22:43:47+00:00","og_image":[{"width":720,"height":720,"url":"https:\/\/mothertobaby.org\/wp-content\/uploads\/2026\/03\/measles-decision-product-eng.jpg","type":"image\/jpeg"}],"twitter_card":"summary_large_image","twitter_misc":{"Tiempo de lectura":"1 minuto"},"schema":{"@context":"https:\/\/schema.org","@graph":[{"@type":"WebPage","@id":"https:\/\/mothertobaby.org\/es\/product\/arbol-de-decision-de-sarampion\/","url":"https:\/\/mothertobaby.org\/es\/product\/arbol-de-decision-de-sarampion\/","name":"\u00c1rbol de decisi\u00f3n de sarampi\u00f3n - MotherToBaby","isPartOf":{"@id":"https:\/\/mothertobaby.org\/es\/#website"},"datePublished":"2026-03-16T22:28:56+00:00","dateModified":"2026-03-16T22:43:47+00:00","breadcrumb":{"@id":"https:\/\/mothertobaby.org\/es\/product\/arbol-de-decision-de-sarampion\/#breadcrumb"},"inLanguage":"es","potentialAction":[{"@type":"ReadAction","target":["https:\/\/mothertobaby.org\/es\/product\/arbol-de-decision-de-sarampion\/"]}]},{"@type":"BreadcrumbList","@id":"https:\/\/mothertobaby.org\/es\/product\/arbol-de-decision-de-sarampion\/#breadcrumb","itemListElement":[{"@type":"ListItem","position":1,"name":"Home","item":"https:\/\/mothertobaby.org\/es\/"},{"@type":"ListItem","position":2,"name":"Productos","item":"https:\/\/mothertobaby.org\/es\/shop\/"},{"@type":"ListItem","position":3,"name":"\u00c1rbol de decisi\u00f3n de sarampi\u00f3n"}]},{"@type":"WebSite","@id":"https:\/\/mothertobaby.org\/es\/#website","url":"https:\/\/mothertobaby.org\/es\/","name":"MotherToBaby","description":"Medications and More during pregnancy and breastfeeding","publisher":{"@id":"https:\/\/mothertobaby.org\/es\/#organization"},"potentialAction":[{"@type":"SearchAction","target":{"@type":"EntryPoint","urlTemplate":"https:\/\/mothertobaby.org\/es\/?s={search_term_string}"},"query-input":"required name=search_term_string"}],"inLanguage":"es"},{"@type":"Organization","@id":"https:\/\/mothertobaby.org\/es\/#organization","name":"MotherToBaby","url":"https:\/\/mothertobaby.org\/es\/","logo":{"@type":"ImageObject","inLanguage":"es","@id":"https:\/\/mothertobaby.org\/es\/#\/schema\/logo\/image\/","url":"https:\/\/mothertobaby.org\/wp-content\/uploads\/2023\/06\/MTB-horz-copyright-sm-1.png","contentUrl":"https:\/\/mothertobaby.org\/wp-content\/uploads\/2023\/06\/MTB-horz-copyright-sm-1.png","width":284,"height":52,"caption":"MotherToBaby"},"image":{"@id":"https:\/\/mothertobaby.org\/es\/#\/schema\/logo\/image\/"}}]}},"_links":{"self":[{"href":"https:\/\/mothertobaby.org\/es\/wp-json\/wp\/v2\/product\/16976","targetHints":{"allow":["GET"]}}],"collection":[{"href":"https:\/\/mothertobaby.org\/es\/wp-json\/wp\/v2\/product"}],"about":[{"href":"https:\/\/mothertobaby.org\/es\/wp-json\/wp\/v2\/types\/product"}],"replies":[{"embeddable":true,"href":"https:\/\/mothertobaby.org\/es\/wp-json\/wp\/v2\/comments?post=16976"}],"wp:featuredmedia":[{"embeddable":true,"href":"https:\/\/mothertobaby.org\/es\/wp-json\/wp\/v2\/media\/16964"}],"wp:attachment":[{"href":"https:\/\/mothertobaby.org\/es\/wp-json\/wp\/v2\/media?parent=16976"}],"wp:term":[{"taxonomy":"product_brand","embeddable":true,"href":"https:\/\/mothertobaby.org\/es\/wp-json\/wp\/v2\/product_brand?post=16976"},{"taxonomy":"product_cat","embeddable":true,"href":"https:\/\/mothertobaby.org\/es\/wp-json\/wp\/v2\/product_cat?post=16976"},{"taxonomy":"product_tag","embeddable":true,"href":"https:\/\/mothertobaby.org\/es\/wp-json\/wp\/v2\/product_tag?post=16976"}],"curies":[{"name":"wp","href":"https:\/\/api.w.org\/{rel}","templated":true}]}}