{"id":17065,"date":"2026-03-16T15:53:59","date_gmt":"2026-03-16T22:53:59","guid":{"rendered":"https:\/\/mothertobaby.org\/product\/grafico-radiacion-en-el-embarazo\/"},"modified":"2026-03-17T10:44:51","modified_gmt":"2026-03-17T17:44:51","slug":"grafico-radiacion-en-el-embarazo","status":"publish","type":"product","link":"https:\/\/mothertobaby.org\/es\/product\/grafico-radiacion-en-el-embarazo\/","title":{"rendered":"Gr\u00e1fico: Radiaci\u00f3n en el embarazo"},"content":{"rendered":"<p>Desarrollada en colaboraci\u00f3n con la Health Physics Society, esta infograf\u00eda sobre la radiaci\u00f3n en el embarazo ofrece una visi\u00f3n general de las fuentes comunes de radiaci\u00f3n y si pueden ser motivo de preocupaci\u00f3n durante el embarazo. Ilustra los tipos de radiaci\u00f3n que pueden experimentar las mujeres embarazadas, desde fuentes naturales como alimentos y agua hasta objetos dom\u00e9sticos cotidianos como microondas y Wi-Fi, as\u00ed como ex\u00e1menes de imagen m\u00e9dica como radiograf\u00edas y TAC. La infograf\u00eda tambi\u00e9n aborda los niveles m\u00e1s altos de exposici\u00f3n que pueden producirse en ciertos lugares de trabajo, durante algunos tratamientos m\u00e9dicos o debido a accidentes.<\/p>\n<p>Este recurso est\u00e1 dise\u00f1ado para ayudar a las mujeres embarazadas a reconocer posibles fuentes de radiaci\u00f3n en la vida diaria, distinguir entre exposiciones preocupantes y no preocupantes, y fomentar la conversaci\u00f3n con los profesionales de salud sobre riesgos y precauciones. Al proporcionar informaci\u00f3n clara, esta gu\u00eda ayuda a reducir la preocupaci\u00f3n o la confusi\u00f3n innecesaria sobre la radiaci\u00f3n durante el embarazo.<\/p>\n<p>Si tiene m\u00e1s preguntas sobre la exposici\u00f3n a la radiaci\u00f3n durante el embarazo, por favor contacte con MotherToBaby para una evaluaci\u00f3n personalizada de riesgos.<\/p>\n<div class=\"wp-block-button\"><a class=\"wp-block-button__link wp-element-button\" href=\"\/wp-content\/uploads\/2024\/09\/FINAL_PNGradiation-one-pager.png\" target=\"_blank\" rel=\"noreferrer noopener\">Descargar versi\u00f3n en ingl\u00e9s<\/a><\/div>\n<div class=\"wp-block-button\"><a class=\"wp-block-button__link wp-element-button\" href=\"\/wp-content\/uploads\/2024\/09\/Spanish_radiation-one-pager.png\" target=\"_blank\" rel=\"noreferrer noopener\">Descargar versi\u00f3n en espa\u00f1ol<\/a><\/div>\n","protected":false},"excerpt":{"rendered":"<p>Esta infograf\u00eda sobre radiaci\u00f3n, desarrollada en colaboraci\u00f3n con la Health Physics Society, ilustra fuentes comunes de radiaci\u00f3n e indica si pueden ser motivo de preocupaci\u00f3n en el embarazo.<\/p>\n<div class=\"wp-block-button\"><a class=\"wp-block-button__link wp-element-button\" href=\"\/wp-content\/uploads\/2024\/09\/FINAL_PNGradiation-one-pager.png\" target=\"_blank\" rel=\"noreferrer noopener\">Descargar versi\u00f3n en ingl\u00e9s<\/a><\/div>\n<div class=\"wp-block-button\"><a class=\"wp-block-button__link wp-element-button\" href=\"\/wp-content\/uploads\/2024\/09\/Spanish_radiation-one-pager.png\" target=\"_blank\" rel=\"noreferrer noopener\">Descargar versi\u00f3n en espa\u00f1ol<\/a><\/div>\n","protected":false},"featured_media":16983,"comment_status":"closed","ping_status":"closed","template":"","meta":{"_searchwp_excluded":"","_genesis_hide_title":false,"_genesis_hide_breadcrumbs":false,"_genesis_hide_singular_image":false,"_genesis_hide_footer_widgets":false,"_genesis_custom_body_class":"","_genesis_custom_post_class":"","_genesis_layout":""},"product_brand":[],"product_cat":[1689],"product_tag":[],"class_list":{"0":"post-17065","1":"product","2":"type-product","3":"status-publish","4":"has-post-thumbnail","6":"product_cat-educational-materials-es","7":"entry","9":"first","10":"instock","11":"shipping-taxable","12":"purchasable","13":"product-type-simple"},"group_of_quantity":0,"min_quantity":0,"max_quantity":"","exclude_order_quantity_value_rules":"no","exclude_category_quantity_rules":"no","combine_variations":"no","yoast_head":"<!-- This site is optimized with the Yoast SEO Premium plugin v20.13 (Yoast SEO v20.13) - https:\/\/yoast.com\/wordpress\/plugins\/seo\/ -->\n<title>Gr\u00e1fico: Radiaci\u00f3n en el embarazo - MotherToBaby<\/title>\n<meta name=\"robots\" content=\"index, follow, max-snippet:-1, max-image-preview:large, max-video-preview:-1\" \/>\n<link rel=\"canonical\" href=\"https:\/\/mothertobaby.org\/es\/product\/grafico-radiacion-en-el-embarazo\/\" \/>\n<meta property=\"og:locale\" content=\"es_ES\" \/>\n<meta property=\"og:type\" content=\"article\" \/>\n<meta property=\"og:title\" content=\"Gr\u00e1fico: Radiaci\u00f3n en el embarazo\" \/>\n<meta property=\"og:description\" content=\"Esta infograf\u00eda sobre radiaci\u00f3n, desarrollada en colaboraci\u00f3n con la Health Physics Society, ilustra fuentes comunes de radiaci\u00f3n e indica si pueden ser motivo de preocupaci\u00f3n en el embarazo. Descargar versi\u00f3n en ingl\u00e9s Descargar versi\u00f3n en espa\u00f1ol\" \/>\n<meta property=\"og:url\" content=\"https:\/\/mothertobaby.org\/es\/product\/grafico-radiacion-en-el-embarazo\/\" \/>\n<meta property=\"og:site_name\" content=\"MotherToBaby\" \/>\n<meta property=\"article:modified_time\" content=\"2026-03-17T17:44:51+00:00\" \/>\n<meta property=\"og:image\" content=\"https:\/\/mothertobaby.org\/wp-content\/uploads\/2026\/03\/radiation-in-pregnancy-en.jpg\" \/>\n\t<meta property=\"og:image:width\" content=\"720\" \/>\n\t<meta property=\"og:image:height\" content=\"720\" \/>\n\t<meta property=\"og:image:type\" content=\"image\/jpeg\" \/>\n<meta name=\"twitter:card\" content=\"summary_large_image\" \/>\n<meta name=\"twitter:label1\" content=\"Tiempo de lectura\" \/>\n\t<meta name=\"twitter:data1\" content=\"1 minuto\" \/>\n<script type=\"application\/ld+json\" class=\"yoast-schema-graph\">{\"@context\":\"https:\/\/schema.org\",\"@graph\":[{\"@type\":\"WebPage\",\"@id\":\"https:\/\/mothertobaby.org\/es\/product\/grafico-radiacion-en-el-embarazo\/\",\"url\":\"https:\/\/mothertobaby.org\/es\/product\/grafico-radiacion-en-el-embarazo\/\",\"name\":\"Gr\u00e1fico: Radiaci\u00f3n en el embarazo - MotherToBaby\",\"isPartOf\":{\"@id\":\"https:\/\/mothertobaby.org\/es\/#website\"},\"datePublished\":\"2026-03-16T22:53:59+00:00\",\"dateModified\":\"2026-03-17T17:44:51+00:00\",\"breadcrumb\":{\"@id\":\"https:\/\/mothertobaby.org\/es\/product\/grafico-radiacion-en-el-embarazo\/#breadcrumb\"},\"inLanguage\":\"es\",\"potentialAction\":[{\"@type\":\"ReadAction\",\"target\":[\"https:\/\/mothertobaby.org\/es\/product\/grafico-radiacion-en-el-embarazo\/\"]}]},{\"@type\":\"BreadcrumbList\",\"@id\":\"https:\/\/mothertobaby.org\/es\/product\/grafico-radiacion-en-el-embarazo\/#breadcrumb\",\"itemListElement\":[{\"@type\":\"ListItem\",\"position\":1,\"name\":\"Home\",\"item\":\"https:\/\/mothertobaby.org\/es\/\"},{\"@type\":\"ListItem\",\"position\":2,\"name\":\"Productos\",\"item\":\"https:\/\/mothertobaby.org\/es\/shop\/\"},{\"@type\":\"ListItem\",\"position\":3,\"name\":\"Gr\u00e1fico: Radiaci\u00f3n en el embarazo\"}]},{\"@type\":\"WebSite\",\"@id\":\"https:\/\/mothertobaby.org\/es\/#website\",\"url\":\"https:\/\/mothertobaby.org\/es\/\",\"name\":\"MotherToBaby\",\"description\":\"Medications and More during pregnancy and breastfeeding\",\"publisher\":{\"@id\":\"https:\/\/mothertobaby.org\/es\/#organization\"},\"potentialAction\":[{\"@type\":\"SearchAction\",\"target\":{\"@type\":\"EntryPoint\",\"urlTemplate\":\"https:\/\/mothertobaby.org\/es\/?s={search_term_string}\"},\"query-input\":\"required name=search_term_string\"}],\"inLanguage\":\"es\"},{\"@type\":\"Organization\",\"@id\":\"https:\/\/mothertobaby.org\/es\/#organization\",\"name\":\"MotherToBaby\",\"url\":\"https:\/\/mothertobaby.org\/es\/\",\"logo\":{\"@type\":\"ImageObject\",\"inLanguage\":\"es\",\"@id\":\"https:\/\/mothertobaby.org\/es\/#\/schema\/logo\/image\/\",\"url\":\"https:\/\/mothertobaby.org\/wp-content\/uploads\/2023\/06\/MTB-horz-copyright-sm-1.png\",\"contentUrl\":\"https:\/\/mothertobaby.org\/wp-content\/uploads\/2023\/06\/MTB-horz-copyright-sm-1.png\",\"width\":284,\"height\":52,\"caption\":\"MotherToBaby\"},\"image\":{\"@id\":\"https:\/\/mothertobaby.org\/es\/#\/schema\/logo\/image\/\"}}]}<\/script>\n<!-- \/ Yoast SEO Premium plugin. -->","yoast_head_json":{"title":"Gr\u00e1fico: Radiaci\u00f3n en el embarazo - MotherToBaby","robots":{"index":"index","follow":"follow","max-snippet":"max-snippet:-1","max-image-preview":"max-image-preview:large","max-video-preview":"max-video-preview:-1"},"canonical":"https:\/\/mothertobaby.org\/es\/product\/grafico-radiacion-en-el-embarazo\/","og_locale":"es_ES","og_type":"article","og_title":"Gr\u00e1fico: Radiaci\u00f3n en el embarazo","og_description":"Esta infograf\u00eda sobre radiaci\u00f3n, desarrollada en colaboraci\u00f3n con la Health Physics Society, ilustra fuentes comunes de radiaci\u00f3n e indica si pueden ser motivo de preocupaci\u00f3n en el embarazo. Descargar versi\u00f3n en ingl\u00e9s Descargar versi\u00f3n en espa\u00f1ol","og_url":"https:\/\/mothertobaby.org\/es\/product\/grafico-radiacion-en-el-embarazo\/","og_site_name":"MotherToBaby","article_modified_time":"2026-03-17T17:44:51+00:00","og_image":[{"width":720,"height":720,"url":"https:\/\/mothertobaby.org\/wp-content\/uploads\/2026\/03\/radiation-in-pregnancy-en.jpg","type":"image\/jpeg"}],"twitter_card":"summary_large_image","twitter_misc":{"Tiempo de lectura":"1 minuto"},"schema":{"@context":"https:\/\/schema.org","@graph":[{"@type":"WebPage","@id":"https:\/\/mothertobaby.org\/es\/product\/grafico-radiacion-en-el-embarazo\/","url":"https:\/\/mothertobaby.org\/es\/product\/grafico-radiacion-en-el-embarazo\/","name":"Gr\u00e1fico: Radiaci\u00f3n en el embarazo - MotherToBaby","isPartOf":{"@id":"https:\/\/mothertobaby.org\/es\/#website"},"datePublished":"2026-03-16T22:53:59+00:00","dateModified":"2026-03-17T17:44:51+00:00","breadcrumb":{"@id":"https:\/\/mothertobaby.org\/es\/product\/grafico-radiacion-en-el-embarazo\/#breadcrumb"},"inLanguage":"es","potentialAction":[{"@type":"ReadAction","target":["https:\/\/mothertobaby.org\/es\/product\/grafico-radiacion-en-el-embarazo\/"]}]},{"@type":"BreadcrumbList","@id":"https:\/\/mothertobaby.org\/es\/product\/grafico-radiacion-en-el-embarazo\/#breadcrumb","itemListElement":[{"@type":"ListItem","position":1,"name":"Home","item":"https:\/\/mothertobaby.org\/es\/"},{"@type":"ListItem","position":2,"name":"Productos","item":"https:\/\/mothertobaby.org\/es\/shop\/"},{"@type":"ListItem","position":3,"name":"Gr\u00e1fico: Radiaci\u00f3n en el embarazo"}]},{"@type":"WebSite","@id":"https:\/\/mothertobaby.org\/es\/#website","url":"https:\/\/mothertobaby.org\/es\/","name":"MotherToBaby","description":"Medications and More during pregnancy and breastfeeding","publisher":{"@id":"https:\/\/mothertobaby.org\/es\/#organization"},"potentialAction":[{"@type":"SearchAction","target":{"@type":"EntryPoint","urlTemplate":"https:\/\/mothertobaby.org\/es\/?s={search_term_string}"},"query-input":"required name=search_term_string"}],"inLanguage":"es"},{"@type":"Organization","@id":"https:\/\/mothertobaby.org\/es\/#organization","name":"MotherToBaby","url":"https:\/\/mothertobaby.org\/es\/","logo":{"@type":"ImageObject","inLanguage":"es","@id":"https:\/\/mothertobaby.org\/es\/#\/schema\/logo\/image\/","url":"https:\/\/mothertobaby.org\/wp-content\/uploads\/2023\/06\/MTB-horz-copyright-sm-1.png","contentUrl":"https:\/\/mothertobaby.org\/wp-content\/uploads\/2023\/06\/MTB-horz-copyright-sm-1.png","width":284,"height":52,"caption":"MotherToBaby"},"image":{"@id":"https:\/\/mothertobaby.org\/es\/#\/schema\/logo\/image\/"}}]}},"_links":{"self":[{"href":"https:\/\/mothertobaby.org\/es\/wp-json\/wp\/v2\/product\/17065","targetHints":{"allow":["GET"]}}],"collection":[{"href":"https:\/\/mothertobaby.org\/es\/wp-json\/wp\/v2\/product"}],"about":[{"href":"https:\/\/mothertobaby.org\/es\/wp-json\/wp\/v2\/types\/product"}],"replies":[{"embeddable":true,"href":"https:\/\/mothertobaby.org\/es\/wp-json\/wp\/v2\/comments?post=17065"}],"wp:featuredmedia":[{"embeddable":true,"href":"https:\/\/mothertobaby.org\/es\/wp-json\/wp\/v2\/media\/16983"}],"wp:attachment":[{"href":"https:\/\/mothertobaby.org\/es\/wp-json\/wp\/v2\/media?parent=17065"}],"wp:term":[{"taxonomy":"product_brand","embeddable":true,"href":"https:\/\/mothertobaby.org\/es\/wp-json\/wp\/v2\/product_brand?post=17065"},{"taxonomy":"product_cat","embeddable":true,"href":"https:\/\/mothertobaby.org\/es\/wp-json\/wp\/v2\/product_cat?post=17065"},{"taxonomy":"product_tag","embeddable":true,"href":"https:\/\/mothertobaby.org\/es\/wp-json\/wp\/v2\/product_tag?post=17065"}],"curies":[{"name":"wp","href":"https:\/\/api.w.org\/{rel}","templated":true}]}}